{"id":1441943,"date":"2023-12-05T11:40:43","date_gmt":"2023-12-05T11:40:43","guid":{"rendered":"https:\/\/talkpal.ai\/shahaadooyinka-luuqadda-jarmalka\/"},"modified":"2026-01-07T15:05:10","modified_gmt":"2026-01-07T15:05:10","slug":"shahaadooyinka-luuqadda-jarmalka","status":"publish","type":"page","link":"https:\/\/talkpal.ai\/so\/shahaadooyinka-luuqadda-jarmalka\/","title":{"rendered":"Shahaadooyinka Luuqadda Jarmalka"},"content":{"rendered":"\r\n\r\n\r\n<section class=\"languageChallengeSection\">\r\n    <div class=\"languageInfoWrapper\">\r\n        \r\n        <h1>Shahaadooyinka Luuqadda Jarmalka<\/h1>\r\n        <p>TalkPal waa barnaamij barasho luuqadeed oo AI ay soo saartay kaasoo ka caawin kara isticmaalayaasha inay u diyaar garoobaan imtixaannadan Luqadda Ingiriisiga. Iyada oo diiradda koowaad la saarayo horumarinta xirfadaha hadalka iyo dhegeysiga, TalkPal waxa ay bixisa wada sheekaysi is dhexgal oo macquul ah iyo ku dhaqanka ku dhawaaqida. Dabeecaddeeda AI waxay ogolaataa jawaab celin shaqsiyeed, ka caawinta isticmaalayaasha inay fahmaan horumarkooda iyo meelaha ay ku horumariyaan. Aqoonta luqadda Jarmalka waxaa badanaa lagu qiimeeyaa dhowr imtixaan sida TestDaF, Goethe-Zertifikat, DSH, \u00d6SD, iyo telc. Imtixaanadan waxay bixiyaan qiimaynta kartida qofka aan ku hadlin afka Jarmalka waxaana si wayn loogu aqoonsan yahay shahaadooyinka aqoonta rasmiga ah. Imtixaan kastaa wuxuu leeyahay sifooyin gaar ah oo ka duwan kuwa kale marka la eego heerka aqoonta luqadda, adeegsiga codsiga, iyo nidaamka dhibcaha.<\/p>\r\n\r\n                \r\n    <\/div>\r\n\r\n    <figure>\r\n    <img decoding=\"async\" width=\"768\" height=\"768\" src=\"https:\/\/talkpal.ai\/wp-content\/uploads\/2026\/01\/group-with-phone-in-circle-768x768.webp\" class=\"languageImage no-lazy\" alt=\"Default alt text\" fetchpriority=\"high\" sizes=\"(max-width: 768px) 150px, 768px\" srcset=\"https:\/\/talkpal.ai\/wp-content\/uploads\/2026\/01\/group-with-phone-in-circle-768x768.webp 768w, https:\/\/talkpal.ai\/wp-content\/uploads\/2026\/01\/group-with-phone-in-circle-300x300.webp 300w\" \/>\r\n    \r\n\r\n    <\/figure>\r\n\r\n    \r\n<\/section>\n<div class=\"wp-block-group pageContainerStyle\"><div class=\"wp-block-group__inner-container is-layout-constrained wp-block-group-is-layout-constrained\">\n<h2 class=\"wp-block-heading\" id=\"h-german-language-certificates\">Shahaadooyinka Luuqadda Jarmalka<\/h2>\n\n\n\r\n                    <div class=\"methodWraper\">\r\n            <div class=\"methodContent\">\r\n                <img decoding=\"async\" src=\"https:\/\/talkpal.ai\/wp-content\/uploads\/2025\/05\/check_icon.png\" alt=\"Checkmark Icon\">\r\n                <h3>TestDaF:<\/h3>\r\n            <\/div>\r\n            <p>TestDaF (Test Deutsch als Fremdsprache): Kani waa imtixaan heersare ah oo loogu talagalay ardayda ajaanibka ah ee Jarmalka ah kuwaas oo qorsheynaya inay wax ku bartaan ama ku sameeyaan cilmi baaris gudaha Jarmalka. Imtixaanku wuxuu tijaabiyaa aqoonta musharraxa dhammaan afarta dhinac ee barashada luqadda &#8211; akhrinta, qorista, dhegeysiga, iyo ku hadalka.<\/p>\r\n        <\/div>\r\n                    <div class=\"methodWraper\">\r\n            <div class=\"methodContent\">\r\n                <img decoding=\"async\" src=\"https:\/\/talkpal.ai\/wp-content\/uploads\/2025\/05\/check_icon.png\" alt=\"Checkmark Icon\">\r\n                <h3>Goethe-Zertifikat:<\/h3>\r\n            <\/div>\r\n            <p>Goethe-Zertifikat waa laga aqoonsan yahay adduunka oo dhan, imtixaanka Goethe-Zertifikat wuxuu leeyahay heerar kala duwan oo kala duwan si loo waafajiyo heerka aqoonta ardayda kala duwan. Waxa kale oo loo qaybiyaa lix qaybood: A1 (bilow), A2, B1, B2, C1, iyo C2 (sare).<\/p>\r\n        <\/div>\r\n                    <div class=\"methodWraper\">\r\n            <div class=\"methodContent\">\r\n                <img decoding=\"async\" src=\"https:\/\/talkpal.ai\/wp-content\/uploads\/2025\/05\/check_icon.png\" alt=\"Checkmark Icon\">\r\n                <h3>DSH:<\/h3>\r\n            <\/div>\r\n            <p>DSH (Deutsche Sprachpr\u00fcfung f\u00fcr den Hochschulzugang): Imtixaankan waxaa loogu talagalay kuwa raba inay wax ka bartaan jaamacad Jarmal ah oo u baahan inay muujiyaan aqoontooda luqadeed. DSH sida caadiga ah waxaa lagu bixiyaa jaamacadaha, iyo summada baadhida inta badan waa mid aad u sareysa.<\/p>\r\n        <\/div>\r\n                    <div class=\"methodWraper\">\r\n            <div class=\"methodContent\">\r\n                <img decoding=\"async\" src=\"https:\/\/talkpal.ai\/wp-content\/uploads\/2025\/05\/check_icon.png\" alt=\"Checkmark Icon\">\r\n                <h3>\u00d6SD:<\/h3>\r\n            <\/div>\r\n            <p>\u00d6SD (\u00d6sterreichisches Sprachdiplom Deutsch): Shahaadada \u00d6SD waxay bixisaa caddayn caalami ah oo la aqoonsan yahay oo ku saabsan awoodda luqadda Jarmalka. Imtixaano kala duwan oo lagu qaado heerar aqooneed oo kala duwan, waa doorasho caan ah oo dhexmarta ardyada ujeedadoodu tahay faham ballaaran oo luqadda Jarmalka ah.<\/p>\r\n        <\/div>\r\n                    <div class=\"methodWraper\">\r\n            <div class=\"methodContent\">\r\n                <img decoding=\"async\" src=\"https:\/\/talkpal.ai\/wp-content\/uploads\/2025\/05\/check_icon.png\" alt=\"Checkmark Icon\">\r\n                <h3>telc:<\/h3>\r\n            <\/div>\r\n            <p>telc (Shahaadaha Luuqadaha Yurub): Kani waa nidaam kale oo heer caalami ah oo lagu baadho aqoonta luqadda. telc waxay bixisaa shahaado heer kasta ah, laga bilaabo A1 ilaa C2. Diiradadu waxay ku wajahan tahay nolol maalmeedka iyo xaaladaha goobta shaqada, taasoo ka dhigaysa shahaado mid faa&#039;iido gaar ah u leh kuwa shaqo ka raadsada wadamada Jarmalka ku hadla.<\/p>\r\n        <\/div>\r\n    <\/div><\/div>\n","protected":false},"excerpt":{"rendered":"<p>Shahaadooyinka Luuqadda Jarmalka<\/p>\n","protected":false},"author":8,"featured_media":1440360,"parent":0,"menu_order":0,"comment_status":"closed","ping_status":"closed","template":"simpleContentPage.php","meta":{"_acf_changed":false,"footnotes":""},"class_list":["post-1441943","page","type-page","status-publish","has-post-thumbnail","hentry"],"acf":[],"yoast_head":"<!-- This site is optimized with the Yoast SEO Premium plugin v27.2 (Yoast SEO v27.2) - https:\/\/yoast.com\/product\/yoast-seo-premium-wordpress\/ -->\n<title>Shahaadooyinka Luuqadda Jarmalka - Talkpal<\/title>\n<meta name=\"description\" content=\"Hel Shahaadooyinka Luuqadda Jarmalka ee la aqoonsan yahay - ansixi xirfadahaaga oo dar-dargeli xirfaddaada!\" \/>\n<meta name=\"robots\" content=\"index, follow, max-snippet:-1, max-image-preview:large, max-video-preview:-1\" \/>\n<link rel=\"canonical\" href=\"https:\/\/talkpal.ai\/so\/shahaadooyinka-luuqadda-jarmalka\/\" \/>\n<meta property=\"og:locale\" content=\"so_SO\" \/>\n<meta property=\"og:type\" content=\"article\" \/>\n<meta property=\"og:title\" content=\"Shahaadooyinka Luuqadda Jarmalka\" \/>\n<meta property=\"og:description\" content=\"Shahaadooyinka Luuqadda Jarmalka\" \/>\n<meta property=\"og:url\" content=\"https:\/\/talkpal.ai\/so\/shahaadooyinka-luuqadda-jarmalka\/\" \/>\n<meta property=\"og:site_name\" content=\"Talkpal\" \/>\n<meta property=\"article:publisher\" content=\"https:\/\/www.facebook.com\/profile.php?id=100090733639311\" \/>\n<meta property=\"article:modified_time\" content=\"2026-01-07T15:05:10+00:00\" \/>\n<meta property=\"og:image\" content=\"https:\/\/talkpal.ai\/wp-content\/uploads\/2023\/03\/germany.png\" \/>\n\t<meta property=\"og:image:width\" content=\"512\" \/>\n\t<meta property=\"og:image:height\" content=\"512\" \/>\n\t<meta property=\"og:image:type\" content=\"image\/png\" \/>\n<meta name=\"twitter:card\" content=\"summary_large_image\" \/>\n<meta name=\"twitter:site\" content=\"@talkpalai\" \/>\n<script type=\"application\/ld+json\" class=\"yoast-schema-graph\">{\"@context\":\"https:\/\/schema.org\",\"@graph\":[{\"@type\":\"WebPage\",\"@id\":\"https:\/\/talkpal.ai\/so\/shahaadooyinka-luuqadda-jarmalka\/\",\"url\":\"https:\/\/talkpal.ai\/so\/shahaadooyinka-luuqadda-jarmalka\/\",\"name\":\"Shahaadooyinka Luuqadda Jarmalka - Talkpal\",\"isPartOf\":{\"@id\":\"https:\/\/talkpal.ai\/so\/#website\"},\"primaryImageOfPage\":{\"@id\":\"https:\/\/talkpal.ai\/so\/shahaadooyinka-luuqadda-jarmalka\/#primaryimage\"},\"image\":{\"@id\":\"https:\/\/talkpal.ai\/so\/shahaadooyinka-luuqadda-jarmalka\/#primaryimage\"},\"thumbnailUrl\":\"https:\/\/talkpal.ai\/wp-content\/uploads\/2023\/03\/germany.png\",\"datePublished\":\"2023-12-05T11:40:43+00:00\",\"dateModified\":\"2026-01-07T15:05:10+00:00\",\"description\":\"Hel Shahaadooyinka Luuqadda Jarmalka ee la aqoonsan yahay - ansixi xirfadahaaga oo dar-dargeli xirfaddaada!\",\"breadcrumb\":{\"@id\":\"https:\/\/talkpal.ai\/so\/shahaadooyinka-luuqadda-jarmalka\/#breadcrumb\"},\"inLanguage\":\"so-SO\",\"potentialAction\":[{\"@type\":\"ReadAction\",\"target\":[\"https:\/\/talkpal.ai\/so\/shahaadooyinka-luuqadda-jarmalka\/\"]}]},{\"@type\":\"ImageObject\",\"inLanguage\":\"so-SO\",\"@id\":\"https:\/\/talkpal.ai\/so\/shahaadooyinka-luuqadda-jarmalka\/#primaryimage\",\"url\":\"https:\/\/talkpal.ai\/wp-content\/uploads\/2023\/03\/germany.png\",\"contentUrl\":\"https:\/\/talkpal.ai\/wp-content\/uploads\/2023\/03\/germany.png\",\"width\":512,\"height\":512,\"caption\":\"TalkPal AI learn German\"},{\"@type\":\"BreadcrumbList\",\"@id\":\"https:\/\/talkpal.ai\/so\/shahaadooyinka-luuqadda-jarmalka\/#breadcrumb\",\"itemListElement\":[{\"@type\":\"ListItem\",\"position\":1,\"name\":\"Homepage\",\"item\":\"https:\/\/talkpal.ai\/so\/\"},{\"@type\":\"ListItem\",\"position\":2,\"name\":\"Shahaadooyinka Luuqadda Jarmalka\"}]},{\"@type\":\"WebSite\",\"@id\":\"https:\/\/talkpal.ai\/so\/#website\",\"url\":\"https:\/\/talkpal.ai\/so\/\",\"name\":\"Talkpal\",\"description\":\"AI Language Learning\",\"publisher\":{\"@id\":\"https:\/\/talkpal.ai\/so\/#organization\"},\"alternateName\":\"Talkpal AI\",\"potentialAction\":[{\"@type\":\"SearchAction\",\"target\":{\"@type\":\"EntryPoint\",\"urlTemplate\":\"https:\/\/talkpal.ai\/so\/?s={search_term_string}\"},\"query-input\":{\"@type\":\"PropertyValueSpecification\",\"valueRequired\":true,\"valueName\":\"search_term_string\"}}],\"inLanguage\":\"so-SO\"},{\"@type\":\"Organization\",\"@id\":\"https:\/\/talkpal.ai\/so\/#organization\",\"name\":\"Talkpal, Inc.\",\"alternateName\":\"Talkpal AI\",\"url\":\"https:\/\/talkpal.ai\/so\/\",\"logo\":{\"@type\":\"ImageObject\",\"inLanguage\":\"so-SO\",\"@id\":\"https:\/\/talkpal.ai\/so\/#\/schema\/logo\/image\/\",\"url\":\"https:\/\/talkpal.ai\/wp-content\/uploads\/2024\/03\/Talkpal-Logo-Icon.png\",\"contentUrl\":\"https:\/\/talkpal.ai\/wp-content\/uploads\/2024\/03\/Talkpal-Logo-Icon.png\",\"width\":2880,\"height\":2880,\"caption\":\"Talkpal, Inc.\"},\"image\":{\"@id\":\"https:\/\/talkpal.ai\/so\/#\/schema\/logo\/image\/\"},\"sameAs\":[\"https:\/\/www.facebook.com\/profile.php?id=100090733639311\",\"https:\/\/x.com\/talkpalai\",\"https:\/\/www.linkedin.com\/company\/talkpal\/\",\"https:\/\/www.youtube.com\/@TalkPal\/\",\"https:\/\/www.tiktok.com\/@talkpal\",\"https:\/\/www.instagram.com\/talkpal_ai\/\",\"https:\/\/www.crunchbase.com\/organization\/talkpal-9cde\",\"https:\/\/www.g2.com\/products\/talkpal-for-business\/\",\"https:\/\/www.trustpilot.com\/review\/talkpal.ai\",\"https:\/\/www.capterra.com\/p\/10006800\/TalkPal\/\"],\"description\":\"Talkpal is a language learning web and mobile education app, powered by the latest AI technologies, that provides engaging experiences to its customers in many different languages to help them improve their language skills. Users can chat about unlimited amount of topics with the app and use other modes to practice their language learning.\",\"email\":\"support@talkpal.ai\",\"legalName\":\"Talkpal, Inc.\",\"foundingDate\":\"2023-04-03\",\"duns\":\"118989042\",\"numberOfEmployees\":{\"@type\":\"QuantitativeValue\",\"minValue\":\"11\",\"maxValue\":\"50\"},\"publishingPrinciples\":\"https:\/\/talkpal.ai\/publishing-principles\/\",\"actionableFeedbackPolicy\":\"https:\/\/talkpal.ai\/actionable-feedback-policy\/\",\"correctionsPolicy\":\"https:\/\/talkpal.ai\/corrections-policy\/\",\"ethicsPolicy\":\"https:\/\/talkpal.ai\/ethics-policy\/\",\"diversityPolicy\":\"https:\/\/talkpal.ai\/diversity-policy\/\",\"diversityStaffingReport\":\"https:\/\/talkpal.ai\/diversity-policy\/\"}]}<\/script>\n<!-- \/ Yoast SEO Premium plugin. -->","yoast_head_json":{"title":"Shahaadooyinka Luuqadda Jarmalka - Talkpal","description":"Hel Shahaadooyinka Luuqadda Jarmalka ee la aqoonsan yahay - ansixi xirfadahaaga oo dar-dargeli xirfaddaada!","robots":{"index":"index","follow":"follow","max-snippet":"max-snippet:-1","max-image-preview":"max-image-preview:large","max-video-preview":"max-video-preview:-1"},"canonical":"https:\/\/talkpal.ai\/so\/shahaadooyinka-luuqadda-jarmalka\/","og_locale":"so_SO","og_type":"article","og_title":"Shahaadooyinka Luuqadda Jarmalka","og_description":"Shahaadooyinka Luuqadda Jarmalka","og_url":"https:\/\/talkpal.ai\/so\/shahaadooyinka-luuqadda-jarmalka\/","og_site_name":"Talkpal","article_publisher":"https:\/\/www.facebook.com\/profile.php?id=100090733639311","article_modified_time":"2026-01-07T15:05:10+00:00","og_image":[{"width":512,"height":512,"url":"https:\/\/talkpal.ai\/wp-content\/uploads\/2023\/03\/germany.png","type":"image\/png"}],"twitter_card":"summary_large_image","twitter_site":"@talkpalai","schema":{"@context":"https:\/\/schema.org","@graph":[{"@type":"WebPage","@id":"https:\/\/talkpal.ai\/so\/shahaadooyinka-luuqadda-jarmalka\/","url":"https:\/\/talkpal.ai\/so\/shahaadooyinka-luuqadda-jarmalka\/","name":"Shahaadooyinka Luuqadda Jarmalka - Talkpal","isPartOf":{"@id":"https:\/\/talkpal.ai\/so\/#website"},"primaryImageOfPage":{"@id":"https:\/\/talkpal.ai\/so\/shahaadooyinka-luuqadda-jarmalka\/#primaryimage"},"image":{"@id":"https:\/\/talkpal.ai\/so\/shahaadooyinka-luuqadda-jarmalka\/#primaryimage"},"thumbnailUrl":"https:\/\/talkpal.ai\/wp-content\/uploads\/2023\/03\/germany.png","datePublished":"2023-12-05T11:40:43+00:00","dateModified":"2026-01-07T15:05:10+00:00","description":"Hel Shahaadooyinka Luuqadda Jarmalka ee la aqoonsan yahay - ansixi xirfadahaaga oo dar-dargeli xirfaddaada!","breadcrumb":{"@id":"https:\/\/talkpal.ai\/so\/shahaadooyinka-luuqadda-jarmalka\/#breadcrumb"},"inLanguage":"so-SO","potentialAction":[{"@type":"ReadAction","target":["https:\/\/talkpal.ai\/so\/shahaadooyinka-luuqadda-jarmalka\/"]}]},{"@type":"ImageObject","inLanguage":"so-SO","@id":"https:\/\/talkpal.ai\/so\/shahaadooyinka-luuqadda-jarmalka\/#primaryimage","url":"https:\/\/talkpal.ai\/wp-content\/uploads\/2023\/03\/germany.png","contentUrl":"https:\/\/talkpal.ai\/wp-content\/uploads\/2023\/03\/germany.png","width":512,"height":512,"caption":"TalkPal AI learn German"},{"@type":"BreadcrumbList","@id":"https:\/\/talkpal.ai\/so\/shahaadooyinka-luuqadda-jarmalka\/#breadcrumb","itemListElement":[{"@type":"ListItem","position":1,"name":"Homepage","item":"https:\/\/talkpal.ai\/so\/"},{"@type":"ListItem","position":2,"name":"Shahaadooyinka Luuqadda Jarmalka"}]},{"@type":"WebSite","@id":"https:\/\/talkpal.ai\/so\/#website","url":"https:\/\/talkpal.ai\/so\/","name":"Talkpal","description":"AI Language Learning","publisher":{"@id":"https:\/\/talkpal.ai\/so\/#organization"},"alternateName":"Talkpal AI","potentialAction":[{"@type":"SearchAction","target":{"@type":"EntryPoint","urlTemplate":"https:\/\/talkpal.ai\/so\/?s={search_term_string}"},"query-input":{"@type":"PropertyValueSpecification","valueRequired":true,"valueName":"search_term_string"}}],"inLanguage":"so-SO"},{"@type":"Organization","@id":"https:\/\/talkpal.ai\/so\/#organization","name":"Talkpal, Inc.","alternateName":"Talkpal AI","url":"https:\/\/talkpal.ai\/so\/","logo":{"@type":"ImageObject","inLanguage":"so-SO","@id":"https:\/\/talkpal.ai\/so\/#\/schema\/logo\/image\/","url":"https:\/\/talkpal.ai\/wp-content\/uploads\/2024\/03\/Talkpal-Logo-Icon.png","contentUrl":"https:\/\/talkpal.ai\/wp-content\/uploads\/2024\/03\/Talkpal-Logo-Icon.png","width":2880,"height":2880,"caption":"Talkpal, Inc."},"image":{"@id":"https:\/\/talkpal.ai\/so\/#\/schema\/logo\/image\/"},"sameAs":["https:\/\/www.facebook.com\/profile.php?id=100090733639311","https:\/\/x.com\/talkpalai","https:\/\/www.linkedin.com\/company\/talkpal\/","https:\/\/www.youtube.com\/@TalkPal\/","https:\/\/www.tiktok.com\/@talkpal","https:\/\/www.instagram.com\/talkpal_ai\/","https:\/\/www.crunchbase.com\/organization\/talkpal-9cde","https:\/\/www.g2.com\/products\/talkpal-for-business\/","https:\/\/www.trustpilot.com\/review\/talkpal.ai","https:\/\/www.capterra.com\/p\/10006800\/TalkPal\/"],"description":"Talkpal is a language learning web and mobile education app, powered by the latest AI technologies, that provides engaging experiences to its customers in many different languages to help them improve their language skills. Users can chat about unlimited amount of topics with the app and use other modes to practice their language learning.","email":"support@talkpal.ai","legalName":"Talkpal, Inc.","foundingDate":"2023-04-03","duns":"118989042","numberOfEmployees":{"@type":"QuantitativeValue","minValue":"11","maxValue":"50"},"publishingPrinciples":"https:\/\/talkpal.ai\/publishing-principles\/","actionableFeedbackPolicy":"https:\/\/talkpal.ai\/actionable-feedback-policy\/","correctionsPolicy":"https:\/\/talkpal.ai\/corrections-policy\/","ethicsPolicy":"https:\/\/talkpal.ai\/ethics-policy\/","diversityPolicy":"https:\/\/talkpal.ai\/diversity-policy\/","diversityStaffingReport":"https:\/\/talkpal.ai\/diversity-policy\/"}]}},"_links":{"self":[{"href":"https:\/\/talkpal.ai\/so\/wp-json\/wp\/v2\/pages\/1441943","targetHints":{"allow":["GET"]}}],"collection":[{"href":"https:\/\/talkpal.ai\/so\/wp-json\/wp\/v2\/pages"}],"about":[{"href":"https:\/\/talkpal.ai\/so\/wp-json\/wp\/v2\/types\/page"}],"author":[{"embeddable":true,"href":"https:\/\/talkpal.ai\/so\/wp-json\/wp\/v2\/users\/8"}],"replies":[{"embeddable":true,"href":"https:\/\/talkpal.ai\/so\/wp-json\/wp\/v2\/comments?post=1441943"}],"version-history":[{"count":0,"href":"https:\/\/talkpal.ai\/so\/wp-json\/wp\/v2\/pages\/1441943\/revisions"}],"wp:featuredmedia":[{"embeddable":true,"href":"https:\/\/talkpal.ai\/so\/wp-json\/wp\/v2\/media\/1440360"}],"wp:attachment":[{"href":"https:\/\/talkpal.ai\/so\/wp-json\/wp\/v2\/media?parent=1441943"}],"curies":[{"name":"wp","href":"https:\/\/api.w.org\/{rel}","templated":true}]}}