{"id":91996,"date":"2023-06-14T13:25:23","date_gmt":"2023-06-14T13:25:23","guid":{"rendered":"http:\/\/talkpal.ai\/vaje-iz-angleske-slovnice\/"},"modified":"2025-12-17T16:34:10","modified_gmt":"2025-12-17T16:34:10","slug":"vaje-iz-angleske-slovnice","status":"publish","type":"page","link":"https:\/\/talkpal.ai\/sl\/vaje-iz-angleske-slovnice\/","title":{"rendered":"Vaje iz angle\u0161ke slovnice"},"content":{"rendered":"\r\n\r\n\r\n<section class=\"languageChallengeSection\">\r\n    <div class=\"languageInfoWrapper\">\r\n        \r\n        <h1>Vaje iz angle\u0161ke slovnice<\/h1>\r\n        <p>\u017delite pove\u010dati svojo samozavest pri angle\u0161\u010dini? S slovni\u010dnimi vajami lahko izbolj\u0161ate razumevanje slovni\u010dnih pravil, pravilno uporabljate glagole in raz\u0161irite besedni zaklad. \u0160e danes za\u010dnite vaditi angle\u0161ko slovnico in z vsako vajo opazujte, kako se va\u0161e znanje in teko\u010dnost pove\u010dujeta!\n\n<\/p>\r\n\r\n                            <a class=\"getStartedHidden\" href=\"https:\/\/app.talkpal.ai\/sl\/signup?lng=\">Za\u010dni<\/a>\r\n        \r\n    <\/div>\r\n\r\n    <figure>\r\n    <img decoding=\"async\" width=\"768\" height=\"768\" src=\"https:\/\/talkpal.ai\/wp-content\/uploads\/2023\/06\/English-768x768.png\" class=\"languageImage no-lazy\" alt=\"Language learning for improved multitasking\" fetchpriority=\"high\" sizes=\"(max-width: 768px) 150px, 768px\" srcset=\"https:\/\/talkpal.ai\/wp-content\/uploads\/2023\/06\/English-768x768.png 768w, https:\/\/talkpal.ai\/wp-content\/uploads\/2023\/06\/English-300x300.png 300w\" \/>\r\n    \r\n\r\n    <\/figure>\r\n\r\n            <a class=\"getStartedVisible\" href=\"https:\/\/app.talkpal.ai\/sl\/signup?lng=\">Za\u010dni<\/a>\r\n    \r\n<\/section>\r\n\r\n\r\n<!-- <section class=\"grammarSection\">\r\n    <div class=\"grammarLinks\">\r\n        <a href=\"https:\/\/talkpal.ai\/sl\/exercise_language\/casi-angleska-slovnica\/\">\u010casi <\/a><a href=\"https:\/\/talkpal.ai\/sl\/exercise_language\/clanki-angleska-slovnica\/\">\u010clanki <\/a><a href=\"https:\/\/talkpal.ai\/sl\/exercise_language\/glagoli-angleska-slovnica\/\">Glagoli <\/a><a href=\"https:\/\/talkpal.ai\/sl\/exercise_language\/kondicionali-angleska-slovnica\/\">Kondicionali <\/a><a href=\"https:\/\/talkpal.ai\/sl\/exercise_language\/predlogi-angleska-slovnica\/\">Predlogi <\/a><a href=\"https:\/\/talkpal.ai\/sl\/exercise_language\/pridevniki-angleska-slovnica\/\">Pridevniki <\/a><a href=\"https:\/\/talkpal.ai\/sl\/exercise_language\/primerjava-casa-angleska-slovnica\/\">Primerjava \u010dasa <\/a><a href=\"https:\/\/talkpal.ai\/sl\/exercise_language\/prislovi-angleska-slovnica\/\">Prislovi <\/a><a href=\"https:\/\/talkpal.ai\/sl\/exercise_language\/samostalniki-angleska-slovnica\/\">Samostalniki <\/a><a href=\"https:\/\/talkpal.ai\/sl\/exercise_language\/stavki-angleska-slovnica\/\">Stavki <\/a><a href=\"https:\/\/talkpal.ai\/sl\/exercise_language\/zaimki-dolocniki-angleska-slovnica\/\">Zaimki\/dolo\u010dniki <\/a>    <\/div>\r\n<\/section> -->\r\n\r\n\r\n\r\n\r\n        <section class=\"grammarSection\">\r\n            <div class=\"grammarLinks\">\r\n                <a href=\"https:\/\/talkpal.ai\/sl\/exercise_language\/casi-angleska-slovnica\/\">\u010casi <\/a><a href=\"https:\/\/talkpal.ai\/sl\/exercise_language\/clanki-angleska-slovnica\/\">\u010clanki <\/a><a href=\"https:\/\/talkpal.ai\/sl\/exercise_language\/glagoli-angleska-slovnica\/\">Glagoli <\/a><a href=\"https:\/\/talkpal.ai\/sl\/exercise_language\/kondicionali-angleska-slovnica\/\">Kondicionali <\/a><a href=\"https:\/\/talkpal.ai\/sl\/exercise_language\/predlogi-angleska-slovnica\/\">Predlogi <\/a><a href=\"https:\/\/talkpal.ai\/sl\/exercise_language\/pridevniki-angleska-slovnica\/\">Pridevniki <\/a><a href=\"https:\/\/talkpal.ai\/sl\/exercise_language\/primerjava-casa-angleska-slovnica\/\">Primerjava \u010dasa <\/a><a href=\"https:\/\/talkpal.ai\/sl\/exercise_language\/prislovi-angleska-slovnica\/\">Prislovi <\/a><a href=\"https:\/\/talkpal.ai\/sl\/exercise_language\/samostalniki-angleska-slovnica\/\">Samostalniki <\/a><a href=\"https:\/\/talkpal.ai\/sl\/exercise_language\/stavki-angleska-slovnica\/\">Stavki <\/a><a href=\"https:\/\/talkpal.ai\/sl\/exercise_language\/zaimki-dolocniki-angleska-slovnica\/\">Zaimki\/dolo\u010dniki <\/a>            <\/div>\r\n        <\/section>\r\n<section class=\"promotionalBanner\">\r\n    <p class=\"promotionalText\">Naju\u010dinkovitej\u0161i na\u010din u\u010denja jezika<\/p>\r\n    <a class=\"promotionalLink\" href=\"https:\/\/app.talkpal.ai\/sl\/signup?lng=\">Preizkusite Talkpal brezpla\u010dno<\/a>\r\n<\/section>\n<div class=\"wp-block-group pageContainerStyle\"><div class=\"wp-block-group__inner-container is-layout-constrained wp-block-group-is-layout-constrained\">\n<h2 class=\"wp-block-heading\" id=\"h-english-grammar-topics\">Teme angle\u0161ke slovnice<\/h2>\n\n\n\n<p><a href=\"https:\/\/talkpal.ai\/sl\/grammar\/clanki-v-angleski-slovnici\/\">Angle\u0161ka slovnica<\/a> je niz pravil in smernic, ki dolo\u010dajo strukturo angle\u0161kega jezika. Omogo\u010da nam jasno in u\u010dinkovito medsebojno komunikacijo. Pri u\u010denju angle\u0161\u010dine je razumevanje slovnice bistveno za razvoj mo\u010dnih bralnih, pisnih in govornih sposobnosti. To potovanje bo obsegalo razli\u010dne slovni\u010dne komponente, kot so pridevniki, prislovi, \u010dlanki, pogoji, samostalniki, predlogi, zaimki\/determinatorji, stavki, primerjava napetosti, \u010dasi in glagoli. Razi\u0161\u010dimo vsako od teh tem v predlaganem zaporedju, da bo u\u010denje angle\u0161ke slovnice u\u010dinkovitej\u0161e in prijetnej\u0161e.<\/p>\n\n\n\n<h3 class=\"wp-block-heading\" id=\"h-1-nouns\">1. Samostalniki:<\/h3>\n\n\n\n<p>Samostalniki so najosnovnej\u0161i gradniki angle\u0161ke slovnice. To so besede, ki predstavljajo ljudi, kraje, stvari ali ideje. Razumevanje samostalnikov je bistveno za oblikovanje stavkov in posredovanje pomena v jeziku.<\/p>\n\n\n\n<h3 class=\"wp-block-heading\" id=\"h-2-pronouns-determiners\">2. Zaimki\/dolo\u010devalci:<\/h3>\n\n\n\n<p>Ko enkrat razumete samostalnike, je u\u010denje o zaimkih in determinatorjih naslednji korak. Zaimki nadome\u0161\u010dajo samostalnike v stavku, da bi se izognili ponavljanju, medtem ko determinatorji zagotavljajo informacije o samostalniku, na primer koli\u010dino ali posedovanje.<\/p>\n\n\n\n<h3 class=\"wp-block-heading\" id=\"h-3-verbs\">3. Glagoli:<\/h3>\n\n\n\n<p>Glagoli so akcijske besede, ki izra\u017eajo, kaj samostalnik po\u010dne ali do\u017eivlja. So klju\u010dni del vsakega stavka in razumevanje, kako delujejo, je bistveno za ustvarjanje jasnih in jedrnatih izjav.<\/p>\n\n\n\n<h3 class=\"wp-block-heading\" id=\"h-4-adjectives\">4. Pridevniki:<\/h3>\n\n\n\n<p>Pridevniki opisujejo ali spreminjajo samostalnike in dajejo ve\u010d informacij o njihovih lastnostih ali zna\u010dilnostih. U\u010denje u\u010dinkovite uporabe pridevnikov bo izbolj\u0161alo va\u0161o sposobnost sporazumevanja v angle\u0161\u010dini.<\/p>\n\n\n\n<h3 class=\"wp-block-heading\" id=\"h-5-adverbs\">5. Prislovi:<\/h3>\n\n\n\n<p>Prislovi so podobni pridevnikom, vendar spreminjajo glagole, pridevnike ali druge prislove. Pogosto opisujejo, kako, kdaj in kje se zgodi dejanje. Znanje uporabe prislovov bo va\u0161i angle\u0161ki komunikaciji dodalo globino in podrobnosti.<\/p>\n\n\n\n<h3 class=\"wp-block-heading\" id=\"h-6-prepositions\">6. Predlogi:<\/h3>\n\n\n\n<p>Predlogi so besede, ki prikazujejo razmerje med samostalniki, zaimki in drugimi besedami v stavku. Pomagajo zagotoviti kontekst, kot so lokacija, \u010das ali smer.<\/p>\n\n\n\n<h3 class=\"wp-block-heading\" id=\"h-7-articles\">7. \u010clanki:<\/h3>\n\n\n\n<p>\u010cleni so vrsta determinatorja, ki dolo\u010da, ali je samostalnik dolo\u010den ali nedolo\u010den. Pomembni so za pravilno oblikovanje stavkov in pomagajo pojasniti pomen izjave.<\/p>\n\n\n\n<h3 class=\"wp-block-heading\" id=\"h-8-tenses\">8. \u010casi:<\/h3>\n\n\n\n<p>\u010casi ozna\u010dujejo \u010das dejanja ali stanja bivanja. Poznavanje razli\u010dnih \u010dasov v angle\u0161\u010dini vam bo omogo\u010dilo natan\u010dno izra\u017eanje, ne glede na to, ali govorite o preteklosti, sedanjosti ali prihodnosti.<\/p>\n\n\n\n<h3 class=\"wp-block-heading\" id=\"h-9-tense-comparison\">9. Napeta primerjava:<\/h3>\n\n\n\n<p>Razumevanje primerjave napetosti je pomembno za primerjavo dejanj ali stanj v razli\u010dnih \u010dasovnih okvirih. Ta spretnost vam bo pomagala komunicirati kompleksne ideje in razviti naprednej\u0161e razumevanje angle\u0161ke slovnice.<\/p>\n\n\n\n<h3 class=\"wp-block-heading\" id=\"h-10-sentences\">10. Stavki:<\/h3>\n\n\n\n<p>Stavki so temelj pisne in govorne komunikacije v angle\u0161\u010dini. Na podlagi va\u0161ega znanja samostalnikov, glagolov in drugih slovni\u010dnih komponent vam bo spoznavanje stav\u010dne strukture omogo\u010dilo, da u\u010dinkovito prenesete svoje misli v jeziku.<\/p>\n\n\n\n<h3 class=\"wp-block-heading\" id=\"h-11-conditionals\">11. Pogoji:<\/h3>\n\n\n\n<p>Pogoji so stavki, ki izra\u017eajo stanje in njegove morebitne posledice. So napreden vidik angle\u0161ke slovnice, ki vam bo pomagal izraziti hipoteti\u010dne situacije in kompleksne ideje.<\/p>\n<\/div><\/div>\n\r\n<section class=\"learnNavigationSection\">\r\n            \r\n        <a href=\"https:\/\/talkpal.ai\/sl\/ucenje-anglescine\/\">\r\n            <div class=\"learnNavigationWrapper\">\r\n                <div class=\"learnNavigationContent\">\r\n                    <img decoding=\"async\" src=\"https:\/\/talkpal.ai\/wp-content\/uploads\/2024\/08\/English.jpg\" alt=\"English Flag\">\r\n                    <div>\r\n                        <h4>O u\u010denju angle\u0161\u010dine<\/h4>\r\n                        <p>Preberite vse o angle\u0161ki slovnici.<\/p>\r\n                    <\/div>\r\n                <\/div>\r\n            <\/div>\r\n        <\/a>\r\n\r\n        \r\n        <a href=\"https:\/\/talkpal.ai\/sl\/angleska-slovnica\/\">\r\n            <div class=\"learnNavigationWrapper\">\r\n                <div class=\"learnNavigationContent\">\r\n                    <img decoding=\"async\" src=\"https:\/\/talkpal.ai\/wp-content\/uploads\/2024\/08\/English.jpg\" alt=\"English Flag\">\r\n                    <div>\r\n                        <h4>Lekcije angle\u0161ke gramatike<\/h4>\r\n                        <p>Vaja angle\u0161\u010dine slovnica.<\/p>\r\n                    <\/div>\r\n                <\/div>\r\n            <\/div>\r\n        <\/a>\r\n\r\n        \r\n        <a href=\"https:\/\/talkpal.ai\/vocabulary_language\/english\/\">\r\n            <div class=\"learnNavigationWrapper\">\r\n                <div class=\"learnNavigationContent\">\r\n                    <img decoding=\"async\" src=\"https:\/\/talkpal.ai\/wp-content\/uploads\/2024\/08\/English.jpg\" alt=\"English Flag\">\r\n                    <div>\r\n                        <h4>Angle\u0161ki besednjak<\/h4>\r\n                        <p>Raz\u0161irite svoj angle\u0161ki besedni zaklad.<\/p>\r\n                    <\/div>\r\n                <\/div>\r\n            <\/div>\r\n        <\/a>\r\n\r\n            <\/section>","protected":false},"excerpt":{"rendered":"<p>Teme angle\u0161ke slovnice Angle\u0161ka slovnica je niz pravil in smernic, ki dolo\u010dajo strukturo angle\u0161kega jezika. Omogo\u010da nam jasno in u\u010dinkovito medsebojno komunikacijo. Pri u\u010denju angle\u0161\u010dine je razumevanje slovnice bistveno za razvoj mo\u010dnih bralnih, pisnih in govornih sposobnosti. To potovanje bo obsegalo razli\u010dne slovni\u010dne komponente, kot so pridevniki, prislovi, \u010dlanki, pogoji, samostalniki, predlogi, zaimki\/determinatorji, stavki, primerjava [&hellip;]<\/p>\n","protected":false},"author":1,"featured_media":70920,"parent":0,"menu_order":0,"comment_status":"closed","ping_status":"closed","template":"LearningContentPage.php","meta":{"_acf_changed":false,"footnotes":""},"class_list":["post-91996","page","type-page","status-publish","has-post-thumbnail","hentry"],"acf":[],"yoast_head":"<!-- This site is optimized with the Yoast SEO Premium plugin v27.2 (Yoast SEO v27.2) - https:\/\/yoast.com\/product\/yoast-seo-premium-wordpress\/ -->\n<title>Vaje iz angle\u0161ke slovnice - Talkpal<\/title>\n<meta name=\"description\" content=\"Izbolj\u0161ajte svoje znanje angle\u0161\u010dine z u\u010dinkovitimi slovni\u010dnimi vajami na Talkpal. Izbolj\u0161ajte svoje znanje jezika zdaj!\" \/>\n<meta name=\"robots\" content=\"index, follow, max-snippet:-1, max-image-preview:large, max-video-preview:-1\" \/>\n<link rel=\"canonical\" href=\"https:\/\/talkpal.ai\/sl\/vaje-iz-angleske-slovnice\/\" \/>\n<meta property=\"og:locale\" content=\"sl_SI\" \/>\n<meta property=\"og:type\" content=\"article\" \/>\n<meta property=\"og:title\" content=\"Vaje iz angle\u0161ke slovnice\" \/>\n<meta property=\"og:description\" content=\"Teme angle\u0161ke slovnice Angle\u0161ka slovnica je niz pravil in smernic, ki dolo\u010dajo strukturo angle\u0161kega jezika. Omogo\u010da nam jasno in u\u010dinkovito medsebojno\" \/>\n<meta property=\"og:url\" content=\"https:\/\/talkpal.ai\/sl\/vaje-iz-angleske-slovnice\/\" \/>\n<meta property=\"og:site_name\" content=\"Talkpal\" \/>\n<meta property=\"article:publisher\" content=\"https:\/\/www.facebook.com\/profile.php?id=100090733639311\" \/>\n<meta property=\"article:modified_time\" content=\"2025-12-17T16:34:10+00:00\" \/>\n<meta property=\"og:image\" content=\"https:\/\/talkpal.ai\/wp-content\/uploads\/2023\/03\/united-kingdom.png\" \/>\n\t<meta property=\"og:image:width\" content=\"512\" \/>\n\t<meta property=\"og:image:height\" content=\"512\" \/>\n\t<meta property=\"og:image:type\" content=\"image\/png\" \/>\n<meta name=\"twitter:card\" content=\"summary_large_image\" \/>\n<meta name=\"twitter:site\" content=\"@talkpalai\" \/>\n<meta name=\"twitter:label1\" content=\"Est. reading time\" \/>\n\t<meta name=\"twitter:data1\" content=\"2 minuti\" \/>\n<script type=\"application\/ld+json\" class=\"yoast-schema-graph\">{\"@context\":\"https:\/\/schema.org\",\"@graph\":[{\"@type\":\"WebPage\",\"@id\":\"https:\/\/talkpal.ai\/sl\/vaje-iz-angleske-slovnice\/\",\"url\":\"https:\/\/talkpal.ai\/sl\/vaje-iz-angleske-slovnice\/\",\"name\":\"Vaje iz angle\u0161ke slovnice - Talkpal\",\"isPartOf\":{\"@id\":\"https:\/\/talkpal.ai\/sl\/#website\"},\"primaryImageOfPage\":{\"@id\":\"https:\/\/talkpal.ai\/sl\/vaje-iz-angleske-slovnice\/#primaryimage\"},\"image\":{\"@id\":\"https:\/\/talkpal.ai\/sl\/vaje-iz-angleske-slovnice\/#primaryimage\"},\"thumbnailUrl\":\"https:\/\/talkpal.ai\/wp-content\/uploads\/2023\/03\/united-kingdom.png\",\"datePublished\":\"2023-06-14T13:25:23+00:00\",\"dateModified\":\"2025-12-17T16:34:10+00:00\",\"description\":\"Izbolj\u0161ajte svoje znanje angle\u0161\u010dine z u\u010dinkovitimi slovni\u010dnimi vajami na Talkpal. Izbolj\u0161ajte svoje znanje jezika zdaj!\",\"breadcrumb\":{\"@id\":\"https:\/\/talkpal.ai\/sl\/vaje-iz-angleske-slovnice\/#breadcrumb\"},\"inLanguage\":\"sl-SI\",\"potentialAction\":[{\"@type\":\"ReadAction\",\"target\":[\"https:\/\/talkpal.ai\/sl\/vaje-iz-angleske-slovnice\/\"]}]},{\"@type\":\"ImageObject\",\"inLanguage\":\"sl-SI\",\"@id\":\"https:\/\/talkpal.ai\/sl\/vaje-iz-angleske-slovnice\/#primaryimage\",\"url\":\"https:\/\/talkpal.ai\/wp-content\/uploads\/2023\/03\/united-kingdom.png\",\"contentUrl\":\"https:\/\/talkpal.ai\/wp-content\/uploads\/2023\/03\/united-kingdom.png\",\"width\":512,\"height\":512,\"caption\":\"TalkPal AI learn English\"},{\"@type\":\"BreadcrumbList\",\"@id\":\"https:\/\/talkpal.ai\/sl\/vaje-iz-angleske-slovnice\/#breadcrumb\",\"itemListElement\":[{\"@type\":\"ListItem\",\"position\":1,\"name\":\"Homepage\",\"item\":\"https:\/\/talkpal.ai\/sl\/\"},{\"@type\":\"ListItem\",\"position\":2,\"name\":\"Vaje iz angle\u0161ke slovnice\"}]},{\"@type\":\"WebSite\",\"@id\":\"https:\/\/talkpal.ai\/sl\/#website\",\"url\":\"https:\/\/talkpal.ai\/sl\/\",\"name\":\"Talkpal\",\"description\":\"AI Language Learning\",\"publisher\":{\"@id\":\"https:\/\/talkpal.ai\/sl\/#organization\"},\"alternateName\":\"Talkpal AI\",\"potentialAction\":[{\"@type\":\"SearchAction\",\"target\":{\"@type\":\"EntryPoint\",\"urlTemplate\":\"https:\/\/talkpal.ai\/sl\/?s={search_term_string}\"},\"query-input\":{\"@type\":\"PropertyValueSpecification\",\"valueRequired\":true,\"valueName\":\"search_term_string\"}}],\"inLanguage\":\"sl-SI\"},{\"@type\":\"Organization\",\"@id\":\"https:\/\/talkpal.ai\/sl\/#organization\",\"name\":\"Talkpal, Inc.\",\"alternateName\":\"Talkpal AI\",\"url\":\"https:\/\/talkpal.ai\/sl\/\",\"logo\":{\"@type\":\"ImageObject\",\"inLanguage\":\"sl-SI\",\"@id\":\"https:\/\/talkpal.ai\/sl\/#\/schema\/logo\/image\/\",\"url\":\"https:\/\/talkpal.ai\/wp-content\/uploads\/2024\/03\/Talkpal-Logo-Icon.png\",\"contentUrl\":\"https:\/\/talkpal.ai\/wp-content\/uploads\/2024\/03\/Talkpal-Logo-Icon.png\",\"width\":2880,\"height\":2880,\"caption\":\"Talkpal, Inc.\"},\"image\":{\"@id\":\"https:\/\/talkpal.ai\/sl\/#\/schema\/logo\/image\/\"},\"sameAs\":[\"https:\/\/www.facebook.com\/profile.php?id=100090733639311\",\"https:\/\/x.com\/talkpalai\",\"https:\/\/www.linkedin.com\/company\/talkpal\/\",\"https:\/\/www.youtube.com\/@TalkPal\/\",\"https:\/\/www.tiktok.com\/@talkpal\",\"https:\/\/www.instagram.com\/talkpal_ai\/\",\"https:\/\/www.crunchbase.com\/organization\/talkpal-9cde\",\"https:\/\/www.g2.com\/products\/talkpal-for-business\/\",\"https:\/\/www.trustpilot.com\/review\/talkpal.ai\",\"https:\/\/www.capterra.com\/p\/10006800\/TalkPal\/\"],\"description\":\"Talkpal is a language learning web and mobile education app, powered by the latest AI technologies, that provides engaging experiences to its customers in many different languages to help them improve their language skills. Users can chat about unlimited amount of topics with the app and use other modes to practice their language learning.\",\"email\":\"support@talkpal.ai\",\"legalName\":\"Talkpal, Inc.\",\"foundingDate\":\"2023-04-03\",\"duns\":\"118989042\",\"numberOfEmployees\":{\"@type\":\"QuantitativeValue\",\"minValue\":\"11\",\"maxValue\":\"50\"},\"publishingPrinciples\":\"https:\/\/talkpal.ai\/publishing-principles\/\",\"actionableFeedbackPolicy\":\"https:\/\/talkpal.ai\/actionable-feedback-policy\/\",\"correctionsPolicy\":\"https:\/\/talkpal.ai\/corrections-policy\/\",\"ethicsPolicy\":\"https:\/\/talkpal.ai\/ethics-policy\/\",\"diversityPolicy\":\"https:\/\/talkpal.ai\/diversity-policy\/\",\"diversityStaffingReport\":\"https:\/\/talkpal.ai\/diversity-policy\/\"}]}<\/script>\n<!-- \/ Yoast SEO Premium plugin. -->","yoast_head_json":{"title":"Vaje iz angle\u0161ke slovnice - Talkpal","description":"Izbolj\u0161ajte svoje znanje angle\u0161\u010dine z u\u010dinkovitimi slovni\u010dnimi vajami na Talkpal. Izbolj\u0161ajte svoje znanje jezika zdaj!","robots":{"index":"index","follow":"follow","max-snippet":"max-snippet:-1","max-image-preview":"max-image-preview:large","max-video-preview":"max-video-preview:-1"},"canonical":"https:\/\/talkpal.ai\/sl\/vaje-iz-angleske-slovnice\/","og_locale":"sl_SI","og_type":"article","og_title":"Vaje iz angle\u0161ke slovnice","og_description":"Teme angle\u0161ke slovnice Angle\u0161ka slovnica je niz pravil in smernic, ki dolo\u010dajo strukturo angle\u0161kega jezika. Omogo\u010da nam jasno in u\u010dinkovito medsebojno","og_url":"https:\/\/talkpal.ai\/sl\/vaje-iz-angleske-slovnice\/","og_site_name":"Talkpal","article_publisher":"https:\/\/www.facebook.com\/profile.php?id=100090733639311","article_modified_time":"2025-12-17T16:34:10+00:00","og_image":[{"width":512,"height":512,"url":"https:\/\/talkpal.ai\/wp-content\/uploads\/2023\/03\/united-kingdom.png","type":"image\/png"}],"twitter_card":"summary_large_image","twitter_site":"@talkpalai","twitter_misc":{"Est. reading time":"2 minuti"},"schema":{"@context":"https:\/\/schema.org","@graph":[{"@type":"WebPage","@id":"https:\/\/talkpal.ai\/sl\/vaje-iz-angleske-slovnice\/","url":"https:\/\/talkpal.ai\/sl\/vaje-iz-angleske-slovnice\/","name":"Vaje iz angle\u0161ke slovnice - Talkpal","isPartOf":{"@id":"https:\/\/talkpal.ai\/sl\/#website"},"primaryImageOfPage":{"@id":"https:\/\/talkpal.ai\/sl\/vaje-iz-angleske-slovnice\/#primaryimage"},"image":{"@id":"https:\/\/talkpal.ai\/sl\/vaje-iz-angleske-slovnice\/#primaryimage"},"thumbnailUrl":"https:\/\/talkpal.ai\/wp-content\/uploads\/2023\/03\/united-kingdom.png","datePublished":"2023-06-14T13:25:23+00:00","dateModified":"2025-12-17T16:34:10+00:00","description":"Izbolj\u0161ajte svoje znanje angle\u0161\u010dine z u\u010dinkovitimi slovni\u010dnimi vajami na Talkpal. Izbolj\u0161ajte svoje znanje jezika zdaj!","breadcrumb":{"@id":"https:\/\/talkpal.ai\/sl\/vaje-iz-angleske-slovnice\/#breadcrumb"},"inLanguage":"sl-SI","potentialAction":[{"@type":"ReadAction","target":["https:\/\/talkpal.ai\/sl\/vaje-iz-angleske-slovnice\/"]}]},{"@type":"ImageObject","inLanguage":"sl-SI","@id":"https:\/\/talkpal.ai\/sl\/vaje-iz-angleske-slovnice\/#primaryimage","url":"https:\/\/talkpal.ai\/wp-content\/uploads\/2023\/03\/united-kingdom.png","contentUrl":"https:\/\/talkpal.ai\/wp-content\/uploads\/2023\/03\/united-kingdom.png","width":512,"height":512,"caption":"TalkPal AI learn English"},{"@type":"BreadcrumbList","@id":"https:\/\/talkpal.ai\/sl\/vaje-iz-angleske-slovnice\/#breadcrumb","itemListElement":[{"@type":"ListItem","position":1,"name":"Homepage","item":"https:\/\/talkpal.ai\/sl\/"},{"@type":"ListItem","position":2,"name":"Vaje iz angle\u0161ke slovnice"}]},{"@type":"WebSite","@id":"https:\/\/talkpal.ai\/sl\/#website","url":"https:\/\/talkpal.ai\/sl\/","name":"Talkpal","description":"AI Language Learning","publisher":{"@id":"https:\/\/talkpal.ai\/sl\/#organization"},"alternateName":"Talkpal AI","potentialAction":[{"@type":"SearchAction","target":{"@type":"EntryPoint","urlTemplate":"https:\/\/talkpal.ai\/sl\/?s={search_term_string}"},"query-input":{"@type":"PropertyValueSpecification","valueRequired":true,"valueName":"search_term_string"}}],"inLanguage":"sl-SI"},{"@type":"Organization","@id":"https:\/\/talkpal.ai\/sl\/#organization","name":"Talkpal, Inc.","alternateName":"Talkpal AI","url":"https:\/\/talkpal.ai\/sl\/","logo":{"@type":"ImageObject","inLanguage":"sl-SI","@id":"https:\/\/talkpal.ai\/sl\/#\/schema\/logo\/image\/","url":"https:\/\/talkpal.ai\/wp-content\/uploads\/2024\/03\/Talkpal-Logo-Icon.png","contentUrl":"https:\/\/talkpal.ai\/wp-content\/uploads\/2024\/03\/Talkpal-Logo-Icon.png","width":2880,"height":2880,"caption":"Talkpal, Inc."},"image":{"@id":"https:\/\/talkpal.ai\/sl\/#\/schema\/logo\/image\/"},"sameAs":["https:\/\/www.facebook.com\/profile.php?id=100090733639311","https:\/\/x.com\/talkpalai","https:\/\/www.linkedin.com\/company\/talkpal\/","https:\/\/www.youtube.com\/@TalkPal\/","https:\/\/www.tiktok.com\/@talkpal","https:\/\/www.instagram.com\/talkpal_ai\/","https:\/\/www.crunchbase.com\/organization\/talkpal-9cde","https:\/\/www.g2.com\/products\/talkpal-for-business\/","https:\/\/www.trustpilot.com\/review\/talkpal.ai","https:\/\/www.capterra.com\/p\/10006800\/TalkPal\/"],"description":"Talkpal is a language learning web and mobile education app, powered by the latest AI technologies, that provides engaging experiences to its customers in many different languages to help them improve their language skills. Users can chat about unlimited amount of topics with the app and use other modes to practice their language learning.","email":"support@talkpal.ai","legalName":"Talkpal, Inc.","foundingDate":"2023-04-03","duns":"118989042","numberOfEmployees":{"@type":"QuantitativeValue","minValue":"11","maxValue":"50"},"publishingPrinciples":"https:\/\/talkpal.ai\/publishing-principles\/","actionableFeedbackPolicy":"https:\/\/talkpal.ai\/actionable-feedback-policy\/","correctionsPolicy":"https:\/\/talkpal.ai\/corrections-policy\/","ethicsPolicy":"https:\/\/talkpal.ai\/ethics-policy\/","diversityPolicy":"https:\/\/talkpal.ai\/diversity-policy\/","diversityStaffingReport":"https:\/\/talkpal.ai\/diversity-policy\/"}]}},"_links":{"self":[{"href":"https:\/\/talkpal.ai\/sl\/wp-json\/wp\/v2\/pages\/91996","targetHints":{"allow":["GET"]}}],"collection":[{"href":"https:\/\/talkpal.ai\/sl\/wp-json\/wp\/v2\/pages"}],"about":[{"href":"https:\/\/talkpal.ai\/sl\/wp-json\/wp\/v2\/types\/page"}],"author":[{"embeddable":true,"href":"https:\/\/talkpal.ai\/sl\/wp-json\/wp\/v2\/users\/1"}],"replies":[{"embeddable":true,"href":"https:\/\/talkpal.ai\/sl\/wp-json\/wp\/v2\/comments?post=91996"}],"version-history":[{"count":0,"href":"https:\/\/talkpal.ai\/sl\/wp-json\/wp\/v2\/pages\/91996\/revisions"}],"wp:featuredmedia":[{"embeddable":true,"href":"https:\/\/talkpal.ai\/sl\/wp-json\/wp\/v2\/media\/70920"}],"wp:attachment":[{"href":"https:\/\/talkpal.ai\/sl\/wp-json\/wp\/v2\/media?parent=91996"}],"curies":[{"name":"wp","href":"https:\/\/api.w.org\/{rel}","templated":true}]}}