{"id":91795,"date":"2023-03-25T16:57:06","date_gmt":"2023-03-25T16:57:06","guid":{"rendered":"http:\/\/talkpal.ai\/angleska-slovnica\/"},"modified":"2025-05-22T19:26:06","modified_gmt":"2025-05-22T19:26:06","slug":"angleska-slovnica","status":"publish","type":"page","link":"https:\/\/talkpal.ai\/sl\/angleska-slovnica\/","title":{"rendered":"Angle\u0161ka slovnica"},"content":{"rendered":"\r\n\r\n\r\n<section class=\"languageChallengeSection\">\r\n    <div class=\"languageInfoWrapper\">\r\n        \r\n        <h1>Angle\u0161ka slovnica<\/h1>\r\n        <p>Ste pripravljeni za\u010deti z u\u010denjem angle\u0161\u010dine? Z malo slovnice in nekaj novimi besedami boste v hipu za\u010deli klepetati in se povezovati z ljudmi z vsega sveta. Potopite se in poskrbimo, da bo u\u010denje angle\u0161\u010dine zabavno in enostavno &#8211; va\u0161a pot do teko\u010dega jezika se za\u010dne danes!\n\n<\/p>\r\n\r\n                            <a class=\"getStartedHidden\" href=\"https:\/\/app.talkpal.ai\/sl\/signup?lng=\">Za\u010dni<\/a>\r\n        \r\n    <\/div>\r\n\r\n    <figure>\r\n    <img decoding=\"async\" width=\"768\" height=\"768\" src=\"https:\/\/talkpal.ai\/wp-content\/uploads\/2023\/06\/English-768x768.png\" class=\"languageImage no-lazy\" alt=\"Language learning for improved multitasking\" fetchpriority=\"high\" sizes=\"(max-width: 768px) 150px, 768px\" srcset=\"https:\/\/talkpal.ai\/wp-content\/uploads\/2023\/06\/English-768x768.png 768w, https:\/\/talkpal.ai\/wp-content\/uploads\/2023\/06\/English-300x300.png 300w\" \/>\r\n    \r\n\r\n    <\/figure>\r\n\r\n            <a class=\"getStartedVisible\" href=\"https:\/\/app.talkpal.ai\/sl\/signup?lng=\">Za\u010dni<\/a>\r\n    \r\n<\/section>\r\n        <section class=\"grammarSection\">\r\n            <div class=\"grammarLinks\">\r\n                <a href=\"https:\/\/talkpal.ai\/sl\/language\/casi-angleska-slovnica\/\">\u010casi <\/a><a href=\"https:\/\/talkpal.ai\/sl\/language\/clanki-angleska-slovnica\/\">\u010clanki <\/a><a href=\"https:\/\/talkpal.ai\/sl\/language\/glagoli-angleska-slovnica\/\">Glagoli <\/a><a href=\"https:\/\/talkpal.ai\/sl\/language\/kondicionali-angleska-slovnica\/\">Kondicionali <\/a><a href=\"https:\/\/talkpal.ai\/sl\/language\/predlogi-angleska-slovnica\/\">Predlogi <\/a><a href=\"https:\/\/talkpal.ai\/sl\/language\/pridevniki-angleska-slovnica\/\">Pridevniki <\/a><a href=\"https:\/\/talkpal.ai\/sl\/language\/prislovi-angleska-slovnica\/\">Prislovi <\/a><a href=\"https:\/\/talkpal.ai\/sl\/language\/samostalniki-angleska-slovnica\/\">Samostalniki <\/a><a href=\"https:\/\/talkpal.ai\/sl\/language\/stavki-angleska-slovnica\/\">Stavki <\/a><a href=\"https:\/\/talkpal.ai\/sl\/language\/zaimki-dolocniki-angleska-slovnica\/\">Zaimki\/dolo\u010dniki <\/a>            <\/div>\r\n        <\/section>\r\n    <section class=\"promotionalBanner\">\r\n    <p class=\"promotionalText\">Naju\u010dinkovitej\u0161i na\u010din u\u010denja jezika<\/p>\r\n    <a class=\"promotionalLink\" href=\"https:\/\/app.talkpal.ai\/sl\/signup?lng=\">Preizkusite Talkpal brezpla\u010dno<\/a>\r\n<\/section>\n<div class=\"wp-block-group pageContainerStyle\"><div class=\"wp-block-group__inner-container is-layout-constrained wp-block-group-is-layout-constrained\">\n<h2 class=\"wp-block-heading\" id=\"h-the-importance-of-english-grammar-a-guide-to-mastering-the-rules-and-principles\">Pomen angle\u0161ke slovnice: vodnik za obvladovanje pravil in na\u010del<\/h2>\n\n\n\n<p>Ker je <a href=\"https:\/\/talkpal.ai\/learn-english-with-ai\/\">angle\u0161\u010dina<\/a> eden najpomembnej\u0161ih jezikov, ki se govorijo po vsem svetu, ni presenetljivo, da si ljudje \u017eelijo izbolj\u0161ati njeno znanje in spretnost. Eden klju\u010dnih vidikov obvladovanja angle\u0161kega jezika je razumevanje njegove slovnice. <a href=\"https:\/\/talkpal.ai\/locations\/language-courses-in-toda\/\">Toda<\/a> zakaj je <a href=\"https:\/\/talkpal.ai\/grammar\/\">slovnica<\/a> tako pomembna in kako se je lahko u\u010dinkovito nau\u010dimo? V tem \u010dlanku se bomo poglobili v pomen angle\u0161ke slovnice, razpravljali o njenih klju\u010dnih na\u010delih in delili nekaj koristnih nasvetov za izbolj\u0161anje znanja.<\/p>\n\n\n\n<h3 class=\"wp-block-heading\" id=\"h-the-role-of-grammar-in-the-english-language\">Vloga slovnice v angle\u0161kem jeziku:<\/h3>\n\n\n\n<p>Kaj je torej velikega na slovnici? <a href=\"https:\/\/talkpal.ai\/grammar\/\">Slovnica<\/a> je v bistvu gradnik vsakega jezika &#8211; gre za sklop pravil in na\u010del, ki dolo\u010dajo, kako uporabljamo besede za oblikovanje smiselnih stavkov. Z upo\u0161tevanjem teh pravil lahko zagotovimo jasno komunikacijo in se izognemo nesporazumom. Predstavljajte si, da posku\u0161ate skuhati obrok, ne da bi sledili receptu &#8211; kon\u010dni rezultat je lahko neprijeten! Prav tako lahko zanemarjanje slovnice v na\u0161em vsakdanjem govoru in pisanju povzro\u010di zmedo in napa\u010dne razlage.<\/p>\n\n\n\n<h3 class=\"wp-block-heading\" id=\"h-key-principles-of-english-grammar\">Klju\u010dna na\u010dela angle\u0161ke slovnice:<\/h3>\n\n\n\n<p>Medtem ko <a href=\"https:\/\/talkpal.ai\/sl\/grammar\/clanki-v-angleski-slovnici\/\">angle\u0161ka slovnica<\/a> zajema \u0161iroko paleto pravil, obstaja nekaj klju\u010dnih na\u010del, ki se jih morate zavedati:<\/p>\n\n\n\n<p><strong>1. Deli govora:<\/strong> To so vloge, ki jih imajo besede v stavku. Glede na njihovo funkcijo lahko besede razvrstimo kot samostalnike, zaimke, glagole, pridevnike, prislove, predloge, veznike ali vme\u0161avanja.<\/p>\n\n\n\n<p>2. \u010casi<strong>: \u010casi<\/strong> ozna\u010dujejo \u010das dejanj ali stanja bivanja. Delimo jih na pretekli, sedanji in prihodnji \u010das, pri \u010demer ima vsak \u010das \u0161tiri vidike &#8211; enostavni, stopnjevani, dovr\u0161ni in dovr\u0161ni stopnjevani.<\/p>\n\n\n\n<p><strong>3. Ujemanje med predmetom in glagolom:<\/strong> V bistvu se morata subjekt (samostalnik ali zaimek) in glagol v stavku ujemati v \u0161tevilu &#8211; ednina ali mno\u017eina. Na primer: &#8220;Ona bere knjigo&#8221; in &#8220;Oni berejo knjige&#8221; sta slovni\u010dno pravilna.<\/p>\n\n\n\n<p><strong>4. Struktura stavkov:<\/strong> Dobro strukturiran stavek je sestavljen iz predmeta, glagola in pogosto predmeta. Stavki so lahko preprosti (<a href=\"https:\/\/talkpal.ai\/locations\/language-courses-in-ena\/\">ena<\/a> neodvisna klavzula), sestavljeni (dve ali ve\u010d neodvisnih klavzul) ali zapleteni (ena neodvisna klavzula in ena ali ve\u010d odvisnih klavzul).<\/p>\n\n\n\n<p><strong>5. Lo\u010dila: Lo\u010dila<\/strong> , kot so vejice, pike in podpi\u010dja, so klju\u010dnega pomena pri organiziranju in pojasnjevanju pisnega jezika. Pravilna lo\u010dila zagotavljajo, da so va\u0161e ideje posredovane natan\u010dno in skladno.<\/p>\n\n\n\n<h3 class=\"wp-block-heading\" id=\"h-tips-to-improve-your-english-grammar\">Nasveti za izbolj\u0161anje angle\u0161ke slovnice:<\/h3>\n\n\n\n<p>Zdaj, ko smo se pogovarjali o osnovah angle\u0161ke slovnice, si oglejmo nekaj u\u010dinkovitih na\u010dinov za izpopolnjevanje svojega znanja:<\/p>\n\n\n\n<p><strong>1. Redno berite:<\/strong> Branje je odli\u010den na\u010din za internalizacijo pravilne slovnice. Bolj ko se boste seznanjali z dobro napisanimi \u010dlanki, knjigami ali eseji, bolje boste razumeli pravila in strukture.<\/p>\n\n\n\n<p><strong>2. Vadite pisanje: Pisanje<\/strong> vam redno omogo\u010da, da uporabite svoje slovni\u010dno znanje in prepoznate podro\u010dja, na katerih potrebujete izbolj\u0161ave. Razmislite o vodenju dnevnika ali ustanovitvi spletnega dnevnika, da razvijete svoje pisne sposobnosti.<\/p>\n\n\n\n<p><strong>3. Preu\u010dite slovni\u010dne vire:<\/strong> Pridobite si nekaj uglednih slovnic, spletnih mest ali aplikacij, da poglobite svoje razumevanje pravil. Redno pregledovanje teh materialov bo pomagalo utrditi va\u0161e znanje.<\/p>\n\n\n\n<p><strong>4. Poi\u0161\u010dite povratne informacije:<\/strong> Sodelujte z drugimi, da boste prejeli konstruktivne kritike na va\u0161o pisno in govorjeno angle\u0161\u010dino. To je mogo\u010de prek spletnih forumov, skupin za izmenjavo jezikov ali prijateljev in sodelavcev, ki obvladajo angle\u0161\u010dino.<\/p>\n\n\n\n<p><strong>5. Bodite potrpe\u017eljivi in vztrajni:<\/strong> U\u010denje slovnice je postopen proces, ki zahteva \u010das in trud. Ostanite predani, nadaljujte z vadbo in proslavite svoj napredek.<\/p>\n\n\n\n<h3 class=\"wp-block-heading\" id=\"h-conclusion\">Sklep:<\/h3>\n\n\n\n<p>Obvladovanje angle\u0161ke slovnice je bistvena odsko\u010dna deska na <a href=\"https:\/\/talkpal.ai\/locations\/learn-english-in-poti\/\">poti<\/a> do teko\u010dega. Z razumevanjem njegovega pomena, seznanjanjem s klju\u010dnimi na\u010deli in aktivnim izvajanjem boste kmalu razvili dobro znanje jezika. Ne pozabite, da Rim ni bil zgrajen v enem dnevu, zato bodite potrpe\u017eljivi, zabavajte se in u\u017eivajte na poti do brezhibne slovnice!<\/p>\n<\/div><\/div>\n\r\n<section class=\"learnNavigationSection\">\r\n            \r\n        <a href=\"https:\/\/talkpal.ai\/sl\/ucenje-anglescine\/\">\r\n            <div class=\"learnNavigationWrapper\">\r\n                <div class=\"learnNavigationContent\">\r\n                    <img decoding=\"async\" src=\"https:\/\/talkpal.ai\/wp-content\/uploads\/2024\/08\/English.jpg\" alt=\"English Flag\">\r\n                    <div>\r\n                        <h4>O u\u010denju angle\u0161\u010dine<\/h4>\r\n                        <p>Preberite vse o angle\u0161ki slovnici.<\/p>\r\n                    <\/div>\r\n                <\/div>\r\n            <\/div>\r\n        <\/a>\r\n\r\n        \r\n        <a href=\"https:\/\/talkpal.ai\/sl\/vaje-iz-angleske-slovnice\/\">\r\n            <div class=\"learnNavigationWrapper\">\r\n                <div class=\"learnNavigationContent\">\r\n                    <img decoding=\"async\" src=\"https:\/\/talkpal.ai\/wp-content\/uploads\/2024\/08\/English.jpg\" alt=\"English Flag\">\r\n                    <div>\r\n                        <h4>Vaje iz angle\u0161ke slovnice<\/h4>\r\n                        <p>Vaja angle\u0161\u010dine slovnica.<\/p>\r\n                    <\/div>\r\n                <\/div>\r\n            <\/div>\r\n        <\/a>\r\n\r\n        \r\n        <a href=\"https:\/\/talkpal.ai\/vocabulary_language\/english\/\">\r\n            <div class=\"learnNavigationWrapper\">\r\n                <div class=\"learnNavigationContent\">\r\n                    <img decoding=\"async\" src=\"https:\/\/talkpal.ai\/wp-content\/uploads\/2024\/08\/English.jpg\" alt=\"English Flag\">\r\n                    <div>\r\n                        <h4>Angle\u0161ki besednjak<\/h4>\r\n                        <p>Raz\u0161irite svoj angle\u0161ki besedni zaklad.<\/p>\r\n                    <\/div>\r\n                <\/div>\r\n            <\/div>\r\n        <\/a>\r\n\r\n            <\/section>","protected":false},"excerpt":{"rendered":"<p>Pomen angle\u0161ke slovnice: vodnik za obvladovanje pravil in na\u010del Ker je angle\u0161\u010dina eden najpomembnej\u0161ih jezikov, ki se govorijo po vsem svetu, ni presenetljivo, da si ljudje \u017eelijo izbolj\u0161ati njeno znanje in spretnost. Eden klju\u010dnih vidikov obvladovanja angle\u0161kega jezika je razumevanje njegove slovnice. Toda zakaj je slovnica tako pomembna in kako se je lahko u\u010dinkovito nau\u010dimo? [&hellip;]<\/p>\n","protected":false},"author":1,"featured_media":70920,"parent":0,"menu_order":0,"comment_status":"closed","ping_status":"closed","template":"LearningContentPage.php","meta":{"_acf_changed":false,"footnotes":""},"class_list":["post-91795","page","type-page","status-publish","has-post-thumbnail","hentry"],"acf":[],"yoast_head":"<!-- This site is optimized with the Yoast SEO Premium plugin v27.2 (Yoast SEO v27.2) - https:\/\/yoast.com\/product\/yoast-seo-premium-wordpress\/ -->\n<title>Angle\u0161ka slovnica - Talkpal<\/title>\n<meta name=\"description\" content=\"Izbolj\u0161ajte svoje znanje angle\u0161ke slovnice z Talkpalz aplikacijo za u\u010denje jezikov, ki jo poganja umetna inteligenca.\" \/>\n<meta name=\"robots\" content=\"index, follow, max-snippet:-1, max-image-preview:large, max-video-preview:-1\" \/>\n<link rel=\"canonical\" href=\"https:\/\/talkpal.ai\/sl\/angleska-slovnica\/\" \/>\n<meta property=\"og:locale\" content=\"sl_SI\" \/>\n<meta property=\"og:type\" content=\"article\" \/>\n<meta property=\"og:title\" content=\"Angle\u0161ka slovnica\" \/>\n<meta property=\"og:description\" content=\"Pomen angle\u0161ke slovnice: vodnik za obvladovanje pravil in na\u010del Ker je angle\u0161\u010dina eden najpomembnej\u0161ih jezikov, ki se govorijo po vsem svetu, ni\" \/>\n<meta property=\"og:url\" content=\"https:\/\/talkpal.ai\/sl\/angleska-slovnica\/\" \/>\n<meta property=\"og:site_name\" content=\"Talkpal\" \/>\n<meta property=\"article:publisher\" content=\"https:\/\/www.facebook.com\/profile.php?id=100090733639311\" \/>\n<meta property=\"article:modified_time\" content=\"2025-05-22T19:26:06+00:00\" \/>\n<meta property=\"og:image\" content=\"https:\/\/talkpal.ai\/wp-content\/uploads\/2023\/03\/united-kingdom.png\" \/>\n\t<meta property=\"og:image:width\" content=\"512\" \/>\n\t<meta property=\"og:image:height\" content=\"512\" \/>\n\t<meta property=\"og:image:type\" content=\"image\/png\" \/>\n<meta name=\"twitter:card\" content=\"summary_large_image\" \/>\n<meta name=\"twitter:site\" content=\"@talkpalai\" \/>\n<meta name=\"twitter:label1\" content=\"Est. reading time\" \/>\n\t<meta name=\"twitter:data1\" content=\"3 minute\" \/>\n<script type=\"application\/ld+json\" class=\"yoast-schema-graph\">{\"@context\":\"https:\/\/schema.org\",\"@graph\":[{\"@type\":\"WebPage\",\"@id\":\"https:\/\/talkpal.ai\/sl\/angleska-slovnica\/\",\"url\":\"https:\/\/talkpal.ai\/sl\/angleska-slovnica\/\",\"name\":\"Angle\u0161ka slovnica - Talkpal\",\"isPartOf\":{\"@id\":\"https:\/\/talkpal.ai\/sl\/#website\"},\"primaryImageOfPage\":{\"@id\":\"https:\/\/talkpal.ai\/sl\/angleska-slovnica\/#primaryimage\"},\"image\":{\"@id\":\"https:\/\/talkpal.ai\/sl\/angleska-slovnica\/#primaryimage\"},\"thumbnailUrl\":\"https:\/\/talkpal.ai\/wp-content\/uploads\/2023\/03\/united-kingdom.png\",\"datePublished\":\"2023-03-25T16:57:06+00:00\",\"dateModified\":\"2025-05-22T19:26:06+00:00\",\"description\":\"Izbolj\u0161ajte svoje znanje angle\u0161ke slovnice z Talkpalz aplikacijo za u\u010denje jezikov, ki jo poganja umetna inteligenca.\",\"breadcrumb\":{\"@id\":\"https:\/\/talkpal.ai\/sl\/angleska-slovnica\/#breadcrumb\"},\"inLanguage\":\"sl-SI\",\"potentialAction\":[{\"@type\":\"ReadAction\",\"target\":[\"https:\/\/talkpal.ai\/sl\/angleska-slovnica\/\"]}]},{\"@type\":\"ImageObject\",\"inLanguage\":\"sl-SI\",\"@id\":\"https:\/\/talkpal.ai\/sl\/angleska-slovnica\/#primaryimage\",\"url\":\"https:\/\/talkpal.ai\/wp-content\/uploads\/2023\/03\/united-kingdom.png\",\"contentUrl\":\"https:\/\/talkpal.ai\/wp-content\/uploads\/2023\/03\/united-kingdom.png\",\"width\":512,\"height\":512,\"caption\":\"TalkPal AI learn English\"},{\"@type\":\"BreadcrumbList\",\"@id\":\"https:\/\/talkpal.ai\/sl\/angleska-slovnica\/#breadcrumb\",\"itemListElement\":[{\"@type\":\"ListItem\",\"position\":1,\"name\":\"Homepage\",\"item\":\"https:\/\/talkpal.ai\/sl\/\"},{\"@type\":\"ListItem\",\"position\":2,\"name\":\"Angle\u0161ka slovnica\"}]},{\"@type\":\"WebSite\",\"@id\":\"https:\/\/talkpal.ai\/sl\/#website\",\"url\":\"https:\/\/talkpal.ai\/sl\/\",\"name\":\"Talkpal\",\"description\":\"AI Language Learning\",\"publisher\":{\"@id\":\"https:\/\/talkpal.ai\/sl\/#organization\"},\"alternateName\":\"Talkpal AI\",\"potentialAction\":[{\"@type\":\"SearchAction\",\"target\":{\"@type\":\"EntryPoint\",\"urlTemplate\":\"https:\/\/talkpal.ai\/sl\/?s={search_term_string}\"},\"query-input\":{\"@type\":\"PropertyValueSpecification\",\"valueRequired\":true,\"valueName\":\"search_term_string\"}}],\"inLanguage\":\"sl-SI\"},{\"@type\":\"Organization\",\"@id\":\"https:\/\/talkpal.ai\/sl\/#organization\",\"name\":\"Talkpal, Inc.\",\"alternateName\":\"Talkpal AI\",\"url\":\"https:\/\/talkpal.ai\/sl\/\",\"logo\":{\"@type\":\"ImageObject\",\"inLanguage\":\"sl-SI\",\"@id\":\"https:\/\/talkpal.ai\/sl\/#\/schema\/logo\/image\/\",\"url\":\"https:\/\/talkpal.ai\/wp-content\/uploads\/2024\/03\/Talkpal-Logo-Icon.png\",\"contentUrl\":\"https:\/\/talkpal.ai\/wp-content\/uploads\/2024\/03\/Talkpal-Logo-Icon.png\",\"width\":2880,\"height\":2880,\"caption\":\"Talkpal, Inc.\"},\"image\":{\"@id\":\"https:\/\/talkpal.ai\/sl\/#\/schema\/logo\/image\/\"},\"sameAs\":[\"https:\/\/www.facebook.com\/profile.php?id=100090733639311\",\"https:\/\/x.com\/talkpalai\",\"https:\/\/www.linkedin.com\/company\/talkpal\/\",\"https:\/\/www.youtube.com\/@TalkPal\/\",\"https:\/\/www.tiktok.com\/@talkpal\",\"https:\/\/www.instagram.com\/talkpal_ai\/\",\"https:\/\/www.crunchbase.com\/organization\/talkpal-9cde\",\"https:\/\/www.g2.com\/products\/talkpal-for-business\/\",\"https:\/\/www.trustpilot.com\/review\/talkpal.ai\",\"https:\/\/www.capterra.com\/p\/10006800\/TalkPal\/\"],\"description\":\"Talkpal is a language learning web and mobile education app, powered by the latest AI technologies, that provides engaging experiences to its customers in many different languages to help them improve their language skills. Users can chat about unlimited amount of topics with the app and use other modes to practice their language learning.\",\"email\":\"support@talkpal.ai\",\"legalName\":\"Talkpal, Inc.\",\"foundingDate\":\"2023-04-03\",\"duns\":\"118989042\",\"numberOfEmployees\":{\"@type\":\"QuantitativeValue\",\"minValue\":\"11\",\"maxValue\":\"50\"},\"publishingPrinciples\":\"https:\/\/talkpal.ai\/publishing-principles\/\",\"actionableFeedbackPolicy\":\"https:\/\/talkpal.ai\/actionable-feedback-policy\/\",\"correctionsPolicy\":\"https:\/\/talkpal.ai\/corrections-policy\/\",\"ethicsPolicy\":\"https:\/\/talkpal.ai\/ethics-policy\/\",\"diversityPolicy\":\"https:\/\/talkpal.ai\/diversity-policy\/\",\"diversityStaffingReport\":\"https:\/\/talkpal.ai\/diversity-policy\/\"}]}<\/script>\n<!-- \/ Yoast SEO Premium plugin. -->","yoast_head_json":{"title":"Angle\u0161ka slovnica - Talkpal","description":"Izbolj\u0161ajte svoje znanje angle\u0161ke slovnice z Talkpalz aplikacijo za u\u010denje jezikov, ki jo poganja umetna inteligenca.","robots":{"index":"index","follow":"follow","max-snippet":"max-snippet:-1","max-image-preview":"max-image-preview:large","max-video-preview":"max-video-preview:-1"},"canonical":"https:\/\/talkpal.ai\/sl\/angleska-slovnica\/","og_locale":"sl_SI","og_type":"article","og_title":"Angle\u0161ka slovnica","og_description":"Pomen angle\u0161ke slovnice: vodnik za obvladovanje pravil in na\u010del Ker je angle\u0161\u010dina eden najpomembnej\u0161ih jezikov, ki se govorijo po vsem svetu, ni","og_url":"https:\/\/talkpal.ai\/sl\/angleska-slovnica\/","og_site_name":"Talkpal","article_publisher":"https:\/\/www.facebook.com\/profile.php?id=100090733639311","article_modified_time":"2025-05-22T19:26:06+00:00","og_image":[{"width":512,"height":512,"url":"https:\/\/talkpal.ai\/wp-content\/uploads\/2023\/03\/united-kingdom.png","type":"image\/png"}],"twitter_card":"summary_large_image","twitter_site":"@talkpalai","twitter_misc":{"Est. reading time":"3 minute"},"schema":{"@context":"https:\/\/schema.org","@graph":[{"@type":"WebPage","@id":"https:\/\/talkpal.ai\/sl\/angleska-slovnica\/","url":"https:\/\/talkpal.ai\/sl\/angleska-slovnica\/","name":"Angle\u0161ka slovnica - Talkpal","isPartOf":{"@id":"https:\/\/talkpal.ai\/sl\/#website"},"primaryImageOfPage":{"@id":"https:\/\/talkpal.ai\/sl\/angleska-slovnica\/#primaryimage"},"image":{"@id":"https:\/\/talkpal.ai\/sl\/angleska-slovnica\/#primaryimage"},"thumbnailUrl":"https:\/\/talkpal.ai\/wp-content\/uploads\/2023\/03\/united-kingdom.png","datePublished":"2023-03-25T16:57:06+00:00","dateModified":"2025-05-22T19:26:06+00:00","description":"Izbolj\u0161ajte svoje znanje angle\u0161ke slovnice z Talkpalz aplikacijo za u\u010denje jezikov, ki jo poganja umetna inteligenca.","breadcrumb":{"@id":"https:\/\/talkpal.ai\/sl\/angleska-slovnica\/#breadcrumb"},"inLanguage":"sl-SI","potentialAction":[{"@type":"ReadAction","target":["https:\/\/talkpal.ai\/sl\/angleska-slovnica\/"]}]},{"@type":"ImageObject","inLanguage":"sl-SI","@id":"https:\/\/talkpal.ai\/sl\/angleska-slovnica\/#primaryimage","url":"https:\/\/talkpal.ai\/wp-content\/uploads\/2023\/03\/united-kingdom.png","contentUrl":"https:\/\/talkpal.ai\/wp-content\/uploads\/2023\/03\/united-kingdom.png","width":512,"height":512,"caption":"TalkPal AI learn English"},{"@type":"BreadcrumbList","@id":"https:\/\/talkpal.ai\/sl\/angleska-slovnica\/#breadcrumb","itemListElement":[{"@type":"ListItem","position":1,"name":"Homepage","item":"https:\/\/talkpal.ai\/sl\/"},{"@type":"ListItem","position":2,"name":"Angle\u0161ka slovnica"}]},{"@type":"WebSite","@id":"https:\/\/talkpal.ai\/sl\/#website","url":"https:\/\/talkpal.ai\/sl\/","name":"Talkpal","description":"AI Language Learning","publisher":{"@id":"https:\/\/talkpal.ai\/sl\/#organization"},"alternateName":"Talkpal AI","potentialAction":[{"@type":"SearchAction","target":{"@type":"EntryPoint","urlTemplate":"https:\/\/talkpal.ai\/sl\/?s={search_term_string}"},"query-input":{"@type":"PropertyValueSpecification","valueRequired":true,"valueName":"search_term_string"}}],"inLanguage":"sl-SI"},{"@type":"Organization","@id":"https:\/\/talkpal.ai\/sl\/#organization","name":"Talkpal, Inc.","alternateName":"Talkpal AI","url":"https:\/\/talkpal.ai\/sl\/","logo":{"@type":"ImageObject","inLanguage":"sl-SI","@id":"https:\/\/talkpal.ai\/sl\/#\/schema\/logo\/image\/","url":"https:\/\/talkpal.ai\/wp-content\/uploads\/2024\/03\/Talkpal-Logo-Icon.png","contentUrl":"https:\/\/talkpal.ai\/wp-content\/uploads\/2024\/03\/Talkpal-Logo-Icon.png","width":2880,"height":2880,"caption":"Talkpal, Inc."},"image":{"@id":"https:\/\/talkpal.ai\/sl\/#\/schema\/logo\/image\/"},"sameAs":["https:\/\/www.facebook.com\/profile.php?id=100090733639311","https:\/\/x.com\/talkpalai","https:\/\/www.linkedin.com\/company\/talkpal\/","https:\/\/www.youtube.com\/@TalkPal\/","https:\/\/www.tiktok.com\/@talkpal","https:\/\/www.instagram.com\/talkpal_ai\/","https:\/\/www.crunchbase.com\/organization\/talkpal-9cde","https:\/\/www.g2.com\/products\/talkpal-for-business\/","https:\/\/www.trustpilot.com\/review\/talkpal.ai","https:\/\/www.capterra.com\/p\/10006800\/TalkPal\/"],"description":"Talkpal is a language learning web and mobile education app, powered by the latest AI technologies, that provides engaging experiences to its customers in many different languages to help them improve their language skills. Users can chat about unlimited amount of topics with the app and use other modes to practice their language learning.","email":"support@talkpal.ai","legalName":"Talkpal, Inc.","foundingDate":"2023-04-03","duns":"118989042","numberOfEmployees":{"@type":"QuantitativeValue","minValue":"11","maxValue":"50"},"publishingPrinciples":"https:\/\/talkpal.ai\/publishing-principles\/","actionableFeedbackPolicy":"https:\/\/talkpal.ai\/actionable-feedback-policy\/","correctionsPolicy":"https:\/\/talkpal.ai\/corrections-policy\/","ethicsPolicy":"https:\/\/talkpal.ai\/ethics-policy\/","diversityPolicy":"https:\/\/talkpal.ai\/diversity-policy\/","diversityStaffingReport":"https:\/\/talkpal.ai\/diversity-policy\/"}]}},"_links":{"self":[{"href":"https:\/\/talkpal.ai\/sl\/wp-json\/wp\/v2\/pages\/91795","targetHints":{"allow":["GET"]}}],"collection":[{"href":"https:\/\/talkpal.ai\/sl\/wp-json\/wp\/v2\/pages"}],"about":[{"href":"https:\/\/talkpal.ai\/sl\/wp-json\/wp\/v2\/types\/page"}],"author":[{"embeddable":true,"href":"https:\/\/talkpal.ai\/sl\/wp-json\/wp\/v2\/users\/1"}],"replies":[{"embeddable":true,"href":"https:\/\/talkpal.ai\/sl\/wp-json\/wp\/v2\/comments?post=91795"}],"version-history":[{"count":0,"href":"https:\/\/talkpal.ai\/sl\/wp-json\/wp\/v2\/pages\/91795\/revisions"}],"wp:featuredmedia":[{"embeddable":true,"href":"https:\/\/talkpal.ai\/sl\/wp-json\/wp\/v2\/media\/70920"}],"wp:attachment":[{"href":"https:\/\/talkpal.ai\/sl\/wp-json\/wp\/v2\/media?parent=91795"}],"curies":[{"name":"wp","href":"https:\/\/api.w.org\/{rel}","templated":true}]}}