{"id":75214,"date":"2023-05-14T14:20:10","date_gmt":"2023-05-14T14:20:10","guid":{"rendered":"http:\/\/talkpal.ai\/slovenska-slovnica\/"},"modified":"2025-12-12T11:14:09","modified_gmt":"2025-12-12T11:14:09","slug":"slovenska-slovnica","status":"publish","type":"page","link":"https:\/\/talkpal.ai\/sl\/slovenska-slovnica\/","title":{"rendered":"Slovenska slovnica"},"content":{"rendered":"\r\n\r\n\r\n<section class=\"languageChallengeSection\">\r\n    <div class=\"languageInfoWrapper\">\r\n        \r\n        <h1>Slovenska slovnica<\/h1>\r\n        <p>Spoznajte poseben \u010dar slovenskega jezika z obvladovanjem njegovih osnovnih slovni\u010dnih pravil. Z dobrim poznavanjem slovenske slovnice se boste lahko povezali z rojenimi govorci in bolje spoznali bogato kulturno dedi\u0161\u010dino te dr\u017eave. Za\u010dnite se u\u010diti slovensko slovnico danes in naredite prvi korak k teko\u010demu znanju sloven\u0161\u010dine!<\/p>\r\n\r\n                            <a class=\"getStartedHidden\" href=\"https:\/\/app.talkpal.ai\/sl\/signup?lng=\">Za\u010dni<\/a>\r\n        \r\n    <\/div>\r\n\r\n    <figure>\r\n    <img decoding=\"async\" width=\"768\" height=\"768\" src=\"https:\/\/talkpal.ai\/wp-content\/uploads\/2023\/06\/slovenian-768x768.png\" class=\"languageImage no-lazy\" alt=\"Language learning for broader perspectives\" fetchpriority=\"high\" sizes=\"(max-width: 768px) 150px, 768px\" srcset=\"https:\/\/talkpal.ai\/wp-content\/uploads\/2023\/06\/slovenian-768x768.png 768w, https:\/\/talkpal.ai\/wp-content\/uploads\/2023\/06\/slovenian-300x300.png 300w\" \/>\r\n    \r\n\r\n    <\/figure>\r\n\r\n            <a class=\"getStartedVisible\" href=\"https:\/\/app.talkpal.ai\/sl\/signup?lng=\">Za\u010dni<\/a>\r\n    \r\n<\/section>\r\n<section class=\"promotionalBanner\">\r\n    <p class=\"promotionalText\">Naju\u010dinkovitej\u0161i na\u010din u\u010denja jezika<\/p>\r\n    <a class=\"promotionalLink\" href=\"https:\/\/app.talkpal.ai\/sl\/signup?lng=\">Preizkusite Talkpal brezpla\u010dno<\/a>\r\n<\/section>\n<div class=\"wp-block-group pageContainerStyle\"><div class=\"wp-block-group__inner-container is-layout-constrained wp-block-group-is-layout-constrained\">\n<h1 class=\"wp-block-heading\" id=\"h-slovenian-grammar-a-short-introduction-for-language-lovers\">Slovenska slovnica: kratek uvod za ljubitelje jezika<\/h1>\n\n\n\n<p>Ste se pripravljeni potopiti v o\u010darljiv svet sloven\u0161\u010dine, osupljivega slovanskega jezika? \u010caka vas u\u017eitek! Kratek vodnik vam bo ponudil vpogled v slovensko slovnico, ki je bistvena za razumevanje in obvladovanje tega o\u010darljivega jezika. Podajmo se torej na to jezikovno pustolov\u0161\u010dino in korak za korakom raziskujmo zapletenosti slovenske slovnice.<\/p>\n\n\n\n<p>Sloven\u0161\u010dino, znano tudi kot slovensko, v Sloveniji govori prete\u017eno okoli 2,5 milijona ljudi. Kot ju\u017enoslovanski jezik ima ve\u010d zna\u010dilnosti s svojimi bli\u017enjimi sorodniki, kot so <a href=\"https:\/\/talkpal.ai\/learn-serbian\/\">srb\u0161\u010dina<\/a>, <a href=\"https:\/\/talkpal.ai\/learn-croatian\/\">hrva\u0161\u010dina<\/a> in <a href=\"https:\/\/talkpal.ai\/learn-bulgarian\/\">bolgar\u0161\u010dina<\/a>. <a href=\"https:\/\/talkpal.ai\/learn-slovenian\/\">Sloven\u0161\u010dina<\/a> pa se pona\u0161a s svojimi edinstvenimi preobrati in pridihom.<\/p>\n\n\n\n<p>Brez nadaljnjega se poglobimo v klju\u010dne vidike slovenske slovnice:<\/p>\n\n\n\n<h3 class=\"wp-block-heading\" id=\"h-1-nouns-and-cases\">1. Samostalniki in primeri:<\/h3>\n\n\n\n<p><a href=\"https:\/\/talkpal.ai\/learn-slovenian\/\">Slovenski<\/a> samostalniki so v treh spolih \u2013 mo\u0161ki, \u017eenski in srednje\u0161olski. Vsak samostalnik se lahko uporablja v enem od \u0161estih slovenskih primerov: nominativni, genitivni, dativni, akuzativni, lokativni in instrumentalni. Ti primeri izra\u017eajo razli\u010dne slovni\u010dne funkcije ali razmerja med besedami, zato je klju\u010dnega pomena, da se nau\u010dite njihove pravilne uporabe v kontekstu.<\/p>\n\n\n\n<h3 class=\"wp-block-heading\" id=\"h-2-articles\">2. \u010clanki:<\/h3>\n\n\n\n<p>Tukaj je dobra novica &#8211; sloven\u0161\u010dina ne uporablja \u010dlenov, kot sta &#8220;the&#8221; ali &#8220;a&#8221;! Namesto tega se pomen prena\u0161a z uporabo primerov in vrstnim redom besed. To vam lahko olaj\u0161a u\u010denje sloven\u0161\u010dine, zlasti \u010de niste vajeni jezikov z zapletenim sistemom \u010dlenov.<\/p>\n\n\n\n<h3 class=\"wp-block-heading\" id=\"h-3-adjectives\">3. Pridevniki:<\/h3>\n\n\n\n<p>Tako kot samostalniki se tudi pridevniki v sloven\u0161\u010dini ujemajo po spolu, \u0161tevilu in velikih \u010drkah s samostalnikom, ki ga spreminjajo. Zaradi tega je uporaba pridevnikov nekoliko bolj zapletena kot v angle\u0161\u010dini, vendar se ne bojte &#8211; z vajo boste slovenske pridevnike obvladali v kratkem \u010dasu!<\/p>\n\n\n\n<h3 class=\"wp-block-heading\" id=\"h-4-verbs\">4. Glagoli:<\/h3>\n\n\n\n<p>Sloven\u0161\u010dina ima tristopenjski glagolski sistem: tri sklanjatvene skupine glede na glagolsko osnovo, ki se kon\u010da z nedolo\u010dnikom. Slovenski glagoli imajo tudi razli\u010dne \u010dase in razpolo\u017eenja, vklju\u010dno z edinstveno dvojno obliko, ki se uporablja pri sklicevanju na dva subjekta ali objekta. Bodite pripravljeni nekaj \u010dasa posvetiti u\u010denju in prakticiranju slovenskih glagolskih konjugacij, da pridobite zaupanje v svoje jezikovno znanje.<\/p>\n\n\n\n<h3 class=\"wp-block-heading\" id=\"h-5-word-order\">5. Vrstni red besed:<\/h3>\n\n\n\n<p>Sloven\u0161\u010dina praviloma sledi vrstnemu redu besed predmet-glagol-objekt (SVO), ki <a href=\"https:\/\/talkpal.ai\/talkpal-new-years-discount\/\">naj<\/a> bi ga angle\u0161ki govorci poznali. Vendar pa jezik u\u017eiva dolo\u010deno stopnjo prilagodljivosti, kar vam omogo\u010da, da poudarite dolo\u010dene dele stavka s preklopom vrstnega <a href=\"https:\/\/talkpal.ai\/locations\/learn-english-in-reda\/\">reda<\/a> besed. Primeri morajo biti pravilno uporabljeni, da se izognete zmedi in prenesete predvideni pomen.<\/p>\n\n\n\n<h3 class=\"wp-block-heading\" id=\"h-6-pronouns-and-prepositions\">6. Zaimki in predlogi:<\/h3>\n\n\n\n<p>Na slovenske zaimke, tako kot na druge elemente jezika, vplivajo spol, \u0161tevilo in primer. Na voljo so v razli\u010dnih oblikah, kot so osebne, posesivne, demonstrativne in refleksivne. Spoznavanje slovenskih predlogov vam bo pomagalo tudi povezati besede in besedne zveze v bolj zapletene stavke.<\/p>\n\n\n\n<p>Torej, zdaj \u017ee imate osnovno razumevanje slovenske slovnice! Ne pozabite, da je za znanje katerega koli jezika potrebna predanost in praksa. Sprejmite izzive in se ne obotavljajte u\u010diti na napakah. Ne pozabite, da je u\u010denje novega jezika vznemirljivo potovanje, polno nepozabnih izku\u0161enj in nagrajujo\u010dih odkritij. Sre\u010dno!<\/p>\n<\/div><\/div>\n\r\n<section class=\"learnNavigationSection\">\r\n            \r\n        <a href=\"https:\/\/talkpal.ai\/sl\/naucite-se-slovenscine\/\">\r\n            <div class=\"learnNavigationWrapper\">\r\n                <div class=\"learnNavigationContent\">\r\n                    <img decoding=\"async\" src=\"https:\/\/talkpal.ai\/wp-content\/uploads\/2024\/08\/Slovenian.jpg\" alt=\"Slovenian Flag\">\r\n                    <div>\r\n                        <h4>O u\u010denju sloven\u0161\u010dine<\/h4>\r\n                        <p>Izvedite vse o sloven\u0161\u010dini slovnica.<\/p>\r\n                    <\/div>\r\n                <\/div>\r\n            <\/div>\r\n        <\/a>\r\n\r\n        \r\n        <a href=\"https:\/\/talkpal.ai\/sl\/slovenske-slovnicne-vaje\/\">\r\n            <div class=\"learnNavigationWrapper\">\r\n                <div class=\"learnNavigationContent\">\r\n                    <img decoding=\"async\" src=\"https:\/\/talkpal.ai\/wp-content\/uploads\/2024\/08\/Slovenian.jpg\" alt=\"Slovenian Flag\">\r\n                    <div>\r\n                        <h4>Vaja iz slovenske slovnice<\/h4>\r\n                        <p>Vadba sloven\u0161\u010dine slovnica.<\/p>\r\n                    <\/div>\r\n                <\/div>\r\n            <\/div>\r\n        <\/a>\r\n\r\n        \r\n        <a href=\"https:\/\/talkpal.ai\/vocabulary_language\/slovenian\/\">\r\n            <div class=\"learnNavigationWrapper\">\r\n                <div class=\"learnNavigationContent\">\r\n                    <img decoding=\"async\" src=\"https:\/\/talkpal.ai\/wp-content\/uploads\/2024\/08\/Slovenian.jpg\" alt=\"Slovenian Flag\">\r\n                    <div>\r\n                        <h4>Slovensko besedi\u0161\u010de<\/h4>\r\n                        <p>Raz\u0161irite svoj slovenski besedni zaklad.<\/p>\r\n                    <\/div>\r\n                <\/div>\r\n            <\/div>\r\n        <\/a>\r\n\r\n            <\/section>","protected":false},"excerpt":{"rendered":"<p>Slovenska slovnica: kratek uvod za ljubitelje jezika Ste se pripravljeni potopiti v o\u010darljiv svet sloven\u0161\u010dine, osupljivega slovanskega jezika? \u010caka vas u\u017eitek! Kratek vodnik vam bo ponudil vpogled v slovensko slovnico, ki je bistvena za razumevanje in obvladovanje tega o\u010darljivega jezika. Podajmo se torej na to jezikovno pustolov\u0161\u010dino in korak za korakom raziskujmo zapletenosti slovenske slovnice. [&hellip;]<\/p>\n","protected":false},"author":1,"featured_media":71528,"parent":0,"menu_order":0,"comment_status":"closed","ping_status":"closed","template":"LearningContentPage.php","meta":{"_acf_changed":false,"footnotes":""},"class_list":["post-75214","page","type-page","status-publish","has-post-thumbnail","hentry"],"acf":[],"yoast_head":"<!-- This site is optimized with the Yoast SEO Premium plugin v27.2 (Yoast SEO v27.2) - https:\/\/yoast.com\/product\/yoast-seo-premium-wordpress\/ -->\n<title>Slovenska slovnica - Talkpal<\/title>\n<meta name=\"description\" content=\"Spoznajte zapleteno slovensko slovnico za bolj\u0161e jezikovno znanje in razumevanje. Osvojite umetnost slovnice \u0161e danes.\" \/>\n<meta name=\"robots\" content=\"index, follow, max-snippet:-1, max-image-preview:large, max-video-preview:-1\" \/>\n<link rel=\"canonical\" href=\"https:\/\/talkpal.ai\/sl\/slovenska-slovnica\/\" \/>\n<meta property=\"og:locale\" content=\"sl_SI\" \/>\n<meta property=\"og:type\" content=\"article\" \/>\n<meta property=\"og:title\" content=\"Slovenska slovnica\" \/>\n<meta property=\"og:description\" content=\"Slovenska slovnica: kratek uvod za ljubitelje jezika Ste se pripravljeni potopiti v o\u010darljiv svet sloven\u0161\u010dine, osupljivega slovanskega jezika? \u010caka vas\" \/>\n<meta property=\"og:url\" content=\"https:\/\/talkpal.ai\/sl\/slovenska-slovnica\/\" \/>\n<meta property=\"og:site_name\" content=\"Talkpal\" \/>\n<meta property=\"article:publisher\" content=\"https:\/\/www.facebook.com\/profile.php?id=100090733639311\" \/>\n<meta property=\"article:modified_time\" content=\"2025-12-12T11:14:09+00:00\" \/>\n<meta property=\"og:image\" content=\"https:\/\/talkpal.ai\/wp-content\/uploads\/2023\/05\/slovenia.png\" \/>\n\t<meta property=\"og:image:width\" content=\"512\" \/>\n\t<meta property=\"og:image:height\" content=\"512\" \/>\n\t<meta property=\"og:image:type\" content=\"image\/png\" \/>\n<meta name=\"twitter:card\" content=\"summary_large_image\" \/>\n<meta name=\"twitter:site\" content=\"@talkpalai\" \/>\n<meta name=\"twitter:label1\" content=\"Est. reading time\" \/>\n\t<meta name=\"twitter:data1\" content=\"2 minuti\" \/>\n<script type=\"application\/ld+json\" class=\"yoast-schema-graph\">{\"@context\":\"https:\/\/schema.org\",\"@graph\":[{\"@type\":\"WebPage\",\"@id\":\"https:\/\/talkpal.ai\/sl\/slovenska-slovnica\/\",\"url\":\"https:\/\/talkpal.ai\/sl\/slovenska-slovnica\/\",\"name\":\"Slovenska slovnica - Talkpal\",\"isPartOf\":{\"@id\":\"https:\/\/talkpal.ai\/sl\/#website\"},\"primaryImageOfPage\":{\"@id\":\"https:\/\/talkpal.ai\/sl\/slovenska-slovnica\/#primaryimage\"},\"image\":{\"@id\":\"https:\/\/talkpal.ai\/sl\/slovenska-slovnica\/#primaryimage\"},\"thumbnailUrl\":\"https:\/\/talkpal.ai\/wp-content\/uploads\/2023\/05\/slovenia.png\",\"datePublished\":\"2023-05-14T14:20:10+00:00\",\"dateModified\":\"2025-12-12T11:14:09+00:00\",\"description\":\"Spoznajte zapleteno slovensko slovnico za bolj\u0161e jezikovno znanje in razumevanje. Osvojite umetnost slovnice \u0161e danes.\",\"breadcrumb\":{\"@id\":\"https:\/\/talkpal.ai\/sl\/slovenska-slovnica\/#breadcrumb\"},\"inLanguage\":\"sl-SI\",\"potentialAction\":[{\"@type\":\"ReadAction\",\"target\":[\"https:\/\/talkpal.ai\/sl\/slovenska-slovnica\/\"]}]},{\"@type\":\"ImageObject\",\"inLanguage\":\"sl-SI\",\"@id\":\"https:\/\/talkpal.ai\/sl\/slovenska-slovnica\/#primaryimage\",\"url\":\"https:\/\/talkpal.ai\/wp-content\/uploads\/2023\/05\/slovenia.png\",\"contentUrl\":\"https:\/\/talkpal.ai\/wp-content\/uploads\/2023\/05\/slovenia.png\",\"width\":512,\"height\":512},{\"@type\":\"BreadcrumbList\",\"@id\":\"https:\/\/talkpal.ai\/sl\/slovenska-slovnica\/#breadcrumb\",\"itemListElement\":[{\"@type\":\"ListItem\",\"position\":1,\"name\":\"Homepage\",\"item\":\"https:\/\/talkpal.ai\/sl\/\"},{\"@type\":\"ListItem\",\"position\":2,\"name\":\"Slovenska slovnica\"}]},{\"@type\":\"WebSite\",\"@id\":\"https:\/\/talkpal.ai\/sl\/#website\",\"url\":\"https:\/\/talkpal.ai\/sl\/\",\"name\":\"Talkpal\",\"description\":\"AI Language Learning\",\"publisher\":{\"@id\":\"https:\/\/talkpal.ai\/sl\/#organization\"},\"alternateName\":\"Talkpal AI\",\"potentialAction\":[{\"@type\":\"SearchAction\",\"target\":{\"@type\":\"EntryPoint\",\"urlTemplate\":\"https:\/\/talkpal.ai\/sl\/?s={search_term_string}\"},\"query-input\":{\"@type\":\"PropertyValueSpecification\",\"valueRequired\":true,\"valueName\":\"search_term_string\"}}],\"inLanguage\":\"sl-SI\"},{\"@type\":\"Organization\",\"@id\":\"https:\/\/talkpal.ai\/sl\/#organization\",\"name\":\"Talkpal, Inc.\",\"alternateName\":\"Talkpal AI\",\"url\":\"https:\/\/talkpal.ai\/sl\/\",\"logo\":{\"@type\":\"ImageObject\",\"inLanguage\":\"sl-SI\",\"@id\":\"https:\/\/talkpal.ai\/sl\/#\/schema\/logo\/image\/\",\"url\":\"https:\/\/talkpal.ai\/wp-content\/uploads\/2024\/03\/Talkpal-Logo-Icon.png\",\"contentUrl\":\"https:\/\/talkpal.ai\/wp-content\/uploads\/2024\/03\/Talkpal-Logo-Icon.png\",\"width\":2880,\"height\":2880,\"caption\":\"Talkpal, Inc.\"},\"image\":{\"@id\":\"https:\/\/talkpal.ai\/sl\/#\/schema\/logo\/image\/\"},\"sameAs\":[\"https:\/\/www.facebook.com\/profile.php?id=100090733639311\",\"https:\/\/x.com\/talkpalai\",\"https:\/\/www.linkedin.com\/company\/talkpal\/\",\"https:\/\/www.youtube.com\/@TalkPal\/\",\"https:\/\/www.tiktok.com\/@talkpal\",\"https:\/\/www.instagram.com\/talkpal_ai\/\",\"https:\/\/www.crunchbase.com\/organization\/talkpal-9cde\",\"https:\/\/www.g2.com\/products\/talkpal-for-business\/\",\"https:\/\/www.trustpilot.com\/review\/talkpal.ai\",\"https:\/\/www.capterra.com\/p\/10006800\/TalkPal\/\"],\"description\":\"Talkpal is a language learning web and mobile education app, powered by the latest AI technologies, that provides engaging experiences to its customers in many different languages to help them improve their language skills. Users can chat about unlimited amount of topics with the app and use other modes to practice their language learning.\",\"email\":\"support@talkpal.ai\",\"legalName\":\"Talkpal, Inc.\",\"foundingDate\":\"2023-04-03\",\"duns\":\"118989042\",\"numberOfEmployees\":{\"@type\":\"QuantitativeValue\",\"minValue\":\"11\",\"maxValue\":\"50\"},\"publishingPrinciples\":\"https:\/\/talkpal.ai\/publishing-principles\/\",\"actionableFeedbackPolicy\":\"https:\/\/talkpal.ai\/actionable-feedback-policy\/\",\"correctionsPolicy\":\"https:\/\/talkpal.ai\/corrections-policy\/\",\"ethicsPolicy\":\"https:\/\/talkpal.ai\/ethics-policy\/\",\"diversityPolicy\":\"https:\/\/talkpal.ai\/diversity-policy\/\",\"diversityStaffingReport\":\"https:\/\/talkpal.ai\/diversity-policy\/\"}]}<\/script>\n<!-- \/ Yoast SEO Premium plugin. -->","yoast_head_json":{"title":"Slovenska slovnica - Talkpal","description":"Spoznajte zapleteno slovensko slovnico za bolj\u0161e jezikovno znanje in razumevanje. Osvojite umetnost slovnice \u0161e danes.","robots":{"index":"index","follow":"follow","max-snippet":"max-snippet:-1","max-image-preview":"max-image-preview:large","max-video-preview":"max-video-preview:-1"},"canonical":"https:\/\/talkpal.ai\/sl\/slovenska-slovnica\/","og_locale":"sl_SI","og_type":"article","og_title":"Slovenska slovnica","og_description":"Slovenska slovnica: kratek uvod za ljubitelje jezika Ste se pripravljeni potopiti v o\u010darljiv svet sloven\u0161\u010dine, osupljivega slovanskega jezika? \u010caka vas","og_url":"https:\/\/talkpal.ai\/sl\/slovenska-slovnica\/","og_site_name":"Talkpal","article_publisher":"https:\/\/www.facebook.com\/profile.php?id=100090733639311","article_modified_time":"2025-12-12T11:14:09+00:00","og_image":[{"width":512,"height":512,"url":"https:\/\/talkpal.ai\/wp-content\/uploads\/2023\/05\/slovenia.png","type":"image\/png"}],"twitter_card":"summary_large_image","twitter_site":"@talkpalai","twitter_misc":{"Est. reading time":"2 minuti"},"schema":{"@context":"https:\/\/schema.org","@graph":[{"@type":"WebPage","@id":"https:\/\/talkpal.ai\/sl\/slovenska-slovnica\/","url":"https:\/\/talkpal.ai\/sl\/slovenska-slovnica\/","name":"Slovenska slovnica - Talkpal","isPartOf":{"@id":"https:\/\/talkpal.ai\/sl\/#website"},"primaryImageOfPage":{"@id":"https:\/\/talkpal.ai\/sl\/slovenska-slovnica\/#primaryimage"},"image":{"@id":"https:\/\/talkpal.ai\/sl\/slovenska-slovnica\/#primaryimage"},"thumbnailUrl":"https:\/\/talkpal.ai\/wp-content\/uploads\/2023\/05\/slovenia.png","datePublished":"2023-05-14T14:20:10+00:00","dateModified":"2025-12-12T11:14:09+00:00","description":"Spoznajte zapleteno slovensko slovnico za bolj\u0161e jezikovno znanje in razumevanje. Osvojite umetnost slovnice \u0161e danes.","breadcrumb":{"@id":"https:\/\/talkpal.ai\/sl\/slovenska-slovnica\/#breadcrumb"},"inLanguage":"sl-SI","potentialAction":[{"@type":"ReadAction","target":["https:\/\/talkpal.ai\/sl\/slovenska-slovnica\/"]}]},{"@type":"ImageObject","inLanguage":"sl-SI","@id":"https:\/\/talkpal.ai\/sl\/slovenska-slovnica\/#primaryimage","url":"https:\/\/talkpal.ai\/wp-content\/uploads\/2023\/05\/slovenia.png","contentUrl":"https:\/\/talkpal.ai\/wp-content\/uploads\/2023\/05\/slovenia.png","width":512,"height":512},{"@type":"BreadcrumbList","@id":"https:\/\/talkpal.ai\/sl\/slovenska-slovnica\/#breadcrumb","itemListElement":[{"@type":"ListItem","position":1,"name":"Homepage","item":"https:\/\/talkpal.ai\/sl\/"},{"@type":"ListItem","position":2,"name":"Slovenska slovnica"}]},{"@type":"WebSite","@id":"https:\/\/talkpal.ai\/sl\/#website","url":"https:\/\/talkpal.ai\/sl\/","name":"Talkpal","description":"AI Language Learning","publisher":{"@id":"https:\/\/talkpal.ai\/sl\/#organization"},"alternateName":"Talkpal AI","potentialAction":[{"@type":"SearchAction","target":{"@type":"EntryPoint","urlTemplate":"https:\/\/talkpal.ai\/sl\/?s={search_term_string}"},"query-input":{"@type":"PropertyValueSpecification","valueRequired":true,"valueName":"search_term_string"}}],"inLanguage":"sl-SI"},{"@type":"Organization","@id":"https:\/\/talkpal.ai\/sl\/#organization","name":"Talkpal, Inc.","alternateName":"Talkpal AI","url":"https:\/\/talkpal.ai\/sl\/","logo":{"@type":"ImageObject","inLanguage":"sl-SI","@id":"https:\/\/talkpal.ai\/sl\/#\/schema\/logo\/image\/","url":"https:\/\/talkpal.ai\/wp-content\/uploads\/2024\/03\/Talkpal-Logo-Icon.png","contentUrl":"https:\/\/talkpal.ai\/wp-content\/uploads\/2024\/03\/Talkpal-Logo-Icon.png","width":2880,"height":2880,"caption":"Talkpal, Inc."},"image":{"@id":"https:\/\/talkpal.ai\/sl\/#\/schema\/logo\/image\/"},"sameAs":["https:\/\/www.facebook.com\/profile.php?id=100090733639311","https:\/\/x.com\/talkpalai","https:\/\/www.linkedin.com\/company\/talkpal\/","https:\/\/www.youtube.com\/@TalkPal\/","https:\/\/www.tiktok.com\/@talkpal","https:\/\/www.instagram.com\/talkpal_ai\/","https:\/\/www.crunchbase.com\/organization\/talkpal-9cde","https:\/\/www.g2.com\/products\/talkpal-for-business\/","https:\/\/www.trustpilot.com\/review\/talkpal.ai","https:\/\/www.capterra.com\/p\/10006800\/TalkPal\/"],"description":"Talkpal is a language learning web and mobile education app, powered by the latest AI technologies, that provides engaging experiences to its customers in many different languages to help them improve their language skills. Users can chat about unlimited amount of topics with the app and use other modes to practice their language learning.","email":"support@talkpal.ai","legalName":"Talkpal, Inc.","foundingDate":"2023-04-03","duns":"118989042","numberOfEmployees":{"@type":"QuantitativeValue","minValue":"11","maxValue":"50"},"publishingPrinciples":"https:\/\/talkpal.ai\/publishing-principles\/","actionableFeedbackPolicy":"https:\/\/talkpal.ai\/actionable-feedback-policy\/","correctionsPolicy":"https:\/\/talkpal.ai\/corrections-policy\/","ethicsPolicy":"https:\/\/talkpal.ai\/ethics-policy\/","diversityPolicy":"https:\/\/talkpal.ai\/diversity-policy\/","diversityStaffingReport":"https:\/\/talkpal.ai\/diversity-policy\/"}]}},"_links":{"self":[{"href":"https:\/\/talkpal.ai\/sl\/wp-json\/wp\/v2\/pages\/75214","targetHints":{"allow":["GET"]}}],"collection":[{"href":"https:\/\/talkpal.ai\/sl\/wp-json\/wp\/v2\/pages"}],"about":[{"href":"https:\/\/talkpal.ai\/sl\/wp-json\/wp\/v2\/types\/page"}],"author":[{"embeddable":true,"href":"https:\/\/talkpal.ai\/sl\/wp-json\/wp\/v2\/users\/1"}],"replies":[{"embeddable":true,"href":"https:\/\/talkpal.ai\/sl\/wp-json\/wp\/v2\/comments?post=75214"}],"version-history":[{"count":0,"href":"https:\/\/talkpal.ai\/sl\/wp-json\/wp\/v2\/pages\/75214\/revisions"}],"wp:featuredmedia":[{"embeddable":true,"href":"https:\/\/talkpal.ai\/sl\/wp-json\/wp\/v2\/media\/71528"}],"wp:attachment":[{"href":"https:\/\/talkpal.ai\/sl\/wp-json\/wp\/v2\/media?parent=75214"}],"curies":[{"name":"wp","href":"https:\/\/api.w.org\/{rel}","templated":true}]}}