{"id":166807,"date":"2023-04-03T14:56:00","date_gmt":"2023-04-03T14:56:00","guid":{"rendered":"http:\/\/talkpal.ai\/o\/"},"modified":"2026-03-06T16:35:55","modified_gmt":"2026-03-06T16:35:55","slug":"o","status":"publish","type":"page","link":"https:\/\/talkpal.ai\/sl\/o\/","title":{"rendered":"O"},"content":{"rendered":"\n<p id=\"h-\"><a href=\"https:\/\/talkpal.ai\/ko\/ai-%ec%96%b8%ec%96%b4-%ea%b5%90%ec%82%ac\/\">Talkpal<\/a>, Inc. je podjetje za <a href=\"https:\/\/talkpal.ai\/sl\/ucenje-jezikov-z-umetno-inteligenco-se-nikoli-ni-bilo-tako-enostavno\/\">u\u010denje jezikov<\/a> z umetno inteligenco, ki si prizadeva, da bi bilo govorjenje kateregakoli jezika dostopno vsem in povsod. Talkpal razvija eno najnaprednej\u0161ih platform za u\u010denje jezikov z umetno inteligenco na svetu, ki milijonom u\u010dencev pomaga samozavestno vaditi resni\u010dne pogovore.<\/p>\n\n<p>Podjetje Talkpal, ustanovljeno leta 2023, temelji na preprostem, a mo\u010dnem prepri\u010danju: u\u010denje jezikov ne sme biti privilegij in <a href=\"https:\/\/talkpal.ai\/locations\/language-courses-in-mora\/\">mora<\/a> biti dostopno vsem. Z zdru\u017eevanjem vrhunske umetne inteligence z jezikovnim strokovnim znanjem in raziskavami Talkpal odpravlja tradicionalne ovire, kot so stro\u0161ki, \u010das in strah pred govorjenjem, ter jih nadome\u0161\u010da s prilagojeno vadbo brez pritiska, ki <a href=\"https:\/\/talkpal.ai\/culture\/what-is-the-difference-between-je-and-na-for-i\/\">je na<\/a> voljo na ve\u010d platformah 24 ur na dan in 7 dni v tednu.<\/p>\n\n<p>Danes Talkpal podpira ve\u010d kot 80 jezikov, uporablja ve\u010d milijonov u\u010dencev v ve\u010d kot 180 dr\u017eavah ter je na voljo na spletu, <a href=\"https:\/\/talkpal.ai\/es\/descargar-la-aplicacion-talkpal-para-android-e-ios\/\">iOS<\/a> in Androidu.<\/p>\n\n<h2 class=\"wp-block-heading\" id=\"h-our-mission\">Na\u0161e poslanstvo<\/h2>\n\n<p>Na\u0161e poslanstvo je revolucionirati u\u010denje jezikov z zagotavljanjem zanimive, interaktivne in prilagojene izku\u0161nje jezikovnega tutorstva, ki ga poganja <a href=\"https:\/\/talkpal.ai\/sl\/govorjenje-z-umetno-inteligenco\/\">umetna inteligenca<\/a>.<br\/><br\/>Prizadevamo si odpraviti jezikovne ovire, spodbujati globalne povezave in gojiti skupnost strastnih u\u010dencev, ki jim omogo\u010dajo, da samozavestno in teko\u010de komunicirajo v izbranem jeziku.<\/p>\n\n<h2 class=\"wp-block-heading\" id=\"h-our-vision\">Na\u0161a vizija<\/h2>\n\n<p>Na\u0161a vizija je postati vodilni svetovni jezikovni tutor z umetno inteligenco, ki bo spremenil <a href=\"https:\/\/talkpal.ai\/best-way-to-learn\/\">na\u010din u\u010denja<\/a> jezikov s pomo\u010djo poglobljenih pogovorov, ki temeljijo na kontekstu, in prilagodljive tehnologije u\u010denja.<br\/><br\/>Na\u0161 cilj je navdihniti in negovati ljubezen do u\u010denja jezikov, spodbujati kulturno izmenjavo in premostiti \u010dezmejno komunikacijsko vrzel, s \u010dimer bi na koncu oblikovali bolj povezan in razumljiv svet.<\/p>\n\n<h2 class=\"wp-block-heading\" id=\"h-our-story\">Na\u0161a zgodba<\/h2>\n\n<p>Podjetje Talkpal sta ustanovila David Gegechkori (na sliki levo) in Dimitri Dekanozishvili (na sliki desno) zaradi skupnega razo\u010daranja nad tradicionalnimi metodami u\u010denja jezikov, ki u\u010dencev pogosto ne pripravijo na govorjenje v resni\u010dnem svetu.<\/p>\n\n<div class=\"wp-block-columns is-layout-flex wp-container-core-columns-is-layout-9d6595d7 wp-block-columns-is-layout-flex\">\n<div class=\"wp-block-column is-layout-flow wp-block-column-is-layout-flow\" style=\"flex-basis:50%\"><div class=\"wp-block-image\">\n<figure class=\"alignleft size-large\"><img decoding=\"async\" width=\"1024\" height=\"683\" src=\"https:\/\/talkpal.ai\/wp-content\/uploads\/2025\/12\/Talkpal-Entrepreneur-1024x683.jpg\" alt=\"\" class=\"wp-image-1557444\" style=\"aspect-ratio:1.4992888417882142\" srcset=\"https:\/\/talkpal.ai\/wp-content\/uploads\/2025\/12\/Talkpal-Entrepreneur-1024x683.jpg 1024w, https:\/\/talkpal.ai\/wp-content\/uploads\/2025\/12\/Talkpal-Entrepreneur-300x200.jpg 300w, https:\/\/talkpal.ai\/wp-content\/uploads\/2025\/12\/Talkpal-Entrepreneur-768x512.jpg 768w, https:\/\/talkpal.ai\/wp-content\/uploads\/2025\/12\/Talkpal-Entrepreneur.jpg 1344w\" sizes=\"(max-width: 1024px) 100vw, 1024px\" \/><\/figure>\n<\/div><\/div>\n\n\n\n<div class=\"wp-block-column is-layout-flow wp-block-column-is-layout-flow\" style=\"flex-basis:50%\">\n<p>Od samega za\u010detka je bil cilj jasen: ustvariti jezikovni spremljevalec z umetno inteligenco, ki bo manj podoben u\u010dbeniku in bolj podpornemu pogovornemu partnerju. Ime &#8220;Talkpal&#8221; odra\u017ea to filozofijo &#8211; prijazen, vedno na voljo spremljevalec, ki u\u010dence spodbuja, da vadijo govorjenje brez strahu pred obsodbo.<\/p>\n\n\n\n<p>Talkpal je za\u010del kot spletni izdelek, se hitro raz\u0161iril na mobilne platforme in zbral globalno ekipo in\u017eenirjev umetne inteligence, jezikoslovcev, pedagogov, tr\u017enikov in oblikovalcev izdelkov. Z nenehnim izpopolnjevanjem, raziskavami in povratnimi informacijami uporabnikov se je Talkpal razvil v celovito platformo za u\u010denje jezikov z umetno inteligenco, ki ji zaupajo milijoni ljudi po vsem svetu.<\/p>\n<\/div>\n<\/div>\n\n<h2 class=\"wp-block-heading\" id=\"h-what-we-do\">Kaj po\u010dnemo<\/h2>\n\n<p>Talkpal zagotavlja izku\u0161nje z u\u010denjem besedila in glasovnega u\u010denja s pomo\u010djo umetne inteligence, ki so zasnovane tako, da simulirajo resni\u010dno \u010dlove\u0161ko interakcijo. Na\u0161a platforma se dinami\u010dno prilagaja stopnji, ciljem in na\u010dinu u\u010denja vsakega u\u010denca.<\/p>\n\n<p>Klju\u010dne zmo\u017enosti vklju\u010dujejo:<\/p>\n\n<ul class=\"wp-block-list\">\n<li>Naravni pogovori z umetno inteligenco za vadbo govora<\/li>\n\n\n\n<li>povratne informacije v realnem \u010dasu o izgovorjavi, slovnici in teko\u010dnosti<\/li>\n\n\n\n<li>Podpora za za\u010detnike in napredne u\u010dence<\/li>\n\n\n\n<li>Pouk ve\u010d kot 80 svetovnih jezikov, vklju\u010dno z angle\u0161\u010dino, \u0161pan\u0161\u010dino, nem\u0161\u010dino, franco\u0161\u010dino, italijan\u0161\u010dino, japon\u0161\u010dino, kitaj\u0161\u010dino, korej\u0161\u010dino, arab\u0161\u010dino, nizozem\u0161\u010dino, portugal\u0161\u010dino, \u0161ved\u0161\u010dino, hebrej\u0161\u010dino, gr\u0161\u010dino, tur\u0161\u010dino, fin\u0161\u010dino in afrikaansom, alban\u0161\u010dino, armen\u0161\u010dino, asam\u0161\u010dino, azerbajd\u017ean\u0161\u010dino, baskov\u0161\u010dino, beloru\u0161\u010dino, bengal\u0161\u010dino, bosan\u0161\u010dino, bolgar\u0161\u010dino, burman\u0161\u010dino, kanton\u0161\u010dino, katalon\u0161\u010dino, hrva\u0161\u010dino, \u010de\u0161\u010dino, dan\u0161\u010dino, eston\u0161\u010dino, gal\u0161\u010dino, gruzij\u0161\u010dino, gud\u017earatijo, hinduj\u0161\u010dino, mad\u017earski, islandski, indonezijski, irski, javanski, kanadski, kazahstanski, kmerski, lao\u0161ki, latvijski, litovski, makedonski, malajski, malajalamski, malte\u0161ki, maorski, marathi, mongolski, nepalski, norve\u0161ki, odijski, pa\u0161tun\u0161\u010dina, perzij\u0161\u010dina, polj\u0161\u010dina, pand\u017eab\u0161\u010dina, romun\u0161\u010dina, ru\u0161\u010dina, srb\u0161\u010dina, singal\u0161\u010dina, slova\u0161\u010dina, sloven\u0161\u010dina, somal\u0161\u010dina, svahili, tagalog, tamil\u0161\u010dina, telugu, taj\u0161\u010dina, ukrajin\u0161\u010dina, urdu, uzbe\u0161\u010dina, vietnam\u0161\u010dina, vali\u017ean\u0161\u010dina, zulu in drugo<\/li>\n\n\n\n<li>Model freemium s prilagodljivimi naro\u010dni\u0161kimi na\u010drti<\/li>\n\n\n\n<li>namenske re\u0161itve za univerze, jezikovne \u0161ole, podjetja in druge organizacije<\/li>\n<\/ul>\n\n<p>Na\u0161e vsebine in sisteme razvijamo v sodelovanju s strokovnjaki za jezike in raziskovalci umetne inteligence, kar zagotavlja pedago\u0161ko in tehni\u010dno odli\u010dnost.<\/p>\n\n<h2 class=\"wp-block-heading\" id=\"h-research-backed-learning\">U\u010denje na podlagi raziskav<\/h2>\n\n<p>U\u010dinkovitost Talkpal je bila preu\u010dena v \u0161tevilnih znanstvenih \u0161tudijah, zlasti v kontekstu ESL in EFL. Raziskave so pokazale statisti\u010dno pomembne izbolj\u0161ave teko\u010dnosti govora, izgovarjave, slovnice in samozavesti u\u010dencev pri uporabi konverzacijskih orodij na osnovi umetne inteligence, kot je Talkpal.<\/p>\n\n<p>Ta pristop, ki temelji na raziskavah, podpira na\u0161o zavezanost k ustvarjanju ne le inovativne tehnologije, temve\u010d tudi merljivo u\u010dinkovitih izku\u0161enj pri u\u010denju jezikov.<\/p>\n\n<h2 class=\"wp-block-heading\" id=\"h-trusted-by-learners-worldwide\">Zaupanje u\u010dencev po vsem svetu<\/h2>\n\n<p>Talkpal zaupa na milijone uporabnikov po vsem svetu, v trgovinah z aplikacijami in na platformah za pregledovanje pa dosledno prejema visoke ocene. U\u010denci pogosto poudarjajo:<\/p>\n\n<ul class=\"wp-block-list\">\n<li>Okolje brez pritiska za vadbo govora<\/li>\n\n\n\n<li>Takoj\u0161nje povratne informacije, ki jih je mogo\u010de uporabiti<\/li>\n\n\n\n<li>Prilagodljivost za u\u010denje kadar koli in kjer koli<\/li>\n\n\n\n<li>Mo\u017enost vadbe brez \u010dlove\u0161kega jezikovnega partnerja<\/li>\n<\/ul>\n\n<h2 class=\"wp-block-heading\" id=\"h-our-commitment\">Na\u0161a zaveza<\/h2>\n\n<p>V Talkpal smo zavezani k:<\/p>\n\n<ul class=\"wp-block-list\">\n<li><strong>Inovacije &#8211;<\/strong> stalen napredek na podro\u010dju umetne inteligence in izobra\u017eevalne tehnologije<\/li>\n\n\n\n<li><strong>Kakovost &#8211;<\/strong> z raziskavami podprte u\u010dne izku\u0161nje<\/li>\n\n\n\n<li><strong>Dostopnost &#8211;<\/strong> cenovno dostopno in vklju\u010dujo\u010de u\u010denje jezikov za vse<\/li>\n\n\n\n<li><strong>Globalni vpliv &#8211;<\/strong> krepitev komunikacije med kulturami<\/li>\n<\/ul>\n\n<p>Verjamemo, da lahko jezik spreminja \u017eivljenja, z umetno inteligenco pa lahko ta mo\u010d dose\u017ee vsakogar.<\/p>\n\n<p><\/p>\n","protected":false},"excerpt":{"rendered":"<p>Talkpal, Inc. je podjetje za u\u010denje jezikov z umetno inteligenco, ki si prizadeva, da bi bilo govorjenje kateregakoli jezika dostopno vsem in povsod. Talkpal razvija eno najnaprednej\u0161ih platform za u\u010denje jezikov z umetno inteligenco na svetu, ki milijonom u\u010dencev pomaga samozavestno vaditi resni\u010dne pogovore. Podjetje Talkpal, ustanovljeno leta 2023, temelji na preprostem, a mo\u010dnem prepri\u010danju: [&hellip;]<\/p>\n","protected":false},"author":1,"featured_media":197980,"parent":0,"menu_order":0,"comment_status":"closed","ping_status":"closed","template":"","meta":{"_acf_changed":false,"footnotes":""},"class_list":["post-166807","page","type-page","status-publish","has-post-thumbnail","hentry"],"acf":[],"yoast_head":"<!-- This site is optimized with the Yoast SEO Premium plugin v27.2 (Yoast SEO v27.2) - https:\/\/yoast.com\/product\/yoast-seo-premium-wordpress\/ -->\n<title>O - Talkpal<\/title>\n<meta name=\"description\" content=\"Talkpal je AI jezikovni tutor, ki ga poganja GPT, ustanovljen z vero, da mora biti u\u010denje jezikov dostopno vsem.\" \/>\n<meta name=\"robots\" content=\"index, follow, max-snippet:-1, max-image-preview:large, max-video-preview:-1\" \/>\n<link rel=\"canonical\" href=\"https:\/\/talkpal.ai\/sl\/o\/\" \/>\n<meta property=\"og:locale\" content=\"sl_SI\" \/>\n<meta property=\"og:type\" content=\"article\" \/>\n<meta property=\"og:title\" content=\"O\" \/>\n<meta property=\"og:description\" content=\"Talkpal, Inc. je podjetje za u\u010denje jezikov z umetno inteligenco, ki si prizadeva, da bi bilo govorjenje kateregakoli jezika dostopno vsem in povsod.\" \/>\n<meta property=\"og:url\" content=\"https:\/\/talkpal.ai\/sl\/o\/\" \/>\n<meta property=\"og:site_name\" content=\"Talkpal\" \/>\n<meta property=\"article:publisher\" content=\"https:\/\/www.facebook.com\/profile.php?id=100090733639311\" \/>\n<meta property=\"article:modified_time\" content=\"2026-03-06T16:35:55+00:00\" \/>\n<meta property=\"og:image\" content=\"https:\/\/talkpal.ai\/wp-content\/uploads\/2024\/03\/Talkpal-Logo-Icon.png\" \/>\n\t<meta property=\"og:image:width\" content=\"5000\" \/>\n\t<meta property=\"og:image:height\" content=\"5000\" \/>\n\t<meta property=\"og:image:type\" content=\"image\/png\" \/>\n<meta name=\"twitter:card\" content=\"summary_large_image\" \/>\n<meta name=\"twitter:site\" content=\"@talkpalai\" \/>\n<meta name=\"twitter:label1\" content=\"Est. reading time\" \/>\n\t<meta name=\"twitter:data1\" content=\"4 minute\" \/>\n<script type=\"application\/ld+json\" class=\"yoast-schema-graph\">{\"@context\":\"https:\/\/schema.org\",\"@graph\":[{\"@type\":\"WebPage\",\"@id\":\"https:\/\/talkpal.ai\/sl\/o\/\",\"url\":\"https:\/\/talkpal.ai\/sl\/o\/\",\"name\":\"O - Talkpal\",\"isPartOf\":{\"@id\":\"https:\/\/talkpal.ai\/sl\/#website\"},\"primaryImageOfPage\":{\"@id\":\"https:\/\/talkpal.ai\/sl\/o\/#primaryimage\"},\"image\":{\"@id\":\"https:\/\/talkpal.ai\/sl\/o\/#primaryimage\"},\"thumbnailUrl\":\"https:\/\/talkpal.ai\/wp-content\/uploads\/2024\/03\/Talkpal-Logo-Icon.png\",\"datePublished\":\"2023-04-03T14:56:00+00:00\",\"dateModified\":\"2026-03-06T16:35:55+00:00\",\"description\":\"Talkpal je AI jezikovni tutor, ki ga poganja GPT, ustanovljen z vero, da mora biti u\u010denje jezikov dostopno vsem.\",\"breadcrumb\":{\"@id\":\"https:\/\/talkpal.ai\/sl\/o\/#breadcrumb\"},\"inLanguage\":\"sl-SI\",\"potentialAction\":[{\"@type\":\"ReadAction\",\"target\":[\"https:\/\/talkpal.ai\/sl\/o\/\"]}]},{\"@type\":\"ImageObject\",\"inLanguage\":\"sl-SI\",\"@id\":\"https:\/\/talkpal.ai\/sl\/o\/#primaryimage\",\"url\":\"https:\/\/talkpal.ai\/wp-content\/uploads\/2024\/03\/Talkpal-Logo-Icon.png\",\"contentUrl\":\"https:\/\/talkpal.ai\/wp-content\/uploads\/2024\/03\/Talkpal-Logo-Icon.png\",\"width\":5000,\"height\":5000,\"caption\":\"talkpal logo\"},{\"@type\":\"BreadcrumbList\",\"@id\":\"https:\/\/talkpal.ai\/sl\/o\/#breadcrumb\",\"itemListElement\":[{\"@type\":\"ListItem\",\"position\":1,\"name\":\"Homepage\",\"item\":\"https:\/\/talkpal.ai\/sl\/\"},{\"@type\":\"ListItem\",\"position\":2,\"name\":\"O\"}]},{\"@type\":\"WebSite\",\"@id\":\"https:\/\/talkpal.ai\/sl\/#website\",\"url\":\"https:\/\/talkpal.ai\/sl\/\",\"name\":\"Talkpal\",\"description\":\"AI Language Learning\",\"publisher\":{\"@id\":\"https:\/\/talkpal.ai\/sl\/#organization\"},\"alternateName\":\"Talkpal AI\",\"potentialAction\":[{\"@type\":\"SearchAction\",\"target\":{\"@type\":\"EntryPoint\",\"urlTemplate\":\"https:\/\/talkpal.ai\/sl\/?s={search_term_string}\"},\"query-input\":{\"@type\":\"PropertyValueSpecification\",\"valueRequired\":true,\"valueName\":\"search_term_string\"}}],\"inLanguage\":\"sl-SI\"},{\"@type\":\"Organization\",\"@id\":\"https:\/\/talkpal.ai\/sl\/#organization\",\"name\":\"Talkpal, Inc.\",\"alternateName\":\"Talkpal AI\",\"url\":\"https:\/\/talkpal.ai\/sl\/\",\"logo\":{\"@type\":\"ImageObject\",\"inLanguage\":\"sl-SI\",\"@id\":\"https:\/\/talkpal.ai\/sl\/#\/schema\/logo\/image\/\",\"url\":\"https:\/\/talkpal.ai\/wp-content\/uploads\/2024\/03\/Talkpal-Logo-Icon.png\",\"contentUrl\":\"https:\/\/talkpal.ai\/wp-content\/uploads\/2024\/03\/Talkpal-Logo-Icon.png\",\"width\":2880,\"height\":2880,\"caption\":\"Talkpal, Inc.\"},\"image\":{\"@id\":\"https:\/\/talkpal.ai\/sl\/#\/schema\/logo\/image\/\"},\"sameAs\":[\"https:\/\/www.facebook.com\/profile.php?id=100090733639311\",\"https:\/\/x.com\/talkpalai\",\"https:\/\/www.linkedin.com\/company\/talkpal\/\",\"https:\/\/www.youtube.com\/@TalkPal\/\",\"https:\/\/www.tiktok.com\/@talkpal\",\"https:\/\/www.instagram.com\/talkpal_ai\/\",\"https:\/\/www.crunchbase.com\/organization\/talkpal-9cde\",\"https:\/\/www.g2.com\/products\/talkpal-for-business\/\",\"https:\/\/www.trustpilot.com\/review\/talkpal.ai\",\"https:\/\/www.capterra.com\/p\/10006800\/TalkPal\/\"],\"description\":\"Talkpal is a language learning web and mobile education app, powered by the latest AI technologies, that provides engaging experiences to its customers in many different languages to help them improve their language skills. Users can chat about unlimited amount of topics with the app and use other modes to practice their language learning.\",\"email\":\"support@talkpal.ai\",\"legalName\":\"Talkpal, Inc.\",\"foundingDate\":\"2023-04-03\",\"duns\":\"118989042\",\"numberOfEmployees\":{\"@type\":\"QuantitativeValue\",\"minValue\":\"11\",\"maxValue\":\"50\"},\"publishingPrinciples\":\"https:\/\/talkpal.ai\/publishing-principles\/\",\"actionableFeedbackPolicy\":\"https:\/\/talkpal.ai\/actionable-feedback-policy\/\",\"correctionsPolicy\":\"https:\/\/talkpal.ai\/corrections-policy\/\",\"ethicsPolicy\":\"https:\/\/talkpal.ai\/ethics-policy\/\",\"diversityPolicy\":\"https:\/\/talkpal.ai\/diversity-policy\/\",\"diversityStaffingReport\":\"https:\/\/talkpal.ai\/diversity-policy\/\"}]}<\/script>\n<!-- \/ Yoast SEO Premium plugin. -->","yoast_head_json":{"title":"O - Talkpal","description":"Talkpal je AI jezikovni tutor, ki ga poganja GPT, ustanovljen z vero, da mora biti u\u010denje jezikov dostopno vsem.","robots":{"index":"index","follow":"follow","max-snippet":"max-snippet:-1","max-image-preview":"max-image-preview:large","max-video-preview":"max-video-preview:-1"},"canonical":"https:\/\/talkpal.ai\/sl\/o\/","og_locale":"sl_SI","og_type":"article","og_title":"O","og_description":"Talkpal, Inc. je podjetje za u\u010denje jezikov z umetno inteligenco, ki si prizadeva, da bi bilo govorjenje kateregakoli jezika dostopno vsem in povsod.","og_url":"https:\/\/talkpal.ai\/sl\/o\/","og_site_name":"Talkpal","article_publisher":"https:\/\/www.facebook.com\/profile.php?id=100090733639311","article_modified_time":"2026-03-06T16:35:55+00:00","og_image":[{"width":5000,"height":5000,"url":"https:\/\/talkpal.ai\/wp-content\/uploads\/2024\/03\/Talkpal-Logo-Icon.png","type":"image\/png"}],"twitter_card":"summary_large_image","twitter_site":"@talkpalai","twitter_misc":{"Est. reading time":"4 minute"},"schema":{"@context":"https:\/\/schema.org","@graph":[{"@type":"WebPage","@id":"https:\/\/talkpal.ai\/sl\/o\/","url":"https:\/\/talkpal.ai\/sl\/o\/","name":"O - Talkpal","isPartOf":{"@id":"https:\/\/talkpal.ai\/sl\/#website"},"primaryImageOfPage":{"@id":"https:\/\/talkpal.ai\/sl\/o\/#primaryimage"},"image":{"@id":"https:\/\/talkpal.ai\/sl\/o\/#primaryimage"},"thumbnailUrl":"https:\/\/talkpal.ai\/wp-content\/uploads\/2024\/03\/Talkpal-Logo-Icon.png","datePublished":"2023-04-03T14:56:00+00:00","dateModified":"2026-03-06T16:35:55+00:00","description":"Talkpal je AI jezikovni tutor, ki ga poganja GPT, ustanovljen z vero, da mora biti u\u010denje jezikov dostopno vsem.","breadcrumb":{"@id":"https:\/\/talkpal.ai\/sl\/o\/#breadcrumb"},"inLanguage":"sl-SI","potentialAction":[{"@type":"ReadAction","target":["https:\/\/talkpal.ai\/sl\/o\/"]}]},{"@type":"ImageObject","inLanguage":"sl-SI","@id":"https:\/\/talkpal.ai\/sl\/o\/#primaryimage","url":"https:\/\/talkpal.ai\/wp-content\/uploads\/2024\/03\/Talkpal-Logo-Icon.png","contentUrl":"https:\/\/talkpal.ai\/wp-content\/uploads\/2024\/03\/Talkpal-Logo-Icon.png","width":5000,"height":5000,"caption":"talkpal logo"},{"@type":"BreadcrumbList","@id":"https:\/\/talkpal.ai\/sl\/o\/#breadcrumb","itemListElement":[{"@type":"ListItem","position":1,"name":"Homepage","item":"https:\/\/talkpal.ai\/sl\/"},{"@type":"ListItem","position":2,"name":"O"}]},{"@type":"WebSite","@id":"https:\/\/talkpal.ai\/sl\/#website","url":"https:\/\/talkpal.ai\/sl\/","name":"Talkpal","description":"AI Language Learning","publisher":{"@id":"https:\/\/talkpal.ai\/sl\/#organization"},"alternateName":"Talkpal AI","potentialAction":[{"@type":"SearchAction","target":{"@type":"EntryPoint","urlTemplate":"https:\/\/talkpal.ai\/sl\/?s={search_term_string}"},"query-input":{"@type":"PropertyValueSpecification","valueRequired":true,"valueName":"search_term_string"}}],"inLanguage":"sl-SI"},{"@type":"Organization","@id":"https:\/\/talkpal.ai\/sl\/#organization","name":"Talkpal, Inc.","alternateName":"Talkpal AI","url":"https:\/\/talkpal.ai\/sl\/","logo":{"@type":"ImageObject","inLanguage":"sl-SI","@id":"https:\/\/talkpal.ai\/sl\/#\/schema\/logo\/image\/","url":"https:\/\/talkpal.ai\/wp-content\/uploads\/2024\/03\/Talkpal-Logo-Icon.png","contentUrl":"https:\/\/talkpal.ai\/wp-content\/uploads\/2024\/03\/Talkpal-Logo-Icon.png","width":2880,"height":2880,"caption":"Talkpal, Inc."},"image":{"@id":"https:\/\/talkpal.ai\/sl\/#\/schema\/logo\/image\/"},"sameAs":["https:\/\/www.facebook.com\/profile.php?id=100090733639311","https:\/\/x.com\/talkpalai","https:\/\/www.linkedin.com\/company\/talkpal\/","https:\/\/www.youtube.com\/@TalkPal\/","https:\/\/www.tiktok.com\/@talkpal","https:\/\/www.instagram.com\/talkpal_ai\/","https:\/\/www.crunchbase.com\/organization\/talkpal-9cde","https:\/\/www.g2.com\/products\/talkpal-for-business\/","https:\/\/www.trustpilot.com\/review\/talkpal.ai","https:\/\/www.capterra.com\/p\/10006800\/TalkPal\/"],"description":"Talkpal is a language learning web and mobile education app, powered by the latest AI technologies, that provides engaging experiences to its customers in many different languages to help them improve their language skills. Users can chat about unlimited amount of topics with the app and use other modes to practice their language learning.","email":"support@talkpal.ai","legalName":"Talkpal, Inc.","foundingDate":"2023-04-03","duns":"118989042","numberOfEmployees":{"@type":"QuantitativeValue","minValue":"11","maxValue":"50"},"publishingPrinciples":"https:\/\/talkpal.ai\/publishing-principles\/","actionableFeedbackPolicy":"https:\/\/talkpal.ai\/actionable-feedback-policy\/","correctionsPolicy":"https:\/\/talkpal.ai\/corrections-policy\/","ethicsPolicy":"https:\/\/talkpal.ai\/ethics-policy\/","diversityPolicy":"https:\/\/talkpal.ai\/diversity-policy\/","diversityStaffingReport":"https:\/\/talkpal.ai\/diversity-policy\/"}]}},"_links":{"self":[{"href":"https:\/\/talkpal.ai\/sl\/wp-json\/wp\/v2\/pages\/166807","targetHints":{"allow":["GET"]}}],"collection":[{"href":"https:\/\/talkpal.ai\/sl\/wp-json\/wp\/v2\/pages"}],"about":[{"href":"https:\/\/talkpal.ai\/sl\/wp-json\/wp\/v2\/types\/page"}],"author":[{"embeddable":true,"href":"https:\/\/talkpal.ai\/sl\/wp-json\/wp\/v2\/users\/1"}],"replies":[{"embeddable":true,"href":"https:\/\/talkpal.ai\/sl\/wp-json\/wp\/v2\/comments?post=166807"}],"version-history":[{"count":0,"href":"https:\/\/talkpal.ai\/sl\/wp-json\/wp\/v2\/pages\/166807\/revisions"}],"wp:featuredmedia":[{"embeddable":true,"href":"https:\/\/talkpal.ai\/sl\/wp-json\/wp\/v2\/media\/197980"}],"wp:attachment":[{"href":"https:\/\/talkpal.ai\/sl\/wp-json\/wp\/v2\/media?parent=166807"}],"curies":[{"name":"wp","href":"https:\/\/api.w.org\/{rel}","templated":true}]}}