{"id":164856,"date":"2023-06-16T12:39:48","date_gmt":"2023-06-16T12:39:48","guid":{"rendered":"http:\/\/talkpal.ai\/bolgarske-slovnicne-vaje\/"},"modified":"2025-05-23T11:59:09","modified_gmt":"2025-05-23T11:59:09","slug":"bolgarske-slovnicne-vaje","status":"publish","type":"page","link":"https:\/\/talkpal.ai\/sl\/bolgarske-slovnicne-vaje\/","title":{"rendered":"Bolgarske slovni\u010dne vaje"},"content":{"rendered":"\r\n\r\n\r\n<section class=\"languageChallengeSection\">\r\n    <div class=\"languageInfoWrapper\">\r\n        \r\n        <h1>Bolgarske slovni\u010dne vaje<\/h1>\r\n        <p>\u017delite izbolj\u0161ati znanje bolgarskega jezika? Izvajanje slovni\u010dnih vaj je odli\u010den na\u010din za obvladovanje stav\u010dne strukture, glagolskih oblik in edinstvenih vzorcev bolgarskega jezika. Za\u010dnite delati na bolgarski slovnici \u0161e danes in opazujte, kako z vsako vajo rasteta va\u0161e zaupanje in teko\u010dnost!<\/p>\r\n\r\n                            <a class=\"getStartedHidden\" href=\"https:\/\/app.talkpal.ai\/sl\/signup?lng=\">Za\u010dni<\/a>\r\n        \r\n    <\/div>\r\n\r\n    <figure>\r\n    <img decoding=\"async\" width=\"768\" height=\"768\" src=\"https:\/\/talkpal.ai\/wp-content\/uploads\/2023\/06\/bulgarian-768x768.png\" class=\"languageImage no-lazy\" alt=\"Language learning for deeper cultural understanding\" fetchpriority=\"high\" sizes=\"(max-width: 768px) 150px, 768px\" srcset=\"https:\/\/talkpal.ai\/wp-content\/uploads\/2023\/06\/bulgarian-768x768.png 768w, https:\/\/talkpal.ai\/wp-content\/uploads\/2023\/06\/bulgarian-300x300.png 300w\" \/>\r\n    \r\n\r\n    <\/figure>\r\n\r\n            <a class=\"getStartedVisible\" href=\"https:\/\/app.talkpal.ai\/sl\/signup?lng=\">Za\u010dni<\/a>\r\n    \r\n<\/section>\r\n\r\n\r\n<!-- <section class=\"grammarSection\">\r\n    <div class=\"grammarLinks\">\r\n            <\/div>\r\n<\/section> -->\r\n\r\n\r\n\r\n\r\n<section class=\"promotionalBanner\">\r\n    <p class=\"promotionalText\">Naju\u010dinkovitej\u0161i na\u010din u\u010denja jezika<\/p>\r\n    <a class=\"promotionalLink\" href=\"https:\/\/app.talkpal.ai\/sl\/signup?lng=\">Preizkusite Talkpal brezpla\u010dno<\/a>\r\n<\/section>\n<div class=\"wp-block-group pageContainerStyle\"><div class=\"wp-block-group__inner-container is-layout-constrained wp-block-group-is-layout-constrained\">\n<h2 class=\"wp-block-heading\" id=\"h-bulgarian-grammar-topics\">Teme bolgarske slovnice<\/h2>\n\n\n\n<p><a href=\"https:\/\/talkpal.ai\/learn-bulgarian\/\">Bolgar\u0161\u010dina<\/a> je ju\u017enoslovanski jezik, ki ga govorijo predvsem v Bolgariji, bolgarske skupnosti pa v sosednjih dr\u017eavah. Kot uradni jezik Bolgarije ima pomembno vlogo v kulturi, zgodovini in vsakdanjem \u017eivljenju dr\u017eave. U\u010denje bolgar\u0161\u010dine je lahko koristna izku\u0161nja, saj vam omogo\u010da, da razi\u0161\u010dete bogato literaturo, \u010dudovite pokrajine in okusno kuhinjo dr\u017eave. Za obvladovanje bolgar\u0161\u010dine je bistveno razumeti njeno slovnico, ki ima svoje edinstvene zna\u010dilnosti in strukture. V tem priro\u010dniku bomo raziskali klju\u010dne bolgarske slovni\u010dne teme, ki bi se jih morali nau\u010diti v zaporedju, da bi dosegli trdne temelje v jeziku.<\/p>\n\n\n\n<h3 class=\"wp-block-heading\" id=\"h-1-nouns\">1. Samostalniki:<\/h3>\n\n\n\n<p>Bolgarski samostalniki imajo spol (mo\u0161ki, \u017eenski in srednje), kar je pomembno vedeti, saj vpliva na obliko drugih besed v stavku, kot so pridevniki in \u010dlanki. Imajo tudi edninske in mno\u017einske oblike, vendar za razliko od angle\u0161\u010dine ni primerov.<\/p>\n\n\n\n<h3 class=\"wp-block-heading\" id=\"h-2-articles\">2. \u010clanki:<\/h3>\n\n\n\n<p>V bolgar\u0161\u010dini so izdelki pritrjeni na konec samostalnika, ki ga spreminjajo. Obstajajo dolo\u010deni in nedolo\u010deni \u010dlanki, ki se spreminjajo glede na spol in \u0161tevilo samostalnikov.<\/p>\n\n\n\n<h3 class=\"wp-block-heading\" id=\"h-3-pronouns-determiners\">3. Zaimki\/dolo\u010dniki:<\/h3>\n\n\n\n<p>Bolgar\u0161\u010dina ima osebne, posesivne, demonstrativne, zasli\u0161evalne in relativne zaimke. Po spolu in \u0161tevilu se strinjajo s samostalnikom, ki ga nadomestijo ali spremenijo. Dolo\u010devalniki se uporabljajo za dolo\u010danje ali kvantificiranje samostalnikov.<\/p>\n\n\n\n<h3 class=\"wp-block-heading\" id=\"h-4-adjectives\">4. Pridevniki:<\/h3>\n\n\n\n<p>Pridevniki v bolgar\u0161\u010dini se po spolu, \u0161tevilu in dolo\u010dnosti ujemajo s samostalnikom, ki ga spreminjajo. Imajo tri stopnje primerjave &#8211; pozitivno, komparativno in superlativno.<\/p>\n\n\n\n<h3 class=\"wp-block-heading\" id=\"h-5-adverbs\">5. Prislovi:<\/h3>\n\n\n\n<p>Prislovi spreminjajo glagole, pridevnike ali druge prislove. Njihova oblika se ne spreminja in so bistvenega pomena za izra\u017eanje \u010dasa, kraja, na\u010dina in stopnje.<\/p>\n\n\n\n<h3 class=\"wp-block-heading\" id=\"h-6-verbs\">6. Glagoli:<\/h3>\n\n\n\n<p>Bolgarski glagoli imajo tri glavne konjugacije in so pregibani glede na osebo, \u0161tevilo, \u010das, razpolo\u017eenje in glas. U\u010denje pravilne konjugacije in razumevanje razli\u010dnih vidikov glagolov je klju\u010dnega pomena za pravilno komunikacijo.<\/p>\n\n\n\n<h3 class=\"wp-block-heading\" id=\"h-7-tenses\">7. \u010casi:<\/h3>\n\n\n\n<p>Bolgar\u0161\u010dina ima tri glavne \u010dase &#8211; pretekli, sedanji in prihodnji. U\u010denje oblikovanja in uporabe teh \u010dasov je bistveno za razumevanje in izra\u017eanje \u010dasa v bolgar\u0161\u010dini.<\/p>\n\n\n\n<h3 class=\"wp-block-heading\" id=\"h-8-tense-comparison\">8. Napeta primerjava:<\/h3>\n\n\n\n<p>Sposobnost primerjave razli\u010dnih \u010dasov je pomembna za razumevanje zapletenih stavkov in izra\u017eanje razli\u010dnih \u010dasovnih razmerij v bolgar\u0161\u010dini.<\/p>\n\n\n\n<h3 class=\"wp-block-heading\" id=\"h-9-progressive\">9. Progresivno:<\/h3>\n\n\n\n<p>Progresivni vidik v bolgar\u0161\u010dini se uporablja za opis teko\u010dih ukrepov. Lahko se oblikuje s pomo\u017enimi glagoli in sedanjim participom glavnega glagola.<\/p>\n\n\n\n<h3 class=\"wp-block-heading\" id=\"h-10-perfect-progressive\">10. Popolna progresivna:<\/h3>\n\n\n\n<p>Popoln progresivni vidik zdru\u017euje popolne in napredne vidike za izra\u017eanje dejanj, ki so se za\u010dela v preteklosti, nadaljevala v sedanjosti in se lahko nadaljujejo tudi v prihodnosti.<\/p>\n\n\n\n<h3 class=\"wp-block-heading\" id=\"h-11-conditionals\">11. Pogoji:<\/h3>\n\n\n\n<p>Bolgarski jezik pozna tri vrste pogojnikov &#8211; dejanske, neresni\u010dne in potencialne. Uporabljajo se za izra\u017eanje hipoteti\u010dnih ali nasprotnih dejstev, pa tudi za napovedovanje ali svetovanje.<\/p>\n\n\n\n<h3 class=\"wp-block-heading\" id=\"h-12-prepositions\">12. Predlo\u017eki:<\/h3>\n\n\n\n<p>Predlogi so bistveni za izra\u017eanje odnosov med besedami v stavku. Uporabljajo se za ozna\u010devanje lokacije, \u010dasa, smeri, vzroka in drugih odnosov.<\/p>\n\n\n\n<h3 class=\"wp-block-heading\" id=\"h-13-sentences\">13. Stavki:<\/h3>\n\n\n\n<p>U\u010denje oblikovanja preprostih in zapletenih stavkov v bolgar\u0161\u010dini je klju\u010dnega pomena za u\u010dinkovito komunikacijo. To vklju\u010duje razumevanje pravilnega vrstnega <a href=\"https:\/\/talkpal.ai\/locations\/learn-english-in-reda\/\">reda<\/a> besed, ujemanja med predmetom in glagolom ter uporabo veznikov in drugih stav\u010dnih struktur.<\/p>\n<\/div><\/div>\n\r\n<section class=\"learnNavigationSection\">\r\n            \r\n        <a href=\"https:\/\/talkpal.ai\/sl\/naucite-se-bolgarscine\/\">\r\n            <div class=\"learnNavigationWrapper\">\r\n                <div class=\"learnNavigationContent\">\r\n                    <img decoding=\"async\" src=\"https:\/\/talkpal.ai\/wp-content\/uploads\/2024\/08\/Bulgarian.jpg\" alt=\"Bulgarian Flag\">\r\n                    <div>\r\n                        <h4>O u\u010denju bolgar\u0161\u010dine<\/h4>\r\n                        <p>Izvedite vse o bolgarski slovnici.<\/p>\r\n                    <\/div>\r\n                <\/div>\r\n            <\/div>\r\n        <\/a>\r\n\r\n        \r\n        <a href=\"https:\/\/talkpal.ai\/sl\/bolgarska-slovnica\/\">\r\n            <div class=\"learnNavigationWrapper\">\r\n                <div class=\"learnNavigationContent\">\r\n                    <img decoding=\"async\" src=\"https:\/\/talkpal.ai\/wp-content\/uploads\/2024\/08\/Bulgarian.jpg\" alt=\"Bulgarian Flag\">\r\n                    <div>\r\n                        <h4>Bolgarske lekcije gramatike<\/h4>\r\n                        <p>Vadite bolgarsko slovnico.<\/p>\r\n                    <\/div>\r\n                <\/div>\r\n            <\/div>\r\n        <\/a>\r\n\r\n        \r\n        <a href=\"https:\/\/talkpal.ai\/vocabulary_language\/bulgarian\/\">\r\n            <div class=\"learnNavigationWrapper\">\r\n                <div class=\"learnNavigationContent\">\r\n                    <img decoding=\"async\" src=\"https:\/\/talkpal.ai\/wp-content\/uploads\/2024\/08\/Bulgarian.jpg\" alt=\"Bulgarian Flag\">\r\n                    <div>\r\n                        <h4>Bolgarski besednjak<\/h4>\r\n                        <p>Raz\u0161irite svoj bolgarski besedni zaklad.<\/p>\r\n                    <\/div>\r\n                <\/div>\r\n            <\/div>\r\n        <\/a>\r\n\r\n            <\/section>","protected":false},"excerpt":{"rendered":"<p>Teme bolgarske slovnice Bolgar\u0161\u010dina je ju\u017enoslovanski jezik, ki ga govorijo predvsem v Bolgariji, bolgarske skupnosti pa v sosednjih dr\u017eavah. Kot uradni jezik Bolgarije ima pomembno vlogo v kulturi, zgodovini in vsakdanjem \u017eivljenju dr\u017eave. U\u010denje bolgar\u0161\u010dine je lahko koristna izku\u0161nja, saj vam omogo\u010da, da razi\u0161\u010dete bogato literaturo, \u010dudovite pokrajine in okusno kuhinjo dr\u017eave. Za obvladovanje bolgar\u0161\u010dine [&hellip;]<\/p>\n","protected":false},"author":6,"featured_media":111190,"parent":0,"menu_order":0,"comment_status":"closed","ping_status":"closed","template":"LearningContentPage.php","meta":{"_acf_changed":false,"footnotes":""},"class_list":["post-164856","page","type-page","status-publish","has-post-thumbnail","hentry"],"acf":[],"yoast_head":"<!-- This site is optimized with the Yoast SEO Premium plugin v27.2 (Yoast SEO v27.2) - https:\/\/yoast.com\/product\/yoast-seo-premium-wordpress\/ -->\n<title>Bolgarske slovni\u010dne vaje - Talkpal<\/title>\n<meta name=\"description\" content=\"Izbolj\u0161ajte svoje jezikovno znanje z bolgarskimi slovni\u010dnimi vajami. Osvojite slovnico za trdne temelje bolgar\u0161\u010dine.\" \/>\n<meta name=\"robots\" content=\"index, follow, max-snippet:-1, max-image-preview:large, max-video-preview:-1\" \/>\n<link rel=\"canonical\" href=\"https:\/\/talkpal.ai\/sl\/bolgarske-slovnicne-vaje\/\" \/>\n<meta property=\"og:locale\" content=\"sl_SI\" \/>\n<meta property=\"og:type\" content=\"article\" \/>\n<meta property=\"og:title\" content=\"Bolgarske slovni\u010dne vaje\" \/>\n<meta property=\"og:description\" content=\"Teme bolgarske slovnice Bolgar\u0161\u010dina je ju\u017enoslovanski jezik, ki ga govorijo predvsem v Bolgariji, bolgarske skupnosti pa v sosednjih dr\u017eavah. Kot uradni\" \/>\n<meta property=\"og:url\" content=\"https:\/\/talkpal.ai\/sl\/bolgarske-slovnicne-vaje\/\" \/>\n<meta property=\"og:site_name\" content=\"Talkpal\" \/>\n<meta property=\"article:publisher\" content=\"https:\/\/www.facebook.com\/profile.php?id=100090733639311\" \/>\n<meta property=\"article:modified_time\" content=\"2025-05-23T11:59:09+00:00\" \/>\n<meta property=\"og:image\" content=\"https:\/\/talkpal.ai\/wp-content\/uploads\/2023\/05\/bulgaria.png\" \/>\n\t<meta property=\"og:image:width\" content=\"512\" \/>\n\t<meta property=\"og:image:height\" content=\"512\" \/>\n\t<meta property=\"og:image:type\" content=\"image\/png\" \/>\n<meta name=\"twitter:card\" content=\"summary_large_image\" \/>\n<meta name=\"twitter:site\" content=\"@talkpalai\" \/>\n<meta name=\"twitter:label1\" content=\"Est. reading time\" \/>\n\t<meta name=\"twitter:data1\" content=\"3 minute\" \/>\n<script type=\"application\/ld+json\" class=\"yoast-schema-graph\">{\"@context\":\"https:\/\/schema.org\",\"@graph\":[{\"@type\":\"WebPage\",\"@id\":\"https:\/\/talkpal.ai\/sl\/bolgarske-slovnicne-vaje\/\",\"url\":\"https:\/\/talkpal.ai\/sl\/bolgarske-slovnicne-vaje\/\",\"name\":\"Bolgarske slovni\u010dne vaje - Talkpal\",\"isPartOf\":{\"@id\":\"https:\/\/talkpal.ai\/sl\/#website\"},\"primaryImageOfPage\":{\"@id\":\"https:\/\/talkpal.ai\/sl\/bolgarske-slovnicne-vaje\/#primaryimage\"},\"image\":{\"@id\":\"https:\/\/talkpal.ai\/sl\/bolgarske-slovnicne-vaje\/#primaryimage\"},\"thumbnailUrl\":\"https:\/\/talkpal.ai\/wp-content\/uploads\/2023\/05\/bulgaria.png\",\"datePublished\":\"2023-06-16T12:39:48+00:00\",\"dateModified\":\"2025-05-23T11:59:09+00:00\",\"description\":\"Izbolj\u0161ajte svoje jezikovno znanje z bolgarskimi slovni\u010dnimi vajami. Osvojite slovnico za trdne temelje bolgar\u0161\u010dine.\",\"breadcrumb\":{\"@id\":\"https:\/\/talkpal.ai\/sl\/bolgarske-slovnicne-vaje\/#breadcrumb\"},\"inLanguage\":\"sl-SI\",\"potentialAction\":[{\"@type\":\"ReadAction\",\"target\":[\"https:\/\/talkpal.ai\/sl\/bolgarske-slovnicne-vaje\/\"]}]},{\"@type\":\"ImageObject\",\"inLanguage\":\"sl-SI\",\"@id\":\"https:\/\/talkpal.ai\/sl\/bolgarske-slovnicne-vaje\/#primaryimage\",\"url\":\"https:\/\/talkpal.ai\/wp-content\/uploads\/2023\/05\/bulgaria.png\",\"contentUrl\":\"https:\/\/talkpal.ai\/wp-content\/uploads\/2023\/05\/bulgaria.png\",\"width\":512,\"height\":512},{\"@type\":\"BreadcrumbList\",\"@id\":\"https:\/\/talkpal.ai\/sl\/bolgarske-slovnicne-vaje\/#breadcrumb\",\"itemListElement\":[{\"@type\":\"ListItem\",\"position\":1,\"name\":\"Homepage\",\"item\":\"https:\/\/talkpal.ai\/sl\/\"},{\"@type\":\"ListItem\",\"position\":2,\"name\":\"Bolgarske slovni\u010dne vaje\"}]},{\"@type\":\"WebSite\",\"@id\":\"https:\/\/talkpal.ai\/sl\/#website\",\"url\":\"https:\/\/talkpal.ai\/sl\/\",\"name\":\"Talkpal\",\"description\":\"AI Language Learning\",\"publisher\":{\"@id\":\"https:\/\/talkpal.ai\/sl\/#organization\"},\"alternateName\":\"Talkpal AI\",\"potentialAction\":[{\"@type\":\"SearchAction\",\"target\":{\"@type\":\"EntryPoint\",\"urlTemplate\":\"https:\/\/talkpal.ai\/sl\/?s={search_term_string}\"},\"query-input\":{\"@type\":\"PropertyValueSpecification\",\"valueRequired\":true,\"valueName\":\"search_term_string\"}}],\"inLanguage\":\"sl-SI\"},{\"@type\":\"Organization\",\"@id\":\"https:\/\/talkpal.ai\/sl\/#organization\",\"name\":\"Talkpal, Inc.\",\"alternateName\":\"Talkpal AI\",\"url\":\"https:\/\/talkpal.ai\/sl\/\",\"logo\":{\"@type\":\"ImageObject\",\"inLanguage\":\"sl-SI\",\"@id\":\"https:\/\/talkpal.ai\/sl\/#\/schema\/logo\/image\/\",\"url\":\"https:\/\/talkpal.ai\/wp-content\/uploads\/2024\/03\/Talkpal-Logo-Icon.png\",\"contentUrl\":\"https:\/\/talkpal.ai\/wp-content\/uploads\/2024\/03\/Talkpal-Logo-Icon.png\",\"width\":2880,\"height\":2880,\"caption\":\"Talkpal, Inc.\"},\"image\":{\"@id\":\"https:\/\/talkpal.ai\/sl\/#\/schema\/logo\/image\/\"},\"sameAs\":[\"https:\/\/www.facebook.com\/profile.php?id=100090733639311\",\"https:\/\/x.com\/talkpalai\",\"https:\/\/www.linkedin.com\/company\/talkpal\/\",\"https:\/\/www.youtube.com\/@TalkPal\/\",\"https:\/\/www.tiktok.com\/@talkpal\",\"https:\/\/www.instagram.com\/talkpal_ai\/\",\"https:\/\/www.crunchbase.com\/organization\/talkpal-9cde\",\"https:\/\/www.g2.com\/products\/talkpal-for-business\/\",\"https:\/\/www.trustpilot.com\/review\/talkpal.ai\",\"https:\/\/www.capterra.com\/p\/10006800\/TalkPal\/\"],\"description\":\"Talkpal is a language learning web and mobile education app, powered by the latest AI technologies, that provides engaging experiences to its customers in many different languages to help them improve their language skills. Users can chat about unlimited amount of topics with the app and use other modes to practice their language learning.\",\"email\":\"support@talkpal.ai\",\"legalName\":\"Talkpal, Inc.\",\"foundingDate\":\"2023-04-03\",\"duns\":\"118989042\",\"numberOfEmployees\":{\"@type\":\"QuantitativeValue\",\"minValue\":\"11\",\"maxValue\":\"50\"},\"publishingPrinciples\":\"https:\/\/talkpal.ai\/publishing-principles\/\",\"actionableFeedbackPolicy\":\"https:\/\/talkpal.ai\/actionable-feedback-policy\/\",\"correctionsPolicy\":\"https:\/\/talkpal.ai\/corrections-policy\/\",\"ethicsPolicy\":\"https:\/\/talkpal.ai\/ethics-policy\/\",\"diversityPolicy\":\"https:\/\/talkpal.ai\/diversity-policy\/\",\"diversityStaffingReport\":\"https:\/\/talkpal.ai\/diversity-policy\/\"}]}<\/script>\n<!-- \/ Yoast SEO Premium plugin. -->","yoast_head_json":{"title":"Bolgarske slovni\u010dne vaje - Talkpal","description":"Izbolj\u0161ajte svoje jezikovno znanje z bolgarskimi slovni\u010dnimi vajami. Osvojite slovnico za trdne temelje bolgar\u0161\u010dine.","robots":{"index":"index","follow":"follow","max-snippet":"max-snippet:-1","max-image-preview":"max-image-preview:large","max-video-preview":"max-video-preview:-1"},"canonical":"https:\/\/talkpal.ai\/sl\/bolgarske-slovnicne-vaje\/","og_locale":"sl_SI","og_type":"article","og_title":"Bolgarske slovni\u010dne vaje","og_description":"Teme bolgarske slovnice Bolgar\u0161\u010dina je ju\u017enoslovanski jezik, ki ga govorijo predvsem v Bolgariji, bolgarske skupnosti pa v sosednjih dr\u017eavah. Kot uradni","og_url":"https:\/\/talkpal.ai\/sl\/bolgarske-slovnicne-vaje\/","og_site_name":"Talkpal","article_publisher":"https:\/\/www.facebook.com\/profile.php?id=100090733639311","article_modified_time":"2025-05-23T11:59:09+00:00","og_image":[{"width":512,"height":512,"url":"https:\/\/talkpal.ai\/wp-content\/uploads\/2023\/05\/bulgaria.png","type":"image\/png"}],"twitter_card":"summary_large_image","twitter_site":"@talkpalai","twitter_misc":{"Est. reading time":"3 minute"},"schema":{"@context":"https:\/\/schema.org","@graph":[{"@type":"WebPage","@id":"https:\/\/talkpal.ai\/sl\/bolgarske-slovnicne-vaje\/","url":"https:\/\/talkpal.ai\/sl\/bolgarske-slovnicne-vaje\/","name":"Bolgarske slovni\u010dne vaje - Talkpal","isPartOf":{"@id":"https:\/\/talkpal.ai\/sl\/#website"},"primaryImageOfPage":{"@id":"https:\/\/talkpal.ai\/sl\/bolgarske-slovnicne-vaje\/#primaryimage"},"image":{"@id":"https:\/\/talkpal.ai\/sl\/bolgarske-slovnicne-vaje\/#primaryimage"},"thumbnailUrl":"https:\/\/talkpal.ai\/wp-content\/uploads\/2023\/05\/bulgaria.png","datePublished":"2023-06-16T12:39:48+00:00","dateModified":"2025-05-23T11:59:09+00:00","description":"Izbolj\u0161ajte svoje jezikovno znanje z bolgarskimi slovni\u010dnimi vajami. Osvojite slovnico za trdne temelje bolgar\u0161\u010dine.","breadcrumb":{"@id":"https:\/\/talkpal.ai\/sl\/bolgarske-slovnicne-vaje\/#breadcrumb"},"inLanguage":"sl-SI","potentialAction":[{"@type":"ReadAction","target":["https:\/\/talkpal.ai\/sl\/bolgarske-slovnicne-vaje\/"]}]},{"@type":"ImageObject","inLanguage":"sl-SI","@id":"https:\/\/talkpal.ai\/sl\/bolgarske-slovnicne-vaje\/#primaryimage","url":"https:\/\/talkpal.ai\/wp-content\/uploads\/2023\/05\/bulgaria.png","contentUrl":"https:\/\/talkpal.ai\/wp-content\/uploads\/2023\/05\/bulgaria.png","width":512,"height":512},{"@type":"BreadcrumbList","@id":"https:\/\/talkpal.ai\/sl\/bolgarske-slovnicne-vaje\/#breadcrumb","itemListElement":[{"@type":"ListItem","position":1,"name":"Homepage","item":"https:\/\/talkpal.ai\/sl\/"},{"@type":"ListItem","position":2,"name":"Bolgarske slovni\u010dne vaje"}]},{"@type":"WebSite","@id":"https:\/\/talkpal.ai\/sl\/#website","url":"https:\/\/talkpal.ai\/sl\/","name":"Talkpal","description":"AI Language Learning","publisher":{"@id":"https:\/\/talkpal.ai\/sl\/#organization"},"alternateName":"Talkpal AI","potentialAction":[{"@type":"SearchAction","target":{"@type":"EntryPoint","urlTemplate":"https:\/\/talkpal.ai\/sl\/?s={search_term_string}"},"query-input":{"@type":"PropertyValueSpecification","valueRequired":true,"valueName":"search_term_string"}}],"inLanguage":"sl-SI"},{"@type":"Organization","@id":"https:\/\/talkpal.ai\/sl\/#organization","name":"Talkpal, Inc.","alternateName":"Talkpal AI","url":"https:\/\/talkpal.ai\/sl\/","logo":{"@type":"ImageObject","inLanguage":"sl-SI","@id":"https:\/\/talkpal.ai\/sl\/#\/schema\/logo\/image\/","url":"https:\/\/talkpal.ai\/wp-content\/uploads\/2024\/03\/Talkpal-Logo-Icon.png","contentUrl":"https:\/\/talkpal.ai\/wp-content\/uploads\/2024\/03\/Talkpal-Logo-Icon.png","width":2880,"height":2880,"caption":"Talkpal, Inc."},"image":{"@id":"https:\/\/talkpal.ai\/sl\/#\/schema\/logo\/image\/"},"sameAs":["https:\/\/www.facebook.com\/profile.php?id=100090733639311","https:\/\/x.com\/talkpalai","https:\/\/www.linkedin.com\/company\/talkpal\/","https:\/\/www.youtube.com\/@TalkPal\/","https:\/\/www.tiktok.com\/@talkpal","https:\/\/www.instagram.com\/talkpal_ai\/","https:\/\/www.crunchbase.com\/organization\/talkpal-9cde","https:\/\/www.g2.com\/products\/talkpal-for-business\/","https:\/\/www.trustpilot.com\/review\/talkpal.ai","https:\/\/www.capterra.com\/p\/10006800\/TalkPal\/"],"description":"Talkpal is a language learning web and mobile education app, powered by the latest AI technologies, that provides engaging experiences to its customers in many different languages to help them improve their language skills. Users can chat about unlimited amount of topics with the app and use other modes to practice their language learning.","email":"support@talkpal.ai","legalName":"Talkpal, Inc.","foundingDate":"2023-04-03","duns":"118989042","numberOfEmployees":{"@type":"QuantitativeValue","minValue":"11","maxValue":"50"},"publishingPrinciples":"https:\/\/talkpal.ai\/publishing-principles\/","actionableFeedbackPolicy":"https:\/\/talkpal.ai\/actionable-feedback-policy\/","correctionsPolicy":"https:\/\/talkpal.ai\/corrections-policy\/","ethicsPolicy":"https:\/\/talkpal.ai\/ethics-policy\/","diversityPolicy":"https:\/\/talkpal.ai\/diversity-policy\/","diversityStaffingReport":"https:\/\/talkpal.ai\/diversity-policy\/"}]}},"_links":{"self":[{"href":"https:\/\/talkpal.ai\/sl\/wp-json\/wp\/v2\/pages\/164856","targetHints":{"allow":["GET"]}}],"collection":[{"href":"https:\/\/talkpal.ai\/sl\/wp-json\/wp\/v2\/pages"}],"about":[{"href":"https:\/\/talkpal.ai\/sl\/wp-json\/wp\/v2\/types\/page"}],"author":[{"embeddable":true,"href":"https:\/\/talkpal.ai\/sl\/wp-json\/wp\/v2\/users\/6"}],"replies":[{"embeddable":true,"href":"https:\/\/talkpal.ai\/sl\/wp-json\/wp\/v2\/comments?post=164856"}],"version-history":[{"count":0,"href":"https:\/\/talkpal.ai\/sl\/wp-json\/wp\/v2\/pages\/164856\/revisions"}],"wp:featuredmedia":[{"embeddable":true,"href":"https:\/\/talkpal.ai\/sl\/wp-json\/wp\/v2\/media\/111190"}],"wp:attachment":[{"href":"https:\/\/talkpal.ai\/sl\/wp-json\/wp\/v2\/media?parent=164856"}],"curies":[{"name":"wp","href":"https:\/\/api.w.org\/{rel}","templated":true}]}}