{"id":163999,"date":"2023-06-16T13:02:09","date_gmt":"2023-06-16T13:02:09","guid":{"rendered":"http:\/\/talkpal.ai\/hrvaske-slovnicne-vaje\/"},"modified":"2025-12-17T16:25:35","modified_gmt":"2025-12-17T16:25:35","slug":"hrvaske-slovnicne-vaje","status":"publish","type":"page","link":"https:\/\/talkpal.ai\/sl\/hrvaske-slovnicne-vaje\/","title":{"rendered":"Hrva\u0161ke slovni\u010dne vaje"},"content":{"rendered":"\r\n\r\n\r\n<section class=\"languageChallengeSection\">\r\n    <div class=\"languageInfoWrapper\">\r\n        \r\n        <h1>Hrva\u0161ke slovni\u010dne vaje<\/h1>\r\n        <p>\u017delite bolj samozavestno govoriti hrva\u0161ko? S slovni\u010dnimi vajami boste osvojili zgradbo stavka, glagolske oblike in edinstvene zna\u010dilnosti hrva\u0161kega jezika. Za\u010dnite raziskovati hrva\u0161ko slovnico \u0161e danes in opazujte, kako se va\u0161e znanje in teko\u010dnost izbolj\u0161ujeta z vsako novo vajo!\n\n<\/p>\r\n\r\n                            <a class=\"getStartedHidden\" href=\"https:\/\/app.talkpal.ai\/sl\/signup?lng=\">Za\u010dni<\/a>\r\n        \r\n    <\/div>\r\n\r\n    <figure>\r\n    <img decoding=\"async\" width=\"768\" height=\"768\" src=\"https:\/\/talkpal.ai\/wp-content\/uploads\/2023\/06\/croatian-768x768.png\" class=\"languageImage no-lazy\" alt=\"Language learning for successful interaction\" fetchpriority=\"high\" sizes=\"(max-width: 768px) 150px, 768px\" srcset=\"https:\/\/talkpal.ai\/wp-content\/uploads\/2023\/06\/croatian-768x768.png 768w, https:\/\/talkpal.ai\/wp-content\/uploads\/2023\/06\/croatian-300x300.png 300w\" \/>\r\n    \r\n\r\n    <\/figure>\r\n\r\n            <a class=\"getStartedVisible\" href=\"https:\/\/app.talkpal.ai\/sl\/signup?lng=\">Za\u010dni<\/a>\r\n    \r\n<\/section>\r\n\r\n\r\n<!-- <section class=\"grammarSection\">\r\n    <div class=\"grammarLinks\">\r\n            <\/div>\r\n<\/section> -->\r\n\r\n\r\n\r\n\r\n<section class=\"promotionalBanner\">\r\n    <p class=\"promotionalText\">Naju\u010dinkovitej\u0161i na\u010din u\u010denja jezika<\/p>\r\n    <a class=\"promotionalLink\" href=\"https:\/\/app.talkpal.ai\/sl\/signup?lng=\">Preizkusite Talkpal brezpla\u010dno<\/a>\r\n<\/section>\n<div class=\"wp-block-group pageContainerStyle\"><div class=\"wp-block-group__inner-container is-layout-constrained wp-block-group-is-layout-constrained\">\n<h2 class=\"wp-block-heading\" id=\"h-croatian-grammar-topics\">Teme hrva\u0161ke slovnice<\/h2>\n\n\n\n<p>Hrva\u0161ki, ju\u017enoslovanski jezik, je uradni jezik Hrva\u0161ke in eden od uradnih jezikov Bosne in Hercegovine. Je kompleksen in bogat jezik z dolgo zgodovino in edinstvenim slovni\u010dnim sistemom. Za u\u010dence je bistveno razumeti temeljne vidike hrva\u0161ke slovnice, da lahko obvladajo jezik. Ta vodnik vam bo pomagal krmariti po klju\u010dnih slovni\u010dnih temah, kot so \u010dasi, glagoli, samostalniki in drugo, v zaporedju, ki vam bo olaj\u0161alo u\u010dni proces in zagotovilo mo\u010dne temelje za obvladovanje tega \u010dudovitega jezika.<\/p>\n\n\n\n<h3 class=\"wp-block-heading\" id=\"h-1-nouns\">1. Samostalniki:<\/h3>\n\n\n\n<p>Samostalniki so prvi gradnik vsakega jezika, hrva\u0161ki samostalniki pa imajo tri spole &#8211; mo\u0161ki, \u017eenski in srednji, kar vpliva na sklanjanje in skladnjo s pridevniki in zaimki. Seznanite se z razli\u010dnimi spoli in njihovimi konci.<\/p>\n\n\n\n<h3 class=\"wp-block-heading\" id=\"h-2-articles\">2. \u010clanki:<\/h3>\n\n\n\n<p>V hrva\u0161\u010dini ni \u010dlenov, kot sta v angle\u0161\u010dini &#8220;the&#8221; ali &#8220;a&#8221;, zato lahko za\u010detniki la\u017eje za\u010dnejo tvoriti preproste stavke, ne da bi se ukvarjali z rabo \u010dlenov.<\/p>\n\n\n\n<h3 class=\"wp-block-heading\" id=\"h-3-pronouns-determiners\">3. Zaimki\/dolo\u010dniki:<\/h3>\n\n\n\n<p>Zaimki se uporabljajo za zamenjavo samostalnikov v stavkih, medtem ko dolo\u010devalci ozna\u010dujejo specifi\u010dnost samostalnika. Spoznajte razli\u010dne vrste zaimkov (osebne, posesivne, predstavitvene itd.) in njihovo deklinacijo glede na spol, \u0161tevilo in primer.<\/p>\n\n\n\n<h3 class=\"wp-block-heading\" id=\"h-4-adjectives\">4. Pridevniki:<\/h3>\n\n\n\n<p>Pridevniki opisujejo lastnosti samostalnikov in se ujemajo s spolom, \u0161tevilom in primerom samostalnika, ki ga spreminjajo. Spoznajte osnovne oblike in vzorce deklinacije pridevnikov.<\/p>\n\n\n\n<h3 class=\"wp-block-heading\" id=\"h-5-verbs\">5. Glagoli:<\/h3>\n\n\n\n<p>Glagoli so jedro vsakega stavka, ki izra\u017ea dejanja ali stanja. Hrva\u0161ki glagoli so konjugirani glede na \u010das, razpolo\u017eenje, glas in osebo. Za\u010dnite z najpogostej\u0161imi pravilnimi glagoli in njihovimi vzorci konjugacije v sedanjem \u010dasu.<\/p>\n\n\n\n<h3 class=\"wp-block-heading\" id=\"h-6-tenses\">6. \u010casi:<\/h3>\n\n\n\n<p><a href=\"https:\/\/talkpal.ai\/learn-croatian\/\">Hrva\u0161\u010dina<\/a> ima sedem \u010dasov &#8211; sedanji, prihodnji I, prihodnji II, pretekli, dovr\u0161ni, aorist in nedovr\u0161ni. Za\u010dnite s sedanjim \u010dasom in nato preidite na pretekle in prihodnje \u010dase ter se nau\u010dite vzorcev konjugacije za vsakega.<\/p>\n\n\n\n<h3 class=\"wp-block-heading\" id=\"h-7-tense-comparison\">7. Primerjava \u010dasov:<\/h3>\n\n\n\n<p>Razumevanje razlik in podobnosti med \u010dasi je klju\u010dnega pomena pri obvladovanju hrva\u0161\u010dine. Primerjajte \u010dase in vadite njihovo uporabo v kontekstu.<\/p>\n\n\n\n<h3 class=\"wp-block-heading\" id=\"h-8-progressive\">8. Progresivno:<\/h3>\n\n\n\n<p>Progresivni vidik izra\u017ea dejanja, ki potekajo ali so stalna. Hrva\u0161\u010dina nima lo\u010dene progresivne oblike, kot je <a href=\"https:\/\/talkpal.ai\/learn-english-with-ai\/\">angle\u0161\u010dina<\/a>, vendar lahko progresivni pomen prenesete z uporabo dolo\u010denih glagolskih oblik, prislovov ali konstrukcij.<\/p>\n\n\n\n<h3 class=\"wp-block-heading\" id=\"h-9-perfect-progressive\">9. Perfect Progressive:<\/h3>\n\n\n\n<p>Ta vidik zdru\u017euje popolne in napredne pomene. V hrva\u0161\u010dini se izra\u017ea z uporabo popolnega \u010dasa s specifi\u010dno glagolsko obliko ali konstrukcijo, ki ozna\u010duje neprekinjeno delovanje.<\/p>\n\n\n\n<h3 class=\"wp-block-heading\" id=\"h-10-adverbs\">10. Prislovi:<\/h3>\n\n\n\n<p>Prislovi spreminjajo glagole, pridevnike ali druge prislove in obi\u010dajno ozna\u010dujejo na\u010din, kraj, \u010das ali stopnjo. Spoznajte najpogostej\u0161e hrva\u0161ke prislove in njihovo umestitev v stavke.<\/p>\n\n\n\n<h3 class=\"wp-block-heading\" id=\"h-11-prepositions\">11. Predlogi:<\/h3>\n\n\n\n<p>Predlogi se uporabljajo za ozna\u010devanje odnosov med besedami, kot so lokacija, smer, \u010das ali posedovanje. Spoznajte najpogostej\u0161e hrva\u0161ke predloge in primere, ki jih urejajo.<\/p>\n\n\n\n<h3 class=\"wp-block-heading\" id=\"h-12-conditionals\">12. Pogoji:<\/h3>\n\n\n\n<p>Pogoji izra\u017eajo hipoteti\u010dne situacije ali pogoje in njihove posledice. Hrva\u0161\u010dina pozna tri vrste pogojnikov &#8211; dejanske, neresni\u010dne in me\u0161ane. Nau\u010dite se oblikovanja in uporabe vsake vrste.<\/p>\n\n\n\n<h3 class=\"wp-block-heading\" id=\"h-13-sentences\">13. Stavki:<\/h3>\n\n\n\n<p>Na koncu vadite kombiniranje vseh nau\u010denih slovni\u010dnih elementov za tvorbo enostavnih in zapletenih stavkov v hrva\u0161\u010dini. Tako boste la\u017eje razvili jezikovno teko\u010de znanje in razumevanje hrva\u0161ke slovnice kot celote.<\/p>\n<\/div><\/div>\n\r\n<section class=\"learnNavigationSection\">\r\n            \r\n        <a href=\"https:\/\/talkpal.ai\/sl\/naucite-se-hrvascine\/\">\r\n            <div class=\"learnNavigationWrapper\">\r\n                <div class=\"learnNavigationContent\">\r\n                    <img decoding=\"async\" src=\"https:\/\/talkpal.ai\/wp-content\/uploads\/2024\/08\/Croatian.jpg\" alt=\"Croatian Flag\">\r\n                    <div>\r\n                        <h4>O u\u010denju hrva\u0161\u010dine<\/h4>\r\n                        <p>Izvedite vse o hrva\u0161ki slovnici.<\/p>\r\n                    <\/div>\r\n                <\/div>\r\n            <\/div>\r\n        <\/a>\r\n\r\n        \r\n        <a href=\"https:\/\/talkpal.ai\/sl\/hrvaska-slovnica\/\">\r\n            <div class=\"learnNavigationWrapper\">\r\n                <div class=\"learnNavigationContent\">\r\n                    <img decoding=\"async\" src=\"https:\/\/talkpal.ai\/wp-content\/uploads\/2024\/08\/Croatian.jpg\" alt=\"Croatian Flag\">\r\n                    <div>\r\n                        <h4>Lekcije hrva\u0161ke slovnice<\/h4>\r\n                        <p>Vadite hrva\u0161ko slovnico.<\/p>\r\n                    <\/div>\r\n                <\/div>\r\n            <\/div>\r\n        <\/a>\r\n\r\n        \r\n        <a href=\"https:\/\/talkpal.ai\/vocabulary_language\/croatian\/\">\r\n            <div class=\"learnNavigationWrapper\">\r\n                <div class=\"learnNavigationContent\">\r\n                    <img decoding=\"async\" src=\"https:\/\/talkpal.ai\/wp-content\/uploads\/2024\/08\/Croatian.jpg\" alt=\"Croatian Flag\">\r\n                    <div>\r\n                        <h4>Hrva\u0161ko besedi\u0161\u010de<\/h4>\r\n                        <p>Raz\u0161irite svoj hrva\u0161ki besedni zaklad.<\/p>\r\n                    <\/div>\r\n                <\/div>\r\n            <\/div>\r\n        <\/a>\r\n\r\n            <\/section>","protected":false},"excerpt":{"rendered":"<p>Teme hrva\u0161ke slovnice Hrva\u0161ki, ju\u017enoslovanski jezik, je uradni jezik Hrva\u0161ke in eden od uradnih jezikov Bosne in Hercegovine. Je kompleksen in bogat jezik z dolgo zgodovino in edinstvenim slovni\u010dnim sistemom. Za u\u010dence je bistveno razumeti temeljne vidike hrva\u0161ke slovnice, da lahko obvladajo jezik. Ta vodnik vam bo pomagal krmariti po klju\u010dnih slovni\u010dnih temah, kot so [&hellip;]<\/p>\n","protected":false},"author":6,"featured_media":110175,"parent":0,"menu_order":0,"comment_status":"closed","ping_status":"closed","template":"LearningContentPage.php","meta":{"_acf_changed":false,"footnotes":""},"class_list":["post-163999","page","type-page","status-publish","has-post-thumbnail","hentry"],"acf":[],"yoast_head":"<!-- This site is optimized with the Yoast SEO Premium plugin v27.2 (Yoast SEO v27.2) - https:\/\/yoast.com\/product\/yoast-seo-premium-wordpress\/ -->\n<title>Hrva\u0161ke slovni\u010dne vaje - Talkpal<\/title>\n<meta name=\"description\" content=\"Osvojite hrva\u0161\u010dino z u\u010dinkovitimi hrva\u0161kimi slovni\u010dnimi vajami, ki uporabnikom poenostavijo u\u010denje \u010dasov, glagolov in samostalnikov.\" \/>\n<meta name=\"robots\" content=\"index, follow, max-snippet:-1, max-image-preview:large, max-video-preview:-1\" \/>\n<link rel=\"canonical\" href=\"https:\/\/talkpal.ai\/sl\/hrvaske-slovnicne-vaje\/\" \/>\n<meta property=\"og:locale\" content=\"sl_SI\" \/>\n<meta property=\"og:type\" content=\"article\" \/>\n<meta property=\"og:title\" content=\"Hrva\u0161ke slovni\u010dne vaje\" \/>\n<meta property=\"og:description\" content=\"Teme hrva\u0161ke slovnice Hrva\u0161ki, ju\u017enoslovanski jezik, je uradni jezik Hrva\u0161ke in eden od uradnih jezikov Bosne in Hercegovine. Je kompleksen in bogat jezik\" \/>\n<meta property=\"og:url\" content=\"https:\/\/talkpal.ai\/sl\/hrvaske-slovnicne-vaje\/\" \/>\n<meta property=\"og:site_name\" content=\"Talkpal\" \/>\n<meta property=\"article:publisher\" content=\"https:\/\/www.facebook.com\/profile.php?id=100090733639311\" \/>\n<meta property=\"article:modified_time\" content=\"2025-12-17T16:25:35+00:00\" \/>\n<meta property=\"og:image\" content=\"https:\/\/talkpal.ai\/wp-content\/uploads\/2023\/05\/croatia.png\" \/>\n\t<meta property=\"og:image:width\" content=\"512\" \/>\n\t<meta property=\"og:image:height\" content=\"512\" \/>\n\t<meta property=\"og:image:type\" content=\"image\/png\" \/>\n<meta name=\"twitter:card\" content=\"summary_large_image\" \/>\n<meta name=\"twitter:site\" content=\"@talkpalai\" \/>\n<meta name=\"twitter:label1\" content=\"Est. reading time\" \/>\n\t<meta name=\"twitter:data1\" content=\"3 minute\" \/>\n<script type=\"application\/ld+json\" class=\"yoast-schema-graph\">{\"@context\":\"https:\/\/schema.org\",\"@graph\":[{\"@type\":\"WebPage\",\"@id\":\"https:\/\/talkpal.ai\/sl\/hrvaske-slovnicne-vaje\/\",\"url\":\"https:\/\/talkpal.ai\/sl\/hrvaske-slovnicne-vaje\/\",\"name\":\"Hrva\u0161ke slovni\u010dne vaje - Talkpal\",\"isPartOf\":{\"@id\":\"https:\/\/talkpal.ai\/sl\/#website\"},\"primaryImageOfPage\":{\"@id\":\"https:\/\/talkpal.ai\/sl\/hrvaske-slovnicne-vaje\/#primaryimage\"},\"image\":{\"@id\":\"https:\/\/talkpal.ai\/sl\/hrvaske-slovnicne-vaje\/#primaryimage\"},\"thumbnailUrl\":\"https:\/\/talkpal.ai\/wp-content\/uploads\/2023\/05\/croatia.png\",\"datePublished\":\"2023-06-16T13:02:09+00:00\",\"dateModified\":\"2025-12-17T16:25:35+00:00\",\"description\":\"Osvojite hrva\u0161\u010dino z u\u010dinkovitimi hrva\u0161kimi slovni\u010dnimi vajami, ki uporabnikom poenostavijo u\u010denje \u010dasov, glagolov in samostalnikov.\",\"breadcrumb\":{\"@id\":\"https:\/\/talkpal.ai\/sl\/hrvaske-slovnicne-vaje\/#breadcrumb\"},\"inLanguage\":\"sl-SI\",\"potentialAction\":[{\"@type\":\"ReadAction\",\"target\":[\"https:\/\/talkpal.ai\/sl\/hrvaske-slovnicne-vaje\/\"]}]},{\"@type\":\"ImageObject\",\"inLanguage\":\"sl-SI\",\"@id\":\"https:\/\/talkpal.ai\/sl\/hrvaske-slovnicne-vaje\/#primaryimage\",\"url\":\"https:\/\/talkpal.ai\/wp-content\/uploads\/2023\/05\/croatia.png\",\"contentUrl\":\"https:\/\/talkpal.ai\/wp-content\/uploads\/2023\/05\/croatia.png\",\"width\":512,\"height\":512},{\"@type\":\"BreadcrumbList\",\"@id\":\"https:\/\/talkpal.ai\/sl\/hrvaske-slovnicne-vaje\/#breadcrumb\",\"itemListElement\":[{\"@type\":\"ListItem\",\"position\":1,\"name\":\"Homepage\",\"item\":\"https:\/\/talkpal.ai\/sl\/\"},{\"@type\":\"ListItem\",\"position\":2,\"name\":\"Hrva\u0161ke slovni\u010dne vaje\"}]},{\"@type\":\"WebSite\",\"@id\":\"https:\/\/talkpal.ai\/sl\/#website\",\"url\":\"https:\/\/talkpal.ai\/sl\/\",\"name\":\"Talkpal\",\"description\":\"AI Language Learning\",\"publisher\":{\"@id\":\"https:\/\/talkpal.ai\/sl\/#organization\"},\"alternateName\":\"Talkpal AI\",\"potentialAction\":[{\"@type\":\"SearchAction\",\"target\":{\"@type\":\"EntryPoint\",\"urlTemplate\":\"https:\/\/talkpal.ai\/sl\/?s={search_term_string}\"},\"query-input\":{\"@type\":\"PropertyValueSpecification\",\"valueRequired\":true,\"valueName\":\"search_term_string\"}}],\"inLanguage\":\"sl-SI\"},{\"@type\":\"Organization\",\"@id\":\"https:\/\/talkpal.ai\/sl\/#organization\",\"name\":\"Talkpal, Inc.\",\"alternateName\":\"Talkpal AI\",\"url\":\"https:\/\/talkpal.ai\/sl\/\",\"logo\":{\"@type\":\"ImageObject\",\"inLanguage\":\"sl-SI\",\"@id\":\"https:\/\/talkpal.ai\/sl\/#\/schema\/logo\/image\/\",\"url\":\"https:\/\/talkpal.ai\/wp-content\/uploads\/2024\/03\/Talkpal-Logo-Icon.png\",\"contentUrl\":\"https:\/\/talkpal.ai\/wp-content\/uploads\/2024\/03\/Talkpal-Logo-Icon.png\",\"width\":2880,\"height\":2880,\"caption\":\"Talkpal, Inc.\"},\"image\":{\"@id\":\"https:\/\/talkpal.ai\/sl\/#\/schema\/logo\/image\/\"},\"sameAs\":[\"https:\/\/www.facebook.com\/profile.php?id=100090733639311\",\"https:\/\/x.com\/talkpalai\",\"https:\/\/www.linkedin.com\/company\/talkpal\/\",\"https:\/\/www.youtube.com\/@TalkPal\/\",\"https:\/\/www.tiktok.com\/@talkpal\",\"https:\/\/www.instagram.com\/talkpal_ai\/\",\"https:\/\/www.crunchbase.com\/organization\/talkpal-9cde\",\"https:\/\/www.g2.com\/products\/talkpal-for-business\/\",\"https:\/\/www.trustpilot.com\/review\/talkpal.ai\",\"https:\/\/www.capterra.com\/p\/10006800\/TalkPal\/\"],\"description\":\"Talkpal is a language learning web and mobile education app, powered by the latest AI technologies, that provides engaging experiences to its customers in many different languages to help them improve their language skills. Users can chat about unlimited amount of topics with the app and use other modes to practice their language learning.\",\"email\":\"support@talkpal.ai\",\"legalName\":\"Talkpal, Inc.\",\"foundingDate\":\"2023-04-03\",\"duns\":\"118989042\",\"numberOfEmployees\":{\"@type\":\"QuantitativeValue\",\"minValue\":\"11\",\"maxValue\":\"50\"},\"publishingPrinciples\":\"https:\/\/talkpal.ai\/publishing-principles\/\",\"actionableFeedbackPolicy\":\"https:\/\/talkpal.ai\/actionable-feedback-policy\/\",\"correctionsPolicy\":\"https:\/\/talkpal.ai\/corrections-policy\/\",\"ethicsPolicy\":\"https:\/\/talkpal.ai\/ethics-policy\/\",\"diversityPolicy\":\"https:\/\/talkpal.ai\/diversity-policy\/\",\"diversityStaffingReport\":\"https:\/\/talkpal.ai\/diversity-policy\/\"}]}<\/script>\n<!-- \/ Yoast SEO Premium plugin. -->","yoast_head_json":{"title":"Hrva\u0161ke slovni\u010dne vaje - Talkpal","description":"Osvojite hrva\u0161\u010dino z u\u010dinkovitimi hrva\u0161kimi slovni\u010dnimi vajami, ki uporabnikom poenostavijo u\u010denje \u010dasov, glagolov in samostalnikov.","robots":{"index":"index","follow":"follow","max-snippet":"max-snippet:-1","max-image-preview":"max-image-preview:large","max-video-preview":"max-video-preview:-1"},"canonical":"https:\/\/talkpal.ai\/sl\/hrvaske-slovnicne-vaje\/","og_locale":"sl_SI","og_type":"article","og_title":"Hrva\u0161ke slovni\u010dne vaje","og_description":"Teme hrva\u0161ke slovnice Hrva\u0161ki, ju\u017enoslovanski jezik, je uradni jezik Hrva\u0161ke in eden od uradnih jezikov Bosne in Hercegovine. Je kompleksen in bogat jezik","og_url":"https:\/\/talkpal.ai\/sl\/hrvaske-slovnicne-vaje\/","og_site_name":"Talkpal","article_publisher":"https:\/\/www.facebook.com\/profile.php?id=100090733639311","article_modified_time":"2025-12-17T16:25:35+00:00","og_image":[{"width":512,"height":512,"url":"https:\/\/talkpal.ai\/wp-content\/uploads\/2023\/05\/croatia.png","type":"image\/png"}],"twitter_card":"summary_large_image","twitter_site":"@talkpalai","twitter_misc":{"Est. reading time":"3 minute"},"schema":{"@context":"https:\/\/schema.org","@graph":[{"@type":"WebPage","@id":"https:\/\/talkpal.ai\/sl\/hrvaske-slovnicne-vaje\/","url":"https:\/\/talkpal.ai\/sl\/hrvaske-slovnicne-vaje\/","name":"Hrva\u0161ke slovni\u010dne vaje - Talkpal","isPartOf":{"@id":"https:\/\/talkpal.ai\/sl\/#website"},"primaryImageOfPage":{"@id":"https:\/\/talkpal.ai\/sl\/hrvaske-slovnicne-vaje\/#primaryimage"},"image":{"@id":"https:\/\/talkpal.ai\/sl\/hrvaske-slovnicne-vaje\/#primaryimage"},"thumbnailUrl":"https:\/\/talkpal.ai\/wp-content\/uploads\/2023\/05\/croatia.png","datePublished":"2023-06-16T13:02:09+00:00","dateModified":"2025-12-17T16:25:35+00:00","description":"Osvojite hrva\u0161\u010dino z u\u010dinkovitimi hrva\u0161kimi slovni\u010dnimi vajami, ki uporabnikom poenostavijo u\u010denje \u010dasov, glagolov in samostalnikov.","breadcrumb":{"@id":"https:\/\/talkpal.ai\/sl\/hrvaske-slovnicne-vaje\/#breadcrumb"},"inLanguage":"sl-SI","potentialAction":[{"@type":"ReadAction","target":["https:\/\/talkpal.ai\/sl\/hrvaske-slovnicne-vaje\/"]}]},{"@type":"ImageObject","inLanguage":"sl-SI","@id":"https:\/\/talkpal.ai\/sl\/hrvaske-slovnicne-vaje\/#primaryimage","url":"https:\/\/talkpal.ai\/wp-content\/uploads\/2023\/05\/croatia.png","contentUrl":"https:\/\/talkpal.ai\/wp-content\/uploads\/2023\/05\/croatia.png","width":512,"height":512},{"@type":"BreadcrumbList","@id":"https:\/\/talkpal.ai\/sl\/hrvaske-slovnicne-vaje\/#breadcrumb","itemListElement":[{"@type":"ListItem","position":1,"name":"Homepage","item":"https:\/\/talkpal.ai\/sl\/"},{"@type":"ListItem","position":2,"name":"Hrva\u0161ke slovni\u010dne vaje"}]},{"@type":"WebSite","@id":"https:\/\/talkpal.ai\/sl\/#website","url":"https:\/\/talkpal.ai\/sl\/","name":"Talkpal","description":"AI Language Learning","publisher":{"@id":"https:\/\/talkpal.ai\/sl\/#organization"},"alternateName":"Talkpal AI","potentialAction":[{"@type":"SearchAction","target":{"@type":"EntryPoint","urlTemplate":"https:\/\/talkpal.ai\/sl\/?s={search_term_string}"},"query-input":{"@type":"PropertyValueSpecification","valueRequired":true,"valueName":"search_term_string"}}],"inLanguage":"sl-SI"},{"@type":"Organization","@id":"https:\/\/talkpal.ai\/sl\/#organization","name":"Talkpal, Inc.","alternateName":"Talkpal AI","url":"https:\/\/talkpal.ai\/sl\/","logo":{"@type":"ImageObject","inLanguage":"sl-SI","@id":"https:\/\/talkpal.ai\/sl\/#\/schema\/logo\/image\/","url":"https:\/\/talkpal.ai\/wp-content\/uploads\/2024\/03\/Talkpal-Logo-Icon.png","contentUrl":"https:\/\/talkpal.ai\/wp-content\/uploads\/2024\/03\/Talkpal-Logo-Icon.png","width":2880,"height":2880,"caption":"Talkpal, Inc."},"image":{"@id":"https:\/\/talkpal.ai\/sl\/#\/schema\/logo\/image\/"},"sameAs":["https:\/\/www.facebook.com\/profile.php?id=100090733639311","https:\/\/x.com\/talkpalai","https:\/\/www.linkedin.com\/company\/talkpal\/","https:\/\/www.youtube.com\/@TalkPal\/","https:\/\/www.tiktok.com\/@talkpal","https:\/\/www.instagram.com\/talkpal_ai\/","https:\/\/www.crunchbase.com\/organization\/talkpal-9cde","https:\/\/www.g2.com\/products\/talkpal-for-business\/","https:\/\/www.trustpilot.com\/review\/talkpal.ai","https:\/\/www.capterra.com\/p\/10006800\/TalkPal\/"],"description":"Talkpal is a language learning web and mobile education app, powered by the latest AI technologies, that provides engaging experiences to its customers in many different languages to help them improve their language skills. Users can chat about unlimited amount of topics with the app and use other modes to practice their language learning.","email":"support@talkpal.ai","legalName":"Talkpal, Inc.","foundingDate":"2023-04-03","duns":"118989042","numberOfEmployees":{"@type":"QuantitativeValue","minValue":"11","maxValue":"50"},"publishingPrinciples":"https:\/\/talkpal.ai\/publishing-principles\/","actionableFeedbackPolicy":"https:\/\/talkpal.ai\/actionable-feedback-policy\/","correctionsPolicy":"https:\/\/talkpal.ai\/corrections-policy\/","ethicsPolicy":"https:\/\/talkpal.ai\/ethics-policy\/","diversityPolicy":"https:\/\/talkpal.ai\/diversity-policy\/","diversityStaffingReport":"https:\/\/talkpal.ai\/diversity-policy\/"}]}},"_links":{"self":[{"href":"https:\/\/talkpal.ai\/sl\/wp-json\/wp\/v2\/pages\/163999","targetHints":{"allow":["GET"]}}],"collection":[{"href":"https:\/\/talkpal.ai\/sl\/wp-json\/wp\/v2\/pages"}],"about":[{"href":"https:\/\/talkpal.ai\/sl\/wp-json\/wp\/v2\/types\/page"}],"author":[{"embeddable":true,"href":"https:\/\/talkpal.ai\/sl\/wp-json\/wp\/v2\/users\/6"}],"replies":[{"embeddable":true,"href":"https:\/\/talkpal.ai\/sl\/wp-json\/wp\/v2\/comments?post=163999"}],"version-history":[{"count":0,"href":"https:\/\/talkpal.ai\/sl\/wp-json\/wp\/v2\/pages\/163999\/revisions"}],"wp:featuredmedia":[{"embeddable":true,"href":"https:\/\/talkpal.ai\/sl\/wp-json\/wp\/v2\/media\/110175"}],"wp:attachment":[{"href":"https:\/\/talkpal.ai\/sl\/wp-json\/wp\/v2\/media?parent=163999"}],"curies":[{"name":"wp","href":"https:\/\/api.w.org\/{rel}","templated":true}]}}