{"id":163652,"date":"2023-06-16T13:10:39","date_gmt":"2023-06-16T13:10:39","guid":{"rendered":"http:\/\/talkpal.ai\/ceske-slovnicne-vaje\/"},"modified":"2025-12-17T16:27:49","modified_gmt":"2025-12-17T16:27:49","slug":"ceske-slovnicne-vaje","status":"publish","type":"page","link":"https:\/\/talkpal.ai\/sl\/ceske-slovnicne-vaje\/","title":{"rendered":"\u010ce\u0161ke slovni\u010dne vaje"},"content":{"rendered":"\r\n\r\n\r\n<section class=\"languageChallengeSection\">\r\n    <div class=\"languageInfoWrapper\">\r\n        \r\n        <h1>\u010ce\u0161ke slovni\u010dne vaje<\/h1>\r\n        <p>Ste pripravljeni izpopolniti svoje znanje \u010de\u0161\u010dine? S slovni\u010dnimi vajami boste osvojili zgradbo stavka, glagolske kon\u010dnice in zna\u010dilne vzorce \u010de\u0161kega jezika. \u0160e danes se lotite u\u010denja \u010de\u0161ke slovnice in opazujte, kako z vsako vajo rasteta va\u0161e zaupanje in teko\u010dnost!\n\n<\/p>\r\n\r\n                            <a class=\"getStartedHidden\" href=\"https:\/\/app.talkpal.ai\/sl\/signup?lng=\">Za\u010dni<\/a>\r\n        \r\n    <\/div>\r\n\r\n    <figure>\r\n    <img decoding=\"async\" width=\"768\" height=\"768\" src=\"https:\/\/talkpal.ai\/wp-content\/uploads\/2023\/06\/Czech-768x768.png\" class=\"languageImage no-lazy\" alt=\"Language learning for intellectual development\" fetchpriority=\"high\" sizes=\"(max-width: 768px) 150px, 768px\" srcset=\"https:\/\/talkpal.ai\/wp-content\/uploads\/2023\/06\/Czech-768x768.png 768w, https:\/\/talkpal.ai\/wp-content\/uploads\/2023\/06\/Czech-300x300.png 300w\" \/>\r\n    \r\n\r\n    <\/figure>\r\n\r\n            <a class=\"getStartedVisible\" href=\"https:\/\/app.talkpal.ai\/sl\/signup?lng=\">Za\u010dni<\/a>\r\n    \r\n<\/section>\r\n\r\n\r\n<!-- <section class=\"grammarSection\">\r\n    <div class=\"grammarLinks\">\r\n            <\/div>\r\n<\/section> -->\r\n\r\n\r\n\r\n\r\n<section class=\"promotionalBanner\">\r\n    <p class=\"promotionalText\">Naju\u010dinkovitej\u0161i na\u010din u\u010denja jezika<\/p>\r\n    <a class=\"promotionalLink\" href=\"https:\/\/app.talkpal.ai\/sl\/signup?lng=\">Preizkusite Talkpal brezpla\u010dno<\/a>\r\n<\/section>\n<div class=\"wp-block-group pageContainerStyle\"><div class=\"wp-block-group__inner-container is-layout-constrained wp-block-group-is-layout-constrained\">\n<h2 class=\"wp-block-heading\" id=\"h-czech-grammar-topics\">Teme \u010de\u0161ke slovnice<\/h2>\n\n\n\n<p>U\u010denje novega jezika je lahko vznemirljiva in bogata izku\u0161nja, <a href=\"https:\/\/talkpal.ai\/hr\/ucenje-ceskog-jezika\/\">\u010de\u0161ki jezik<\/a> pa ni izjema. <a href=\"https:\/\/talkpal.ai\/hr\/ucenje-ceskog-jezika\/\">\u010ce\u0161ki jezik<\/a> s svojo bogato zgodovino in edinstvenim slovanskim \u0161armom u\u010dencem ponuja vrata v srce srednje Evrope. \u010ce \u017eelite kar najbolje izkoristiti svoje potovanje v \u010de\u0161\u010dino, morate razumeti in obvladati njeno slovnico, ki je osnova vsakega jezika. Od \u010dasov in glagolov do pridevnikov in predlogov, poznavanje teh slovni\u010dnih tem vam bo pomagalo u\u010dinkovito in samozavestno komunicirati. V tem priro\u010dniku vas bomo popeljali skozi bistvene teme \u010de\u0161ke slovnice, zdru\u017eene v zaporedje, ki vam bo olaj\u0161alo u\u010denje in razumevanje jezika.<\/p>\n\n\n\n<h3 class=\"wp-block-heading\" id=\"h-1-nouns\">1. Samostalniki:<\/h3>\n\n\n\n<p>Za\u010dnite se u\u010diti s \u010de\u0161kimi samostalniki, saj so temelj jezika. <a href=\"https:\/\/talkpal.ai\/learn-czech\/\">\u010ce\u0161ki<\/a> samostalniki imajo tri spole (mo\u0161ki, \u017eenski in srednje\u0161olski) in sedem primerov (nominativni, genitivni, dativni, akuzativni, vokativni, lokativni in instrumentalni). Razumevanje spola in sistema primerov je klju\u010dnega pomena za pravilno oblikovanje stavkov.<\/p>\n\n\n\n<h3 class=\"wp-block-heading\" id=\"h-2-articles\">2. \u010clanki:<\/h3>\n\n\n\n<p><a href=\"https:\/\/talkpal.ai\/learn-czech\/\">\u010de\u0161ki<\/a> jezik nima nedolo\u010denih \u010dlenov (a, an), dokon\u010dni \u010dlen (the) pa se uporablja samo v nekaterih posebnih primerih. Preberite, kdaj in kako uporabiti dolo\u010den \u010dlanek, da izbolj\u0161ate svoje razumevanje \u010de\u0161ke slovnice.<\/p>\n\n\n\n<h3 class=\"wp-block-heading\" id=\"h-3-pronouns-determiners\">3. Zaimki\/dolo\u010dniki:<\/h3>\n\n\n\n<p>Zaimki nadome\u0161\u010dajo samostalnike v stavkih, determinatorji pa dolo\u010dajo ali spreminjajo samostalnike. Seznanite se s \u010de\u0161kimi osebnimi, posesivnimi, demonstrativnimi, refleksivnimi in zasli\u0161evalnimi zaimki ter determinatorji, da ustvarite bolj zapletene stavke.<\/p>\n\n\n\n<h3 class=\"wp-block-heading\" id=\"h-4-adjectives\">4. Pridevniki:<\/h3>\n\n\n\n<p>Pridevniki opisujejo ali spreminjajo samostalnike v \u010de\u0161\u010dini. Nau\u010dite se, kako jih uporabljati v pravilnem spolu, \u0161tevilki in primeru, da se strinjate s samostalnikom, ki ga opisujejo.<\/p>\n\n\n\n<h3 class=\"wp-block-heading\" id=\"h-5-adverbs\">5. Prislovi:<\/h3>\n\n\n\n<p>Prislovi spreminjajo glagole, pridevnike ali druge prislove. Zagotavljajo dodatne informacije o dejanju, kot so na\u010din, \u010das ali kraj. Obvladovanje \u010de\u0161kih prislovov vam bo pomagalo natan\u010dneje prenesti sporo\u010dilo.<\/p>\n\n\n\n<h3 class=\"wp-block-heading\" id=\"h-6-verbs\">6. Glagoli:<\/h3>\n\n\n\n<p>\u010ce\u0161ki glagoli so bistveni za izra\u017eanje dejanj, dogodkov ali stanj. Nau\u010dite se vzorcev konjugacije, \u010dasov (preteklosti, sedanjosti in prihodnosti) in vidikov (popolnih in nepopolnih) za u\u010dinkovito komunikacijo.<\/p>\n\n\n\n<h3 class=\"wp-block-heading\" id=\"h-7-tense-comparison\">7. Primerjava \u010dasov:<\/h3>\n\n\n\n<p>Razumevanje razlik in uporabe \u010de\u0161kih \u010dasov (preteklosti, sedanjosti in prihodnosti) vam bo omogo\u010dilo, da natan\u010dno izrazite svoje misli in se izognete zmedi.<\/p>\n\n\n\n<h3 class=\"wp-block-heading\" id=\"h-8-progressive-and-perfect-progressive\">8. Progresivna in popolna progresivna:<\/h3>\n\n\n\n<p>\u010ce\u0161\u010dina nima neposrednih ekvivalentov za angle\u0161ki progresivni in popolni progresivni \u010das. Namesto tega jezik uporablja razli\u010dne glagolske vidike (popolne in nepopolne) in konstrukcije za izra\u017eanje podobnih pomenov. Nau\u010dite se, kako oblikovati in uporabiti te konstrukcije za izra\u017eanje teko\u010dih ali zaklju\u010denih dejanj.<\/p>\n\n\n\n<h3 class=\"wp-block-heading\" id=\"h-9-conditionals\">9. Pogoji:<\/h3>\n\n\n\n<p>Pogoji se uporabljajo za izra\u017eanje hipoteti\u010dnih situacij ali pogojev. Obvladajte \u010de\u0161ke pogojne oblike, da razpravljate o mo\u017enostih in naredite napovedi.<\/p>\n\n\n\n<h3 class=\"wp-block-heading\" id=\"h-10-prepositions\">10. Predlogi:<\/h3>\n\n\n\n<p>Predlogi se uporabljajo za ozna\u010devanje odnosov med besedami, kot so lokacija, smer, \u010das ali vzrok. Pravilno u\u010denje in uporaba \u010de\u0161kih predlogov vam bo pomagala sestaviti jasne in smiselne stavke.<\/p>\n\n\n\n<h3 class=\"wp-block-heading\" id=\"h-11-sentences\">11. Stavki:<\/h3>\n\n\n\n<p>Na koncu vadite oblikovanje \u010de\u0161kih stavkov z zdru\u017eevanjem slovni\u010dnih elementov, ki ste se jih nau\u010dili. Osredoto\u010dite se na ustvarjanje preprostih, sestavljenih, zapletenih in sestavljenih zapletenih stavkov, da izbolj\u0161ate teko\u010de in komunikacijske spretnosti v \u010de\u0161kem jeziku.<\/p>\n<\/div><\/div>\n\r\n<section class=\"learnNavigationSection\">\r\n            \r\n        <a href=\"https:\/\/talkpal.ai\/sl\/naucite-se-cescine\/\">\r\n            <div class=\"learnNavigationWrapper\">\r\n                <div class=\"learnNavigationContent\">\r\n                    <img decoding=\"async\" src=\"https:\/\/talkpal.ai\/wp-content\/uploads\/2024\/08\/Czech.jpg\" alt=\"Czech Flag\">\r\n                    <div>\r\n                        <h4>O u\u010denju \u010de\u0161\u010dine<\/h4>\r\n                        <p>Izvedite vse o \u010de\u0161ki slovnici.<\/p>\r\n                    <\/div>\r\n                <\/div>\r\n            <\/div>\r\n        <\/a>\r\n\r\n        \r\n        <a href=\"https:\/\/talkpal.ai\/sl\/ceska-slovnica\/\">\r\n            <div class=\"learnNavigationWrapper\">\r\n                <div class=\"learnNavigationContent\">\r\n                    <img decoding=\"async\" src=\"https:\/\/talkpal.ai\/wp-content\/uploads\/2024\/08\/Czech.jpg\" alt=\"Czech Flag\">\r\n                    <div>\r\n                        <h4>Lekcije \u010de\u0161ke slovnice<\/h4>\r\n                        <p>Vadite \u010de\u0161ko slovnico.<\/p>\r\n                    <\/div>\r\n                <\/div>\r\n            <\/div>\r\n        <\/a>\r\n\r\n        \r\n        <a href=\"https:\/\/talkpal.ai\/vocabulary_language\/czech\/\">\r\n            <div class=\"learnNavigationWrapper\">\r\n                <div class=\"learnNavigationContent\">\r\n                    <img decoding=\"async\" src=\"https:\/\/talkpal.ai\/wp-content\/uploads\/2024\/08\/Czech.jpg\" alt=\"Czech Flag\">\r\n                    <div>\r\n                        <h4>\u010ce\u0161ki besednjak<\/h4>\r\n                        <p>Raz\u0161irite svoj \u010de\u0161ki besedni zaklad.<\/p>\r\n                    <\/div>\r\n                <\/div>\r\n            <\/div>\r\n        <\/a>\r\n\r\n            <\/section>","protected":false},"excerpt":{"rendered":"<p>Teme \u010de\u0161ke slovnice U\u010denje novega jezika je lahko vznemirljiva in bogata izku\u0161nja, \u010de\u0161ki jezik pa ni izjema. \u010ce\u0161ki jezik s svojo bogato zgodovino in edinstvenim slovanskim \u0161armom u\u010dencem ponuja vrata v srce srednje Evrope. \u010ce \u017eelite kar najbolje izkoristiti svoje potovanje v \u010de\u0161\u010dino, morate razumeti in obvladati njeno slovnico, ki je osnova vsakega jezika. Od [&hellip;]<\/p>\n","protected":false},"author":6,"featured_media":111742,"parent":0,"menu_order":0,"comment_status":"closed","ping_status":"closed","template":"LearningContentPage.php","meta":{"_acf_changed":false,"footnotes":""},"class_list":["post-163652","page","type-page","status-publish","has-post-thumbnail","hentry"],"acf":[],"yoast_head":"<!-- This site is optimized with the Yoast SEO Premium plugin v27.2 (Yoast SEO v27.2) - https:\/\/yoast.com\/product\/yoast-seo-premium-wordpress\/ -->\n<title>\u010ce\u0161ke slovni\u010dne vaje - Talkpal<\/title>\n<meta name=\"description\" content=\"Odkrijte skrivnosti \u010de\u0161kega jezika z bistvenimi \u010de\u0161kimi slovni\u010dnimi vajami za samozavestno sporazumevanje.\" \/>\n<meta name=\"robots\" content=\"index, follow, max-snippet:-1, max-image-preview:large, max-video-preview:-1\" \/>\n<link rel=\"canonical\" href=\"https:\/\/talkpal.ai\/sl\/ceske-slovnicne-vaje\/\" \/>\n<meta property=\"og:locale\" content=\"sl_SI\" \/>\n<meta property=\"og:type\" content=\"article\" \/>\n<meta property=\"og:title\" content=\"\u010ce\u0161ke slovni\u010dne vaje\" \/>\n<meta property=\"og:description\" content=\"Teme \u010de\u0161ke slovnice U\u010denje novega jezika je lahko vznemirljiva in bogata izku\u0161nja, \u010de\u0161ki jezik pa ni izjema. \u010ce\u0161ki jezik s svojo bogato zgodovino in\" \/>\n<meta property=\"og:url\" content=\"https:\/\/talkpal.ai\/sl\/ceske-slovnicne-vaje\/\" \/>\n<meta property=\"og:site_name\" content=\"Talkpal\" \/>\n<meta property=\"article:publisher\" content=\"https:\/\/www.facebook.com\/profile.php?id=100090733639311\" \/>\n<meta property=\"article:modified_time\" content=\"2025-12-17T16:27:49+00:00\" \/>\n<meta property=\"og:image\" content=\"https:\/\/talkpal.ai\/wp-content\/uploads\/2023\/05\/czech-republic.png\" \/>\n\t<meta property=\"og:image:width\" content=\"512\" \/>\n\t<meta property=\"og:image:height\" content=\"512\" \/>\n\t<meta property=\"og:image:type\" content=\"image\/png\" \/>\n<meta name=\"twitter:card\" content=\"summary_large_image\" \/>\n<meta name=\"twitter:site\" content=\"@talkpalai\" \/>\n<meta name=\"twitter:label1\" content=\"Est. reading time\" \/>\n\t<meta name=\"twitter:data1\" content=\"3 minute\" \/>\n<script type=\"application\/ld+json\" class=\"yoast-schema-graph\">{\"@context\":\"https:\/\/schema.org\",\"@graph\":[{\"@type\":\"WebPage\",\"@id\":\"https:\/\/talkpal.ai\/sl\/ceske-slovnicne-vaje\/\",\"url\":\"https:\/\/talkpal.ai\/sl\/ceske-slovnicne-vaje\/\",\"name\":\"\u010ce\u0161ke slovni\u010dne vaje - Talkpal\",\"isPartOf\":{\"@id\":\"https:\/\/talkpal.ai\/sl\/#website\"},\"primaryImageOfPage\":{\"@id\":\"https:\/\/talkpal.ai\/sl\/ceske-slovnicne-vaje\/#primaryimage\"},\"image\":{\"@id\":\"https:\/\/talkpal.ai\/sl\/ceske-slovnicne-vaje\/#primaryimage\"},\"thumbnailUrl\":\"https:\/\/talkpal.ai\/wp-content\/uploads\/2023\/05\/czech-republic.png\",\"datePublished\":\"2023-06-16T13:10:39+00:00\",\"dateModified\":\"2025-12-17T16:27:49+00:00\",\"description\":\"Odkrijte skrivnosti \u010de\u0161kega jezika z bistvenimi \u010de\u0161kimi slovni\u010dnimi vajami za samozavestno sporazumevanje.\",\"breadcrumb\":{\"@id\":\"https:\/\/talkpal.ai\/sl\/ceske-slovnicne-vaje\/#breadcrumb\"},\"inLanguage\":\"sl-SI\",\"potentialAction\":[{\"@type\":\"ReadAction\",\"target\":[\"https:\/\/talkpal.ai\/sl\/ceske-slovnicne-vaje\/\"]}]},{\"@type\":\"ImageObject\",\"inLanguage\":\"sl-SI\",\"@id\":\"https:\/\/talkpal.ai\/sl\/ceske-slovnicne-vaje\/#primaryimage\",\"url\":\"https:\/\/talkpal.ai\/wp-content\/uploads\/2023\/05\/czech-republic.png\",\"contentUrl\":\"https:\/\/talkpal.ai\/wp-content\/uploads\/2023\/05\/czech-republic.png\",\"width\":512,\"height\":512},{\"@type\":\"BreadcrumbList\",\"@id\":\"https:\/\/talkpal.ai\/sl\/ceske-slovnicne-vaje\/#breadcrumb\",\"itemListElement\":[{\"@type\":\"ListItem\",\"position\":1,\"name\":\"Homepage\",\"item\":\"https:\/\/talkpal.ai\/sl\/\"},{\"@type\":\"ListItem\",\"position\":2,\"name\":\"\u010ce\u0161ke slovni\u010dne vaje\"}]},{\"@type\":\"WebSite\",\"@id\":\"https:\/\/talkpal.ai\/sl\/#website\",\"url\":\"https:\/\/talkpal.ai\/sl\/\",\"name\":\"Talkpal\",\"description\":\"AI Language Learning\",\"publisher\":{\"@id\":\"https:\/\/talkpal.ai\/sl\/#organization\"},\"alternateName\":\"Talkpal AI\",\"potentialAction\":[{\"@type\":\"SearchAction\",\"target\":{\"@type\":\"EntryPoint\",\"urlTemplate\":\"https:\/\/talkpal.ai\/sl\/?s={search_term_string}\"},\"query-input\":{\"@type\":\"PropertyValueSpecification\",\"valueRequired\":true,\"valueName\":\"search_term_string\"}}],\"inLanguage\":\"sl-SI\"},{\"@type\":\"Organization\",\"@id\":\"https:\/\/talkpal.ai\/sl\/#organization\",\"name\":\"Talkpal, Inc.\",\"alternateName\":\"Talkpal AI\",\"url\":\"https:\/\/talkpal.ai\/sl\/\",\"logo\":{\"@type\":\"ImageObject\",\"inLanguage\":\"sl-SI\",\"@id\":\"https:\/\/talkpal.ai\/sl\/#\/schema\/logo\/image\/\",\"url\":\"https:\/\/talkpal.ai\/wp-content\/uploads\/2024\/03\/Talkpal-Logo-Icon.png\",\"contentUrl\":\"https:\/\/talkpal.ai\/wp-content\/uploads\/2024\/03\/Talkpal-Logo-Icon.png\",\"width\":2880,\"height\":2880,\"caption\":\"Talkpal, Inc.\"},\"image\":{\"@id\":\"https:\/\/talkpal.ai\/sl\/#\/schema\/logo\/image\/\"},\"sameAs\":[\"https:\/\/www.facebook.com\/profile.php?id=100090733639311\",\"https:\/\/x.com\/talkpalai\",\"https:\/\/www.linkedin.com\/company\/talkpal\/\",\"https:\/\/www.youtube.com\/@TalkPal\/\",\"https:\/\/www.tiktok.com\/@talkpal\",\"https:\/\/www.instagram.com\/talkpal_ai\/\",\"https:\/\/www.crunchbase.com\/organization\/talkpal-9cde\",\"https:\/\/www.g2.com\/products\/talkpal-for-business\/\",\"https:\/\/www.trustpilot.com\/review\/talkpal.ai\",\"https:\/\/www.capterra.com\/p\/10006800\/TalkPal\/\"],\"description\":\"Talkpal is a language learning web and mobile education app, powered by the latest AI technologies, that provides engaging experiences to its customers in many different languages to help them improve their language skills. Users can chat about unlimited amount of topics with the app and use other modes to practice their language learning.\",\"email\":\"support@talkpal.ai\",\"legalName\":\"Talkpal, Inc.\",\"foundingDate\":\"2023-04-03\",\"duns\":\"118989042\",\"numberOfEmployees\":{\"@type\":\"QuantitativeValue\",\"minValue\":\"11\",\"maxValue\":\"50\"},\"publishingPrinciples\":\"https:\/\/talkpal.ai\/publishing-principles\/\",\"actionableFeedbackPolicy\":\"https:\/\/talkpal.ai\/actionable-feedback-policy\/\",\"correctionsPolicy\":\"https:\/\/talkpal.ai\/corrections-policy\/\",\"ethicsPolicy\":\"https:\/\/talkpal.ai\/ethics-policy\/\",\"diversityPolicy\":\"https:\/\/talkpal.ai\/diversity-policy\/\",\"diversityStaffingReport\":\"https:\/\/talkpal.ai\/diversity-policy\/\"}]}<\/script>\n<!-- \/ Yoast SEO Premium plugin. -->","yoast_head_json":{"title":"\u010ce\u0161ke slovni\u010dne vaje - Talkpal","description":"Odkrijte skrivnosti \u010de\u0161kega jezika z bistvenimi \u010de\u0161kimi slovni\u010dnimi vajami za samozavestno sporazumevanje.","robots":{"index":"index","follow":"follow","max-snippet":"max-snippet:-1","max-image-preview":"max-image-preview:large","max-video-preview":"max-video-preview:-1"},"canonical":"https:\/\/talkpal.ai\/sl\/ceske-slovnicne-vaje\/","og_locale":"sl_SI","og_type":"article","og_title":"\u010ce\u0161ke slovni\u010dne vaje","og_description":"Teme \u010de\u0161ke slovnice U\u010denje novega jezika je lahko vznemirljiva in bogata izku\u0161nja, \u010de\u0161ki jezik pa ni izjema. \u010ce\u0161ki jezik s svojo bogato zgodovino in","og_url":"https:\/\/talkpal.ai\/sl\/ceske-slovnicne-vaje\/","og_site_name":"Talkpal","article_publisher":"https:\/\/www.facebook.com\/profile.php?id=100090733639311","article_modified_time":"2025-12-17T16:27:49+00:00","og_image":[{"width":512,"height":512,"url":"https:\/\/talkpal.ai\/wp-content\/uploads\/2023\/05\/czech-republic.png","type":"image\/png"}],"twitter_card":"summary_large_image","twitter_site":"@talkpalai","twitter_misc":{"Est. reading time":"3 minute"},"schema":{"@context":"https:\/\/schema.org","@graph":[{"@type":"WebPage","@id":"https:\/\/talkpal.ai\/sl\/ceske-slovnicne-vaje\/","url":"https:\/\/talkpal.ai\/sl\/ceske-slovnicne-vaje\/","name":"\u010ce\u0161ke slovni\u010dne vaje - Talkpal","isPartOf":{"@id":"https:\/\/talkpal.ai\/sl\/#website"},"primaryImageOfPage":{"@id":"https:\/\/talkpal.ai\/sl\/ceske-slovnicne-vaje\/#primaryimage"},"image":{"@id":"https:\/\/talkpal.ai\/sl\/ceske-slovnicne-vaje\/#primaryimage"},"thumbnailUrl":"https:\/\/talkpal.ai\/wp-content\/uploads\/2023\/05\/czech-republic.png","datePublished":"2023-06-16T13:10:39+00:00","dateModified":"2025-12-17T16:27:49+00:00","description":"Odkrijte skrivnosti \u010de\u0161kega jezika z bistvenimi \u010de\u0161kimi slovni\u010dnimi vajami za samozavestno sporazumevanje.","breadcrumb":{"@id":"https:\/\/talkpal.ai\/sl\/ceske-slovnicne-vaje\/#breadcrumb"},"inLanguage":"sl-SI","potentialAction":[{"@type":"ReadAction","target":["https:\/\/talkpal.ai\/sl\/ceske-slovnicne-vaje\/"]}]},{"@type":"ImageObject","inLanguage":"sl-SI","@id":"https:\/\/talkpal.ai\/sl\/ceske-slovnicne-vaje\/#primaryimage","url":"https:\/\/talkpal.ai\/wp-content\/uploads\/2023\/05\/czech-republic.png","contentUrl":"https:\/\/talkpal.ai\/wp-content\/uploads\/2023\/05\/czech-republic.png","width":512,"height":512},{"@type":"BreadcrumbList","@id":"https:\/\/talkpal.ai\/sl\/ceske-slovnicne-vaje\/#breadcrumb","itemListElement":[{"@type":"ListItem","position":1,"name":"Homepage","item":"https:\/\/talkpal.ai\/sl\/"},{"@type":"ListItem","position":2,"name":"\u010ce\u0161ke slovni\u010dne vaje"}]},{"@type":"WebSite","@id":"https:\/\/talkpal.ai\/sl\/#website","url":"https:\/\/talkpal.ai\/sl\/","name":"Talkpal","description":"AI Language Learning","publisher":{"@id":"https:\/\/talkpal.ai\/sl\/#organization"},"alternateName":"Talkpal AI","potentialAction":[{"@type":"SearchAction","target":{"@type":"EntryPoint","urlTemplate":"https:\/\/talkpal.ai\/sl\/?s={search_term_string}"},"query-input":{"@type":"PropertyValueSpecification","valueRequired":true,"valueName":"search_term_string"}}],"inLanguage":"sl-SI"},{"@type":"Organization","@id":"https:\/\/talkpal.ai\/sl\/#organization","name":"Talkpal, Inc.","alternateName":"Talkpal AI","url":"https:\/\/talkpal.ai\/sl\/","logo":{"@type":"ImageObject","inLanguage":"sl-SI","@id":"https:\/\/talkpal.ai\/sl\/#\/schema\/logo\/image\/","url":"https:\/\/talkpal.ai\/wp-content\/uploads\/2024\/03\/Talkpal-Logo-Icon.png","contentUrl":"https:\/\/talkpal.ai\/wp-content\/uploads\/2024\/03\/Talkpal-Logo-Icon.png","width":2880,"height":2880,"caption":"Talkpal, Inc."},"image":{"@id":"https:\/\/talkpal.ai\/sl\/#\/schema\/logo\/image\/"},"sameAs":["https:\/\/www.facebook.com\/profile.php?id=100090733639311","https:\/\/x.com\/talkpalai","https:\/\/www.linkedin.com\/company\/talkpal\/","https:\/\/www.youtube.com\/@TalkPal\/","https:\/\/www.tiktok.com\/@talkpal","https:\/\/www.instagram.com\/talkpal_ai\/","https:\/\/www.crunchbase.com\/organization\/talkpal-9cde","https:\/\/www.g2.com\/products\/talkpal-for-business\/","https:\/\/www.trustpilot.com\/review\/talkpal.ai","https:\/\/www.capterra.com\/p\/10006800\/TalkPal\/"],"description":"Talkpal is a language learning web and mobile education app, powered by the latest AI technologies, that provides engaging experiences to its customers in many different languages to help them improve their language skills. Users can chat about unlimited amount of topics with the app and use other modes to practice their language learning.","email":"support@talkpal.ai","legalName":"Talkpal, Inc.","foundingDate":"2023-04-03","duns":"118989042","numberOfEmployees":{"@type":"QuantitativeValue","minValue":"11","maxValue":"50"},"publishingPrinciples":"https:\/\/talkpal.ai\/publishing-principles\/","actionableFeedbackPolicy":"https:\/\/talkpal.ai\/actionable-feedback-policy\/","correctionsPolicy":"https:\/\/talkpal.ai\/corrections-policy\/","ethicsPolicy":"https:\/\/talkpal.ai\/ethics-policy\/","diversityPolicy":"https:\/\/talkpal.ai\/diversity-policy\/","diversityStaffingReport":"https:\/\/talkpal.ai\/diversity-policy\/"}]}},"_links":{"self":[{"href":"https:\/\/talkpal.ai\/sl\/wp-json\/wp\/v2\/pages\/163652","targetHints":{"allow":["GET"]}}],"collection":[{"href":"https:\/\/talkpal.ai\/sl\/wp-json\/wp\/v2\/pages"}],"about":[{"href":"https:\/\/talkpal.ai\/sl\/wp-json\/wp\/v2\/types\/page"}],"author":[{"embeddable":true,"href":"https:\/\/talkpal.ai\/sl\/wp-json\/wp\/v2\/users\/6"}],"replies":[{"embeddable":true,"href":"https:\/\/talkpal.ai\/sl\/wp-json\/wp\/v2\/comments?post=163652"}],"version-history":[{"count":0,"href":"https:\/\/talkpal.ai\/sl\/wp-json\/wp\/v2\/pages\/163652\/revisions"}],"wp:featuredmedia":[{"embeddable":true,"href":"https:\/\/talkpal.ai\/sl\/wp-json\/wp\/v2\/media\/111742"}],"wp:attachment":[{"href":"https:\/\/talkpal.ai\/sl\/wp-json\/wp\/v2\/media?parent=163652"}],"curies":[{"name":"wp","href":"https:\/\/api.w.org\/{rel}","templated":true}]}}