{"id":162463,"date":"2023-06-21T14:18:43","date_gmt":"2023-06-21T14:18:43","guid":{"rendered":"http:\/\/talkpal.ai\/grske-slovnicne-vaje\/"},"modified":"2025-12-17T16:03:52","modified_gmt":"2025-12-17T16:03:52","slug":"grske-slovnicne-vaje","status":"publish","type":"page","link":"https:\/\/talkpal.ai\/sl\/grske-slovnicne-vaje\/","title":{"rendered":"Gr\u0161ke slovni\u010dne vaje"},"content":{"rendered":"\r\n\r\n\r\n<section class=\"languageChallengeSection\">\r\n    <div class=\"languageInfoWrapper\">\r\n        \r\n        <h1>Gr\u0161ke slovni\u010dne vaje<\/h1>\r\n        <p>Naj bo u\u010denje gr\u0161\u010dine zabavno in enostavno! Preizkusite te preproste vaje za vadbo osnov gr\u0161ke slovnice in za\u010dnite svoje jezikovno potovanje.<\/p>\r\n\r\n                            <a class=\"getStartedHidden\" href=\"https:\/\/app.talkpal.ai\/sl\/signup?lng=\">Za\u010dni<\/a>\r\n        \r\n    <\/div>\r\n\r\n    <figure>\r\n    <img decoding=\"async\" width=\"768\" height=\"768\" src=\"https:\/\/talkpal.ai\/wp-content\/uploads\/2023\/06\/greek-768x768.png\" class=\"languageImage no-lazy\" alt=\"Language learning to boost personal capability\" fetchpriority=\"high\" sizes=\"(max-width: 768px) 150px, 768px\" srcset=\"https:\/\/talkpal.ai\/wp-content\/uploads\/2023\/06\/greek-768x768.png 768w, https:\/\/talkpal.ai\/wp-content\/uploads\/2023\/06\/greek-300x300.png 300w\" \/>\r\n    \r\n\r\n    <\/figure>\r\n\r\n            <a class=\"getStartedVisible\" href=\"https:\/\/app.talkpal.ai\/sl\/signup?lng=\">Za\u010dni<\/a>\r\n    \r\n<\/section>\r\n\r\n\r\n<!-- <section class=\"grammarSection\">\r\n    <div class=\"grammarLinks\">\r\n            <\/div>\r\n<\/section> -->\r\n\r\n\r\n\r\n\r\n<section class=\"promotionalBanner\">\r\n    <p class=\"promotionalText\">Naju\u010dinkovitej\u0161i na\u010din u\u010denja jezika<\/p>\r\n    <a class=\"promotionalLink\" href=\"https:\/\/app.talkpal.ai\/sl\/signup?lng=\">Preizkusite Talkpal brezpla\u010dno<\/a>\r\n<\/section>\n<div class=\"wp-block-group pageContainerStyle\"><div class=\"wp-block-group__inner-container is-layout-constrained wp-block-group-is-layout-constrained\">\n<h2 class=\"wp-block-heading\" id=\"h-greek-grammar-topics\">Teme gr\u0161ke slovnice<\/h2>\n\n\n\n<p>U\u010denje gr\u0161\u010dine je lahko neverjetno koristna izku\u0161nja, saj omogo\u010da vrata do bogate in raznolike kulture, literature in zgodovine. Gr\u0161ki jezik ima edinstveno slovni\u010dno strukturo, ki je lahko zanimiva za raziskovanje. Spoznavanje gr\u0161ke slovnice je bistvenega pomena za obvladovanje jezika, saj vam bo omogo\u010dilo u\u010dinkovito in natan\u010dno sporazumevanje. Ta vodnik vam bo predstavil pregled nekaterih klju\u010dnih gr\u0161kih slovni\u010dnih tem, zdru\u017eenih v zaporedje, ki spodbuja u\u010denje jezika. Od \u010dasov in glagolov do predlogov in stavkov, ta vodnik vas bo usmeril na pot do obvladovanja gr\u0161\u010dine.<\/p>\n\n\n\n<h3 class=\"wp-block-heading\" id=\"h-1-nouns\">1. Samostalniki:<\/h3>\n\n\n\n<p>Samostalniki so gradniki katerega koli jezika in <a href=\"https:\/\/talkpal.ai\/learn-greek\/\">gr\u0161\u010dina<\/a> ni izjema. Uporabljajo se za predstavljanje ljudi, krajev, stvari ali idej. V gr\u0161\u010dini imajo samostalniki spol (mo\u0161ki, \u017eenski ali srednje), \u0161tevilo (ednina ali mno\u017eina) in velike \u010drke (nominativni, genitivni, akuzativni ali vokativni). Razumevanje teh lastnosti in njihovih pregibov je klju\u010dnega pomena za oblikovanje stavkov.<\/p>\n\n\n\n<h3 class=\"wp-block-heading\" id=\"h-2-articles\">2. \u010clanki:<\/h3>\n\n\n\n<p>\u010cleni v gr\u0161\u010dini so bistveni za dolo\u010ditev dolo\u010dnosti samostalnika. Strinjajo se s samostalnikom po spolu, \u0161tevilu in primeru. Poznati in pravilno uporabljati morate dolo\u010dne (ki ustrezajo &#8216;the&#8217;) in nedolo\u010dne (ki ustrezajo &#8216;a&#8217; ali &#8216;an&#8217;) \u010dlene.<\/p>\n\n\n\n<h3 class=\"wp-block-heading\" id=\"h-3-adjectives\">3. Pridevniki:<\/h3>\n\n\n\n<p>Pridevniki opisujejo ali spreminjajo samostalnike in zagotavljajo dodatne informacije o njihovih lastnostih ali zna\u010dilnostih. V gr\u0161\u010dini se pridevniki strinjajo s samostalniki, ki jih spreminjajo glede na spol, \u0161tevilo in primer, in imajo razli\u010dne deklinacije, odvisno od teh lastnosti.<\/p>\n\n\n\n<h3 class=\"wp-block-heading\" id=\"h-4-pronouns-determiners\">4. Zaimki\/dolo\u010devalci:<\/h3>\n\n\n\n<p>Zaimki se uporabljajo za zamenjavo samostalnikov, determinatorji pa jih dolo\u010dajo ali koli\u010dinsko opredeljujejo. V gr\u0161\u010dini se zaimki in determinatorji pregibajo glede spola, \u0161tevila in primerov, tako kot samostalniki in pridevniki. Nekateri primeri vklju\u010dujejo osebne zaimke (jaz, ti, on, ona itd.), Demonstrativne zaimke (to, to) in posesivne zaimke (moje, va\u0161e, njegove, one itd.).<\/p>\n\n\n\n<h3 class=\"wp-block-heading\" id=\"h-5-verbs\">5. Glagoli:<\/h3>\n\n\n\n<p>Glagoli izra\u017eajo dejanja, pojave ali stanja. Gr\u0161ki glagoli imajo razli\u010dne oblike, odvisno od napetosti, razpolo\u017eenja, glasu in osebe. Razumevanje razli\u010dnih konjugacij in na\u010dina njihove uporabe je klju\u010dnega pomena za konstruiranje in razumevanje stavkov.<\/p>\n\n\n\n<h3 class=\"wp-block-heading\" id=\"h-6-tenses\">6. \u010casi:<\/h3>\n\n\n\n<p><a href=\"https:\/\/talkpal.ai\/learn-greek\/\">Gr\u0161\u010dina<\/a> ima ve\u010d \u010dasov, kot so sedanjost, preteklost in prihodnost. Vsak \u010das se uporablja za ozna\u010devanje \u010dasa dejanja, dogodka ali stanja. U\u010denje razli\u010dnih \u010dasov in njihovih konjugacij vam bo pomagalo, da se natan\u010dno izrazite in razumete druge.<\/p>\n\n\n\n<h3 class=\"wp-block-heading\" id=\"h-7-tense-comparison\">7. Primerjava \u010dasov:<\/h3>\n\n\n\n<p>Primerjava \u010dasov v gr\u0161\u010dini je pomembna za razumevanje odtenkov jezika. To vklju\u010duje u\u010denje, kako izraziti dejanja ali stanja, ki se pojavljajo hkrati, zaporedno ali pogojno.<\/p>\n\n\n\n<h3 class=\"wp-block-heading\" id=\"h-8-progressive\">8. Progresivno:<\/h3>\n\n\n\n<p>Progresivni vidik v gr\u0161\u010dini se uporablja za ozna\u010devanje teko\u010dih ali stalnih dejanj. U\u010denje, kako oblikovati in uporabljati progresivni vidik, vam bo pomagalo posredovati dejanja, ki se trenutno dogajajo ali so se dogajala v preteklosti.<\/p>\n\n\n\n<h3 class=\"wp-block-heading\" id=\"h-9-perfect-progressive\">9. Perfect Progressive:<\/h3>\n\n\n\n<p>Popoln progresivni vidik v gr\u0161\u010dini zdru\u017euje koncepta dokon\u010danja in kontinuitete. Uporablja se za izra\u017eanje dejanj ali dr\u017eav, ki so se za\u010dele v preteklosti in se nadaljevale do dolo\u010dene to\u010dke.<\/p>\n\n\n\n<h3 class=\"wp-block-heading\" id=\"h-10-adverbs\">10. Prislovi:<\/h3>\n\n\n\n<p>Prislovi zagotavljajo dodatne informacije o glagolih, pridevnikih ali drugih prislovih. Izra\u017eajo lahko na\u010din, pogostost, stopnjo, \u010das ali kraj. U\u010denje razli\u010dnih vrst prislovov in njihova pravilna umestitev v stavek bo izbolj\u0161alo va\u0161e splo\u0161no teko\u010de znanje gr\u0161\u010dine.<\/p>\n\n\n\n<h3 class=\"wp-block-heading\" id=\"h-11-conditionals\">11. Pogoji:<\/h3>\n\n\n\n<p>Pogoji se uporabljajo za izra\u017eanje hipoteti\u010dnih situacij in njihovih posledic. Gr\u0161\u010dina ima ve\u010d vrst pogojev, vklju\u010dno z resni\u010dnimi, neresni\u010dnimi in me\u0161animi. Razumevanje in uporaba pogojev je potrebno za izra\u017eanje kompleksnih misli in idej.<\/p>\n\n\n\n<h3 class=\"wp-block-heading\" id=\"h-12-prepositions\">12. Predlo\u017eki:<\/h3>\n\n\n\n<p>Predlogi so majhne besede, ki ozna\u010dujejo odnose med samostalniki, zaimki ali drugimi besedami v stavku. Izra\u017eajo lahko lokacijo, \u010das, smer, vzrok in \u0161e ve\u010d. U\u010denje razli\u010dnih predlogov in njihova pravilna uporaba vam bo pomagalo oblikovati natan\u010dnej\u0161e in skladnej\u0161e stavke.<\/p>\n\n\n\n<h3 class=\"wp-block-heading\" id=\"h-13-sentences\">13. Stavki:<\/h3>\n\n\n\n<p>Nazadnje, obvladovanje stav\u010dne strukture je bistveno za u\u010dinkovito komunikacijo v gr\u0161\u010dini. To vklju\u010duje razumevanje pravilnega vrstnega <a href=\"https:\/\/talkpal.ai\/locations\/learn-english-in-reda\/\">reda<\/a> besed in uporabo razli\u010dnih slovni\u010dnih elementov, kot so predmet, glagol in predmet. Z u\u010denjem, kako sestaviti razli\u010dne vrste stavkov, boste na dobri <a href=\"https:\/\/talkpal.ai\/locations\/learn-english-in-poti\/\">poti<\/a>, da postanete usposobljeni za gr\u0161\u010dino.<\/p>\n<\/div><\/div>\n\r\n<section class=\"learnNavigationSection\">\r\n            \r\n        <a href=\"https:\/\/talkpal.ai\/sl\/naucite-se-grscine\/\">\r\n            <div class=\"learnNavigationWrapper\">\r\n                <div class=\"learnNavigationContent\">\r\n                    <img decoding=\"async\" src=\"https:\/\/talkpal.ai\/wp-content\/uploads\/2024\/08\/Greek.jpg\" alt=\"Greek Flag\">\r\n                    <div>\r\n                        <h4>O gr\u0161kem u\u010denju<\/h4>\r\n                        <p>Izvedite vse o gr\u0161ki gramatiki.<\/p>\r\n                    <\/div>\r\n                <\/div>\r\n            <\/div>\r\n        <\/a>\r\n\r\n        \r\n        <a href=\"https:\/\/talkpal.ai\/sl\/grska-slovnica\/\">\r\n            <div class=\"learnNavigationWrapper\">\r\n                <div class=\"learnNavigationContent\">\r\n                    <img decoding=\"async\" src=\"https:\/\/talkpal.ai\/wp-content\/uploads\/2024\/08\/Greek.jpg\" alt=\"Greek Flag\">\r\n                    <div>\r\n                        <h4>Lekcije gr\u0161ke gramatike<\/h4>\r\n                        <p>Vadite gr\u0161ko slovnico.<\/p>\r\n                    <\/div>\r\n                <\/div>\r\n            <\/div>\r\n        <\/a>\r\n\r\n        \r\n        <a href=\"https:\/\/talkpal.ai\/vocabulary_language\/greek\/\">\r\n            <div class=\"learnNavigationWrapper\">\r\n                <div class=\"learnNavigationContent\">\r\n                    <img decoding=\"async\" src=\"https:\/\/talkpal.ai\/wp-content\/uploads\/2024\/08\/Greek.jpg\" alt=\"Greek Flag\">\r\n                    <div>\r\n                        <h4>Gr\u0161ki besednjak<\/h4>\r\n                        <p>Raz\u0161irite svoj gr\u0161ki besedni zaklad.<\/p>\r\n                    <\/div>\r\n                <\/div>\r\n            <\/div>\r\n        <\/a>\r\n\r\n            <\/section>","protected":false},"excerpt":{"rendered":"<p>Teme gr\u0161ke slovnice U\u010denje gr\u0161\u010dine je lahko neverjetno koristna izku\u0161nja, saj omogo\u010da vrata do bogate in raznolike kulture, literature in zgodovine. Gr\u0161ki jezik ima edinstveno slovni\u010dno strukturo, ki je lahko zanimiva za raziskovanje. Spoznavanje gr\u0161ke slovnice je bistvenega pomena za obvladovanje jezika, saj vam bo omogo\u010dilo u\u010dinkovito in natan\u010dno sporazumevanje. Ta vodnik vam bo predstavil [&hellip;]<\/p>\n","protected":false},"author":6,"featured_media":112663,"parent":0,"menu_order":0,"comment_status":"closed","ping_status":"closed","template":"LearningContentPage.php","meta":{"_acf_changed":false,"footnotes":""},"class_list":["post-162463","page","type-page","status-publish","has-post-thumbnail","hentry"],"acf":[],"yoast_head":"<!-- This site is optimized with the Yoast SEO Premium plugin v27.2 (Yoast SEO v27.2) - https:\/\/yoast.com\/product\/yoast-seo-premium-wordpress\/ -->\n<title>Gr\u0161ke slovni\u010dne vaje - Talkpal<\/title>\n<meta name=\"description\" content=\"Enostavno izbolj\u0161ajte svoje znanje gr\u0161ke slovnice - vadite interaktivne vaje, hitro se izbolj\u0161ajte in pridobite samozavest z Talkpal AI.\" \/>\n<meta name=\"robots\" content=\"index, follow, max-snippet:-1, max-image-preview:large, max-video-preview:-1\" \/>\n<link rel=\"canonical\" href=\"https:\/\/talkpal.ai\/sl\/grske-slovnicne-vaje\/\" \/>\n<meta property=\"og:locale\" content=\"sl_SI\" \/>\n<meta property=\"og:type\" content=\"article\" \/>\n<meta property=\"og:title\" content=\"Gr\u0161ke slovni\u010dne vaje\" \/>\n<meta property=\"og:description\" content=\"Teme gr\u0161ke slovnice U\u010denje gr\u0161\u010dine je lahko neverjetno koristna izku\u0161nja, saj omogo\u010da vrata do bogate in raznolike kulture, literature in zgodovine. Gr\u0161ki\" \/>\n<meta property=\"og:url\" content=\"https:\/\/talkpal.ai\/sl\/grske-slovnicne-vaje\/\" \/>\n<meta property=\"og:site_name\" content=\"Talkpal\" \/>\n<meta property=\"article:publisher\" content=\"https:\/\/www.facebook.com\/profile.php?id=100090733639311\" \/>\n<meta property=\"article:modified_time\" content=\"2025-12-17T16:03:52+00:00\" \/>\n<meta property=\"og:image\" content=\"https:\/\/talkpal.ai\/wp-content\/uploads\/2023\/05\/greece.png\" \/>\n\t<meta property=\"og:image:width\" content=\"512\" \/>\n\t<meta property=\"og:image:height\" content=\"512\" \/>\n\t<meta property=\"og:image:type\" content=\"image\/png\" \/>\n<meta name=\"twitter:card\" content=\"summary_large_image\" \/>\n<meta name=\"twitter:site\" content=\"@talkpalai\" \/>\n<meta name=\"twitter:label1\" content=\"Est. reading time\" \/>\n\t<meta name=\"twitter:data1\" content=\"3 minute\" \/>\n<script type=\"application\/ld+json\" class=\"yoast-schema-graph\">{\"@context\":\"https:\/\/schema.org\",\"@graph\":[{\"@type\":\"WebPage\",\"@id\":\"https:\/\/talkpal.ai\/sl\/grske-slovnicne-vaje\/\",\"url\":\"https:\/\/talkpal.ai\/sl\/grske-slovnicne-vaje\/\",\"name\":\"Gr\u0161ke slovni\u010dne vaje - Talkpal\",\"isPartOf\":{\"@id\":\"https:\/\/talkpal.ai\/sl\/#website\"},\"primaryImageOfPage\":{\"@id\":\"https:\/\/talkpal.ai\/sl\/grske-slovnicne-vaje\/#primaryimage\"},\"image\":{\"@id\":\"https:\/\/talkpal.ai\/sl\/grske-slovnicne-vaje\/#primaryimage\"},\"thumbnailUrl\":\"https:\/\/talkpal.ai\/wp-content\/uploads\/2023\/05\/greece.png\",\"datePublished\":\"2023-06-21T14:18:43+00:00\",\"dateModified\":\"2025-12-17T16:03:52+00:00\",\"description\":\"Enostavno izbolj\u0161ajte svoje znanje gr\u0161ke slovnice - vadite interaktivne vaje, hitro se izbolj\u0161ajte in pridobite samozavest z Talkpal AI.\",\"breadcrumb\":{\"@id\":\"https:\/\/talkpal.ai\/sl\/grske-slovnicne-vaje\/#breadcrumb\"},\"inLanguage\":\"sl-SI\",\"potentialAction\":[{\"@type\":\"ReadAction\",\"target\":[\"https:\/\/talkpal.ai\/sl\/grske-slovnicne-vaje\/\"]}]},{\"@type\":\"ImageObject\",\"inLanguage\":\"sl-SI\",\"@id\":\"https:\/\/talkpal.ai\/sl\/grske-slovnicne-vaje\/#primaryimage\",\"url\":\"https:\/\/talkpal.ai\/wp-content\/uploads\/2023\/05\/greece.png\",\"contentUrl\":\"https:\/\/talkpal.ai\/wp-content\/uploads\/2023\/05\/greece.png\",\"width\":512,\"height\":512},{\"@type\":\"BreadcrumbList\",\"@id\":\"https:\/\/talkpal.ai\/sl\/grske-slovnicne-vaje\/#breadcrumb\",\"itemListElement\":[{\"@type\":\"ListItem\",\"position\":1,\"name\":\"Homepage\",\"item\":\"https:\/\/talkpal.ai\/sl\/\"},{\"@type\":\"ListItem\",\"position\":2,\"name\":\"Gr\u0161ke slovni\u010dne vaje\"}]},{\"@type\":\"WebSite\",\"@id\":\"https:\/\/talkpal.ai\/sl\/#website\",\"url\":\"https:\/\/talkpal.ai\/sl\/\",\"name\":\"Talkpal\",\"description\":\"AI Language Learning\",\"publisher\":{\"@id\":\"https:\/\/talkpal.ai\/sl\/#organization\"},\"alternateName\":\"Talkpal AI\",\"potentialAction\":[{\"@type\":\"SearchAction\",\"target\":{\"@type\":\"EntryPoint\",\"urlTemplate\":\"https:\/\/talkpal.ai\/sl\/?s={search_term_string}\"},\"query-input\":{\"@type\":\"PropertyValueSpecification\",\"valueRequired\":true,\"valueName\":\"search_term_string\"}}],\"inLanguage\":\"sl-SI\"},{\"@type\":\"Organization\",\"@id\":\"https:\/\/talkpal.ai\/sl\/#organization\",\"name\":\"Talkpal, Inc.\",\"alternateName\":\"Talkpal AI\",\"url\":\"https:\/\/talkpal.ai\/sl\/\",\"logo\":{\"@type\":\"ImageObject\",\"inLanguage\":\"sl-SI\",\"@id\":\"https:\/\/talkpal.ai\/sl\/#\/schema\/logo\/image\/\",\"url\":\"https:\/\/talkpal.ai\/wp-content\/uploads\/2024\/03\/Talkpal-Logo-Icon.png\",\"contentUrl\":\"https:\/\/talkpal.ai\/wp-content\/uploads\/2024\/03\/Talkpal-Logo-Icon.png\",\"width\":2880,\"height\":2880,\"caption\":\"Talkpal, Inc.\"},\"image\":{\"@id\":\"https:\/\/talkpal.ai\/sl\/#\/schema\/logo\/image\/\"},\"sameAs\":[\"https:\/\/www.facebook.com\/profile.php?id=100090733639311\",\"https:\/\/x.com\/talkpalai\",\"https:\/\/www.linkedin.com\/company\/talkpal\/\",\"https:\/\/www.youtube.com\/@TalkPal\/\",\"https:\/\/www.tiktok.com\/@talkpal\",\"https:\/\/www.instagram.com\/talkpal_ai\/\",\"https:\/\/www.crunchbase.com\/organization\/talkpal-9cde\",\"https:\/\/www.g2.com\/products\/talkpal-for-business\/\",\"https:\/\/www.trustpilot.com\/review\/talkpal.ai\",\"https:\/\/www.capterra.com\/p\/10006800\/TalkPal\/\"],\"description\":\"Talkpal is a language learning web and mobile education app, powered by the latest AI technologies, that provides engaging experiences to its customers in many different languages to help them improve their language skills. Users can chat about unlimited amount of topics with the app and use other modes to practice their language learning.\",\"email\":\"support@talkpal.ai\",\"legalName\":\"Talkpal, Inc.\",\"foundingDate\":\"2023-04-03\",\"duns\":\"118989042\",\"numberOfEmployees\":{\"@type\":\"QuantitativeValue\",\"minValue\":\"11\",\"maxValue\":\"50\"},\"publishingPrinciples\":\"https:\/\/talkpal.ai\/publishing-principles\/\",\"actionableFeedbackPolicy\":\"https:\/\/talkpal.ai\/actionable-feedback-policy\/\",\"correctionsPolicy\":\"https:\/\/talkpal.ai\/corrections-policy\/\",\"ethicsPolicy\":\"https:\/\/talkpal.ai\/ethics-policy\/\",\"diversityPolicy\":\"https:\/\/talkpal.ai\/diversity-policy\/\",\"diversityStaffingReport\":\"https:\/\/talkpal.ai\/diversity-policy\/\"}]}<\/script>\n<!-- \/ Yoast SEO Premium plugin. -->","yoast_head_json":{"title":"Gr\u0161ke slovni\u010dne vaje - Talkpal","description":"Enostavno izbolj\u0161ajte svoje znanje gr\u0161ke slovnice - vadite interaktivne vaje, hitro se izbolj\u0161ajte in pridobite samozavest z Talkpal AI.","robots":{"index":"index","follow":"follow","max-snippet":"max-snippet:-1","max-image-preview":"max-image-preview:large","max-video-preview":"max-video-preview:-1"},"canonical":"https:\/\/talkpal.ai\/sl\/grske-slovnicne-vaje\/","og_locale":"sl_SI","og_type":"article","og_title":"Gr\u0161ke slovni\u010dne vaje","og_description":"Teme gr\u0161ke slovnice U\u010denje gr\u0161\u010dine je lahko neverjetno koristna izku\u0161nja, saj omogo\u010da vrata do bogate in raznolike kulture, literature in zgodovine. Gr\u0161ki","og_url":"https:\/\/talkpal.ai\/sl\/grske-slovnicne-vaje\/","og_site_name":"Talkpal","article_publisher":"https:\/\/www.facebook.com\/profile.php?id=100090733639311","article_modified_time":"2025-12-17T16:03:52+00:00","og_image":[{"width":512,"height":512,"url":"https:\/\/talkpal.ai\/wp-content\/uploads\/2023\/05\/greece.png","type":"image\/png"}],"twitter_card":"summary_large_image","twitter_site":"@talkpalai","twitter_misc":{"Est. reading time":"3 minute"},"schema":{"@context":"https:\/\/schema.org","@graph":[{"@type":"WebPage","@id":"https:\/\/talkpal.ai\/sl\/grske-slovnicne-vaje\/","url":"https:\/\/talkpal.ai\/sl\/grske-slovnicne-vaje\/","name":"Gr\u0161ke slovni\u010dne vaje - Talkpal","isPartOf":{"@id":"https:\/\/talkpal.ai\/sl\/#website"},"primaryImageOfPage":{"@id":"https:\/\/talkpal.ai\/sl\/grske-slovnicne-vaje\/#primaryimage"},"image":{"@id":"https:\/\/talkpal.ai\/sl\/grske-slovnicne-vaje\/#primaryimage"},"thumbnailUrl":"https:\/\/talkpal.ai\/wp-content\/uploads\/2023\/05\/greece.png","datePublished":"2023-06-21T14:18:43+00:00","dateModified":"2025-12-17T16:03:52+00:00","description":"Enostavno izbolj\u0161ajte svoje znanje gr\u0161ke slovnice - vadite interaktivne vaje, hitro se izbolj\u0161ajte in pridobite samozavest z Talkpal AI.","breadcrumb":{"@id":"https:\/\/talkpal.ai\/sl\/grske-slovnicne-vaje\/#breadcrumb"},"inLanguage":"sl-SI","potentialAction":[{"@type":"ReadAction","target":["https:\/\/talkpal.ai\/sl\/grske-slovnicne-vaje\/"]}]},{"@type":"ImageObject","inLanguage":"sl-SI","@id":"https:\/\/talkpal.ai\/sl\/grske-slovnicne-vaje\/#primaryimage","url":"https:\/\/talkpal.ai\/wp-content\/uploads\/2023\/05\/greece.png","contentUrl":"https:\/\/talkpal.ai\/wp-content\/uploads\/2023\/05\/greece.png","width":512,"height":512},{"@type":"BreadcrumbList","@id":"https:\/\/talkpal.ai\/sl\/grske-slovnicne-vaje\/#breadcrumb","itemListElement":[{"@type":"ListItem","position":1,"name":"Homepage","item":"https:\/\/talkpal.ai\/sl\/"},{"@type":"ListItem","position":2,"name":"Gr\u0161ke slovni\u010dne vaje"}]},{"@type":"WebSite","@id":"https:\/\/talkpal.ai\/sl\/#website","url":"https:\/\/talkpal.ai\/sl\/","name":"Talkpal","description":"AI Language Learning","publisher":{"@id":"https:\/\/talkpal.ai\/sl\/#organization"},"alternateName":"Talkpal AI","potentialAction":[{"@type":"SearchAction","target":{"@type":"EntryPoint","urlTemplate":"https:\/\/talkpal.ai\/sl\/?s={search_term_string}"},"query-input":{"@type":"PropertyValueSpecification","valueRequired":true,"valueName":"search_term_string"}}],"inLanguage":"sl-SI"},{"@type":"Organization","@id":"https:\/\/talkpal.ai\/sl\/#organization","name":"Talkpal, Inc.","alternateName":"Talkpal AI","url":"https:\/\/talkpal.ai\/sl\/","logo":{"@type":"ImageObject","inLanguage":"sl-SI","@id":"https:\/\/talkpal.ai\/sl\/#\/schema\/logo\/image\/","url":"https:\/\/talkpal.ai\/wp-content\/uploads\/2024\/03\/Talkpal-Logo-Icon.png","contentUrl":"https:\/\/talkpal.ai\/wp-content\/uploads\/2024\/03\/Talkpal-Logo-Icon.png","width":2880,"height":2880,"caption":"Talkpal, Inc."},"image":{"@id":"https:\/\/talkpal.ai\/sl\/#\/schema\/logo\/image\/"},"sameAs":["https:\/\/www.facebook.com\/profile.php?id=100090733639311","https:\/\/x.com\/talkpalai","https:\/\/www.linkedin.com\/company\/talkpal\/","https:\/\/www.youtube.com\/@TalkPal\/","https:\/\/www.tiktok.com\/@talkpal","https:\/\/www.instagram.com\/talkpal_ai\/","https:\/\/www.crunchbase.com\/organization\/talkpal-9cde","https:\/\/www.g2.com\/products\/talkpal-for-business\/","https:\/\/www.trustpilot.com\/review\/talkpal.ai","https:\/\/www.capterra.com\/p\/10006800\/TalkPal\/"],"description":"Talkpal is a language learning web and mobile education app, powered by the latest AI technologies, that provides engaging experiences to its customers in many different languages to help them improve their language skills. Users can chat about unlimited amount of topics with the app and use other modes to practice their language learning.","email":"support@talkpal.ai","legalName":"Talkpal, Inc.","foundingDate":"2023-04-03","duns":"118989042","numberOfEmployees":{"@type":"QuantitativeValue","minValue":"11","maxValue":"50"},"publishingPrinciples":"https:\/\/talkpal.ai\/publishing-principles\/","actionableFeedbackPolicy":"https:\/\/talkpal.ai\/actionable-feedback-policy\/","correctionsPolicy":"https:\/\/talkpal.ai\/corrections-policy\/","ethicsPolicy":"https:\/\/talkpal.ai\/ethics-policy\/","diversityPolicy":"https:\/\/talkpal.ai\/diversity-policy\/","diversityStaffingReport":"https:\/\/talkpal.ai\/diversity-policy\/"}]}},"_links":{"self":[{"href":"https:\/\/talkpal.ai\/sl\/wp-json\/wp\/v2\/pages\/162463","targetHints":{"allow":["GET"]}}],"collection":[{"href":"https:\/\/talkpal.ai\/sl\/wp-json\/wp\/v2\/pages"}],"about":[{"href":"https:\/\/talkpal.ai\/sl\/wp-json\/wp\/v2\/types\/page"}],"author":[{"embeddable":true,"href":"https:\/\/talkpal.ai\/sl\/wp-json\/wp\/v2\/users\/6"}],"replies":[{"embeddable":true,"href":"https:\/\/talkpal.ai\/sl\/wp-json\/wp\/v2\/comments?post=162463"}],"version-history":[{"count":0,"href":"https:\/\/talkpal.ai\/sl\/wp-json\/wp\/v2\/pages\/162463\/revisions"}],"wp:featuredmedia":[{"embeddable":true,"href":"https:\/\/talkpal.ai\/sl\/wp-json\/wp\/v2\/media\/112663"}],"wp:attachment":[{"href":"https:\/\/talkpal.ai\/sl\/wp-json\/wp\/v2\/media?parent=162463"}],"curies":[{"name":"wp","href":"https:\/\/api.w.org\/{rel}","templated":true}]}}