{"id":160725,"date":"2023-06-22T08:01:09","date_gmt":"2023-06-22T08:01:09","guid":{"rendered":"http:\/\/talkpal.ai\/kazahstanske-slovnicne-vaje\/"},"modified":"2025-12-17T15:22:45","modified_gmt":"2025-12-17T15:22:45","slug":"kazahstanske-slovnicne-vaje","status":"publish","type":"page","link":"https:\/\/talkpal.ai\/sl\/kazahstanske-slovnicne-vaje\/","title":{"rendered":"Kazahstanske slovni\u010dne vaje"},"content":{"rendered":"\r\n\r\n\r\n<section class=\"languageChallengeSection\">\r\n    <div class=\"languageInfoWrapper\">\r\n        \r\n        <h1>Kazahstanske slovni\u010dne vaje<\/h1>\r\n        <p>Ste pripravljeni okrepiti svojo samozavest v kazahstan\u0161\u010dini? Osredoto\u010danje na slovni\u010dne vaje je odli\u010den na\u010din za obvladovanje stav\u010dne strukture, glagolskih oblik in bistvenih jezikovnih vzorcev. Za\u010dnite vaditi kazahstansko slovnico \u0161e danes in opazujte resni\u010dni napredek, saj boste korak za korakom krepili svoje razumevanje!<\/p>\r\n\r\n                            <a class=\"getStartedHidden\" href=\"https:\/\/app.talkpal.ai\/sl\/signup?lng=\">Za\u010dni<\/a>\r\n        \r\n    <\/div>\r\n\r\n    <figure>\r\n    <img decoding=\"async\" width=\"768\" height=\"768\" src=\"https:\/\/talkpal.ai\/wp-content\/uploads\/2023\/06\/Khazak-768x768.png\" class=\"languageImage no-lazy\" alt=\"Language learning for increased negotiation skills\" fetchpriority=\"high\" sizes=\"(max-width: 768px) 150px, 768px\" srcset=\"https:\/\/talkpal.ai\/wp-content\/uploads\/2023\/06\/Khazak-768x768.png 768w, https:\/\/talkpal.ai\/wp-content\/uploads\/2023\/06\/Khazak-300x300.png 300w\" \/>\r\n    \r\n\r\n    <\/figure>\r\n\r\n            <a class=\"getStartedVisible\" href=\"https:\/\/app.talkpal.ai\/sl\/signup?lng=\">Za\u010dni<\/a>\r\n    \r\n<\/section>\r\n\r\n\r\n<!-- <section class=\"grammarSection\">\r\n    <div class=\"grammarLinks\">\r\n            <\/div>\r\n<\/section> -->\r\n\r\n\r\n\r\n\r\n<section class=\"promotionalBanner\">\r\n    <p class=\"promotionalText\">Naju\u010dinkovitej\u0161i na\u010din u\u010denja jezika<\/p>\r\n    <a class=\"promotionalLink\" href=\"https:\/\/app.talkpal.ai\/sl\/signup?lng=\">Preizkusite Talkpal brezpla\u010dno<\/a>\r\n<\/section>\n<div class=\"wp-block-group pageContainerStyle\"><div class=\"wp-block-group__inner-container is-layout-constrained wp-block-group-is-layout-constrained\">\n<h2 class=\"wp-block-heading\" id=\"h-kazakh-grammar-topics\">Teme kazahstanske slovnice<\/h2>\n\n\n\n<p>U\u010denje novega jezika je lahko zahtevna, a koristna izku\u0161nja, ki odpira prilo\u017enosti za osebno in poklicno rast. Eden od jezikov, ki postaja vse bolj priljubljen med u\u010denci jezikov, je kazahstan\u0161\u010dina, <a href=\"https:\/\/talkpal.ai\/learn-turkish\/\">tur\u0161ki<\/a> jezik, ki ga govorijo milijoni ljudi v Kazahstanu in okoli\u0161kih regijah. Kazahstanska <a href=\"https:\/\/talkpal.ai\/grammar\/\">slovnica<\/a> je edinstvena, z bogato strukturo in razli\u010dnimi elementi, ki zahtevajo sistemati\u010den u\u010dni pristop. V tem priro\u010dniku bomo razpravljali o ve\u010d bistvenih kazahstanskih slovni\u010dnih temah, vklju\u010dno s \u010dasi, samostalniki, glagoli, \u010dlanki, zaimki, pridevniki, prislovi, pogojniki, predlogi in stav\u010dnimi strukturami. Z razumevanjem zaporedja u\u010denja teh tem lahko u\u010dinkovito napredujete na svoji <a href=\"https:\/\/talkpal.ai\/locations\/learn-english-in-poti\/\">poti<\/a> do obvladovanja kazahstanskega jezika.<\/p>\n\n\n\n<h3 class=\"wp-block-heading\" id=\"h-1-nouns\">1. Samostalniki:<\/h3>\n\n\n\n<p>Temelj vsakega jezika se za\u010dne z u\u010denjem njegovih samostalnikov. V kazahstan\u0161\u010dini samostalniki nimajo spola, vendar imajo primere. Razumevanje razli\u010dnih primerov in njihovih funkcij je klju\u010dnega pomena za oblikovanje besedi\u0161\u010da in oblikovanje osnovnih stavkov.<\/p>\n\n\n\n<h3 class=\"wp-block-heading\" id=\"h-2-articles\">2. \u010clanki:<\/h3>\n\n\n\n<p>\u010clanki niso prisotni v kazahstanskem jeziku, zato se u\u010denci la\u017eje osredoto\u010dijo na druge slovni\u010dne vidike.<\/p>\n\n\n\n<h3 class=\"wp-block-heading\" id=\"h-3-pronouns-determiners\">3. Zaimki\/dolo\u010dniki:<\/h3>\n\n\n\n<p>Ti so bistveni za nadomestitev samostalnikov in dolo\u010ditev njihove koli\u010dine ali identitete. U\u010denje zaimkov in determinatorjev vam bo pomagalo ustvariti bolj zapletene stavke in izbolj\u0161ati splo\u0161no teko\u010dost.<\/p>\n\n\n\n<h3 class=\"wp-block-heading\" id=\"h-4-verbs\">4. Glagoli:<\/h3>\n\n\n\n<p>Glagoli so hrbtenica vsakega jezika in u\u010denje njihovih vzorcev konjugacije je klju\u010dnega pomena. V kazahstan\u0161\u010dini so glagoli konjugirani na podlagi napetosti, razpolo\u017eenja in glasu. Seznanitev s temi konjugacijami vam bo omogo\u010dila natan\u010dno izra\u017eanje dejanj in dogodkov.<\/p>\n\n\n\n<h3 class=\"wp-block-heading\" id=\"h-5-tenses\">5. \u010casi:<\/h3>\n\n\n\n<p>Kazahstan\u0161\u010dina ima ve\u010d \u010dasov, vklju\u010dno s preteklostjo, sedanjostjo in prihodnostjo. U\u010denje, kako pravilno oblikovati in uporabljati te \u010dase, je bistveno za prenos \u010dasa dejanj in dogodkov.<\/p>\n\n\n\n<h3 class=\"wp-block-heading\" id=\"h-6-tense-comparison\">6. Napeta primerjava:<\/h3>\n\n\n\n<p>Razumevanje razlike med \u010dasi in na\u010dinom medsebojne interakcije bo poglobilo va\u0161e razumevanje kazahstanske slovnice.<\/p>\n\n\n\n<h3 class=\"wp-block-heading\" id=\"h-7-progressive\">7. Progresivno:<\/h3>\n\n\n\n<p>Ta vidik ka\u017ee na teko\u010da dejanja. U\u010denje progresivne oblike v kazahstan\u0161\u010dini vam bo pomagalo izraziti dejanja, ki se trenutno dogajajo ali so se dogajala v dolo\u010denem trenutku.<\/p>\n\n\n\n<h3 class=\"wp-block-heading\" id=\"h-8-perfect-progressive\">8. Popolna progresivna:<\/h3>\n\n\n\n<p>Popolna progresivnost zdru\u017euje popolne in progresivne vidike, da poka\u017ee dejanje, ki se je za\u010delo v preteklosti in \u0161e vedno traja. Obvladovanje tega vidika bo pove\u010dalo va\u0161o sposobnost izra\u017eanja kompleksnih idej v kazahstan\u0161\u010dini.<\/p>\n\n\n\n<h3 class=\"wp-block-heading\" id=\"h-9-adjectives\">9. Pridevniki:<\/h3>\n\n\n\n<p>Pridevniki opisujejo lastnosti in zna\u010dilnosti samostalnikov. U\u010denje pravilne uporabe pridevnikov v kazahstan\u0161\u010dini bo obogatilo va\u0161 besednjak in vam omogo\u010dilo podrobnej\u0161e opise.<\/p>\n\n\n\n<h3 class=\"wp-block-heading\" id=\"h-10-adverbs\">10. Prislovi:<\/h3>\n\n\n\n<p>Prislovi spreminjajo glagole, pridevnike in druge prislove. Pridobivanje znanja o kazahstanskih prislovih in njihovi uporabi bo izbolj\u0161alo va\u0161o sposobnost natan\u010dnej\u0161ega izra\u017eanja dejanj in dogodkov.<\/p>\n\n\n\n<h3 class=\"wp-block-heading\" id=\"h-11-conditionals\">11. Pogoji:<\/h3>\n\n\n\n<p>Pogoji se uporabljajo za izra\u017eanje hipoteti\u010dnih situacij in njihovih mo\u017enih posledic. Obvladovanje uporabe pogojev v kazahstan\u0161\u010dini vam bo pomagalo prenesti kompleksne ideje in hipoteti\u010dne scenarije.<\/p>\n\n\n\n<h3 class=\"wp-block-heading\" id=\"h-12-prepositions\">12. Predlo\u017eki:<\/h3>\n\n\n\n<p>Predlogi ozna\u010dujejo razmerje med samostalniki v stavku. U\u010denje kazahstanskih predlogov in njihovih funkcij vam bo omogo\u010dilo gradnjo bolj zapletenih stavkov.<\/p>\n\n\n\n<h3 class=\"wp-block-heading\" id=\"h-13-sentences\">13. Stavki:<\/h3>\n\n\n\n<p>Nazadnje, razumevanje stav\u010dnih struktur in pravil za kombiniranje razli\u010dnih slovni\u010dnih elementov je bistveno za obvladovanje kazahstanskega jezika. To znanje vam bo omogo\u010dilo u\u010dinkovito in natan\u010dno komunikacijo v razli\u010dnih situacijah.<\/p>\n<\/div><\/div>\n\r\n<section class=\"learnNavigationSection\">\r\n            \r\n        <a href=\"https:\/\/talkpal.ai\/sl\/naucite-se-kazahstanskega-jezika\/\">\r\n            <div class=\"learnNavigationWrapper\">\r\n                <div class=\"learnNavigationContent\">\r\n                    <img decoding=\"async\" src=\"https:\/\/talkpal.ai\/wp-content\/uploads\/2024\/08\/Kazakh.jpg\" alt=\"Kazakh Flag\">\r\n                    <div>\r\n                        <h4>O kazahstanskem u\u010denju<\/h4>\r\n                        <p>Izvedite vse o kazahstanski slovnici.<\/p>\r\n                    <\/div>\r\n                <\/div>\r\n            <\/div>\r\n        <\/a>\r\n\r\n        \r\n        <a href=\"https:\/\/talkpal.ai\/sl\/kazahstanska-slovnica\/\">\r\n            <div class=\"learnNavigationWrapper\">\r\n                <div class=\"learnNavigationContent\">\r\n                    <img decoding=\"async\" src=\"https:\/\/talkpal.ai\/wp-content\/uploads\/2024\/08\/Kazakh.jpg\" alt=\"Kazakh Flag\">\r\n                    <div>\r\n                        <h4>Kazahstanske lekcije gramatike<\/h4>\r\n                        <p>Vadite kazahstansko slovnico.<\/p>\r\n                    <\/div>\r\n                <\/div>\r\n            <\/div>\r\n        <\/a>\r\n\r\n        \r\n        <a href=\"https:\/\/talkpal.ai\/vocabulary_language\/kazakh\/\">\r\n            <div class=\"learnNavigationWrapper\">\r\n                <div class=\"learnNavigationContent\">\r\n                    <img decoding=\"async\" src=\"https:\/\/talkpal.ai\/wp-content\/uploads\/2024\/08\/Kazakh.jpg\" alt=\"Kazakh Flag\">\r\n                    <div>\r\n                        <h4>Kazahstanski besednjak<\/h4>\r\n                        <p>Raz\u0161irite svoj kazahstanski besedni zaklad.<\/p>\r\n                    <\/div>\r\n                <\/div>\r\n            <\/div>\r\n        <\/a>\r\n\r\n            <\/section>","protected":false},"excerpt":{"rendered":"<p>Teme kazahstanske slovnice U\u010denje novega jezika je lahko zahtevna, a koristna izku\u0161nja, ki odpira prilo\u017enosti za osebno in poklicno rast. Eden od jezikov, ki postaja vse bolj priljubljen med u\u010denci jezikov, je kazahstan\u0161\u010dina, tur\u0161ki jezik, ki ga govorijo milijoni ljudi v Kazahstanu in okoli\u0161kih regijah. Kazahstanska slovnica je edinstvena, z bogato strukturo in razli\u010dnimi elementi, [&hellip;]<\/p>\n","protected":false},"author":6,"featured_media":114329,"parent":0,"menu_order":0,"comment_status":"closed","ping_status":"closed","template":"LearningContentPage.php","meta":{"_acf_changed":false,"footnotes":""},"class_list":["post-160725","page","type-page","status-publish","has-post-thumbnail","hentry"],"acf":[],"yoast_head":"<!-- This site is optimized with the Yoast SEO Premium plugin v27.2 (Yoast SEO v27.2) - https:\/\/yoast.com\/product\/yoast-seo-premium-wordpress\/ -->\n<title>Kazahstanske slovni\u010dne vaje - Talkpal<\/title>\n<meta name=\"description\" content=\"Izbolj\u0161ajte svoje znanje kazahstanske slovnice - izbolj\u0161ajte natan\u010dnost, vadite interaktivne vaje in izpopolnite uporabo!\" \/>\n<meta name=\"robots\" content=\"index, follow, max-snippet:-1, max-image-preview:large, max-video-preview:-1\" \/>\n<link rel=\"canonical\" href=\"https:\/\/talkpal.ai\/sl\/kazahstanske-slovnicne-vaje\/\" \/>\n<meta property=\"og:locale\" content=\"sl_SI\" \/>\n<meta property=\"og:type\" content=\"article\" \/>\n<meta property=\"og:title\" content=\"Kazahstanske slovni\u010dne vaje\" \/>\n<meta property=\"og:description\" content=\"Teme kazahstanske slovnice U\u010denje novega jezika je lahko zahtevna, a koristna izku\u0161nja, ki odpira prilo\u017enosti za osebno in poklicno rast. Eden od jezikov,\" \/>\n<meta property=\"og:url\" content=\"https:\/\/talkpal.ai\/sl\/kazahstanske-slovnicne-vaje\/\" \/>\n<meta property=\"og:site_name\" content=\"Talkpal\" \/>\n<meta property=\"article:publisher\" content=\"https:\/\/www.facebook.com\/profile.php?id=100090733639311\" \/>\n<meta property=\"article:modified_time\" content=\"2025-12-17T15:22:45+00:00\" \/>\n<meta property=\"og:image\" content=\"https:\/\/talkpal.ai\/wp-content\/uploads\/2023\/05\/kazakhstan.png\" \/>\n\t<meta property=\"og:image:width\" content=\"512\" \/>\n\t<meta property=\"og:image:height\" content=\"512\" \/>\n\t<meta property=\"og:image:type\" content=\"image\/png\" \/>\n<meta name=\"twitter:card\" content=\"summary_large_image\" \/>\n<meta name=\"twitter:site\" content=\"@talkpalai\" \/>\n<meta name=\"twitter:label1\" content=\"Est. reading time\" \/>\n\t<meta name=\"twitter:data1\" content=\"3 minute\" \/>\n<script type=\"application\/ld+json\" class=\"yoast-schema-graph\">{\"@context\":\"https:\/\/schema.org\",\"@graph\":[{\"@type\":\"WebPage\",\"@id\":\"https:\/\/talkpal.ai\/sl\/kazahstanske-slovnicne-vaje\/\",\"url\":\"https:\/\/talkpal.ai\/sl\/kazahstanske-slovnicne-vaje\/\",\"name\":\"Kazahstanske slovni\u010dne vaje - Talkpal\",\"isPartOf\":{\"@id\":\"https:\/\/talkpal.ai\/sl\/#website\"},\"primaryImageOfPage\":{\"@id\":\"https:\/\/talkpal.ai\/sl\/kazahstanske-slovnicne-vaje\/#primaryimage\"},\"image\":{\"@id\":\"https:\/\/talkpal.ai\/sl\/kazahstanske-slovnicne-vaje\/#primaryimage\"},\"thumbnailUrl\":\"https:\/\/talkpal.ai\/wp-content\/uploads\/2023\/05\/kazakhstan.png\",\"datePublished\":\"2023-06-22T08:01:09+00:00\",\"dateModified\":\"2025-12-17T15:22:45+00:00\",\"description\":\"Izbolj\u0161ajte svoje znanje kazahstanske slovnice - izbolj\u0161ajte natan\u010dnost, vadite interaktivne vaje in izpopolnite uporabo!\",\"breadcrumb\":{\"@id\":\"https:\/\/talkpal.ai\/sl\/kazahstanske-slovnicne-vaje\/#breadcrumb\"},\"inLanguage\":\"sl-SI\",\"potentialAction\":[{\"@type\":\"ReadAction\",\"target\":[\"https:\/\/talkpal.ai\/sl\/kazahstanske-slovnicne-vaje\/\"]}]},{\"@type\":\"ImageObject\",\"inLanguage\":\"sl-SI\",\"@id\":\"https:\/\/talkpal.ai\/sl\/kazahstanske-slovnicne-vaje\/#primaryimage\",\"url\":\"https:\/\/talkpal.ai\/wp-content\/uploads\/2023\/05\/kazakhstan.png\",\"contentUrl\":\"https:\/\/talkpal.ai\/wp-content\/uploads\/2023\/05\/kazakhstan.png\",\"width\":512,\"height\":512},{\"@type\":\"BreadcrumbList\",\"@id\":\"https:\/\/talkpal.ai\/sl\/kazahstanske-slovnicne-vaje\/#breadcrumb\",\"itemListElement\":[{\"@type\":\"ListItem\",\"position\":1,\"name\":\"Homepage\",\"item\":\"https:\/\/talkpal.ai\/sl\/\"},{\"@type\":\"ListItem\",\"position\":2,\"name\":\"Kazahstanske slovni\u010dne vaje\"}]},{\"@type\":\"WebSite\",\"@id\":\"https:\/\/talkpal.ai\/sl\/#website\",\"url\":\"https:\/\/talkpal.ai\/sl\/\",\"name\":\"Talkpal\",\"description\":\"AI Language Learning\",\"publisher\":{\"@id\":\"https:\/\/talkpal.ai\/sl\/#organization\"},\"alternateName\":\"Talkpal AI\",\"potentialAction\":[{\"@type\":\"SearchAction\",\"target\":{\"@type\":\"EntryPoint\",\"urlTemplate\":\"https:\/\/talkpal.ai\/sl\/?s={search_term_string}\"},\"query-input\":{\"@type\":\"PropertyValueSpecification\",\"valueRequired\":true,\"valueName\":\"search_term_string\"}}],\"inLanguage\":\"sl-SI\"},{\"@type\":\"Organization\",\"@id\":\"https:\/\/talkpal.ai\/sl\/#organization\",\"name\":\"Talkpal, Inc.\",\"alternateName\":\"Talkpal AI\",\"url\":\"https:\/\/talkpal.ai\/sl\/\",\"logo\":{\"@type\":\"ImageObject\",\"inLanguage\":\"sl-SI\",\"@id\":\"https:\/\/talkpal.ai\/sl\/#\/schema\/logo\/image\/\",\"url\":\"https:\/\/talkpal.ai\/wp-content\/uploads\/2024\/03\/Talkpal-Logo-Icon.png\",\"contentUrl\":\"https:\/\/talkpal.ai\/wp-content\/uploads\/2024\/03\/Talkpal-Logo-Icon.png\",\"width\":2880,\"height\":2880,\"caption\":\"Talkpal, Inc.\"},\"image\":{\"@id\":\"https:\/\/talkpal.ai\/sl\/#\/schema\/logo\/image\/\"},\"sameAs\":[\"https:\/\/www.facebook.com\/profile.php?id=100090733639311\",\"https:\/\/x.com\/talkpalai\",\"https:\/\/www.linkedin.com\/company\/talkpal\/\",\"https:\/\/www.youtube.com\/@TalkPal\/\",\"https:\/\/www.tiktok.com\/@talkpal\",\"https:\/\/www.instagram.com\/talkpal_ai\/\",\"https:\/\/www.crunchbase.com\/organization\/talkpal-9cde\",\"https:\/\/www.g2.com\/products\/talkpal-for-business\/\",\"https:\/\/www.trustpilot.com\/review\/talkpal.ai\",\"https:\/\/www.capterra.com\/p\/10006800\/TalkPal\/\"],\"description\":\"Talkpal is a language learning web and mobile education app, powered by the latest AI technologies, that provides engaging experiences to its customers in many different languages to help them improve their language skills. Users can chat about unlimited amount of topics with the app and use other modes to practice their language learning.\",\"email\":\"support@talkpal.ai\",\"legalName\":\"Talkpal, Inc.\",\"foundingDate\":\"2023-04-03\",\"duns\":\"118989042\",\"numberOfEmployees\":{\"@type\":\"QuantitativeValue\",\"minValue\":\"11\",\"maxValue\":\"50\"},\"publishingPrinciples\":\"https:\/\/talkpal.ai\/publishing-principles\/\",\"actionableFeedbackPolicy\":\"https:\/\/talkpal.ai\/actionable-feedback-policy\/\",\"correctionsPolicy\":\"https:\/\/talkpal.ai\/corrections-policy\/\",\"ethicsPolicy\":\"https:\/\/talkpal.ai\/ethics-policy\/\",\"diversityPolicy\":\"https:\/\/talkpal.ai\/diversity-policy\/\",\"diversityStaffingReport\":\"https:\/\/talkpal.ai\/diversity-policy\/\"}]}<\/script>\n<!-- \/ Yoast SEO Premium plugin. -->","yoast_head_json":{"title":"Kazahstanske slovni\u010dne vaje - Talkpal","description":"Izbolj\u0161ajte svoje znanje kazahstanske slovnice - izbolj\u0161ajte natan\u010dnost, vadite interaktivne vaje in izpopolnite uporabo!","robots":{"index":"index","follow":"follow","max-snippet":"max-snippet:-1","max-image-preview":"max-image-preview:large","max-video-preview":"max-video-preview:-1"},"canonical":"https:\/\/talkpal.ai\/sl\/kazahstanske-slovnicne-vaje\/","og_locale":"sl_SI","og_type":"article","og_title":"Kazahstanske slovni\u010dne vaje","og_description":"Teme kazahstanske slovnice U\u010denje novega jezika je lahko zahtevna, a koristna izku\u0161nja, ki odpira prilo\u017enosti za osebno in poklicno rast. Eden od jezikov,","og_url":"https:\/\/talkpal.ai\/sl\/kazahstanske-slovnicne-vaje\/","og_site_name":"Talkpal","article_publisher":"https:\/\/www.facebook.com\/profile.php?id=100090733639311","article_modified_time":"2025-12-17T15:22:45+00:00","og_image":[{"width":512,"height":512,"url":"https:\/\/talkpal.ai\/wp-content\/uploads\/2023\/05\/kazakhstan.png","type":"image\/png"}],"twitter_card":"summary_large_image","twitter_site":"@talkpalai","twitter_misc":{"Est. reading time":"3 minute"},"schema":{"@context":"https:\/\/schema.org","@graph":[{"@type":"WebPage","@id":"https:\/\/talkpal.ai\/sl\/kazahstanske-slovnicne-vaje\/","url":"https:\/\/talkpal.ai\/sl\/kazahstanske-slovnicne-vaje\/","name":"Kazahstanske slovni\u010dne vaje - Talkpal","isPartOf":{"@id":"https:\/\/talkpal.ai\/sl\/#website"},"primaryImageOfPage":{"@id":"https:\/\/talkpal.ai\/sl\/kazahstanske-slovnicne-vaje\/#primaryimage"},"image":{"@id":"https:\/\/talkpal.ai\/sl\/kazahstanske-slovnicne-vaje\/#primaryimage"},"thumbnailUrl":"https:\/\/talkpal.ai\/wp-content\/uploads\/2023\/05\/kazakhstan.png","datePublished":"2023-06-22T08:01:09+00:00","dateModified":"2025-12-17T15:22:45+00:00","description":"Izbolj\u0161ajte svoje znanje kazahstanske slovnice - izbolj\u0161ajte natan\u010dnost, vadite interaktivne vaje in izpopolnite uporabo!","breadcrumb":{"@id":"https:\/\/talkpal.ai\/sl\/kazahstanske-slovnicne-vaje\/#breadcrumb"},"inLanguage":"sl-SI","potentialAction":[{"@type":"ReadAction","target":["https:\/\/talkpal.ai\/sl\/kazahstanske-slovnicne-vaje\/"]}]},{"@type":"ImageObject","inLanguage":"sl-SI","@id":"https:\/\/talkpal.ai\/sl\/kazahstanske-slovnicne-vaje\/#primaryimage","url":"https:\/\/talkpal.ai\/wp-content\/uploads\/2023\/05\/kazakhstan.png","contentUrl":"https:\/\/talkpal.ai\/wp-content\/uploads\/2023\/05\/kazakhstan.png","width":512,"height":512},{"@type":"BreadcrumbList","@id":"https:\/\/talkpal.ai\/sl\/kazahstanske-slovnicne-vaje\/#breadcrumb","itemListElement":[{"@type":"ListItem","position":1,"name":"Homepage","item":"https:\/\/talkpal.ai\/sl\/"},{"@type":"ListItem","position":2,"name":"Kazahstanske slovni\u010dne vaje"}]},{"@type":"WebSite","@id":"https:\/\/talkpal.ai\/sl\/#website","url":"https:\/\/talkpal.ai\/sl\/","name":"Talkpal","description":"AI Language Learning","publisher":{"@id":"https:\/\/talkpal.ai\/sl\/#organization"},"alternateName":"Talkpal AI","potentialAction":[{"@type":"SearchAction","target":{"@type":"EntryPoint","urlTemplate":"https:\/\/talkpal.ai\/sl\/?s={search_term_string}"},"query-input":{"@type":"PropertyValueSpecification","valueRequired":true,"valueName":"search_term_string"}}],"inLanguage":"sl-SI"},{"@type":"Organization","@id":"https:\/\/talkpal.ai\/sl\/#organization","name":"Talkpal, Inc.","alternateName":"Talkpal AI","url":"https:\/\/talkpal.ai\/sl\/","logo":{"@type":"ImageObject","inLanguage":"sl-SI","@id":"https:\/\/talkpal.ai\/sl\/#\/schema\/logo\/image\/","url":"https:\/\/talkpal.ai\/wp-content\/uploads\/2024\/03\/Talkpal-Logo-Icon.png","contentUrl":"https:\/\/talkpal.ai\/wp-content\/uploads\/2024\/03\/Talkpal-Logo-Icon.png","width":2880,"height":2880,"caption":"Talkpal, Inc."},"image":{"@id":"https:\/\/talkpal.ai\/sl\/#\/schema\/logo\/image\/"},"sameAs":["https:\/\/www.facebook.com\/profile.php?id=100090733639311","https:\/\/x.com\/talkpalai","https:\/\/www.linkedin.com\/company\/talkpal\/","https:\/\/www.youtube.com\/@TalkPal\/","https:\/\/www.tiktok.com\/@talkpal","https:\/\/www.instagram.com\/talkpal_ai\/","https:\/\/www.crunchbase.com\/organization\/talkpal-9cde","https:\/\/www.g2.com\/products\/talkpal-for-business\/","https:\/\/www.trustpilot.com\/review\/talkpal.ai","https:\/\/www.capterra.com\/p\/10006800\/TalkPal\/"],"description":"Talkpal is a language learning web and mobile education app, powered by the latest AI technologies, that provides engaging experiences to its customers in many different languages to help them improve their language skills. Users can chat about unlimited amount of topics with the app and use other modes to practice their language learning.","email":"support@talkpal.ai","legalName":"Talkpal, Inc.","foundingDate":"2023-04-03","duns":"118989042","numberOfEmployees":{"@type":"QuantitativeValue","minValue":"11","maxValue":"50"},"publishingPrinciples":"https:\/\/talkpal.ai\/publishing-principles\/","actionableFeedbackPolicy":"https:\/\/talkpal.ai\/actionable-feedback-policy\/","correctionsPolicy":"https:\/\/talkpal.ai\/corrections-policy\/","ethicsPolicy":"https:\/\/talkpal.ai\/ethics-policy\/","diversityPolicy":"https:\/\/talkpal.ai\/diversity-policy\/","diversityStaffingReport":"https:\/\/talkpal.ai\/diversity-policy\/"}]}},"_links":{"self":[{"href":"https:\/\/talkpal.ai\/sl\/wp-json\/wp\/v2\/pages\/160725","targetHints":{"allow":["GET"]}}],"collection":[{"href":"https:\/\/talkpal.ai\/sl\/wp-json\/wp\/v2\/pages"}],"about":[{"href":"https:\/\/talkpal.ai\/sl\/wp-json\/wp\/v2\/types\/page"}],"author":[{"embeddable":true,"href":"https:\/\/talkpal.ai\/sl\/wp-json\/wp\/v2\/users\/6"}],"replies":[{"embeddable":true,"href":"https:\/\/talkpal.ai\/sl\/wp-json\/wp\/v2\/comments?post=160725"}],"version-history":[{"count":0,"href":"https:\/\/talkpal.ai\/sl\/wp-json\/wp\/v2\/pages\/160725\/revisions"}],"wp:featuredmedia":[{"embeddable":true,"href":"https:\/\/talkpal.ai\/sl\/wp-json\/wp\/v2\/media\/114329"}],"wp:attachment":[{"href":"https:\/\/talkpal.ai\/sl\/wp-json\/wp\/v2\/media?parent=160725"}],"curies":[{"name":"wp","href":"https:\/\/api.w.org\/{rel}","templated":true}]}}