{"id":160393,"date":"2023-06-22T08:07:24","date_gmt":"2023-06-22T08:07:24","guid":{"rendered":"http:\/\/talkpal.ai\/latvijske-slovnicne-vaje\/"},"modified":"2025-12-17T15:42:52","modified_gmt":"2025-12-17T15:42:52","slug":"latvijske-slovnicne-vaje","status":"publish","type":"page","link":"https:\/\/talkpal.ai\/sl\/latvijske-slovnicne-vaje\/","title":{"rendered":"Latvijske slovni\u010dne vaje"},"content":{"rendered":"\r\n\r\n\r\n<section class=\"languageChallengeSection\">\r\n    <div class=\"languageInfoWrapper\">\r\n        \r\n        <h1>Latvijske slovni\u010dne vaje<\/h1>\r\n        <p>\u017delite bolj samozavestno uporabljati latvij\u0161\u010dino? Slovni\u010dne vaje so odli\u010den na\u010din za osvajanje stav\u010dne strukture, glagolskih oblik in zna\u010dilnih vzorcev latvijskega jezika. Za\u010dnite raziskovati latvijsko slovnico \u0161e danes in opazujte, kako se va\u0161e znanje in teko\u010dnost izbolj\u0161ujeta z vsako vajo!<\/p>\r\n\r\n                            <a class=\"getStartedHidden\" href=\"https:\/\/app.talkpal.ai\/sl\/signup?lng=\">Za\u010dni<\/a>\r\n        \r\n    <\/div>\r\n\r\n    <figure>\r\n    <img decoding=\"async\" width=\"768\" height=\"768\" src=\"https:\/\/talkpal.ai\/wp-content\/uploads\/2023\/06\/latvian-768x768.png\" class=\"languageImage no-lazy\" alt=\"Language learning to access more cultures\" fetchpriority=\"high\" sizes=\"(max-width: 768px) 150px, 768px\" srcset=\"https:\/\/talkpal.ai\/wp-content\/uploads\/2023\/06\/latvian-768x768.png 768w, https:\/\/talkpal.ai\/wp-content\/uploads\/2023\/06\/latvian-300x300.png 300w\" \/>\r\n    \r\n\r\n    <\/figure>\r\n\r\n            <a class=\"getStartedVisible\" href=\"https:\/\/app.talkpal.ai\/sl\/signup?lng=\">Za\u010dni<\/a>\r\n    \r\n<\/section>\r\n\r\n\r\n<!-- <section class=\"grammarSection\">\r\n    <div class=\"grammarLinks\">\r\n            <\/div>\r\n<\/section> -->\r\n\r\n\r\n\r\n\r\n<section class=\"promotionalBanner\">\r\n    <p class=\"promotionalText\">Naju\u010dinkovitej\u0161i na\u010din u\u010denja jezika<\/p>\r\n    <a class=\"promotionalLink\" href=\"https:\/\/app.talkpal.ai\/sl\/signup?lng=\">Preizkusite Talkpal brezpla\u010dno<\/a>\r\n<\/section>\n<div class=\"wp-block-group pageContainerStyle\"><div class=\"wp-block-group__inner-container is-layout-constrained wp-block-group-is-layout-constrained\">\n<h2 class=\"wp-block-heading\" id=\"h-latvian-grammar-topics\">Latvijske slovni\u010dne teme<\/h2>\n\n\n\n<p>U\u010denje novega jezika je lahko vznemirljiva in koristna izku\u0161nja, <a href=\"https:\/\/talkpal.ai\/learn-latvian\/\">latvij\u0161\u010dina<\/a> pa ni izjema. <a href=\"https:\/\/talkpal.ai\/learn-latvian\/\">Latvij\u0161\u010dina<\/a> ima kot uradni jezik Latvije in eden od baltskih jezikov svojo edinstveno slovni\u010dno strukturo in pravila, ki jo lo\u010dujejo od drugih evropskih jezikov. Za u\u010dinkovito u\u010denje latvij\u0161\u010dine je pomembno razumeti in obvladati razli\u010dne slovni\u010dne teme v logi\u010dnem zaporedju. Ta priro\u010dnik bo vseboval pregled klju\u010dnih tematik latvijske slovnice, vklju\u010dno s \u010dasi, glagoli, samostalniki, \u010dlanki, zaimki, determinatorji, pridevniki, prislovi, pogoji, predlogi in strukturo stavkov, ki vam bodo pomagali zgraditi trdne temelje v jeziku.<\/p>\n\n\n\n<h3 class=\"wp-block-heading\" id=\"h-1-nouns-and-articles\">1. Samostalniki in izdelki:<\/h3>\n\n\n\n<p>V latvij\u0161\u010dini imajo samostalniki dva spola: mo\u0161kega in \u017eenskega. Imajo tudi sedem primerov, ki dolo\u010dajo funkcijo samostalnika v stavku. \u010clanki niso prisotni v latvijskem jeziku, zato je razumevanje samostalni\u0161kih spolov in primerov klju\u010dnega pomena za pravilno komunikacijo.<\/p>\n\n\n\n<h3 class=\"wp-block-heading\" id=\"h-2-adjectives\">2. Pridevniki:<\/h3>\n\n\n\n<p>Pridevniki v latvij\u0161\u010dini se ujemajo s samostalniki, ki jih spreminjajo glede na spol, \u0161tevilo in primer. U\u010denje pridevni\u0161ke deklinacije je pomembno za oblikovanje natan\u010dnih opisov in primerjav.<\/p>\n\n\n\n<h3 class=\"wp-block-heading\" id=\"h-3-pronouns-and-determiners\">3. Zaimki in dolo\u010devalci:<\/h3>\n\n\n\n<p>Zaimki nadome\u0161\u010dajo samostalnike v stavkih, determinatorji pa dolo\u010dajo ali kvantificirajo samostalnike. Oba elementa sta bistvena elementa latvijske slovnice in ju je treba \u017ee zgodaj nau\u010diti oblikovati natan\u010dne stavke.<\/p>\n\n\n\n<h3 class=\"wp-block-heading\" id=\"h-4-verbs-and-tenses\">4. Glagoli in \u010dasi:<\/h3>\n\n\n\n<p>Latvijski glagoli imajo tri \u010dase: preteklost, sedanjost in prihodnost. Razumevanje, kako spregati glagole v teh \u010dasih, je bistveno za izra\u017eanje dejanj in dogodkov. Poleg tega imajo glagoli tri razpolo\u017eenja: indikativno, nujno in konjunktivno.<\/p>\n\n\n\n<h3 class=\"wp-block-heading\" id=\"h-5-progressive-and-perfect-progressive\">5. Progresivna in popolna progresivna:<\/h3>\n\n\n\n<p>Ti vidiki izra\u017eajo teko\u010de ali stalne ukrepe. \u010ce se jih nau\u010dite, boste la\u017eje opisali dejanja, ki potekajo ali potekajo v dolo\u010denem \u010dasovnem obdobju.<\/p>\n\n\n\n<h3 class=\"wp-block-heading\" id=\"h-6-tense-comparison\">6. Napeta primerjava:<\/h3>\n\n\n\n<p>Razumevanje, kako so \u010dasi povezani med seboj, je bistveno za natan\u010dno izra\u017eanje dejanj in dogodkov v razli\u010dnih \u010dasovnih okvirih.<\/p>\n\n\n\n<h3 class=\"wp-block-heading\" id=\"h-7-adverbs\">7. Prislovi:<\/h3>\n\n\n\n<p>Prislovi spreminjajo glagole, pridevnike ali druge prislove in zagotavljajo dodatne informacije o opisanem dejanju ali kakovosti. Bistvenega pomena so za dodajanje podrobnosti in odtenkov va\u0161im stavkom.<\/p>\n\n\n\n<h3 class=\"wp-block-heading\" id=\"h-8-prepositions\">8. Predlogi:<\/h3>\n\n\n\n<p>Predlogi prikazujejo razmerje med besedami v stavku, na primer lokacijo, smer ali \u010das. Obvladovanje predlogov je klju\u010dnega pomena za oblikovanje skladnih in smiselnih stavkov.<\/p>\n\n\n\n<h3 class=\"wp-block-heading\" id=\"h-9-conditionals\">9. Pogoji:<\/h3>\n\n\n\n<p>Pogojni stavki izra\u017eajo hipoteti\u010dne situacije in njihove mo\u017ene izide. U\u010denje oblikovanja in uporabe pogojev je bistveno za izra\u017eanje kompleksnih idej in mo\u017enosti.<\/p>\n\n\n\n<h3 class=\"wp-block-heading\" id=\"h-10-sentences\">10. Stavki:<\/h3>\n\n\n\n<p>Razumevanje latvijske strukture stavkov, vrstnega <a href=\"https:\/\/talkpal.ai\/locations\/learn-english-in-reda\/\">reda<\/a> besed in lo\u010dil je klju\u010dnega pomena za oblikovanje jasnih in natan\u010dnih izjav, vpra\u0161anj in ukazov. Z obvladovanjem vseh zgoraj opisanih slovni\u010dnih tem boste na dobri <a href=\"https:\/\/talkpal.ai\/locations\/learn-english-in-poti\/\">poti<\/a>, da postanete obvladali latvij\u0161\u010dino.<\/p>\n<\/div><\/div>\n\r\n<section class=\"learnNavigationSection\">\r\n            \r\n        <a href=\"https:\/\/talkpal.ai\/sl\/naucite-se-latvijskega-jezika\/\">\r\n            <div class=\"learnNavigationWrapper\">\r\n                <div class=\"learnNavigationContent\">\r\n                    <img decoding=\"async\" src=\"https:\/\/talkpal.ai\/wp-content\/uploads\/2024\/08\/Latvian.jpg\" alt=\"Latvian Flag\">\r\n                    <div>\r\n                        <h4>O u\u010denju latvij\u0161\u010dine<\/h4>\r\n                        <p>Izvedite vse o latvijski slovnici.<\/p>\r\n                    <\/div>\r\n                <\/div>\r\n            <\/div>\r\n        <\/a>\r\n\r\n        \r\n        <a href=\"https:\/\/talkpal.ai\/sl\/latvijska-slovnica\/\">\r\n            <div class=\"learnNavigationWrapper\">\r\n                <div class=\"learnNavigationContent\">\r\n                    <img decoding=\"async\" src=\"https:\/\/talkpal.ai\/wp-content\/uploads\/2024\/08\/Latvian.jpg\" alt=\"Latvian Flag\">\r\n                    <div>\r\n                        <h4>Latvijske lekcije gramatike<\/h4>\r\n                        <p>Vadite latvijsko slovnico.<\/p>\r\n                    <\/div>\r\n                <\/div>\r\n            <\/div>\r\n        <\/a>\r\n\r\n        \r\n        <a href=\"https:\/\/talkpal.ai\/vocabulary_language\/latvian\/\">\r\n            <div class=\"learnNavigationWrapper\">\r\n                <div class=\"learnNavigationContent\">\r\n                    <img decoding=\"async\" src=\"https:\/\/talkpal.ai\/wp-content\/uploads\/2024\/08\/Latvian.jpg\" alt=\"Latvian Flag\">\r\n                    <div>\r\n                        <h4>Latvijski besednjak<\/h4>\r\n                        <p>Raz\u0161irite svoj latvijski besedni zaklad.<\/p>\r\n                    <\/div>\r\n                <\/div>\r\n            <\/div>\r\n        <\/a>\r\n\r\n            <\/section>","protected":false},"excerpt":{"rendered":"<p>Latvijske slovni\u010dne teme U\u010denje novega jezika je lahko vznemirljiva in koristna izku\u0161nja, latvij\u0161\u010dina pa ni izjema. Latvij\u0161\u010dina ima kot uradni jezik Latvije in eden od baltskih jezikov svojo edinstveno slovni\u010dno strukturo in pravila, ki jo lo\u010dujejo od drugih evropskih jezikov. Za u\u010dinkovito u\u010denje latvij\u0161\u010dine je pomembno razumeti in obvladati razli\u010dne slovni\u010dne teme v logi\u010dnem zaporedju. [&hellip;]<\/p>\n","protected":false},"author":6,"featured_media":114660,"parent":0,"menu_order":0,"comment_status":"closed","ping_status":"closed","template":"LearningContentPage.php","meta":{"_acf_changed":false,"footnotes":""},"class_list":["post-160393","page","type-page","status-publish","has-post-thumbnail","hentry"],"acf":[],"yoast_head":"<!-- This site is optimized with the Yoast SEO Premium plugin v27.2 (Yoast SEO v27.2) - https:\/\/yoast.com\/product\/yoast-seo-premium-wordpress\/ -->\n<title>Latvijske slovni\u010dne vaje - Talkpal<\/title>\n<meta name=\"description\" content=\"Izbolj\u0161ajte latvijsko slovnico z zanimivimi Talkpal z interaktivnimi lekcijami z umetno inteligenco - izbolj\u0161ajte natan\u010dnost in u\u010dinkovito okrepite znanje.\" \/>\n<meta name=\"robots\" content=\"index, follow, max-snippet:-1, max-image-preview:large, max-video-preview:-1\" \/>\n<link rel=\"canonical\" href=\"https:\/\/talkpal.ai\/sl\/latvijske-slovnicne-vaje\/\" \/>\n<meta property=\"og:locale\" content=\"sl_SI\" \/>\n<meta property=\"og:type\" content=\"article\" \/>\n<meta property=\"og:title\" content=\"Latvijske slovni\u010dne vaje\" \/>\n<meta property=\"og:description\" content=\"Latvijske slovni\u010dne teme U\u010denje novega jezika je lahko vznemirljiva in koristna izku\u0161nja, latvij\u0161\u010dina pa ni izjema. Latvij\u0161\u010dina ima kot uradni jezik\" \/>\n<meta property=\"og:url\" content=\"https:\/\/talkpal.ai\/sl\/latvijske-slovnicne-vaje\/\" \/>\n<meta property=\"og:site_name\" content=\"Talkpal\" \/>\n<meta property=\"article:publisher\" content=\"https:\/\/www.facebook.com\/profile.php?id=100090733639311\" \/>\n<meta property=\"article:modified_time\" content=\"2025-12-17T15:42:52+00:00\" \/>\n<meta property=\"og:image\" content=\"https:\/\/talkpal.ai\/wp-content\/uploads\/2023\/05\/latvia.png\" \/>\n\t<meta property=\"og:image:width\" content=\"512\" \/>\n\t<meta property=\"og:image:height\" content=\"512\" \/>\n\t<meta property=\"og:image:type\" content=\"image\/png\" \/>\n<meta name=\"twitter:card\" content=\"summary_large_image\" \/>\n<meta name=\"twitter:site\" content=\"@talkpalai\" \/>\n<meta name=\"twitter:label1\" content=\"Est. reading time\" \/>\n\t<meta name=\"twitter:data1\" content=\"2 minuti\" \/>\n<script type=\"application\/ld+json\" class=\"yoast-schema-graph\">{\"@context\":\"https:\/\/schema.org\",\"@graph\":[{\"@type\":\"WebPage\",\"@id\":\"https:\/\/talkpal.ai\/sl\/latvijske-slovnicne-vaje\/\",\"url\":\"https:\/\/talkpal.ai\/sl\/latvijske-slovnicne-vaje\/\",\"name\":\"Latvijske slovni\u010dne vaje - Talkpal\",\"isPartOf\":{\"@id\":\"https:\/\/talkpal.ai\/sl\/#website\"},\"primaryImageOfPage\":{\"@id\":\"https:\/\/talkpal.ai\/sl\/latvijske-slovnicne-vaje\/#primaryimage\"},\"image\":{\"@id\":\"https:\/\/talkpal.ai\/sl\/latvijske-slovnicne-vaje\/#primaryimage\"},\"thumbnailUrl\":\"https:\/\/talkpal.ai\/wp-content\/uploads\/2023\/05\/latvia.png\",\"datePublished\":\"2023-06-22T08:07:24+00:00\",\"dateModified\":\"2025-12-17T15:42:52+00:00\",\"description\":\"Izbolj\u0161ajte latvijsko slovnico z zanimivimi Talkpal z interaktivnimi lekcijami z umetno inteligenco - izbolj\u0161ajte natan\u010dnost in u\u010dinkovito okrepite znanje.\",\"breadcrumb\":{\"@id\":\"https:\/\/talkpal.ai\/sl\/latvijske-slovnicne-vaje\/#breadcrumb\"},\"inLanguage\":\"sl-SI\",\"potentialAction\":[{\"@type\":\"ReadAction\",\"target\":[\"https:\/\/talkpal.ai\/sl\/latvijske-slovnicne-vaje\/\"]}]},{\"@type\":\"ImageObject\",\"inLanguage\":\"sl-SI\",\"@id\":\"https:\/\/talkpal.ai\/sl\/latvijske-slovnicne-vaje\/#primaryimage\",\"url\":\"https:\/\/talkpal.ai\/wp-content\/uploads\/2023\/05\/latvia.png\",\"contentUrl\":\"https:\/\/talkpal.ai\/wp-content\/uploads\/2023\/05\/latvia.png\",\"width\":512,\"height\":512},{\"@type\":\"BreadcrumbList\",\"@id\":\"https:\/\/talkpal.ai\/sl\/latvijske-slovnicne-vaje\/#breadcrumb\",\"itemListElement\":[{\"@type\":\"ListItem\",\"position\":1,\"name\":\"Homepage\",\"item\":\"https:\/\/talkpal.ai\/sl\/\"},{\"@type\":\"ListItem\",\"position\":2,\"name\":\"Latvijske slovni\u010dne vaje\"}]},{\"@type\":\"WebSite\",\"@id\":\"https:\/\/talkpal.ai\/sl\/#website\",\"url\":\"https:\/\/talkpal.ai\/sl\/\",\"name\":\"Talkpal\",\"description\":\"AI Language Learning\",\"publisher\":{\"@id\":\"https:\/\/talkpal.ai\/sl\/#organization\"},\"alternateName\":\"Talkpal AI\",\"potentialAction\":[{\"@type\":\"SearchAction\",\"target\":{\"@type\":\"EntryPoint\",\"urlTemplate\":\"https:\/\/talkpal.ai\/sl\/?s={search_term_string}\"},\"query-input\":{\"@type\":\"PropertyValueSpecification\",\"valueRequired\":true,\"valueName\":\"search_term_string\"}}],\"inLanguage\":\"sl-SI\"},{\"@type\":\"Organization\",\"@id\":\"https:\/\/talkpal.ai\/sl\/#organization\",\"name\":\"Talkpal, Inc.\",\"alternateName\":\"Talkpal AI\",\"url\":\"https:\/\/talkpal.ai\/sl\/\",\"logo\":{\"@type\":\"ImageObject\",\"inLanguage\":\"sl-SI\",\"@id\":\"https:\/\/talkpal.ai\/sl\/#\/schema\/logo\/image\/\",\"url\":\"https:\/\/talkpal.ai\/wp-content\/uploads\/2024\/03\/Talkpal-Logo-Icon.png\",\"contentUrl\":\"https:\/\/talkpal.ai\/wp-content\/uploads\/2024\/03\/Talkpal-Logo-Icon.png\",\"width\":2880,\"height\":2880,\"caption\":\"Talkpal, Inc.\"},\"image\":{\"@id\":\"https:\/\/talkpal.ai\/sl\/#\/schema\/logo\/image\/\"},\"sameAs\":[\"https:\/\/www.facebook.com\/profile.php?id=100090733639311\",\"https:\/\/x.com\/talkpalai\",\"https:\/\/www.linkedin.com\/company\/talkpal\/\",\"https:\/\/www.youtube.com\/@TalkPal\/\",\"https:\/\/www.tiktok.com\/@talkpal\",\"https:\/\/www.instagram.com\/talkpal_ai\/\",\"https:\/\/www.crunchbase.com\/organization\/talkpal-9cde\",\"https:\/\/www.g2.com\/products\/talkpal-for-business\/\",\"https:\/\/www.trustpilot.com\/review\/talkpal.ai\",\"https:\/\/www.capterra.com\/p\/10006800\/TalkPal\/\"],\"description\":\"Talkpal is a language learning web and mobile education app, powered by the latest AI technologies, that provides engaging experiences to its customers in many different languages to help them improve their language skills. Users can chat about unlimited amount of topics with the app and use other modes to practice their language learning.\",\"email\":\"support@talkpal.ai\",\"legalName\":\"Talkpal, Inc.\",\"foundingDate\":\"2023-04-03\",\"duns\":\"118989042\",\"numberOfEmployees\":{\"@type\":\"QuantitativeValue\",\"minValue\":\"11\",\"maxValue\":\"50\"},\"publishingPrinciples\":\"https:\/\/talkpal.ai\/publishing-principles\/\",\"actionableFeedbackPolicy\":\"https:\/\/talkpal.ai\/actionable-feedback-policy\/\",\"correctionsPolicy\":\"https:\/\/talkpal.ai\/corrections-policy\/\",\"ethicsPolicy\":\"https:\/\/talkpal.ai\/ethics-policy\/\",\"diversityPolicy\":\"https:\/\/talkpal.ai\/diversity-policy\/\",\"diversityStaffingReport\":\"https:\/\/talkpal.ai\/diversity-policy\/\"}]}<\/script>\n<!-- \/ Yoast SEO Premium plugin. -->","yoast_head_json":{"title":"Latvijske slovni\u010dne vaje - Talkpal","description":"Izbolj\u0161ajte latvijsko slovnico z zanimivimi Talkpal z interaktivnimi lekcijami z umetno inteligenco - izbolj\u0161ajte natan\u010dnost in u\u010dinkovito okrepite znanje.","robots":{"index":"index","follow":"follow","max-snippet":"max-snippet:-1","max-image-preview":"max-image-preview:large","max-video-preview":"max-video-preview:-1"},"canonical":"https:\/\/talkpal.ai\/sl\/latvijske-slovnicne-vaje\/","og_locale":"sl_SI","og_type":"article","og_title":"Latvijske slovni\u010dne vaje","og_description":"Latvijske slovni\u010dne teme U\u010denje novega jezika je lahko vznemirljiva in koristna izku\u0161nja, latvij\u0161\u010dina pa ni izjema. Latvij\u0161\u010dina ima kot uradni jezik","og_url":"https:\/\/talkpal.ai\/sl\/latvijske-slovnicne-vaje\/","og_site_name":"Talkpal","article_publisher":"https:\/\/www.facebook.com\/profile.php?id=100090733639311","article_modified_time":"2025-12-17T15:42:52+00:00","og_image":[{"width":512,"height":512,"url":"https:\/\/talkpal.ai\/wp-content\/uploads\/2023\/05\/latvia.png","type":"image\/png"}],"twitter_card":"summary_large_image","twitter_site":"@talkpalai","twitter_misc":{"Est. reading time":"2 minuti"},"schema":{"@context":"https:\/\/schema.org","@graph":[{"@type":"WebPage","@id":"https:\/\/talkpal.ai\/sl\/latvijske-slovnicne-vaje\/","url":"https:\/\/talkpal.ai\/sl\/latvijske-slovnicne-vaje\/","name":"Latvijske slovni\u010dne vaje - Talkpal","isPartOf":{"@id":"https:\/\/talkpal.ai\/sl\/#website"},"primaryImageOfPage":{"@id":"https:\/\/talkpal.ai\/sl\/latvijske-slovnicne-vaje\/#primaryimage"},"image":{"@id":"https:\/\/talkpal.ai\/sl\/latvijske-slovnicne-vaje\/#primaryimage"},"thumbnailUrl":"https:\/\/talkpal.ai\/wp-content\/uploads\/2023\/05\/latvia.png","datePublished":"2023-06-22T08:07:24+00:00","dateModified":"2025-12-17T15:42:52+00:00","description":"Izbolj\u0161ajte latvijsko slovnico z zanimivimi Talkpal z interaktivnimi lekcijami z umetno inteligenco - izbolj\u0161ajte natan\u010dnost in u\u010dinkovito okrepite znanje.","breadcrumb":{"@id":"https:\/\/talkpal.ai\/sl\/latvijske-slovnicne-vaje\/#breadcrumb"},"inLanguage":"sl-SI","potentialAction":[{"@type":"ReadAction","target":["https:\/\/talkpal.ai\/sl\/latvijske-slovnicne-vaje\/"]}]},{"@type":"ImageObject","inLanguage":"sl-SI","@id":"https:\/\/talkpal.ai\/sl\/latvijske-slovnicne-vaje\/#primaryimage","url":"https:\/\/talkpal.ai\/wp-content\/uploads\/2023\/05\/latvia.png","contentUrl":"https:\/\/talkpal.ai\/wp-content\/uploads\/2023\/05\/latvia.png","width":512,"height":512},{"@type":"BreadcrumbList","@id":"https:\/\/talkpal.ai\/sl\/latvijske-slovnicne-vaje\/#breadcrumb","itemListElement":[{"@type":"ListItem","position":1,"name":"Homepage","item":"https:\/\/talkpal.ai\/sl\/"},{"@type":"ListItem","position":2,"name":"Latvijske slovni\u010dne vaje"}]},{"@type":"WebSite","@id":"https:\/\/talkpal.ai\/sl\/#website","url":"https:\/\/talkpal.ai\/sl\/","name":"Talkpal","description":"AI Language Learning","publisher":{"@id":"https:\/\/talkpal.ai\/sl\/#organization"},"alternateName":"Talkpal AI","potentialAction":[{"@type":"SearchAction","target":{"@type":"EntryPoint","urlTemplate":"https:\/\/talkpal.ai\/sl\/?s={search_term_string}"},"query-input":{"@type":"PropertyValueSpecification","valueRequired":true,"valueName":"search_term_string"}}],"inLanguage":"sl-SI"},{"@type":"Organization","@id":"https:\/\/talkpal.ai\/sl\/#organization","name":"Talkpal, Inc.","alternateName":"Talkpal AI","url":"https:\/\/talkpal.ai\/sl\/","logo":{"@type":"ImageObject","inLanguage":"sl-SI","@id":"https:\/\/talkpal.ai\/sl\/#\/schema\/logo\/image\/","url":"https:\/\/talkpal.ai\/wp-content\/uploads\/2024\/03\/Talkpal-Logo-Icon.png","contentUrl":"https:\/\/talkpal.ai\/wp-content\/uploads\/2024\/03\/Talkpal-Logo-Icon.png","width":2880,"height":2880,"caption":"Talkpal, Inc."},"image":{"@id":"https:\/\/talkpal.ai\/sl\/#\/schema\/logo\/image\/"},"sameAs":["https:\/\/www.facebook.com\/profile.php?id=100090733639311","https:\/\/x.com\/talkpalai","https:\/\/www.linkedin.com\/company\/talkpal\/","https:\/\/www.youtube.com\/@TalkPal\/","https:\/\/www.tiktok.com\/@talkpal","https:\/\/www.instagram.com\/talkpal_ai\/","https:\/\/www.crunchbase.com\/organization\/talkpal-9cde","https:\/\/www.g2.com\/products\/talkpal-for-business\/","https:\/\/www.trustpilot.com\/review\/talkpal.ai","https:\/\/www.capterra.com\/p\/10006800\/TalkPal\/"],"description":"Talkpal is a language learning web and mobile education app, powered by the latest AI technologies, that provides engaging experiences to its customers in many different languages to help them improve their language skills. Users can chat about unlimited amount of topics with the app and use other modes to practice their language learning.","email":"support@talkpal.ai","legalName":"Talkpal, Inc.","foundingDate":"2023-04-03","duns":"118989042","numberOfEmployees":{"@type":"QuantitativeValue","minValue":"11","maxValue":"50"},"publishingPrinciples":"https:\/\/talkpal.ai\/publishing-principles\/","actionableFeedbackPolicy":"https:\/\/talkpal.ai\/actionable-feedback-policy\/","correctionsPolicy":"https:\/\/talkpal.ai\/corrections-policy\/","ethicsPolicy":"https:\/\/talkpal.ai\/ethics-policy\/","diversityPolicy":"https:\/\/talkpal.ai\/diversity-policy\/","diversityStaffingReport":"https:\/\/talkpal.ai\/diversity-policy\/"}]}},"_links":{"self":[{"href":"https:\/\/talkpal.ai\/sl\/wp-json\/wp\/v2\/pages\/160393","targetHints":{"allow":["GET"]}}],"collection":[{"href":"https:\/\/talkpal.ai\/sl\/wp-json\/wp\/v2\/pages"}],"about":[{"href":"https:\/\/talkpal.ai\/sl\/wp-json\/wp\/v2\/types\/page"}],"author":[{"embeddable":true,"href":"https:\/\/talkpal.ai\/sl\/wp-json\/wp\/v2\/users\/6"}],"replies":[{"embeddable":true,"href":"https:\/\/talkpal.ai\/sl\/wp-json\/wp\/v2\/comments?post=160393"}],"version-history":[{"count":0,"href":"https:\/\/talkpal.ai\/sl\/wp-json\/wp\/v2\/pages\/160393\/revisions"}],"wp:featuredmedia":[{"embeddable":true,"href":"https:\/\/talkpal.ai\/sl\/wp-json\/wp\/v2\/media\/114660"}],"wp:attachment":[{"href":"https:\/\/talkpal.ai\/sl\/wp-json\/wp\/v2\/media?parent=160393"}],"curies":[{"name":"wp","href":"https:\/\/api.w.org\/{rel}","templated":true}]}}