{"id":159822,"date":"2023-06-22T08:24:14","date_gmt":"2023-06-22T08:24:14","guid":{"rendered":"http:\/\/talkpal.ai\/makedonske-slovnicne-vaje\/"},"modified":"2025-12-17T15:55:19","modified_gmt":"2025-12-17T15:55:19","slug":"makedonske-slovnicne-vaje","status":"publish","type":"page","link":"https:\/\/talkpal.ai\/sl\/makedonske-slovnicne-vaje\/","title":{"rendered":"Makedonske slovni\u010dne vaje"},"content":{"rendered":"\r\n\r\n\r\n<section class=\"languageChallengeSection\">\r\n    <div class=\"languageInfoWrapper\">\r\n        \r\n        <h1>Makedonske slovni\u010dne vaje<\/h1>\r\n        <p>\u017delite okrepiti zaupanje v <a href=\"https:\/\/talkpal.ai\/learn-macedonian\/\">makedonski<\/a> jezik? Vadba slovni\u010dnih vaj je odli\u010den na\u010din za razumevanje stav\u010dne strukture, glagolskih oblik in edinstvenih zna\u010dilnosti makedonskega jezika. Za\u010dnite raziskovati makedonsko slovnico danes in opazujte, kako z vsako vajo raste va\u0161e znanje in teko\u010dnost!<\/p>\r\n\r\n                            <a class=\"getStartedHidden\" href=\"https:\/\/app.talkpal.ai\/sl\/signup?lng=\">Za\u010dni<\/a>\r\n        \r\n    <\/div>\r\n\r\n    <figure>\r\n    <img decoding=\"async\" width=\"768\" height=\"768\" src=\"https:\/\/talkpal.ai\/wp-content\/uploads\/2023\/06\/macedonian-768x768.png\" class=\"languageImage no-lazy\" alt=\"Language learning through conversational practice\" fetchpriority=\"high\" sizes=\"(max-width: 768px) 150px, 768px\" srcset=\"https:\/\/talkpal.ai\/wp-content\/uploads\/2023\/06\/macedonian-768x768.png 768w, https:\/\/talkpal.ai\/wp-content\/uploads\/2023\/06\/macedonian-300x300.png 300w\" \/>\r\n    \r\n\r\n    <\/figure>\r\n\r\n            <a class=\"getStartedVisible\" href=\"https:\/\/app.talkpal.ai\/sl\/signup?lng=\">Za\u010dni<\/a>\r\n    \r\n<\/section>\r\n\r\n\r\n<!-- <section class=\"grammarSection\">\r\n    <div class=\"grammarLinks\">\r\n            <\/div>\r\n<\/section> -->\r\n\r\n\r\n\r\n\r\n<section class=\"promotionalBanner\">\r\n    <p class=\"promotionalText\">Naju\u010dinkovitej\u0161i na\u010din u\u010denja jezika<\/p>\r\n    <a class=\"promotionalLink\" href=\"https:\/\/app.talkpal.ai\/sl\/signup?lng=\">Preizkusite Talkpal brezpla\u010dno<\/a>\r\n<\/section>\n<div class=\"wp-block-group pageContainerStyle\"><div class=\"wp-block-group__inner-container is-layout-constrained wp-block-group-is-layout-constrained\">\n<h2 class=\"wp-block-heading\" id=\"h-macedonian-grammar-topics\">Teme makedonske slovnice<\/h2>\n\n\n\n<header id=\"main-header\" data-height-onload=\"80\" data-height-loaded=\"true\" data-fixed-height-onload=\"80\">\n<p><a href=\"https:\/\/talkpal.ai\/learn-macedonian\/\">Makedon\u0161\u010dina<\/a>, ju\u017enoslovanski jezik, je uradni jezik Severne Makedonije. Govori ga ve\u010d kot dva milijona ljudi po vsem svetu in ponuja edinstveno jezikovno izku\u0161njo zaradi svojih posebnih slovni\u010dnih pravil in bogatega besedi\u0161\u010da. Ta vodnik vam bo ponudil pregled bistvenih makedonskih slovni\u010dnih tem, organiziranih v zaporedju, ki vam bo olaj\u0161alo u\u010dni proces. Od \u010dasov do stav\u010dnih struktur bomo zajeli vse potrebne informacije, ki vam bodo pomagale <a href=\"https:\/\/talkpal.ai\/ko\/ai-%ec%96%b8%ec%96%b4-%ea%b5%90%ec%82%ac\/\">za\u010deti<\/a> na <a href=\"https:\/\/talkpal.ai\/locations\/learn-english-in-poti\/\">poti<\/a> do obvladovanja makedonskega jezika.<\/p>\n<h3>1. Samostalniki:<\/h3>\n<p>Tako kot drugi slovanski <a href=\"https:\/\/talkpal.ai\/what-language-is-spoken-on-the-international-space-station\/\">jeziki<\/a> imajo tudi makedonski samostalniki tri spole (mo\u0161ki, \u017eenski in srednje\u0161olski) in so pregibani glede na primer in \u0161tevilo. U\u010denje spola in pravilnih pregibov je klju\u010dnega pomena za oblikovanje slovni\u010dno pravilnih stavkov.<\/p>\n<h3>2. \u010clanki:<\/h3>\n<p><a href=\"https:\/\/talkpal.ai\/cs\/naucte-se-makedonsky\/\">makedonski jezik<\/a> ima samo en dolo\u010den \u010dlen, ki se razlikuje glede na spol in primer. V makedon\u0161\u010dini ni nedolo\u010dnih \u010dlenov, vendar se lahko podobno uporablja tudi \u0161tevnik &#8220;ena&#8221;.<\/p>\n<h3>3. Pridevniki:<\/h3>\n<p>Pridevniki v makedon\u0161\u010dini se ujemajo s samostalniki, ki jih spreminjajo po spolu, \u0161tevilu in primeru. Imajo dolge in kratke oblike, ki se uporabljajo v razli\u010dnih kontekstih.<\/p>\n<h3>4. Zaimki\/dolo\u010devalci:<\/h3>\n<p>Makedon\u0161\u010dina ima razli\u010dne zaimke in determinatorje, ki so bistveni pri oblikovanju stavkov. Nadome\u0161\u010dajo ali spreminjajo samostalnike in se z njimi strinjajo glede spola, \u0161tevila in primera.<\/p>\n<h3>5. Glagoli:<\/h3>\n<p>Glagoli so osrednjega pomena za makedonsko slovnico. Konjugirajo se za osebo in \u0161tevilo ter imajo razli\u010dne \u010dase, vidike in razpolo\u017eenja.<\/p>\n<h3>6. \u010casi:<\/h3>\n<p>Makedon\u0161\u010dina ima tri osnovne \u010dase &#8211; preteklost, sedanjost in prihodnost. Oblikujejo se z razli\u010dnimi glagolskimi konjugacijami in pomo\u017enimi glagoli. Bistveno je razumeti oblikovanje in uporabo vsakega \u010dasa za natan\u010dno izra\u017eanje dejanj in dogodkov.<\/p>\n<h3>7. Primerjava \u010dasov:<\/h3>\n<p>Primerjava dejanj in dogodkov v razli\u010dnih \u010dasih je bistvena za prenos pomena. V makedon\u0161\u010dini to primerjavo dose\u017eemo z uporabo specifi\u010dnih glagolskih oblik in pomo\u017enih glagolov.<\/p>\n<h3>8. Progresivno:<\/h3>\n<p>Progresivni vidik v makedon\u0161\u010dini se uporablja za ozna\u010devanje teko\u010dih ukrepov. Tvori se s sedanjikom glagola &#8220;biti&#8221; in sedanjikom glavnega glagola.<\/p>\n<h3>9. Perfect Progressive:<\/h3>\n<p>Ta vidik zdru\u017euje progresivne in popolne vidike za opis dejanj, ki so potekala v preteklosti in so povezana s sedanjostjo. Tvori se s sedanjim \u010dasom glagola &#8220;biti&#8221; in preteklim aktivnim dele\u017enikom glavnega glagola.<\/p>\n<h3>10. Prislovi:<\/h3>\n<p>Prislovi v makedon\u0161\u010dini se uporabljajo za spreminjanje glagolov, pridevnikov ali drugih prislovov. Obi\u010dajno ne spreminjajo svoje oblike in jih zlahka prepoznamo po tipi\u010dnih kon\u010dnicah.<\/p>\n<h3>11. Pogoji:<\/h3>\n<p>Makedon\u0161\u010dina ima tri vrste pogojev &#8211; resni\u010dno, nerealno in potencialno. Uporabljajo se za izra\u017eanje hipoteti\u010dnih situacij in njihovih posledic.<\/p>\n<h3>12. Predlo\u017eki:<\/h3>\n<p>Predlogi v makedon\u0161\u010dini so bistveni pri oblikovanju stavkov in stavkov. Ozna\u010dujejo razli\u010dne odnose med besedami, kot so lokacija, smer, \u010das ali vzrok.<\/p>\n<h3>13. Stavki:<\/h3>\n<p>Razumevanje strukture makedonskih stavkov je klju\u010dnega pomena za u\u010dinkovito komunikacijo. Makedonski stavki obi\u010dajno sledijo vrstnemu redu besed predmet-glagol-objekt (SVO), vendar se lahko pojavijo razlike, odvisno od poudarka in konteksta.<\/p>\n<\/header>\n\n\n\n<footer> <\/footer>\n<\/div><\/div>\n\r\n<section class=\"learnNavigationSection\">\r\n            \r\n        <a href=\"https:\/\/talkpal.ai\/sl\/naucite-se-makedonscine\/\">\r\n            <div class=\"learnNavigationWrapper\">\r\n                <div class=\"learnNavigationContent\">\r\n                    <img decoding=\"async\" src=\"https:\/\/talkpal.ai\/wp-content\/uploads\/2024\/08\/Macedonian.jpg\" alt=\"Macedonian Flag\">\r\n                    <div>\r\n                        <h4>O makedonskem u\u010denju<\/h4>\r\n                        <p>Izvedite vse o makedonski slovnici.<\/p>\r\n                    <\/div>\r\n                <\/div>\r\n            <\/div>\r\n        <\/a>\r\n\r\n        \r\n        <a href=\"https:\/\/talkpal.ai\/sl\/makedonska-slovnica\/\">\r\n            <div class=\"learnNavigationWrapper\">\r\n                <div class=\"learnNavigationContent\">\r\n                    <img decoding=\"async\" src=\"https:\/\/talkpal.ai\/wp-content\/uploads\/2024\/08\/Macedonian.jpg\" alt=\"Macedonian Flag\">\r\n                    <div>\r\n                        <h4>Lekcije makedonske slovnice<\/h4>\r\n                        <p>Vadite makedonsko slovnico.<\/p>\r\n                    <\/div>\r\n                <\/div>\r\n            <\/div>\r\n        <\/a>\r\n\r\n        \r\n        <a href=\"https:\/\/talkpal.ai\/vocabulary_language\/macedonian\/\">\r\n            <div class=\"learnNavigationWrapper\">\r\n                <div class=\"learnNavigationContent\">\r\n                    <img decoding=\"async\" src=\"https:\/\/talkpal.ai\/wp-content\/uploads\/2024\/08\/Macedonian.jpg\" alt=\"Macedonian Flag\">\r\n                    <div>\r\n                        <h4>Makedonski besednjak<\/h4>\r\n                        <p>Raz\u0161irite svoj makedonski besedni zaklad.<\/p>\r\n                    <\/div>\r\n                <\/div>\r\n            <\/div>\r\n        <\/a>\r\n\r\n            <\/section>","protected":false},"excerpt":{"rendered":"<p>Teme makedonske slovnice Makedon\u0161\u010dina, ju\u017enoslovanski jezik, je uradni jezik Severne Makedonije. Govori ga ve\u010d kot dva milijona ljudi po vsem svetu in ponuja edinstveno jezikovno izku\u0161njo zaradi svojih posebnih slovni\u010dnih pravil in bogatega besedi\u0161\u010da. Ta vodnik vam bo ponudil pregled bistvenih makedonskih slovni\u010dnih tem, organiziranih v zaporedju, ki vam bo olaj\u0161alo u\u010dni proces. Od \u010dasov [&hellip;]<\/p>\n","protected":false},"author":6,"featured_media":115340,"parent":0,"menu_order":0,"comment_status":"closed","ping_status":"closed","template":"LearningContentPage.php","meta":{"_acf_changed":false,"footnotes":""},"class_list":["post-159822","page","type-page","status-publish","has-post-thumbnail","hentry"],"acf":[],"yoast_head":"<!-- This site is optimized with the Yoast SEO Premium plugin v27.2 (Yoast SEO v27.2) - https:\/\/yoast.com\/product\/yoast-seo-premium-wordpress\/ -->\n<title>Makedonske slovni\u010dne vaje - Talkpal<\/title>\n<meta name=\"description\" content=\"Osvojite makedonsko slovnico z interaktivnimi vajami iz makedonske slovnice iz Talkpal, va\u0161ega jezikovnega tutorja, ki ga poganja umetna inteligenca.\" \/>\n<meta name=\"robots\" content=\"index, follow, max-snippet:-1, max-image-preview:large, max-video-preview:-1\" \/>\n<link rel=\"canonical\" href=\"https:\/\/talkpal.ai\/sl\/makedonske-slovnicne-vaje\/\" \/>\n<meta property=\"og:locale\" content=\"sl_SI\" \/>\n<meta property=\"og:type\" content=\"article\" \/>\n<meta property=\"og:title\" content=\"Makedonske slovni\u010dne vaje\" \/>\n<meta property=\"og:description\" content=\"Teme makedonske slovnice Makedon\u0161\u010dina, ju\u017enoslovanski jezik, je uradni jezik Severne Makedonije. Govori ga ve\u010d kot dva milijona ljudi po vsem svetu in\" \/>\n<meta property=\"og:url\" content=\"https:\/\/talkpal.ai\/sl\/makedonske-slovnicne-vaje\/\" \/>\n<meta property=\"og:site_name\" content=\"Talkpal\" \/>\n<meta property=\"article:publisher\" content=\"https:\/\/www.facebook.com\/profile.php?id=100090733639311\" \/>\n<meta property=\"article:modified_time\" content=\"2025-12-17T15:55:19+00:00\" \/>\n<meta property=\"og:image\" content=\"https:\/\/talkpal.ai\/wp-content\/uploads\/2023\/05\/republic-of-macedonia.png\" \/>\n\t<meta property=\"og:image:width\" content=\"512\" \/>\n\t<meta property=\"og:image:height\" content=\"512\" \/>\n\t<meta property=\"og:image:type\" content=\"image\/png\" \/>\n<meta name=\"twitter:card\" content=\"summary_large_image\" \/>\n<meta name=\"twitter:site\" content=\"@talkpalai\" \/>\n<meta name=\"twitter:label1\" content=\"Est. reading time\" \/>\n\t<meta name=\"twitter:data1\" content=\"2 minuti\" \/>\n<script type=\"application\/ld+json\" class=\"yoast-schema-graph\">{\"@context\":\"https:\/\/schema.org\",\"@graph\":[{\"@type\":\"WebPage\",\"@id\":\"https:\/\/talkpal.ai\/sl\/makedonske-slovnicne-vaje\/\",\"url\":\"https:\/\/talkpal.ai\/sl\/makedonske-slovnicne-vaje\/\",\"name\":\"Makedonske slovni\u010dne vaje - Talkpal\",\"isPartOf\":{\"@id\":\"https:\/\/talkpal.ai\/sl\/#website\"},\"primaryImageOfPage\":{\"@id\":\"https:\/\/talkpal.ai\/sl\/makedonske-slovnicne-vaje\/#primaryimage\"},\"image\":{\"@id\":\"https:\/\/talkpal.ai\/sl\/makedonske-slovnicne-vaje\/#primaryimage\"},\"thumbnailUrl\":\"https:\/\/talkpal.ai\/wp-content\/uploads\/2023\/05\/republic-of-macedonia.png\",\"datePublished\":\"2023-06-22T08:24:14+00:00\",\"dateModified\":\"2025-12-17T15:55:19+00:00\",\"description\":\"Osvojite makedonsko slovnico z interaktivnimi vajami iz makedonske slovnice iz Talkpal, va\u0161ega jezikovnega tutorja, ki ga poganja umetna inteligenca.\",\"breadcrumb\":{\"@id\":\"https:\/\/talkpal.ai\/sl\/makedonske-slovnicne-vaje\/#breadcrumb\"},\"inLanguage\":\"sl-SI\",\"potentialAction\":[{\"@type\":\"ReadAction\",\"target\":[\"https:\/\/talkpal.ai\/sl\/makedonske-slovnicne-vaje\/\"]}]},{\"@type\":\"ImageObject\",\"inLanguage\":\"sl-SI\",\"@id\":\"https:\/\/talkpal.ai\/sl\/makedonske-slovnicne-vaje\/#primaryimage\",\"url\":\"https:\/\/talkpal.ai\/wp-content\/uploads\/2023\/05\/republic-of-macedonia.png\",\"contentUrl\":\"https:\/\/talkpal.ai\/wp-content\/uploads\/2023\/05\/republic-of-macedonia.png\",\"width\":512,\"height\":512},{\"@type\":\"BreadcrumbList\",\"@id\":\"https:\/\/talkpal.ai\/sl\/makedonske-slovnicne-vaje\/#breadcrumb\",\"itemListElement\":[{\"@type\":\"ListItem\",\"position\":1,\"name\":\"Homepage\",\"item\":\"https:\/\/talkpal.ai\/sl\/\"},{\"@type\":\"ListItem\",\"position\":2,\"name\":\"Makedonske slovni\u010dne vaje\"}]},{\"@type\":\"WebSite\",\"@id\":\"https:\/\/talkpal.ai\/sl\/#website\",\"url\":\"https:\/\/talkpal.ai\/sl\/\",\"name\":\"Talkpal\",\"description\":\"AI Language Learning\",\"publisher\":{\"@id\":\"https:\/\/talkpal.ai\/sl\/#organization\"},\"alternateName\":\"Talkpal AI\",\"potentialAction\":[{\"@type\":\"SearchAction\",\"target\":{\"@type\":\"EntryPoint\",\"urlTemplate\":\"https:\/\/talkpal.ai\/sl\/?s={search_term_string}\"},\"query-input\":{\"@type\":\"PropertyValueSpecification\",\"valueRequired\":true,\"valueName\":\"search_term_string\"}}],\"inLanguage\":\"sl-SI\"},{\"@type\":\"Organization\",\"@id\":\"https:\/\/talkpal.ai\/sl\/#organization\",\"name\":\"Talkpal, Inc.\",\"alternateName\":\"Talkpal AI\",\"url\":\"https:\/\/talkpal.ai\/sl\/\",\"logo\":{\"@type\":\"ImageObject\",\"inLanguage\":\"sl-SI\",\"@id\":\"https:\/\/talkpal.ai\/sl\/#\/schema\/logo\/image\/\",\"url\":\"https:\/\/talkpal.ai\/wp-content\/uploads\/2024\/03\/Talkpal-Logo-Icon.png\",\"contentUrl\":\"https:\/\/talkpal.ai\/wp-content\/uploads\/2024\/03\/Talkpal-Logo-Icon.png\",\"width\":2880,\"height\":2880,\"caption\":\"Talkpal, Inc.\"},\"image\":{\"@id\":\"https:\/\/talkpal.ai\/sl\/#\/schema\/logo\/image\/\"},\"sameAs\":[\"https:\/\/www.facebook.com\/profile.php?id=100090733639311\",\"https:\/\/x.com\/talkpalai\",\"https:\/\/www.linkedin.com\/company\/talkpal\/\",\"https:\/\/www.youtube.com\/@TalkPal\/\",\"https:\/\/www.tiktok.com\/@talkpal\",\"https:\/\/www.instagram.com\/talkpal_ai\/\",\"https:\/\/www.crunchbase.com\/organization\/talkpal-9cde\",\"https:\/\/www.g2.com\/products\/talkpal-for-business\/\",\"https:\/\/www.trustpilot.com\/review\/talkpal.ai\",\"https:\/\/www.capterra.com\/p\/10006800\/TalkPal\/\"],\"description\":\"Talkpal is a language learning web and mobile education app, powered by the latest AI technologies, that provides engaging experiences to its customers in many different languages to help them improve their language skills. Users can chat about unlimited amount of topics with the app and use other modes to practice their language learning.\",\"email\":\"support@talkpal.ai\",\"legalName\":\"Talkpal, Inc.\",\"foundingDate\":\"2023-04-03\",\"duns\":\"118989042\",\"numberOfEmployees\":{\"@type\":\"QuantitativeValue\",\"minValue\":\"11\",\"maxValue\":\"50\"},\"publishingPrinciples\":\"https:\/\/talkpal.ai\/publishing-principles\/\",\"actionableFeedbackPolicy\":\"https:\/\/talkpal.ai\/actionable-feedback-policy\/\",\"correctionsPolicy\":\"https:\/\/talkpal.ai\/corrections-policy\/\",\"ethicsPolicy\":\"https:\/\/talkpal.ai\/ethics-policy\/\",\"diversityPolicy\":\"https:\/\/talkpal.ai\/diversity-policy\/\",\"diversityStaffingReport\":\"https:\/\/talkpal.ai\/diversity-policy\/\"}]}<\/script>\n<!-- \/ Yoast SEO Premium plugin. -->","yoast_head_json":{"title":"Makedonske slovni\u010dne vaje - Talkpal","description":"Osvojite makedonsko slovnico z interaktivnimi vajami iz makedonske slovnice iz Talkpal, va\u0161ega jezikovnega tutorja, ki ga poganja umetna inteligenca.","robots":{"index":"index","follow":"follow","max-snippet":"max-snippet:-1","max-image-preview":"max-image-preview:large","max-video-preview":"max-video-preview:-1"},"canonical":"https:\/\/talkpal.ai\/sl\/makedonske-slovnicne-vaje\/","og_locale":"sl_SI","og_type":"article","og_title":"Makedonske slovni\u010dne vaje","og_description":"Teme makedonske slovnice Makedon\u0161\u010dina, ju\u017enoslovanski jezik, je uradni jezik Severne Makedonije. Govori ga ve\u010d kot dva milijona ljudi po vsem svetu in","og_url":"https:\/\/talkpal.ai\/sl\/makedonske-slovnicne-vaje\/","og_site_name":"Talkpal","article_publisher":"https:\/\/www.facebook.com\/profile.php?id=100090733639311","article_modified_time":"2025-12-17T15:55:19+00:00","og_image":[{"width":512,"height":512,"url":"https:\/\/talkpal.ai\/wp-content\/uploads\/2023\/05\/republic-of-macedonia.png","type":"image\/png"}],"twitter_card":"summary_large_image","twitter_site":"@talkpalai","twitter_misc":{"Est. reading time":"2 minuti"},"schema":{"@context":"https:\/\/schema.org","@graph":[{"@type":"WebPage","@id":"https:\/\/talkpal.ai\/sl\/makedonske-slovnicne-vaje\/","url":"https:\/\/talkpal.ai\/sl\/makedonske-slovnicne-vaje\/","name":"Makedonske slovni\u010dne vaje - Talkpal","isPartOf":{"@id":"https:\/\/talkpal.ai\/sl\/#website"},"primaryImageOfPage":{"@id":"https:\/\/talkpal.ai\/sl\/makedonske-slovnicne-vaje\/#primaryimage"},"image":{"@id":"https:\/\/talkpal.ai\/sl\/makedonske-slovnicne-vaje\/#primaryimage"},"thumbnailUrl":"https:\/\/talkpal.ai\/wp-content\/uploads\/2023\/05\/republic-of-macedonia.png","datePublished":"2023-06-22T08:24:14+00:00","dateModified":"2025-12-17T15:55:19+00:00","description":"Osvojite makedonsko slovnico z interaktivnimi vajami iz makedonske slovnice iz Talkpal, va\u0161ega jezikovnega tutorja, ki ga poganja umetna inteligenca.","breadcrumb":{"@id":"https:\/\/talkpal.ai\/sl\/makedonske-slovnicne-vaje\/#breadcrumb"},"inLanguage":"sl-SI","potentialAction":[{"@type":"ReadAction","target":["https:\/\/talkpal.ai\/sl\/makedonske-slovnicne-vaje\/"]}]},{"@type":"ImageObject","inLanguage":"sl-SI","@id":"https:\/\/talkpal.ai\/sl\/makedonske-slovnicne-vaje\/#primaryimage","url":"https:\/\/talkpal.ai\/wp-content\/uploads\/2023\/05\/republic-of-macedonia.png","contentUrl":"https:\/\/talkpal.ai\/wp-content\/uploads\/2023\/05\/republic-of-macedonia.png","width":512,"height":512},{"@type":"BreadcrumbList","@id":"https:\/\/talkpal.ai\/sl\/makedonske-slovnicne-vaje\/#breadcrumb","itemListElement":[{"@type":"ListItem","position":1,"name":"Homepage","item":"https:\/\/talkpal.ai\/sl\/"},{"@type":"ListItem","position":2,"name":"Makedonske slovni\u010dne vaje"}]},{"@type":"WebSite","@id":"https:\/\/talkpal.ai\/sl\/#website","url":"https:\/\/talkpal.ai\/sl\/","name":"Talkpal","description":"AI Language Learning","publisher":{"@id":"https:\/\/talkpal.ai\/sl\/#organization"},"alternateName":"Talkpal AI","potentialAction":[{"@type":"SearchAction","target":{"@type":"EntryPoint","urlTemplate":"https:\/\/talkpal.ai\/sl\/?s={search_term_string}"},"query-input":{"@type":"PropertyValueSpecification","valueRequired":true,"valueName":"search_term_string"}}],"inLanguage":"sl-SI"},{"@type":"Organization","@id":"https:\/\/talkpal.ai\/sl\/#organization","name":"Talkpal, Inc.","alternateName":"Talkpal AI","url":"https:\/\/talkpal.ai\/sl\/","logo":{"@type":"ImageObject","inLanguage":"sl-SI","@id":"https:\/\/talkpal.ai\/sl\/#\/schema\/logo\/image\/","url":"https:\/\/talkpal.ai\/wp-content\/uploads\/2024\/03\/Talkpal-Logo-Icon.png","contentUrl":"https:\/\/talkpal.ai\/wp-content\/uploads\/2024\/03\/Talkpal-Logo-Icon.png","width":2880,"height":2880,"caption":"Talkpal, Inc."},"image":{"@id":"https:\/\/talkpal.ai\/sl\/#\/schema\/logo\/image\/"},"sameAs":["https:\/\/www.facebook.com\/profile.php?id=100090733639311","https:\/\/x.com\/talkpalai","https:\/\/www.linkedin.com\/company\/talkpal\/","https:\/\/www.youtube.com\/@TalkPal\/","https:\/\/www.tiktok.com\/@talkpal","https:\/\/www.instagram.com\/talkpal_ai\/","https:\/\/www.crunchbase.com\/organization\/talkpal-9cde","https:\/\/www.g2.com\/products\/talkpal-for-business\/","https:\/\/www.trustpilot.com\/review\/talkpal.ai","https:\/\/www.capterra.com\/p\/10006800\/TalkPal\/"],"description":"Talkpal is a language learning web and mobile education app, powered by the latest AI technologies, that provides engaging experiences to its customers in many different languages to help them improve their language skills. Users can chat about unlimited amount of topics with the app and use other modes to practice their language learning.","email":"support@talkpal.ai","legalName":"Talkpal, Inc.","foundingDate":"2023-04-03","duns":"118989042","numberOfEmployees":{"@type":"QuantitativeValue","minValue":"11","maxValue":"50"},"publishingPrinciples":"https:\/\/talkpal.ai\/publishing-principles\/","actionableFeedbackPolicy":"https:\/\/talkpal.ai\/actionable-feedback-policy\/","correctionsPolicy":"https:\/\/talkpal.ai\/corrections-policy\/","ethicsPolicy":"https:\/\/talkpal.ai\/ethics-policy\/","diversityPolicy":"https:\/\/talkpal.ai\/diversity-policy\/","diversityStaffingReport":"https:\/\/talkpal.ai\/diversity-policy\/"}]}},"_links":{"self":[{"href":"https:\/\/talkpal.ai\/sl\/wp-json\/wp\/v2\/pages\/159822","targetHints":{"allow":["GET"]}}],"collection":[{"href":"https:\/\/talkpal.ai\/sl\/wp-json\/wp\/v2\/pages"}],"about":[{"href":"https:\/\/talkpal.ai\/sl\/wp-json\/wp\/v2\/types\/page"}],"author":[{"embeddable":true,"href":"https:\/\/talkpal.ai\/sl\/wp-json\/wp\/v2\/users\/6"}],"replies":[{"embeddable":true,"href":"https:\/\/talkpal.ai\/sl\/wp-json\/wp\/v2\/comments?post=159822"}],"version-history":[{"count":0,"href":"https:\/\/talkpal.ai\/sl\/wp-json\/wp\/v2\/pages\/159822\/revisions"}],"wp:featuredmedia":[{"embeddable":true,"href":"https:\/\/talkpal.ai\/sl\/wp-json\/wp\/v2\/media\/115340"}],"wp:attachment":[{"href":"https:\/\/talkpal.ai\/sl\/wp-json\/wp\/v2\/media?parent=159822"}],"curies":[{"name":"wp","href":"https:\/\/api.w.org\/{rel}","templated":true}]}}