{"id":158660,"date":"2023-06-22T08:52:21","date_gmt":"2023-06-22T08:52:21","guid":{"rendered":"http:\/\/talkpal.ai\/nepalske-slovnicne-vaje\/"},"modified":"2025-12-17T14:35:30","modified_gmt":"2025-12-17T14:35:30","slug":"nepalske-slovnicne-vaje","status":"publish","type":"page","link":"https:\/\/talkpal.ai\/sl\/nepalske-slovnicne-vaje\/","title":{"rendered":"Nepalske slovni\u010dne vaje"},"content":{"rendered":"\r\n\r\n\r\n<section class=\"languageChallengeSection\">\r\n    <div class=\"languageInfoWrapper\">\r\n        \r\n        <h1>Nepalske slovni\u010dne vaje<\/h1>\r\n        <p>\u017delite bolj samozavestno govoriti nepalsko? Slovni\u010dne vaje so odli\u010den na\u010din za razumevanje zgradbe stavka, glagolskih oblik in edinstvenih vzorcev jezika. Za\u010dnite delati na nepalski slovnici \u0161e danes in opazujte, kako z vsako vajo raste va\u0161e znanje in teko\u010dnost!<\/p>\r\n\r\n                            <a class=\"getStartedHidden\" href=\"https:\/\/app.talkpal.ai\/sl\/signup?lng=\">Za\u010dni<\/a>\r\n        \r\n    <\/div>\r\n\r\n    <figure>\r\n    <img decoding=\"async\" width=\"768\" height=\"768\" src=\"https:\/\/talkpal.ai\/wp-content\/uploads\/2023\/06\/nepali-768x768.png\" class=\"languageImage no-lazy\" alt=\"Practical language learning for real-life application\" fetchpriority=\"high\" sizes=\"(max-width: 768px) 150px, 768px\" srcset=\"https:\/\/talkpal.ai\/wp-content\/uploads\/2023\/06\/nepali-768x768.png 768w, https:\/\/talkpal.ai\/wp-content\/uploads\/2023\/06\/nepali-300x300.png 300w\" \/>\r\n    \r\n\r\n    <\/figure>\r\n\r\n            <a class=\"getStartedVisible\" href=\"https:\/\/app.talkpal.ai\/sl\/signup?lng=\">Za\u010dni<\/a>\r\n    \r\n<\/section>\r\n\r\n\r\n<!-- <section class=\"grammarSection\">\r\n    <div class=\"grammarLinks\">\r\n            <\/div>\r\n<\/section> -->\r\n\r\n\r\n\r\n\r\n<section class=\"promotionalBanner\">\r\n    <p class=\"promotionalText\">Naju\u010dinkovitej\u0161i na\u010din u\u010denja jezika<\/p>\r\n    <a class=\"promotionalLink\" href=\"https:\/\/app.talkpal.ai\/sl\/signup?lng=\">Preizkusite Talkpal brezpla\u010dno<\/a>\r\n<\/section>\n<div class=\"wp-block-group pageContainerStyle\"><div class=\"wp-block-group__inner-container is-layout-constrained wp-block-group-is-layout-constrained\">\n<h2 class=\"wp-block-heading\" id=\"h-nepali-grammar-topics\">Nepal\u0161\u010dina Slovni\u010dne teme<\/h2>\n\n\n\n<p>U\u010denje nepalskega jezika je lahko fascinantna in koristna izku\u0161nja za vse, ki se zanimajo za potapljanje v bogato kulturo in zgodovino Nepala. Kot pri vsakem jeziku je obvladovanje nepalske slovnice klju\u010dnega pomena za u\u010dinkovito komunikacijo. Ta \u010dlanek vas bo vodil skozi nepalske slovni\u010dne teme, zdru\u017eene v zaporedje, ki vam bo olaj\u0161alo <a href=\"https:\/\/talkpal.ai\/sl\/ucenje-jezikov-z-umetno-inteligenco-se-nikoli-ni-bilo-tako-enostavno\/\">u\u010denje jezikov<\/a>. Od \u010dasov do stav\u010dnih struktur vam bo ta vodnik ponudil pregled pomembnih slovni\u010dnih konceptov, ki bodo postavili trdne temelje za va\u0161e znanje nepalskega jezika.<\/p>\n\n\n\n<h3 class=\"wp-block-heading\" id=\"h-1-tenses\">1. \u010casi:<\/h3>\n\n\n\n<p>Razumevanje \u010dasov je bistvenega pomena pri u\u010denju katerega koli jezika, saj pomagajo prenesti \u010das dejanja ali dogodka. V Nepalu obstajajo trije glavni \u010dasi: preteklost, sedanjost in prihodnost. Vsak \u010das ima svoj nabor pravil glagolske konjugacije, s katerimi se morate seznaniti, da natan\u010dno opi\u0161ete dejanja v razli\u010dnih \u010dasovnih okvirih.<\/p>\n\n\n\n<h3 class=\"wp-block-heading\" id=\"h-2-tense-comparison\">2. Napeta primerjava:<\/h3>\n\n\n\n<p>Primerjava \u010dasov v nepal\u0161\u010dini je klju\u010dni vidik obvladovanja jezika. To vklju\u010duje razumevanje, kako se razli\u010dni \u010dasi med seboj povezujejo in kako jih uporabljati skupaj za jasno komunikacijo. Tako se boste izognili zmedi pri razpravljanju o dogodkih, ki se dogajajo v preteklosti, sedanjosti ali prihodnosti.<\/p>\n\n\n\n<h3 class=\"wp-block-heading\" id=\"h-3-progressive\">3. Progresivno:<\/h3>\n\n\n\n<p>Progresivni vidik nepalske slovnice ka\u017ee na teko\u010da dejanja. U\u010denje progresivne oblike glagolov je pomembno za izra\u017eanje dejanj, ki se trenutno dogajajo ali so se dogajala v dolo\u010denem trenutku. To vam bo pomagalo ustvariti bolj dinami\u010dne in privla\u010dne pogovore v Nepalu.<\/p>\n\n\n\n<h3 class=\"wp-block-heading\" id=\"h-4-perfect-progressive\">4. Popolna progresivna:<\/h3>\n\n\n\n<p>Ta \u010das zdru\u017euje koncepte popolnih in progresivnih \u010dasov. Popoln progresivni \u010das se uporablja za opis dejanja, ki se je za\u010delo v preteklosti in nadaljevalo do druge to\u010dke v preteklosti. Obvladovanje tega \u010dasa vam bo omogo\u010dilo, da zagotovite podrobne informacije o preteklih dejanjih in njihovem trajanju.<\/p>\n\n\n\n<h3 class=\"wp-block-heading\" id=\"h-5-verbs\">5. Glagoli:<\/h3>\n\n\n\n<p>Glagoli so hrbtenica katerega koli jezika in <a href=\"https:\/\/talkpal.ai\/learn-nepali\/\">nepal\u0161\u010dina<\/a> ni izjema. Za u\u010dinkovito govorjenje in razumevanje nepal\u0161\u010dine je bistveno, da se nau\u010dimo razli\u010dnih oblik glagolov, njihovih spregatev in kako delujejo v stavkih.<\/p>\n\n\n\n<h3 class=\"wp-block-heading\" id=\"h-6-nouns\">6. Samostalniki:<\/h3>\n\n\n\n<p>Mo\u010dno razumevanje nepalskih samostalnikov je potrebno za izgradnjo trdnega besedi\u0161\u010da. Spoznavanje skupnih in pravilnih samostalnikov ter \u0161tetih in ne\u0161tetih samostalnikov vam bo pomagalo pravilno prepoznati in uporabiti te bistvene dele govora v pogovorih.<\/p>\n\n\n\n<h3 class=\"wp-block-heading\" id=\"h-7-articles\">7. \u010clanki:<\/h3>\n\n\n\n<p>V Nepalu \u010dlanki niso tako vidni kot v angle\u0161\u010dini, vendar je \u0161e vedno nujno, da se nau\u010dite njihove uporabe. Obvladovanje uporabe \u010dlankov vam bo pomagalo natan\u010dno prepoznati in opisati predmete, ljudi in koncepte v va\u0161ih pogovorih.<\/p>\n\n\n\n<h3 class=\"wp-block-heading\" id=\"h-8-pronouns-determiners\">8. Zaimki\/determinatorji:<\/h3>\n\n\n\n<p>Seznanitev z nepalskimi zaimki in determinatorji je klju\u010dnega pomena za jasno in jedrnato komunikacijo. Ti deli govora pomagajo nadomestiti ali dolo\u010diti samostalnike v stavkih, zaradi \u010desar so va\u0161i pogovori u\u010dinkovitej\u0161i in naravni.<\/p>\n\n\n\n<h3 class=\"wp-block-heading\" id=\"h-9-adjectives\">9. Pridevniki:<\/h3>\n\n\n\n<p>Pridevniki so bistveni za dodajanje globine in podrobnosti nepalskim pogovorom. \u010ce se nau\u010dite pravilno uporabljati pridevnike, boste lahko natan\u010dno opisali ljudi, kraje in stvari, zaradi \u010desar bo va\u0161 govor bolj privla\u010den in informativen.<\/p>\n\n\n\n<h3 class=\"wp-block-heading\" id=\"h-10-adverbs\">10. Prislovi<\/h3>\n\n\n\n<p>V Nepalu imajo prislovi klju\u010dno vlogo pri spreminjanju glagolov, pridevnikov ali drugih prislovov. \u010ce boste razumeli, kako uporabljati prislove, boste lahko v pogovorih navedli dodatne informacije o dejanjih, stanjih ali lastnostih.<\/p>\n\n\n\n<h3 class=\"wp-block-heading\" id=\"h-11-conditionals\">11. Pogoji:<\/h3>\n\n\n\n<p>Obvladovanje nepalskih pogojev vam bo omogo\u010dilo, da izrazite hipoteti\u010dne situacije in njihove posledice. To je pomembno za ustvarjanje zapletenih, niansiranih razprav v jeziku.<\/p>\n\n\n\n<h3 class=\"wp-block-heading\" id=\"h-12-prepositions\">12. Predlo\u017eki:<\/h3>\n\n\n\n<p>Predlogi so bistveni za ozna\u010devanje odnosov med besedami v stavku. U\u010denje pravilne uporabe predlogov vam bo pomagalo ustvariti jasne in skladne stavke v Nepalu.<\/p>\n\n\n\n<h3 class=\"wp-block-heading\" id=\"h-13-sentences\">13. Stavki:<\/h3>\n\n\n\n<p>Nazadnje, razumevanje strukture in vrst nepalskih stavkov je klju\u010dnega pomena za u\u010dinkovito komunikacijo. Seznanite se s preprostimi, sestavljenimi in zapletenimi stavki ter se nau\u010dite, kako jih pravilno sestaviti, da prenesete svoje misli in ideje v jeziku.<\/p>\n<\/div><\/div>\n\r\n<section class=\"learnNavigationSection\">\r\n            \r\n        <a href=\"https:\/\/talkpal.ai\/sl\/naucite-se-nepalscine\/\">\r\n            <div class=\"learnNavigationWrapper\">\r\n                <div class=\"learnNavigationContent\">\r\n                    <img decoding=\"async\" src=\"https:\/\/talkpal.ai\/wp-content\/uploads\/2024\/08\/Nepali.jpg\" alt=\"Nepali Flag\">\r\n                    <div>\r\n                        <h4>O u\u010denju nepal\u0161\u010dine<\/h4>\r\n                        <p>Izvedite vse o nepalski slovnici.<\/p>\r\n                    <\/div>\r\n                <\/div>\r\n            <\/div>\r\n        <\/a>\r\n\r\n        \r\n        <a href=\"https:\/\/talkpal.ai\/sl\/nepalska-slovnica\/\">\r\n            <div class=\"learnNavigationWrapper\">\r\n                <div class=\"learnNavigationContent\">\r\n                    <img decoding=\"async\" src=\"https:\/\/talkpal.ai\/wp-content\/uploads\/2024\/08\/Nepali.jpg\" alt=\"Nepali Flag\">\r\n                    <div>\r\n                        <h4>Lekcije nepalske slovnice<\/h4>\r\n                        <p>Vadite nepalsko slovnico.<\/p>\r\n                    <\/div>\r\n                <\/div>\r\n            <\/div>\r\n        <\/a>\r\n\r\n        \r\n        <a href=\"https:\/\/talkpal.ai\/vocabulary_language\/nepali\/\">\r\n            <div class=\"learnNavigationWrapper\">\r\n                <div class=\"learnNavigationContent\">\r\n                    <img decoding=\"async\" src=\"https:\/\/talkpal.ai\/wp-content\/uploads\/2024\/08\/Nepali.jpg\" alt=\"Nepali Flag\">\r\n                    <div>\r\n                        <h4>Nepalski besednjak<\/h4>\r\n                        <p>Raz\u0161irite svoj nepalski besedni zaklad.<\/p>\r\n                    <\/div>\r\n                <\/div>\r\n            <\/div>\r\n        <\/a>\r\n\r\n            <\/section>","protected":false},"excerpt":{"rendered":"<p>Nepal\u0161\u010dina Slovni\u010dne teme U\u010denje nepalskega jezika je lahko fascinantna in koristna izku\u0161nja za vse, ki se zanimajo za potapljanje v bogato kulturo in zgodovino Nepala. Kot pri vsakem jeziku je obvladovanje nepalske slovnice klju\u010dnega pomena za u\u010dinkovito komunikacijo. Ta \u010dlanek vas bo vodil skozi nepalske slovni\u010dne teme, zdru\u017eene v zaporedje, ki vam bo olaj\u0161alo u\u010denje [&hellip;]<\/p>\n","protected":false},"author":6,"featured_media":116121,"parent":0,"menu_order":0,"comment_status":"closed","ping_status":"closed","template":"LearningContentPage.php","meta":{"_acf_changed":false,"footnotes":""},"class_list":["post-158660","page","type-page","status-publish","has-post-thumbnail","hentry"],"acf":[],"yoast_head":"<!-- This site is optimized with the Yoast SEO Premium plugin v27.2 (Yoast SEO v27.2) - https:\/\/yoast.com\/product\/yoast-seo-premium-wordpress\/ -->\n<title>Nepalske slovni\u010dne vaje - Talkpal<\/title>\n<meta name=\"description\" content=\"Mojstrske vaje iz nepal\u0161\u010dine za u\u010dinkovito komunikacijo. Raziskovanje \u010dasov in stav\u010dnih struktur za teko\u010do rabo jezika.\" \/>\n<meta name=\"robots\" content=\"index, follow, max-snippet:-1, max-image-preview:large, max-video-preview:-1\" \/>\n<link rel=\"canonical\" href=\"https:\/\/talkpal.ai\/sl\/nepalske-slovnicne-vaje\/\" \/>\n<meta property=\"og:locale\" content=\"sl_SI\" \/>\n<meta property=\"og:type\" content=\"article\" \/>\n<meta property=\"og:title\" content=\"Nepalske slovni\u010dne vaje\" \/>\n<meta property=\"og:description\" content=\"Nepal\u0161\u010dina Slovni\u010dne teme U\u010denje nepalskega jezika je lahko fascinantna in koristna izku\u0161nja za vse, ki se zanimajo za potapljanje v bogato kulturo in\" \/>\n<meta property=\"og:url\" content=\"https:\/\/talkpal.ai\/sl\/nepalske-slovnicne-vaje\/\" \/>\n<meta property=\"og:site_name\" content=\"Talkpal\" \/>\n<meta property=\"article:publisher\" content=\"https:\/\/www.facebook.com\/profile.php?id=100090733639311\" \/>\n<meta property=\"article:modified_time\" content=\"2025-12-17T14:35:30+00:00\" \/>\n<meta property=\"og:image\" content=\"https:\/\/talkpal.ai\/wp-content\/uploads\/2023\/05\/nepal.png\" \/>\n\t<meta property=\"og:image:width\" content=\"512\" \/>\n\t<meta property=\"og:image:height\" content=\"512\" \/>\n\t<meta property=\"og:image:type\" content=\"image\/png\" \/>\n<meta name=\"twitter:card\" content=\"summary_large_image\" \/>\n<meta name=\"twitter:site\" content=\"@talkpalai\" \/>\n<meta name=\"twitter:label1\" content=\"Est. reading time\" \/>\n\t<meta name=\"twitter:data1\" content=\"3 minute\" \/>\n<script type=\"application\/ld+json\" class=\"yoast-schema-graph\">{\"@context\":\"https:\/\/schema.org\",\"@graph\":[{\"@type\":\"WebPage\",\"@id\":\"https:\/\/talkpal.ai\/sl\/nepalske-slovnicne-vaje\/\",\"url\":\"https:\/\/talkpal.ai\/sl\/nepalske-slovnicne-vaje\/\",\"name\":\"Nepalske slovni\u010dne vaje - Talkpal\",\"isPartOf\":{\"@id\":\"https:\/\/talkpal.ai\/sl\/#website\"},\"primaryImageOfPage\":{\"@id\":\"https:\/\/talkpal.ai\/sl\/nepalske-slovnicne-vaje\/#primaryimage\"},\"image\":{\"@id\":\"https:\/\/talkpal.ai\/sl\/nepalske-slovnicne-vaje\/#primaryimage\"},\"thumbnailUrl\":\"https:\/\/talkpal.ai\/wp-content\/uploads\/2023\/05\/nepal.png\",\"datePublished\":\"2023-06-22T08:52:21+00:00\",\"dateModified\":\"2025-12-17T14:35:30+00:00\",\"description\":\"Mojstrske vaje iz nepal\u0161\u010dine za u\u010dinkovito komunikacijo. Raziskovanje \u010dasov in stav\u010dnih struktur za teko\u010do rabo jezika.\",\"breadcrumb\":{\"@id\":\"https:\/\/talkpal.ai\/sl\/nepalske-slovnicne-vaje\/#breadcrumb\"},\"inLanguage\":\"sl-SI\",\"potentialAction\":[{\"@type\":\"ReadAction\",\"target\":[\"https:\/\/talkpal.ai\/sl\/nepalske-slovnicne-vaje\/\"]}]},{\"@type\":\"ImageObject\",\"inLanguage\":\"sl-SI\",\"@id\":\"https:\/\/talkpal.ai\/sl\/nepalske-slovnicne-vaje\/#primaryimage\",\"url\":\"https:\/\/talkpal.ai\/wp-content\/uploads\/2023\/05\/nepal.png\",\"contentUrl\":\"https:\/\/talkpal.ai\/wp-content\/uploads\/2023\/05\/nepal.png\",\"width\":512,\"height\":512},{\"@type\":\"BreadcrumbList\",\"@id\":\"https:\/\/talkpal.ai\/sl\/nepalske-slovnicne-vaje\/#breadcrumb\",\"itemListElement\":[{\"@type\":\"ListItem\",\"position\":1,\"name\":\"Homepage\",\"item\":\"https:\/\/talkpal.ai\/sl\/\"},{\"@type\":\"ListItem\",\"position\":2,\"name\":\"Nepalske slovni\u010dne vaje\"}]},{\"@type\":\"WebSite\",\"@id\":\"https:\/\/talkpal.ai\/sl\/#website\",\"url\":\"https:\/\/talkpal.ai\/sl\/\",\"name\":\"Talkpal\",\"description\":\"AI Language Learning\",\"publisher\":{\"@id\":\"https:\/\/talkpal.ai\/sl\/#organization\"},\"alternateName\":\"Talkpal AI\",\"potentialAction\":[{\"@type\":\"SearchAction\",\"target\":{\"@type\":\"EntryPoint\",\"urlTemplate\":\"https:\/\/talkpal.ai\/sl\/?s={search_term_string}\"},\"query-input\":{\"@type\":\"PropertyValueSpecification\",\"valueRequired\":true,\"valueName\":\"search_term_string\"}}],\"inLanguage\":\"sl-SI\"},{\"@type\":\"Organization\",\"@id\":\"https:\/\/talkpal.ai\/sl\/#organization\",\"name\":\"Talkpal, Inc.\",\"alternateName\":\"Talkpal AI\",\"url\":\"https:\/\/talkpal.ai\/sl\/\",\"logo\":{\"@type\":\"ImageObject\",\"inLanguage\":\"sl-SI\",\"@id\":\"https:\/\/talkpal.ai\/sl\/#\/schema\/logo\/image\/\",\"url\":\"https:\/\/talkpal.ai\/wp-content\/uploads\/2024\/03\/Talkpal-Logo-Icon.png\",\"contentUrl\":\"https:\/\/talkpal.ai\/wp-content\/uploads\/2024\/03\/Talkpal-Logo-Icon.png\",\"width\":2880,\"height\":2880,\"caption\":\"Talkpal, Inc.\"},\"image\":{\"@id\":\"https:\/\/talkpal.ai\/sl\/#\/schema\/logo\/image\/\"},\"sameAs\":[\"https:\/\/www.facebook.com\/profile.php?id=100090733639311\",\"https:\/\/x.com\/talkpalai\",\"https:\/\/www.linkedin.com\/company\/talkpal\/\",\"https:\/\/www.youtube.com\/@TalkPal\/\",\"https:\/\/www.tiktok.com\/@talkpal\",\"https:\/\/www.instagram.com\/talkpal_ai\/\",\"https:\/\/www.crunchbase.com\/organization\/talkpal-9cde\",\"https:\/\/www.g2.com\/products\/talkpal-for-business\/\",\"https:\/\/www.trustpilot.com\/review\/talkpal.ai\",\"https:\/\/www.capterra.com\/p\/10006800\/TalkPal\/\"],\"description\":\"Talkpal is a language learning web and mobile education app, powered by the latest AI technologies, that provides engaging experiences to its customers in many different languages to help them improve their language skills. Users can chat about unlimited amount of topics with the app and use other modes to practice their language learning.\",\"email\":\"support@talkpal.ai\",\"legalName\":\"Talkpal, Inc.\",\"foundingDate\":\"2023-04-03\",\"duns\":\"118989042\",\"numberOfEmployees\":{\"@type\":\"QuantitativeValue\",\"minValue\":\"11\",\"maxValue\":\"50\"},\"publishingPrinciples\":\"https:\/\/talkpal.ai\/publishing-principles\/\",\"actionableFeedbackPolicy\":\"https:\/\/talkpal.ai\/actionable-feedback-policy\/\",\"correctionsPolicy\":\"https:\/\/talkpal.ai\/corrections-policy\/\",\"ethicsPolicy\":\"https:\/\/talkpal.ai\/ethics-policy\/\",\"diversityPolicy\":\"https:\/\/talkpal.ai\/diversity-policy\/\",\"diversityStaffingReport\":\"https:\/\/talkpal.ai\/diversity-policy\/\"}]}<\/script>\n<!-- \/ Yoast SEO Premium plugin. -->","yoast_head_json":{"title":"Nepalske slovni\u010dne vaje - Talkpal","description":"Mojstrske vaje iz nepal\u0161\u010dine za u\u010dinkovito komunikacijo. Raziskovanje \u010dasov in stav\u010dnih struktur za teko\u010do rabo jezika.","robots":{"index":"index","follow":"follow","max-snippet":"max-snippet:-1","max-image-preview":"max-image-preview:large","max-video-preview":"max-video-preview:-1"},"canonical":"https:\/\/talkpal.ai\/sl\/nepalske-slovnicne-vaje\/","og_locale":"sl_SI","og_type":"article","og_title":"Nepalske slovni\u010dne vaje","og_description":"Nepal\u0161\u010dina Slovni\u010dne teme U\u010denje nepalskega jezika je lahko fascinantna in koristna izku\u0161nja za vse, ki se zanimajo za potapljanje v bogato kulturo in","og_url":"https:\/\/talkpal.ai\/sl\/nepalske-slovnicne-vaje\/","og_site_name":"Talkpal","article_publisher":"https:\/\/www.facebook.com\/profile.php?id=100090733639311","article_modified_time":"2025-12-17T14:35:30+00:00","og_image":[{"width":512,"height":512,"url":"https:\/\/talkpal.ai\/wp-content\/uploads\/2023\/05\/nepal.png","type":"image\/png"}],"twitter_card":"summary_large_image","twitter_site":"@talkpalai","twitter_misc":{"Est. reading time":"3 minute"},"schema":{"@context":"https:\/\/schema.org","@graph":[{"@type":"WebPage","@id":"https:\/\/talkpal.ai\/sl\/nepalske-slovnicne-vaje\/","url":"https:\/\/talkpal.ai\/sl\/nepalske-slovnicne-vaje\/","name":"Nepalske slovni\u010dne vaje - Talkpal","isPartOf":{"@id":"https:\/\/talkpal.ai\/sl\/#website"},"primaryImageOfPage":{"@id":"https:\/\/talkpal.ai\/sl\/nepalske-slovnicne-vaje\/#primaryimage"},"image":{"@id":"https:\/\/talkpal.ai\/sl\/nepalske-slovnicne-vaje\/#primaryimage"},"thumbnailUrl":"https:\/\/talkpal.ai\/wp-content\/uploads\/2023\/05\/nepal.png","datePublished":"2023-06-22T08:52:21+00:00","dateModified":"2025-12-17T14:35:30+00:00","description":"Mojstrske vaje iz nepal\u0161\u010dine za u\u010dinkovito komunikacijo. Raziskovanje \u010dasov in stav\u010dnih struktur za teko\u010do rabo jezika.","breadcrumb":{"@id":"https:\/\/talkpal.ai\/sl\/nepalske-slovnicne-vaje\/#breadcrumb"},"inLanguage":"sl-SI","potentialAction":[{"@type":"ReadAction","target":["https:\/\/talkpal.ai\/sl\/nepalske-slovnicne-vaje\/"]}]},{"@type":"ImageObject","inLanguage":"sl-SI","@id":"https:\/\/talkpal.ai\/sl\/nepalske-slovnicne-vaje\/#primaryimage","url":"https:\/\/talkpal.ai\/wp-content\/uploads\/2023\/05\/nepal.png","contentUrl":"https:\/\/talkpal.ai\/wp-content\/uploads\/2023\/05\/nepal.png","width":512,"height":512},{"@type":"BreadcrumbList","@id":"https:\/\/talkpal.ai\/sl\/nepalske-slovnicne-vaje\/#breadcrumb","itemListElement":[{"@type":"ListItem","position":1,"name":"Homepage","item":"https:\/\/talkpal.ai\/sl\/"},{"@type":"ListItem","position":2,"name":"Nepalske slovni\u010dne vaje"}]},{"@type":"WebSite","@id":"https:\/\/talkpal.ai\/sl\/#website","url":"https:\/\/talkpal.ai\/sl\/","name":"Talkpal","description":"AI Language Learning","publisher":{"@id":"https:\/\/talkpal.ai\/sl\/#organization"},"alternateName":"Talkpal AI","potentialAction":[{"@type":"SearchAction","target":{"@type":"EntryPoint","urlTemplate":"https:\/\/talkpal.ai\/sl\/?s={search_term_string}"},"query-input":{"@type":"PropertyValueSpecification","valueRequired":true,"valueName":"search_term_string"}}],"inLanguage":"sl-SI"},{"@type":"Organization","@id":"https:\/\/talkpal.ai\/sl\/#organization","name":"Talkpal, Inc.","alternateName":"Talkpal AI","url":"https:\/\/talkpal.ai\/sl\/","logo":{"@type":"ImageObject","inLanguage":"sl-SI","@id":"https:\/\/talkpal.ai\/sl\/#\/schema\/logo\/image\/","url":"https:\/\/talkpal.ai\/wp-content\/uploads\/2024\/03\/Talkpal-Logo-Icon.png","contentUrl":"https:\/\/talkpal.ai\/wp-content\/uploads\/2024\/03\/Talkpal-Logo-Icon.png","width":2880,"height":2880,"caption":"Talkpal, Inc."},"image":{"@id":"https:\/\/talkpal.ai\/sl\/#\/schema\/logo\/image\/"},"sameAs":["https:\/\/www.facebook.com\/profile.php?id=100090733639311","https:\/\/x.com\/talkpalai","https:\/\/www.linkedin.com\/company\/talkpal\/","https:\/\/www.youtube.com\/@TalkPal\/","https:\/\/www.tiktok.com\/@talkpal","https:\/\/www.instagram.com\/talkpal_ai\/","https:\/\/www.crunchbase.com\/organization\/talkpal-9cde","https:\/\/www.g2.com\/products\/talkpal-for-business\/","https:\/\/www.trustpilot.com\/review\/talkpal.ai","https:\/\/www.capterra.com\/p\/10006800\/TalkPal\/"],"description":"Talkpal is a language learning web and mobile education app, powered by the latest AI technologies, that provides engaging experiences to its customers in many different languages to help them improve their language skills. Users can chat about unlimited amount of topics with the app and use other modes to practice their language learning.","email":"support@talkpal.ai","legalName":"Talkpal, Inc.","foundingDate":"2023-04-03","duns":"118989042","numberOfEmployees":{"@type":"QuantitativeValue","minValue":"11","maxValue":"50"},"publishingPrinciples":"https:\/\/talkpal.ai\/publishing-principles\/","actionableFeedbackPolicy":"https:\/\/talkpal.ai\/actionable-feedback-policy\/","correctionsPolicy":"https:\/\/talkpal.ai\/corrections-policy\/","ethicsPolicy":"https:\/\/talkpal.ai\/ethics-policy\/","diversityPolicy":"https:\/\/talkpal.ai\/diversity-policy\/","diversityStaffingReport":"https:\/\/talkpal.ai\/diversity-policy\/"}]}},"_links":{"self":[{"href":"https:\/\/talkpal.ai\/sl\/wp-json\/wp\/v2\/pages\/158660","targetHints":{"allow":["GET"]}}],"collection":[{"href":"https:\/\/talkpal.ai\/sl\/wp-json\/wp\/v2\/pages"}],"about":[{"href":"https:\/\/talkpal.ai\/sl\/wp-json\/wp\/v2\/types\/page"}],"author":[{"embeddable":true,"href":"https:\/\/talkpal.ai\/sl\/wp-json\/wp\/v2\/users\/6"}],"replies":[{"embeddable":true,"href":"https:\/\/talkpal.ai\/sl\/wp-json\/wp\/v2\/comments?post=158660"}],"version-history":[{"count":0,"href":"https:\/\/talkpal.ai\/sl\/wp-json\/wp\/v2\/pages\/158660\/revisions"}],"wp:featuredmedia":[{"embeddable":true,"href":"https:\/\/talkpal.ai\/sl\/wp-json\/wp\/v2\/media\/116121"}],"wp:attachment":[{"href":"https:\/\/talkpal.ai\/sl\/wp-json\/wp\/v2\/media?parent=158660"}],"curies":[{"name":"wp","href":"https:\/\/api.w.org\/{rel}","templated":true}]}}