{"id":158373,"date":"2023-06-27T08:41:59","date_gmt":"2023-06-27T08:41:59","guid":{"rendered":"http:\/\/talkpal.ai\/norveske-slovnicne-vaje\/"},"modified":"2025-12-17T14:37:51","modified_gmt":"2025-12-17T14:37:51","slug":"norveske-slovnicne-vaje","status":"publish","type":"page","link":"https:\/\/talkpal.ai\/sl\/norveske-slovnicne-vaje\/","title":{"rendered":"Norve\u0161ke slovni\u010dne vaje"},"content":{"rendered":"\r\n\r\n\r\n<section class=\"languageChallengeSection\">\r\n    <div class=\"languageInfoWrapper\">\r\n        \r\n        <h1>Norve\u0161ke slovni\u010dne vaje<\/h1>\r\n        <p>\u017delite bolj samozavestno govoriti norve\u0161ko? Vaje iz slovnice so odli\u010den na\u010din za obvladovanje stav\u010dne strukture, glagolskih oblik in edinstvenih vzorcev norve\u0161kega jezika. \u0160e danes se lotite dela na norve\u0161ki slovnici in opazujte, kako z vsako vajo pove\u010dujete svoje znanje in teko\u010dnost!\n\n<\/p>\r\n\r\n                            <a class=\"getStartedHidden\" href=\"https:\/\/app.talkpal.ai\/sl\/signup?lng=\">Za\u010dni<\/a>\r\n        \r\n    <\/div>\r\n\r\n    <figure>\r\n    <img decoding=\"async\" width=\"768\" height=\"768\" src=\"https:\/\/talkpal.ai\/wp-content\/uploads\/2023\/06\/norwegian-768x768.png\" class=\"languageImage no-lazy\" alt=\"Language learning for extensive vocabulary\" fetchpriority=\"high\" sizes=\"(max-width: 768px) 150px, 768px\" srcset=\"https:\/\/talkpal.ai\/wp-content\/uploads\/2023\/06\/norwegian-768x768.png 768w, https:\/\/talkpal.ai\/wp-content\/uploads\/2023\/06\/norwegian-300x300.png 300w\" \/>\r\n    \r\n\r\n    <\/figure>\r\n\r\n            <a class=\"getStartedVisible\" href=\"https:\/\/app.talkpal.ai\/sl\/signup?lng=\">Za\u010dni<\/a>\r\n    \r\n<\/section>\r\n\r\n\r\n<!-- <section class=\"grammarSection\">\r\n    <div class=\"grammarLinks\">\r\n            <\/div>\r\n<\/section> -->\r\n\r\n\r\n\r\n\r\n<section class=\"promotionalBanner\">\r\n    <p class=\"promotionalText\">Naju\u010dinkovitej\u0161i na\u010din u\u010denja jezika<\/p>\r\n    <a class=\"promotionalLink\" href=\"https:\/\/app.talkpal.ai\/sl\/signup?lng=\">Preizkusite Talkpal brezpla\u010dno<\/a>\r\n<\/section>\n<div class=\"wp-block-group pageContainerStyle\"><div class=\"wp-block-group__inner-container is-layout-constrained wp-block-group-is-layout-constrained\">\n<h2 class=\"wp-block-heading\" id=\"h-norwegian-grammar-topics\">Teme norve\u0161ke slovnice<\/h2>\n\n\n\n<p>U\u010denje norve\u0161\u010dine je lahko vznemirljivo in koristno do\u017eivetje, saj odpira vrata bogati kulturni zgodovini, osupljivi pokrajini in edinstvenemu na\u010dinu \u017eivljenja na Norve\u0161kem. Kot severnogermanski jezik ima <a href=\"https:\/\/talkpal.ai\/learn-norwegian\/\">norve\u0161\u010dina<\/a> veliko podobnosti s sosednjima jezikoma, \u0161ved\u0161\u010dino in dan\u0161\u010dino. Vendar pa se pona\u0161a z lastno slovnico, izgovorjavo in besedi\u0161\u010dem. Za obvladovanje tega \u010dudovitega jezika je treba razumeti norve\u0161ko slovnico in njene razli\u010dne sestavine. V tem priro\u010dniku bomo raziskali klju\u010dne vidike norve\u0161ke slovnice, vklju\u010dno z \u010dasi, glagoli, samostalniki, \u010dlenki, zaimki, pridevniki, prislovi, pogojniki, prislovi in stavki, da bi vam pomagali zgraditi trdne temelje za va\u0161e u\u010denje jezika.<\/p>\n\n\n\n<h3 class=\"wp-block-heading\" id=\"h-1-tenses\">1. \u010casi:<\/h3>\n\n\n\n<p>Kot izhodi\u0161\u010de se osredoto\u010dite na razumevanje norve\u0161kih \u010dasov. <a href=\"https:\/\/talkpal.ai\/learn-norwegian\/\">Norve\u0161\u010dina<\/a> ima tri glavne \u010dase: sedanjost, preteklost in prihodnost, ki so klju\u010dni za izra\u017eanje dejanj in dogodkov v razli\u010dnih \u010dasovnih obdobjih. Seznanite se z na\u010dinom konjugacije glagolov in kako se spreminjajo v razli\u010dnih \u010dasih.<\/p>\n\n\n\n<h3 class=\"wp-block-heading\" id=\"h-2-tense-comparison\">2. Napeta primerjava:<\/h3>\n\n\n\n<p>Ko enkrat spoznate osnovne \u010dase, razi\u0161\u010dite, kako se med seboj primerjajo in kontrastirajo. To vam bo pomagalo razumeti pomenske nianse in izbolj\u0161ati va\u0161e razumevanje in komunikacijske sposobnosti.<\/p>\n\n\n\n<h3 class=\"wp-block-heading\" id=\"h-3-verbs\">3. Glagoli:<\/h3>\n\n\n\n<p>Norve\u0161ki glagoli so klju\u010dnega pomena za konstruiranje stavkov in posredovanje pomena. Spoznajte razli\u010dne vrste glagolov in njihovo interakcijo s predmeti in predmeti v stavku. Poleg tega razumeti koncept modalnih glagolov in kako izra\u017eajo nujnost, mo\u017enost in obveznost.<\/p>\n\n\n\n<h3 class=\"wp-block-heading\" id=\"h-4-nouns\">4. Samostalniki:<\/h3>\n\n\n\n<p>Norve\u0161ki samostalniki so razvr\u0161\u010deni v tri spole: mo\u0161ki, \u017eenski in srednjeve\u0161ki. To vpliva na na\u010din uporabe \u010dlankov, pridevnikov in zaimkov z njimi. Nau\u010dite se pravil za oblikovanje mno\u017eine ter dolo\u010denih in nedolo\u010denih oblik samostalnikov.<\/p>\n\n\n\n<h3 class=\"wp-block-heading\" id=\"h-5-articles\">5. \u010clanki:<\/h3>\n\n\n\n<p>\u010clanki so kratke besede, ki spremljajo samostalnike in ozna\u010dujejo njihov spol in \u0161tevilko. Norve\u0161\u010dina ima dolo\u010dene in nedolo\u010dene \u010dlene, ki so klju\u010dni za pravilno oblikovanje stavkov.<\/p>\n\n\n\n<h3 class=\"wp-block-heading\" id=\"h-6-pronouns-determiners\">6. Zaimki\/dolo\u010devalci:<\/h3>\n\n\n\n<p>Te besede nadome\u0161\u010dajo ali spreminjajo samostalnike in se morajo po spolu in \u0161tevilu ujemati s samostalnikom, na katerega se nana\u0161ajo. Preu\u010dite razli\u010dne vrste zaimkov in determinatorjev, vklju\u010dno z osebnimi, posesivnimi, demonstrativnimi in relativnimi zaimki.<\/p>\n\n\n\n<h3 class=\"wp-block-heading\" id=\"h-7-adjectives\">7. Pridevniki:<\/h3>\n\n\n\n<p>Pridevniki opisujejo ali spreminjajo samostalnike in zaimke. Nau\u010dite se pravilno uporabljati pridevnike tako, da razumete njihova pravila ujemanja s spolom in \u0161tevilom samostalnikov, ki jih spreminjajo.<\/p>\n\n\n\n<h3 class=\"wp-block-heading\" id=\"h-8-adverbs\">8. Prislovi:<\/h3>\n\n\n\n<p>Prislovi spreminjajo glagole, pridevnike ali druge prislove in zagotavljajo dodatne informacije o dejanjih ali lastnostih. Nau\u010dite se razli\u010dnih vrst prislovov in kako jih u\u010dinkovito uporabljati v stavkih.<\/p>\n\n\n\n<h3 class=\"wp-block-heading\" id=\"h-9-conditionals\">9. Pogoji:<\/h3>\n\n\n\n<p>Pogoji se uporabljajo za izra\u017eanje hipoteti\u010dnih situacij in njihovih posledic. Preu\u010dite razli\u010dne vrste pogojev in kako jih oblikovati z uporabo pravilnih oblik glagolov in veznikov.<\/p>\n\n\n\n<h3 class=\"wp-block-heading\" id=\"h-10-prepositions\">10. Predlogi:<\/h3>\n\n\n\n<p>Predlogi so kratke besede, ki ozna\u010dujejo razmerja med samostalniki, zaimki in drugimi besedami v stavku. Obvladovanje uporabe predlogov je klju\u010dnega pomena za razumevanje in oblikovanje natan\u010dnih stavkov v norve\u0161\u010dini.<\/p>\n\n\n\n<h3 class=\"wp-block-heading\" id=\"h-11-sentences\">11. Stavki:<\/h3>\n\n\n\n<p>Na koncu vadite konstruiranje stavkov v norve\u0161\u010dini tako, da zdru\u017eite svoje znanje glagolov, samostalnikov, \u010dlankov, zaimkov, pridevnikov, prislovov, pogojev in predlogov. Eksperimentirajte z razli\u010dnimi stav\u010dnimi strukturami in vadite oblikovanje vpra\u0161anj, izjav in ukazov, da obvladate jezik.<\/p>\n<\/div><\/div>\n\r\n<section class=\"learnNavigationSection\">\r\n            \r\n        <a href=\"https:\/\/talkpal.ai\/sl\/naucite-se-norvescine\/\">\r\n            <div class=\"learnNavigationWrapper\">\r\n                <div class=\"learnNavigationContent\">\r\n                    <img decoding=\"async\" src=\"https:\/\/talkpal.ai\/wp-content\/uploads\/2024\/08\/Norwegian.jpg\" alt=\"Norwegian Flag\">\r\n                    <div>\r\n                        <h4>O norve\u0161kem u\u010denju<\/h4>\r\n                        <p>Izvedite vse o norve\u0161ki slovnici.<\/p>\r\n                    <\/div>\r\n                <\/div>\r\n            <\/div>\r\n        <\/a>\r\n\r\n        \r\n        <a href=\"https:\/\/talkpal.ai\/sl\/norveska-slovnica\/\">\r\n            <div class=\"learnNavigationWrapper\">\r\n                <div class=\"learnNavigationContent\">\r\n                    <img decoding=\"async\" src=\"https:\/\/talkpal.ai\/wp-content\/uploads\/2024\/08\/Norwegian.jpg\" alt=\"Norwegian Flag\">\r\n                    <div>\r\n                        <h4>Lekcije norve\u0161ke slovnice<\/h4>\r\n                        <p>Vadite norve\u0161ko slovnico.<\/p>\r\n                    <\/div>\r\n                <\/div>\r\n            <\/div>\r\n        <\/a>\r\n\r\n        \r\n        <a href=\"https:\/\/talkpal.ai\/vocabulary_language\/norwegian\/\">\r\n            <div class=\"learnNavigationWrapper\">\r\n                <div class=\"learnNavigationContent\">\r\n                    <img decoding=\"async\" src=\"https:\/\/talkpal.ai\/wp-content\/uploads\/2024\/08\/Norwegian.jpg\" alt=\"Norwegian Flag\">\r\n                    <div>\r\n                        <h4>Norve\u0161ki besednjak<\/h4>\r\n                        <p>Raz\u0161irite svoj norve\u0161ki besedni zaklad.<\/p>\r\n                    <\/div>\r\n                <\/div>\r\n            <\/div>\r\n        <\/a>\r\n\r\n            <\/section>","protected":false},"excerpt":{"rendered":"<p>Teme norve\u0161ke slovnice U\u010denje norve\u0161\u010dine je lahko vznemirljivo in koristno do\u017eivetje, saj odpira vrata bogati kulturni zgodovini, osupljivi pokrajini in edinstvenemu na\u010dinu \u017eivljenja na Norve\u0161kem. Kot severnogermanski jezik ima norve\u0161\u010dina veliko podobnosti s sosednjima jezikoma, \u0161ved\u0161\u010dino in dan\u0161\u010dino. Vendar pa se pona\u0161a z lastno slovnico, izgovorjavo in besedi\u0161\u010dem. Za obvladovanje tega \u010dudovitega jezika je treba [&hellip;]<\/p>\n","protected":false},"author":6,"featured_media":116869,"parent":0,"menu_order":0,"comment_status":"closed","ping_status":"closed","template":"LearningContentPage.php","meta":{"_acf_changed":false,"footnotes":""},"class_list":["post-158373","page","type-page","status-publish","has-post-thumbnail","hentry"],"acf":[],"yoast_head":"<!-- This site is optimized with the Yoast SEO Premium plugin v27.2 (Yoast SEO v27.2) - https:\/\/yoast.com\/product\/yoast-seo-premium-wordpress\/ -->\n<title>Norve\u0161ke slovni\u010dne vaje - Talkpal<\/title>\n<meta name=\"description\" content=\"Izbolj\u0161ajte svoje znanje z zanimivimi vajami iz norve\u0161ke slovnice. Odli\u010dno za u\u010dinkovito vadbo u\u010dencev na vseh ravneh.\" \/>\n<meta name=\"robots\" content=\"index, follow, max-snippet:-1, max-image-preview:large, max-video-preview:-1\" \/>\n<link rel=\"canonical\" href=\"https:\/\/talkpal.ai\/sl\/norveske-slovnicne-vaje\/\" \/>\n<meta property=\"og:locale\" content=\"sl_SI\" \/>\n<meta property=\"og:type\" content=\"article\" \/>\n<meta property=\"og:title\" content=\"Norve\u0161ke slovni\u010dne vaje\" \/>\n<meta property=\"og:description\" content=\"Teme norve\u0161ke slovnice U\u010denje norve\u0161\u010dine je lahko vznemirljivo in koristno do\u017eivetje, saj odpira vrata bogati kulturni zgodovini, osupljivi pokrajini in\" \/>\n<meta property=\"og:url\" content=\"https:\/\/talkpal.ai\/sl\/norveske-slovnicne-vaje\/\" \/>\n<meta property=\"og:site_name\" content=\"Talkpal\" \/>\n<meta property=\"article:publisher\" content=\"https:\/\/www.facebook.com\/profile.php?id=100090733639311\" \/>\n<meta property=\"article:modified_time\" content=\"2025-12-17T14:37:51+00:00\" \/>\n<meta property=\"og:image\" content=\"https:\/\/talkpal.ai\/wp-content\/uploads\/2023\/05\/norway.png\" \/>\n\t<meta property=\"og:image:width\" content=\"512\" \/>\n\t<meta property=\"og:image:height\" content=\"512\" \/>\n\t<meta property=\"og:image:type\" content=\"image\/png\" \/>\n<meta name=\"twitter:card\" content=\"summary_large_image\" \/>\n<meta name=\"twitter:site\" content=\"@talkpalai\" \/>\n<meta name=\"twitter:label1\" content=\"Est. reading time\" \/>\n\t<meta name=\"twitter:data1\" content=\"3 minute\" \/>\n<script type=\"application\/ld+json\" class=\"yoast-schema-graph\">{\"@context\":\"https:\/\/schema.org\",\"@graph\":[{\"@type\":\"WebPage\",\"@id\":\"https:\/\/talkpal.ai\/sl\/norveske-slovnicne-vaje\/\",\"url\":\"https:\/\/talkpal.ai\/sl\/norveske-slovnicne-vaje\/\",\"name\":\"Norve\u0161ke slovni\u010dne vaje - Talkpal\",\"isPartOf\":{\"@id\":\"https:\/\/talkpal.ai\/sl\/#website\"},\"primaryImageOfPage\":{\"@id\":\"https:\/\/talkpal.ai\/sl\/norveske-slovnicne-vaje\/#primaryimage\"},\"image\":{\"@id\":\"https:\/\/talkpal.ai\/sl\/norveske-slovnicne-vaje\/#primaryimage\"},\"thumbnailUrl\":\"https:\/\/talkpal.ai\/wp-content\/uploads\/2023\/05\/norway.png\",\"datePublished\":\"2023-06-27T08:41:59+00:00\",\"dateModified\":\"2025-12-17T14:37:51+00:00\",\"description\":\"Izbolj\u0161ajte svoje znanje z zanimivimi vajami iz norve\u0161ke slovnice. Odli\u010dno za u\u010dinkovito vadbo u\u010dencev na vseh ravneh.\",\"breadcrumb\":{\"@id\":\"https:\/\/talkpal.ai\/sl\/norveske-slovnicne-vaje\/#breadcrumb\"},\"inLanguage\":\"sl-SI\",\"potentialAction\":[{\"@type\":\"ReadAction\",\"target\":[\"https:\/\/talkpal.ai\/sl\/norveske-slovnicne-vaje\/\"]}]},{\"@type\":\"ImageObject\",\"inLanguage\":\"sl-SI\",\"@id\":\"https:\/\/talkpal.ai\/sl\/norveske-slovnicne-vaje\/#primaryimage\",\"url\":\"https:\/\/talkpal.ai\/wp-content\/uploads\/2023\/05\/norway.png\",\"contentUrl\":\"https:\/\/talkpal.ai\/wp-content\/uploads\/2023\/05\/norway.png\",\"width\":512,\"height\":512},{\"@type\":\"BreadcrumbList\",\"@id\":\"https:\/\/talkpal.ai\/sl\/norveske-slovnicne-vaje\/#breadcrumb\",\"itemListElement\":[{\"@type\":\"ListItem\",\"position\":1,\"name\":\"Homepage\",\"item\":\"https:\/\/talkpal.ai\/sl\/\"},{\"@type\":\"ListItem\",\"position\":2,\"name\":\"Norve\u0161ke slovni\u010dne vaje\"}]},{\"@type\":\"WebSite\",\"@id\":\"https:\/\/talkpal.ai\/sl\/#website\",\"url\":\"https:\/\/talkpal.ai\/sl\/\",\"name\":\"Talkpal\",\"description\":\"AI Language Learning\",\"publisher\":{\"@id\":\"https:\/\/talkpal.ai\/sl\/#organization\"},\"alternateName\":\"Talkpal AI\",\"potentialAction\":[{\"@type\":\"SearchAction\",\"target\":{\"@type\":\"EntryPoint\",\"urlTemplate\":\"https:\/\/talkpal.ai\/sl\/?s={search_term_string}\"},\"query-input\":{\"@type\":\"PropertyValueSpecification\",\"valueRequired\":true,\"valueName\":\"search_term_string\"}}],\"inLanguage\":\"sl-SI\"},{\"@type\":\"Organization\",\"@id\":\"https:\/\/talkpal.ai\/sl\/#organization\",\"name\":\"Talkpal, Inc.\",\"alternateName\":\"Talkpal AI\",\"url\":\"https:\/\/talkpal.ai\/sl\/\",\"logo\":{\"@type\":\"ImageObject\",\"inLanguage\":\"sl-SI\",\"@id\":\"https:\/\/talkpal.ai\/sl\/#\/schema\/logo\/image\/\",\"url\":\"https:\/\/talkpal.ai\/wp-content\/uploads\/2024\/03\/Talkpal-Logo-Icon.png\",\"contentUrl\":\"https:\/\/talkpal.ai\/wp-content\/uploads\/2024\/03\/Talkpal-Logo-Icon.png\",\"width\":2880,\"height\":2880,\"caption\":\"Talkpal, Inc.\"},\"image\":{\"@id\":\"https:\/\/talkpal.ai\/sl\/#\/schema\/logo\/image\/\"},\"sameAs\":[\"https:\/\/www.facebook.com\/profile.php?id=100090733639311\",\"https:\/\/x.com\/talkpalai\",\"https:\/\/www.linkedin.com\/company\/talkpal\/\",\"https:\/\/www.youtube.com\/@TalkPal\/\",\"https:\/\/www.tiktok.com\/@talkpal\",\"https:\/\/www.instagram.com\/talkpal_ai\/\",\"https:\/\/www.crunchbase.com\/organization\/talkpal-9cde\",\"https:\/\/www.g2.com\/products\/talkpal-for-business\/\",\"https:\/\/www.trustpilot.com\/review\/talkpal.ai\",\"https:\/\/www.capterra.com\/p\/10006800\/TalkPal\/\"],\"description\":\"Talkpal is a language learning web and mobile education app, powered by the latest AI technologies, that provides engaging experiences to its customers in many different languages to help them improve their language skills. Users can chat about unlimited amount of topics with the app and use other modes to practice their language learning.\",\"email\":\"support@talkpal.ai\",\"legalName\":\"Talkpal, Inc.\",\"foundingDate\":\"2023-04-03\",\"duns\":\"118989042\",\"numberOfEmployees\":{\"@type\":\"QuantitativeValue\",\"minValue\":\"11\",\"maxValue\":\"50\"},\"publishingPrinciples\":\"https:\/\/talkpal.ai\/publishing-principles\/\",\"actionableFeedbackPolicy\":\"https:\/\/talkpal.ai\/actionable-feedback-policy\/\",\"correctionsPolicy\":\"https:\/\/talkpal.ai\/corrections-policy\/\",\"ethicsPolicy\":\"https:\/\/talkpal.ai\/ethics-policy\/\",\"diversityPolicy\":\"https:\/\/talkpal.ai\/diversity-policy\/\",\"diversityStaffingReport\":\"https:\/\/talkpal.ai\/diversity-policy\/\"}]}<\/script>\n<!-- \/ Yoast SEO Premium plugin. -->","yoast_head_json":{"title":"Norve\u0161ke slovni\u010dne vaje - Talkpal","description":"Izbolj\u0161ajte svoje znanje z zanimivimi vajami iz norve\u0161ke slovnice. Odli\u010dno za u\u010dinkovito vadbo u\u010dencev na vseh ravneh.","robots":{"index":"index","follow":"follow","max-snippet":"max-snippet:-1","max-image-preview":"max-image-preview:large","max-video-preview":"max-video-preview:-1"},"canonical":"https:\/\/talkpal.ai\/sl\/norveske-slovnicne-vaje\/","og_locale":"sl_SI","og_type":"article","og_title":"Norve\u0161ke slovni\u010dne vaje","og_description":"Teme norve\u0161ke slovnice U\u010denje norve\u0161\u010dine je lahko vznemirljivo in koristno do\u017eivetje, saj odpira vrata bogati kulturni zgodovini, osupljivi pokrajini in","og_url":"https:\/\/talkpal.ai\/sl\/norveske-slovnicne-vaje\/","og_site_name":"Talkpal","article_publisher":"https:\/\/www.facebook.com\/profile.php?id=100090733639311","article_modified_time":"2025-12-17T14:37:51+00:00","og_image":[{"width":512,"height":512,"url":"https:\/\/talkpal.ai\/wp-content\/uploads\/2023\/05\/norway.png","type":"image\/png"}],"twitter_card":"summary_large_image","twitter_site":"@talkpalai","twitter_misc":{"Est. reading time":"3 minute"},"schema":{"@context":"https:\/\/schema.org","@graph":[{"@type":"WebPage","@id":"https:\/\/talkpal.ai\/sl\/norveske-slovnicne-vaje\/","url":"https:\/\/talkpal.ai\/sl\/norveske-slovnicne-vaje\/","name":"Norve\u0161ke slovni\u010dne vaje - Talkpal","isPartOf":{"@id":"https:\/\/talkpal.ai\/sl\/#website"},"primaryImageOfPage":{"@id":"https:\/\/talkpal.ai\/sl\/norveske-slovnicne-vaje\/#primaryimage"},"image":{"@id":"https:\/\/talkpal.ai\/sl\/norveske-slovnicne-vaje\/#primaryimage"},"thumbnailUrl":"https:\/\/talkpal.ai\/wp-content\/uploads\/2023\/05\/norway.png","datePublished":"2023-06-27T08:41:59+00:00","dateModified":"2025-12-17T14:37:51+00:00","description":"Izbolj\u0161ajte svoje znanje z zanimivimi vajami iz norve\u0161ke slovnice. Odli\u010dno za u\u010dinkovito vadbo u\u010dencev na vseh ravneh.","breadcrumb":{"@id":"https:\/\/talkpal.ai\/sl\/norveske-slovnicne-vaje\/#breadcrumb"},"inLanguage":"sl-SI","potentialAction":[{"@type":"ReadAction","target":["https:\/\/talkpal.ai\/sl\/norveske-slovnicne-vaje\/"]}]},{"@type":"ImageObject","inLanguage":"sl-SI","@id":"https:\/\/talkpal.ai\/sl\/norveske-slovnicne-vaje\/#primaryimage","url":"https:\/\/talkpal.ai\/wp-content\/uploads\/2023\/05\/norway.png","contentUrl":"https:\/\/talkpal.ai\/wp-content\/uploads\/2023\/05\/norway.png","width":512,"height":512},{"@type":"BreadcrumbList","@id":"https:\/\/talkpal.ai\/sl\/norveske-slovnicne-vaje\/#breadcrumb","itemListElement":[{"@type":"ListItem","position":1,"name":"Homepage","item":"https:\/\/talkpal.ai\/sl\/"},{"@type":"ListItem","position":2,"name":"Norve\u0161ke slovni\u010dne vaje"}]},{"@type":"WebSite","@id":"https:\/\/talkpal.ai\/sl\/#website","url":"https:\/\/talkpal.ai\/sl\/","name":"Talkpal","description":"AI Language Learning","publisher":{"@id":"https:\/\/talkpal.ai\/sl\/#organization"},"alternateName":"Talkpal AI","potentialAction":[{"@type":"SearchAction","target":{"@type":"EntryPoint","urlTemplate":"https:\/\/talkpal.ai\/sl\/?s={search_term_string}"},"query-input":{"@type":"PropertyValueSpecification","valueRequired":true,"valueName":"search_term_string"}}],"inLanguage":"sl-SI"},{"@type":"Organization","@id":"https:\/\/talkpal.ai\/sl\/#organization","name":"Talkpal, Inc.","alternateName":"Talkpal AI","url":"https:\/\/talkpal.ai\/sl\/","logo":{"@type":"ImageObject","inLanguage":"sl-SI","@id":"https:\/\/talkpal.ai\/sl\/#\/schema\/logo\/image\/","url":"https:\/\/talkpal.ai\/wp-content\/uploads\/2024\/03\/Talkpal-Logo-Icon.png","contentUrl":"https:\/\/talkpal.ai\/wp-content\/uploads\/2024\/03\/Talkpal-Logo-Icon.png","width":2880,"height":2880,"caption":"Talkpal, Inc."},"image":{"@id":"https:\/\/talkpal.ai\/sl\/#\/schema\/logo\/image\/"},"sameAs":["https:\/\/www.facebook.com\/profile.php?id=100090733639311","https:\/\/x.com\/talkpalai","https:\/\/www.linkedin.com\/company\/talkpal\/","https:\/\/www.youtube.com\/@TalkPal\/","https:\/\/www.tiktok.com\/@talkpal","https:\/\/www.instagram.com\/talkpal_ai\/","https:\/\/www.crunchbase.com\/organization\/talkpal-9cde","https:\/\/www.g2.com\/products\/talkpal-for-business\/","https:\/\/www.trustpilot.com\/review\/talkpal.ai","https:\/\/www.capterra.com\/p\/10006800\/TalkPal\/"],"description":"Talkpal is a language learning web and mobile education app, powered by the latest AI technologies, that provides engaging experiences to its customers in many different languages to help them improve their language skills. Users can chat about unlimited amount of topics with the app and use other modes to practice their language learning.","email":"support@talkpal.ai","legalName":"Talkpal, Inc.","foundingDate":"2023-04-03","duns":"118989042","numberOfEmployees":{"@type":"QuantitativeValue","minValue":"11","maxValue":"50"},"publishingPrinciples":"https:\/\/talkpal.ai\/publishing-principles\/","actionableFeedbackPolicy":"https:\/\/talkpal.ai\/actionable-feedback-policy\/","correctionsPolicy":"https:\/\/talkpal.ai\/corrections-policy\/","ethicsPolicy":"https:\/\/talkpal.ai\/ethics-policy\/","diversityPolicy":"https:\/\/talkpal.ai\/diversity-policy\/","diversityStaffingReport":"https:\/\/talkpal.ai\/diversity-policy\/"}]}},"_links":{"self":[{"href":"https:\/\/talkpal.ai\/sl\/wp-json\/wp\/v2\/pages\/158373","targetHints":{"allow":["GET"]}}],"collection":[{"href":"https:\/\/talkpal.ai\/sl\/wp-json\/wp\/v2\/pages"}],"about":[{"href":"https:\/\/talkpal.ai\/sl\/wp-json\/wp\/v2\/types\/page"}],"author":[{"embeddable":true,"href":"https:\/\/talkpal.ai\/sl\/wp-json\/wp\/v2\/users\/6"}],"replies":[{"embeddable":true,"href":"https:\/\/talkpal.ai\/sl\/wp-json\/wp\/v2\/comments?post=158373"}],"version-history":[{"count":0,"href":"https:\/\/talkpal.ai\/sl\/wp-json\/wp\/v2\/pages\/158373\/revisions"}],"wp:featuredmedia":[{"embeddable":true,"href":"https:\/\/talkpal.ai\/sl\/wp-json\/wp\/v2\/media\/116869"}],"wp:attachment":[{"href":"https:\/\/talkpal.ai\/sl\/wp-json\/wp\/v2\/media?parent=158373"}],"curies":[{"name":"wp","href":"https:\/\/api.w.org\/{rel}","templated":true}]}}