{"id":157797,"date":"2023-06-27T09:07:34","date_gmt":"2023-06-27T09:07:34","guid":{"rendered":"http:\/\/talkpal.ai\/poljske-slovnicne-vaje\/"},"modified":"2025-12-17T09:57:01","modified_gmt":"2025-12-17T09:57:01","slug":"poljske-slovnicne-vaje","status":"publish","type":"page","link":"https:\/\/talkpal.ai\/sl\/poljske-slovnicne-vaje\/","title":{"rendered":"Poljske slovni\u010dne vaje"},"content":{"rendered":"\r\n\r\n\r\n<section class=\"languageChallengeSection\">\r\n    <div class=\"languageInfoWrapper\">\r\n        \r\n        <h1>Poljske slovni\u010dne vaje<\/h1>\r\n        <p>Ste pripravljeni izpopolniti svoje znanje poljskega jezika? Vaje iz slovnice so odli\u010den na\u010din za obvladovanje stav\u010dne strukture, glagolskih sklonov in edinstvenih vzorcev polj\u0161\u010dine. Za\u010dnite delati na <a href=\"https:\/\/talkpal.ai\/learn-polish\/\">poljski<\/a> slovnici \u0161e danes in opazujte, kako se z vsako vajo izbolj\u0161ujeta va\u0161a samozavest in teko\u010dnost!\n\n<\/p>\r\n\r\n                            <a class=\"getStartedHidden\" href=\"https:\/\/app.talkpal.ai\/sl\/signup?lng=\">Za\u010dni<\/a>\r\n        \r\n    <\/div>\r\n\r\n    <figure>\r\n    <img decoding=\"async\" width=\"768\" height=\"768\" src=\"https:\/\/talkpal.ai\/wp-content\/uploads\/2023\/06\/polish-768x768.png\" class=\"languageImage no-lazy\" alt=\"Practical tips on language learning techniques\" fetchpriority=\"high\" sizes=\"(max-width: 768px) 150px, 768px\" srcset=\"https:\/\/talkpal.ai\/wp-content\/uploads\/2023\/06\/polish-768x768.png 768w, https:\/\/talkpal.ai\/wp-content\/uploads\/2023\/06\/polish-300x300.png 300w\" \/>\r\n    \r\n\r\n    <\/figure>\r\n\r\n            <a class=\"getStartedVisible\" href=\"https:\/\/app.talkpal.ai\/sl\/signup?lng=\">Za\u010dni<\/a>\r\n    \r\n<\/section>\r\n\r\n\r\n<!-- <section class=\"grammarSection\">\r\n    <div class=\"grammarLinks\">\r\n            <\/div>\r\n<\/section> -->\r\n\r\n\r\n\r\n\r\n<section class=\"promotionalBanner\">\r\n    <p class=\"promotionalText\">Naju\u010dinkovitej\u0161i na\u010din u\u010denja jezika<\/p>\r\n    <a class=\"promotionalLink\" href=\"https:\/\/app.talkpal.ai\/sl\/signup?lng=\">Preizkusite Talkpal brezpla\u010dno<\/a>\r\n<\/section>\n<div class=\"wp-block-group pageContainerStyle\"><div class=\"wp-block-group__inner-container is-layout-constrained wp-block-group-is-layout-constrained\">\n<h2 class=\"wp-block-heading\" id=\"h-polish-grammar-topics\">Teme poljske slovnice<\/h2>\n\n\n\n<p><a href=\"https:\/\/talkpal.ai\/learn-polish\/\">Polj\u0161\u010dina<\/a>, zahodnoslovanski jezik, je materni jezik Poljske, ki ga govorijo milijoni ljudi po vsem svetu. S svojim zapletenim slovni\u010dnim sistemom in edinstveno izgovorjavo je u\u010denje polj\u0161\u010dine lahko precej zahtevno, a tudi koristno. Za dobro razumevanje in obvladovanje jezika se je treba slovni\u010dnih pravil u\u010diti v strukturiranem in logi\u010dnem zaporedju. V tem priro\u010dniku bomo raziskali glavne slovni\u010dne teme v polj\u0161\u010dini, kot so \u010dasi, glagoli, samostalniki, \u010dlanki, zaimki, pridevniki, prislovi, pogoji, predlogi in stav\u010dne strukture. \u010ce sledite temu zaporedju, boste lahko postopoma nadgradili svoje znanje poljskega jezika in u\u010dinkovito komunicirali.<\/p>\n\n\n\n<h3 class=\"wp-block-heading\" id=\"h-1-nouns\">1. Samostalniki:<\/h3>\n\n\n\n<p>V polj\u0161\u010dini so samostalniki razdeljeni na tri spole: mo\u0161ki, \u017eenski in srednje. Imajo tudi sedem primerov: nominativni, genitivni, dativni, akuzativni, instrumentalni, locativni in vokativni. U\u010denje spola in sistema primerov je klju\u010dnega pomena za razumevanje stav\u010dnih struktur in uporabo pravilnih oblik drugih slovni\u010dnih elementov, kot so pridevniki in zaimki.<\/p>\n\n\n\n<h3 class=\"wp-block-heading\" id=\"h-2-pronouns-determiners\">2. Zaimki\/dolo\u010devalci:<\/h3>\n\n\n\n<p>Poljski zaimki in determinatorji se strinjajo s samostalniki po spolu, \u0161tevilu in primeru. Vklju\u010dujejo osebne, posesivne, demonstrativne, zasli\u0161evalne in relativne zaimke. Obvladovanje uporabe zaimkov in determinerjev pomaga pri gradnji bolj zapletenih stavkov in izra\u017eanju razli\u010dnih odnosov med besedami.<\/p>\n\n\n\n<h3 class=\"wp-block-heading\" id=\"h-3-adjectives\">3. Pridevniki:<\/h3>\n\n\n\n<p>Pridevniki v polj\u0161\u010dini se ujemajo s samostalniki po spolu, \u0161tevilu in primeru. Na podlagi teh dejavnikov imajo razli\u010dne oblike, zato je u\u010denje vzorcev deklinacije za pridevnike bistveno za pravilno uporabo in razumevanje opisnih stavkov.<\/p>\n\n\n\n<h3 class=\"wp-block-heading\" id=\"h-4-verbs\">4. Glagoli:<\/h3>\n\n\n\n<p>Poljski glagolski sistem je sestavljen iz treh \u010dasov: preteklosti, sedanjosti in prihodnosti. Glagoli imajo tudi razli\u010dne oblike, ki temeljijo na aspektu (popolnem ali nepopolnem) in konjugacijskih vzorcih. U\u010denje osnov glagolske konjugacije in aspekta je temeljnega pomena za izra\u017eanje dejanj, dogodkov in stanj v razli\u010dnih \u010dasovnih okvirih.<\/p>\n\n\n\n<h3 class=\"wp-block-heading\" id=\"h-5-tense-comparison\">5. Napeta primerjava:<\/h3>\n\n\n\n<p>Razumevanje razlik in podobnosti med tremi \u010dasi v polj\u0161\u010dini vam omogo\u010da, da natan\u010dno izrazite \u010dasovna razmerja. To vklju\u010duje oblikovanje in uporabo preprostih, naprednih in popolnih progresivnih oblik.<\/p>\n\n\n\n<h3 class=\"wp-block-heading\" id=\"h-6-adverbs\">6. Prislovi:<\/h3>\n\n\n\n<p>Prislovi v polj\u0161\u010dini zagotavljajo dodatne informacije o glagolih, pridevnikih ali drugih prislovih. Obi\u010dajno ne spreminjajo svoje oblike, zato se jih je razmeroma lahko nau\u010diti. Znanje pravilne uporabe prislovov izbolj\u0161a izraznost va\u0161ega jezika.<\/p>\n\n\n\n<h3 class=\"wp-block-heading\" id=\"h-7-prepositions\">7. Predlogi:<\/h3>\n\n\n\n<p>Poljski predlogi urejajo posebne primere in prikazujejo razmerja med besedami v stavku. U\u010denje pravilne uporabe predlogov in njihovih ustreznih primerov je klju\u010dnega pomena za izgradnjo bolj zapletenih stavkov in izra\u017eanje razli\u010dnih odnosov med besedami.<\/p>\n\n\n\n<h3 class=\"wp-block-heading\" id=\"h-8-conditionals\">8. Pogoji:<\/h3>\n\n\n\n<p>Pogojne kazni v polj\u0161\u010dini izra\u017eajo hipoteti\u010dne situacije in njihove posledice. Obi\u010dajno so sestavljeni iz dveh dolo\u010db: pogoja (klavzula \u010de) in rezultata (glavna klavzula). U\u010denje oblikovanja in uporabe pogojev vam omogo\u010da, da natan\u010dno izrazite hipoteti\u010dne situacije in njihove posledice.<\/p>\n\n\n\n<h3 class=\"wp-block-heading\" id=\"h-9-sentences\">9. Stavki:<\/h3>\n\n\n\n<p>Za u\u010dinkovito sporazumevanje v polj\u0161\u010dini je treba razumeti osnovne stav\u010dne strukture, vklju\u010dno z izjavnimi, vpra\u0161alnimi, imperativnimi in vzkli\u010dnimi stavki. Obvladovanje stav\u010dnih struktur pomaga pri izra\u017eanju misli, postavljanju vpra\u0161anj, dajanju ukazov in prena\u0161anju \u010dustev v polj\u0161\u010dini.<\/p>\n<\/div><\/div>\n\r\n<section class=\"learnNavigationSection\">\r\n            \r\n        <a href=\"https:\/\/talkpal.ai\/sl\/naucite-se-poljscine\/\">\r\n            <div class=\"learnNavigationWrapper\">\r\n                <div class=\"learnNavigationContent\">\r\n                    <img decoding=\"async\" src=\"https:\/\/talkpal.ai\/wp-content\/uploads\/2024\/08\/Polish.jpg\" alt=\"Polish Flag\">\r\n                    <div>\r\n                        <h4>O poljskem u\u010denju<\/h4>\r\n                        <p>Izvedite vse o poljski slovnici.<\/p>\r\n                    <\/div>\r\n                <\/div>\r\n            <\/div>\r\n        <\/a>\r\n\r\n        \r\n        <a href=\"https:\/\/talkpal.ai\/sl\/poljska-slovnica\/\">\r\n            <div class=\"learnNavigationWrapper\">\r\n                <div class=\"learnNavigationContent\">\r\n                    <img decoding=\"async\" src=\"https:\/\/talkpal.ai\/wp-content\/uploads\/2024\/08\/Polish.jpg\" alt=\"Polish Flag\">\r\n                    <div>\r\n                        <h4>Pouk poljske slovnice<\/h4>\r\n                        <p>Vadite poljsko slovnico.<\/p>\r\n                    <\/div>\r\n                <\/div>\r\n            <\/div>\r\n        <\/a>\r\n\r\n        \r\n        <a href=\"https:\/\/talkpal.ai\/vocabulary_language\/polish\/\">\r\n            <div class=\"learnNavigationWrapper\">\r\n                <div class=\"learnNavigationContent\">\r\n                    <img decoding=\"async\" src=\"https:\/\/talkpal.ai\/wp-content\/uploads\/2024\/08\/Polish.jpg\" alt=\"Polish Flag\">\r\n                    <div>\r\n                        <h4>Poljski besednjak<\/h4>\r\n                        <p>Raz\u0161irite svoj poljski besedni zaklad.<\/p>\r\n                    <\/div>\r\n                <\/div>\r\n            <\/div>\r\n        <\/a>\r\n\r\n            <\/section>","protected":false},"excerpt":{"rendered":"<p>Teme poljske slovnice Polj\u0161\u010dina, zahodnoslovanski jezik, je materni jezik Poljske, ki ga govorijo milijoni ljudi po vsem svetu. S svojim zapletenim slovni\u010dnim sistemom in edinstveno izgovorjavo je u\u010denje polj\u0161\u010dine lahko precej zahtevno, a tudi koristno. Za dobro razumevanje in obvladovanje jezika se je treba slovni\u010dnih pravil u\u010diti v strukturiranem in logi\u010dnem zaporedju. V tem priro\u010dniku [&hellip;]<\/p>\n","protected":false},"author":6,"featured_media":117418,"parent":0,"menu_order":0,"comment_status":"closed","ping_status":"closed","template":"LearningContentPage.php","meta":{"_acf_changed":false,"footnotes":""},"class_list":["post-157797","page","type-page","status-publish","has-post-thumbnail","hentry"],"acf":[],"yoast_head":"<!-- This site is optimized with the Yoast SEO Premium plugin v27.2 (Yoast SEO v27.2) - https:\/\/yoast.com\/product\/yoast-seo-premium-wordpress\/ -->\n<title>Poljske slovni\u010dne vaje - Talkpal<\/title>\n<meta name=\"description\" content=\"Osvojite poljsko slovnico z interaktivnimi vajami, namenjenimi vsem ravnem. Vadite in izbolj\u0161ajte svoje jezikovne spretnosti!\" \/>\n<meta name=\"robots\" content=\"index, follow, max-snippet:-1, max-image-preview:large, max-video-preview:-1\" \/>\n<link rel=\"canonical\" href=\"https:\/\/talkpal.ai\/sl\/poljske-slovnicne-vaje\/\" \/>\n<meta property=\"og:locale\" content=\"sl_SI\" \/>\n<meta property=\"og:type\" content=\"article\" \/>\n<meta property=\"og:title\" content=\"Poljske slovni\u010dne vaje\" \/>\n<meta property=\"og:description\" content=\"Teme poljske slovnice Polj\u0161\u010dina, zahodnoslovanski jezik, je materni jezik Poljske, ki ga govorijo milijoni ljudi po vsem svetu. S svojim zapletenim\" \/>\n<meta property=\"og:url\" content=\"https:\/\/talkpal.ai\/sl\/poljske-slovnicne-vaje\/\" \/>\n<meta property=\"og:site_name\" content=\"Talkpal\" \/>\n<meta property=\"article:publisher\" content=\"https:\/\/www.facebook.com\/profile.php?id=100090733639311\" \/>\n<meta property=\"article:modified_time\" content=\"2025-12-17T09:57:01+00:00\" \/>\n<meta property=\"og:image\" content=\"https:\/\/talkpal.ai\/wp-content\/uploads\/2023\/05\/poland.png\" \/>\n\t<meta property=\"og:image:width\" content=\"512\" \/>\n\t<meta property=\"og:image:height\" content=\"512\" \/>\n\t<meta property=\"og:image:type\" content=\"image\/png\" \/>\n<meta name=\"twitter:card\" content=\"summary_large_image\" \/>\n<meta name=\"twitter:site\" content=\"@talkpalai\" \/>\n<meta name=\"twitter:label1\" content=\"Est. reading time\" \/>\n\t<meta name=\"twitter:data1\" content=\"2 minuti\" \/>\n<script type=\"application\/ld+json\" class=\"yoast-schema-graph\">{\"@context\":\"https:\/\/schema.org\",\"@graph\":[{\"@type\":\"WebPage\",\"@id\":\"https:\/\/talkpal.ai\/sl\/poljske-slovnicne-vaje\/\",\"url\":\"https:\/\/talkpal.ai\/sl\/poljske-slovnicne-vaje\/\",\"name\":\"Poljske slovni\u010dne vaje - Talkpal\",\"isPartOf\":{\"@id\":\"https:\/\/talkpal.ai\/sl\/#website\"},\"primaryImageOfPage\":{\"@id\":\"https:\/\/talkpal.ai\/sl\/poljske-slovnicne-vaje\/#primaryimage\"},\"image\":{\"@id\":\"https:\/\/talkpal.ai\/sl\/poljske-slovnicne-vaje\/#primaryimage\"},\"thumbnailUrl\":\"https:\/\/talkpal.ai\/wp-content\/uploads\/2023\/05\/poland.png\",\"datePublished\":\"2023-06-27T09:07:34+00:00\",\"dateModified\":\"2025-12-17T09:57:01+00:00\",\"description\":\"Osvojite poljsko slovnico z interaktivnimi vajami, namenjenimi vsem ravnem. Vadite in izbolj\u0161ajte svoje jezikovne spretnosti!\",\"breadcrumb\":{\"@id\":\"https:\/\/talkpal.ai\/sl\/poljske-slovnicne-vaje\/#breadcrumb\"},\"inLanguage\":\"sl-SI\",\"potentialAction\":[{\"@type\":\"ReadAction\",\"target\":[\"https:\/\/talkpal.ai\/sl\/poljske-slovnicne-vaje\/\"]}]},{\"@type\":\"ImageObject\",\"inLanguage\":\"sl-SI\",\"@id\":\"https:\/\/talkpal.ai\/sl\/poljske-slovnicne-vaje\/#primaryimage\",\"url\":\"https:\/\/talkpal.ai\/wp-content\/uploads\/2023\/05\/poland.png\",\"contentUrl\":\"https:\/\/talkpal.ai\/wp-content\/uploads\/2023\/05\/poland.png\",\"width\":512,\"height\":512},{\"@type\":\"BreadcrumbList\",\"@id\":\"https:\/\/talkpal.ai\/sl\/poljske-slovnicne-vaje\/#breadcrumb\",\"itemListElement\":[{\"@type\":\"ListItem\",\"position\":1,\"name\":\"Homepage\",\"item\":\"https:\/\/talkpal.ai\/sl\/\"},{\"@type\":\"ListItem\",\"position\":2,\"name\":\"Poljske slovni\u010dne vaje\"}]},{\"@type\":\"WebSite\",\"@id\":\"https:\/\/talkpal.ai\/sl\/#website\",\"url\":\"https:\/\/talkpal.ai\/sl\/\",\"name\":\"Talkpal\",\"description\":\"AI Language Learning\",\"publisher\":{\"@id\":\"https:\/\/talkpal.ai\/sl\/#organization\"},\"alternateName\":\"Talkpal AI\",\"potentialAction\":[{\"@type\":\"SearchAction\",\"target\":{\"@type\":\"EntryPoint\",\"urlTemplate\":\"https:\/\/talkpal.ai\/sl\/?s={search_term_string}\"},\"query-input\":{\"@type\":\"PropertyValueSpecification\",\"valueRequired\":true,\"valueName\":\"search_term_string\"}}],\"inLanguage\":\"sl-SI\"},{\"@type\":\"Organization\",\"@id\":\"https:\/\/talkpal.ai\/sl\/#organization\",\"name\":\"Talkpal, Inc.\",\"alternateName\":\"Talkpal AI\",\"url\":\"https:\/\/talkpal.ai\/sl\/\",\"logo\":{\"@type\":\"ImageObject\",\"inLanguage\":\"sl-SI\",\"@id\":\"https:\/\/talkpal.ai\/sl\/#\/schema\/logo\/image\/\",\"url\":\"https:\/\/talkpal.ai\/wp-content\/uploads\/2024\/03\/Talkpal-Logo-Icon.png\",\"contentUrl\":\"https:\/\/talkpal.ai\/wp-content\/uploads\/2024\/03\/Talkpal-Logo-Icon.png\",\"width\":2880,\"height\":2880,\"caption\":\"Talkpal, Inc.\"},\"image\":{\"@id\":\"https:\/\/talkpal.ai\/sl\/#\/schema\/logo\/image\/\"},\"sameAs\":[\"https:\/\/www.facebook.com\/profile.php?id=100090733639311\",\"https:\/\/x.com\/talkpalai\",\"https:\/\/www.linkedin.com\/company\/talkpal\/\",\"https:\/\/www.youtube.com\/@TalkPal\/\",\"https:\/\/www.tiktok.com\/@talkpal\",\"https:\/\/www.instagram.com\/talkpal_ai\/\",\"https:\/\/www.crunchbase.com\/organization\/talkpal-9cde\",\"https:\/\/www.g2.com\/products\/talkpal-for-business\/\",\"https:\/\/www.trustpilot.com\/review\/talkpal.ai\",\"https:\/\/www.capterra.com\/p\/10006800\/TalkPal\/\"],\"description\":\"Talkpal is a language learning web and mobile education app, powered by the latest AI technologies, that provides engaging experiences to its customers in many different languages to help them improve their language skills. Users can chat about unlimited amount of topics with the app and use other modes to practice their language learning.\",\"email\":\"support@talkpal.ai\",\"legalName\":\"Talkpal, Inc.\",\"foundingDate\":\"2023-04-03\",\"duns\":\"118989042\",\"numberOfEmployees\":{\"@type\":\"QuantitativeValue\",\"minValue\":\"11\",\"maxValue\":\"50\"},\"publishingPrinciples\":\"https:\/\/talkpal.ai\/publishing-principles\/\",\"actionableFeedbackPolicy\":\"https:\/\/talkpal.ai\/actionable-feedback-policy\/\",\"correctionsPolicy\":\"https:\/\/talkpal.ai\/corrections-policy\/\",\"ethicsPolicy\":\"https:\/\/talkpal.ai\/ethics-policy\/\",\"diversityPolicy\":\"https:\/\/talkpal.ai\/diversity-policy\/\",\"diversityStaffingReport\":\"https:\/\/talkpal.ai\/diversity-policy\/\"}]}<\/script>\n<!-- \/ Yoast SEO Premium plugin. -->","yoast_head_json":{"title":"Poljske slovni\u010dne vaje - Talkpal","description":"Osvojite poljsko slovnico z interaktivnimi vajami, namenjenimi vsem ravnem. Vadite in izbolj\u0161ajte svoje jezikovne spretnosti!","robots":{"index":"index","follow":"follow","max-snippet":"max-snippet:-1","max-image-preview":"max-image-preview:large","max-video-preview":"max-video-preview:-1"},"canonical":"https:\/\/talkpal.ai\/sl\/poljske-slovnicne-vaje\/","og_locale":"sl_SI","og_type":"article","og_title":"Poljske slovni\u010dne vaje","og_description":"Teme poljske slovnice Polj\u0161\u010dina, zahodnoslovanski jezik, je materni jezik Poljske, ki ga govorijo milijoni ljudi po vsem svetu. S svojim zapletenim","og_url":"https:\/\/talkpal.ai\/sl\/poljske-slovnicne-vaje\/","og_site_name":"Talkpal","article_publisher":"https:\/\/www.facebook.com\/profile.php?id=100090733639311","article_modified_time":"2025-12-17T09:57:01+00:00","og_image":[{"width":512,"height":512,"url":"https:\/\/talkpal.ai\/wp-content\/uploads\/2023\/05\/poland.png","type":"image\/png"}],"twitter_card":"summary_large_image","twitter_site":"@talkpalai","twitter_misc":{"Est. reading time":"2 minuti"},"schema":{"@context":"https:\/\/schema.org","@graph":[{"@type":"WebPage","@id":"https:\/\/talkpal.ai\/sl\/poljske-slovnicne-vaje\/","url":"https:\/\/talkpal.ai\/sl\/poljske-slovnicne-vaje\/","name":"Poljske slovni\u010dne vaje - Talkpal","isPartOf":{"@id":"https:\/\/talkpal.ai\/sl\/#website"},"primaryImageOfPage":{"@id":"https:\/\/talkpal.ai\/sl\/poljske-slovnicne-vaje\/#primaryimage"},"image":{"@id":"https:\/\/talkpal.ai\/sl\/poljske-slovnicne-vaje\/#primaryimage"},"thumbnailUrl":"https:\/\/talkpal.ai\/wp-content\/uploads\/2023\/05\/poland.png","datePublished":"2023-06-27T09:07:34+00:00","dateModified":"2025-12-17T09:57:01+00:00","description":"Osvojite poljsko slovnico z interaktivnimi vajami, namenjenimi vsem ravnem. Vadite in izbolj\u0161ajte svoje jezikovne spretnosti!","breadcrumb":{"@id":"https:\/\/talkpal.ai\/sl\/poljske-slovnicne-vaje\/#breadcrumb"},"inLanguage":"sl-SI","potentialAction":[{"@type":"ReadAction","target":["https:\/\/talkpal.ai\/sl\/poljske-slovnicne-vaje\/"]}]},{"@type":"ImageObject","inLanguage":"sl-SI","@id":"https:\/\/talkpal.ai\/sl\/poljske-slovnicne-vaje\/#primaryimage","url":"https:\/\/talkpal.ai\/wp-content\/uploads\/2023\/05\/poland.png","contentUrl":"https:\/\/talkpal.ai\/wp-content\/uploads\/2023\/05\/poland.png","width":512,"height":512},{"@type":"BreadcrumbList","@id":"https:\/\/talkpal.ai\/sl\/poljske-slovnicne-vaje\/#breadcrumb","itemListElement":[{"@type":"ListItem","position":1,"name":"Homepage","item":"https:\/\/talkpal.ai\/sl\/"},{"@type":"ListItem","position":2,"name":"Poljske slovni\u010dne vaje"}]},{"@type":"WebSite","@id":"https:\/\/talkpal.ai\/sl\/#website","url":"https:\/\/talkpal.ai\/sl\/","name":"Talkpal","description":"AI Language Learning","publisher":{"@id":"https:\/\/talkpal.ai\/sl\/#organization"},"alternateName":"Talkpal AI","potentialAction":[{"@type":"SearchAction","target":{"@type":"EntryPoint","urlTemplate":"https:\/\/talkpal.ai\/sl\/?s={search_term_string}"},"query-input":{"@type":"PropertyValueSpecification","valueRequired":true,"valueName":"search_term_string"}}],"inLanguage":"sl-SI"},{"@type":"Organization","@id":"https:\/\/talkpal.ai\/sl\/#organization","name":"Talkpal, Inc.","alternateName":"Talkpal AI","url":"https:\/\/talkpal.ai\/sl\/","logo":{"@type":"ImageObject","inLanguage":"sl-SI","@id":"https:\/\/talkpal.ai\/sl\/#\/schema\/logo\/image\/","url":"https:\/\/talkpal.ai\/wp-content\/uploads\/2024\/03\/Talkpal-Logo-Icon.png","contentUrl":"https:\/\/talkpal.ai\/wp-content\/uploads\/2024\/03\/Talkpal-Logo-Icon.png","width":2880,"height":2880,"caption":"Talkpal, Inc."},"image":{"@id":"https:\/\/talkpal.ai\/sl\/#\/schema\/logo\/image\/"},"sameAs":["https:\/\/www.facebook.com\/profile.php?id=100090733639311","https:\/\/x.com\/talkpalai","https:\/\/www.linkedin.com\/company\/talkpal\/","https:\/\/www.youtube.com\/@TalkPal\/","https:\/\/www.tiktok.com\/@talkpal","https:\/\/www.instagram.com\/talkpal_ai\/","https:\/\/www.crunchbase.com\/organization\/talkpal-9cde","https:\/\/www.g2.com\/products\/talkpal-for-business\/","https:\/\/www.trustpilot.com\/review\/talkpal.ai","https:\/\/www.capterra.com\/p\/10006800\/TalkPal\/"],"description":"Talkpal is a language learning web and mobile education app, powered by the latest AI technologies, that provides engaging experiences to its customers in many different languages to help them improve their language skills. Users can chat about unlimited amount of topics with the app and use other modes to practice their language learning.","email":"support@talkpal.ai","legalName":"Talkpal, Inc.","foundingDate":"2023-04-03","duns":"118989042","numberOfEmployees":{"@type":"QuantitativeValue","minValue":"11","maxValue":"50"},"publishingPrinciples":"https:\/\/talkpal.ai\/publishing-principles\/","actionableFeedbackPolicy":"https:\/\/talkpal.ai\/actionable-feedback-policy\/","correctionsPolicy":"https:\/\/talkpal.ai\/corrections-policy\/","ethicsPolicy":"https:\/\/talkpal.ai\/ethics-policy\/","diversityPolicy":"https:\/\/talkpal.ai\/diversity-policy\/","diversityStaffingReport":"https:\/\/talkpal.ai\/diversity-policy\/"}]}},"_links":{"self":[{"href":"https:\/\/talkpal.ai\/sl\/wp-json\/wp\/v2\/pages\/157797","targetHints":{"allow":["GET"]}}],"collection":[{"href":"https:\/\/talkpal.ai\/sl\/wp-json\/wp\/v2\/pages"}],"about":[{"href":"https:\/\/talkpal.ai\/sl\/wp-json\/wp\/v2\/types\/page"}],"author":[{"embeddable":true,"href":"https:\/\/talkpal.ai\/sl\/wp-json\/wp\/v2\/users\/6"}],"replies":[{"embeddable":true,"href":"https:\/\/talkpal.ai\/sl\/wp-json\/wp\/v2\/comments?post=157797"}],"version-history":[{"count":0,"href":"https:\/\/talkpal.ai\/sl\/wp-json\/wp\/v2\/pages\/157797\/revisions"}],"wp:featuredmedia":[{"embeddable":true,"href":"https:\/\/talkpal.ai\/sl\/wp-json\/wp\/v2\/media\/117418"}],"wp:attachment":[{"href":"https:\/\/talkpal.ai\/sl\/wp-json\/wp\/v2\/media?parent=157797"}],"curies":[{"name":"wp","href":"https:\/\/api.w.org\/{rel}","templated":true}]}}