{"id":155762,"date":"2023-07-05T10:24:06","date_gmt":"2023-07-05T10:24:06","guid":{"rendered":"http:\/\/talkpal.ai\/tajska-slovnicna-vaja\/"},"modified":"2025-12-17T15:03:41","modified_gmt":"2025-12-17T15:03:41","slug":"tajska-slovnicna-vaja","status":"publish","type":"page","link":"https:\/\/talkpal.ai\/sl\/tajska-slovnicna-vaja\/","title":{"rendered":"Tajska slovni\u010dna vaja"},"content":{"rendered":"\r\n\r\n\r\n<section class=\"languageChallengeSection\">\r\n    <div class=\"languageInfoWrapper\">\r\n        \r\n        <h1>Tajska slovni\u010dna vaja<\/h1>\r\n        <p>Ste pripravljeni, da postane u\u010denje taj\u0161\u010dine zabavno in prakti\u010dno? Na\u0161e interaktivne vaje so zasnovane tako, da vam pomagajo osvojiti osnove tajske slovnice, okrepiti samozavest in za\u010deti tvoriti prave stavke. Sodelujte, vadite, kolikor \u017eelite, in opazujte, kako se va\u0161e tajske ve\u0161\u010dine razvijajo &#8211; za\u010dnimo se u\u010diti!<\/p>\r\n\r\n                            <a class=\"getStartedHidden\" href=\"https:\/\/app.talkpal.ai\/sl\/signup?lng=\">Za\u010dni<\/a>\r\n        \r\n    <\/div>\r\n\r\n    <figure>\r\n    <img decoding=\"async\" width=\"768\" height=\"768\" src=\"https:\/\/talkpal.ai\/wp-content\/uploads\/2023\/06\/thai-768x768.png\" class=\"languageImage no-lazy\" alt=\"Language learning for improved thought process\" fetchpriority=\"high\" sizes=\"(max-width: 768px) 150px, 768px\" srcset=\"https:\/\/talkpal.ai\/wp-content\/uploads\/2023\/06\/thai-768x768.png 768w, https:\/\/talkpal.ai\/wp-content\/uploads\/2023\/06\/thai-300x300.png 300w\" \/>\r\n    \r\n\r\n    <\/figure>\r\n\r\n            <a class=\"getStartedVisible\" href=\"https:\/\/app.talkpal.ai\/sl\/signup?lng=\">Za\u010dni<\/a>\r\n    \r\n<\/section>\r\n\r\n\r\n<!-- <section class=\"grammarSection\">\r\n    <div class=\"grammarLinks\">\r\n            <\/div>\r\n<\/section> -->\r\n\r\n\r\n\r\n\r\n<section class=\"promotionalBanner\">\r\n    <p class=\"promotionalText\">Naju\u010dinkovitej\u0161i na\u010din u\u010denja jezika<\/p>\r\n    <a class=\"promotionalLink\" href=\"https:\/\/app.talkpal.ai\/sl\/signup?lng=\">Preizkusite Talkpal brezpla\u010dno<\/a>\r\n<\/section>\n<div class=\"wp-block-group pageContainerStyle\"><div class=\"wp-block-group__inner-container is-layout-constrained wp-block-group-is-layout-constrained\">\n<h2 class=\"wp-block-heading\" id=\"h-thai-grammar-topics\">Teme tajske slovnice<\/h2>\n\n\n\n<p>U\u010denje tajskega jezika je lahko fascinantno potovanje. Vendar pa je bistveno razumeti tajsko slovnico, da bi v celoti razumeli jezik in postali teko\u010di. Naslednji seznam vsebuje zaporedje tajskih slovni\u010dnih tem, ki jih je treba upo\u0161tevati pri u\u010denju jezika. Ta seznam se za\u010dne z osnovnimi temami in napreduje v bolj zapletene teme.<\/p>\n\n\n\n<h3 class=\"wp-block-heading\" id=\"h-1-nouns\">1. Samostalniki:<\/h3>\n\n\n\n<p>Za\u010dnite z u\u010denjem tajskih samostalnikov, saj so gradniki jezika. Seznanite se s skupnimi samostalniki in njihovimi modifikatorji, saj <a href=\"https:\/\/talkpal.ai\/learn-thai\/\">tajski<\/a> samostalniki ne spreminjajo oblik, da bi ozna\u010dili \u0161tevilko ali spol.<\/p>\n\n\n\n<h3 class=\"wp-block-heading\" id=\"h-2-pronouns-determiners\">2. Zaimki\/dolo\u010devalci:<\/h3>\n\n\n\n<p>Ko obvladate samostalnike, se osredoto\u010dite na zaimke in determinatorje. <a href=\"https:\/\/talkpal.ai\/learn-thai\/\">Tajski<\/a> zaimki se pogosto opustijo v pogovoru, vendar je njihovo razumevanje klju\u010dnega pomena za formalno taj\u0161\u010dino.<\/p>\n\n\n\n<h3 class=\"wp-block-heading\" id=\"h-3-verbs\">3. Glagoli:<\/h3>\n\n\n\n<p>Glagoli v taj\u0161\u010dini so nepregibni, kar pomeni, da se ne spreminjajo, da bi nakazovali \u010das, \u0161tevilo ali osebo. Zaradi tega jih je relativno enostavno obvladati po razumevanju samostalnikov in zaimkov.<\/p>\n\n\n\n<h3 class=\"wp-block-heading\" id=\"h-4-adjectives\">4. Pridevniki:<\/h3>\n\n\n\n<p>Tajski pridevniki prihajajo za samostalniki, ki jih spreminjajo, za razliko od angle\u0161\u010dine. U\u010denje pridevnikov vam bo pomagalo natan\u010dneje opisati predmete, ljudi in situacije.<\/p>\n\n\n\n<h3 class=\"wp-block-heading\" id=\"h-5-prepositions\">5. Predlogi:<\/h3>\n\n\n\n<p>Predlogi v taj\u0161\u010dini pogosto pridejo pred samostalnik ali zaimek, da ozna\u010dijo smer, lokacijo, \u010das ali metodo.<\/p>\n\n\n\n<h3 class=\"wp-block-heading\" id=\"h-6-adverbs\">6. Prislovi:<\/h3>\n\n\n\n<p>Nau\u010dite se tajskih prislovov za spreminjanje glagolov, pridevnikov ali drugih prislovov. Zagotovijo lahko ve\u010d podrobnosti o dejanjih ali situacijah.<\/p>\n\n\n\n<h3 class=\"wp-block-heading\" id=\"h-7-sentences\">7. Stavki:<\/h3>\n\n\n\n<p>Ko obvladate osnove, lahko za\u010dnete tvoriti stavke v taj\u0161\u010dini. Razumevanje stav\u010dne strukture je klju\u010dnega pomena za pravilno izra\u017eanje va\u0161ih misli.<\/p>\n\n\n\n<h3 class=\"wp-block-heading\" id=\"h-8-conditionals\">8. Pogoji:<\/h3>\n\n\n\n<p>Tajski pogoji izra\u017eajo hipoteti\u010dne situacije in njihove posledice. So naprednej\u0161i, vendar potrebni za zapletene pogovore.<\/p>\n\n\n\n<h3 class=\"wp-block-heading\" id=\"h-9-tenses\">9. \u010casi:<\/h3>\n\n\n\n<p><a href=\"https:\/\/talkpal.ai\/sl\/naucite-se-tajscini\/\">Tajski jezik<\/a> ne uporablja \u010dasov na enak na\u010din kot <a href=\"https:\/\/talkpal.ai\/learn-english-with-ai\/\">angle\u0161\u010dina<\/a>. Vendar pa obstajajo besedne zveze in besede, ki lahko ozna\u010dujejo preteklost, sedanjost ali prihodnost.<\/p>\n\n\n\n<h3 class=\"wp-block-heading\" id=\"h-10-tense-comparison\">10. Napeta primerjava:<\/h3>\n\n\n\n<p>To je napredna tema, kjer primerjate razli\u010dne \u010dase. To vam bo pomagalo razumeti subtilne razlike v \u010dasovnih izrazih.<\/p>\n\n\n\n<h3 class=\"wp-block-heading\" id=\"h-11-progressive\">11. Progresivno:<\/h3>\n\n\n\n<p>Ta tema vklju\u010duje izra\u017eanje teko\u010dih ukrepov. Je naprednej\u0161i, vendar vam bo pomagal govoriti tajsko bolj teko\u010de.<\/p>\n\n\n\n<h3 class=\"wp-block-heading\" id=\"h-12-perfect-progressive\">12. Popolna progresivna:<\/h3>\n\n\n\n<p>Popoln progresivni \u010das je kompleksen vidik tajske slovnice. Uporablja se za opis ukrepov, ki so potekali do dolo\u010dene to\u010dke.<\/p>\n\n\n\n<h3 class=\"wp-block-heading\" id=\"h-13-articles\">13. \u010clanki:<\/h3>\n\n\n\n<p>Tajski jezik nima dolo\u010dnih ali nedolo\u010denih \u010dlankov, kot je angle\u0161\u010dina. Vendar pa obstajajo tudi drugi na\u010dini za dolo\u010danje ali posplo\u0161evanje samostalnikov, ki se jih lahko nau\u010dite v naprednej\u0161i fazi.<\/p>\n<\/div><\/div>\n\r\n<section class=\"learnNavigationSection\">\r\n            \r\n        <a href=\"https:\/\/talkpal.ai\/sl\/naucite-se-tajscini\/\">\r\n            <div class=\"learnNavigationWrapper\">\r\n                <div class=\"learnNavigationContent\">\r\n                    <img decoding=\"async\" src=\"https:\/\/talkpal.ai\/wp-content\/uploads\/2024\/08\/Thai.jpg\" alt=\"Thai Flag\">\r\n                    <div>\r\n                        <h4>O tajskem u\u010denju<\/h4>\r\n                        <p>Izvedite vse o tajski slovnici.<\/p>\r\n                    <\/div>\r\n                <\/div>\r\n            <\/div>\r\n        <\/a>\r\n\r\n        \r\n        <a href=\"https:\/\/talkpal.ai\/sl\/tajska-slovnica\/\">\r\n            <div class=\"learnNavigationWrapper\">\r\n                <div class=\"learnNavigationContent\">\r\n                    <img decoding=\"async\" src=\"https:\/\/talkpal.ai\/wp-content\/uploads\/2024\/08\/Thai.jpg\" alt=\"Thai Flag\">\r\n                    <div>\r\n                        <h4>Lekcije tajske slovnice<\/h4>\r\n                        <p>Vadite tajsko slovnico.<\/p>\r\n                    <\/div>\r\n                <\/div>\r\n            <\/div>\r\n        <\/a>\r\n\r\n        \r\n        <a href=\"https:\/\/talkpal.ai\/vocabulary_language\/thai\/\">\r\n            <div class=\"learnNavigationWrapper\">\r\n                <div class=\"learnNavigationContent\">\r\n                    <img decoding=\"async\" src=\"https:\/\/talkpal.ai\/wp-content\/uploads\/2024\/08\/Thai.jpg\" alt=\"Thai Flag\">\r\n                    <div>\r\n                        <h4>Tajski besednjak<\/h4>\r\n                        <p>Raz\u0161irite svoj tajski besednjak.<\/p>\r\n                    <\/div>\r\n                <\/div>\r\n            <\/div>\r\n        <\/a>\r\n\r\n            <\/section>","protected":false},"excerpt":{"rendered":"<p>Teme tajske slovnice U\u010denje tajskega jezika je lahko fascinantno potovanje. Vendar pa je bistveno razumeti tajsko slovnico, da bi v celoti razumeli jezik in postali teko\u010di. Naslednji seznam vsebuje zaporedje tajskih slovni\u010dnih tem, ki jih je treba upo\u0161tevati pri u\u010denju jezika. Ta seznam se za\u010dne z osnovnimi temami in napreduje v bolj zapletene teme. 1. [&hellip;]<\/p>\n","protected":false},"author":6,"featured_media":120789,"parent":0,"menu_order":0,"comment_status":"closed","ping_status":"closed","template":"LearningContentPage.php","meta":{"_acf_changed":false,"footnotes":""},"class_list":["post-155762","page","type-page","status-publish","has-post-thumbnail","hentry"],"acf":[],"yoast_head":"<!-- This site is optimized with the Yoast SEO Premium plugin v27.2 (Yoast SEO v27.2) - https:\/\/yoast.com\/product\/yoast-seo-premium-wordpress\/ -->\n<title>Tajska slovni\u010dna vaja - Talkpal<\/title>\n<meta name=\"description\" content=\"Izbolj\u0161ajte svoje znanje tajskega jezika z na\u0161imi vajami iz tajske slovnice in osvojite gradnike jezika.\" \/>\n<meta name=\"robots\" content=\"index, follow, max-snippet:-1, max-image-preview:large, max-video-preview:-1\" \/>\n<link rel=\"canonical\" href=\"https:\/\/talkpal.ai\/sl\/tajska-slovnicna-vaja\/\" \/>\n<meta property=\"og:locale\" content=\"sl_SI\" \/>\n<meta property=\"og:type\" content=\"article\" \/>\n<meta property=\"og:title\" content=\"Tajska slovni\u010dna vaja\" \/>\n<meta property=\"og:description\" content=\"Teme tajske slovnice U\u010denje tajskega jezika je lahko fascinantno potovanje. Vendar pa je bistveno razumeti tajsko slovnico, da bi v celoti razumeli jezik\" \/>\n<meta property=\"og:url\" content=\"https:\/\/talkpal.ai\/sl\/tajska-slovnicna-vaja\/\" \/>\n<meta property=\"og:site_name\" content=\"Talkpal\" \/>\n<meta property=\"article:publisher\" content=\"https:\/\/www.facebook.com\/profile.php?id=100090733639311\" \/>\n<meta property=\"article:modified_time\" content=\"2025-12-17T15:03:41+00:00\" \/>\n<meta property=\"og:image\" content=\"https:\/\/talkpal.ai\/wp-content\/uploads\/2023\/05\/thailand.png\" \/>\n\t<meta property=\"og:image:width\" content=\"512\" \/>\n\t<meta property=\"og:image:height\" content=\"512\" \/>\n\t<meta property=\"og:image:type\" content=\"image\/png\" \/>\n<meta name=\"twitter:card\" content=\"summary_large_image\" \/>\n<meta name=\"twitter:site\" content=\"@talkpalai\" \/>\n<meta name=\"twitter:label1\" content=\"Est. reading time\" \/>\n\t<meta name=\"twitter:data1\" content=\"2 minuti\" \/>\n<script type=\"application\/ld+json\" class=\"yoast-schema-graph\">{\"@context\":\"https:\/\/schema.org\",\"@graph\":[{\"@type\":\"WebPage\",\"@id\":\"https:\/\/talkpal.ai\/sl\/tajska-slovnicna-vaja\/\",\"url\":\"https:\/\/talkpal.ai\/sl\/tajska-slovnicna-vaja\/\",\"name\":\"Tajska slovni\u010dna vaja - Talkpal\",\"isPartOf\":{\"@id\":\"https:\/\/talkpal.ai\/sl\/#website\"},\"primaryImageOfPage\":{\"@id\":\"https:\/\/talkpal.ai\/sl\/tajska-slovnicna-vaja\/#primaryimage\"},\"image\":{\"@id\":\"https:\/\/talkpal.ai\/sl\/tajska-slovnicna-vaja\/#primaryimage\"},\"thumbnailUrl\":\"https:\/\/talkpal.ai\/wp-content\/uploads\/2023\/05\/thailand.png\",\"datePublished\":\"2023-07-05T10:24:06+00:00\",\"dateModified\":\"2025-12-17T15:03:41+00:00\",\"description\":\"Izbolj\u0161ajte svoje znanje tajskega jezika z na\u0161imi vajami iz tajske slovnice in osvojite gradnike jezika.\",\"breadcrumb\":{\"@id\":\"https:\/\/talkpal.ai\/sl\/tajska-slovnicna-vaja\/#breadcrumb\"},\"inLanguage\":\"sl-SI\",\"potentialAction\":[{\"@type\":\"ReadAction\",\"target\":[\"https:\/\/talkpal.ai\/sl\/tajska-slovnicna-vaja\/\"]}]},{\"@type\":\"ImageObject\",\"inLanguage\":\"sl-SI\",\"@id\":\"https:\/\/talkpal.ai\/sl\/tajska-slovnicna-vaja\/#primaryimage\",\"url\":\"https:\/\/talkpal.ai\/wp-content\/uploads\/2023\/05\/thailand.png\",\"contentUrl\":\"https:\/\/talkpal.ai\/wp-content\/uploads\/2023\/05\/thailand.png\",\"width\":512,\"height\":512},{\"@type\":\"BreadcrumbList\",\"@id\":\"https:\/\/talkpal.ai\/sl\/tajska-slovnicna-vaja\/#breadcrumb\",\"itemListElement\":[{\"@type\":\"ListItem\",\"position\":1,\"name\":\"Homepage\",\"item\":\"https:\/\/talkpal.ai\/sl\/\"},{\"@type\":\"ListItem\",\"position\":2,\"name\":\"Tajska slovni\u010dna vaja\"}]},{\"@type\":\"WebSite\",\"@id\":\"https:\/\/talkpal.ai\/sl\/#website\",\"url\":\"https:\/\/talkpal.ai\/sl\/\",\"name\":\"Talkpal\",\"description\":\"AI Language Learning\",\"publisher\":{\"@id\":\"https:\/\/talkpal.ai\/sl\/#organization\"},\"alternateName\":\"Talkpal AI\",\"potentialAction\":[{\"@type\":\"SearchAction\",\"target\":{\"@type\":\"EntryPoint\",\"urlTemplate\":\"https:\/\/talkpal.ai\/sl\/?s={search_term_string}\"},\"query-input\":{\"@type\":\"PropertyValueSpecification\",\"valueRequired\":true,\"valueName\":\"search_term_string\"}}],\"inLanguage\":\"sl-SI\"},{\"@type\":\"Organization\",\"@id\":\"https:\/\/talkpal.ai\/sl\/#organization\",\"name\":\"Talkpal, Inc.\",\"alternateName\":\"Talkpal AI\",\"url\":\"https:\/\/talkpal.ai\/sl\/\",\"logo\":{\"@type\":\"ImageObject\",\"inLanguage\":\"sl-SI\",\"@id\":\"https:\/\/talkpal.ai\/sl\/#\/schema\/logo\/image\/\",\"url\":\"https:\/\/talkpal.ai\/wp-content\/uploads\/2024\/03\/Talkpal-Logo-Icon.png\",\"contentUrl\":\"https:\/\/talkpal.ai\/wp-content\/uploads\/2024\/03\/Talkpal-Logo-Icon.png\",\"width\":2880,\"height\":2880,\"caption\":\"Talkpal, Inc.\"},\"image\":{\"@id\":\"https:\/\/talkpal.ai\/sl\/#\/schema\/logo\/image\/\"},\"sameAs\":[\"https:\/\/www.facebook.com\/profile.php?id=100090733639311\",\"https:\/\/x.com\/talkpalai\",\"https:\/\/www.linkedin.com\/company\/talkpal\/\",\"https:\/\/www.youtube.com\/@TalkPal\/\",\"https:\/\/www.tiktok.com\/@talkpal\",\"https:\/\/www.instagram.com\/talkpal_ai\/\",\"https:\/\/www.crunchbase.com\/organization\/talkpal-9cde\",\"https:\/\/www.g2.com\/products\/talkpal-for-business\/\",\"https:\/\/www.trustpilot.com\/review\/talkpal.ai\",\"https:\/\/www.capterra.com\/p\/10006800\/TalkPal\/\"],\"description\":\"Talkpal is a language learning web and mobile education app, powered by the latest AI technologies, that provides engaging experiences to its customers in many different languages to help them improve their language skills. Users can chat about unlimited amount of topics with the app and use other modes to practice their language learning.\",\"email\":\"support@talkpal.ai\",\"legalName\":\"Talkpal, Inc.\",\"foundingDate\":\"2023-04-03\",\"duns\":\"118989042\",\"numberOfEmployees\":{\"@type\":\"QuantitativeValue\",\"minValue\":\"11\",\"maxValue\":\"50\"},\"publishingPrinciples\":\"https:\/\/talkpal.ai\/publishing-principles\/\",\"actionableFeedbackPolicy\":\"https:\/\/talkpal.ai\/actionable-feedback-policy\/\",\"correctionsPolicy\":\"https:\/\/talkpal.ai\/corrections-policy\/\",\"ethicsPolicy\":\"https:\/\/talkpal.ai\/ethics-policy\/\",\"diversityPolicy\":\"https:\/\/talkpal.ai\/diversity-policy\/\",\"diversityStaffingReport\":\"https:\/\/talkpal.ai\/diversity-policy\/\"}]}<\/script>\n<!-- \/ Yoast SEO Premium plugin. -->","yoast_head_json":{"title":"Tajska slovni\u010dna vaja - Talkpal","description":"Izbolj\u0161ajte svoje znanje tajskega jezika z na\u0161imi vajami iz tajske slovnice in osvojite gradnike jezika.","robots":{"index":"index","follow":"follow","max-snippet":"max-snippet:-1","max-image-preview":"max-image-preview:large","max-video-preview":"max-video-preview:-1"},"canonical":"https:\/\/talkpal.ai\/sl\/tajska-slovnicna-vaja\/","og_locale":"sl_SI","og_type":"article","og_title":"Tajska slovni\u010dna vaja","og_description":"Teme tajske slovnice U\u010denje tajskega jezika je lahko fascinantno potovanje. Vendar pa je bistveno razumeti tajsko slovnico, da bi v celoti razumeli jezik","og_url":"https:\/\/talkpal.ai\/sl\/tajska-slovnicna-vaja\/","og_site_name":"Talkpal","article_publisher":"https:\/\/www.facebook.com\/profile.php?id=100090733639311","article_modified_time":"2025-12-17T15:03:41+00:00","og_image":[{"width":512,"height":512,"url":"https:\/\/talkpal.ai\/wp-content\/uploads\/2023\/05\/thailand.png","type":"image\/png"}],"twitter_card":"summary_large_image","twitter_site":"@talkpalai","twitter_misc":{"Est. reading time":"2 minuti"},"schema":{"@context":"https:\/\/schema.org","@graph":[{"@type":"WebPage","@id":"https:\/\/talkpal.ai\/sl\/tajska-slovnicna-vaja\/","url":"https:\/\/talkpal.ai\/sl\/tajska-slovnicna-vaja\/","name":"Tajska slovni\u010dna vaja - Talkpal","isPartOf":{"@id":"https:\/\/talkpal.ai\/sl\/#website"},"primaryImageOfPage":{"@id":"https:\/\/talkpal.ai\/sl\/tajska-slovnicna-vaja\/#primaryimage"},"image":{"@id":"https:\/\/talkpal.ai\/sl\/tajska-slovnicna-vaja\/#primaryimage"},"thumbnailUrl":"https:\/\/talkpal.ai\/wp-content\/uploads\/2023\/05\/thailand.png","datePublished":"2023-07-05T10:24:06+00:00","dateModified":"2025-12-17T15:03:41+00:00","description":"Izbolj\u0161ajte svoje znanje tajskega jezika z na\u0161imi vajami iz tajske slovnice in osvojite gradnike jezika.","breadcrumb":{"@id":"https:\/\/talkpal.ai\/sl\/tajska-slovnicna-vaja\/#breadcrumb"},"inLanguage":"sl-SI","potentialAction":[{"@type":"ReadAction","target":["https:\/\/talkpal.ai\/sl\/tajska-slovnicna-vaja\/"]}]},{"@type":"ImageObject","inLanguage":"sl-SI","@id":"https:\/\/talkpal.ai\/sl\/tajska-slovnicna-vaja\/#primaryimage","url":"https:\/\/talkpal.ai\/wp-content\/uploads\/2023\/05\/thailand.png","contentUrl":"https:\/\/talkpal.ai\/wp-content\/uploads\/2023\/05\/thailand.png","width":512,"height":512},{"@type":"BreadcrumbList","@id":"https:\/\/talkpal.ai\/sl\/tajska-slovnicna-vaja\/#breadcrumb","itemListElement":[{"@type":"ListItem","position":1,"name":"Homepage","item":"https:\/\/talkpal.ai\/sl\/"},{"@type":"ListItem","position":2,"name":"Tajska slovni\u010dna vaja"}]},{"@type":"WebSite","@id":"https:\/\/talkpal.ai\/sl\/#website","url":"https:\/\/talkpal.ai\/sl\/","name":"Talkpal","description":"AI Language Learning","publisher":{"@id":"https:\/\/talkpal.ai\/sl\/#organization"},"alternateName":"Talkpal AI","potentialAction":[{"@type":"SearchAction","target":{"@type":"EntryPoint","urlTemplate":"https:\/\/talkpal.ai\/sl\/?s={search_term_string}"},"query-input":{"@type":"PropertyValueSpecification","valueRequired":true,"valueName":"search_term_string"}}],"inLanguage":"sl-SI"},{"@type":"Organization","@id":"https:\/\/talkpal.ai\/sl\/#organization","name":"Talkpal, Inc.","alternateName":"Talkpal AI","url":"https:\/\/talkpal.ai\/sl\/","logo":{"@type":"ImageObject","inLanguage":"sl-SI","@id":"https:\/\/talkpal.ai\/sl\/#\/schema\/logo\/image\/","url":"https:\/\/talkpal.ai\/wp-content\/uploads\/2024\/03\/Talkpal-Logo-Icon.png","contentUrl":"https:\/\/talkpal.ai\/wp-content\/uploads\/2024\/03\/Talkpal-Logo-Icon.png","width":2880,"height":2880,"caption":"Talkpal, Inc."},"image":{"@id":"https:\/\/talkpal.ai\/sl\/#\/schema\/logo\/image\/"},"sameAs":["https:\/\/www.facebook.com\/profile.php?id=100090733639311","https:\/\/x.com\/talkpalai","https:\/\/www.linkedin.com\/company\/talkpal\/","https:\/\/www.youtube.com\/@TalkPal\/","https:\/\/www.tiktok.com\/@talkpal","https:\/\/www.instagram.com\/talkpal_ai\/","https:\/\/www.crunchbase.com\/organization\/talkpal-9cde","https:\/\/www.g2.com\/products\/talkpal-for-business\/","https:\/\/www.trustpilot.com\/review\/talkpal.ai","https:\/\/www.capterra.com\/p\/10006800\/TalkPal\/"],"description":"Talkpal is a language learning web and mobile education app, powered by the latest AI technologies, that provides engaging experiences to its customers in many different languages to help them improve their language skills. Users can chat about unlimited amount of topics with the app and use other modes to practice their language learning.","email":"support@talkpal.ai","legalName":"Talkpal, Inc.","foundingDate":"2023-04-03","duns":"118989042","numberOfEmployees":{"@type":"QuantitativeValue","minValue":"11","maxValue":"50"},"publishingPrinciples":"https:\/\/talkpal.ai\/publishing-principles\/","actionableFeedbackPolicy":"https:\/\/talkpal.ai\/actionable-feedback-policy\/","correctionsPolicy":"https:\/\/talkpal.ai\/corrections-policy\/","ethicsPolicy":"https:\/\/talkpal.ai\/ethics-policy\/","diversityPolicy":"https:\/\/talkpal.ai\/diversity-policy\/","diversityStaffingReport":"https:\/\/talkpal.ai\/diversity-policy\/"}]}},"_links":{"self":[{"href":"https:\/\/talkpal.ai\/sl\/wp-json\/wp\/v2\/pages\/155762","targetHints":{"allow":["GET"]}}],"collection":[{"href":"https:\/\/talkpal.ai\/sl\/wp-json\/wp\/v2\/pages"}],"about":[{"href":"https:\/\/talkpal.ai\/sl\/wp-json\/wp\/v2\/types\/page"}],"author":[{"embeddable":true,"href":"https:\/\/talkpal.ai\/sl\/wp-json\/wp\/v2\/users\/6"}],"replies":[{"embeddable":true,"href":"https:\/\/talkpal.ai\/sl\/wp-json\/wp\/v2\/comments?post=155762"}],"version-history":[{"count":0,"href":"https:\/\/talkpal.ai\/sl\/wp-json\/wp\/v2\/pages\/155762\/revisions"}],"wp:featuredmedia":[{"embeddable":true,"href":"https:\/\/talkpal.ai\/sl\/wp-json\/wp\/v2\/media\/120789"}],"wp:attachment":[{"href":"https:\/\/talkpal.ai\/sl\/wp-json\/wp\/v2\/media?parent=155762"}],"curies":[{"name":"wp","href":"https:\/\/api.w.org\/{rel}","templated":true}]}}