{"id":153764,"date":"2023-05-14T14:25:05","date_gmt":"2023-05-14T14:25:05","guid":{"rendered":"http:\/\/talkpal.ai\/svahilijska-slovnica\/"},"modified":"2025-12-13T15:50:47","modified_gmt":"2025-12-13T15:50:47","slug":"svahilijska-slovnica","status":"publish","type":"page","link":"https:\/\/talkpal.ai\/sl\/svahilijska-slovnica\/","title":{"rendered":"Svahilijska slovnica"},"content":{"rendered":"\r\n\r\n\r\n<section class=\"languageChallengeSection\">\r\n    <div class=\"languageInfoWrapper\">\r\n        \r\n        <h1>Svahilijska slovnica<\/h1>\r\n        <p>Odkrijte skrivnosti svahilske slovnice in izbolj\u0161ajte svoje jezikovno znanje z zanimivimi lekcijami in primeri iz resni\u010dnega \u017eivljenja. Spoznajte osnove stav\u010dne zgradbe, glagolske vzorce in bistvena slovni\u010dna pravila. Z interaktivnimi vajami, namenjenimi krepitvi razumevanja, lahko prakticirate nau\u010deno. Za\u010dnite obvladovati svahilijsko slovnico \u0161e danes in komunicirajte bolj samozavestno!<\/p>\r\n\r\n                            <a class=\"getStartedHidden\" href=\"https:\/\/app.talkpal.ai\/sl\/signup?lng=\">Za\u010dni<\/a>\r\n        \r\n    <\/div>\r\n\r\n    <figure>\r\n    <img decoding=\"async\" width=\"768\" height=\"768\" src=\"https:\/\/talkpal.ai\/wp-content\/uploads\/2023\/06\/Swahili-768x768.png\" class=\"languageImage no-lazy\" alt=\"Secrets to master language learning\" fetchpriority=\"high\" sizes=\"(max-width: 768px) 150px, 768px\" srcset=\"https:\/\/talkpal.ai\/wp-content\/uploads\/2023\/06\/Swahili-768x768.png 768w, https:\/\/talkpal.ai\/wp-content\/uploads\/2023\/06\/Swahili-300x300.png 300w\" \/>\r\n    \r\n\r\n    <\/figure>\r\n\r\n            <a class=\"getStartedVisible\" href=\"https:\/\/app.talkpal.ai\/sl\/signup?lng=\">Za\u010dni<\/a>\r\n    \r\n<\/section>\r\n<section class=\"promotionalBanner\">\r\n    <p class=\"promotionalText\">Naju\u010dinkovitej\u0161i na\u010din u\u010denja jezika<\/p>\r\n    <a class=\"promotionalLink\" href=\"https:\/\/app.talkpal.ai\/sl\/signup?lng=\">Preizkusite Talkpal brezpla\u010dno<\/a>\r\n<\/section>\n<div class=\"wp-block-group pageContainerStyle\"><div class=\"wp-block-group__inner-container is-layout-constrained wp-block-group-is-layout-constrained\">\n<h2 class=\"wp-block-heading\" id=\"h-swahili-grammar-demystifying-the-linguistic-adventure\">Svahilijska slovnica: demistificiranje jezikovne pustolov\u0161\u010dine<\/h2>\n\n\n\n<p>Svahilska <a href=\"https:\/\/talkpal.ai\/grammar\/\">slovnica<\/a> &#8211; vabljiva, a skrivnostna, teko\u010da, a intrigantna, \u017eivahna, a fascinantna. Ko se odpravite na jezikovno potovanje v svahilijski jezik, boste morda naleteli na me\u0161anico fascinacije in negotovosti. Ne skrbite, kolegi jezikovni fanatiki! Tukaj smo, da vam pomagamo krmariti po teh vznemirljivih jezikovnih vodah!<\/p>\n\n\n\n<p>V tem \u010dlanku bomo podali celovit pregled svahilijske slovnice, raziskali klju\u010dne komponente, ponudili razlage in primere ter poenostavili zapletenosti. Spustimo \u010darobnost svahilskega jezika in odkrijmo skrivnosti njegove slovnice!<\/p>\n\n\n\n<h3 class=\"wp-block-heading\" id=\"h-1-noun-classes-from-people-to-abstract-ideas\">1. Samostalni\u0161ki razredi: od ljudi do abstraktnih idej<\/h3>\n\n\n\n<p>Svahilijska slovnica se vrti okoli zna\u010dilnega, a bistvenega samostalni\u0161kega klasifikacijskega sistema. Samostalniki so organizirani v razli\u010dne razrede glede na njihov pomen ali zna\u010dilnosti, vsak razred pa ima posebno predpono. \u010ceprav se to morda zdi zastra\u0161ujo\u010de, je klju\u010dnega pomena pri oblikovanju dogovora med samostalniki, pridevniki in glagoli.<\/p>\n\n\n\n<p>Da bi poenostavili ta postopek, za\u010dnite z osredoto\u010danjem na najpogostej\u0161e samostalni\u0161ke razrede:<\/p>\n\n\n\n<p><strong>&#8211; Razred 1: Ljudje (npr., mtu &#8211; oseba)<\/strong><\/p>\n\n\n\n<p><strong>&#8211; Razred 2: mno\u017eina samostalnikov iz razreda 1 (npr. watu &#8211; ljudje)<\/strong><\/p>\n\n\n\n<p><strong>&#8211; Razred 3: Drevesa, rastline in abstraktni samostalniki (npr. mti &#8211; drevo)<\/strong><\/p>\n\n\n\n<p><strong>&#8211; 4. razred: ne\u017eivi predmeti in abstraktni samostalniki (npr. kiti &#8211; stol)<\/strong><\/p>\n\n\n\n<p>Ne pozabite, da je praksa popolna in razumevanje samostalni\u0161kih razredov bo s\u010dasoma la\u017eje!<\/p>\n\n\n\n<h3 class=\"wp-block-heading\" id=\"h-2-adjectives-from-basic-to-intricate-agreement\">2. Pridevniki: od osnovnega do zapletenega dogovora<\/h3>\n\n\n\n<p>Pridevniki v svahiliju se ujemajo s samostalni\u0161kim razredom in \u0161tevilko, ki jo spreminjajo. Zato imajo pridevniki ve\u010d predpon, ki ustrezajo razli\u010dnim samostalni\u0161kim razredom. Dobra novica je, da imajo \u0161tevilni pridevniki isto korensko besedo, zaradi \u010desar je u\u010denje bolj obvladljivo.<\/p>\n\n\n\n<p>Na primer koren &#8220;-refu&#8221; pomeni &#8220;dolg&#8221;. Glede na samostalni\u0161ki razred se lahko pojavi kot &#8220;mrefu&#8221; (1. razred), &#8220;wazuri&#8221; (2. razred), &#8220;jurefu&#8221; (3. razred) itd. S prakso bo obvladovanje pridevno-samostalni\u0161kega sporazuma enostavno!<\/p>\n\n\n\n<h3 class=\"wp-block-heading\" id=\"h-3-verbs-tense-subject-and-object\">3. Glagoli: napet, subjekt in predmet<\/h3>\n\n\n\n<p>Glagoli svahilija so kot u\u010dinkoviti no\u017ei \u0161vicarske vojske, ki kompaktno prena\u0161ajo \u010das, subjekt in predmet, vse v enem \u010dednem paketu. \u010casi se oblikujejo s pritrditvijo napetih markerjev na koren glagola, medtem ko ozna\u010devalci predmetov in predmetov izra\u017eajo, kdo je vklju\u010den v akcijo.<\/p>\n\n\n\n<p>Na primer, koren &#8220;-soma&#8221; pomeni &#8220;brati&#8221;. Z dodajanjem razli\u010dnih predpon in kon\u010dnic lahko ustvarite \u0161tevilne razli\u010dice: &#8220;anasoma&#8221; (bere), &#8220;alisoma&#8221; (bere) ali &#8220;atasoma&#8221; (bo bral).<\/p>\n\n\n\n<h3 class=\"wp-block-heading\" id=\"h-4-word-order-subject-verb-object-for-clarity\">4. Vrstni red besed: predmet-glagol-predmet zaradi jasnosti<\/h3>\n\n\n\n<p><a href=\"https:\/\/talkpal.ai\/learn-swahili\/\">Svahili<\/a> sledi preprostemu, a jasnemu vrstnemu redu besed Subject-Verb-Object (SVO), podobnemu angle\u0161kemu, zaradi \u010desar je konstrukcija stavkov manj zastra\u0161ujo\u010da. Na primer: &#8220;Mwanafunzi anasoma kitabu&#8221; se neposredno prevede v &#8220;\u0160tudent (subjekt) bere (glagol) knjigo (objekt)&#8221;.<\/p>\n\n\n\n<h3 class=\"wp-block-heading\" id=\"h-5-embrace-the-challenges-practice-is-key\">5. Sprejmite izzive: praksa je klju\u010dnega pomena<\/h3>\n\n\n\n<p>Potapljanje v svahilijsko slovnico se lahko sprva po\u010duti malo presenetljivo. Vendar ne pozabite, da so potrpe\u017eljivost, praksa in vztrajnost skrivnosti uspeha. Sodelujte z jezikom z branjem, pisanjem, poslu\u0161anjem in govorjenjem, da izbolj\u0161ate svoje razumevanje in zaupanje.<\/p>\n\n\n\n<p>Torej, ste pripravljeni raziskati \u010dude\u017ee svahilijske slovnice? Sprejmite njegove zapletenosti, u\u017eivajte v odtenkih in ne pozabite, da lahko s predanostjo in navdu\u0161enjem odklenete resni\u010dno lepoto svahilijskega jezika. Bahati njema! (Sre\u010dno!)<\/p>\n<\/div><\/div>\n\r\n<section class=\"learnNavigationSection\">\r\n            \r\n        <a href=\"https:\/\/talkpal.ai\/sl\/naucite-se-svahilija\/\">\r\n            <div class=\"learnNavigationWrapper\">\r\n                <div class=\"learnNavigationContent\">\r\n                    <img decoding=\"async\" src=\"https:\/\/talkpal.ai\/wp-content\/uploads\/2024\/08\/Swahili.jpg\" alt=\"Kenya and Tanzania Flags\">\r\n                    <div>\r\n                        <h4>O u\u010denju svahilija<\/h4>\r\n                        <p>Izvedite vse o slovnici svahilija .<\/p>\r\n                    <\/div>\r\n                <\/div>\r\n            <\/div>\r\n        <\/a>\r\n\r\n        \r\n        <a href=\"https:\/\/talkpal.ai\/sl\/svahilijske-slovnicne-vaje\/\">\r\n            <div class=\"learnNavigationWrapper\">\r\n                <div class=\"learnNavigationContent\">\r\n                    <img decoding=\"async\" src=\"https:\/\/talkpal.ai\/wp-content\/uploads\/2024\/08\/Swahili.jpg\" alt=\"Kenya and Tanzania Flags\">\r\n                    <div>\r\n                        <h4>Vaja iz svahilijske slovnice<\/h4>\r\n                        <p>Vadite svahilijsko slovnico.<\/p>\r\n                    <\/div>\r\n                <\/div>\r\n            <\/div>\r\n        <\/a>\r\n\r\n        \r\n        <a href=\"https:\/\/talkpal.ai\/vocabulary_language\/swahili\/\">\r\n            <div class=\"learnNavigationWrapper\">\r\n                <div class=\"learnNavigationContent\">\r\n                    <img decoding=\"async\" src=\"https:\/\/talkpal.ai\/wp-content\/uploads\/2024\/08\/Swahili.jpg\" alt=\"Kenya and Tanzania Flags\">\r\n                    <div>\r\n                        <h4>Svahilski besednjak<\/h4>\r\n                        <p>Raz\u0161irite svoj besedni zaklad v svahiliju.<\/p>\r\n                    <\/div>\r\n                <\/div>\r\n            <\/div>\r\n        <\/a>\r\n\r\n            <\/section>","protected":false},"excerpt":{"rendered":"<p>Svahilijska slovnica: demistificiranje jezikovne pustolov\u0161\u010dine Svahilska slovnica &#8211; vabljiva, a skrivnostna, teko\u010da, a intrigantna, \u017eivahna, a fascinantna. Ko se odpravite na jezikovno potovanje v svahilijski jezik, boste morda naleteli na me\u0161anico fascinacije in negotovosti. Ne skrbite, kolegi jezikovni fanatiki! Tukaj smo, da vam pomagamo krmariti po teh vznemirljivih jezikovnih vodah! V tem \u010dlanku bomo podali [&hellip;]<\/p>\n","protected":false},"author":1,"featured_media":119649,"parent":0,"menu_order":0,"comment_status":"closed","ping_status":"closed","template":"LearningContentPage.php","meta":{"_acf_changed":false,"footnotes":""},"class_list":["post-153764","page","type-page","status-publish","has-post-thumbnail","hentry"],"acf":[],"yoast_head":"<!-- This site is optimized with the Yoast SEO Premium plugin v27.2 (Yoast SEO v27.2) - https:\/\/yoast.com\/product\/yoast-seo-premium-wordpress\/ -->\n<title>Svahilijska slovnica - Talkpal<\/title>\n<meta name=\"description\" content=\"Odkrijte skrivnosti svahilske slovnice z na\u0161im iz\u010drpnim vodnikom! Spoznajte njegove edinstvene razrede samostalnikov in klju\u010dne komponente.\" \/>\n<meta name=\"robots\" content=\"index, follow, max-snippet:-1, max-image-preview:large, max-video-preview:-1\" \/>\n<link rel=\"canonical\" href=\"https:\/\/talkpal.ai\/sl\/svahilijska-slovnica\/\" \/>\n<meta property=\"og:locale\" content=\"sl_SI\" \/>\n<meta property=\"og:type\" content=\"article\" \/>\n<meta property=\"og:title\" content=\"Svahilijska slovnica\" \/>\n<meta property=\"og:description\" content=\"Svahilijska slovnica: demistificiranje jezikovne pustolov\u0161\u010dine Svahilska slovnica - vabljiva, a skrivnostna, teko\u010da, a intrigantna, \u017eivahna, a\" \/>\n<meta property=\"og:url\" content=\"https:\/\/talkpal.ai\/sl\/svahilijska-slovnica\/\" \/>\n<meta property=\"og:site_name\" content=\"Talkpal\" \/>\n<meta property=\"article:publisher\" content=\"https:\/\/www.facebook.com\/profile.php?id=100090733639311\" \/>\n<meta property=\"article:modified_time\" content=\"2025-12-13T15:50:47+00:00\" \/>\n<meta property=\"og:image\" content=\"https:\/\/talkpal.ai\/wp-content\/uploads\/2023\/05\/Swahili-tanzania.png\" \/>\n\t<meta property=\"og:image:width\" content=\"512\" \/>\n\t<meta property=\"og:image:height\" content=\"512\" \/>\n\t<meta property=\"og:image:type\" content=\"image\/png\" \/>\n<meta name=\"twitter:card\" content=\"summary_large_image\" \/>\n<meta name=\"twitter:site\" content=\"@talkpalai\" \/>\n<meta name=\"twitter:label1\" content=\"Est. reading time\" \/>\n\t<meta name=\"twitter:data1\" content=\"3 minute\" \/>\n<script type=\"application\/ld+json\" class=\"yoast-schema-graph\">{\"@context\":\"https:\/\/schema.org\",\"@graph\":[{\"@type\":\"WebPage\",\"@id\":\"https:\/\/talkpal.ai\/sl\/svahilijska-slovnica\/\",\"url\":\"https:\/\/talkpal.ai\/sl\/svahilijska-slovnica\/\",\"name\":\"Svahilijska slovnica - Talkpal\",\"isPartOf\":{\"@id\":\"https:\/\/talkpal.ai\/sl\/#website\"},\"primaryImageOfPage\":{\"@id\":\"https:\/\/talkpal.ai\/sl\/svahilijska-slovnica\/#primaryimage\"},\"image\":{\"@id\":\"https:\/\/talkpal.ai\/sl\/svahilijska-slovnica\/#primaryimage\"},\"thumbnailUrl\":\"https:\/\/talkpal.ai\/wp-content\/uploads\/2023\/05\/Swahili-tanzania.png\",\"datePublished\":\"2023-05-14T14:25:05+00:00\",\"dateModified\":\"2025-12-13T15:50:47+00:00\",\"description\":\"Odkrijte skrivnosti svahilske slovnice z na\u0161im iz\u010drpnim vodnikom! Spoznajte njegove edinstvene razrede samostalnikov in klju\u010dne komponente.\",\"breadcrumb\":{\"@id\":\"https:\/\/talkpal.ai\/sl\/svahilijska-slovnica\/#breadcrumb\"},\"inLanguage\":\"sl-SI\",\"potentialAction\":[{\"@type\":\"ReadAction\",\"target\":[\"https:\/\/talkpal.ai\/sl\/svahilijska-slovnica\/\"]}]},{\"@type\":\"ImageObject\",\"inLanguage\":\"sl-SI\",\"@id\":\"https:\/\/talkpal.ai\/sl\/svahilijska-slovnica\/#primaryimage\",\"url\":\"https:\/\/talkpal.ai\/wp-content\/uploads\/2023\/05\/Swahili-tanzania.png\",\"contentUrl\":\"https:\/\/talkpal.ai\/wp-content\/uploads\/2023\/05\/Swahili-tanzania.png\",\"width\":512,\"height\":512},{\"@type\":\"BreadcrumbList\",\"@id\":\"https:\/\/talkpal.ai\/sl\/svahilijska-slovnica\/#breadcrumb\",\"itemListElement\":[{\"@type\":\"ListItem\",\"position\":1,\"name\":\"Homepage\",\"item\":\"https:\/\/talkpal.ai\/sl\/\"},{\"@type\":\"ListItem\",\"position\":2,\"name\":\"Svahilijska slovnica\"}]},{\"@type\":\"WebSite\",\"@id\":\"https:\/\/talkpal.ai\/sl\/#website\",\"url\":\"https:\/\/talkpal.ai\/sl\/\",\"name\":\"Talkpal\",\"description\":\"AI Language Learning\",\"publisher\":{\"@id\":\"https:\/\/talkpal.ai\/sl\/#organization\"},\"alternateName\":\"Talkpal AI\",\"potentialAction\":[{\"@type\":\"SearchAction\",\"target\":{\"@type\":\"EntryPoint\",\"urlTemplate\":\"https:\/\/talkpal.ai\/sl\/?s={search_term_string}\"},\"query-input\":{\"@type\":\"PropertyValueSpecification\",\"valueRequired\":true,\"valueName\":\"search_term_string\"}}],\"inLanguage\":\"sl-SI\"},{\"@type\":\"Organization\",\"@id\":\"https:\/\/talkpal.ai\/sl\/#organization\",\"name\":\"Talkpal, Inc.\",\"alternateName\":\"Talkpal AI\",\"url\":\"https:\/\/talkpal.ai\/sl\/\",\"logo\":{\"@type\":\"ImageObject\",\"inLanguage\":\"sl-SI\",\"@id\":\"https:\/\/talkpal.ai\/sl\/#\/schema\/logo\/image\/\",\"url\":\"https:\/\/talkpal.ai\/wp-content\/uploads\/2024\/03\/Talkpal-Logo-Icon.png\",\"contentUrl\":\"https:\/\/talkpal.ai\/wp-content\/uploads\/2024\/03\/Talkpal-Logo-Icon.png\",\"width\":2880,\"height\":2880,\"caption\":\"Talkpal, Inc.\"},\"image\":{\"@id\":\"https:\/\/talkpal.ai\/sl\/#\/schema\/logo\/image\/\"},\"sameAs\":[\"https:\/\/www.facebook.com\/profile.php?id=100090733639311\",\"https:\/\/x.com\/talkpalai\",\"https:\/\/www.linkedin.com\/company\/talkpal\/\",\"https:\/\/www.youtube.com\/@TalkPal\/\",\"https:\/\/www.tiktok.com\/@talkpal\",\"https:\/\/www.instagram.com\/talkpal_ai\/\",\"https:\/\/www.crunchbase.com\/organization\/talkpal-9cde\",\"https:\/\/www.g2.com\/products\/talkpal-for-business\/\",\"https:\/\/www.trustpilot.com\/review\/talkpal.ai\",\"https:\/\/www.capterra.com\/p\/10006800\/TalkPal\/\"],\"description\":\"Talkpal is a language learning web and mobile education app, powered by the latest AI technologies, that provides engaging experiences to its customers in many different languages to help them improve their language skills. Users can chat about unlimited amount of topics with the app and use other modes to practice their language learning.\",\"email\":\"support@talkpal.ai\",\"legalName\":\"Talkpal, Inc.\",\"foundingDate\":\"2023-04-03\",\"duns\":\"118989042\",\"numberOfEmployees\":{\"@type\":\"QuantitativeValue\",\"minValue\":\"11\",\"maxValue\":\"50\"},\"publishingPrinciples\":\"https:\/\/talkpal.ai\/publishing-principles\/\",\"actionableFeedbackPolicy\":\"https:\/\/talkpal.ai\/actionable-feedback-policy\/\",\"correctionsPolicy\":\"https:\/\/talkpal.ai\/corrections-policy\/\",\"ethicsPolicy\":\"https:\/\/talkpal.ai\/ethics-policy\/\",\"diversityPolicy\":\"https:\/\/talkpal.ai\/diversity-policy\/\",\"diversityStaffingReport\":\"https:\/\/talkpal.ai\/diversity-policy\/\"}]}<\/script>\n<!-- \/ Yoast SEO Premium plugin. -->","yoast_head_json":{"title":"Svahilijska slovnica - Talkpal","description":"Odkrijte skrivnosti svahilske slovnice z na\u0161im iz\u010drpnim vodnikom! Spoznajte njegove edinstvene razrede samostalnikov in klju\u010dne komponente.","robots":{"index":"index","follow":"follow","max-snippet":"max-snippet:-1","max-image-preview":"max-image-preview:large","max-video-preview":"max-video-preview:-1"},"canonical":"https:\/\/talkpal.ai\/sl\/svahilijska-slovnica\/","og_locale":"sl_SI","og_type":"article","og_title":"Svahilijska slovnica","og_description":"Svahilijska slovnica: demistificiranje jezikovne pustolov\u0161\u010dine Svahilska slovnica - vabljiva, a skrivnostna, teko\u010da, a intrigantna, \u017eivahna, a","og_url":"https:\/\/talkpal.ai\/sl\/svahilijska-slovnica\/","og_site_name":"Talkpal","article_publisher":"https:\/\/www.facebook.com\/profile.php?id=100090733639311","article_modified_time":"2025-12-13T15:50:47+00:00","og_image":[{"width":512,"height":512,"url":"https:\/\/talkpal.ai\/wp-content\/uploads\/2023\/05\/Swahili-tanzania.png","type":"image\/png"}],"twitter_card":"summary_large_image","twitter_site":"@talkpalai","twitter_misc":{"Est. reading time":"3 minute"},"schema":{"@context":"https:\/\/schema.org","@graph":[{"@type":"WebPage","@id":"https:\/\/talkpal.ai\/sl\/svahilijska-slovnica\/","url":"https:\/\/talkpal.ai\/sl\/svahilijska-slovnica\/","name":"Svahilijska slovnica - Talkpal","isPartOf":{"@id":"https:\/\/talkpal.ai\/sl\/#website"},"primaryImageOfPage":{"@id":"https:\/\/talkpal.ai\/sl\/svahilijska-slovnica\/#primaryimage"},"image":{"@id":"https:\/\/talkpal.ai\/sl\/svahilijska-slovnica\/#primaryimage"},"thumbnailUrl":"https:\/\/talkpal.ai\/wp-content\/uploads\/2023\/05\/Swahili-tanzania.png","datePublished":"2023-05-14T14:25:05+00:00","dateModified":"2025-12-13T15:50:47+00:00","description":"Odkrijte skrivnosti svahilske slovnice z na\u0161im iz\u010drpnim vodnikom! Spoznajte njegove edinstvene razrede samostalnikov in klju\u010dne komponente.","breadcrumb":{"@id":"https:\/\/talkpal.ai\/sl\/svahilijska-slovnica\/#breadcrumb"},"inLanguage":"sl-SI","potentialAction":[{"@type":"ReadAction","target":["https:\/\/talkpal.ai\/sl\/svahilijska-slovnica\/"]}]},{"@type":"ImageObject","inLanguage":"sl-SI","@id":"https:\/\/talkpal.ai\/sl\/svahilijska-slovnica\/#primaryimage","url":"https:\/\/talkpal.ai\/wp-content\/uploads\/2023\/05\/Swahili-tanzania.png","contentUrl":"https:\/\/talkpal.ai\/wp-content\/uploads\/2023\/05\/Swahili-tanzania.png","width":512,"height":512},{"@type":"BreadcrumbList","@id":"https:\/\/talkpal.ai\/sl\/svahilijska-slovnica\/#breadcrumb","itemListElement":[{"@type":"ListItem","position":1,"name":"Homepage","item":"https:\/\/talkpal.ai\/sl\/"},{"@type":"ListItem","position":2,"name":"Svahilijska slovnica"}]},{"@type":"WebSite","@id":"https:\/\/talkpal.ai\/sl\/#website","url":"https:\/\/talkpal.ai\/sl\/","name":"Talkpal","description":"AI Language Learning","publisher":{"@id":"https:\/\/talkpal.ai\/sl\/#organization"},"alternateName":"Talkpal AI","potentialAction":[{"@type":"SearchAction","target":{"@type":"EntryPoint","urlTemplate":"https:\/\/talkpal.ai\/sl\/?s={search_term_string}"},"query-input":{"@type":"PropertyValueSpecification","valueRequired":true,"valueName":"search_term_string"}}],"inLanguage":"sl-SI"},{"@type":"Organization","@id":"https:\/\/talkpal.ai\/sl\/#organization","name":"Talkpal, Inc.","alternateName":"Talkpal AI","url":"https:\/\/talkpal.ai\/sl\/","logo":{"@type":"ImageObject","inLanguage":"sl-SI","@id":"https:\/\/talkpal.ai\/sl\/#\/schema\/logo\/image\/","url":"https:\/\/talkpal.ai\/wp-content\/uploads\/2024\/03\/Talkpal-Logo-Icon.png","contentUrl":"https:\/\/talkpal.ai\/wp-content\/uploads\/2024\/03\/Talkpal-Logo-Icon.png","width":2880,"height":2880,"caption":"Talkpal, Inc."},"image":{"@id":"https:\/\/talkpal.ai\/sl\/#\/schema\/logo\/image\/"},"sameAs":["https:\/\/www.facebook.com\/profile.php?id=100090733639311","https:\/\/x.com\/talkpalai","https:\/\/www.linkedin.com\/company\/talkpal\/","https:\/\/www.youtube.com\/@TalkPal\/","https:\/\/www.tiktok.com\/@talkpal","https:\/\/www.instagram.com\/talkpal_ai\/","https:\/\/www.crunchbase.com\/organization\/talkpal-9cde","https:\/\/www.g2.com\/products\/talkpal-for-business\/","https:\/\/www.trustpilot.com\/review\/talkpal.ai","https:\/\/www.capterra.com\/p\/10006800\/TalkPal\/"],"description":"Talkpal is a language learning web and mobile education app, powered by the latest AI technologies, that provides engaging experiences to its customers in many different languages to help them improve their language skills. Users can chat about unlimited amount of topics with the app and use other modes to practice their language learning.","email":"support@talkpal.ai","legalName":"Talkpal, Inc.","foundingDate":"2023-04-03","duns":"118989042","numberOfEmployees":{"@type":"QuantitativeValue","minValue":"11","maxValue":"50"},"publishingPrinciples":"https:\/\/talkpal.ai\/publishing-principles\/","actionableFeedbackPolicy":"https:\/\/talkpal.ai\/actionable-feedback-policy\/","correctionsPolicy":"https:\/\/talkpal.ai\/corrections-policy\/","ethicsPolicy":"https:\/\/talkpal.ai\/ethics-policy\/","diversityPolicy":"https:\/\/talkpal.ai\/diversity-policy\/","diversityStaffingReport":"https:\/\/talkpal.ai\/diversity-policy\/"}]}},"_links":{"self":[{"href":"https:\/\/talkpal.ai\/sl\/wp-json\/wp\/v2\/pages\/153764","targetHints":{"allow":["GET"]}}],"collection":[{"href":"https:\/\/talkpal.ai\/sl\/wp-json\/wp\/v2\/pages"}],"about":[{"href":"https:\/\/talkpal.ai\/sl\/wp-json\/wp\/v2\/types\/page"}],"author":[{"embeddable":true,"href":"https:\/\/talkpal.ai\/sl\/wp-json\/wp\/v2\/users\/1"}],"replies":[{"embeddable":true,"href":"https:\/\/talkpal.ai\/sl\/wp-json\/wp\/v2\/comments?post=153764"}],"version-history":[{"count":0,"href":"https:\/\/talkpal.ai\/sl\/wp-json\/wp\/v2\/pages\/153764\/revisions"}],"wp:featuredmedia":[{"embeddable":true,"href":"https:\/\/talkpal.ai\/sl\/wp-json\/wp\/v2\/media\/119649"}],"wp:attachment":[{"href":"https:\/\/talkpal.ai\/sl\/wp-json\/wp\/v2\/media?parent=153764"}],"curies":[{"name":"wp","href":"https:\/\/api.w.org\/{rel}","templated":true}]}}