{"id":153399,"date":"2023-05-14T14:24:42","date_gmt":"2023-05-14T14:24:42","guid":{"rendered":"http:\/\/talkpal.ai\/tajska-slovnica\/"},"modified":"2025-12-13T15:46:57","modified_gmt":"2025-12-13T15:46:57","slug":"tajska-slovnica","status":"publish","type":"page","link":"https:\/\/talkpal.ai\/sl\/tajska-slovnica\/","title":{"rendered":"Tajska slovnica"},"content":{"rendered":"\r\n\r\n\r\n<section class=\"languageChallengeSection\">\r\n    <div class=\"languageInfoWrapper\">\r\n        \r\n        <h1>Tajska slovnica<\/h1>\r\n        <p>Nau\u010dite se tajske slovnice in spoznajte lepoto logi\u010dnega in izraznega jezika. Za\u010dnite svoje potovanje in odprite vrata fascinantnemu na\u010dinu razmi\u0161ljanja in govorjenja!<\/p>\r\n\r\n                            <a class=\"getStartedHidden\" href=\"https:\/\/app.talkpal.ai\/sl\/signup?lng=\">Za\u010dni<\/a>\r\n        \r\n    <\/div>\r\n\r\n    <figure>\r\n    <img decoding=\"async\" width=\"768\" height=\"768\" src=\"https:\/\/talkpal.ai\/wp-content\/uploads\/2023\/06\/thai-768x768.png\" class=\"languageImage no-lazy\" alt=\"Language learning for improved thought process\" fetchpriority=\"high\" sizes=\"(max-width: 768px) 150px, 768px\" srcset=\"https:\/\/talkpal.ai\/wp-content\/uploads\/2023\/06\/thai-768x768.png 768w, https:\/\/talkpal.ai\/wp-content\/uploads\/2023\/06\/thai-300x300.png 300w\" \/>\r\n    \r\n\r\n    <\/figure>\r\n\r\n            <a class=\"getStartedVisible\" href=\"https:\/\/app.talkpal.ai\/sl\/signup?lng=\">Za\u010dni<\/a>\r\n    \r\n<\/section>\r\n<section class=\"promotionalBanner\">\r\n    <p class=\"promotionalText\">Naju\u010dinkovitej\u0161i na\u010din u\u010denja jezika<\/p>\r\n    <a class=\"promotionalLink\" href=\"https:\/\/app.talkpal.ai\/sl\/signup?lng=\">Preizkusite Talkpal brezpla\u010dno<\/a>\r\n<\/section>\n<div class=\"wp-block-group pageContainerStyle\"><div class=\"wp-block-group__inner-container is-layout-constrained wp-block-group-is-layout-constrained\">\n<h2 class=\"wp-block-heading\" id=\"h-thai-grammar-exploring-a-unique-linguistic-world\">Tajska slovnica: raziskovanje edinstvenega jezikovnega sveta<\/h2>\n\n\n\n<p><a href=\"https:\/\/talkpal.ai\/thai-grammar\/\">Tajska slovnica<\/a> &#8211; na videz skrivnostna, eksoti\u010dna in o\u010darljiva. Ko se odpravljate na pot u\u010denja tajskega jezika, se boste morda nepri\u010dakovano zna\u0161li navdu\u0161eni nad slovnico. Ne bojte se, moji kolegi jezikovni raziskovalci! Tukaj smo, da vam ponudimo smernice in podporo pri tej fascinantni pustolov\u0161\u010dini!<\/p>\n\n\n\n<p>V tem \u010dlanku se poglobimo v temeljne vidike tajske slovnice, raz\u010dlenimo klju\u010dne koncepte, razlo\u017eimo pravila in celo poenostavimo zapletenosti. Pridru\u017eite se nam, ko dvignemo tan\u010dico tajske slovnice in v\u017egemo va\u0161o strast do tega \u010dudovito edinstvenega jezika!<\/p>\n\n\n\n<h3 class=\"wp-block-heading\" id=\"h-1-nouns-no-plurals-no-genders-no-worries\">1. Samostalniki: Brez mno\u017eine, brez spola, brez skrbi!<\/h3>\n\n\n\n<p>Lepota tajske slovnice je v njeni preprostosti glede samostalnikov. <a href=\"https:\/\/talkpal.ai\/learn-thai\/\">Tajski<\/a> samostalniki nimajo spolnih ali mno\u017einskih oblik, zaradi \u010desar so enostavni za uporabo in razumevanje. \u010ce \u017eelite ozna\u010diti mno\u017eino, preprosto dodajte besedo za koli\u010dino, kot je &#8220;veliko&#8221; (\u0e21\u0e32\u0e01, m\u00e2ak) ali &#8220;nekaj&#8221; (\u0e1a\u0e49\u0e32\u0e07, b\u00e2ang), ali ponovite samostalnik, da poudarite pomen mno\u017eine.<\/p>\n\n\n\n<h3 class=\"wp-block-heading\" id=\"h-2-pronouns-choose-wisely-based-on-politeness\">2. Zaimki: Izberite pametno na podlagi vljudnosti<\/h3>\n\n\n\n<p>Izbira ustreznega zaimka je v <a href=\"https:\/\/talkpal.ai\/learn-thai\/\">tajski<\/a> slovnici bistvenega pomena za izkazovanje spo\u0161tovanja in poni\u017enosti. Tajski zaimki se razlikujejo glede na spol, starost in odnos govorca in poslu\u0161alca. Na primer, &#8220;\u0e09\u0e31\u0e19&#8221; (ch\u0103n) je obi\u010dajen neformalni prvoosebni zaimek, medtem ko &#8220;\u0e1c\u0e21&#8221; (p\u014fm) pogosto uporabljajo mo\u0161ki v bolj formalnih situacijah.<\/p>\n\n\n\n<p>\u010ce se \u017eelite izogniti vljudnosti, uporabljajte &#8220;\u0e04\u0e38\u0e13&#8221; (kun) za &#8220;ti&#8221; in &#8220;\u0e40\u0e02\u0e32&#8221; (k\u0103o) za &#8220;on\/oni&#8221;.<\/p>\n\n\n\n<h3 class=\"wp-block-heading\" id=\"h-3-verbs-no-conjugation-or-tenses-only-particles\">3. Glagoli: brez konjugacije ali \u010dasov, samo delci<\/h3>\n\n\n\n<p>V tajski slovnici glagoli ostanejo nespremenjeni ne glede na napetost, razpolo\u017eenje ali predmet. Namesto tega se taj\u0161\u010dina opira na preproste besede, znane kot delci, ki ozna\u010dujejo \u010das ali odnos stavka. Ti delci so postavljeni na konec stavka.<\/p>\n\n\n\n<p>Na primer, delec &#8220;\u0e41\u0e25\u0e49\u0e27&#8221; (l\u00e1ew) ozna\u010duje pretekli \u010das ali kon\u010dano dejanje, delec &#8220;\u0e01\u0e33\u0e25\u0e31\u0e07&#8221; (gam-lang) pa se uporablja za dejanja v teku. Zato &#8220;\u0e40\u0e02\u0e32\u0e01\u0e34\u0e19&#8221; (k\u0103o gin) pomeni &#8220;on\/ona je&#8221;, &#8220;\u0e40\u0e02\u0e32\u0e01\u0e34\u0e19\u0e41\u0e25\u0e49\u0e27&#8221; (k\u0103o gin l\u00e1ew) pa pomeni &#8220;on\/ona je jedel\/a&#8221;.<\/p>\n\n\n\n<h3 class=\"wp-block-heading\" id=\"h-4-sentence-structure-clear-and-straightforward\">4. Struktura stavkov: jasna in enostavna<\/h3>\n\n\n\n<p>Tajska <a href=\"https:\/\/talkpal.ai\/grammar\/\">slovnica<\/a> sledi strukturi stavkov Subject-Verb-Object (SVO), podobni angle\u0161ki, kar poenostavlja razumevanje angle\u0161ko govore\u010dih. Glavno pravilo je, da pridevniki, prislovi in druge opisne besede sledijo samostalniku ali glagolu, ki ga opisujejo.<\/p>\n\n\n\n<p>Na primer, &#8220;\u0e1c\u0e21\u0e0a\u0e2d\u0e1a\u0e2b\u0e19\u0e31\u0e07\u0e2a\u0e37\u0e2d\u0e19\u0e35\u0e49&#8221; (p\u014fm ch\u00e2wp n\u0103ng s\u011bu n\u00e9e) se prevaja kot &#8220;Ta knjiga (predmet) mi je v\u0161e\u010d (glagol)&#8221;.<\/p>\n\n\n\n<h3 class=\"wp-block-heading\" id=\"h-5-immerse-yourself-in-thai-practice-makes-perfect\">5. Potopite se v taj\u0161\u010dino: praksa je popolna<\/h3>\n\n\n\n<p>Razumevanje in obvladovanje tajske slovnice se na za\u010detku morda zdi izziv, klju\u010d pa je vztrajnost in dosledna praksa. Vklju\u010dite vse svoje \u010dute tako, da se potopite v jezik, berete, pi\u0161ete, poslu\u0161ate in se pogovarjate z doma\u010dimi govorci. Ve\u010d izpostavljenosti kot imate tajski slovnici, bolj se bodo ti eksoti\u010dni koncepti po\u010dutili znane in udobne.<\/p>\n\n\n\n<p>Torej, ste se pripravljeni potopiti v fascinanten svet tajske slovnice? Sprejmite izziv in edinstvene zna\u010dilnosti tajske slovnice in s \u010dasom, predanostjo in ob\u010dutkom pustolov\u0161\u010dine lahko odklenete o\u010darljivo lepoto tajskega jezika.<\/p>\n<\/div><\/div>\n\r\n<section class=\"learnNavigationSection\">\r\n            \r\n        <a href=\"https:\/\/talkpal.ai\/sl\/naucite-se-tajscini\/\">\r\n            <div class=\"learnNavigationWrapper\">\r\n                <div class=\"learnNavigationContent\">\r\n                    <img decoding=\"async\" src=\"https:\/\/talkpal.ai\/wp-content\/uploads\/2024\/08\/Thai.jpg\" alt=\"Thai Flag\">\r\n                    <div>\r\n                        <h4>O tajskem u\u010denju<\/h4>\r\n                        <p>Izvedite vse o tajski slovnici.<\/p>\r\n                    <\/div>\r\n                <\/div>\r\n            <\/div>\r\n        <\/a>\r\n\r\n        \r\n        <a href=\"https:\/\/talkpal.ai\/sl\/tajska-slovnicna-vaja\/\">\r\n            <div class=\"learnNavigationWrapper\">\r\n                <div class=\"learnNavigationContent\">\r\n                    <img decoding=\"async\" src=\"https:\/\/talkpal.ai\/wp-content\/uploads\/2024\/08\/Thai.jpg\" alt=\"Thai Flag\">\r\n                    <div>\r\n                        <h4>Thai Grammar Vaja<\/h4>\r\n                        <p>Vadite tajsko slovnico.<\/p>\r\n                    <\/div>\r\n                <\/div>\r\n            <\/div>\r\n        <\/a>\r\n\r\n        \r\n        <a href=\"https:\/\/talkpal.ai\/vocabulary_language\/thai\/\">\r\n            <div class=\"learnNavigationWrapper\">\r\n                <div class=\"learnNavigationContent\">\r\n                    <img decoding=\"async\" src=\"https:\/\/talkpal.ai\/wp-content\/uploads\/2024\/08\/Thai.jpg\" alt=\"Thai Flag\">\r\n                    <div>\r\n                        <h4>Tajski besednjak<\/h4>\r\n                        <p>Raz\u0161irite svoj tajski besednjak.<\/p>\r\n                    <\/div>\r\n                <\/div>\r\n            <\/div>\r\n        <\/a>\r\n\r\n            <\/section>","protected":false},"excerpt":{"rendered":"<p>Tajska slovnica: raziskovanje edinstvenega jezikovnega sveta Tajska slovnica &#8211; na videz skrivnostna, eksoti\u010dna in o\u010darljiva. Ko se odpravljate na pot u\u010denja tajskega jezika, se boste morda nepri\u010dakovano zna\u0161li navdu\u0161eni nad slovnico. Ne bojte se, moji kolegi jezikovni raziskovalci! Tukaj smo, da vam ponudimo smernice in podporo pri tej fascinantni pustolov\u0161\u010dini! V tem \u010dlanku se poglobimo [&hellip;]<\/p>\n","protected":false},"author":1,"featured_media":120789,"parent":0,"menu_order":0,"comment_status":"closed","ping_status":"closed","template":"LearningContentPage.php","meta":{"_acf_changed":false,"footnotes":""},"class_list":["post-153399","page","type-page","status-publish","has-post-thumbnail","hentry"],"acf":[],"yoast_head":"<!-- This site is optimized with the Yoast SEO Premium plugin v27.2 (Yoast SEO v27.2) - https:\/\/yoast.com\/product\/yoast-seo-premium-wordpress\/ -->\n<title>Tajska slovnica - Talkpal<\/title>\n<meta name=\"description\" content=\"Razi\u0161\u010dite fascinanten svet tajske slovnice. Odkrijte njegovo preprostost in edinstvene funkcije, s katerimi je u\u010denje prijetno.\" \/>\n<meta name=\"robots\" content=\"index, follow, max-snippet:-1, max-image-preview:large, max-video-preview:-1\" \/>\n<link rel=\"canonical\" href=\"https:\/\/talkpal.ai\/sl\/tajska-slovnica\/\" \/>\n<meta property=\"og:locale\" content=\"sl_SI\" \/>\n<meta property=\"og:type\" content=\"article\" \/>\n<meta property=\"og:title\" content=\"Tajska slovnica\" \/>\n<meta property=\"og:description\" content=\"Tajska slovnica: raziskovanje edinstvenega jezikovnega sveta Tajska slovnica - na videz skrivnostna, eksoti\u010dna in o\u010darljiva. Ko se odpravljate na pot\" \/>\n<meta property=\"og:url\" content=\"https:\/\/talkpal.ai\/sl\/tajska-slovnica\/\" \/>\n<meta property=\"og:site_name\" content=\"Talkpal\" \/>\n<meta property=\"article:publisher\" content=\"https:\/\/www.facebook.com\/profile.php?id=100090733639311\" \/>\n<meta property=\"article:modified_time\" content=\"2025-12-13T15:46:57+00:00\" \/>\n<meta property=\"og:image\" content=\"https:\/\/talkpal.ai\/wp-content\/uploads\/2023\/05\/thailand.png\" \/>\n\t<meta property=\"og:image:width\" content=\"512\" \/>\n\t<meta property=\"og:image:height\" content=\"512\" \/>\n\t<meta property=\"og:image:type\" content=\"image\/png\" \/>\n<meta name=\"twitter:card\" content=\"summary_large_image\" \/>\n<meta name=\"twitter:site\" content=\"@talkpalai\" \/>\n<meta name=\"twitter:label1\" content=\"Est. reading time\" \/>\n\t<meta name=\"twitter:data1\" content=\"2 minuti\" \/>\n<script type=\"application\/ld+json\" class=\"yoast-schema-graph\">{\"@context\":\"https:\/\/schema.org\",\"@graph\":[{\"@type\":\"WebPage\",\"@id\":\"https:\/\/talkpal.ai\/sl\/tajska-slovnica\/\",\"url\":\"https:\/\/talkpal.ai\/sl\/tajska-slovnica\/\",\"name\":\"Tajska slovnica - Talkpal\",\"isPartOf\":{\"@id\":\"https:\/\/talkpal.ai\/sl\/#website\"},\"primaryImageOfPage\":{\"@id\":\"https:\/\/talkpal.ai\/sl\/tajska-slovnica\/#primaryimage\"},\"image\":{\"@id\":\"https:\/\/talkpal.ai\/sl\/tajska-slovnica\/#primaryimage\"},\"thumbnailUrl\":\"https:\/\/talkpal.ai\/wp-content\/uploads\/2023\/05\/thailand.png\",\"datePublished\":\"2023-05-14T14:24:42+00:00\",\"dateModified\":\"2025-12-13T15:46:57+00:00\",\"description\":\"Razi\u0161\u010dite fascinanten svet tajske slovnice. Odkrijte njegovo preprostost in edinstvene funkcije, s katerimi je u\u010denje prijetno.\",\"breadcrumb\":{\"@id\":\"https:\/\/talkpal.ai\/sl\/tajska-slovnica\/#breadcrumb\"},\"inLanguage\":\"sl-SI\",\"potentialAction\":[{\"@type\":\"ReadAction\",\"target\":[\"https:\/\/talkpal.ai\/sl\/tajska-slovnica\/\"]}]},{\"@type\":\"ImageObject\",\"inLanguage\":\"sl-SI\",\"@id\":\"https:\/\/talkpal.ai\/sl\/tajska-slovnica\/#primaryimage\",\"url\":\"https:\/\/talkpal.ai\/wp-content\/uploads\/2023\/05\/thailand.png\",\"contentUrl\":\"https:\/\/talkpal.ai\/wp-content\/uploads\/2023\/05\/thailand.png\",\"width\":512,\"height\":512},{\"@type\":\"BreadcrumbList\",\"@id\":\"https:\/\/talkpal.ai\/sl\/tajska-slovnica\/#breadcrumb\",\"itemListElement\":[{\"@type\":\"ListItem\",\"position\":1,\"name\":\"Homepage\",\"item\":\"https:\/\/talkpal.ai\/sl\/\"},{\"@type\":\"ListItem\",\"position\":2,\"name\":\"Tajska slovnica\"}]},{\"@type\":\"WebSite\",\"@id\":\"https:\/\/talkpal.ai\/sl\/#website\",\"url\":\"https:\/\/talkpal.ai\/sl\/\",\"name\":\"Talkpal\",\"description\":\"AI Language Learning\",\"publisher\":{\"@id\":\"https:\/\/talkpal.ai\/sl\/#organization\"},\"alternateName\":\"Talkpal AI\",\"potentialAction\":[{\"@type\":\"SearchAction\",\"target\":{\"@type\":\"EntryPoint\",\"urlTemplate\":\"https:\/\/talkpal.ai\/sl\/?s={search_term_string}\"},\"query-input\":{\"@type\":\"PropertyValueSpecification\",\"valueRequired\":true,\"valueName\":\"search_term_string\"}}],\"inLanguage\":\"sl-SI\"},{\"@type\":\"Organization\",\"@id\":\"https:\/\/talkpal.ai\/sl\/#organization\",\"name\":\"Talkpal, Inc.\",\"alternateName\":\"Talkpal AI\",\"url\":\"https:\/\/talkpal.ai\/sl\/\",\"logo\":{\"@type\":\"ImageObject\",\"inLanguage\":\"sl-SI\",\"@id\":\"https:\/\/talkpal.ai\/sl\/#\/schema\/logo\/image\/\",\"url\":\"https:\/\/talkpal.ai\/wp-content\/uploads\/2024\/03\/Talkpal-Logo-Icon.png\",\"contentUrl\":\"https:\/\/talkpal.ai\/wp-content\/uploads\/2024\/03\/Talkpal-Logo-Icon.png\",\"width\":2880,\"height\":2880,\"caption\":\"Talkpal, Inc.\"},\"image\":{\"@id\":\"https:\/\/talkpal.ai\/sl\/#\/schema\/logo\/image\/\"},\"sameAs\":[\"https:\/\/www.facebook.com\/profile.php?id=100090733639311\",\"https:\/\/x.com\/talkpalai\",\"https:\/\/www.linkedin.com\/company\/talkpal\/\",\"https:\/\/www.youtube.com\/@TalkPal\/\",\"https:\/\/www.tiktok.com\/@talkpal\",\"https:\/\/www.instagram.com\/talkpal_ai\/\",\"https:\/\/www.crunchbase.com\/organization\/talkpal-9cde\",\"https:\/\/www.g2.com\/products\/talkpal-for-business\/\",\"https:\/\/www.trustpilot.com\/review\/talkpal.ai\",\"https:\/\/www.capterra.com\/p\/10006800\/TalkPal\/\"],\"description\":\"Talkpal is a language learning web and mobile education app, powered by the latest AI technologies, that provides engaging experiences to its customers in many different languages to help them improve their language skills. Users can chat about unlimited amount of topics with the app and use other modes to practice their language learning.\",\"email\":\"support@talkpal.ai\",\"legalName\":\"Talkpal, Inc.\",\"foundingDate\":\"2023-04-03\",\"duns\":\"118989042\",\"numberOfEmployees\":{\"@type\":\"QuantitativeValue\",\"minValue\":\"11\",\"maxValue\":\"50\"},\"publishingPrinciples\":\"https:\/\/talkpal.ai\/publishing-principles\/\",\"actionableFeedbackPolicy\":\"https:\/\/talkpal.ai\/actionable-feedback-policy\/\",\"correctionsPolicy\":\"https:\/\/talkpal.ai\/corrections-policy\/\",\"ethicsPolicy\":\"https:\/\/talkpal.ai\/ethics-policy\/\",\"diversityPolicy\":\"https:\/\/talkpal.ai\/diversity-policy\/\",\"diversityStaffingReport\":\"https:\/\/talkpal.ai\/diversity-policy\/\"}]}<\/script>\n<!-- \/ Yoast SEO Premium plugin. -->","yoast_head_json":{"title":"Tajska slovnica - Talkpal","description":"Razi\u0161\u010dite fascinanten svet tajske slovnice. Odkrijte njegovo preprostost in edinstvene funkcije, s katerimi je u\u010denje prijetno.","robots":{"index":"index","follow":"follow","max-snippet":"max-snippet:-1","max-image-preview":"max-image-preview:large","max-video-preview":"max-video-preview:-1"},"canonical":"https:\/\/talkpal.ai\/sl\/tajska-slovnica\/","og_locale":"sl_SI","og_type":"article","og_title":"Tajska slovnica","og_description":"Tajska slovnica: raziskovanje edinstvenega jezikovnega sveta Tajska slovnica - na videz skrivnostna, eksoti\u010dna in o\u010darljiva. Ko se odpravljate na pot","og_url":"https:\/\/talkpal.ai\/sl\/tajska-slovnica\/","og_site_name":"Talkpal","article_publisher":"https:\/\/www.facebook.com\/profile.php?id=100090733639311","article_modified_time":"2025-12-13T15:46:57+00:00","og_image":[{"width":512,"height":512,"url":"https:\/\/talkpal.ai\/wp-content\/uploads\/2023\/05\/thailand.png","type":"image\/png"}],"twitter_card":"summary_large_image","twitter_site":"@talkpalai","twitter_misc":{"Est. reading time":"2 minuti"},"schema":{"@context":"https:\/\/schema.org","@graph":[{"@type":"WebPage","@id":"https:\/\/talkpal.ai\/sl\/tajska-slovnica\/","url":"https:\/\/talkpal.ai\/sl\/tajska-slovnica\/","name":"Tajska slovnica - Talkpal","isPartOf":{"@id":"https:\/\/talkpal.ai\/sl\/#website"},"primaryImageOfPage":{"@id":"https:\/\/talkpal.ai\/sl\/tajska-slovnica\/#primaryimage"},"image":{"@id":"https:\/\/talkpal.ai\/sl\/tajska-slovnica\/#primaryimage"},"thumbnailUrl":"https:\/\/talkpal.ai\/wp-content\/uploads\/2023\/05\/thailand.png","datePublished":"2023-05-14T14:24:42+00:00","dateModified":"2025-12-13T15:46:57+00:00","description":"Razi\u0161\u010dite fascinanten svet tajske slovnice. Odkrijte njegovo preprostost in edinstvene funkcije, s katerimi je u\u010denje prijetno.","breadcrumb":{"@id":"https:\/\/talkpal.ai\/sl\/tajska-slovnica\/#breadcrumb"},"inLanguage":"sl-SI","potentialAction":[{"@type":"ReadAction","target":["https:\/\/talkpal.ai\/sl\/tajska-slovnica\/"]}]},{"@type":"ImageObject","inLanguage":"sl-SI","@id":"https:\/\/talkpal.ai\/sl\/tajska-slovnica\/#primaryimage","url":"https:\/\/talkpal.ai\/wp-content\/uploads\/2023\/05\/thailand.png","contentUrl":"https:\/\/talkpal.ai\/wp-content\/uploads\/2023\/05\/thailand.png","width":512,"height":512},{"@type":"BreadcrumbList","@id":"https:\/\/talkpal.ai\/sl\/tajska-slovnica\/#breadcrumb","itemListElement":[{"@type":"ListItem","position":1,"name":"Homepage","item":"https:\/\/talkpal.ai\/sl\/"},{"@type":"ListItem","position":2,"name":"Tajska slovnica"}]},{"@type":"WebSite","@id":"https:\/\/talkpal.ai\/sl\/#website","url":"https:\/\/talkpal.ai\/sl\/","name":"Talkpal","description":"AI Language Learning","publisher":{"@id":"https:\/\/talkpal.ai\/sl\/#organization"},"alternateName":"Talkpal AI","potentialAction":[{"@type":"SearchAction","target":{"@type":"EntryPoint","urlTemplate":"https:\/\/talkpal.ai\/sl\/?s={search_term_string}"},"query-input":{"@type":"PropertyValueSpecification","valueRequired":true,"valueName":"search_term_string"}}],"inLanguage":"sl-SI"},{"@type":"Organization","@id":"https:\/\/talkpal.ai\/sl\/#organization","name":"Talkpal, Inc.","alternateName":"Talkpal AI","url":"https:\/\/talkpal.ai\/sl\/","logo":{"@type":"ImageObject","inLanguage":"sl-SI","@id":"https:\/\/talkpal.ai\/sl\/#\/schema\/logo\/image\/","url":"https:\/\/talkpal.ai\/wp-content\/uploads\/2024\/03\/Talkpal-Logo-Icon.png","contentUrl":"https:\/\/talkpal.ai\/wp-content\/uploads\/2024\/03\/Talkpal-Logo-Icon.png","width":2880,"height":2880,"caption":"Talkpal, Inc."},"image":{"@id":"https:\/\/talkpal.ai\/sl\/#\/schema\/logo\/image\/"},"sameAs":["https:\/\/www.facebook.com\/profile.php?id=100090733639311","https:\/\/x.com\/talkpalai","https:\/\/www.linkedin.com\/company\/talkpal\/","https:\/\/www.youtube.com\/@TalkPal\/","https:\/\/www.tiktok.com\/@talkpal","https:\/\/www.instagram.com\/talkpal_ai\/","https:\/\/www.crunchbase.com\/organization\/talkpal-9cde","https:\/\/www.g2.com\/products\/talkpal-for-business\/","https:\/\/www.trustpilot.com\/review\/talkpal.ai","https:\/\/www.capterra.com\/p\/10006800\/TalkPal\/"],"description":"Talkpal is a language learning web and mobile education app, powered by the latest AI technologies, that provides engaging experiences to its customers in many different languages to help them improve their language skills. Users can chat about unlimited amount of topics with the app and use other modes to practice their language learning.","email":"support@talkpal.ai","legalName":"Talkpal, Inc.","foundingDate":"2023-04-03","duns":"118989042","numberOfEmployees":{"@type":"QuantitativeValue","minValue":"11","maxValue":"50"},"publishingPrinciples":"https:\/\/talkpal.ai\/publishing-principles\/","actionableFeedbackPolicy":"https:\/\/talkpal.ai\/actionable-feedback-policy\/","correctionsPolicy":"https:\/\/talkpal.ai\/corrections-policy\/","ethicsPolicy":"https:\/\/talkpal.ai\/ethics-policy\/","diversityPolicy":"https:\/\/talkpal.ai\/diversity-policy\/","diversityStaffingReport":"https:\/\/talkpal.ai\/diversity-policy\/"}]}},"_links":{"self":[{"href":"https:\/\/talkpal.ai\/sl\/wp-json\/wp\/v2\/pages\/153399","targetHints":{"allow":["GET"]}}],"collection":[{"href":"https:\/\/talkpal.ai\/sl\/wp-json\/wp\/v2\/pages"}],"about":[{"href":"https:\/\/talkpal.ai\/sl\/wp-json\/wp\/v2\/types\/page"}],"author":[{"embeddable":true,"href":"https:\/\/talkpal.ai\/sl\/wp-json\/wp\/v2\/users\/1"}],"replies":[{"embeddable":true,"href":"https:\/\/talkpal.ai\/sl\/wp-json\/wp\/v2\/comments?post=153399"}],"version-history":[{"count":0,"href":"https:\/\/talkpal.ai\/sl\/wp-json\/wp\/v2\/pages\/153399\/revisions"}],"wp:featuredmedia":[{"embeddable":true,"href":"https:\/\/talkpal.ai\/sl\/wp-json\/wp\/v2\/media\/120789"}],"wp:attachment":[{"href":"https:\/\/talkpal.ai\/sl\/wp-json\/wp\/v2\/media?parent=153399"}],"curies":[{"name":"wp","href":"https:\/\/api.w.org\/{rel}","templated":true}]}}