{"id":153141,"date":"2023-05-14T14:23:49","date_gmt":"2023-05-14T14:23:49","guid":{"rendered":"http:\/\/talkpal.ai\/turska-slovnica\/"},"modified":"2025-12-13T15:45:44","modified_gmt":"2025-12-13T15:45:44","slug":"turska-slovnica","status":"publish","type":"page","link":"https:\/\/talkpal.ai\/sl\/turska-slovnica\/","title":{"rendered":"Tur\u0161ka slovnica"},"content":{"rendered":"\r\n\r\n\r\n<section class=\"languageChallengeSection\">\r\n    <div class=\"languageInfoWrapper\">\r\n        \r\n        <h1>Tur\u0161ka slovnica<\/h1>\r\n        <p>Vas zanima u\u010denje tur\u0161\u010dine? Razi\u0161\u010dite tur\u0161ko slovnico in spoznajte, kako so njena logi\u010dna struktura, harmonija samoglasnikov in enostavni glagolski vzorci hkrati zanimivi in dostopni. Za\u010dnite pot \u0161e danes &#8211; obvladovanje tur\u0161ke slovnice je va\u0161 klju\u010d do teko\u010de komunikacije in odpiranja \u017eivahnega sveta kulture in povezav!<\/p>\r\n\r\n                            <a class=\"getStartedHidden\" href=\"https:\/\/app.talkpal.ai\/sl\/signup?lng=\">Za\u010dni<\/a>\r\n        \r\n    <\/div>\r\n\r\n    <figure>\r\n    <img decoding=\"async\" width=\"768\" height=\"768\" src=\"https:\/\/talkpal.ai\/wp-content\/uploads\/2023\/06\/turkish-768x768.png\" class=\"languageImage no-lazy\" alt=\"Language learning for increased focus\" fetchpriority=\"high\" sizes=\"(max-width: 768px) 150px, 768px\" srcset=\"https:\/\/talkpal.ai\/wp-content\/uploads\/2023\/06\/turkish-768x768.png 768w, https:\/\/talkpal.ai\/wp-content\/uploads\/2023\/06\/turkish-300x300.png 300w\" \/>\r\n    \r\n\r\n    <\/figure>\r\n\r\n            <a class=\"getStartedVisible\" href=\"https:\/\/app.talkpal.ai\/sl\/signup?lng=\">Za\u010dni<\/a>\r\n    \r\n<\/section>\r\n<section class=\"promotionalBanner\">\r\n    <p class=\"promotionalText\">Naju\u010dinkovitej\u0161i na\u010din u\u010denja jezika<\/p>\r\n    <a class=\"promotionalLink\" href=\"https:\/\/app.talkpal.ai\/sl\/signup?lng=\">Preizkusite Talkpal brezpla\u010dno<\/a>\r\n<\/section>\n<div class=\"wp-block-group pageContainerStyle\"><div class=\"wp-block-group__inner-container is-layout-constrained wp-block-group-is-layout-constrained\">\n<h2 class=\"wp-block-heading\" id=\"h-the-ultimate-guide-to-turkish-grammar-navigating-the-intricacies-of-a-unique-language\">Kon\u010dni vodnik po tur\u0161ki slovnici: krmarjenje po zapletenosti edinstvenega jezika<\/h2>\n\n\n\n<p><a href=\"https:\/\/talkpal.ai\/turkish-grammar\/\">Tur\u0161ka slovnica<\/a>, tako kot sam jezik, predstavlja bogato in fascinantno tapiserijo jezikovnih elementov. Kot \u010dlan tur\u0161ke jezikovne dru\u017eine tur\u0161\u010dina s svojimi raznolikimi lastnostmi o\u010dara u\u010dence in izziva tudi najbolj usposobljene govorce. V tem vodniku bomo raziskali klju\u010dna na\u010dela tur\u0161ke slovnice, razlo\u017eili njene zaplete in vam pomagali na <a href=\"https:\/\/talkpal.ai\/locations\/learn-english-in-poti\/\">poti<\/a> do teko\u010dega znanja tega o\u010darljivega jezika. Za\u010dnimo!<\/p>\n\n\n\n<h3 class=\"wp-block-heading\" id=\"h-the-nuts-and-bolts-turkish-sentence-structure\">Matice in vijaki: tur\u0161ka stav\u010dna struktura<\/h3>\n\n\n\n<p>V svojem bistvu je <a href=\"https:\/\/talkpal.ai\/turkish-grammar\/\">tur\u0161ka slovnica<\/a> dokaj enostavna. Jezik obi\u010dajno sledi strukturi stavkov <a href=\"https:\/\/talkpal.ai\/culture\/how-do-you-structure-a-sentence-using-subject-object-verb-order-in-uzbek\/\">Subject-Object-Verb<\/a> (SOV), za razliko od angle\u0161\u010dine in mnogih drugih jezikov. Na primer stavek &#8220;Jem jabolko&#8221; se prevede v &#8220;Ben elma yiyorum&#8221; (Ben=I, elma=jabolko, yiyorum=jesti). Preprosto, kajne? Vendar pa boste ob poglabljanju spoznali nekaj zanimivih in zna\u010dilnih lastnosti tur\u0161ke slovnice.<\/p>\n\n\n\n<h3 class=\"wp-block-heading\" id=\"h-meet-the-family-turkish-nouns-and-their-suffixes\">Spoznajte dru\u017eino: tur\u0161ki samostalniki in njihove pripone<\/h3>\n\n\n\n<p><a href=\"https:\/\/talkpal.ai\/locations\/language-courses-in-ena\/\">Ena<\/a> najbolj zna\u010dilnih zna\u010dilnosti tur\u0161ke slovnice je uporaba pripon za izra\u017eanje razli\u010dnih slovni\u010dnih odnosov. V tur\u0161\u010dini ni predlogov; Namesto njih so na samostalnike pritrjene pripone, ki ozna\u010dujejo posest, neposredne predmete in lokacijo.<\/p>\n\n\n\n<p>Vzemimo na primer besedo &#8220;elma&#8221; (elma), ki pomeni &#8220;jabolko&#8221;:<\/p>\n\n\n\n<p><strong>&#8211; Posest: Benim elmam (Moje jabolko)<\/strong><\/p>\n\n\n\n<p><strong>&#8211; Neposredni predmet: Elmay\u0131 yedim (jedel sem jabolko)<\/strong><\/p>\n\n\n\n<p><strong>&#8211; Lokacija: Elmada (pri jabolku)<\/strong><\/p>\n\n\n\n<p>Pomembno je, da se seznanite s temi kon\u010dnicami, saj lahko bistveno spremenijo pomen stavkov.<\/p>\n\n\n\n<h3 class=\"wp-block-heading\" id=\"h-playing-with-numbers-turkish-plurals-and-genders\">Igranje s \u0161tevilkami: tur\u0161ka mno\u017eina in spol<\/h3>\n\n\n\n<p>Pri tvorjenju mno\u017eine v tur\u0161\u010dini je treba dodati le eno kon\u010dnico: -ler ali -lar, odvisno od najbli\u017ejega samoglasnika v besedi. Za razliko od mnogih drugih jezikov tur\u0161\u010dina nima slovni\u010dnega spola. To pomeni, da se vam ne bo treba u\u010diti razli\u010dnih kon\u010dnic ali oblik za samostalnike mo\u0161kega, \u017eenskega ali srednjega spola.<\/p>\n\n\n\n<p>Na primer, &#8220;k\u00f6pek&#8221; (k\u00f6pek, samostalnik v pomenu &#8220;pes&#8221;) postane &#8220;k\u00f6pekler&#8221; (k\u00f6pekler, psi), &#8220;kedi&#8221; (kedi, samostalnik v pomenu &#8220;ma\u010dka&#8221;) pa &#8220;kediler&#8221; (kediler, ma\u010dke).<\/p>\n\n\n\n<h3 class=\"wp-block-heading\" id=\"h-the-art-of-conjugation-turkish-verbs\">Umetnost konjugacije: tur\u0161ki glagoli<\/h3>\n\n\n\n<p><a href=\"https:\/\/talkpal.ai\/learn-turkish\/\">Tur\u0161ki<\/a> glagoli se sprva morda zdijo zastra\u0161ujo\u010di zaradi \u0161tevilnih \u010dasov, razpolo\u017eenj in konjugacij. Vendar pa je klju\u010d do njihovega razumevanja prepoznavanje skupnih vzorcev in redno vadbo.<\/p>\n\n\n\n<p>V tur\u0161\u010dini glagoli uporabljajo razli\u010dne pripone, ki ozna\u010dujejo napetost, razpolo\u017eenje in osebo. Glagolsko steblo ostane nespremenjeno. Kot primer vzemimo glagol &#8220;yemek&#8221; (yemek, &#8220;jesti&#8221;):<\/p>\n\n\n\n<p><strong>Sedanji neprekinjeni \u010das: Yiyorum (jedem)<\/strong><\/p>\n\n\n\n<p><strong>Pretekli \u010das: Yedim (jedel)<\/strong><\/p>\n\n\n\n<p><strong>Prihodnji \u010das: Yiyece\u011fim (jedel bom)<\/strong><\/p>\n\n\n\n<p>Kot lahko vidite, se kon\u010dnice spreminjajo glede na \u010das in osebo. Z vajo in potrpe\u017eljivostjo boste za\u010deli prepoznavati vzorce in premagali ta izziv.<\/p>\n\n\n\n<h3 class=\"wp-block-heading\" id=\"h-the-finishing-touches-turkish-adjectives-adverbs-and-more\">Zaklju\u010dni dotiki: tur\u0161ki pridevniki, prislovi in \u0161e ve\u010d<\/h3>\n\n\n\n<p>Ko gre za tur\u0161ke pridevnike in prislove, igrajo klju\u010dno vlogo pri dodajanju globine in kompleksnosti va\u0161emu govoru. Pridevnikom v tur\u0161\u010dini ni treba sogla\u0161ati s samostalniki, ki jih spreminjajo, zato jih je la\u017eje uporabljati kot v mnogih drugih jezikih.<\/p>\n\n\n\n<p>Na primer, &#8220;g\u00fczel&#8221; (g\u00fczel) pomeni &#8220;lep&#8221; in ga lahko vidite kot &#8220;g\u00fczel \u00e7i\u00e7ek&#8221; (g\u00fczel \u00e7i\u00e7ek, &#8220;lep cvet&#8221;) ali &#8220;g\u00fczel k\u00f6pek&#8221; (g\u00fczel k\u00f6pek, &#8220;lep pes&#8221;), brez sprememb za mno\u017eino ali spol.<\/p>\n\n\n\n<p>Prislovi obi\u010dajno sledijo podobnim vzorcem, ki pogosto izhajajo iz pridevnikov. V tur\u0161\u010dini se lahko veliko prislovov oblikuje z dodajanjem pripone -ce ali -ca pridevnikom, odvisno od najbli\u017ejega samoglasnika.<\/p>\n\n\n\n<p>Zaklju\u010dimo lahko, da so zapletenost in posebnosti tur\u0161ke slovnice sicer zahtevne, vendar dajejo jeziku o\u010darljivo lepoto in zna\u010daj. S kombinacijo vztrajnosti, radovednosti in prakti\u010dne uporabe boste kmalu z lahkoto in samozavestjo obvladali tur\u0161ko slovnico. Sre\u010dno u\u010denje!<\/p>\n<\/div><\/div>\n\r\n<section class=\"learnNavigationSection\">\r\n            \r\n        <a href=\"https:\/\/talkpal.ai\/sl\/naucite-se-turscine\/\">\r\n            <div class=\"learnNavigationWrapper\">\r\n                <div class=\"learnNavigationContent\">\r\n                    <img decoding=\"async\" src=\"https:\/\/talkpal.ai\/wp-content\/uploads\/2024\/08\/Turkish.jpg\" alt=\"Turkish Flag\">\r\n                    <div>\r\n                        <h4>O u\u010denju tur\u0161\u010dine<\/h4>\r\n                        <p>Izvedite vse o tur\u0161ki slovnici.<\/p>\r\n                    <\/div>\r\n                <\/div>\r\n            <\/div>\r\n        <\/a>\r\n\r\n        \r\n        <a href=\"https:\/\/talkpal.ai\/sl\/turske-slovnicne-vaje\/\">\r\n            <div class=\"learnNavigationWrapper\">\r\n                <div class=\"learnNavigationContent\">\r\n                    <img decoding=\"async\" src=\"https:\/\/talkpal.ai\/wp-content\/uploads\/2024\/08\/Turkish.jpg\" alt=\"Turkish Flag\">\r\n                    <div>\r\n                        <h4>Vaja iz tur\u0161ke slovnice<\/h4>\r\n                        <p>Vadite tur\u0161ko slovnico.<\/p>\r\n                    <\/div>\r\n                <\/div>\r\n            <\/div>\r\n        <\/a>\r\n\r\n        \r\n        <a href=\"https:\/\/talkpal.ai\/vocabulary_language\/turkish\/\">\r\n            <div class=\"learnNavigationWrapper\">\r\n                <div class=\"learnNavigationContent\">\r\n                    <img decoding=\"async\" src=\"https:\/\/talkpal.ai\/wp-content\/uploads\/2024\/08\/Turkish.jpg\" alt=\"Turkish Flag\">\r\n                    <div>\r\n                        <h4>Tur\u0161ki besednjak<\/h4>\r\n                        <p>Raz\u0161irite svoj tur\u0161ki besedni zaklad.<\/p>\r\n                    <\/div>\r\n                <\/div>\r\n            <\/div>\r\n        <\/a>\r\n\r\n            <\/section>","protected":false},"excerpt":{"rendered":"<p>Kon\u010dni vodnik po tur\u0161ki slovnici: krmarjenje po zapletenosti edinstvenega jezika Tur\u0161ka slovnica, tako kot sam jezik, predstavlja bogato in fascinantno tapiserijo jezikovnih elementov. Kot \u010dlan tur\u0161ke jezikovne dru\u017eine tur\u0161\u010dina s svojimi raznolikimi lastnostmi o\u010dara u\u010dence in izziva tudi najbolj usposobljene govorce. V tem vodniku bomo raziskali klju\u010dna na\u010dela tur\u0161ke slovnice, razlo\u017eili njene zaplete in vam [&hellip;]<\/p>\n","protected":false},"author":1,"featured_media":120982,"parent":0,"menu_order":0,"comment_status":"closed","ping_status":"closed","template":"LearningContentPage.php","meta":{"_acf_changed":false,"footnotes":""},"class_list":["post-153141","page","type-page","status-publish","has-post-thumbnail","hentry"],"acf":[],"yoast_head":"<!-- This site is optimized with the Yoast SEO Premium plugin v27.2 (Yoast SEO v27.2) - https:\/\/yoast.com\/product\/yoast-seo-premium-wordpress\/ -->\n<title>Tur\u0161ka slovnica - Talkpal<\/title>\n<meta name=\"description\" content=\"Odkrijte skrivnosti tur\u0161ke slovnice z na\u0161im iz\u010drpnim vodnikom po klju\u010dnih na\u010delih in zgradbi stavka.\" \/>\n<meta name=\"robots\" content=\"index, follow, max-snippet:-1, max-image-preview:large, max-video-preview:-1\" \/>\n<link rel=\"canonical\" href=\"https:\/\/talkpal.ai\/sl\/turska-slovnica\/\" \/>\n<meta property=\"og:locale\" content=\"sl_SI\" \/>\n<meta property=\"og:type\" content=\"article\" \/>\n<meta property=\"og:title\" content=\"Tur\u0161ka slovnica\" \/>\n<meta property=\"og:description\" content=\"Kon\u010dni vodnik po tur\u0161ki slovnici: krmarjenje po zapletenosti edinstvenega jezika Tur\u0161ka slovnica, tako kot sam jezik, predstavlja bogato in fascinantno\" \/>\n<meta property=\"og:url\" content=\"https:\/\/talkpal.ai\/sl\/turska-slovnica\/\" \/>\n<meta property=\"og:site_name\" content=\"Talkpal\" \/>\n<meta property=\"article:publisher\" content=\"https:\/\/www.facebook.com\/profile.php?id=100090733639311\" \/>\n<meta property=\"article:modified_time\" content=\"2025-12-13T15:45:44+00:00\" \/>\n<meta property=\"og:image\" content=\"https:\/\/talkpal.ai\/wp-content\/uploads\/2023\/05\/turkish.png\" \/>\n\t<meta property=\"og:image:width\" content=\"512\" \/>\n\t<meta property=\"og:image:height\" content=\"512\" \/>\n\t<meta property=\"og:image:type\" content=\"image\/png\" \/>\n<meta name=\"twitter:card\" content=\"summary_large_image\" \/>\n<meta name=\"twitter:site\" content=\"@talkpalai\" \/>\n<meta name=\"twitter:label1\" content=\"Est. reading time\" \/>\n\t<meta name=\"twitter:data1\" content=\"3 minute\" \/>\n<script type=\"application\/ld+json\" class=\"yoast-schema-graph\">{\"@context\":\"https:\/\/schema.org\",\"@graph\":[{\"@type\":\"WebPage\",\"@id\":\"https:\/\/talkpal.ai\/sl\/turska-slovnica\/\",\"url\":\"https:\/\/talkpal.ai\/sl\/turska-slovnica\/\",\"name\":\"Tur\u0161ka slovnica - Talkpal\",\"isPartOf\":{\"@id\":\"https:\/\/talkpal.ai\/sl\/#website\"},\"primaryImageOfPage\":{\"@id\":\"https:\/\/talkpal.ai\/sl\/turska-slovnica\/#primaryimage\"},\"image\":{\"@id\":\"https:\/\/talkpal.ai\/sl\/turska-slovnica\/#primaryimage\"},\"thumbnailUrl\":\"https:\/\/talkpal.ai\/wp-content\/uploads\/2023\/05\/turkish.png\",\"datePublished\":\"2023-05-14T14:23:49+00:00\",\"dateModified\":\"2025-12-13T15:45:44+00:00\",\"description\":\"Odkrijte skrivnosti tur\u0161ke slovnice z na\u0161im iz\u010drpnim vodnikom po klju\u010dnih na\u010delih in zgradbi stavka.\",\"breadcrumb\":{\"@id\":\"https:\/\/talkpal.ai\/sl\/turska-slovnica\/#breadcrumb\"},\"inLanguage\":\"sl-SI\",\"potentialAction\":[{\"@type\":\"ReadAction\",\"target\":[\"https:\/\/talkpal.ai\/sl\/turska-slovnica\/\"]}]},{\"@type\":\"ImageObject\",\"inLanguage\":\"sl-SI\",\"@id\":\"https:\/\/talkpal.ai\/sl\/turska-slovnica\/#primaryimage\",\"url\":\"https:\/\/talkpal.ai\/wp-content\/uploads\/2023\/05\/turkish.png\",\"contentUrl\":\"https:\/\/talkpal.ai\/wp-content\/uploads\/2023\/05\/turkish.png\",\"width\":512,\"height\":512},{\"@type\":\"BreadcrumbList\",\"@id\":\"https:\/\/talkpal.ai\/sl\/turska-slovnica\/#breadcrumb\",\"itemListElement\":[{\"@type\":\"ListItem\",\"position\":1,\"name\":\"Homepage\",\"item\":\"https:\/\/talkpal.ai\/sl\/\"},{\"@type\":\"ListItem\",\"position\":2,\"name\":\"Tur\u0161ka slovnica\"}]},{\"@type\":\"WebSite\",\"@id\":\"https:\/\/talkpal.ai\/sl\/#website\",\"url\":\"https:\/\/talkpal.ai\/sl\/\",\"name\":\"Talkpal\",\"description\":\"AI Language Learning\",\"publisher\":{\"@id\":\"https:\/\/talkpal.ai\/sl\/#organization\"},\"alternateName\":\"Talkpal AI\",\"potentialAction\":[{\"@type\":\"SearchAction\",\"target\":{\"@type\":\"EntryPoint\",\"urlTemplate\":\"https:\/\/talkpal.ai\/sl\/?s={search_term_string}\"},\"query-input\":{\"@type\":\"PropertyValueSpecification\",\"valueRequired\":true,\"valueName\":\"search_term_string\"}}],\"inLanguage\":\"sl-SI\"},{\"@type\":\"Organization\",\"@id\":\"https:\/\/talkpal.ai\/sl\/#organization\",\"name\":\"Talkpal, Inc.\",\"alternateName\":\"Talkpal AI\",\"url\":\"https:\/\/talkpal.ai\/sl\/\",\"logo\":{\"@type\":\"ImageObject\",\"inLanguage\":\"sl-SI\",\"@id\":\"https:\/\/talkpal.ai\/sl\/#\/schema\/logo\/image\/\",\"url\":\"https:\/\/talkpal.ai\/wp-content\/uploads\/2024\/03\/Talkpal-Logo-Icon.png\",\"contentUrl\":\"https:\/\/talkpal.ai\/wp-content\/uploads\/2024\/03\/Talkpal-Logo-Icon.png\",\"width\":2880,\"height\":2880,\"caption\":\"Talkpal, Inc.\"},\"image\":{\"@id\":\"https:\/\/talkpal.ai\/sl\/#\/schema\/logo\/image\/\"},\"sameAs\":[\"https:\/\/www.facebook.com\/profile.php?id=100090733639311\",\"https:\/\/x.com\/talkpalai\",\"https:\/\/www.linkedin.com\/company\/talkpal\/\",\"https:\/\/www.youtube.com\/@TalkPal\/\",\"https:\/\/www.tiktok.com\/@talkpal\",\"https:\/\/www.instagram.com\/talkpal_ai\/\",\"https:\/\/www.crunchbase.com\/organization\/talkpal-9cde\",\"https:\/\/www.g2.com\/products\/talkpal-for-business\/\",\"https:\/\/www.trustpilot.com\/review\/talkpal.ai\",\"https:\/\/www.capterra.com\/p\/10006800\/TalkPal\/\"],\"description\":\"Talkpal is a language learning web and mobile education app, powered by the latest AI technologies, that provides engaging experiences to its customers in many different languages to help them improve their language skills. Users can chat about unlimited amount of topics with the app and use other modes to practice their language learning.\",\"email\":\"support@talkpal.ai\",\"legalName\":\"Talkpal, Inc.\",\"foundingDate\":\"2023-04-03\",\"duns\":\"118989042\",\"numberOfEmployees\":{\"@type\":\"QuantitativeValue\",\"minValue\":\"11\",\"maxValue\":\"50\"},\"publishingPrinciples\":\"https:\/\/talkpal.ai\/publishing-principles\/\",\"actionableFeedbackPolicy\":\"https:\/\/talkpal.ai\/actionable-feedback-policy\/\",\"correctionsPolicy\":\"https:\/\/talkpal.ai\/corrections-policy\/\",\"ethicsPolicy\":\"https:\/\/talkpal.ai\/ethics-policy\/\",\"diversityPolicy\":\"https:\/\/talkpal.ai\/diversity-policy\/\",\"diversityStaffingReport\":\"https:\/\/talkpal.ai\/diversity-policy\/\"}]}<\/script>\n<!-- \/ Yoast SEO Premium plugin. -->","yoast_head_json":{"title":"Tur\u0161ka slovnica - Talkpal","description":"Odkrijte skrivnosti tur\u0161ke slovnice z na\u0161im iz\u010drpnim vodnikom po klju\u010dnih na\u010delih in zgradbi stavka.","robots":{"index":"index","follow":"follow","max-snippet":"max-snippet:-1","max-image-preview":"max-image-preview:large","max-video-preview":"max-video-preview:-1"},"canonical":"https:\/\/talkpal.ai\/sl\/turska-slovnica\/","og_locale":"sl_SI","og_type":"article","og_title":"Tur\u0161ka slovnica","og_description":"Kon\u010dni vodnik po tur\u0161ki slovnici: krmarjenje po zapletenosti edinstvenega jezika Tur\u0161ka slovnica, tako kot sam jezik, predstavlja bogato in fascinantno","og_url":"https:\/\/talkpal.ai\/sl\/turska-slovnica\/","og_site_name":"Talkpal","article_publisher":"https:\/\/www.facebook.com\/profile.php?id=100090733639311","article_modified_time":"2025-12-13T15:45:44+00:00","og_image":[{"width":512,"height":512,"url":"https:\/\/talkpal.ai\/wp-content\/uploads\/2023\/05\/turkish.png","type":"image\/png"}],"twitter_card":"summary_large_image","twitter_site":"@talkpalai","twitter_misc":{"Est. reading time":"3 minute"},"schema":{"@context":"https:\/\/schema.org","@graph":[{"@type":"WebPage","@id":"https:\/\/talkpal.ai\/sl\/turska-slovnica\/","url":"https:\/\/talkpal.ai\/sl\/turska-slovnica\/","name":"Tur\u0161ka slovnica - Talkpal","isPartOf":{"@id":"https:\/\/talkpal.ai\/sl\/#website"},"primaryImageOfPage":{"@id":"https:\/\/talkpal.ai\/sl\/turska-slovnica\/#primaryimage"},"image":{"@id":"https:\/\/talkpal.ai\/sl\/turska-slovnica\/#primaryimage"},"thumbnailUrl":"https:\/\/talkpal.ai\/wp-content\/uploads\/2023\/05\/turkish.png","datePublished":"2023-05-14T14:23:49+00:00","dateModified":"2025-12-13T15:45:44+00:00","description":"Odkrijte skrivnosti tur\u0161ke slovnice z na\u0161im iz\u010drpnim vodnikom po klju\u010dnih na\u010delih in zgradbi stavka.","breadcrumb":{"@id":"https:\/\/talkpal.ai\/sl\/turska-slovnica\/#breadcrumb"},"inLanguage":"sl-SI","potentialAction":[{"@type":"ReadAction","target":["https:\/\/talkpal.ai\/sl\/turska-slovnica\/"]}]},{"@type":"ImageObject","inLanguage":"sl-SI","@id":"https:\/\/talkpal.ai\/sl\/turska-slovnica\/#primaryimage","url":"https:\/\/talkpal.ai\/wp-content\/uploads\/2023\/05\/turkish.png","contentUrl":"https:\/\/talkpal.ai\/wp-content\/uploads\/2023\/05\/turkish.png","width":512,"height":512},{"@type":"BreadcrumbList","@id":"https:\/\/talkpal.ai\/sl\/turska-slovnica\/#breadcrumb","itemListElement":[{"@type":"ListItem","position":1,"name":"Homepage","item":"https:\/\/talkpal.ai\/sl\/"},{"@type":"ListItem","position":2,"name":"Tur\u0161ka slovnica"}]},{"@type":"WebSite","@id":"https:\/\/talkpal.ai\/sl\/#website","url":"https:\/\/talkpal.ai\/sl\/","name":"Talkpal","description":"AI Language Learning","publisher":{"@id":"https:\/\/talkpal.ai\/sl\/#organization"},"alternateName":"Talkpal AI","potentialAction":[{"@type":"SearchAction","target":{"@type":"EntryPoint","urlTemplate":"https:\/\/talkpal.ai\/sl\/?s={search_term_string}"},"query-input":{"@type":"PropertyValueSpecification","valueRequired":true,"valueName":"search_term_string"}}],"inLanguage":"sl-SI"},{"@type":"Organization","@id":"https:\/\/talkpal.ai\/sl\/#organization","name":"Talkpal, Inc.","alternateName":"Talkpal AI","url":"https:\/\/talkpal.ai\/sl\/","logo":{"@type":"ImageObject","inLanguage":"sl-SI","@id":"https:\/\/talkpal.ai\/sl\/#\/schema\/logo\/image\/","url":"https:\/\/talkpal.ai\/wp-content\/uploads\/2024\/03\/Talkpal-Logo-Icon.png","contentUrl":"https:\/\/talkpal.ai\/wp-content\/uploads\/2024\/03\/Talkpal-Logo-Icon.png","width":2880,"height":2880,"caption":"Talkpal, Inc."},"image":{"@id":"https:\/\/talkpal.ai\/sl\/#\/schema\/logo\/image\/"},"sameAs":["https:\/\/www.facebook.com\/profile.php?id=100090733639311","https:\/\/x.com\/talkpalai","https:\/\/www.linkedin.com\/company\/talkpal\/","https:\/\/www.youtube.com\/@TalkPal\/","https:\/\/www.tiktok.com\/@talkpal","https:\/\/www.instagram.com\/talkpal_ai\/","https:\/\/www.crunchbase.com\/organization\/talkpal-9cde","https:\/\/www.g2.com\/products\/talkpal-for-business\/","https:\/\/www.trustpilot.com\/review\/talkpal.ai","https:\/\/www.capterra.com\/p\/10006800\/TalkPal\/"],"description":"Talkpal is a language learning web and mobile education app, powered by the latest AI technologies, that provides engaging experiences to its customers in many different languages to help them improve their language skills. Users can chat about unlimited amount of topics with the app and use other modes to practice their language learning.","email":"support@talkpal.ai","legalName":"Talkpal, Inc.","foundingDate":"2023-04-03","duns":"118989042","numberOfEmployees":{"@type":"QuantitativeValue","minValue":"11","maxValue":"50"},"publishingPrinciples":"https:\/\/talkpal.ai\/publishing-principles\/","actionableFeedbackPolicy":"https:\/\/talkpal.ai\/actionable-feedback-policy\/","correctionsPolicy":"https:\/\/talkpal.ai\/corrections-policy\/","ethicsPolicy":"https:\/\/talkpal.ai\/ethics-policy\/","diversityPolicy":"https:\/\/talkpal.ai\/diversity-policy\/","diversityStaffingReport":"https:\/\/talkpal.ai\/diversity-policy\/"}]}},"_links":{"self":[{"href":"https:\/\/talkpal.ai\/sl\/wp-json\/wp\/v2\/pages\/153141","targetHints":{"allow":["GET"]}}],"collection":[{"href":"https:\/\/talkpal.ai\/sl\/wp-json\/wp\/v2\/pages"}],"about":[{"href":"https:\/\/talkpal.ai\/sl\/wp-json\/wp\/v2\/types\/page"}],"author":[{"embeddable":true,"href":"https:\/\/talkpal.ai\/sl\/wp-json\/wp\/v2\/users\/1"}],"replies":[{"embeddable":true,"href":"https:\/\/talkpal.ai\/sl\/wp-json\/wp\/v2\/comments?post=153141"}],"version-history":[{"count":0,"href":"https:\/\/talkpal.ai\/sl\/wp-json\/wp\/v2\/pages\/153141\/revisions"}],"wp:featuredmedia":[{"embeddable":true,"href":"https:\/\/talkpal.ai\/sl\/wp-json\/wp\/v2\/media\/120982"}],"wp:attachment":[{"href":"https:\/\/talkpal.ai\/sl\/wp-json\/wp\/v2\/media?parent=153141"}],"curies":[{"name":"wp","href":"https:\/\/api.w.org\/{rel}","templated":true}]}}