{"id":152842,"date":"2023-05-14T14:23:21","date_gmt":"2023-05-14T14:23:21","guid":{"rendered":"http:\/\/talkpal.ai\/tagalogova-slovnica\/"},"modified":"2025-12-17T15:38:19","modified_gmt":"2025-12-17T15:38:19","slug":"tagalogova-slovnica","status":"publish","type":"page","link":"https:\/\/talkpal.ai\/sl\/tagalogova-slovnica\/","title":{"rendered":"Tagalogova slovnica"},"content":{"rendered":"\r\n\r\n\r\n<section class=\"languageChallengeSection\">\r\n    <div class=\"languageInfoWrapper\">\r\n        \r\n        <h1>Tagalogova slovnica<\/h1>\r\n        <p>Ste navdu\u0161eni, da se nau\u010dite tagalo\u0161ko? Razi\u0161\u010dite tagalo\u0161ko slovnico, kjer edinstveni sistemi glagolskega fokusa, prilagodljiv vrstni red stavkov in koristni delci ustvarjajo jezik, ki je tako ekspresiven kot zanimiv. Za\u010dnite svoje potovanje zdaj &#8211; obvladovanje tagalo\u0161ke slovnice vam bo omogo\u010dilo, da samozavestno komunicirate in se potopite v \u017eivahno kulturo Filipinov!<\/p>\r\n\r\n                            <a class=\"getStartedHidden\" href=\"https:\/\/app.talkpal.ai\/sl\/signup?lng=\">Za\u010dni<\/a>\r\n        \r\n    <\/div>\r\n\r\n    <figure>\r\n    <img decoding=\"async\" width=\"768\" height=\"768\" src=\"https:\/\/talkpal.ai\/wp-content\/uploads\/2023\/06\/tagalog-768x768.png\" class=\"languageImage no-lazy\" alt=\"Overcoming challenges in language learning\" fetchpriority=\"high\" sizes=\"(max-width: 768px) 150px, 768px\" srcset=\"https:\/\/talkpal.ai\/wp-content\/uploads\/2023\/06\/tagalog-768x768.png 768w, https:\/\/talkpal.ai\/wp-content\/uploads\/2023\/06\/tagalog-300x300.png 300w\" \/>\r\n    \r\n\r\n    <\/figure>\r\n\r\n            <a class=\"getStartedVisible\" href=\"https:\/\/app.talkpal.ai\/sl\/signup?lng=\">Za\u010dni<\/a>\r\n    \r\n<\/section>\r\n<section class=\"promotionalBanner\">\r\n    <p class=\"promotionalText\">Naju\u010dinkovitej\u0161i na\u010din u\u010denja jezika<\/p>\r\n    <a class=\"promotionalLink\" href=\"https:\/\/app.talkpal.ai\/sl\/signup?lng=\">Preizkusite Talkpal brezpla\u010dno<\/a>\r\n<\/section>\n<div class=\"wp-block-group pageContainerStyle\"><div class=\"wp-block-group__inner-container is-layout-constrained wp-block-group-is-layout-constrained\">\n<h1 class=\"wp-block-heading\" id=\"h-tagalog-grammar-get-to-know-the-heart-of-filipino-language\">Tagalogska slovnica: Spoznajte srce filipinskega jezika<\/h1>\n\n\n\n<p><a href=\"https:\/\/talkpal.ai\/learn-tagalog\/\">Tagalog<\/a>, osnova za filipinski nacionalni jezik, govorijo milijoni ljudi po vsem svetu. \u010ce se \u017eelite nau\u010diti <a href=\"https:\/\/talkpal.ai\/learn-tagalog\/\">tagaloga<\/a>, morate najprej razumeti njegovo zapleteno in fascinantno slovnico. V tem \u010dlanku se bomo poglobili v bistvene vidike tagalo\u0161ke slovnice in vam pomagali ceniti ta \u010dudovit jezik na pogovoren in prijazen na\u010din.<\/p>\n\n\n\n<h3 class=\"wp-block-heading\" id=\"h-1-nouns-genderless-countable-and-uncountable\">1. Samostalniki &#8211; brez spola, \u0161tetje in ne\u0161tetje<\/h3>\n\n\n\n<p>V tagalo\u0161\u010dini samostalniki (pangngalan) niso razvr\u0161\u010deni po spolu, zato jih je la\u017eje upravljati kot nekatere druge jezike. Pogosti samostalniki se nana\u0161ajo na ljudi, \u017eivali, kraje, stvari ali ideje, z ustreznimi samostalniki, ki ozna\u010dujejo dolo\u010dena imena. Sre\u010dali boste tako \u0161tevne (tahanan, kar pomeni &#8220;hi\u0161a&#8221;) kot ne\u0161tevne samostalnike (tubig, kar pomeni &#8220;voda&#8221;). Tudi samostalnike lahko spremenite v mno\u017einske oblike z dodajanjem posebnih ozna\u010devalcev, kot je &#8220;mga&#8221;.<\/p>\n\n\n\n<h3 class=\"wp-block-heading\" id=\"h-2-adjectives-describing-with-flair\">2. Pridevniki &#8211; Opisovanje s pridihom<\/h3>\n\n\n\n<p>Pridevniki (pang-uri) ponujajo ve\u010d informacij o samostalnikih z ve\u010d na\u010dini uporabe pridevnikov v tagalo\u0161\u010dini. Primerjava samostalnikov se izvaja s pridevniki z uporabo ozna\u010devalnikov &#8220;mas&#8221; in &#8220;pinaka&#8221; za ustvarjanje primerjalne in prese\u017ene stopnje. Na primer &#8220;maganda&#8221; pomeni &#8220;lep&#8221;, &#8220;mas maganda&#8221; pomeni &#8220;lep\u0161i&#8221;, &#8220;pinakamaganda&#8221; pa &#8220;najlep\u0161i&#8221;.<\/p>\n\n\n\n<h3 class=\"wp-block-heading\" id=\"h-3-pronouns-keeping-it-personal\">3. Zaimki &#8211; ohranjanje osebne<\/h3>\n\n\n\n<p><a href=\"https:\/\/talkpal.ai\/tagalog-grammar\/\">Tagalogska slovnica<\/a> je sestavljena iz osebnih, posesivnih, predstavitvenih, zasli\u0161evalnih in relativnih zaimkov. Osebni zaimki so v treh primerih: nominativni (navedba predmeta), genitivni (ki ozna\u010duje posedovanje) in akuzativni (z navedbo predmeta). Razlagalni zaimki, kot sta &#8220;ito&#8221; (to) in &#8220;iyan&#8221; (to), se uporabljajo za opozarjanje na dolo\u010dene stvari, medtem ko se vpra\u0161alni zaimki uporabljajo za postavljanje vpra\u0161anj.<\/p>\n\n\n\n<h3 class=\"wp-block-heading\" id=\"h-4-verbs-conjugation-and-focus\">4. Glagoli \u2013 konjugacija in fokus<\/h3>\n\n\n\n<p>Tagalogski glagoli (pandiwa) igrajo klju\u010dno vlogo pri konstrukciji stavkov, njihova konjugacija pa je razli\u010dna. Namesto napetih sprememb glagolske konjugacije v tagalogu vklju\u010dujejo spremembe vidikov. Obstajajo trije glagolski vidiki: dokon\u010dan (dovr\u0161en), nedokon\u010dan (nedovr\u0161en) in premi\u0161ljen (prihodnost).  <\/p>\n\n\n\n<p>Poleg tega ima Tagalog edinstven fokusni sistem, povezan z glagoli. V tem sistemu se glagolska oblika spreminja glede na to, na kateri del stavka je osredoto\u010den, na primer predmet, subjekt ali smer dejanja. Klju\u010dni ozna\u010devalci, kot so &#8220;um-&#8220;, &#8220;mag-&#8221; in &#8220;-in&#8221;, pomagajo izra\u017eati razli\u010dne nianse v stavkih.<\/p>\n\n\n\n<h3 class=\"wp-block-heading\" id=\"h-5-embracing-the-journey\">5. Sprejmite potovanje<\/h3>\n\n\n\n<p>U\u010denje tagalo\u0161ke slovnice zahteva \u010das, trud in kan\u010dek potrpe\u017eljivosti. Vendar pa njegova edinstvenost, ko je enkrat obvladana, ponuja neprimerljiv vpogled v filipinsko kulturo in dedi\u0161\u010dino. Bodite odprti, dosledno vadite in se ne bojte delati napak med govorjenjem.<\/p>\n\n\n\n<p>Ko se boste poglobili v nianse tagalske slovnice, si vzemite \u010das in u\u017eivajte v njeni \u017eivahnosti in bogastvu. U\u017eivajte v razumevanju zapletenosti, zaradi katerih je ta jezik resni\u010dno izjemen. Maligayang pag-aaral \u2013 sre\u010dno u\u010denje!<\/p>\n<\/div><\/div>\n\r\n<section class=\"learnNavigationSection\">\r\n            \r\n        <a href=\"https:\/\/talkpal.ai\/sl\/vec-informacij-o-tagaloskem-jeziku\/\">\r\n            <div class=\"learnNavigationWrapper\">\r\n                <div class=\"learnNavigationContent\">\r\n                    <img decoding=\"async\" src=\"https:\/\/talkpal.ai\/wp-content\/uploads\/2024\/08\/Tagalog.jpg\" alt=\"Philippines Flag\">\r\n                    <div>\r\n                        <h4>O u\u010denju tagal\u0161\u010dine<\/h4>\r\n                        <p>Izvedite vse o tagal\u0161\u010dini slovnica.<\/p>\r\n                    <\/div>\r\n                <\/div>\r\n            <\/div>\r\n        <\/a>\r\n\r\n        \r\n        <a href=\"https:\/\/talkpal.ai\/sl\/tagalscina-gramaticne-vaje\/\">\r\n            <div class=\"learnNavigationWrapper\">\r\n                <div class=\"learnNavigationContent\">\r\n                    <img decoding=\"async\" src=\"https:\/\/talkpal.ai\/wp-content\/uploads\/2024\/08\/Tagalog.jpg\" alt=\"Philippines Flag\">\r\n                    <div>\r\n                        <h4>Tagal\u0161\u010dina Gramatika Vaja<\/h4>\r\n                        <p>Vadite tagalo\u0161ko slovnico.<\/p>\r\n                    <\/div>\r\n                <\/div>\r\n            <\/div>\r\n        <\/a>\r\n\r\n        \r\n        <a href=\"https:\/\/talkpal.ai\/vocabulary_language\/tagalog\/\">\r\n            <div class=\"learnNavigationWrapper\">\r\n                <div class=\"learnNavigationContent\">\r\n                    <img decoding=\"async\" src=\"https:\/\/talkpal.ai\/wp-content\/uploads\/2024\/08\/Tagalog.jpg\" alt=\"Philippines Flag\">\r\n                    <div>\r\n                        <h4>Tagalsko besedi\u0161\u010de<\/h4>\r\n                        <p>Raz\u0161irite svoj besedni zaklad v tagal\u0161\u010dini.<\/p>\r\n                    <\/div>\r\n                <\/div>\r\n            <\/div>\r\n        <\/a>\r\n\r\n            <\/section>","protected":false},"excerpt":{"rendered":"<p>Tagalogska slovnica: Spoznajte srce filipinskega jezika Tagalog, osnova za filipinski nacionalni jezik, govorijo milijoni ljudi po vsem svetu. \u010ce se \u017eelite nau\u010diti tagaloga, morate najprej razumeti njegovo zapleteno in fascinantno slovnico. V tem \u010dlanku se bomo poglobili v bistvene vidike tagalo\u0161ke slovnice in vam pomagali ceniti ta \u010dudovit jezik na pogovoren in prijazen na\u010din. 1. [&hellip;]<\/p>\n","protected":false},"author":1,"featured_media":71524,"parent":0,"menu_order":0,"comment_status":"closed","ping_status":"closed","template":"LearningContentPage.php","meta":{"_acf_changed":false,"footnotes":""},"class_list":["post-152842","page","type-page","status-publish","has-post-thumbnail","hentry"],"acf":[],"yoast_head":"<!-- This site is optimized with the Yoast SEO Premium plugin v27.2 (Yoast SEO v27.2) - https:\/\/yoast.com\/product\/yoast-seo-premium-wordpress\/ -->\n<title>Tagalogova slovnica - Talkpal<\/title>\n<meta name=\"description\" content=\"Razi\u0161\u010dite osnove tagalo\u0161ke slovnice in se nau\u010dite, kako ceniti ta \u010dudovit jezik na preprost in prijazen na\u010din.\" \/>\n<meta name=\"robots\" content=\"index, follow, max-snippet:-1, max-image-preview:large, max-video-preview:-1\" \/>\n<link rel=\"canonical\" href=\"https:\/\/talkpal.ai\/sl\/tagalogova-slovnica\/\" \/>\n<meta property=\"og:locale\" content=\"sl_SI\" \/>\n<meta property=\"og:type\" content=\"article\" \/>\n<meta property=\"og:title\" content=\"Tagalogova slovnica\" \/>\n<meta property=\"og:description\" content=\"Tagalogska slovnica: Spoznajte srce filipinskega jezika Tagalog, osnova za filipinski nacionalni jezik, govorijo milijoni ljudi po vsem svetu. \u010ce se\" \/>\n<meta property=\"og:url\" content=\"https:\/\/talkpal.ai\/sl\/tagalogova-slovnica\/\" \/>\n<meta property=\"og:site_name\" content=\"Talkpal\" \/>\n<meta property=\"article:publisher\" content=\"https:\/\/www.facebook.com\/profile.php?id=100090733639311\" \/>\n<meta property=\"article:modified_time\" content=\"2025-12-17T15:38:19+00:00\" \/>\n<meta property=\"og:image\" content=\"https:\/\/talkpal.ai\/wp-content\/uploads\/2023\/05\/Tagalog-philippines.png\" \/>\n\t<meta property=\"og:image:width\" content=\"512\" \/>\n\t<meta property=\"og:image:height\" content=\"512\" \/>\n\t<meta property=\"og:image:type\" content=\"image\/png\" \/>\n<meta name=\"twitter:card\" content=\"summary_large_image\" \/>\n<meta name=\"twitter:site\" content=\"@talkpalai\" \/>\n<meta name=\"twitter:label1\" content=\"Est. reading time\" \/>\n\t<meta name=\"twitter:data1\" content=\"2 minuti\" \/>\n<script type=\"application\/ld+json\" class=\"yoast-schema-graph\">{\"@context\":\"https:\/\/schema.org\",\"@graph\":[{\"@type\":\"WebPage\",\"@id\":\"https:\/\/talkpal.ai\/sl\/tagalogova-slovnica\/\",\"url\":\"https:\/\/talkpal.ai\/sl\/tagalogova-slovnica\/\",\"name\":\"Tagalogova slovnica - Talkpal\",\"isPartOf\":{\"@id\":\"https:\/\/talkpal.ai\/sl\/#website\"},\"primaryImageOfPage\":{\"@id\":\"https:\/\/talkpal.ai\/sl\/tagalogova-slovnica\/#primaryimage\"},\"image\":{\"@id\":\"https:\/\/talkpal.ai\/sl\/tagalogova-slovnica\/#primaryimage\"},\"thumbnailUrl\":\"https:\/\/talkpal.ai\/wp-content\/uploads\/2023\/05\/Tagalog-philippines.png\",\"datePublished\":\"2023-05-14T14:23:21+00:00\",\"dateModified\":\"2025-12-17T15:38:19+00:00\",\"description\":\"Razi\u0161\u010dite osnove tagalo\u0161ke slovnice in se nau\u010dite, kako ceniti ta \u010dudovit jezik na preprost in prijazen na\u010din.\",\"breadcrumb\":{\"@id\":\"https:\/\/talkpal.ai\/sl\/tagalogova-slovnica\/#breadcrumb\"},\"inLanguage\":\"sl-SI\",\"potentialAction\":[{\"@type\":\"ReadAction\",\"target\":[\"https:\/\/talkpal.ai\/sl\/tagalogova-slovnica\/\"]}]},{\"@type\":\"ImageObject\",\"inLanguage\":\"sl-SI\",\"@id\":\"https:\/\/talkpal.ai\/sl\/tagalogova-slovnica\/#primaryimage\",\"url\":\"https:\/\/talkpal.ai\/wp-content\/uploads\/2023\/05\/Tagalog-philippines.png\",\"contentUrl\":\"https:\/\/talkpal.ai\/wp-content\/uploads\/2023\/05\/Tagalog-philippines.png\",\"width\":512,\"height\":512},{\"@type\":\"BreadcrumbList\",\"@id\":\"https:\/\/talkpal.ai\/sl\/tagalogova-slovnica\/#breadcrumb\",\"itemListElement\":[{\"@type\":\"ListItem\",\"position\":1,\"name\":\"Homepage\",\"item\":\"https:\/\/talkpal.ai\/sl\/\"},{\"@type\":\"ListItem\",\"position\":2,\"name\":\"Tagalogova slovnica\"}]},{\"@type\":\"WebSite\",\"@id\":\"https:\/\/talkpal.ai\/sl\/#website\",\"url\":\"https:\/\/talkpal.ai\/sl\/\",\"name\":\"Talkpal\",\"description\":\"AI Language Learning\",\"publisher\":{\"@id\":\"https:\/\/talkpal.ai\/sl\/#organization\"},\"alternateName\":\"Talkpal AI\",\"potentialAction\":[{\"@type\":\"SearchAction\",\"target\":{\"@type\":\"EntryPoint\",\"urlTemplate\":\"https:\/\/talkpal.ai\/sl\/?s={search_term_string}\"},\"query-input\":{\"@type\":\"PropertyValueSpecification\",\"valueRequired\":true,\"valueName\":\"search_term_string\"}}],\"inLanguage\":\"sl-SI\"},{\"@type\":\"Organization\",\"@id\":\"https:\/\/talkpal.ai\/sl\/#organization\",\"name\":\"Talkpal, Inc.\",\"alternateName\":\"Talkpal AI\",\"url\":\"https:\/\/talkpal.ai\/sl\/\",\"logo\":{\"@type\":\"ImageObject\",\"inLanguage\":\"sl-SI\",\"@id\":\"https:\/\/talkpal.ai\/sl\/#\/schema\/logo\/image\/\",\"url\":\"https:\/\/talkpal.ai\/wp-content\/uploads\/2024\/03\/Talkpal-Logo-Icon.png\",\"contentUrl\":\"https:\/\/talkpal.ai\/wp-content\/uploads\/2024\/03\/Talkpal-Logo-Icon.png\",\"width\":2880,\"height\":2880,\"caption\":\"Talkpal, Inc.\"},\"image\":{\"@id\":\"https:\/\/talkpal.ai\/sl\/#\/schema\/logo\/image\/\"},\"sameAs\":[\"https:\/\/www.facebook.com\/profile.php?id=100090733639311\",\"https:\/\/x.com\/talkpalai\",\"https:\/\/www.linkedin.com\/company\/talkpal\/\",\"https:\/\/www.youtube.com\/@TalkPal\/\",\"https:\/\/www.tiktok.com\/@talkpal\",\"https:\/\/www.instagram.com\/talkpal_ai\/\",\"https:\/\/www.crunchbase.com\/organization\/talkpal-9cde\",\"https:\/\/www.g2.com\/products\/talkpal-for-business\/\",\"https:\/\/www.trustpilot.com\/review\/talkpal.ai\",\"https:\/\/www.capterra.com\/p\/10006800\/TalkPal\/\"],\"description\":\"Talkpal is a language learning web and mobile education app, powered by the latest AI technologies, that provides engaging experiences to its customers in many different languages to help them improve their language skills. Users can chat about unlimited amount of topics with the app and use other modes to practice their language learning.\",\"email\":\"support@talkpal.ai\",\"legalName\":\"Talkpal, Inc.\",\"foundingDate\":\"2023-04-03\",\"duns\":\"118989042\",\"numberOfEmployees\":{\"@type\":\"QuantitativeValue\",\"minValue\":\"11\",\"maxValue\":\"50\"},\"publishingPrinciples\":\"https:\/\/talkpal.ai\/publishing-principles\/\",\"actionableFeedbackPolicy\":\"https:\/\/talkpal.ai\/actionable-feedback-policy\/\",\"correctionsPolicy\":\"https:\/\/talkpal.ai\/corrections-policy\/\",\"ethicsPolicy\":\"https:\/\/talkpal.ai\/ethics-policy\/\",\"diversityPolicy\":\"https:\/\/talkpal.ai\/diversity-policy\/\",\"diversityStaffingReport\":\"https:\/\/talkpal.ai\/diversity-policy\/\"}]}<\/script>\n<!-- \/ Yoast SEO Premium plugin. -->","yoast_head_json":{"title":"Tagalogova slovnica - Talkpal","description":"Razi\u0161\u010dite osnove tagalo\u0161ke slovnice in se nau\u010dite, kako ceniti ta \u010dudovit jezik na preprost in prijazen na\u010din.","robots":{"index":"index","follow":"follow","max-snippet":"max-snippet:-1","max-image-preview":"max-image-preview:large","max-video-preview":"max-video-preview:-1"},"canonical":"https:\/\/talkpal.ai\/sl\/tagalogova-slovnica\/","og_locale":"sl_SI","og_type":"article","og_title":"Tagalogova slovnica","og_description":"Tagalogska slovnica: Spoznajte srce filipinskega jezika Tagalog, osnova za filipinski nacionalni jezik, govorijo milijoni ljudi po vsem svetu. \u010ce se","og_url":"https:\/\/talkpal.ai\/sl\/tagalogova-slovnica\/","og_site_name":"Talkpal","article_publisher":"https:\/\/www.facebook.com\/profile.php?id=100090733639311","article_modified_time":"2025-12-17T15:38:19+00:00","og_image":[{"width":512,"height":512,"url":"https:\/\/talkpal.ai\/wp-content\/uploads\/2023\/05\/Tagalog-philippines.png","type":"image\/png"}],"twitter_card":"summary_large_image","twitter_site":"@talkpalai","twitter_misc":{"Est. reading time":"2 minuti"},"schema":{"@context":"https:\/\/schema.org","@graph":[{"@type":"WebPage","@id":"https:\/\/talkpal.ai\/sl\/tagalogova-slovnica\/","url":"https:\/\/talkpal.ai\/sl\/tagalogova-slovnica\/","name":"Tagalogova slovnica - Talkpal","isPartOf":{"@id":"https:\/\/talkpal.ai\/sl\/#website"},"primaryImageOfPage":{"@id":"https:\/\/talkpal.ai\/sl\/tagalogova-slovnica\/#primaryimage"},"image":{"@id":"https:\/\/talkpal.ai\/sl\/tagalogova-slovnica\/#primaryimage"},"thumbnailUrl":"https:\/\/talkpal.ai\/wp-content\/uploads\/2023\/05\/Tagalog-philippines.png","datePublished":"2023-05-14T14:23:21+00:00","dateModified":"2025-12-17T15:38:19+00:00","description":"Razi\u0161\u010dite osnove tagalo\u0161ke slovnice in se nau\u010dite, kako ceniti ta \u010dudovit jezik na preprost in prijazen na\u010din.","breadcrumb":{"@id":"https:\/\/talkpal.ai\/sl\/tagalogova-slovnica\/#breadcrumb"},"inLanguage":"sl-SI","potentialAction":[{"@type":"ReadAction","target":["https:\/\/talkpal.ai\/sl\/tagalogova-slovnica\/"]}]},{"@type":"ImageObject","inLanguage":"sl-SI","@id":"https:\/\/talkpal.ai\/sl\/tagalogova-slovnica\/#primaryimage","url":"https:\/\/talkpal.ai\/wp-content\/uploads\/2023\/05\/Tagalog-philippines.png","contentUrl":"https:\/\/talkpal.ai\/wp-content\/uploads\/2023\/05\/Tagalog-philippines.png","width":512,"height":512},{"@type":"BreadcrumbList","@id":"https:\/\/talkpal.ai\/sl\/tagalogova-slovnica\/#breadcrumb","itemListElement":[{"@type":"ListItem","position":1,"name":"Homepage","item":"https:\/\/talkpal.ai\/sl\/"},{"@type":"ListItem","position":2,"name":"Tagalogova slovnica"}]},{"@type":"WebSite","@id":"https:\/\/talkpal.ai\/sl\/#website","url":"https:\/\/talkpal.ai\/sl\/","name":"Talkpal","description":"AI Language Learning","publisher":{"@id":"https:\/\/talkpal.ai\/sl\/#organization"},"alternateName":"Talkpal AI","potentialAction":[{"@type":"SearchAction","target":{"@type":"EntryPoint","urlTemplate":"https:\/\/talkpal.ai\/sl\/?s={search_term_string}"},"query-input":{"@type":"PropertyValueSpecification","valueRequired":true,"valueName":"search_term_string"}}],"inLanguage":"sl-SI"},{"@type":"Organization","@id":"https:\/\/talkpal.ai\/sl\/#organization","name":"Talkpal, Inc.","alternateName":"Talkpal AI","url":"https:\/\/talkpal.ai\/sl\/","logo":{"@type":"ImageObject","inLanguage":"sl-SI","@id":"https:\/\/talkpal.ai\/sl\/#\/schema\/logo\/image\/","url":"https:\/\/talkpal.ai\/wp-content\/uploads\/2024\/03\/Talkpal-Logo-Icon.png","contentUrl":"https:\/\/talkpal.ai\/wp-content\/uploads\/2024\/03\/Talkpal-Logo-Icon.png","width":2880,"height":2880,"caption":"Talkpal, Inc."},"image":{"@id":"https:\/\/talkpal.ai\/sl\/#\/schema\/logo\/image\/"},"sameAs":["https:\/\/www.facebook.com\/profile.php?id=100090733639311","https:\/\/x.com\/talkpalai","https:\/\/www.linkedin.com\/company\/talkpal\/","https:\/\/www.youtube.com\/@TalkPal\/","https:\/\/www.tiktok.com\/@talkpal","https:\/\/www.instagram.com\/talkpal_ai\/","https:\/\/www.crunchbase.com\/organization\/talkpal-9cde","https:\/\/www.g2.com\/products\/talkpal-for-business\/","https:\/\/www.trustpilot.com\/review\/talkpal.ai","https:\/\/www.capterra.com\/p\/10006800\/TalkPal\/"],"description":"Talkpal is a language learning web and mobile education app, powered by the latest AI technologies, that provides engaging experiences to its customers in many different languages to help them improve their language skills. Users can chat about unlimited amount of topics with the app and use other modes to practice their language learning.","email":"support@talkpal.ai","legalName":"Talkpal, Inc.","foundingDate":"2023-04-03","duns":"118989042","numberOfEmployees":{"@type":"QuantitativeValue","minValue":"11","maxValue":"50"},"publishingPrinciples":"https:\/\/talkpal.ai\/publishing-principles\/","actionableFeedbackPolicy":"https:\/\/talkpal.ai\/actionable-feedback-policy\/","correctionsPolicy":"https:\/\/talkpal.ai\/corrections-policy\/","ethicsPolicy":"https:\/\/talkpal.ai\/ethics-policy\/","diversityPolicy":"https:\/\/talkpal.ai\/diversity-policy\/","diversityStaffingReport":"https:\/\/talkpal.ai\/diversity-policy\/"}]}},"_links":{"self":[{"href":"https:\/\/talkpal.ai\/sl\/wp-json\/wp\/v2\/pages\/152842","targetHints":{"allow":["GET"]}}],"collection":[{"href":"https:\/\/talkpal.ai\/sl\/wp-json\/wp\/v2\/pages"}],"about":[{"href":"https:\/\/talkpal.ai\/sl\/wp-json\/wp\/v2\/types\/page"}],"author":[{"embeddable":true,"href":"https:\/\/talkpal.ai\/sl\/wp-json\/wp\/v2\/users\/1"}],"replies":[{"embeddable":true,"href":"https:\/\/talkpal.ai\/sl\/wp-json\/wp\/v2\/comments?post=152842"}],"version-history":[{"count":0,"href":"https:\/\/talkpal.ai\/sl\/wp-json\/wp\/v2\/pages\/152842\/revisions"}],"wp:featuredmedia":[{"embeddable":true,"href":"https:\/\/talkpal.ai\/sl\/wp-json\/wp\/v2\/media\/71524"}],"wp:attachment":[{"href":"https:\/\/talkpal.ai\/sl\/wp-json\/wp\/v2\/media?parent=152842"}],"curies":[{"name":"wp","href":"https:\/\/api.w.org\/{rel}","templated":true}]}}