{"id":152521,"date":"2023-05-14T14:23:00","date_gmt":"2023-05-14T14:23:00","guid":{"rendered":"http:\/\/talkpal.ai\/vietnamska-slovnica\/"},"modified":"2025-12-12T10:54:55","modified_gmt":"2025-12-12T10:54:55","slug":"vietnamska-slovnica","status":"publish","type":"page","link":"https:\/\/talkpal.ai\/sl\/vietnamska-slovnica\/","title":{"rendered":"Vietnamska slovnica"},"content":{"rendered":"\r\n\r\n\r\n<section class=\"languageChallengeSection\">\r\n    <div class=\"languageInfoWrapper\">\r\n        \r\n        <h1>Vietnamska slovnica<\/h1>\r\n        <p><a href=\"https:\/\/talkpal.ai\/vietnamese-grammar\/\">Vietnamska slovnica<\/a> je znana po svoji preprostosti in logi\u010dni strukturi, zaradi \u010desar je dostopna tudi novim u\u010dencem. Z romanizirano abecedo, brez glagolskih sklonov in minimalno uporabo mno\u017eine se lahko u\u010denci hitro osredoto\u010dijo na izgradnjo besedi\u0161\u010da in konverzacijskih spretnosti. Raziskovanje vietnamskega jezika ni le u\u010denje jezika, temve\u010d tudi vpogled v bogato kulturo in zgodovino te dr\u017eave.<\/p>\r\n\r\n                            <a class=\"getStartedHidden\" href=\"https:\/\/app.talkpal.ai\/sl\/signup?lng=\">Za\u010dni<\/a>\r\n        \r\n    <\/div>\r\n\r\n    <figure>\r\n    <img decoding=\"async\" width=\"768\" height=\"768\" src=\"https:\/\/talkpal.ai\/wp-content\/uploads\/2023\/06\/vietnamese-768x768.png\" class=\"languageImage no-lazy\" alt=\"Language learning for extensive cultural knowledge\" fetchpriority=\"high\" sizes=\"(max-width: 768px) 150px, 768px\" srcset=\"https:\/\/talkpal.ai\/wp-content\/uploads\/2023\/06\/vietnamese-768x768.png 768w, https:\/\/talkpal.ai\/wp-content\/uploads\/2023\/06\/vietnamese-300x300.png 300w\" \/>\r\n    \r\n\r\n    <\/figure>\r\n\r\n            <a class=\"getStartedVisible\" href=\"https:\/\/app.talkpal.ai\/sl\/signup?lng=\">Za\u010dni<\/a>\r\n    \r\n<\/section>\r\n<section class=\"promotionalBanner\">\r\n    <p class=\"promotionalText\">Naju\u010dinkovitej\u0161i na\u010din u\u010denja jezika<\/p>\r\n    <a class=\"promotionalLink\" href=\"https:\/\/app.talkpal.ai\/sl\/signup?lng=\">Preizkusite Talkpal brezpla\u010dno<\/a>\r\n<\/section>\n<div class=\"wp-block-group pageContainerStyle\"><div class=\"wp-block-group__inner-container is-layout-constrained wp-block-group-is-layout-constrained\">\n<h2 class=\"wp-block-heading\" id=\"h-the-intricacies-of-vietnamese-grammar-an-engaging-exploration\">Zapletenost vietnamske slovnice: privla\u010dno raziskovanje<\/h2>\n\n\n\n<p>Vietnamski jezik s svojimi globokimi zgodovinskimi koreninami in edinstvenim kulturnim ozadjem ponuja vabljivo pustolov\u0161\u010dino tako za jezikoslovce kot za u\u010dence jezikov. \u010ceprav se vietnamska slovnica sprva lahko pojavi kot izziv, njena preprosta logika in doslednost utirata pot vznemirljivi u\u010dni izku\u0161nji. Zato se objemite za zanimivo jezikovno potovanje, ko se poglabljamo v posebnosti vietnamske slovnice.<\/p>\n\n\n\n<h3 class=\"wp-block-heading\" id=\"h-1-the-alphabet-a-gift-from-the-past\">1. Abeceda: darilo iz preteklosti<\/h3>\n\n\n\n<p>Vietnamska abeceda, sestavljena iz 29 \u010drk, izhaja predvsem iz latinice, s portugalskim in francoskim za\u010detkom. Zahvaljujo\u010d pisavi Qu\u1ed1c Ng\u1eef je prehod na romanizirano pisavo naredil abecedo znano in lahko dostopno govorcem drugih latinskih jezikov. To omogo\u010da nemoteno vstopno to\u010dko za za\u010detnike, da se osredoto\u010dijo na edinstvene zvoke in izgovorjavo jezika.<\/p>\n\n\n\n<h3 class=\"wp-block-heading\" id=\"h-2-tones-vietnamese-s-musical-notation\">2. Toni: Glasbeni zapis v vietnam\u0161\u010dini<\/h3>\n\n\n\n<p><a href=\"https:\/\/talkpal.ai\/learn-vietnamese\/\">Vietnam\u0161\u010dina<\/a> je tonski jezik s \u0161estimi zna\u010dilnimi toni, ki spreminjajo pomen besede z uporabo razli\u010dnih diakriti\u010dnih znakov. Obvladovanje teh tonov je lahko izziv, vendar dodaja muzikalnost in odtenek jeziku, zaradi \u010desar je \u0161e bolj privla\u010den. Potrpe\u017eljivost in praksa bosta popolna, kar vam bo omogo\u010dilo, da v celoti cenite melodi\u010dno lepoto vietnam\u0161\u010dine.<\/p>\n\n\n\n<h3 class=\"wp-block-heading\" id=\"h-3-word-order-unraveling-the-vietnamese-sentence-structure\">3. Vrstni red besed: razkrivanje vietnamske stav\u010dne strukture<\/h3>\n\n\n\n<p>Na sre\u010do je vietnamski vrstni red besed precej preprost in sledi znanemu formatu Subject-Verb-Object (SVO). Ta dostopna struktura govorcem angle\u0161\u010dine olaj\u0161a oblikovanje stavkov v vietnam\u0161\u010dini, ne da bi pri tem pri\u0161lo do velikega premika v jezikoslovju. Vzemimo primer &#8220;T\u00f4i y\u00eau Vi\u1ec7t Nam!&#8221; (Ljubim <a href=\"https:\/\/talkpal.ai\/learn-vietnamese\/\">Vietnam<\/a>!), kjer imata oba jezika skupne vzporedne konstrukcije.<\/p>\n\n\n\n<h3 class=\"wp-block-heading\" id=\"h-4-no-more-plural-nouns-or-verb-conjugations\">4. Ni\u010d ve\u010d mno\u017einskih samostalnikov ali glagolskih konjugacij<\/h3>\n\n\n\n<p>V vietnam\u0161\u010dini samostalniki ne spreminjajo svoje oblike, da bi nakazovali pluralnost, glagoli pa ostanejo dosledni ne glede na \u010das ali predmet. \u010ceprav se to sprva morda zdi zmedeno, bistveno poenostavi u\u010denje slovni\u010dnih pravil. Namesto tega kontekst in uporaba dodatnih besed pojasnjujeta pomen stavka. Torej, vdihnite si olaj\u0161anje, ko se poslovite od te\u017eav s konjugacijo.<\/p>\n\n\n\n<h3 class=\"wp-block-heading\" id=\"h-5-immerse-yourself-in-the-vietnamese-mindset\">5. Potopite se v vietnamsko miselnost<\/h3>\n\n\n\n<p>U\u010denje vietnamskega jezika ni le obvladovanje slovnice, temve\u010d tudi sprejemanje kulturnih, zgodovinskih in dru\u017ebenih okoli\u0161\u010din, ki so oblikovale ta jezik. Sodelujte z doma\u010dimi govorci, raziskujte vietnamsko literaturo in umetnost ter se posku\u0161ajte povezati z vrednotami in obi\u010daji tega naroda. Ta celostni pristop ne bo samo izbolj\u0161al va\u0161ih jezikovnih spretnosti, temve\u010d tudi poglobil va\u0161e razumevanje ve\u010dplastne lepote Vietnama.<\/p>\n\n\n\n<h3 class=\"wp-block-heading\" id=\"h-in-conclusion-relish-the-charm-of-vietnamese-grammar\">Za zaklju\u010dek: u\u017eivajte v \u010daru vietnamske slovnice<\/h3>\n\n\n\n<p>\u010ceprav se vietnamska slovnica na prvi pogled morda zdi zmedena, njena fascinantna struktura in inherentna preprostost vabita u\u010dence, da se podajo na koristno jezikovno potovanje. Ko se boste poglobili v svet vietnam\u0161\u010dine, boste ob\u010dudovali eleganco in lepoto njene slovnice ter bogato kulturno tkivo, ki je skozi stoletja oblikovalo ta jezik. Torej, nadaljujte in razi\u0161\u010dite \u010dude\u017ee vietnamske slovnice, ko krmarite po jezikovni pokrajini tega o\u010darljivega jezika.<\/p>\n<\/div><\/div>\n\r\n<section class=\"learnNavigationSection\">\r\n            \r\n        <a href=\"https:\/\/talkpal.ai\/sl\/naucite-se-vietnamscine\/\">\r\n            <div class=\"learnNavigationWrapper\">\r\n                <div class=\"learnNavigationContent\">\r\n                    <img decoding=\"async\" src=\"https:\/\/talkpal.ai\/wp-content\/uploads\/2024\/08\/Vietnamese.jpg\" alt=\"Vietnamise Flag\">\r\n                    <div>\r\n                        <h4>O u\u010denju vietnam\u0161\u010dine<\/h4>\r\n                        <p>Izvedite vse o vietnamski slovnici.<\/p>\r\n                    <\/div>\r\n                <\/div>\r\n            <\/div>\r\n        <\/a>\r\n\r\n        \r\n        <a href=\"https:\/\/talkpal.ai\/sl\/vietnamske-slovnicne-vaje\/\">\r\n            <div class=\"learnNavigationWrapper\">\r\n                <div class=\"learnNavigationContent\">\r\n                    <img decoding=\"async\" src=\"https:\/\/talkpal.ai\/wp-content\/uploads\/2024\/08\/Vietnamese.jpg\" alt=\"Vietnamise Flag\">\r\n                    <div>\r\n                        <h4>Vaja iz vietnamske slovnice<\/h4>\r\n                        <p>Vadite vietnamsko slovnico.<\/p>\r\n                    <\/div>\r\n                <\/div>\r\n            <\/div>\r\n        <\/a>\r\n\r\n        \r\n        <a href=\"https:\/\/talkpal.ai\/vocabulary_language\/vietnamese\/\">\r\n            <div class=\"learnNavigationWrapper\">\r\n                <div class=\"learnNavigationContent\">\r\n                    <img decoding=\"async\" src=\"https:\/\/talkpal.ai\/wp-content\/uploads\/2024\/08\/Vietnamese.jpg\" alt=\"Vietnamise Flag\">\r\n                    <div>\r\n                        <h4>Vietnamski besednjak<\/h4>\r\n                        <p>Raz\u0161irite svoj vietnamski besedni zaklad.<\/p>\r\n                    <\/div>\r\n                <\/div>\r\n            <\/div>\r\n        <\/a>\r\n\r\n            <\/section>","protected":false},"excerpt":{"rendered":"<p>Zapletenost vietnamske slovnice: privla\u010dno raziskovanje Vietnamski jezik s svojimi globokimi zgodovinskimi koreninami in edinstvenim kulturnim ozadjem ponuja vabljivo pustolov\u0161\u010dino tako za jezikoslovce kot za u\u010dence jezikov. \u010ceprav se vietnamska slovnica sprva lahko pojavi kot izziv, njena preprosta logika in doslednost utirata pot vznemirljivi u\u010dni izku\u0161nji. Zato se objemite za zanimivo jezikovno potovanje, ko se poglabljamo [&hellip;]<\/p>\n","protected":false},"author":1,"featured_media":120489,"parent":0,"menu_order":0,"comment_status":"closed","ping_status":"closed","template":"LearningContentPage.php","meta":{"_acf_changed":false,"footnotes":""},"class_list":["post-152521","page","type-page","status-publish","has-post-thumbnail","hentry"],"acf":[],"yoast_head":"<!-- This site is optimized with the Yoast SEO Premium plugin v27.2 (Yoast SEO v27.2) - https:\/\/yoast.com\/product\/yoast-seo-premium-wordpress\/ -->\n<title>Vietnamska slovnica - Talkpal<\/title>\n<meta name=\"description\" content=\"Razi\u0161\u010dite zanimive vidike vietnamske slovnice in odkrijte radosti u\u010denja tega edinstvenega jezika.\" \/>\n<meta name=\"robots\" content=\"index, follow, max-snippet:-1, max-image-preview:large, max-video-preview:-1\" \/>\n<link rel=\"canonical\" href=\"https:\/\/talkpal.ai\/sl\/vietnamska-slovnica\/\" \/>\n<meta property=\"og:locale\" content=\"sl_SI\" \/>\n<meta property=\"og:type\" content=\"article\" \/>\n<meta property=\"og:title\" content=\"Vietnamska slovnica\" \/>\n<meta property=\"og:description\" content=\"Zapletenost vietnamske slovnice: privla\u010dno raziskovanje Vietnamski jezik s svojimi globokimi zgodovinskimi koreninami in edinstvenim kulturnim ozadjem\" \/>\n<meta property=\"og:url\" content=\"https:\/\/talkpal.ai\/sl\/vietnamska-slovnica\/\" \/>\n<meta property=\"og:site_name\" content=\"Talkpal\" \/>\n<meta property=\"article:publisher\" content=\"https:\/\/www.facebook.com\/profile.php?id=100090733639311\" \/>\n<meta property=\"article:modified_time\" content=\"2025-12-12T10:54:55+00:00\" \/>\n<meta property=\"og:image\" content=\"https:\/\/talkpal.ai\/wp-content\/uploads\/2023\/05\/vietnam.png\" \/>\n\t<meta property=\"og:image:width\" content=\"512\" \/>\n\t<meta property=\"og:image:height\" content=\"512\" \/>\n\t<meta property=\"og:image:type\" content=\"image\/png\" \/>\n<meta name=\"twitter:card\" content=\"summary_large_image\" \/>\n<meta name=\"twitter:site\" content=\"@talkpalai\" \/>\n<meta name=\"twitter:label1\" content=\"Est. reading time\" \/>\n\t<meta name=\"twitter:data1\" content=\"2 minuti\" \/>\n<script type=\"application\/ld+json\" class=\"yoast-schema-graph\">{\"@context\":\"https:\/\/schema.org\",\"@graph\":[{\"@type\":\"WebPage\",\"@id\":\"https:\/\/talkpal.ai\/sl\/vietnamska-slovnica\/\",\"url\":\"https:\/\/talkpal.ai\/sl\/vietnamska-slovnica\/\",\"name\":\"Vietnamska slovnica - Talkpal\",\"isPartOf\":{\"@id\":\"https:\/\/talkpal.ai\/sl\/#website\"},\"primaryImageOfPage\":{\"@id\":\"https:\/\/talkpal.ai\/sl\/vietnamska-slovnica\/#primaryimage\"},\"image\":{\"@id\":\"https:\/\/talkpal.ai\/sl\/vietnamska-slovnica\/#primaryimage\"},\"thumbnailUrl\":\"https:\/\/talkpal.ai\/wp-content\/uploads\/2023\/05\/vietnam.png\",\"datePublished\":\"2023-05-14T14:23:00+00:00\",\"dateModified\":\"2025-12-12T10:54:55+00:00\",\"description\":\"Razi\u0161\u010dite zanimive vidike vietnamske slovnice in odkrijte radosti u\u010denja tega edinstvenega jezika.\",\"breadcrumb\":{\"@id\":\"https:\/\/talkpal.ai\/sl\/vietnamska-slovnica\/#breadcrumb\"},\"inLanguage\":\"sl-SI\",\"potentialAction\":[{\"@type\":\"ReadAction\",\"target\":[\"https:\/\/talkpal.ai\/sl\/vietnamska-slovnica\/\"]}]},{\"@type\":\"ImageObject\",\"inLanguage\":\"sl-SI\",\"@id\":\"https:\/\/talkpal.ai\/sl\/vietnamska-slovnica\/#primaryimage\",\"url\":\"https:\/\/talkpal.ai\/wp-content\/uploads\/2023\/05\/vietnam.png\",\"contentUrl\":\"https:\/\/talkpal.ai\/wp-content\/uploads\/2023\/05\/vietnam.png\",\"width\":512,\"height\":512},{\"@type\":\"BreadcrumbList\",\"@id\":\"https:\/\/talkpal.ai\/sl\/vietnamska-slovnica\/#breadcrumb\",\"itemListElement\":[{\"@type\":\"ListItem\",\"position\":1,\"name\":\"Homepage\",\"item\":\"https:\/\/talkpal.ai\/sl\/\"},{\"@type\":\"ListItem\",\"position\":2,\"name\":\"Vietnamska slovnica\"}]},{\"@type\":\"WebSite\",\"@id\":\"https:\/\/talkpal.ai\/sl\/#website\",\"url\":\"https:\/\/talkpal.ai\/sl\/\",\"name\":\"Talkpal\",\"description\":\"AI Language Learning\",\"publisher\":{\"@id\":\"https:\/\/talkpal.ai\/sl\/#organization\"},\"alternateName\":\"Talkpal AI\",\"potentialAction\":[{\"@type\":\"SearchAction\",\"target\":{\"@type\":\"EntryPoint\",\"urlTemplate\":\"https:\/\/talkpal.ai\/sl\/?s={search_term_string}\"},\"query-input\":{\"@type\":\"PropertyValueSpecification\",\"valueRequired\":true,\"valueName\":\"search_term_string\"}}],\"inLanguage\":\"sl-SI\"},{\"@type\":\"Organization\",\"@id\":\"https:\/\/talkpal.ai\/sl\/#organization\",\"name\":\"Talkpal, Inc.\",\"alternateName\":\"Talkpal AI\",\"url\":\"https:\/\/talkpal.ai\/sl\/\",\"logo\":{\"@type\":\"ImageObject\",\"inLanguage\":\"sl-SI\",\"@id\":\"https:\/\/talkpal.ai\/sl\/#\/schema\/logo\/image\/\",\"url\":\"https:\/\/talkpal.ai\/wp-content\/uploads\/2024\/03\/Talkpal-Logo-Icon.png\",\"contentUrl\":\"https:\/\/talkpal.ai\/wp-content\/uploads\/2024\/03\/Talkpal-Logo-Icon.png\",\"width\":2880,\"height\":2880,\"caption\":\"Talkpal, Inc.\"},\"image\":{\"@id\":\"https:\/\/talkpal.ai\/sl\/#\/schema\/logo\/image\/\"},\"sameAs\":[\"https:\/\/www.facebook.com\/profile.php?id=100090733639311\",\"https:\/\/x.com\/talkpalai\",\"https:\/\/www.linkedin.com\/company\/talkpal\/\",\"https:\/\/www.youtube.com\/@TalkPal\/\",\"https:\/\/www.tiktok.com\/@talkpal\",\"https:\/\/www.instagram.com\/talkpal_ai\/\",\"https:\/\/www.crunchbase.com\/organization\/talkpal-9cde\",\"https:\/\/www.g2.com\/products\/talkpal-for-business\/\",\"https:\/\/www.trustpilot.com\/review\/talkpal.ai\",\"https:\/\/www.capterra.com\/p\/10006800\/TalkPal\/\"],\"description\":\"Talkpal is a language learning web and mobile education app, powered by the latest AI technologies, that provides engaging experiences to its customers in many different languages to help them improve their language skills. Users can chat about unlimited amount of topics with the app and use other modes to practice their language learning.\",\"email\":\"support@talkpal.ai\",\"legalName\":\"Talkpal, Inc.\",\"foundingDate\":\"2023-04-03\",\"duns\":\"118989042\",\"numberOfEmployees\":{\"@type\":\"QuantitativeValue\",\"minValue\":\"11\",\"maxValue\":\"50\"},\"publishingPrinciples\":\"https:\/\/talkpal.ai\/publishing-principles\/\",\"actionableFeedbackPolicy\":\"https:\/\/talkpal.ai\/actionable-feedback-policy\/\",\"correctionsPolicy\":\"https:\/\/talkpal.ai\/corrections-policy\/\",\"ethicsPolicy\":\"https:\/\/talkpal.ai\/ethics-policy\/\",\"diversityPolicy\":\"https:\/\/talkpal.ai\/diversity-policy\/\",\"diversityStaffingReport\":\"https:\/\/talkpal.ai\/diversity-policy\/\"}]}<\/script>\n<!-- \/ Yoast SEO Premium plugin. -->","yoast_head_json":{"title":"Vietnamska slovnica - Talkpal","description":"Razi\u0161\u010dite zanimive vidike vietnamske slovnice in odkrijte radosti u\u010denja tega edinstvenega jezika.","robots":{"index":"index","follow":"follow","max-snippet":"max-snippet:-1","max-image-preview":"max-image-preview:large","max-video-preview":"max-video-preview:-1"},"canonical":"https:\/\/talkpal.ai\/sl\/vietnamska-slovnica\/","og_locale":"sl_SI","og_type":"article","og_title":"Vietnamska slovnica","og_description":"Zapletenost vietnamske slovnice: privla\u010dno raziskovanje Vietnamski jezik s svojimi globokimi zgodovinskimi koreninami in edinstvenim kulturnim ozadjem","og_url":"https:\/\/talkpal.ai\/sl\/vietnamska-slovnica\/","og_site_name":"Talkpal","article_publisher":"https:\/\/www.facebook.com\/profile.php?id=100090733639311","article_modified_time":"2025-12-12T10:54:55+00:00","og_image":[{"width":512,"height":512,"url":"https:\/\/talkpal.ai\/wp-content\/uploads\/2023\/05\/vietnam.png","type":"image\/png"}],"twitter_card":"summary_large_image","twitter_site":"@talkpalai","twitter_misc":{"Est. reading time":"2 minuti"},"schema":{"@context":"https:\/\/schema.org","@graph":[{"@type":"WebPage","@id":"https:\/\/talkpal.ai\/sl\/vietnamska-slovnica\/","url":"https:\/\/talkpal.ai\/sl\/vietnamska-slovnica\/","name":"Vietnamska slovnica - Talkpal","isPartOf":{"@id":"https:\/\/talkpal.ai\/sl\/#website"},"primaryImageOfPage":{"@id":"https:\/\/talkpal.ai\/sl\/vietnamska-slovnica\/#primaryimage"},"image":{"@id":"https:\/\/talkpal.ai\/sl\/vietnamska-slovnica\/#primaryimage"},"thumbnailUrl":"https:\/\/talkpal.ai\/wp-content\/uploads\/2023\/05\/vietnam.png","datePublished":"2023-05-14T14:23:00+00:00","dateModified":"2025-12-12T10:54:55+00:00","description":"Razi\u0161\u010dite zanimive vidike vietnamske slovnice in odkrijte radosti u\u010denja tega edinstvenega jezika.","breadcrumb":{"@id":"https:\/\/talkpal.ai\/sl\/vietnamska-slovnica\/#breadcrumb"},"inLanguage":"sl-SI","potentialAction":[{"@type":"ReadAction","target":["https:\/\/talkpal.ai\/sl\/vietnamska-slovnica\/"]}]},{"@type":"ImageObject","inLanguage":"sl-SI","@id":"https:\/\/talkpal.ai\/sl\/vietnamska-slovnica\/#primaryimage","url":"https:\/\/talkpal.ai\/wp-content\/uploads\/2023\/05\/vietnam.png","contentUrl":"https:\/\/talkpal.ai\/wp-content\/uploads\/2023\/05\/vietnam.png","width":512,"height":512},{"@type":"BreadcrumbList","@id":"https:\/\/talkpal.ai\/sl\/vietnamska-slovnica\/#breadcrumb","itemListElement":[{"@type":"ListItem","position":1,"name":"Homepage","item":"https:\/\/talkpal.ai\/sl\/"},{"@type":"ListItem","position":2,"name":"Vietnamska slovnica"}]},{"@type":"WebSite","@id":"https:\/\/talkpal.ai\/sl\/#website","url":"https:\/\/talkpal.ai\/sl\/","name":"Talkpal","description":"AI Language Learning","publisher":{"@id":"https:\/\/talkpal.ai\/sl\/#organization"},"alternateName":"Talkpal AI","potentialAction":[{"@type":"SearchAction","target":{"@type":"EntryPoint","urlTemplate":"https:\/\/talkpal.ai\/sl\/?s={search_term_string}"},"query-input":{"@type":"PropertyValueSpecification","valueRequired":true,"valueName":"search_term_string"}}],"inLanguage":"sl-SI"},{"@type":"Organization","@id":"https:\/\/talkpal.ai\/sl\/#organization","name":"Talkpal, Inc.","alternateName":"Talkpal AI","url":"https:\/\/talkpal.ai\/sl\/","logo":{"@type":"ImageObject","inLanguage":"sl-SI","@id":"https:\/\/talkpal.ai\/sl\/#\/schema\/logo\/image\/","url":"https:\/\/talkpal.ai\/wp-content\/uploads\/2024\/03\/Talkpal-Logo-Icon.png","contentUrl":"https:\/\/talkpal.ai\/wp-content\/uploads\/2024\/03\/Talkpal-Logo-Icon.png","width":2880,"height":2880,"caption":"Talkpal, Inc."},"image":{"@id":"https:\/\/talkpal.ai\/sl\/#\/schema\/logo\/image\/"},"sameAs":["https:\/\/www.facebook.com\/profile.php?id=100090733639311","https:\/\/x.com\/talkpalai","https:\/\/www.linkedin.com\/company\/talkpal\/","https:\/\/www.youtube.com\/@TalkPal\/","https:\/\/www.tiktok.com\/@talkpal","https:\/\/www.instagram.com\/talkpal_ai\/","https:\/\/www.crunchbase.com\/organization\/talkpal-9cde","https:\/\/www.g2.com\/products\/talkpal-for-business\/","https:\/\/www.trustpilot.com\/review\/talkpal.ai","https:\/\/www.capterra.com\/p\/10006800\/TalkPal\/"],"description":"Talkpal is a language learning web and mobile education app, powered by the latest AI technologies, that provides engaging experiences to its customers in many different languages to help them improve their language skills. Users can chat about unlimited amount of topics with the app and use other modes to practice their language learning.","email":"support@talkpal.ai","legalName":"Talkpal, Inc.","foundingDate":"2023-04-03","duns":"118989042","numberOfEmployees":{"@type":"QuantitativeValue","minValue":"11","maxValue":"50"},"publishingPrinciples":"https:\/\/talkpal.ai\/publishing-principles\/","actionableFeedbackPolicy":"https:\/\/talkpal.ai\/actionable-feedback-policy\/","correctionsPolicy":"https:\/\/talkpal.ai\/corrections-policy\/","ethicsPolicy":"https:\/\/talkpal.ai\/ethics-policy\/","diversityPolicy":"https:\/\/talkpal.ai\/diversity-policy\/","diversityStaffingReport":"https:\/\/talkpal.ai\/diversity-policy\/"}]}},"_links":{"self":[{"href":"https:\/\/talkpal.ai\/sl\/wp-json\/wp\/v2\/pages\/152521","targetHints":{"allow":["GET"]}}],"collection":[{"href":"https:\/\/talkpal.ai\/sl\/wp-json\/wp\/v2\/pages"}],"about":[{"href":"https:\/\/talkpal.ai\/sl\/wp-json\/wp\/v2\/types\/page"}],"author":[{"embeddable":true,"href":"https:\/\/talkpal.ai\/sl\/wp-json\/wp\/v2\/users\/1"}],"replies":[{"embeddable":true,"href":"https:\/\/talkpal.ai\/sl\/wp-json\/wp\/v2\/comments?post=152521"}],"version-history":[{"count":0,"href":"https:\/\/talkpal.ai\/sl\/wp-json\/wp\/v2\/pages\/152521\/revisions"}],"wp:featuredmedia":[{"embeddable":true,"href":"https:\/\/talkpal.ai\/sl\/wp-json\/wp\/v2\/media\/120489"}],"wp:attachment":[{"href":"https:\/\/talkpal.ai\/sl\/wp-json\/wp\/v2\/media?parent=152521"}],"curies":[{"name":"wp","href":"https:\/\/api.w.org\/{rel}","templated":true}]}}