{"id":152230,"date":"2023-05-14T14:22:39","date_gmt":"2023-05-14T14:22:39","guid":{"rendered":"http:\/\/talkpal.ai\/urdujska-slovnica\/"},"modified":"2025-12-11T16:24:49","modified_gmt":"2025-12-11T16:24:49","slug":"urdujska-slovnica","status":"publish","type":"page","link":"https:\/\/talkpal.ai\/sl\/urdujska-slovnica\/","title":{"rendered":"Urdujska slovnica"},"content":{"rendered":"\r\n\r\n\r\n<section class=\"languageChallengeSection\">\r\n    <div class=\"languageInfoWrapper\">\r\n        \r\n        <h1>Urdujska slovnica<\/h1>\r\n        <p>Vas zanima u\u010denje urduj\u0161\u010dine? Spoznajte urdujsko slovnico, kjer elegantna pisava, samostalniki po spolu in izrazne glagolske oblike ustvarjajo jezik, ki je hkrati poeti\u010den in prakti\u010den. Za\u010dnite svoje potovanje v urduju \u0161e danes &#8211; obvladovanje njegove slovnice vam bo odprlo nove poti v komunikaciji in vas globoko povezalo z bogato literarno in kulturno tradicijo Ju\u017ene Azije!<\/p>\r\n\r\n                            <a class=\"getStartedHidden\" href=\"https:\/\/app.talkpal.ai\/sl\/signup?lng=\">Za\u010dni<\/a>\r\n        \r\n    <\/div>\r\n\r\n    <figure>\r\n    <img decoding=\"async\" width=\"768\" height=\"768\" src=\"https:\/\/talkpal.ai\/wp-content\/uploads\/2023\/06\/urdu-768x768.png\" class=\"languageImage no-lazy\" alt=\"Language learning for global understanding\" fetchpriority=\"high\" sizes=\"(max-width: 768px) 150px, 768px\" srcset=\"https:\/\/talkpal.ai\/wp-content\/uploads\/2023\/06\/urdu-768x768.png 768w, https:\/\/talkpal.ai\/wp-content\/uploads\/2023\/06\/urdu-300x300.png 300w\" \/>\r\n    \r\n\r\n    <\/figure>\r\n\r\n            <a class=\"getStartedVisible\" href=\"https:\/\/app.talkpal.ai\/sl\/signup?lng=\">Za\u010dni<\/a>\r\n    \r\n<\/section>\r\n<section class=\"promotionalBanner\">\r\n    <p class=\"promotionalText\">Naju\u010dinkovitej\u0161i na\u010din u\u010denja jezika<\/p>\r\n    <a class=\"promotionalLink\" href=\"https:\/\/app.talkpal.ai\/sl\/signup?lng=\">Preizkusite Talkpal brezpla\u010dno<\/a>\r\n<\/section>\n<div class=\"wp-block-group pageContainerStyle\"><div class=\"wp-block-group__inner-container is-layout-constrained wp-block-group-is-layout-constrained\">\n<h2 class=\"wp-block-heading\" id=\"h-urdu-grammar-exploring-the-beauty-and-intricacies-of-the-indo-aryan-language\">Urdujska slovnica: raziskovanje lepote in zapletenosti indoarijskega jezika<\/h2>\n\n\n\n<p><a href=\"https:\/\/talkpal.ai\/talkpal-discount-for-language-enthusiasts\/\">Jezikovni navdu\u0161enci<\/a> in radovedni u\u010denci, ste se pripravljeni potopiti v fascinanten svet urdujske slovnice? <a href=\"https:\/\/talkpal.ai\/learn-urdu\/\">Urdu<\/a>, indo-arijski jezik, je nacionalni jezik Pakistana in eden od uradnih jezikov Indije. Urdu s pribli\u017eno 70 milijoni govorcev po vsem svetu ni le bogat in izrazit jezik, temve\u010d tudi most do \u017eivahne kulture in zgodovine. V tem \u010dlanku se bomo poglobili v edinstvene vidike urdujske slovnice in odkrili, kaj jo razlikuje od drugih jezikov.<\/p>\n\n\n\n<h3 class=\"wp-block-heading\" id=\"h-script-and-pronunciation-the-elegant-nastaliq\">Scenarij in izgovorjava: eleganten nastaliq<\/h3>\n\n\n\n<p>Urdujska pisava temelji na perzijsko-arabskem slogu nastalika, ki se pi\u0161e in bere od desne proti levi. Nastaliqova pisava, ki obsega 38 \u010drk z dodatnimi diakriti\u010dnimi oznakami za samoglasnike in izgovorjavo, je elegantna in teko\u010da. U\u010denje pisave in obvladovanje izgovarjave urdujskih zvokov bo va\u0161 prvi korak k razumevanju slovnice tega jezika.<\/p>\n\n\n\n<h3 class=\"wp-block-heading\" id=\"h-nouns-and-pronouns-exploring-gender-number-and-case\">Samostalniki in zaimki: raziskovanje spola, \u0161tevila in primerov<\/h3>\n\n\n\n<p>Urdujski samostalniki so razvr\u0161\u010deni glede na spol (mo\u0161ki ali \u017eenski), \u0161tevilo (ednina ali mno\u017eina) in velike \u010drke (neposredne ali po\u0161evne). Jezik nima \u010dlenov (kot sta &#8220;a&#8221; ali &#8220;the&#8221;), temve\u010d se pri izra\u017eanju dolo\u010dnosti zana\u0161a na kontekst. Urdujski zaimki sledijo tudi razlikovanju med spoloma, \u0161tevilom in primeri ter imajo razli\u010dne oblike vljudnosti in doma\u010dnosti.<\/p>\n\n\n\n<h3 class=\"wp-block-heading\" id=\"h-postpositions-and-cases-urdu-s-unique-approach-to-indicating-relationships\">Postpozicije in primeri: Edinstven pristop urduj\u0161\u010dine k ozna\u010devanju razmerij<\/h3>\n\n\n\n<p>Urdu namesto predlogov uporablja objave &#8211; besede, ki pridejo za samostalniki, ki jim vladajo. Ta posebnost je vidna v celotnem jeziku in pomembno vpliva na oznake primerov. V urduju se dva primera, neposredni in po\u0161evni, uporabljata v kombinaciji s postpozitivi za ozna\u010devanje odnosov med besedami.<\/p>\n\n\n\n<h3 class=\"wp-block-heading\" id=\"h-harnessing-the-power-of-verbs-tense-aspect-and-moods\">Izkori\u0161\u010danje mo\u010di glagolov: napetost, vidik in razpolo\u017eenje<\/h3>\n\n\n\n<p>Urdujski glagoli so fascinantni s svojim raznolikim razponom \u010dasov (preteklost, sedanjost in prihodnost), aspekti (popolni, nepopolni in obi\u010dajni) in razpolo\u017eenjem (indikativni, nujni in konjunktivni). Jezik prav tako obse\u017eno uporablja pomo\u017ene glagole za oblikovanje sestavljenih \u010dasov, izra\u017eanje odtenkov v \u010dasu in dokon\u010danje dejanj.<\/p>\n\n\n\n<p>Glagoli se ujemajo tudi s svojimi predmeti v smislu spola in \u0161tevila, kar urdujski slovnici \u0161e dodatno dodaja plasti kompleksnosti in bogastva.<\/p>\n\n\n\n<h3 class=\"wp-block-heading\" id=\"h-adjectives-adverbs-and-more-adding-color-to-your-language\">Pridevniki, prislovi in drugo: dodajanje barve jeziku<\/h3>\n\n\n\n<p>Urdujski pridevniki obi\u010dajno sledijo samostalnikom, ki jih spreminjajo, in se z njimi strinjajo glede spola in \u0161tevila. Pridevnike je mogo\u010de okrepiti s primerjalnimi in prese\u017eniki, opisom pa dodati globino. Urdujski prislovi, ki izhajajo iz pridevnikov ali obstajajo samostojno, prav tako igrajo klju\u010dno vlogo v jeziku, saj zagotavljajo informacije o \u010dasu, na\u010dinu, kraju in stopnji.<\/p>\n\n\n\n<p><a href=\"https:\/\/talkpal.ai\/urdu-grammar\/\">Urdujska slovnica<\/a> se pona\u0161a z mno\u017eico veznikov, vme\u0161avanj, delcev in \u0161e ve\u010d, kar vam pomaga zgraditi bogate, smiselne in izrazne stavke.<\/p>\n\n\n\n<h3 class=\"wp-block-heading\" id=\"h-embracing-the-world-of-urdu-grammar\">Sprejemanje sveta urdujske slovnice<\/h3>\n\n\n\n<p>Urdujska <a href=\"https:\/\/talkpal.ai\/grammar\/\">slovnica<\/a> se morda sprva zdi zapletena, a ko se boste poglobili v njeno zapletenost, boste ugotovili, da jezik prekipeva od lepote in izraznosti. U\u010denje urduja ne bo samo izbolj\u0161alo va\u0161ega razumevanja indo-arijske jezikovne dru\u017eine, temve\u010d vam bo tudi pomagalo, da se pove\u017eete z o\u010darljivo kulturo, literaturo in zgodovino.<\/p>\n\n\n\n<p>Zakaj se torej ne bi podali na vznemirljivo potovanje u\u010denja urdujske slovnice? S predanostjo in radovednostjo se boste morda kmalu zna\u0161li v pogovoru z doma\u010dimi govorci, izmenjavi idej in zgodb v tem mo\u010dnem jeziku. Sre\u010dno u\u010denje!<\/p>\n<\/div><\/div>\n\r\n<section class=\"learnNavigationSection\">\r\n            \r\n        <a href=\"https:\/\/talkpal.ai\/sl\/naucite-se-urdujscine\/\">\r\n            <div class=\"learnNavigationWrapper\">\r\n                <div class=\"learnNavigationContent\">\r\n                    <img decoding=\"async\" src=\"https:\/\/talkpal.ai\/wp-content\/uploads\/2024\/08\/Urdu.jpg\" alt=\"Pakistani Flag\">\r\n                    <div>\r\n                        <h4>O u\u010denju urduj\u0161\u010dine<\/h4>\r\n                        <p>Izvedite vse o urdujski slovnici.<\/p>\r\n                    <\/div>\r\n                <\/div>\r\n            <\/div>\r\n        <\/a>\r\n\r\n        \r\n        <a href=\"https:\/\/talkpal.ai\/sl\/urdujske-slovnicne-vaje\/\">\r\n            <div class=\"learnNavigationWrapper\">\r\n                <div class=\"learnNavigationContent\">\r\n                    <img decoding=\"async\" src=\"https:\/\/talkpal.ai\/wp-content\/uploads\/2024\/08\/Urdu.jpg\" alt=\"Pakistani Flag\">\r\n                    <div>\r\n                        <h4>Urdu gramatika Vaja<\/h4>\r\n                        <p>Vadite urdujsko slovnico.<\/p>\r\n                    <\/div>\r\n                <\/div>\r\n            <\/div>\r\n        <\/a>\r\n\r\n        \r\n        <a href=\"https:\/\/talkpal.ai\/vocabulary_language\/urdu\/\">\r\n            <div class=\"learnNavigationWrapper\">\r\n                <div class=\"learnNavigationContent\">\r\n                    <img decoding=\"async\" src=\"https:\/\/talkpal.ai\/wp-content\/uploads\/2024\/08\/Urdu.jpg\" alt=\"Pakistani Flag\">\r\n                    <div>\r\n                        <h4>Urdujski besednjak<\/h4>\r\n                        <p>Raz\u0161irite svoj besedni zaklad v urduj\u0161\u010dini.<\/p>\r\n                    <\/div>\r\n                <\/div>\r\n            <\/div>\r\n        <\/a>\r\n\r\n            <\/section>","protected":false},"excerpt":{"rendered":"<p>Urdujska slovnica: raziskovanje lepote in zapletenosti indoarijskega jezika Jezikovni navdu\u0161enci in radovedni u\u010denci, ste se pripravljeni potopiti v fascinanten svet urdujske slovnice? Urdu, indo-arijski jezik, je nacionalni jezik Pakistana in eden od uradnih jezikov Indije. Urdu s pribli\u017eno 70 milijoni govorcev po vsem svetu ni le bogat in izrazit jezik, temve\u010d tudi most do \u017eivahne [&hellip;]<\/p>\n","protected":false},"author":1,"featured_media":121225,"parent":0,"menu_order":0,"comment_status":"closed","ping_status":"closed","template":"LearningContentPage.php","meta":{"_acf_changed":false,"footnotes":""},"class_list":["post-152230","page","type-page","status-publish","has-post-thumbnail","hentry"],"acf":[],"yoast_head":"<!-- This site is optimized with the Yoast SEO Premium plugin v27.2 (Yoast SEO v27.2) - https:\/\/yoast.com\/product\/yoast-seo-premium-wordpress\/ -->\n<title>Urdujska slovnica - Talkpal<\/title>\n<meta name=\"description\" content=\"Odkrijte lepoto urdujske slovnice. Spoznajte njegove edinstvene vidike, pisavo ter njegovo povezavo s kulturo in zgodovino.\" \/>\n<meta name=\"robots\" content=\"index, follow, max-snippet:-1, max-image-preview:large, max-video-preview:-1\" \/>\n<link rel=\"canonical\" href=\"https:\/\/talkpal.ai\/sl\/urdujska-slovnica\/\" \/>\n<meta property=\"og:locale\" content=\"sl_SI\" \/>\n<meta property=\"og:type\" content=\"article\" \/>\n<meta property=\"og:title\" content=\"Urdujska slovnica\" \/>\n<meta property=\"og:description\" content=\"Urdujska slovnica: raziskovanje lepote in zapletenosti indoarijskega jezika Jezikovni navdu\u0161enci in radovedni u\u010denci, ste se pripravljeni potopiti v\" \/>\n<meta property=\"og:url\" content=\"https:\/\/talkpal.ai\/sl\/urdujska-slovnica\/\" \/>\n<meta property=\"og:site_name\" content=\"Talkpal\" \/>\n<meta property=\"article:publisher\" content=\"https:\/\/www.facebook.com\/profile.php?id=100090733639311\" \/>\n<meta property=\"article:modified_time\" content=\"2025-12-11T16:24:49+00:00\" \/>\n<meta property=\"og:image\" content=\"https:\/\/talkpal.ai\/wp-content\/uploads\/2023\/05\/Urdu-pakistan.png\" \/>\n\t<meta property=\"og:image:width\" content=\"512\" \/>\n\t<meta property=\"og:image:height\" content=\"512\" \/>\n\t<meta property=\"og:image:type\" content=\"image\/png\" \/>\n<meta name=\"twitter:card\" content=\"summary_large_image\" \/>\n<meta name=\"twitter:site\" content=\"@talkpalai\" \/>\n<meta name=\"twitter:label1\" content=\"Est. reading time\" \/>\n\t<meta name=\"twitter:data1\" content=\"3 minute\" \/>\n<script type=\"application\/ld+json\" class=\"yoast-schema-graph\">{\"@context\":\"https:\/\/schema.org\",\"@graph\":[{\"@type\":\"WebPage\",\"@id\":\"https:\/\/talkpal.ai\/sl\/urdujska-slovnica\/\",\"url\":\"https:\/\/talkpal.ai\/sl\/urdujska-slovnica\/\",\"name\":\"Urdujska slovnica - Talkpal\",\"isPartOf\":{\"@id\":\"https:\/\/talkpal.ai\/sl\/#website\"},\"primaryImageOfPage\":{\"@id\":\"https:\/\/talkpal.ai\/sl\/urdujska-slovnica\/#primaryimage\"},\"image\":{\"@id\":\"https:\/\/talkpal.ai\/sl\/urdujska-slovnica\/#primaryimage\"},\"thumbnailUrl\":\"https:\/\/talkpal.ai\/wp-content\/uploads\/2023\/05\/Urdu-pakistan.png\",\"datePublished\":\"2023-05-14T14:22:39+00:00\",\"dateModified\":\"2025-12-11T16:24:49+00:00\",\"description\":\"Odkrijte lepoto urdujske slovnice. Spoznajte njegove edinstvene vidike, pisavo ter njegovo povezavo s kulturo in zgodovino.\",\"breadcrumb\":{\"@id\":\"https:\/\/talkpal.ai\/sl\/urdujska-slovnica\/#breadcrumb\"},\"inLanguage\":\"sl-SI\",\"potentialAction\":[{\"@type\":\"ReadAction\",\"target\":[\"https:\/\/talkpal.ai\/sl\/urdujska-slovnica\/\"]}]},{\"@type\":\"ImageObject\",\"inLanguage\":\"sl-SI\",\"@id\":\"https:\/\/talkpal.ai\/sl\/urdujska-slovnica\/#primaryimage\",\"url\":\"https:\/\/talkpal.ai\/wp-content\/uploads\/2023\/05\/Urdu-pakistan.png\",\"contentUrl\":\"https:\/\/talkpal.ai\/wp-content\/uploads\/2023\/05\/Urdu-pakistan.png\",\"width\":512,\"height\":512},{\"@type\":\"BreadcrumbList\",\"@id\":\"https:\/\/talkpal.ai\/sl\/urdujska-slovnica\/#breadcrumb\",\"itemListElement\":[{\"@type\":\"ListItem\",\"position\":1,\"name\":\"Homepage\",\"item\":\"https:\/\/talkpal.ai\/sl\/\"},{\"@type\":\"ListItem\",\"position\":2,\"name\":\"Urdujska slovnica\"}]},{\"@type\":\"WebSite\",\"@id\":\"https:\/\/talkpal.ai\/sl\/#website\",\"url\":\"https:\/\/talkpal.ai\/sl\/\",\"name\":\"Talkpal\",\"description\":\"AI Language Learning\",\"publisher\":{\"@id\":\"https:\/\/talkpal.ai\/sl\/#organization\"},\"alternateName\":\"Talkpal AI\",\"potentialAction\":[{\"@type\":\"SearchAction\",\"target\":{\"@type\":\"EntryPoint\",\"urlTemplate\":\"https:\/\/talkpal.ai\/sl\/?s={search_term_string}\"},\"query-input\":{\"@type\":\"PropertyValueSpecification\",\"valueRequired\":true,\"valueName\":\"search_term_string\"}}],\"inLanguage\":\"sl-SI\"},{\"@type\":\"Organization\",\"@id\":\"https:\/\/talkpal.ai\/sl\/#organization\",\"name\":\"Talkpal, Inc.\",\"alternateName\":\"Talkpal AI\",\"url\":\"https:\/\/talkpal.ai\/sl\/\",\"logo\":{\"@type\":\"ImageObject\",\"inLanguage\":\"sl-SI\",\"@id\":\"https:\/\/talkpal.ai\/sl\/#\/schema\/logo\/image\/\",\"url\":\"https:\/\/talkpal.ai\/wp-content\/uploads\/2024\/03\/Talkpal-Logo-Icon.png\",\"contentUrl\":\"https:\/\/talkpal.ai\/wp-content\/uploads\/2024\/03\/Talkpal-Logo-Icon.png\",\"width\":2880,\"height\":2880,\"caption\":\"Talkpal, Inc.\"},\"image\":{\"@id\":\"https:\/\/talkpal.ai\/sl\/#\/schema\/logo\/image\/\"},\"sameAs\":[\"https:\/\/www.facebook.com\/profile.php?id=100090733639311\",\"https:\/\/x.com\/talkpalai\",\"https:\/\/www.linkedin.com\/company\/talkpal\/\",\"https:\/\/www.youtube.com\/@TalkPal\/\",\"https:\/\/www.tiktok.com\/@talkpal\",\"https:\/\/www.instagram.com\/talkpal_ai\/\",\"https:\/\/www.crunchbase.com\/organization\/talkpal-9cde\",\"https:\/\/www.g2.com\/products\/talkpal-for-business\/\",\"https:\/\/www.trustpilot.com\/review\/talkpal.ai\",\"https:\/\/www.capterra.com\/p\/10006800\/TalkPal\/\"],\"description\":\"Talkpal is a language learning web and mobile education app, powered by the latest AI technologies, that provides engaging experiences to its customers in many different languages to help them improve their language skills. Users can chat about unlimited amount of topics with the app and use other modes to practice their language learning.\",\"email\":\"support@talkpal.ai\",\"legalName\":\"Talkpal, Inc.\",\"foundingDate\":\"2023-04-03\",\"duns\":\"118989042\",\"numberOfEmployees\":{\"@type\":\"QuantitativeValue\",\"minValue\":\"11\",\"maxValue\":\"50\"},\"publishingPrinciples\":\"https:\/\/talkpal.ai\/publishing-principles\/\",\"actionableFeedbackPolicy\":\"https:\/\/talkpal.ai\/actionable-feedback-policy\/\",\"correctionsPolicy\":\"https:\/\/talkpal.ai\/corrections-policy\/\",\"ethicsPolicy\":\"https:\/\/talkpal.ai\/ethics-policy\/\",\"diversityPolicy\":\"https:\/\/talkpal.ai\/diversity-policy\/\",\"diversityStaffingReport\":\"https:\/\/talkpal.ai\/diversity-policy\/\"}]}<\/script>\n<!-- \/ Yoast SEO Premium plugin. -->","yoast_head_json":{"title":"Urdujska slovnica - Talkpal","description":"Odkrijte lepoto urdujske slovnice. Spoznajte njegove edinstvene vidike, pisavo ter njegovo povezavo s kulturo in zgodovino.","robots":{"index":"index","follow":"follow","max-snippet":"max-snippet:-1","max-image-preview":"max-image-preview:large","max-video-preview":"max-video-preview:-1"},"canonical":"https:\/\/talkpal.ai\/sl\/urdujska-slovnica\/","og_locale":"sl_SI","og_type":"article","og_title":"Urdujska slovnica","og_description":"Urdujska slovnica: raziskovanje lepote in zapletenosti indoarijskega jezika Jezikovni navdu\u0161enci in radovedni u\u010denci, ste se pripravljeni potopiti v","og_url":"https:\/\/talkpal.ai\/sl\/urdujska-slovnica\/","og_site_name":"Talkpal","article_publisher":"https:\/\/www.facebook.com\/profile.php?id=100090733639311","article_modified_time":"2025-12-11T16:24:49+00:00","og_image":[{"width":512,"height":512,"url":"https:\/\/talkpal.ai\/wp-content\/uploads\/2023\/05\/Urdu-pakistan.png","type":"image\/png"}],"twitter_card":"summary_large_image","twitter_site":"@talkpalai","twitter_misc":{"Est. reading time":"3 minute"},"schema":{"@context":"https:\/\/schema.org","@graph":[{"@type":"WebPage","@id":"https:\/\/talkpal.ai\/sl\/urdujska-slovnica\/","url":"https:\/\/talkpal.ai\/sl\/urdujska-slovnica\/","name":"Urdujska slovnica - Talkpal","isPartOf":{"@id":"https:\/\/talkpal.ai\/sl\/#website"},"primaryImageOfPage":{"@id":"https:\/\/talkpal.ai\/sl\/urdujska-slovnica\/#primaryimage"},"image":{"@id":"https:\/\/talkpal.ai\/sl\/urdujska-slovnica\/#primaryimage"},"thumbnailUrl":"https:\/\/talkpal.ai\/wp-content\/uploads\/2023\/05\/Urdu-pakistan.png","datePublished":"2023-05-14T14:22:39+00:00","dateModified":"2025-12-11T16:24:49+00:00","description":"Odkrijte lepoto urdujske slovnice. Spoznajte njegove edinstvene vidike, pisavo ter njegovo povezavo s kulturo in zgodovino.","breadcrumb":{"@id":"https:\/\/talkpal.ai\/sl\/urdujska-slovnica\/#breadcrumb"},"inLanguage":"sl-SI","potentialAction":[{"@type":"ReadAction","target":["https:\/\/talkpal.ai\/sl\/urdujska-slovnica\/"]}]},{"@type":"ImageObject","inLanguage":"sl-SI","@id":"https:\/\/talkpal.ai\/sl\/urdujska-slovnica\/#primaryimage","url":"https:\/\/talkpal.ai\/wp-content\/uploads\/2023\/05\/Urdu-pakistan.png","contentUrl":"https:\/\/talkpal.ai\/wp-content\/uploads\/2023\/05\/Urdu-pakistan.png","width":512,"height":512},{"@type":"BreadcrumbList","@id":"https:\/\/talkpal.ai\/sl\/urdujska-slovnica\/#breadcrumb","itemListElement":[{"@type":"ListItem","position":1,"name":"Homepage","item":"https:\/\/talkpal.ai\/sl\/"},{"@type":"ListItem","position":2,"name":"Urdujska slovnica"}]},{"@type":"WebSite","@id":"https:\/\/talkpal.ai\/sl\/#website","url":"https:\/\/talkpal.ai\/sl\/","name":"Talkpal","description":"AI Language Learning","publisher":{"@id":"https:\/\/talkpal.ai\/sl\/#organization"},"alternateName":"Talkpal AI","potentialAction":[{"@type":"SearchAction","target":{"@type":"EntryPoint","urlTemplate":"https:\/\/talkpal.ai\/sl\/?s={search_term_string}"},"query-input":{"@type":"PropertyValueSpecification","valueRequired":true,"valueName":"search_term_string"}}],"inLanguage":"sl-SI"},{"@type":"Organization","@id":"https:\/\/talkpal.ai\/sl\/#organization","name":"Talkpal, Inc.","alternateName":"Talkpal AI","url":"https:\/\/talkpal.ai\/sl\/","logo":{"@type":"ImageObject","inLanguage":"sl-SI","@id":"https:\/\/talkpal.ai\/sl\/#\/schema\/logo\/image\/","url":"https:\/\/talkpal.ai\/wp-content\/uploads\/2024\/03\/Talkpal-Logo-Icon.png","contentUrl":"https:\/\/talkpal.ai\/wp-content\/uploads\/2024\/03\/Talkpal-Logo-Icon.png","width":2880,"height":2880,"caption":"Talkpal, Inc."},"image":{"@id":"https:\/\/talkpal.ai\/sl\/#\/schema\/logo\/image\/"},"sameAs":["https:\/\/www.facebook.com\/profile.php?id=100090733639311","https:\/\/x.com\/talkpalai","https:\/\/www.linkedin.com\/company\/talkpal\/","https:\/\/www.youtube.com\/@TalkPal\/","https:\/\/www.tiktok.com\/@talkpal","https:\/\/www.instagram.com\/talkpal_ai\/","https:\/\/www.crunchbase.com\/organization\/talkpal-9cde","https:\/\/www.g2.com\/products\/talkpal-for-business\/","https:\/\/www.trustpilot.com\/review\/talkpal.ai","https:\/\/www.capterra.com\/p\/10006800\/TalkPal\/"],"description":"Talkpal is a language learning web and mobile education app, powered by the latest AI technologies, that provides engaging experiences to its customers in many different languages to help them improve their language skills. Users can chat about unlimited amount of topics with the app and use other modes to practice their language learning.","email":"support@talkpal.ai","legalName":"Talkpal, Inc.","foundingDate":"2023-04-03","duns":"118989042","numberOfEmployees":{"@type":"QuantitativeValue","minValue":"11","maxValue":"50"},"publishingPrinciples":"https:\/\/talkpal.ai\/publishing-principles\/","actionableFeedbackPolicy":"https:\/\/talkpal.ai\/actionable-feedback-policy\/","correctionsPolicy":"https:\/\/talkpal.ai\/corrections-policy\/","ethicsPolicy":"https:\/\/talkpal.ai\/ethics-policy\/","diversityPolicy":"https:\/\/talkpal.ai\/diversity-policy\/","diversityStaffingReport":"https:\/\/talkpal.ai\/diversity-policy\/"}]}},"_links":{"self":[{"href":"https:\/\/talkpal.ai\/sl\/wp-json\/wp\/v2\/pages\/152230","targetHints":{"allow":["GET"]}}],"collection":[{"href":"https:\/\/talkpal.ai\/sl\/wp-json\/wp\/v2\/pages"}],"about":[{"href":"https:\/\/talkpal.ai\/sl\/wp-json\/wp\/v2\/types\/page"}],"author":[{"embeddable":true,"href":"https:\/\/talkpal.ai\/sl\/wp-json\/wp\/v2\/users\/1"}],"replies":[{"embeddable":true,"href":"https:\/\/talkpal.ai\/sl\/wp-json\/wp\/v2\/comments?post=152230"}],"version-history":[{"count":0,"href":"https:\/\/talkpal.ai\/sl\/wp-json\/wp\/v2\/pages\/152230\/revisions"}],"wp:featuredmedia":[{"embeddable":true,"href":"https:\/\/talkpal.ai\/sl\/wp-json\/wp\/v2\/media\/121225"}],"wp:attachment":[{"href":"https:\/\/talkpal.ai\/sl\/wp-json\/wp\/v2\/media?parent=152230"}],"curies":[{"name":"wp","href":"https:\/\/api.w.org\/{rel}","templated":true}]}}