{"id":152094,"date":"2023-05-14T14:22:16","date_gmt":"2023-05-14T14:22:16","guid":{"rendered":"http:\/\/talkpal.ai\/tamilska-slovnica\/"},"modified":"2025-12-12T11:01:33","modified_gmt":"2025-12-12T11:01:33","slug":"tamilska-slovnica","status":"publish","type":"page","link":"https:\/\/talkpal.ai\/sl\/tamilska-slovnica\/","title":{"rendered":"Tamilska slovnica"},"content":{"rendered":"\r\n\r\n\r\n<section class=\"languageChallengeSection\">\r\n    <div class=\"languageInfoWrapper\">\r\n        \r\n        <h1>Tamilska slovnica<\/h1>\r\n        <p>Dvignite svoje znanje tamil\u0161\u010dine na vi\u0161jo raven z obvladovanjem osnov slovnice in naprednih konceptov. Spoznajte jasne razlage, prakti\u010dne primere in interaktivne vaje, s katerimi boste pridobili samozavest. \u0160e danes se nau\u010dite o zgradbi stavka, glagolskem sklanjanju in bistvenih pravilih. Za\u010dnite govoriti in pisati v tamil\u0161\u010dini z natan\u010dnostjo in lahkoto!<\/p>\r\n\r\n                            <a class=\"getStartedHidden\" href=\"https:\/\/app.talkpal.ai\/sl\/signup?lng=\">Za\u010dni<\/a>\r\n        \r\n    <\/div>\r\n\r\n    <figure>\r\n    <img decoding=\"async\" width=\"768\" height=\"768\" src=\"https:\/\/talkpal.ai\/wp-content\/uploads\/2023\/06\/tamil-768x768.png\" class=\"languageImage no-lazy\" alt=\"Language learning for enhanced creativity\" fetchpriority=\"high\" sizes=\"(max-width: 768px) 150px, 768px\" srcset=\"https:\/\/talkpal.ai\/wp-content\/uploads\/2023\/06\/tamil-768x768.png 768w, https:\/\/talkpal.ai\/wp-content\/uploads\/2023\/06\/tamil-300x300.png 300w\" \/>\r\n    \r\n\r\n    <\/figure>\r\n\r\n            <a class=\"getStartedVisible\" href=\"https:\/\/app.talkpal.ai\/sl\/signup?lng=\">Za\u010dni<\/a>\r\n    \r\n<\/section>\r\n<section class=\"promotionalBanner\">\r\n    <p class=\"promotionalText\">Naju\u010dinkovitej\u0161i na\u010din u\u010denja jezika<\/p>\r\n    <a class=\"promotionalLink\" href=\"https:\/\/app.talkpal.ai\/sl\/signup?lng=\">Preizkusite Talkpal brezpla\u010dno<\/a>\r\n<\/section>\n<div class=\"wp-block-group pageContainerStyle\"><div class=\"wp-block-group__inner-container is-layout-constrained wp-block-group-is-layout-constrained\">\n<h2 class=\"wp-block-heading\" id=\"h-tamil-grammar-understanding-the-richness-of-the-tamil-language\">Tamilska slovnica: razumevanje bogastva tamilskega jezika<\/h2>\n\n\n\n<p>Ko se za\u010dnete u\u010diti tamil\u0161\u010dino &#8211; enega najstarej\u0161ih \u017eivih jezikov na svetu -, je treba razvozlati zapletenost in bogastvo njene slovnice. <a href=\"https:\/\/talkpal.ai\/learn-tamil\/\">Tamil<\/a>, ki se pona\u0161a s pisno tradicijo, ki sega ve\u010d kot 2000 let nazaj, ostaja primarni jezik 70 milijonov govorcev po vsem svetu. Za la\u017eji za\u010detek so v tem \u010dlanku opisani nekateri klju\u010dni vidiki tamilske slovnice s pogovornim in neformalnim pristopom.<\/p>\n\n\n\n<h3 class=\"wp-block-heading\" id=\"h-1-nouns-classifications-and-cases\">1. Samostalniki \u2013 klasifikacije in primeri<\/h3>\n\n\n\n<p>Pomemben vidik tamilske slovnice so njeni samostalniki, ki so razvr\u0161\u010deni glede na spol (mo\u0161ki, \u017eenski in srednje), \u0161tevilo (ednina in mno\u017eina) in primer (nominativni, akuzativni, dativni, genitivni, lokativni, instrumentalni, komitativni, abesivni in vokativni). \u010ceprav se to morda zdi nepojmljivo, je bistvenega pomena za razumevanje odnosov med besedami v stavkih in razvozlavanje logike, ki je lastna jeziku Tamil.<\/p>\n\n\n\n<p>Na primer, beseda &#8220;knjiga&#8221; je v tamil\u0161\u010dini &#8220;\u0baa\u0bc1\u0ba4\u0bcd\u0ba4\u0b95\u0bae\u0bcd&#8221; (puththakam). \u010ce bi rekli &#8220;prebral sem knjigo&#8221;, bi uporabili akuzativ, ki pomeni, da je knjiga predmet dejanja: &#8220;\u0ba8\u0bbe\u0ba9\u0bcd \u0baa\u0bc1\u0ba4\u0bcd\u0ba4\u0b95\u0ba4\u0bcd\u0ba4\u0bc8 \u0bb5\u0bbe\u0b9a\u0bbf\u0b95\u0bcd\u0b95\u0bbf\u0ba9\u0bcd\u0bb1\u0bc7\u0ba9\u0bcd&#8221; (Naan puththakaththai vaasikkiren).<\/p>\n\n\n\n<h3 class=\"wp-block-heading\" id=\"h-2-adjectives-and-pronouns-consistent-harmony\">2. Pridevniki in zaimki \u2013 dosledna harmonija<\/h3>\n\n\n\n<p>V Tamilu pridevniki (\u0baa\u0ba3\u0bcd\u0baa\u0bc1\u0b9f\u0bc8\u0bae\u0bc8) in zaimki (\u0ba4\u0ba9\u0bbf\u0baa\u0bcd\u0baa\u0bca\u0bb0\u0bc1\u0bb3\u0bcd) sledijo klju\u010dnemu pravilu: po spolu in \u0161tevilu se morajo strinjati s samostalniki, ki jih spreminjajo. Ta doslednost spodbuja jezikovno harmonijo in pove\u010duje jasnost izra\u017eanja.<\/p>\n\n\n\n<h3 class=\"wp-block-heading\" id=\"h-3-verbs-conjugation-and-tenses\">3. Glagoli &#8211; konjugacija in \u010dasi<\/h3>\n\n\n\n<p>Tamilski glagoli igrajo klju\u010dno vlogo pri oblikovanju stavkov. Glagoli so podvr\u017eeni konjugaciji glede na osebo, \u0161tevilo, \u010das, glas in razpolo\u017eenje. Tamil\u0161\u010dina ima tri glavne \u010dase (preteklost, sedanjost in prihodnost) in tri razpolo\u017eenja (indikativna, nujna in konjunktivna). Konjugacija se sprva zdi zastra\u0161ujo\u010da, <a href=\"https:\/\/talkpal.ai\/locations\/language-courses-in-toda\/\">toda<\/a> obvladovanje tega vam bo pomagalo izraziti mno\u017eico \u010dustev, dejanj in odtenkov.<\/p>\n\n\n\n<h3 class=\"wp-block-heading\" id=\"h-4-sentence-structure-word-order-and-agreement\">4. Struktura stavkov &#8211; besedni red in dogovor<\/h3>\n\n\n\n<p>Tamil\u0161\u010dina sledi vrstnemu redu besed <a href=\"https:\/\/talkpal.ai\/culture\/how-do-you-structure-a-sentence-using-subject-object-verb-order-in-uzbek\/\">Subject-Object-Verb<\/a> (SOV), zaradi \u010desar se razlikuje od angle\u0161\u010dine, ki sledi strukturi subjekt-glagol-objekt (SVO). Poleg tega <a href=\"https:\/\/talkpal.ai\/tamil-grammar\/\">tamilska slovnica<\/a> poudarja besedno ujemanje, ki zagotavlja doslednost med samostalniki, pridevniki in zaimki.<\/p>\n\n\n\n<p>Na primer, v tamil\u0161\u010dini je stavek &#8220;Ona je jabolko&#8221; zapisan kot &#8220;\u0b85\u0bb5\u0bb3\u0bcd \u0b92\u0bb0\u0bc1 \u0b86\u0baa\u0bcd\u0baa\u0bbf\u0bb3\u0bcd \u0b9a\u0bbe\u0baa\u0bcd\u0baa\u0bbf\u0b9f\u0bc1\u0b95\u0bbf\u0bb1\u0bbe\u0bb3\u0bcd&#8221; (Ava\u1e37 oru \u0101ppi\u1e37 s\u0101ppi\u1e6dugi\u1e5f\u0101\u1e37), kjer se samostalnik in glagol ujemata po spolu in \u0161tevilu.<\/p>\n\n\n\n<h3 class=\"wp-block-heading\" id=\"h-5-embrace-the-journey\">5. Sprejmite potovanje<\/h3>\n\n\n\n<p>U\u010denje tamilske slovnice je morda izziv, vendar ponuja vrata v \u017eivahno literarno tradicijo in bogato kulturno dedi\u0161\u010dino. Ne pozabite, da je klju\u010dnega pomena, da naredite korak za korakom in cenite posebnosti, zaradi katerih je tamilski jezik tako poseben.<\/p>\n\n\n\n<p>Pri raziskovanju zapletenosti tamilske slovnice se prepri\u010dajte, da redno vadite, sodelujte z rojenimi govorci in bodite potrpe\u017eljivi do sebe. S predanostjo boste odkrili lepoto in bogastvo tega starodavnega jezika. \u0b87\u0ba9\u0bbf\u0baf \u0b95\u0bb1\u0bcd\u0bb1\u0bb2\u0bcd &#8211; Iniy ka\u1e5f\u1e5fal (sre\u010dno u\u010denje)!<\/p>\n<\/div><\/div>\n\r\n<section class=\"learnNavigationSection\">\r\n            \r\n        <a href=\"https:\/\/talkpal.ai\/sl\/naucite-se-tamilscine\/\">\r\n            <div class=\"learnNavigationWrapper\">\r\n                <div class=\"learnNavigationContent\">\r\n                    <img decoding=\"async\" src=\"https:\/\/talkpal.ai\/wp-content\/uploads\/2024\/08\/Tamil.jpg\" alt=\"Indian Simplified Flag\">\r\n                    <div>\r\n                        <h4>O u\u010denju tamil\u0161\u010dine<\/h4>\r\n                        <p>Izvedite vse o tamilski slovnici.<\/p>\r\n                    <\/div>\r\n                <\/div>\r\n            <\/div>\r\n        <\/a>\r\n\r\n        \r\n        <a href=\"https:\/\/talkpal.ai\/sl\/tamilske-slovnicne-vaje\/\">\r\n            <div class=\"learnNavigationWrapper\">\r\n                <div class=\"learnNavigationContent\">\r\n                    <img decoding=\"async\" src=\"https:\/\/talkpal.ai\/wp-content\/uploads\/2024\/08\/Tamil.jpg\" alt=\"Indian Simplified Flag\">\r\n                    <div>\r\n                        <h4>Vaja iz gramatike tamil\u0161\u010dine<\/h4>\r\n                        <p>Vadite tamilsko slovnico.<\/p>\r\n                    <\/div>\r\n                <\/div>\r\n            <\/div>\r\n        <\/a>\r\n\r\n        \r\n        <a href=\"https:\/\/talkpal.ai\/vocabulary_language\/tamil\/\">\r\n            <div class=\"learnNavigationWrapper\">\r\n                <div class=\"learnNavigationContent\">\r\n                    <img decoding=\"async\" src=\"https:\/\/talkpal.ai\/wp-content\/uploads\/2024\/08\/Tamil.jpg\" alt=\"Indian Simplified Flag\">\r\n                    <div>\r\n                        <h4>Tamilski besednjak<\/h4>\r\n                        <p>Raz\u0161irite svoj tamilski besedni zaklad.<\/p>\r\n                    <\/div>\r\n                <\/div>\r\n            <\/div>\r\n        <\/a>\r\n\r\n            <\/section>","protected":false},"excerpt":{"rendered":"<p>Tamilska slovnica: razumevanje bogastva tamilskega jezika Ko se za\u010dnete u\u010diti tamil\u0161\u010dino &#8211; enega najstarej\u0161ih \u017eivih jezikov na svetu -, je treba razvozlati zapletenost in bogastvo njene slovnice. Tamil, ki se pona\u0161a s pisno tradicijo, ki sega ve\u010d kot 2000 let nazaj, ostaja primarni jezik 70 milijonov govorcev po vsem svetu. Za la\u017eji za\u010detek so v [&hellip;]<\/p>\n","protected":false},"author":1,"featured_media":120305,"parent":0,"menu_order":0,"comment_status":"closed","ping_status":"closed","template":"LearningContentPage.php","meta":{"_acf_changed":false,"footnotes":""},"class_list":["post-152094","page","type-page","status-publish","has-post-thumbnail","hentry"],"acf":[],"yoast_head":"<!-- This site is optimized with the Yoast SEO Premium plugin v27.2 (Yoast SEO v27.2) - https:\/\/yoast.com\/product\/yoast-seo-premium-wordpress\/ -->\n<title>Tamilska slovnica - Talkpal<\/title>\n<meta name=\"description\" content=\"Spoznajte osnove tamilske slovnice in izbolj\u0161ajte svoje razumevanje tega bogatega jezika.\" \/>\n<meta name=\"robots\" content=\"index, follow, max-snippet:-1, max-image-preview:large, max-video-preview:-1\" \/>\n<link rel=\"canonical\" href=\"https:\/\/talkpal.ai\/sl\/tamilska-slovnica\/\" \/>\n<meta property=\"og:locale\" content=\"sl_SI\" \/>\n<meta property=\"og:type\" content=\"article\" \/>\n<meta property=\"og:title\" content=\"Tamilska slovnica\" \/>\n<meta property=\"og:description\" content=\"Tamilska slovnica: razumevanje bogastva tamilskega jezika Ko se za\u010dnete u\u010diti tamil\u0161\u010dino - enega najstarej\u0161ih \u017eivih jezikov na svetu -, je treba\" \/>\n<meta property=\"og:url\" content=\"https:\/\/talkpal.ai\/sl\/tamilska-slovnica\/\" \/>\n<meta property=\"og:site_name\" content=\"Talkpal\" \/>\n<meta property=\"article:publisher\" content=\"https:\/\/www.facebook.com\/profile.php?id=100090733639311\" \/>\n<meta property=\"article:modified_time\" content=\"2025-12-12T11:01:33+00:00\" \/>\n<meta property=\"og:image\" content=\"https:\/\/talkpal.ai\/wp-content\/uploads\/2023\/05\/Tamil-india.png\" \/>\n\t<meta property=\"og:image:width\" content=\"512\" \/>\n\t<meta property=\"og:image:height\" content=\"512\" \/>\n\t<meta property=\"og:image:type\" content=\"image\/png\" \/>\n<meta name=\"twitter:card\" content=\"summary_large_image\" \/>\n<meta name=\"twitter:site\" content=\"@talkpalai\" \/>\n<meta name=\"twitter:label1\" content=\"Est. reading time\" \/>\n\t<meta name=\"twitter:data1\" content=\"2 minuti\" \/>\n<script type=\"application\/ld+json\" class=\"yoast-schema-graph\">{\"@context\":\"https:\/\/schema.org\",\"@graph\":[{\"@type\":\"WebPage\",\"@id\":\"https:\/\/talkpal.ai\/sl\/tamilska-slovnica\/\",\"url\":\"https:\/\/talkpal.ai\/sl\/tamilska-slovnica\/\",\"name\":\"Tamilska slovnica - Talkpal\",\"isPartOf\":{\"@id\":\"https:\/\/talkpal.ai\/sl\/#website\"},\"primaryImageOfPage\":{\"@id\":\"https:\/\/talkpal.ai\/sl\/tamilska-slovnica\/#primaryimage\"},\"image\":{\"@id\":\"https:\/\/talkpal.ai\/sl\/tamilska-slovnica\/#primaryimage\"},\"thumbnailUrl\":\"https:\/\/talkpal.ai\/wp-content\/uploads\/2023\/05\/Tamil-india.png\",\"datePublished\":\"2023-05-14T14:22:16+00:00\",\"dateModified\":\"2025-12-12T11:01:33+00:00\",\"description\":\"Spoznajte osnove tamilske slovnice in izbolj\u0161ajte svoje razumevanje tega bogatega jezika.\",\"breadcrumb\":{\"@id\":\"https:\/\/talkpal.ai\/sl\/tamilska-slovnica\/#breadcrumb\"},\"inLanguage\":\"sl-SI\",\"potentialAction\":[{\"@type\":\"ReadAction\",\"target\":[\"https:\/\/talkpal.ai\/sl\/tamilska-slovnica\/\"]}]},{\"@type\":\"ImageObject\",\"inLanguage\":\"sl-SI\",\"@id\":\"https:\/\/talkpal.ai\/sl\/tamilska-slovnica\/#primaryimage\",\"url\":\"https:\/\/talkpal.ai\/wp-content\/uploads\/2023\/05\/Tamil-india.png\",\"contentUrl\":\"https:\/\/talkpal.ai\/wp-content\/uploads\/2023\/05\/Tamil-india.png\",\"width\":512,\"height\":512},{\"@type\":\"BreadcrumbList\",\"@id\":\"https:\/\/talkpal.ai\/sl\/tamilska-slovnica\/#breadcrumb\",\"itemListElement\":[{\"@type\":\"ListItem\",\"position\":1,\"name\":\"Homepage\",\"item\":\"https:\/\/talkpal.ai\/sl\/\"},{\"@type\":\"ListItem\",\"position\":2,\"name\":\"Tamilska slovnica\"}]},{\"@type\":\"WebSite\",\"@id\":\"https:\/\/talkpal.ai\/sl\/#website\",\"url\":\"https:\/\/talkpal.ai\/sl\/\",\"name\":\"Talkpal\",\"description\":\"AI Language Learning\",\"publisher\":{\"@id\":\"https:\/\/talkpal.ai\/sl\/#organization\"},\"alternateName\":\"Talkpal AI\",\"potentialAction\":[{\"@type\":\"SearchAction\",\"target\":{\"@type\":\"EntryPoint\",\"urlTemplate\":\"https:\/\/talkpal.ai\/sl\/?s={search_term_string}\"},\"query-input\":{\"@type\":\"PropertyValueSpecification\",\"valueRequired\":true,\"valueName\":\"search_term_string\"}}],\"inLanguage\":\"sl-SI\"},{\"@type\":\"Organization\",\"@id\":\"https:\/\/talkpal.ai\/sl\/#organization\",\"name\":\"Talkpal, Inc.\",\"alternateName\":\"Talkpal AI\",\"url\":\"https:\/\/talkpal.ai\/sl\/\",\"logo\":{\"@type\":\"ImageObject\",\"inLanguage\":\"sl-SI\",\"@id\":\"https:\/\/talkpal.ai\/sl\/#\/schema\/logo\/image\/\",\"url\":\"https:\/\/talkpal.ai\/wp-content\/uploads\/2024\/03\/Talkpal-Logo-Icon.png\",\"contentUrl\":\"https:\/\/talkpal.ai\/wp-content\/uploads\/2024\/03\/Talkpal-Logo-Icon.png\",\"width\":2880,\"height\":2880,\"caption\":\"Talkpal, Inc.\"},\"image\":{\"@id\":\"https:\/\/talkpal.ai\/sl\/#\/schema\/logo\/image\/\"},\"sameAs\":[\"https:\/\/www.facebook.com\/profile.php?id=100090733639311\",\"https:\/\/x.com\/talkpalai\",\"https:\/\/www.linkedin.com\/company\/talkpal\/\",\"https:\/\/www.youtube.com\/@TalkPal\/\",\"https:\/\/www.tiktok.com\/@talkpal\",\"https:\/\/www.instagram.com\/talkpal_ai\/\",\"https:\/\/www.crunchbase.com\/organization\/talkpal-9cde\",\"https:\/\/www.g2.com\/products\/talkpal-for-business\/\",\"https:\/\/www.trustpilot.com\/review\/talkpal.ai\",\"https:\/\/www.capterra.com\/p\/10006800\/TalkPal\/\"],\"description\":\"Talkpal is a language learning web and mobile education app, powered by the latest AI technologies, that provides engaging experiences to its customers in many different languages to help them improve their language skills. Users can chat about unlimited amount of topics with the app and use other modes to practice their language learning.\",\"email\":\"support@talkpal.ai\",\"legalName\":\"Talkpal, Inc.\",\"foundingDate\":\"2023-04-03\",\"duns\":\"118989042\",\"numberOfEmployees\":{\"@type\":\"QuantitativeValue\",\"minValue\":\"11\",\"maxValue\":\"50\"},\"publishingPrinciples\":\"https:\/\/talkpal.ai\/publishing-principles\/\",\"actionableFeedbackPolicy\":\"https:\/\/talkpal.ai\/actionable-feedback-policy\/\",\"correctionsPolicy\":\"https:\/\/talkpal.ai\/corrections-policy\/\",\"ethicsPolicy\":\"https:\/\/talkpal.ai\/ethics-policy\/\",\"diversityPolicy\":\"https:\/\/talkpal.ai\/diversity-policy\/\",\"diversityStaffingReport\":\"https:\/\/talkpal.ai\/diversity-policy\/\"}]}<\/script>\n<!-- \/ Yoast SEO Premium plugin. -->","yoast_head_json":{"title":"Tamilska slovnica - Talkpal","description":"Spoznajte osnove tamilske slovnice in izbolj\u0161ajte svoje razumevanje tega bogatega jezika.","robots":{"index":"index","follow":"follow","max-snippet":"max-snippet:-1","max-image-preview":"max-image-preview:large","max-video-preview":"max-video-preview:-1"},"canonical":"https:\/\/talkpal.ai\/sl\/tamilska-slovnica\/","og_locale":"sl_SI","og_type":"article","og_title":"Tamilska slovnica","og_description":"Tamilska slovnica: razumevanje bogastva tamilskega jezika Ko se za\u010dnete u\u010diti tamil\u0161\u010dino - enega najstarej\u0161ih \u017eivih jezikov na svetu -, je treba","og_url":"https:\/\/talkpal.ai\/sl\/tamilska-slovnica\/","og_site_name":"Talkpal","article_publisher":"https:\/\/www.facebook.com\/profile.php?id=100090733639311","article_modified_time":"2025-12-12T11:01:33+00:00","og_image":[{"width":512,"height":512,"url":"https:\/\/talkpal.ai\/wp-content\/uploads\/2023\/05\/Tamil-india.png","type":"image\/png"}],"twitter_card":"summary_large_image","twitter_site":"@talkpalai","twitter_misc":{"Est. reading time":"2 minuti"},"schema":{"@context":"https:\/\/schema.org","@graph":[{"@type":"WebPage","@id":"https:\/\/talkpal.ai\/sl\/tamilska-slovnica\/","url":"https:\/\/talkpal.ai\/sl\/tamilska-slovnica\/","name":"Tamilska slovnica - Talkpal","isPartOf":{"@id":"https:\/\/talkpal.ai\/sl\/#website"},"primaryImageOfPage":{"@id":"https:\/\/talkpal.ai\/sl\/tamilska-slovnica\/#primaryimage"},"image":{"@id":"https:\/\/talkpal.ai\/sl\/tamilska-slovnica\/#primaryimage"},"thumbnailUrl":"https:\/\/talkpal.ai\/wp-content\/uploads\/2023\/05\/Tamil-india.png","datePublished":"2023-05-14T14:22:16+00:00","dateModified":"2025-12-12T11:01:33+00:00","description":"Spoznajte osnove tamilske slovnice in izbolj\u0161ajte svoje razumevanje tega bogatega jezika.","breadcrumb":{"@id":"https:\/\/talkpal.ai\/sl\/tamilska-slovnica\/#breadcrumb"},"inLanguage":"sl-SI","potentialAction":[{"@type":"ReadAction","target":["https:\/\/talkpal.ai\/sl\/tamilska-slovnica\/"]}]},{"@type":"ImageObject","inLanguage":"sl-SI","@id":"https:\/\/talkpal.ai\/sl\/tamilska-slovnica\/#primaryimage","url":"https:\/\/talkpal.ai\/wp-content\/uploads\/2023\/05\/Tamil-india.png","contentUrl":"https:\/\/talkpal.ai\/wp-content\/uploads\/2023\/05\/Tamil-india.png","width":512,"height":512},{"@type":"BreadcrumbList","@id":"https:\/\/talkpal.ai\/sl\/tamilska-slovnica\/#breadcrumb","itemListElement":[{"@type":"ListItem","position":1,"name":"Homepage","item":"https:\/\/talkpal.ai\/sl\/"},{"@type":"ListItem","position":2,"name":"Tamilska slovnica"}]},{"@type":"WebSite","@id":"https:\/\/talkpal.ai\/sl\/#website","url":"https:\/\/talkpal.ai\/sl\/","name":"Talkpal","description":"AI Language Learning","publisher":{"@id":"https:\/\/talkpal.ai\/sl\/#organization"},"alternateName":"Talkpal AI","potentialAction":[{"@type":"SearchAction","target":{"@type":"EntryPoint","urlTemplate":"https:\/\/talkpal.ai\/sl\/?s={search_term_string}"},"query-input":{"@type":"PropertyValueSpecification","valueRequired":true,"valueName":"search_term_string"}}],"inLanguage":"sl-SI"},{"@type":"Organization","@id":"https:\/\/talkpal.ai\/sl\/#organization","name":"Talkpal, Inc.","alternateName":"Talkpal AI","url":"https:\/\/talkpal.ai\/sl\/","logo":{"@type":"ImageObject","inLanguage":"sl-SI","@id":"https:\/\/talkpal.ai\/sl\/#\/schema\/logo\/image\/","url":"https:\/\/talkpal.ai\/wp-content\/uploads\/2024\/03\/Talkpal-Logo-Icon.png","contentUrl":"https:\/\/talkpal.ai\/wp-content\/uploads\/2024\/03\/Talkpal-Logo-Icon.png","width":2880,"height":2880,"caption":"Talkpal, Inc."},"image":{"@id":"https:\/\/talkpal.ai\/sl\/#\/schema\/logo\/image\/"},"sameAs":["https:\/\/www.facebook.com\/profile.php?id=100090733639311","https:\/\/x.com\/talkpalai","https:\/\/www.linkedin.com\/company\/talkpal\/","https:\/\/www.youtube.com\/@TalkPal\/","https:\/\/www.tiktok.com\/@talkpal","https:\/\/www.instagram.com\/talkpal_ai\/","https:\/\/www.crunchbase.com\/organization\/talkpal-9cde","https:\/\/www.g2.com\/products\/talkpal-for-business\/","https:\/\/www.trustpilot.com\/review\/talkpal.ai","https:\/\/www.capterra.com\/p\/10006800\/TalkPal\/"],"description":"Talkpal is a language learning web and mobile education app, powered by the latest AI technologies, that provides engaging experiences to its customers in many different languages to help them improve their language skills. Users can chat about unlimited amount of topics with the app and use other modes to practice their language learning.","email":"support@talkpal.ai","legalName":"Talkpal, Inc.","foundingDate":"2023-04-03","duns":"118989042","numberOfEmployees":{"@type":"QuantitativeValue","minValue":"11","maxValue":"50"},"publishingPrinciples":"https:\/\/talkpal.ai\/publishing-principles\/","actionableFeedbackPolicy":"https:\/\/talkpal.ai\/actionable-feedback-policy\/","correctionsPolicy":"https:\/\/talkpal.ai\/corrections-policy\/","ethicsPolicy":"https:\/\/talkpal.ai\/ethics-policy\/","diversityPolicy":"https:\/\/talkpal.ai\/diversity-policy\/","diversityStaffingReport":"https:\/\/talkpal.ai\/diversity-policy\/"}]}},"_links":{"self":[{"href":"https:\/\/talkpal.ai\/sl\/wp-json\/wp\/v2\/pages\/152094","targetHints":{"allow":["GET"]}}],"collection":[{"href":"https:\/\/talkpal.ai\/sl\/wp-json\/wp\/v2\/pages"}],"about":[{"href":"https:\/\/talkpal.ai\/sl\/wp-json\/wp\/v2\/types\/page"}],"author":[{"embeddable":true,"href":"https:\/\/talkpal.ai\/sl\/wp-json\/wp\/v2\/users\/1"}],"replies":[{"embeddable":true,"href":"https:\/\/talkpal.ai\/sl\/wp-json\/wp\/v2\/comments?post=152094"}],"version-history":[{"count":0,"href":"https:\/\/talkpal.ai\/sl\/wp-json\/wp\/v2\/pages\/152094\/revisions"}],"wp:featuredmedia":[{"embeddable":true,"href":"https:\/\/talkpal.ai\/sl\/wp-json\/wp\/v2\/media\/120305"}],"wp:attachment":[{"href":"https:\/\/talkpal.ai\/sl\/wp-json\/wp\/v2\/media?parent=152094"}],"curies":[{"name":"wp","href":"https:\/\/api.w.org\/{rel}","templated":true}]}}