{"id":150215,"date":"2023-05-14T14:19:49","date_gmt":"2023-05-14T14:19:49","guid":{"rendered":"http:\/\/talkpal.ai\/slovaska-slovnica\/"},"modified":"2025-12-12T11:10:07","modified_gmt":"2025-12-12T11:10:07","slug":"slovaska-slovnica","status":"publish","type":"page","link":"https:\/\/talkpal.ai\/sl\/slovaska-slovnica\/","title":{"rendered":"Slova\u0161ka slovnica"},"content":{"rendered":"\r\n\r\n\r\n<section class=\"languageChallengeSection\">\r\n    <div class=\"languageInfoWrapper\">\r\n        \r\n        <h1>Slova\u0161ka slovnica<\/h1>\r\n        <p>Spoznajte lepoto slova\u0161kega jezika z u\u010denjem njegovih temeljnih slovni\u010dnih pravil. Z razumevanjem slova\u0161ke slovnice se boste lahko samozavestno sporazumevali in se globlje povezali z bogato slova\u0161ko tradicijo. Za\u010dnite pot \u0161e danes in naredite prvi korak k obvladovanju slova\u0161\u010dine!\n\n<\/p>\r\n\r\n                            <a class=\"getStartedHidden\" href=\"https:\/\/app.talkpal.ai\/sl\/signup?lng=\">Za\u010dni<\/a>\r\n        \r\n    <\/div>\r\n\r\n    <figure>\r\n    <img decoding=\"async\" width=\"768\" height=\"768\" src=\"https:\/\/talkpal.ai\/wp-content\/uploads\/2023\/06\/slovak-768x768.png\" class=\"languageImage no-lazy\" alt=\"Language learning for cross-cultural competence\" fetchpriority=\"high\" sizes=\"(max-width: 768px) 150px, 768px\" srcset=\"https:\/\/talkpal.ai\/wp-content\/uploads\/2023\/06\/slovak-768x768.png 768w, https:\/\/talkpal.ai\/wp-content\/uploads\/2023\/06\/slovak-300x300.png 300w\" \/>\r\n    \r\n\r\n    <\/figure>\r\n\r\n            <a class=\"getStartedVisible\" href=\"https:\/\/app.talkpal.ai\/sl\/signup?lng=\">Za\u010dni<\/a>\r\n    \r\n<\/section>\r\n<section class=\"promotionalBanner\">\r\n    <p class=\"promotionalText\">Naju\u010dinkovitej\u0161i na\u010din u\u010denja jezika<\/p>\r\n    <a class=\"promotionalLink\" href=\"https:\/\/app.talkpal.ai\/sl\/signup?lng=\">Preizkusite Talkpal brezpla\u010dno<\/a>\r\n<\/section>\n<div class=\"wp-block-group pageContainerStyle\"><div class=\"wp-block-group__inner-container is-layout-constrained wp-block-group-is-layout-constrained\">\n<h2 class=\"wp-block-heading\" id=\"h-slovak-grammar-the-key-to-unlocking-a-beautiful-language\">Slova\u0161ka slovnica: klju\u010d do odklepanja \u010dudovitega jezika<\/h2>\n\n\n\n<p>Se nameravate nau\u010diti slova\u0161\u010dine ali vas samo zanima njena edinstvena <a href=\"https:\/\/talkpal.ai\/grammar\/\">slovnica<\/a>? Ste na pravem mestu! <a href=\"https:\/\/talkpal.ai\/slovak-grammar\/\">Slova\u0161ka slovnica<\/a> se morda na prvi pogled zdi zastra\u0161ujo\u010da, vendar brez skrbi &#8211; pravzaprav je precej logi\u010dna in obvladljiva. V tem \u010dlanku bomo raziskali podrobnosti slova\u0161ke slovnice, da boste bolje razumeli in cenili njeno lepoto.<\/p>\n\n\n\n<p>Najprej nekaj besed o ozadju. <a href=\"https:\/\/talkpal.ai\/learn-slovak\/\">Slova\u0161\u010dina<\/a> je zahodnoslovanski jezik, ki se govori predvsem na Slova\u0161kem, govorce pa lahko najdete tudi v okoli\u0161kih dr\u017eavah. Kot slovanski jezik ima veliko podobnosti z drugimi <a href=\"https:\/\/talkpal.ai\/what-language-is-spoken-on-the-international-space-station\/\">jeziki<\/a> v regiji, kot sta \u010de\u0161\u010dina in <a href=\"https:\/\/talkpal.ai\/learn-polish\/\">polj\u0161\u010dina<\/a>. Vendar pa ima svoja razli\u010dna slovni\u010dna pravila in vzorce uporabe, ki ga lo\u010dujejo.<\/p>\n\n\n\n<p>Zdaj se poglobimo v nekatere najpomembnej\u0161e vidike slova\u0161ke slovnice.<\/p>\n\n\n\n<h3 class=\"wp-block-heading\" id=\"h-1-nouns-and-their-cases\">1. Samostalniki in njihovi primeri<\/h3>\n\n\n\n<p><a href=\"https:\/\/talkpal.ai\/locations\/language-courses-in-ena\/\">Ena<\/a> najbolj presenetljivih zna\u010dilnosti slova\u0161ke slovnice je njen zapleten sistem primerov. \u010ce poznate nem\u0161\u010dino ali ru\u0161\u010dino, boste vedeli, o \u010dem govorimo: Slova\u0161ki samostalniki spreminjajo svojo obliko glede na svojo funkcijo v stavku. S sedmimi rodilniki (imenovalnik, rodilnik, dajalnik, to\u017eilnik, lokativ, instrumental in vokativ) se vam bo to sprva morda zdelo nepojmljivo, vendar ne obupajte! Ko se ga nau\u010dite, je neverjetno logi\u010dno in celo zabavno.<\/p>\n\n\n\n<p>Vzemimo za primer samostalnik &#8220;chlapec&#8221; (de\u010dek). Glede na to, ali je subjekt, objekt ali prejemnik dejanja, se lahko spremeni v &#8220;chlapca&#8221;, &#8220;chlapcovi&#8221;, &#8220;chlapcom&#8221; in tako naprej. Kon\u010dnice so odvisne tudi od spola samostalnika (mo\u0161ki, \u017eenski ali srednji), kar daje jeziku \u0161e ve\u010d raznolikosti.<\/p>\n\n\n\n<h3 class=\"wp-block-heading\" id=\"h-2-verb-conjugation-and-tenses\">2. Konjugacija glagolov in \u010dasi<\/h3>\n\n\n\n<p>Slova\u0161ki glagoli spreminjajo svoje konce glede na osebo in \u0161tevilo (ednino ali mno\u017eino) subjekta. Na primer, glagol videti lahko postane vid\u00edm, vid\u00ed\u0161, vidia in podobno.<\/p>\n\n\n\n<p>Slova\u0161\u010dina ima tri glavne \u010dase: preteklost, sedanjost in prihodnost. Zanimivo je, da za razliko od angle\u0161\u010dine slova\u0161\u010dina obi\u010dajno ne uporablja pomo\u017enih glagolov za oblikovanje teh \u010dasov. Namesto tega se oblikujejo s spreminjanjem glagolskih kon\u010dnic. Na primer: &#8220;Vidim&#8221; je &#8220;vid\u00edm&#8221;, &#8220;Videl sem&#8221; je &#8220;videl som&#8221; in &#8220;Videl bom&#8221; je &#8220;vid\u00edm&#8221;.<\/p>\n\n\n\n<h3 class=\"wp-block-heading\" id=\"h-3-sentence-structure-and-word-order\">3. Struktura stavkov in vrstni red besed<\/h3>\n\n\n\n<p>Slova\u0161\u010dina ima relativno prilagodljiv vrstni red besed, zahvaljujo\u010d samostalni\u0161kemu sistemu in sistemu konjugacije glagolov. To pomeni, da lahko v nasprotju z angle\u0161\u010dino besede v stavku postavite na razli\u010dna mesta, ne da bi spremenili njegov pomen &#8211; na primer &#8220;chlapec vid\u00ed psa&#8221; (de\u010dek vidi psa) je lahko tudi &#8220;psa vid\u00ed chlapec&#8221; in ima \u0161e vedno enak pomen.<\/p>\n\n\n\n<p>Kljub temu je najpogostej\u0161i vrstni red besed v slova\u0161\u010dini predmet-glagol-predmet ali SVO. Ta jezik je podoben angle\u0161\u010dini in je odli\u010dno izhodi\u0161\u010de za u\u010dence. Ko postanete bolj zadovoljni z jezikom, lahko eksperimentirate z razli\u010dnimi vrstnimi redi besed, da stavkom dodate poudarek ali odtenek.<\/p>\n\n\n\n<h3 class=\"wp-block-heading\" id=\"h-4-adjectives-and-adverbs\">4. Pridevniki in prislovi<\/h3>\n\n\n\n<p>Tako kot v mnogih drugih jezikih se tudi pridevniki in prislovi v slova\u0161\u010dini uporabljajo za opis samostalnikov in glagolov. Vendar pa imajo tudi svoj dogovor o primeru in pravila o sporazumu o enakosti spolov, kar lahko stvari nekoliko bolj zaplete. Na sre\u010do, ko boste obvladali samostalni\u0161ke primere in glagolske konjugacije, bodo ta pravila pri\u0161la bolj naravno.<\/p>\n\n\n\n<p>Ste se torej pripravljeni spopasti s slova\u0161ko slovnico? S pravo miselnostjo in viri je u\u010denje slova\u0161\u010dine koristna izku\u0161nja, ki lahko odpre vrata bogati kulturi in lepi dr\u017eavi. U\u010dite se korak za korakom, redno vadite in se ne bojte delati napak &#8211; tako se navsezadnje vsi u\u010dimo. Ve\u013ea \u0161\u0165astia! (Sre\u010dno!)<\/p>\n<\/div><\/div>\n\r\n<section class=\"learnNavigationSection\">\r\n            \r\n        <a href=\"https:\/\/talkpal.ai\/sl\/naucite-se-slovascine\/\">\r\n            <div class=\"learnNavigationWrapper\">\r\n                <div class=\"learnNavigationContent\">\r\n                    <img decoding=\"async\" src=\"https:\/\/talkpal.ai\/wp-content\/uploads\/2024\/08\/Slovak.jpg\" alt=\"Slovak Flag\">\r\n                    <div>\r\n                        <h4>O u\u010denju slova\u0161\u010dine<\/h4>\r\n                        <p>Izvedite vse o slovnici .<\/p>\r\n                    <\/div>\r\n                <\/div>\r\n            <\/div>\r\n        <\/a>\r\n\r\n        \r\n        <a href=\"https:\/\/talkpal.ai\/sl\/slovaske-slovnicne-vaje\/\">\r\n            <div class=\"learnNavigationWrapper\">\r\n                <div class=\"learnNavigationContent\">\r\n                    <img decoding=\"async\" src=\"https:\/\/talkpal.ai\/wp-content\/uploads\/2024\/08\/Slovak.jpg\" alt=\"Slovak Flag\">\r\n                    <div>\r\n                        <h4>Vaja iz slova\u0161ke slovnice<\/h4>\r\n                        <p>Vadite slova\u0161ko slovnico .<\/p>\r\n                    <\/div>\r\n                <\/div>\r\n            <\/div>\r\n        <\/a>\r\n\r\n        \r\n        <a href=\"https:\/\/talkpal.ai\/vocabulary_language\/slovak\/\">\r\n            <div class=\"learnNavigationWrapper\">\r\n                <div class=\"learnNavigationContent\">\r\n                    <img decoding=\"async\" src=\"https:\/\/talkpal.ai\/wp-content\/uploads\/2024\/08\/Slovak.jpg\" alt=\"Slovak Flag\">\r\n                    <div>\r\n                        <h4>Slova\u0161ko besedi\u0161\u010de<\/h4>\r\n                        <p>Raz\u0161irite svoje slova\u0161ko besedi\u0161\u010de.<\/p>\r\n                    <\/div>\r\n                <\/div>\r\n            <\/div>\r\n        <\/a>\r\n\r\n            <\/section>","protected":false},"excerpt":{"rendered":"<p>Slova\u0161ka slovnica: klju\u010d do odklepanja \u010dudovitega jezika Se nameravate nau\u010diti slova\u0161\u010dine ali vas samo zanima njena edinstvena slovnica? Ste na pravem mestu! Slova\u0161ka slovnica se morda na prvi pogled zdi zastra\u0161ujo\u010da, vendar brez skrbi &#8211; pravzaprav je precej logi\u010dna in obvladljiva. V tem \u010dlanku bomo raziskali podrobnosti slova\u0161ke slovnice, da boste bolje razumeli in cenili [&hellip;]<\/p>\n","protected":false},"author":1,"featured_media":118873,"parent":0,"menu_order":0,"comment_status":"closed","ping_status":"closed","template":"LearningContentPage.php","meta":{"_acf_changed":false,"footnotes":""},"class_list":["post-150215","page","type-page","status-publish","has-post-thumbnail","hentry"],"acf":[],"yoast_head":"<!-- This site is optimized with the Yoast SEO Premium plugin v27.2 (Yoast SEO v27.2) - https:\/\/yoast.com\/product\/yoast-seo-premium-wordpress\/ -->\n<title>Slova\u0161ka slovnica - Talkpal<\/title>\n<meta name=\"description\" content=\"Osvojite slova\u0161ko slovnico z jasnimi razlagami, prakti\u010dnimi primeri in interaktivnimi vajami. Izbolj\u0161ajte svoje spretnosti!\" \/>\n<meta name=\"robots\" content=\"index, follow, max-snippet:-1, max-image-preview:large, max-video-preview:-1\" \/>\n<link rel=\"canonical\" href=\"https:\/\/talkpal.ai\/sl\/slovaska-slovnica\/\" \/>\n<meta property=\"og:locale\" content=\"sl_SI\" \/>\n<meta property=\"og:type\" content=\"article\" \/>\n<meta property=\"og:title\" content=\"Slova\u0161ka slovnica\" \/>\n<meta property=\"og:description\" content=\"Slova\u0161ka slovnica: klju\u010d do odklepanja \u010dudovitega jezika Se nameravate nau\u010diti slova\u0161\u010dine ali vas samo zanima njena edinstvena slovnica? Ste na pravem\" \/>\n<meta property=\"og:url\" content=\"https:\/\/talkpal.ai\/sl\/slovaska-slovnica\/\" \/>\n<meta property=\"og:site_name\" content=\"Talkpal\" \/>\n<meta property=\"article:publisher\" content=\"https:\/\/www.facebook.com\/profile.php?id=100090733639311\" \/>\n<meta property=\"article:modified_time\" content=\"2025-12-12T11:10:07+00:00\" \/>\n<meta property=\"og:image\" content=\"https:\/\/talkpal.ai\/wp-content\/uploads\/2023\/05\/slovakia.png\" \/>\n\t<meta property=\"og:image:width\" content=\"512\" \/>\n\t<meta property=\"og:image:height\" content=\"512\" \/>\n\t<meta property=\"og:image:type\" content=\"image\/png\" \/>\n<meta name=\"twitter:card\" content=\"summary_large_image\" \/>\n<meta name=\"twitter:site\" content=\"@talkpalai\" \/>\n<meta name=\"twitter:label1\" content=\"Est. reading time\" \/>\n\t<meta name=\"twitter:data1\" content=\"3 minute\" \/>\n<script type=\"application\/ld+json\" class=\"yoast-schema-graph\">{\"@context\":\"https:\/\/schema.org\",\"@graph\":[{\"@type\":\"WebPage\",\"@id\":\"https:\/\/talkpal.ai\/sl\/slovaska-slovnica\/\",\"url\":\"https:\/\/talkpal.ai\/sl\/slovaska-slovnica\/\",\"name\":\"Slova\u0161ka slovnica - Talkpal\",\"isPartOf\":{\"@id\":\"https:\/\/talkpal.ai\/sl\/#website\"},\"primaryImageOfPage\":{\"@id\":\"https:\/\/talkpal.ai\/sl\/slovaska-slovnica\/#primaryimage\"},\"image\":{\"@id\":\"https:\/\/talkpal.ai\/sl\/slovaska-slovnica\/#primaryimage\"},\"thumbnailUrl\":\"https:\/\/talkpal.ai\/wp-content\/uploads\/2023\/05\/slovakia.png\",\"datePublished\":\"2023-05-14T14:19:49+00:00\",\"dateModified\":\"2025-12-12T11:10:07+00:00\",\"description\":\"Osvojite slova\u0161ko slovnico z jasnimi razlagami, prakti\u010dnimi primeri in interaktivnimi vajami. Izbolj\u0161ajte svoje spretnosti!\",\"breadcrumb\":{\"@id\":\"https:\/\/talkpal.ai\/sl\/slovaska-slovnica\/#breadcrumb\"},\"inLanguage\":\"sl-SI\",\"potentialAction\":[{\"@type\":\"ReadAction\",\"target\":[\"https:\/\/talkpal.ai\/sl\/slovaska-slovnica\/\"]}]},{\"@type\":\"ImageObject\",\"inLanguage\":\"sl-SI\",\"@id\":\"https:\/\/talkpal.ai\/sl\/slovaska-slovnica\/#primaryimage\",\"url\":\"https:\/\/talkpal.ai\/wp-content\/uploads\/2023\/05\/slovakia.png\",\"contentUrl\":\"https:\/\/talkpal.ai\/wp-content\/uploads\/2023\/05\/slovakia.png\",\"width\":512,\"height\":512},{\"@type\":\"BreadcrumbList\",\"@id\":\"https:\/\/talkpal.ai\/sl\/slovaska-slovnica\/#breadcrumb\",\"itemListElement\":[{\"@type\":\"ListItem\",\"position\":1,\"name\":\"Homepage\",\"item\":\"https:\/\/talkpal.ai\/sl\/\"},{\"@type\":\"ListItem\",\"position\":2,\"name\":\"Slova\u0161ka slovnica\"}]},{\"@type\":\"WebSite\",\"@id\":\"https:\/\/talkpal.ai\/sl\/#website\",\"url\":\"https:\/\/talkpal.ai\/sl\/\",\"name\":\"Talkpal\",\"description\":\"AI Language Learning\",\"publisher\":{\"@id\":\"https:\/\/talkpal.ai\/sl\/#organization\"},\"alternateName\":\"Talkpal AI\",\"potentialAction\":[{\"@type\":\"SearchAction\",\"target\":{\"@type\":\"EntryPoint\",\"urlTemplate\":\"https:\/\/talkpal.ai\/sl\/?s={search_term_string}\"},\"query-input\":{\"@type\":\"PropertyValueSpecification\",\"valueRequired\":true,\"valueName\":\"search_term_string\"}}],\"inLanguage\":\"sl-SI\"},{\"@type\":\"Organization\",\"@id\":\"https:\/\/talkpal.ai\/sl\/#organization\",\"name\":\"Talkpal, Inc.\",\"alternateName\":\"Talkpal AI\",\"url\":\"https:\/\/talkpal.ai\/sl\/\",\"logo\":{\"@type\":\"ImageObject\",\"inLanguage\":\"sl-SI\",\"@id\":\"https:\/\/talkpal.ai\/sl\/#\/schema\/logo\/image\/\",\"url\":\"https:\/\/talkpal.ai\/wp-content\/uploads\/2024\/03\/Talkpal-Logo-Icon.png\",\"contentUrl\":\"https:\/\/talkpal.ai\/wp-content\/uploads\/2024\/03\/Talkpal-Logo-Icon.png\",\"width\":2880,\"height\":2880,\"caption\":\"Talkpal, Inc.\"},\"image\":{\"@id\":\"https:\/\/talkpal.ai\/sl\/#\/schema\/logo\/image\/\"},\"sameAs\":[\"https:\/\/www.facebook.com\/profile.php?id=100090733639311\",\"https:\/\/x.com\/talkpalai\",\"https:\/\/www.linkedin.com\/company\/talkpal\/\",\"https:\/\/www.youtube.com\/@TalkPal\/\",\"https:\/\/www.tiktok.com\/@talkpal\",\"https:\/\/www.instagram.com\/talkpal_ai\/\",\"https:\/\/www.crunchbase.com\/organization\/talkpal-9cde\",\"https:\/\/www.g2.com\/products\/talkpal-for-business\/\",\"https:\/\/www.trustpilot.com\/review\/talkpal.ai\",\"https:\/\/www.capterra.com\/p\/10006800\/TalkPal\/\"],\"description\":\"Talkpal is a language learning web and mobile education app, powered by the latest AI technologies, that provides engaging experiences to its customers in many different languages to help them improve their language skills. Users can chat about unlimited amount of topics with the app and use other modes to practice their language learning.\",\"email\":\"support@talkpal.ai\",\"legalName\":\"Talkpal, Inc.\",\"foundingDate\":\"2023-04-03\",\"duns\":\"118989042\",\"numberOfEmployees\":{\"@type\":\"QuantitativeValue\",\"minValue\":\"11\",\"maxValue\":\"50\"},\"publishingPrinciples\":\"https:\/\/talkpal.ai\/publishing-principles\/\",\"actionableFeedbackPolicy\":\"https:\/\/talkpal.ai\/actionable-feedback-policy\/\",\"correctionsPolicy\":\"https:\/\/talkpal.ai\/corrections-policy\/\",\"ethicsPolicy\":\"https:\/\/talkpal.ai\/ethics-policy\/\",\"diversityPolicy\":\"https:\/\/talkpal.ai\/diversity-policy\/\",\"diversityStaffingReport\":\"https:\/\/talkpal.ai\/diversity-policy\/\"}]}<\/script>\n<!-- \/ Yoast SEO Premium plugin. -->","yoast_head_json":{"title":"Slova\u0161ka slovnica - Talkpal","description":"Osvojite slova\u0161ko slovnico z jasnimi razlagami, prakti\u010dnimi primeri in interaktivnimi vajami. Izbolj\u0161ajte svoje spretnosti!","robots":{"index":"index","follow":"follow","max-snippet":"max-snippet:-1","max-image-preview":"max-image-preview:large","max-video-preview":"max-video-preview:-1"},"canonical":"https:\/\/talkpal.ai\/sl\/slovaska-slovnica\/","og_locale":"sl_SI","og_type":"article","og_title":"Slova\u0161ka slovnica","og_description":"Slova\u0161ka slovnica: klju\u010d do odklepanja \u010dudovitega jezika Se nameravate nau\u010diti slova\u0161\u010dine ali vas samo zanima njena edinstvena slovnica? Ste na pravem","og_url":"https:\/\/talkpal.ai\/sl\/slovaska-slovnica\/","og_site_name":"Talkpal","article_publisher":"https:\/\/www.facebook.com\/profile.php?id=100090733639311","article_modified_time":"2025-12-12T11:10:07+00:00","og_image":[{"width":512,"height":512,"url":"https:\/\/talkpal.ai\/wp-content\/uploads\/2023\/05\/slovakia.png","type":"image\/png"}],"twitter_card":"summary_large_image","twitter_site":"@talkpalai","twitter_misc":{"Est. reading time":"3 minute"},"schema":{"@context":"https:\/\/schema.org","@graph":[{"@type":"WebPage","@id":"https:\/\/talkpal.ai\/sl\/slovaska-slovnica\/","url":"https:\/\/talkpal.ai\/sl\/slovaska-slovnica\/","name":"Slova\u0161ka slovnica - Talkpal","isPartOf":{"@id":"https:\/\/talkpal.ai\/sl\/#website"},"primaryImageOfPage":{"@id":"https:\/\/talkpal.ai\/sl\/slovaska-slovnica\/#primaryimage"},"image":{"@id":"https:\/\/talkpal.ai\/sl\/slovaska-slovnica\/#primaryimage"},"thumbnailUrl":"https:\/\/talkpal.ai\/wp-content\/uploads\/2023\/05\/slovakia.png","datePublished":"2023-05-14T14:19:49+00:00","dateModified":"2025-12-12T11:10:07+00:00","description":"Osvojite slova\u0161ko slovnico z jasnimi razlagami, prakti\u010dnimi primeri in interaktivnimi vajami. Izbolj\u0161ajte svoje spretnosti!","breadcrumb":{"@id":"https:\/\/talkpal.ai\/sl\/slovaska-slovnica\/#breadcrumb"},"inLanguage":"sl-SI","potentialAction":[{"@type":"ReadAction","target":["https:\/\/talkpal.ai\/sl\/slovaska-slovnica\/"]}]},{"@type":"ImageObject","inLanguage":"sl-SI","@id":"https:\/\/talkpal.ai\/sl\/slovaska-slovnica\/#primaryimage","url":"https:\/\/talkpal.ai\/wp-content\/uploads\/2023\/05\/slovakia.png","contentUrl":"https:\/\/talkpal.ai\/wp-content\/uploads\/2023\/05\/slovakia.png","width":512,"height":512},{"@type":"BreadcrumbList","@id":"https:\/\/talkpal.ai\/sl\/slovaska-slovnica\/#breadcrumb","itemListElement":[{"@type":"ListItem","position":1,"name":"Homepage","item":"https:\/\/talkpal.ai\/sl\/"},{"@type":"ListItem","position":2,"name":"Slova\u0161ka slovnica"}]},{"@type":"WebSite","@id":"https:\/\/talkpal.ai\/sl\/#website","url":"https:\/\/talkpal.ai\/sl\/","name":"Talkpal","description":"AI Language Learning","publisher":{"@id":"https:\/\/talkpal.ai\/sl\/#organization"},"alternateName":"Talkpal AI","potentialAction":[{"@type":"SearchAction","target":{"@type":"EntryPoint","urlTemplate":"https:\/\/talkpal.ai\/sl\/?s={search_term_string}"},"query-input":{"@type":"PropertyValueSpecification","valueRequired":true,"valueName":"search_term_string"}}],"inLanguage":"sl-SI"},{"@type":"Organization","@id":"https:\/\/talkpal.ai\/sl\/#organization","name":"Talkpal, Inc.","alternateName":"Talkpal AI","url":"https:\/\/talkpal.ai\/sl\/","logo":{"@type":"ImageObject","inLanguage":"sl-SI","@id":"https:\/\/talkpal.ai\/sl\/#\/schema\/logo\/image\/","url":"https:\/\/talkpal.ai\/wp-content\/uploads\/2024\/03\/Talkpal-Logo-Icon.png","contentUrl":"https:\/\/talkpal.ai\/wp-content\/uploads\/2024\/03\/Talkpal-Logo-Icon.png","width":2880,"height":2880,"caption":"Talkpal, Inc."},"image":{"@id":"https:\/\/talkpal.ai\/sl\/#\/schema\/logo\/image\/"},"sameAs":["https:\/\/www.facebook.com\/profile.php?id=100090733639311","https:\/\/x.com\/talkpalai","https:\/\/www.linkedin.com\/company\/talkpal\/","https:\/\/www.youtube.com\/@TalkPal\/","https:\/\/www.tiktok.com\/@talkpal","https:\/\/www.instagram.com\/talkpal_ai\/","https:\/\/www.crunchbase.com\/organization\/talkpal-9cde","https:\/\/www.g2.com\/products\/talkpal-for-business\/","https:\/\/www.trustpilot.com\/review\/talkpal.ai","https:\/\/www.capterra.com\/p\/10006800\/TalkPal\/"],"description":"Talkpal is a language learning web and mobile education app, powered by the latest AI technologies, that provides engaging experiences to its customers in many different languages to help them improve their language skills. Users can chat about unlimited amount of topics with the app and use other modes to practice their language learning.","email":"support@talkpal.ai","legalName":"Talkpal, Inc.","foundingDate":"2023-04-03","duns":"118989042","numberOfEmployees":{"@type":"QuantitativeValue","minValue":"11","maxValue":"50"},"publishingPrinciples":"https:\/\/talkpal.ai\/publishing-principles\/","actionableFeedbackPolicy":"https:\/\/talkpal.ai\/actionable-feedback-policy\/","correctionsPolicy":"https:\/\/talkpal.ai\/corrections-policy\/","ethicsPolicy":"https:\/\/talkpal.ai\/ethics-policy\/","diversityPolicy":"https:\/\/talkpal.ai\/diversity-policy\/","diversityStaffingReport":"https:\/\/talkpal.ai\/diversity-policy\/"}]}},"_links":{"self":[{"href":"https:\/\/talkpal.ai\/sl\/wp-json\/wp\/v2\/pages\/150215","targetHints":{"allow":["GET"]}}],"collection":[{"href":"https:\/\/talkpal.ai\/sl\/wp-json\/wp\/v2\/pages"}],"about":[{"href":"https:\/\/talkpal.ai\/sl\/wp-json\/wp\/v2\/types\/page"}],"author":[{"embeddable":true,"href":"https:\/\/talkpal.ai\/sl\/wp-json\/wp\/v2\/users\/1"}],"replies":[{"embeddable":true,"href":"https:\/\/talkpal.ai\/sl\/wp-json\/wp\/v2\/comments?post=150215"}],"version-history":[{"count":0,"href":"https:\/\/talkpal.ai\/sl\/wp-json\/wp\/v2\/pages\/150215\/revisions"}],"wp:featuredmedia":[{"embeddable":true,"href":"https:\/\/talkpal.ai\/sl\/wp-json\/wp\/v2\/media\/118873"}],"wp:attachment":[{"href":"https:\/\/talkpal.ai\/sl\/wp-json\/wp\/v2\/media?parent=150215"}],"curies":[{"name":"wp","href":"https:\/\/api.w.org\/{rel}","templated":true}]}}