{"id":149786,"date":"2023-05-14T14:19:26","date_gmt":"2023-05-14T14:19:26","guid":{"rendered":"http:\/\/talkpal.ai\/srbska-slovnica\/"},"modified":"2025-12-17T15:36:29","modified_gmt":"2025-12-17T15:36:29","slug":"srbska-slovnica","status":"publish","type":"page","link":"https:\/\/talkpal.ai\/sl\/srbska-slovnica\/","title":{"rendered":"Srbska slovnica"},"content":{"rendered":"\r\n\r\n\r\n<section class=\"languageChallengeSection\">\r\n    <div class=\"languageInfoWrapper\">\r\n        \r\n        <h1>Srbska slovnica<\/h1>\r\n        <p>Za\u010dnite svojo pustolov\u0161\u010dino v ruskem jeziku in si odprite vrata v bogato kulturo in zgodovino. Osvojitev ruske slovnice in besedi\u0161\u010da bo izbolj\u0161ala va\u0161e mo\u017enosti potovanja, kariere in komunikacije. Za\u010dnite se u\u010diti ru\u0161\u010dino \u0161e danes in naredite prvi korak k teko\u010demu znanju!\n\n<\/p>\r\n\r\n                            <a class=\"getStartedHidden\" href=\"https:\/\/app.talkpal.ai\/sl\/signup?lng=\">Za\u010dni<\/a>\r\n        \r\n    <\/div>\r\n\r\n    <figure>\r\n    <img decoding=\"async\" width=\"768\" height=\"768\" src=\"https:\/\/talkpal.ai\/wp-content\/uploads\/2023\/06\/serbian-768x768.png\" class=\"languageImage no-lazy\" alt=\"Fast-track to fluency with language learning\" fetchpriority=\"high\" sizes=\"(max-width: 768px) 150px, 768px\" srcset=\"https:\/\/talkpal.ai\/wp-content\/uploads\/2023\/06\/serbian-768x768.png 768w, https:\/\/talkpal.ai\/wp-content\/uploads\/2023\/06\/serbian-300x300.png 300w\" \/>\r\n    \r\n\r\n    <\/figure>\r\n\r\n            <a class=\"getStartedVisible\" href=\"https:\/\/app.talkpal.ai\/sl\/signup?lng=\">Za\u010dni<\/a>\r\n    \r\n<\/section>\r\n<section class=\"promotionalBanner\">\r\n    <p class=\"promotionalText\">Naju\u010dinkovitej\u0161i na\u010din u\u010denja jezika<\/p>\r\n    <a class=\"promotionalLink\" href=\"https:\/\/app.talkpal.ai\/sl\/signup?lng=\">Preizkusite Talkpal brezpla\u010dno<\/a>\r\n<\/section>\n<div class=\"wp-block-group pageContainerStyle\"><div class=\"wp-block-group__inner-container is-layout-constrained wp-block-group-is-layout-constrained\">\n<h1 class=\"wp-block-heading\" id=\"h-serbian-grammar-unraveling-the-intricacies-of-the-south-slavic-language\">Srbska slovnica: razkrivanje zapletenosti ju\u017enoslovanskega jezika<\/h1>\n\n\n\n<p>Kli\u010dem vse jezikovne navdu\u0161ence in balkanske navdu\u0161ence! Ste \u017ee kdaj pomislili na potapljanje v svet srbske slovnice? <a href=\"https:\/\/talkpal.ai\/learn-serbian\/\">Srb\u0161\u010dina<\/a>, ju\u017enoslovanski jezik, je uradni jezik Srbije in eden od uradnih jezikov Bosne in Hercegovine. S pribli\u017eno 9 milijoni doma\u010dih govorcev ima ta zanimiv jezik podobnosti s hrva\u0161kim, bosanskim in \u010drnogorskim, vendar se pona\u0161a z zna\u010dilnostmi, ki ga lo\u010dujejo. V tem \u010dlanku bomo raziskali zanimive vidike srbske slovnice.<\/p>\n\n\n\n<h3 class=\"wp-block-heading\" id=\"h-the-dual-alphabet-cyrillic-and-latin\">Dvojna abeceda: cirilica in latinica<\/h3>\n\n\n\n<p><a href=\"https:\/\/talkpal.ai\/locations\/language-courses-in-ena\/\">Ena<\/a> prvih stvari, ki jih boste opazili pri srb\u0161\u010dini, je uporaba dveh abeced: Cirilico in latinico. Srbsko cirilico, s 30 \u010drkami, je standardiziral jezikoslovec Vuk Karad\u017ei\u0107 leta 1818 in je uradna abeceda dr\u017eave. Vendar pa se latinica, ki je sestavljena tudi iz 30 \u010drk, pogosto uporablja, zlasti za digitalno komunikacijo in neformalne kontekste. Uporaba dveh abeced daje srb\u0161\u010dini edinstven, vsestranski zna\u010daj.<\/p>\n\n\n\n<h3 class=\"wp-block-heading\" id=\"h-the-building-blocks-nouns-pronouns-and-cases\">Gradniki: samostalniki, zaimki in primeri<\/h3>\n\n\n\n<p>Tako kot drugi slovanski <a href=\"https:\/\/talkpal.ai\/what-language-is-spoken-on-the-international-space-station\/\">jeziki<\/a> se tudi <a href=\"https:\/\/talkpal.ai\/serbian-grammar\/\">srbska slovnica<\/a> vrti okoli pregiba, kjer besede spreminjajo svoje kon\u010dnice glede na svojo slovni\u010dno funkcijo. To je najbolj o\u010ditno pri samostalnikih, zaimkih in pridevnikih. Srb\u0161\u010dina ima sedem primerov:<\/p>\n\n\n\n<p><strong>1. Nominativ &#8211; ozna\u010duje predmet stavka<\/strong><\/p>\n\n\n\n<p><strong>2. Rodilnik &#8211; ka\u017ee na lastni\u0161tvo, predmet zanikanja ali partitivni pomen<\/strong><\/p>\n\n\n\n<p><strong>3. Dativ &#8211; ozna\u010duje posredni predmet<\/strong><\/p>\n\n\n\n<p><strong>4. Akuzativ &#8211; ozna\u010duje neposredni predmet<\/strong><\/p>\n\n\n\n<p><strong>5. Vokativ &#8211; uporablja se za naslavljanje ali klicanje nekoga<\/strong><\/p>\n\n\n\n<p><strong>6. Instrumentalni &#8211; izra\u017ea sredstvo ali na\u010din delovanja<\/strong><\/p>\n\n\n\n<p><strong>7. Lokativ &#8211; dolo\u010da lokacijo ali predmet dolo\u010denih predlogov<\/strong><\/p>\n\n\n\n<p>Srbski samostalniki imajo tri spole (mo\u0161ki, \u017eenski in srednjeve\u0161ki) in dve \u0161tevilki (ednina in mno\u017eina). Kon\u010dnice za posamezni spol in \u0161tevilo se razlikujejo glede na primer, zato si jih je treba zapomniti, da lahko sestavite slovni\u010dno pravilne stavke.<\/p>\n\n\n\n<h3 class=\"wp-block-heading\" id=\"h-get-moving-with-verbs-tenses-aspects-and-moods\">Premikajte se z glagoli: \u010dasi, vidiki in razpolo\u017eenja<\/h3>\n\n\n\n<p>Srbski glagoli ka\u017eejo fascinantno kompleksnost s svojim \u010dasom (preteklost, sedanjost in prihodnost), vidiki (popolni in nepopolni) in razpolo\u017eenjem (indikativni, nujni in pogojni). Vidik igra pomembno vlogo v srbskih glagolih, saj sporo\u010da, ali je dejanje videti kot dokon\u010dano (popolno) ali teko\u010de (nepopolno). \u0160tevilni glagoli prihajajo v parih, ki ozna\u010dujejo razli\u010dne vidike, pogosto z uporabo posebnih predpon ali pripon.<\/p>\n\n\n\n<h3 class=\"wp-block-heading\" id=\"h-adjectives-adverbs-and-all-that-jazz\">Pridevniki, prislovi in ves ta jazz<\/h3>\n\n\n\n<p>Srbski pridevniki se strinjajo s samostalniki, ki jih spreminjajo glede na spol, \u0161tevilo in primer. Imajo tudi primerjalne in prese\u017ene oblike za izra\u017eanje razli\u010dnih stopenj lastnosti. Poleg tega prislovi pogosto izhajajo iz pridevnikov in izra\u017eajo razli\u010dne pomene, kot so \u010das, na\u010din, kraj in stopnja.<\/p>\n\n\n\n<p>Srbski jezik se pona\u0161a tudi z vrsto veznikov, predlogov, \u0161tevilk in delcev, ki prispevajo k lepoti jezika in pomagajo ustvarjati zapletene, smiselne stavke.<\/p>\n\n\n\n<h3 class=\"wp-block-heading\" id=\"h-embracing-the-world-of-serbian-grammar\">Sprejemanje sveta srbske slovnice<\/h3>\n\n\n\n<p><a href=\"https:\/\/talkpal.ai\/serbian-grammar\/\">Srbska slovnica<\/a> se na prvi pogled morda zdi presenetljiva. Ko se boste poglobili v njegovo bogato pokrajino primerov, vidikov in jezikovnih posebnosti, boste odkrili \u017eivahen in izrazit jezik. U\u010denje srb\u0161\u010dine ne bo samo izostrilo va\u0161ega razumevanja slovanske jezikovne dru\u017eine, temve\u010d vam bo pomagalo tudi pri povezovanju z o\u010darljivo zgodovino in kulturo.<\/p>\n\n\n\n<p>Zakaj se torej ne bi lotili izziva nadaljnjega raziskovanja srbske slovnice? Z vztrajnostjo in strastjo se boste nekega dne morda sprehajali po ulicah Beograda in se pogovarjali z doma\u010dini v njihovem maternem jeziku. Sre\u010dno u\u010denje!<\/p>\n<\/div><\/div>\n\r\n<section class=\"learnNavigationSection\">\r\n            \r\n        <a href=\"https:\/\/talkpal.ai\/sl\/naucite-se-srbscine\/\">\r\n            <div class=\"learnNavigationWrapper\">\r\n                <div class=\"learnNavigationContent\">\r\n                    <img decoding=\"async\" src=\"https:\/\/talkpal.ai\/wp-content\/uploads\/2024\/08\/Serbian.jpg\" alt=\"Serbian Flag\">\r\n                    <div>\r\n                        <h4>O u\u010denju v Srbiji<\/h4>\r\n                        <p>Izvedite vse o slovnici Srbija.<\/p>\r\n                    <\/div>\r\n                <\/div>\r\n            <\/div>\r\n        <\/a>\r\n\r\n        \r\n        <a href=\"https:\/\/talkpal.ai\/sl\/srbske-slovnicne-vaje\/\">\r\n            <div class=\"learnNavigationWrapper\">\r\n                <div class=\"learnNavigationContent\">\r\n                    <img decoding=\"async\" src=\"https:\/\/talkpal.ai\/wp-content\/uploads\/2024\/08\/Serbian.jpg\" alt=\"Serbian Flag\">\r\n                    <div>\r\n                        <h4>Vaja iz srbske slovnice<\/h4>\r\n                        <p>Vadite srbsko slovnico.<\/p>\r\n                    <\/div>\r\n                <\/div>\r\n            <\/div>\r\n        <\/a>\r\n\r\n        \r\n        <a href=\"https:\/\/talkpal.ai\/vocabulary_language\/serbian\/\">\r\n            <div class=\"learnNavigationWrapper\">\r\n                <div class=\"learnNavigationContent\">\r\n                    <img decoding=\"async\" src=\"https:\/\/talkpal.ai\/wp-content\/uploads\/2024\/08\/Serbian.jpg\" alt=\"Serbian Flag\">\r\n                    <div>\r\n                        <h4>Srbski besednjak<\/h4>\r\n                        <p>Raz\u0161irite svoj srbski besedni zaklad.<\/p>\r\n                    <\/div>\r\n                <\/div>\r\n            <\/div>\r\n        <\/a>\r\n\r\n            <\/section>","protected":false},"excerpt":{"rendered":"<p>Srbska slovnica: razkrivanje zapletenosti ju\u017enoslovanskega jezika Kli\u010dem vse jezikovne navdu\u0161ence in balkanske navdu\u0161ence! Ste \u017ee kdaj pomislili na potapljanje v svet srbske slovnice? Srb\u0161\u010dina, ju\u017enoslovanski jezik, je uradni jezik Srbije in eden od uradnih jezikov Bosne in Hercegovine. S pribli\u017eno 9 milijoni doma\u010dih govorcev ima ta zanimiv jezik podobnosti s hrva\u0161kim, bosanskim in \u010drnogorskim, vendar [&hellip;]<\/p>\n","protected":false},"author":1,"featured_media":118378,"parent":0,"menu_order":0,"comment_status":"closed","ping_status":"closed","template":"LearningContentPage.php","meta":{"_acf_changed":false,"footnotes":""},"class_list":["post-149786","page","type-page","status-publish","has-post-thumbnail","hentry"],"acf":[],"yoast_head":"<!-- This site is optimized with the Yoast SEO Premium plugin v27.2 (Yoast SEO v27.2) - https:\/\/yoast.com\/product\/yoast-seo-premium-wordpress\/ -->\n<title>Srbska slovnica - Talkpal<\/title>\n<meta name=\"description\" content=\"Spoznajte zapletenost srbske slovnice in odkrijte edinstvene zna\u010dilnosti, po katerih se razlikuje od drugih balkanskih jezikov.\" \/>\n<meta name=\"robots\" content=\"index, follow, max-snippet:-1, max-image-preview:large, max-video-preview:-1\" \/>\n<link rel=\"canonical\" href=\"https:\/\/talkpal.ai\/sl\/srbska-slovnica\/\" \/>\n<meta property=\"og:locale\" content=\"sl_SI\" \/>\n<meta property=\"og:type\" content=\"article\" \/>\n<meta property=\"og:title\" content=\"Srbska slovnica\" \/>\n<meta property=\"og:description\" content=\"Srbska slovnica: razkrivanje zapletenosti ju\u017enoslovanskega jezika Kli\u010dem vse jezikovne navdu\u0161ence in balkanske navdu\u0161ence! Ste \u017ee kdaj pomislili na\" \/>\n<meta property=\"og:url\" content=\"https:\/\/talkpal.ai\/sl\/srbska-slovnica\/\" \/>\n<meta property=\"og:site_name\" content=\"Talkpal\" \/>\n<meta property=\"article:publisher\" content=\"https:\/\/www.facebook.com\/profile.php?id=100090733639311\" \/>\n<meta property=\"article:modified_time\" content=\"2025-12-17T15:36:29+00:00\" \/>\n<meta property=\"og:image\" content=\"https:\/\/talkpal.ai\/wp-content\/uploads\/2023\/05\/serbia.png\" \/>\n\t<meta property=\"og:image:width\" content=\"512\" \/>\n\t<meta property=\"og:image:height\" content=\"512\" \/>\n\t<meta property=\"og:image:type\" content=\"image\/png\" \/>\n<meta name=\"twitter:card\" content=\"summary_large_image\" \/>\n<meta name=\"twitter:site\" content=\"@talkpalai\" \/>\n<meta name=\"twitter:label1\" content=\"Est. reading time\" \/>\n\t<meta name=\"twitter:data1\" content=\"3 minute\" \/>\n<script type=\"application\/ld+json\" class=\"yoast-schema-graph\">{\"@context\":\"https:\/\/schema.org\",\"@graph\":[{\"@type\":\"WebPage\",\"@id\":\"https:\/\/talkpal.ai\/sl\/srbska-slovnica\/\",\"url\":\"https:\/\/talkpal.ai\/sl\/srbska-slovnica\/\",\"name\":\"Srbska slovnica - Talkpal\",\"isPartOf\":{\"@id\":\"https:\/\/talkpal.ai\/sl\/#website\"},\"primaryImageOfPage\":{\"@id\":\"https:\/\/talkpal.ai\/sl\/srbska-slovnica\/#primaryimage\"},\"image\":{\"@id\":\"https:\/\/talkpal.ai\/sl\/srbska-slovnica\/#primaryimage\"},\"thumbnailUrl\":\"https:\/\/talkpal.ai\/wp-content\/uploads\/2023\/05\/serbia.png\",\"datePublished\":\"2023-05-14T14:19:26+00:00\",\"dateModified\":\"2025-12-17T15:36:29+00:00\",\"description\":\"Spoznajte zapletenost srbske slovnice in odkrijte edinstvene zna\u010dilnosti, po katerih se razlikuje od drugih balkanskih jezikov.\",\"breadcrumb\":{\"@id\":\"https:\/\/talkpal.ai\/sl\/srbska-slovnica\/#breadcrumb\"},\"inLanguage\":\"sl-SI\",\"potentialAction\":[{\"@type\":\"ReadAction\",\"target\":[\"https:\/\/talkpal.ai\/sl\/srbska-slovnica\/\"]}]},{\"@type\":\"ImageObject\",\"inLanguage\":\"sl-SI\",\"@id\":\"https:\/\/talkpal.ai\/sl\/srbska-slovnica\/#primaryimage\",\"url\":\"https:\/\/talkpal.ai\/wp-content\/uploads\/2023\/05\/serbia.png\",\"contentUrl\":\"https:\/\/talkpal.ai\/wp-content\/uploads\/2023\/05\/serbia.png\",\"width\":512,\"height\":512},{\"@type\":\"BreadcrumbList\",\"@id\":\"https:\/\/talkpal.ai\/sl\/srbska-slovnica\/#breadcrumb\",\"itemListElement\":[{\"@type\":\"ListItem\",\"position\":1,\"name\":\"Homepage\",\"item\":\"https:\/\/talkpal.ai\/sl\/\"},{\"@type\":\"ListItem\",\"position\":2,\"name\":\"Srbska slovnica\"}]},{\"@type\":\"WebSite\",\"@id\":\"https:\/\/talkpal.ai\/sl\/#website\",\"url\":\"https:\/\/talkpal.ai\/sl\/\",\"name\":\"Talkpal\",\"description\":\"AI Language Learning\",\"publisher\":{\"@id\":\"https:\/\/talkpal.ai\/sl\/#organization\"},\"alternateName\":\"Talkpal AI\",\"potentialAction\":[{\"@type\":\"SearchAction\",\"target\":{\"@type\":\"EntryPoint\",\"urlTemplate\":\"https:\/\/talkpal.ai\/sl\/?s={search_term_string}\"},\"query-input\":{\"@type\":\"PropertyValueSpecification\",\"valueRequired\":true,\"valueName\":\"search_term_string\"}}],\"inLanguage\":\"sl-SI\"},{\"@type\":\"Organization\",\"@id\":\"https:\/\/talkpal.ai\/sl\/#organization\",\"name\":\"Talkpal, Inc.\",\"alternateName\":\"Talkpal AI\",\"url\":\"https:\/\/talkpal.ai\/sl\/\",\"logo\":{\"@type\":\"ImageObject\",\"inLanguage\":\"sl-SI\",\"@id\":\"https:\/\/talkpal.ai\/sl\/#\/schema\/logo\/image\/\",\"url\":\"https:\/\/talkpal.ai\/wp-content\/uploads\/2024\/03\/Talkpal-Logo-Icon.png\",\"contentUrl\":\"https:\/\/talkpal.ai\/wp-content\/uploads\/2024\/03\/Talkpal-Logo-Icon.png\",\"width\":2880,\"height\":2880,\"caption\":\"Talkpal, Inc.\"},\"image\":{\"@id\":\"https:\/\/talkpal.ai\/sl\/#\/schema\/logo\/image\/\"},\"sameAs\":[\"https:\/\/www.facebook.com\/profile.php?id=100090733639311\",\"https:\/\/x.com\/talkpalai\",\"https:\/\/www.linkedin.com\/company\/talkpal\/\",\"https:\/\/www.youtube.com\/@TalkPal\/\",\"https:\/\/www.tiktok.com\/@talkpal\",\"https:\/\/www.instagram.com\/talkpal_ai\/\",\"https:\/\/www.crunchbase.com\/organization\/talkpal-9cde\",\"https:\/\/www.g2.com\/products\/talkpal-for-business\/\",\"https:\/\/www.trustpilot.com\/review\/talkpal.ai\",\"https:\/\/www.capterra.com\/p\/10006800\/TalkPal\/\"],\"description\":\"Talkpal is a language learning web and mobile education app, powered by the latest AI technologies, that provides engaging experiences to its customers in many different languages to help them improve their language skills. Users can chat about unlimited amount of topics with the app and use other modes to practice their language learning.\",\"email\":\"support@talkpal.ai\",\"legalName\":\"Talkpal, Inc.\",\"foundingDate\":\"2023-04-03\",\"duns\":\"118989042\",\"numberOfEmployees\":{\"@type\":\"QuantitativeValue\",\"minValue\":\"11\",\"maxValue\":\"50\"},\"publishingPrinciples\":\"https:\/\/talkpal.ai\/publishing-principles\/\",\"actionableFeedbackPolicy\":\"https:\/\/talkpal.ai\/actionable-feedback-policy\/\",\"correctionsPolicy\":\"https:\/\/talkpal.ai\/corrections-policy\/\",\"ethicsPolicy\":\"https:\/\/talkpal.ai\/ethics-policy\/\",\"diversityPolicy\":\"https:\/\/talkpal.ai\/diversity-policy\/\",\"diversityStaffingReport\":\"https:\/\/talkpal.ai\/diversity-policy\/\"}]}<\/script>\n<!-- \/ Yoast SEO Premium plugin. -->","yoast_head_json":{"title":"Srbska slovnica - Talkpal","description":"Spoznajte zapletenost srbske slovnice in odkrijte edinstvene zna\u010dilnosti, po katerih se razlikuje od drugih balkanskih jezikov.","robots":{"index":"index","follow":"follow","max-snippet":"max-snippet:-1","max-image-preview":"max-image-preview:large","max-video-preview":"max-video-preview:-1"},"canonical":"https:\/\/talkpal.ai\/sl\/srbska-slovnica\/","og_locale":"sl_SI","og_type":"article","og_title":"Srbska slovnica","og_description":"Srbska slovnica: razkrivanje zapletenosti ju\u017enoslovanskega jezika Kli\u010dem vse jezikovne navdu\u0161ence in balkanske navdu\u0161ence! Ste \u017ee kdaj pomislili na","og_url":"https:\/\/talkpal.ai\/sl\/srbska-slovnica\/","og_site_name":"Talkpal","article_publisher":"https:\/\/www.facebook.com\/profile.php?id=100090733639311","article_modified_time":"2025-12-17T15:36:29+00:00","og_image":[{"width":512,"height":512,"url":"https:\/\/talkpal.ai\/wp-content\/uploads\/2023\/05\/serbia.png","type":"image\/png"}],"twitter_card":"summary_large_image","twitter_site":"@talkpalai","twitter_misc":{"Est. reading time":"3 minute"},"schema":{"@context":"https:\/\/schema.org","@graph":[{"@type":"WebPage","@id":"https:\/\/talkpal.ai\/sl\/srbska-slovnica\/","url":"https:\/\/talkpal.ai\/sl\/srbska-slovnica\/","name":"Srbska slovnica - Talkpal","isPartOf":{"@id":"https:\/\/talkpal.ai\/sl\/#website"},"primaryImageOfPage":{"@id":"https:\/\/talkpal.ai\/sl\/srbska-slovnica\/#primaryimage"},"image":{"@id":"https:\/\/talkpal.ai\/sl\/srbska-slovnica\/#primaryimage"},"thumbnailUrl":"https:\/\/talkpal.ai\/wp-content\/uploads\/2023\/05\/serbia.png","datePublished":"2023-05-14T14:19:26+00:00","dateModified":"2025-12-17T15:36:29+00:00","description":"Spoznajte zapletenost srbske slovnice in odkrijte edinstvene zna\u010dilnosti, po katerih se razlikuje od drugih balkanskih jezikov.","breadcrumb":{"@id":"https:\/\/talkpal.ai\/sl\/srbska-slovnica\/#breadcrumb"},"inLanguage":"sl-SI","potentialAction":[{"@type":"ReadAction","target":["https:\/\/talkpal.ai\/sl\/srbska-slovnica\/"]}]},{"@type":"ImageObject","inLanguage":"sl-SI","@id":"https:\/\/talkpal.ai\/sl\/srbska-slovnica\/#primaryimage","url":"https:\/\/talkpal.ai\/wp-content\/uploads\/2023\/05\/serbia.png","contentUrl":"https:\/\/talkpal.ai\/wp-content\/uploads\/2023\/05\/serbia.png","width":512,"height":512},{"@type":"BreadcrumbList","@id":"https:\/\/talkpal.ai\/sl\/srbska-slovnica\/#breadcrumb","itemListElement":[{"@type":"ListItem","position":1,"name":"Homepage","item":"https:\/\/talkpal.ai\/sl\/"},{"@type":"ListItem","position":2,"name":"Srbska slovnica"}]},{"@type":"WebSite","@id":"https:\/\/talkpal.ai\/sl\/#website","url":"https:\/\/talkpal.ai\/sl\/","name":"Talkpal","description":"AI Language Learning","publisher":{"@id":"https:\/\/talkpal.ai\/sl\/#organization"},"alternateName":"Talkpal AI","potentialAction":[{"@type":"SearchAction","target":{"@type":"EntryPoint","urlTemplate":"https:\/\/talkpal.ai\/sl\/?s={search_term_string}"},"query-input":{"@type":"PropertyValueSpecification","valueRequired":true,"valueName":"search_term_string"}}],"inLanguage":"sl-SI"},{"@type":"Organization","@id":"https:\/\/talkpal.ai\/sl\/#organization","name":"Talkpal, Inc.","alternateName":"Talkpal AI","url":"https:\/\/talkpal.ai\/sl\/","logo":{"@type":"ImageObject","inLanguage":"sl-SI","@id":"https:\/\/talkpal.ai\/sl\/#\/schema\/logo\/image\/","url":"https:\/\/talkpal.ai\/wp-content\/uploads\/2024\/03\/Talkpal-Logo-Icon.png","contentUrl":"https:\/\/talkpal.ai\/wp-content\/uploads\/2024\/03\/Talkpal-Logo-Icon.png","width":2880,"height":2880,"caption":"Talkpal, Inc."},"image":{"@id":"https:\/\/talkpal.ai\/sl\/#\/schema\/logo\/image\/"},"sameAs":["https:\/\/www.facebook.com\/profile.php?id=100090733639311","https:\/\/x.com\/talkpalai","https:\/\/www.linkedin.com\/company\/talkpal\/","https:\/\/www.youtube.com\/@TalkPal\/","https:\/\/www.tiktok.com\/@talkpal","https:\/\/www.instagram.com\/talkpal_ai\/","https:\/\/www.crunchbase.com\/organization\/talkpal-9cde","https:\/\/www.g2.com\/products\/talkpal-for-business\/","https:\/\/www.trustpilot.com\/review\/talkpal.ai","https:\/\/www.capterra.com\/p\/10006800\/TalkPal\/"],"description":"Talkpal is a language learning web and mobile education app, powered by the latest AI technologies, that provides engaging experiences to its customers in many different languages to help them improve their language skills. Users can chat about unlimited amount of topics with the app and use other modes to practice their language learning.","email":"support@talkpal.ai","legalName":"Talkpal, Inc.","foundingDate":"2023-04-03","duns":"118989042","numberOfEmployees":{"@type":"QuantitativeValue","minValue":"11","maxValue":"50"},"publishingPrinciples":"https:\/\/talkpal.ai\/publishing-principles\/","actionableFeedbackPolicy":"https:\/\/talkpal.ai\/actionable-feedback-policy\/","correctionsPolicy":"https:\/\/talkpal.ai\/corrections-policy\/","ethicsPolicy":"https:\/\/talkpal.ai\/ethics-policy\/","diversityPolicy":"https:\/\/talkpal.ai\/diversity-policy\/","diversityStaffingReport":"https:\/\/talkpal.ai\/diversity-policy\/"}]}},"_links":{"self":[{"href":"https:\/\/talkpal.ai\/sl\/wp-json\/wp\/v2\/pages\/149786","targetHints":{"allow":["GET"]}}],"collection":[{"href":"https:\/\/talkpal.ai\/sl\/wp-json\/wp\/v2\/pages"}],"about":[{"href":"https:\/\/talkpal.ai\/sl\/wp-json\/wp\/v2\/types\/page"}],"author":[{"embeddable":true,"href":"https:\/\/talkpal.ai\/sl\/wp-json\/wp\/v2\/users\/1"}],"replies":[{"embeddable":true,"href":"https:\/\/talkpal.ai\/sl\/wp-json\/wp\/v2\/comments?post=149786"}],"version-history":[{"count":0,"href":"https:\/\/talkpal.ai\/sl\/wp-json\/wp\/v2\/pages\/149786\/revisions"}],"wp:featuredmedia":[{"embeddable":true,"href":"https:\/\/talkpal.ai\/sl\/wp-json\/wp\/v2\/media\/118378"}],"wp:attachment":[{"href":"https:\/\/talkpal.ai\/sl\/wp-json\/wp\/v2\/media?parent=149786"}],"curies":[{"name":"wp","href":"https:\/\/api.w.org\/{rel}","templated":true}]}}