{"id":149333,"date":"2023-05-14T14:19:07","date_gmt":"2023-05-14T14:19:07","guid":{"rendered":"http:\/\/talkpal.ai\/romunska-slovnica\/"},"modified":"2025-12-17T15:34:19","modified_gmt":"2025-12-17T15:34:19","slug":"romunska-slovnica","status":"publish","type":"page","link":"https:\/\/talkpal.ai\/sl\/romunska-slovnica\/","title":{"rendered":"Romunska slovnica"},"content":{"rendered":"\r\n\r\n\r\n<section class=\"languageChallengeSection\">\r\n    <div class=\"languageInfoWrapper\">\r\n        \r\n        <h1>Romunska slovnica<\/h1>\r\n        <p>Spoznajte lepoto romunskega jezika z u\u010denjem njegovih osnovnih slovni\u010dnih pravil. Osvojitev romunske slovnice vam bo pomagala pri samozavestnem sporazumevanju in povezovanju z bogato romunsko kulturo in zgodovino. Za\u010dnite \u0161tudirati romunsko slovnico danes in naredite prvi korak k teko\u010demu znanju!<\/p>\r\n\r\n                            <a class=\"getStartedHidden\" href=\"https:\/\/app.talkpal.ai\/sl\/signup?lng=\">Za\u010dni<\/a>\r\n        \r\n    <\/div>\r\n\r\n    <figure>\r\n    <img decoding=\"async\" width=\"768\" height=\"768\" src=\"https:\/\/talkpal.ai\/wp-content\/uploads\/2023\/06\/romanian-768x768.png\" class=\"languageImage no-lazy\" alt=\"Language learning for intellectual challenge\" fetchpriority=\"high\" sizes=\"(max-width: 768px) 150px, 768px\" srcset=\"https:\/\/talkpal.ai\/wp-content\/uploads\/2023\/06\/romanian-768x768.png 768w, https:\/\/talkpal.ai\/wp-content\/uploads\/2023\/06\/romanian-300x300.png 300w\" \/>\r\n    \r\n\r\n    <\/figure>\r\n\r\n            <a class=\"getStartedVisible\" href=\"https:\/\/app.talkpal.ai\/sl\/signup?lng=\">Za\u010dni<\/a>\r\n    \r\n<\/section>\r\n<section class=\"promotionalBanner\">\r\n    <p class=\"promotionalText\">Naju\u010dinkovitej\u0161i na\u010din u\u010denja jezika<\/p>\r\n    <a class=\"promotionalLink\" href=\"https:\/\/app.talkpal.ai\/sl\/signup?lng=\">Preizkusite Talkpal brezpla\u010dno<\/a>\r\n<\/section>\n<div class=\"wp-block-group pageContainerStyle\"><div class=\"wp-block-group__inner-container is-layout-constrained wp-block-group-is-layout-constrained\">\n<h2 class=\"wp-block-heading\" id=\"h-unraveling-the-mysteries-of-romanian-grammar\">Razkrivanje skrivnosti romunske slovnice<\/h2>\n\n\n\n<p><a href=\"https:\/\/talkpal.ai\/learn-romanian\/\">Romun\u0161\u010dina<\/a>, edini romanski jezik, ki se govori v vzhodni Evropi, ponuja edinstveno in zanimivo jezikovno potovanje. Romun\u0161\u010dina, ki se ukvarja s kulturno dedi\u0161\u010dino latinskega in slovanskega sveta, ima zanimivo zgodovino in vznemirljiv slovni\u010dni sistem, ki ga je treba raziskati. Ne glede na to, ali ste poliglotski navdu\u0161enec ali pa samo i\u0161\u010dete <a href=\"https:\/\/talkpal.ai\/talkpal-new-years-discount\/\">novo<\/a> jezikovno pustolov\u0161\u010dino, se pripnite in se pripravite na raziskovanje lepot romunske slovnice!<\/p>\n\n\n\n<h3 class=\"wp-block-heading\" id=\"h-1-the-alphabet-a-familiar-friend-with-a-twist\">1. Abeceda: znan prijatelj z zasukom<\/h3>\n\n\n\n<p>Romunska abeceda temelji na latinici, sestavljeni iz 31 \u010drk. Na sre\u010do za angle\u0161ko govore\u010de je precej podobna angle\u0161ki abecedi, le z nekaj dodatnimi znaki, ki predstavljajo posebne romunske zvoke. Z malo prakse bo obvladovanje osnov (na primer \u010drkovanje va\u0161ega imena ali branje uli\u010dnih znakov) enostavno!<\/p>\n\n\n\n<h3 class=\"wp-block-heading\" id=\"h-2-nouns-meet-cases-the-dynamic-duo\">2. Samostalniki izpolnjujejo primere: dinami\u010dni duo<\/h3>\n\n\n\n<p>Romunski samostalniki spadajo v tri spole (mo\u0161ki, \u017eenski in srednje\u0161olski) in spreminjajo obliko glede na slovni\u010dni primer (nominativni, genitivni, dativni, akuzativni ali vokativni). \u010ceprav se to sprva morda zdi zastra\u0161ujo\u010de, ta sistem daje romun\u0161\u010dini bogastvo, ki omogo\u010da nianse in ustvarjalnost pri sestavljanju stavkov, zaradi \u010desar je va\u0161e jezikovno potovanje \u0161e toliko bolj koristno.<\/p>\n\n\n\n<h3 class=\"wp-block-heading\" id=\"h-3-verbs-conjugating-your-way-to-success\">3. Glagoli: Spregajanje poti do uspeha<\/h3>\n\n\n\n<p>Romunska konjugacija glagolov, \u010deprav nekoliko bolj enostavna kot samostalni\u0161ka deklinacija, je \u0161e vedno ve\u010dplasten proces. Glagoli spreminjajo obliko glede na \u010das, razpolo\u017eenje, glas ter osebo in \u0161tevilo osebka. Kot natan\u010dno ugla\u0161en instrument lahko romunski glagoli prena\u0161ajo \u0161irok spekter dejanj, \u010dustev in namenov, kar omogo\u010da natan\u010dno in poeti\u010dno izra\u017eanje.<\/p>\n\n\n\n<h3 class=\"wp-block-heading\" id=\"h-4-flexible-word-order-shuffle-the-sentences\">4. Prilagodljiv vrstni red besed: preme\u0161ajte stavke<\/h3>\n\n\n\n<p>Romun\u0161\u010dina je precej prilagodljiva, ko gre za vrstni red besed, ki vam omogo\u010da, da predmete, glagole in predmete razporedite na razli\u010dne na\u010dine, ne da bi pri tem ogrozili pomen. Ta prilagodljivost lahko doda poudarek, ustvari kontraste ali preprosto naredi govor bolj privla\u010den. Ko boste postali bolj ve\u0161\u010di romun\u0161\u010dine, boste u\u017eivali v eksperimentiranju z razli\u010dnimi na\u010dini, kako povedati isto stvar, in na\u0161li popoln ton za vsako situacijo.<\/p>\n\n\n\n<h3 class=\"wp-block-heading\" id=\"h-5-wading-deeper-language-through-culture\">5. Poglabljanje globlje: jezik skozi kulturo<\/h3>\n\n\n\n<p>\u010ce \u017eelite resni\u010dno ceniti romun\u0161\u010dino, se morate poglobiti v kulturo, zgodovino in miselnost, ki so oblikovali jezik. Sodelujte z doma\u010dimi govorci, razi\u0161\u010dite romunsko literaturo in se potopite v lokalne obi\u010daje in tradicije. Pri tem ne boste le izbolj\u0161ali znanja jezika, temve\u010d boste odkrili tudi ve\u010dplastno lepoto romunske kulture.<\/p>\n\n\n\n<h3 class=\"wp-block-heading\" id=\"h-in-conclusion-embrace-the-magic-of-romanian-grammar\">Za zaklju\u010dek: Sprejmite \u010darobnost romunske slovnice<\/h3>\n\n\n\n<p><a href=\"https:\/\/talkpal.ai\/romanian-grammar\/\">Romunska slovnica<\/a> se morda sprva zdi uganka, vendar boste s \u010dasom, potrpe\u017eljivostjo in velikim zanimanjem za jezik odkrili skrivnosti tega izjemnega jezikovnega zaklada. Zakaj torej \u010dakati? Za\u010dnite svojo romunsko jezikovno pot \u0161e danes in u\u017eivajte v lepoti slovnice, kulture in o\u010darljivega sveta, ki vam ga odpira.<\/p>\n<\/div><\/div>\n\r\n<section class=\"learnNavigationSection\">\r\n            \r\n        <a href=\"https:\/\/talkpal.ai\/sl\/naucite-se-romunscine\/\">\r\n            <div class=\"learnNavigationWrapper\">\r\n                <div class=\"learnNavigationContent\">\r\n                    <img decoding=\"async\" src=\"https:\/\/talkpal.ai\/wp-content\/uploads\/2024\/08\/Romanian.jpg\" alt=\"Romanian Flag\">\r\n                    <div>\r\n                        <h4>O u\u010denju romun\u0161\u010dine<\/h4>\r\n                        <p>Izvedite vse o romunski slovnici.<\/p>\r\n                    <\/div>\r\n                <\/div>\r\n            <\/div>\r\n        <\/a>\r\n\r\n        \r\n        <a href=\"https:\/\/talkpal.ai\/sl\/romunske-slovnicne-vaje\/\">\r\n            <div class=\"learnNavigationWrapper\">\r\n                <div class=\"learnNavigationContent\">\r\n                    <img decoding=\"async\" src=\"https:\/\/talkpal.ai\/wp-content\/uploads\/2024\/08\/Romanian.jpg\" alt=\"Romanian Flag\">\r\n                    <div>\r\n                        <h4>Vaja iz romunske slovnice<\/h4>\r\n                        <p>Vadite romunsko slovnico.<\/p>\r\n                    <\/div>\r\n                <\/div>\r\n            <\/div>\r\n        <\/a>\r\n\r\n        \r\n        <a href=\"https:\/\/talkpal.ai\/vocabulary_language\/romanian\/\">\r\n            <div class=\"learnNavigationWrapper\">\r\n                <div class=\"learnNavigationContent\">\r\n                    <img decoding=\"async\" src=\"https:\/\/talkpal.ai\/wp-content\/uploads\/2024\/08\/Romanian.jpg\" alt=\"Romanian Flag\">\r\n                    <div>\r\n                        <h4>Romunski besednjak<\/h4>\r\n                        <p>Raz\u0161irite svoj romunski besedni zaklad.<\/p>\r\n                    <\/div>\r\n                <\/div>\r\n            <\/div>\r\n        <\/a>\r\n\r\n            <\/section>","protected":false},"excerpt":{"rendered":"<p>Razkrivanje skrivnosti romunske slovnice Romun\u0161\u010dina, edini romanski jezik, ki se govori v vzhodni Evropi, ponuja edinstveno in zanimivo jezikovno potovanje. Romun\u0161\u010dina, ki se ukvarja s kulturno dedi\u0161\u010dino latinskega in slovanskega sveta, ima zanimivo zgodovino in vznemirljiv slovni\u010dni sistem, ki ga je treba raziskati. Ne glede na to, ali ste poliglotski navdu\u0161enec ali pa samo i\u0161\u010dete [&hellip;]<\/p>\n","protected":false},"author":1,"featured_media":117962,"parent":0,"menu_order":0,"comment_status":"closed","ping_status":"closed","template":"LearningContentPage.php","meta":{"_acf_changed":false,"footnotes":""},"class_list":["post-149333","page","type-page","status-publish","has-post-thumbnail","hentry"],"acf":[],"yoast_head":"<!-- This site is optimized with the Yoast SEO Premium plugin v27.2 (Yoast SEO v27.2) - https:\/\/yoast.com\/product\/yoast-seo-premium-wordpress\/ -->\n<title>Romunska slovnica - Talkpal<\/title>\n<meta name=\"description\" content=\"Razi\u0161\u010dite fascinanten svet romunske slovnice in odkrijte edinstvene zna\u010dilnosti tega \u010dudovitega romanskega jezika.\" \/>\n<meta name=\"robots\" content=\"index, follow, max-snippet:-1, max-image-preview:large, max-video-preview:-1\" \/>\n<link rel=\"canonical\" href=\"https:\/\/talkpal.ai\/sl\/romunska-slovnica\/\" \/>\n<meta property=\"og:locale\" content=\"sl_SI\" \/>\n<meta property=\"og:type\" content=\"article\" \/>\n<meta property=\"og:title\" content=\"Romunska slovnica\" \/>\n<meta property=\"og:description\" content=\"Razkrivanje skrivnosti romunske slovnice Romun\u0161\u010dina, edini romanski jezik, ki se govori v vzhodni Evropi, ponuja edinstveno in zanimivo jezikovno\" \/>\n<meta property=\"og:url\" content=\"https:\/\/talkpal.ai\/sl\/romunska-slovnica\/\" \/>\n<meta property=\"og:site_name\" content=\"Talkpal\" \/>\n<meta property=\"article:publisher\" content=\"https:\/\/www.facebook.com\/profile.php?id=100090733639311\" \/>\n<meta property=\"article:modified_time\" content=\"2025-12-17T15:34:19+00:00\" \/>\n<meta property=\"og:image\" content=\"https:\/\/talkpal.ai\/wp-content\/uploads\/2023\/05\/romania.png\" \/>\n\t<meta property=\"og:image:width\" content=\"512\" \/>\n\t<meta property=\"og:image:height\" content=\"512\" \/>\n\t<meta property=\"og:image:type\" content=\"image\/png\" \/>\n<meta name=\"twitter:card\" content=\"summary_large_image\" \/>\n<meta name=\"twitter:site\" content=\"@talkpalai\" \/>\n<meta name=\"twitter:label1\" content=\"Est. reading time\" \/>\n\t<meta name=\"twitter:data1\" content=\"2 minuti\" \/>\n<script type=\"application\/ld+json\" class=\"yoast-schema-graph\">{\"@context\":\"https:\/\/schema.org\",\"@graph\":[{\"@type\":\"WebPage\",\"@id\":\"https:\/\/talkpal.ai\/sl\/romunska-slovnica\/\",\"url\":\"https:\/\/talkpal.ai\/sl\/romunska-slovnica\/\",\"name\":\"Romunska slovnica - Talkpal\",\"isPartOf\":{\"@id\":\"https:\/\/talkpal.ai\/sl\/#website\"},\"primaryImageOfPage\":{\"@id\":\"https:\/\/talkpal.ai\/sl\/romunska-slovnica\/#primaryimage\"},\"image\":{\"@id\":\"https:\/\/talkpal.ai\/sl\/romunska-slovnica\/#primaryimage\"},\"thumbnailUrl\":\"https:\/\/talkpal.ai\/wp-content\/uploads\/2023\/05\/romania.png\",\"datePublished\":\"2023-05-14T14:19:07+00:00\",\"dateModified\":\"2025-12-17T15:34:19+00:00\",\"description\":\"Razi\u0161\u010dite fascinanten svet romunske slovnice in odkrijte edinstvene zna\u010dilnosti tega \u010dudovitega romanskega jezika.\",\"breadcrumb\":{\"@id\":\"https:\/\/talkpal.ai\/sl\/romunska-slovnica\/#breadcrumb\"},\"inLanguage\":\"sl-SI\",\"potentialAction\":[{\"@type\":\"ReadAction\",\"target\":[\"https:\/\/talkpal.ai\/sl\/romunska-slovnica\/\"]}]},{\"@type\":\"ImageObject\",\"inLanguage\":\"sl-SI\",\"@id\":\"https:\/\/talkpal.ai\/sl\/romunska-slovnica\/#primaryimage\",\"url\":\"https:\/\/talkpal.ai\/wp-content\/uploads\/2023\/05\/romania.png\",\"contentUrl\":\"https:\/\/talkpal.ai\/wp-content\/uploads\/2023\/05\/romania.png\",\"width\":512,\"height\":512},{\"@type\":\"BreadcrumbList\",\"@id\":\"https:\/\/talkpal.ai\/sl\/romunska-slovnica\/#breadcrumb\",\"itemListElement\":[{\"@type\":\"ListItem\",\"position\":1,\"name\":\"Homepage\",\"item\":\"https:\/\/talkpal.ai\/sl\/\"},{\"@type\":\"ListItem\",\"position\":2,\"name\":\"Romunska slovnica\"}]},{\"@type\":\"WebSite\",\"@id\":\"https:\/\/talkpal.ai\/sl\/#website\",\"url\":\"https:\/\/talkpal.ai\/sl\/\",\"name\":\"Talkpal\",\"description\":\"AI Language Learning\",\"publisher\":{\"@id\":\"https:\/\/talkpal.ai\/sl\/#organization\"},\"alternateName\":\"Talkpal AI\",\"potentialAction\":[{\"@type\":\"SearchAction\",\"target\":{\"@type\":\"EntryPoint\",\"urlTemplate\":\"https:\/\/talkpal.ai\/sl\/?s={search_term_string}\"},\"query-input\":{\"@type\":\"PropertyValueSpecification\",\"valueRequired\":true,\"valueName\":\"search_term_string\"}}],\"inLanguage\":\"sl-SI\"},{\"@type\":\"Organization\",\"@id\":\"https:\/\/talkpal.ai\/sl\/#organization\",\"name\":\"Talkpal, Inc.\",\"alternateName\":\"Talkpal AI\",\"url\":\"https:\/\/talkpal.ai\/sl\/\",\"logo\":{\"@type\":\"ImageObject\",\"inLanguage\":\"sl-SI\",\"@id\":\"https:\/\/talkpal.ai\/sl\/#\/schema\/logo\/image\/\",\"url\":\"https:\/\/talkpal.ai\/wp-content\/uploads\/2024\/03\/Talkpal-Logo-Icon.png\",\"contentUrl\":\"https:\/\/talkpal.ai\/wp-content\/uploads\/2024\/03\/Talkpal-Logo-Icon.png\",\"width\":2880,\"height\":2880,\"caption\":\"Talkpal, Inc.\"},\"image\":{\"@id\":\"https:\/\/talkpal.ai\/sl\/#\/schema\/logo\/image\/\"},\"sameAs\":[\"https:\/\/www.facebook.com\/profile.php?id=100090733639311\",\"https:\/\/x.com\/talkpalai\",\"https:\/\/www.linkedin.com\/company\/talkpal\/\",\"https:\/\/www.youtube.com\/@TalkPal\/\",\"https:\/\/www.tiktok.com\/@talkpal\",\"https:\/\/www.instagram.com\/talkpal_ai\/\",\"https:\/\/www.crunchbase.com\/organization\/talkpal-9cde\",\"https:\/\/www.g2.com\/products\/talkpal-for-business\/\",\"https:\/\/www.trustpilot.com\/review\/talkpal.ai\",\"https:\/\/www.capterra.com\/p\/10006800\/TalkPal\/\"],\"description\":\"Talkpal is a language learning web and mobile education app, powered by the latest AI technologies, that provides engaging experiences to its customers in many different languages to help them improve their language skills. Users can chat about unlimited amount of topics with the app and use other modes to practice their language learning.\",\"email\":\"support@talkpal.ai\",\"legalName\":\"Talkpal, Inc.\",\"foundingDate\":\"2023-04-03\",\"duns\":\"118989042\",\"numberOfEmployees\":{\"@type\":\"QuantitativeValue\",\"minValue\":\"11\",\"maxValue\":\"50\"},\"publishingPrinciples\":\"https:\/\/talkpal.ai\/publishing-principles\/\",\"actionableFeedbackPolicy\":\"https:\/\/talkpal.ai\/actionable-feedback-policy\/\",\"correctionsPolicy\":\"https:\/\/talkpal.ai\/corrections-policy\/\",\"ethicsPolicy\":\"https:\/\/talkpal.ai\/ethics-policy\/\",\"diversityPolicy\":\"https:\/\/talkpal.ai\/diversity-policy\/\",\"diversityStaffingReport\":\"https:\/\/talkpal.ai\/diversity-policy\/\"}]}<\/script>\n<!-- \/ Yoast SEO Premium plugin. -->","yoast_head_json":{"title":"Romunska slovnica - Talkpal","description":"Razi\u0161\u010dite fascinanten svet romunske slovnice in odkrijte edinstvene zna\u010dilnosti tega \u010dudovitega romanskega jezika.","robots":{"index":"index","follow":"follow","max-snippet":"max-snippet:-1","max-image-preview":"max-image-preview:large","max-video-preview":"max-video-preview:-1"},"canonical":"https:\/\/talkpal.ai\/sl\/romunska-slovnica\/","og_locale":"sl_SI","og_type":"article","og_title":"Romunska slovnica","og_description":"Razkrivanje skrivnosti romunske slovnice Romun\u0161\u010dina, edini romanski jezik, ki se govori v vzhodni Evropi, ponuja edinstveno in zanimivo jezikovno","og_url":"https:\/\/talkpal.ai\/sl\/romunska-slovnica\/","og_site_name":"Talkpal","article_publisher":"https:\/\/www.facebook.com\/profile.php?id=100090733639311","article_modified_time":"2025-12-17T15:34:19+00:00","og_image":[{"width":512,"height":512,"url":"https:\/\/talkpal.ai\/wp-content\/uploads\/2023\/05\/romania.png","type":"image\/png"}],"twitter_card":"summary_large_image","twitter_site":"@talkpalai","twitter_misc":{"Est. reading time":"2 minuti"},"schema":{"@context":"https:\/\/schema.org","@graph":[{"@type":"WebPage","@id":"https:\/\/talkpal.ai\/sl\/romunska-slovnica\/","url":"https:\/\/talkpal.ai\/sl\/romunska-slovnica\/","name":"Romunska slovnica - Talkpal","isPartOf":{"@id":"https:\/\/talkpal.ai\/sl\/#website"},"primaryImageOfPage":{"@id":"https:\/\/talkpal.ai\/sl\/romunska-slovnica\/#primaryimage"},"image":{"@id":"https:\/\/talkpal.ai\/sl\/romunska-slovnica\/#primaryimage"},"thumbnailUrl":"https:\/\/talkpal.ai\/wp-content\/uploads\/2023\/05\/romania.png","datePublished":"2023-05-14T14:19:07+00:00","dateModified":"2025-12-17T15:34:19+00:00","description":"Razi\u0161\u010dite fascinanten svet romunske slovnice in odkrijte edinstvene zna\u010dilnosti tega \u010dudovitega romanskega jezika.","breadcrumb":{"@id":"https:\/\/talkpal.ai\/sl\/romunska-slovnica\/#breadcrumb"},"inLanguage":"sl-SI","potentialAction":[{"@type":"ReadAction","target":["https:\/\/talkpal.ai\/sl\/romunska-slovnica\/"]}]},{"@type":"ImageObject","inLanguage":"sl-SI","@id":"https:\/\/talkpal.ai\/sl\/romunska-slovnica\/#primaryimage","url":"https:\/\/talkpal.ai\/wp-content\/uploads\/2023\/05\/romania.png","contentUrl":"https:\/\/talkpal.ai\/wp-content\/uploads\/2023\/05\/romania.png","width":512,"height":512},{"@type":"BreadcrumbList","@id":"https:\/\/talkpal.ai\/sl\/romunska-slovnica\/#breadcrumb","itemListElement":[{"@type":"ListItem","position":1,"name":"Homepage","item":"https:\/\/talkpal.ai\/sl\/"},{"@type":"ListItem","position":2,"name":"Romunska slovnica"}]},{"@type":"WebSite","@id":"https:\/\/talkpal.ai\/sl\/#website","url":"https:\/\/talkpal.ai\/sl\/","name":"Talkpal","description":"AI Language Learning","publisher":{"@id":"https:\/\/talkpal.ai\/sl\/#organization"},"alternateName":"Talkpal AI","potentialAction":[{"@type":"SearchAction","target":{"@type":"EntryPoint","urlTemplate":"https:\/\/talkpal.ai\/sl\/?s={search_term_string}"},"query-input":{"@type":"PropertyValueSpecification","valueRequired":true,"valueName":"search_term_string"}}],"inLanguage":"sl-SI"},{"@type":"Organization","@id":"https:\/\/talkpal.ai\/sl\/#organization","name":"Talkpal, Inc.","alternateName":"Talkpal AI","url":"https:\/\/talkpal.ai\/sl\/","logo":{"@type":"ImageObject","inLanguage":"sl-SI","@id":"https:\/\/talkpal.ai\/sl\/#\/schema\/logo\/image\/","url":"https:\/\/talkpal.ai\/wp-content\/uploads\/2024\/03\/Talkpal-Logo-Icon.png","contentUrl":"https:\/\/talkpal.ai\/wp-content\/uploads\/2024\/03\/Talkpal-Logo-Icon.png","width":2880,"height":2880,"caption":"Talkpal, Inc."},"image":{"@id":"https:\/\/talkpal.ai\/sl\/#\/schema\/logo\/image\/"},"sameAs":["https:\/\/www.facebook.com\/profile.php?id=100090733639311","https:\/\/x.com\/talkpalai","https:\/\/www.linkedin.com\/company\/talkpal\/","https:\/\/www.youtube.com\/@TalkPal\/","https:\/\/www.tiktok.com\/@talkpal","https:\/\/www.instagram.com\/talkpal_ai\/","https:\/\/www.crunchbase.com\/organization\/talkpal-9cde","https:\/\/www.g2.com\/products\/talkpal-for-business\/","https:\/\/www.trustpilot.com\/review\/talkpal.ai","https:\/\/www.capterra.com\/p\/10006800\/TalkPal\/"],"description":"Talkpal is a language learning web and mobile education app, powered by the latest AI technologies, that provides engaging experiences to its customers in many different languages to help them improve their language skills. Users can chat about unlimited amount of topics with the app and use other modes to practice their language learning.","email":"support@talkpal.ai","legalName":"Talkpal, Inc.","foundingDate":"2023-04-03","duns":"118989042","numberOfEmployees":{"@type":"QuantitativeValue","minValue":"11","maxValue":"50"},"publishingPrinciples":"https:\/\/talkpal.ai\/publishing-principles\/","actionableFeedbackPolicy":"https:\/\/talkpal.ai\/actionable-feedback-policy\/","correctionsPolicy":"https:\/\/talkpal.ai\/corrections-policy\/","ethicsPolicy":"https:\/\/talkpal.ai\/ethics-policy\/","diversityPolicy":"https:\/\/talkpal.ai\/diversity-policy\/","diversityStaffingReport":"https:\/\/talkpal.ai\/diversity-policy\/"}]}},"_links":{"self":[{"href":"https:\/\/talkpal.ai\/sl\/wp-json\/wp\/v2\/pages\/149333","targetHints":{"allow":["GET"]}}],"collection":[{"href":"https:\/\/talkpal.ai\/sl\/wp-json\/wp\/v2\/pages"}],"about":[{"href":"https:\/\/talkpal.ai\/sl\/wp-json\/wp\/v2\/types\/page"}],"author":[{"embeddable":true,"href":"https:\/\/talkpal.ai\/sl\/wp-json\/wp\/v2\/users\/1"}],"replies":[{"embeddable":true,"href":"https:\/\/talkpal.ai\/sl\/wp-json\/wp\/v2\/comments?post=149333"}],"version-history":[{"count":0,"href":"https:\/\/talkpal.ai\/sl\/wp-json\/wp\/v2\/pages\/149333\/revisions"}],"wp:featuredmedia":[{"embeddable":true,"href":"https:\/\/talkpal.ai\/sl\/wp-json\/wp\/v2\/media\/117962"}],"wp:attachment":[{"href":"https:\/\/talkpal.ai\/sl\/wp-json\/wp\/v2\/media?parent=149333"}],"curies":[{"name":"wp","href":"https:\/\/api.w.org\/{rel}","templated":true}]}}