{"id":148363,"date":"2023-05-14T14:13:06","date_gmt":"2023-05-14T14:13:06","guid":{"rendered":"http:\/\/talkpal.ai\/norveska-slovnica\/"},"modified":"2025-12-17T17:35:34","modified_gmt":"2025-12-17T17:35:34","slug":"norveska-slovnica","status":"publish","type":"page","link":"https:\/\/talkpal.ai\/sl\/norveska-slovnica\/","title":{"rendered":"Norve\u0161ka slovnica"},"content":{"rendered":"\r\n\r\n\r\n<section class=\"languageChallengeSection\">\r\n    <div class=\"languageInfoWrapper\">\r\n        \r\n        <h1>Norve\u0161ka slovnica<\/h1>\r\n        <p>Spoznajte osnove norve\u0161ke slovnice in se nau\u010dite samozavestnega sporazumevanja v enem najlep\u0161ih skandinavskih jezikov. Razumevanje norve\u0161ke slovnice vam bo odprlo vrata do novih kulturnih izku\u0161enj in pomembnih pogovorov. Za\u010dnite se u\u010diti norve\u0161ke slovnice \u0161e danes in naredite prvi korak k teko\u010demu jeziku!<\/p>\r\n\r\n                            <a class=\"getStartedHidden\" href=\"https:\/\/app.talkpal.ai\/sl\/signup?lng=\">Za\u010dni<\/a>\r\n        \r\n    <\/div>\r\n\r\n    <figure>\r\n    <img decoding=\"async\" width=\"768\" height=\"768\" src=\"https:\/\/talkpal.ai\/wp-content\/uploads\/2023\/06\/norwegian-768x768.png\" class=\"languageImage no-lazy\" alt=\"Language learning for extensive vocabulary\" fetchpriority=\"high\" sizes=\"(max-width: 768px) 150px, 768px\" srcset=\"https:\/\/talkpal.ai\/wp-content\/uploads\/2023\/06\/norwegian-768x768.png 768w, https:\/\/talkpal.ai\/wp-content\/uploads\/2023\/06\/norwegian-300x300.png 300w\" \/>\r\n    \r\n\r\n    <\/figure>\r\n\r\n            <a class=\"getStartedVisible\" href=\"https:\/\/app.talkpal.ai\/sl\/signup?lng=\">Za\u010dni<\/a>\r\n    \r\n<\/section>\r\n<section class=\"promotionalBanner\">\r\n    <p class=\"promotionalText\">Naju\u010dinkovitej\u0161i na\u010din u\u010denja jezika<\/p>\r\n    <a class=\"promotionalLink\" href=\"https:\/\/app.talkpal.ai\/sl\/signup?lng=\">Preizkusite Talkpal brezpla\u010dno<\/a>\r\n<\/section>\n<div class=\"wp-block-group pageContainerStyle\"><div class=\"wp-block-group__inner-container is-layout-constrained wp-block-group-is-layout-constrained\">\n<h2 class=\"wp-block-heading\" id=\"h-dive-into-norwegian-grammar-a-comprehensive-guide\">Potopite se v norve\u0161ko slovnico: iz\u010drpen vodnik<\/h2>\n\n\n\n<p><a href=\"https:\/\/talkpal.ai\/learn-norwegian\/\">Norve\u0161\u010dina<\/a>, fascinanten in izrazit jezik, ponuja edinstveno prilo\u017enost za u\u010dence jezikov, da razi\u0161\u010dejo bogato kulturno in zgodovinsko dedi\u0161\u010dino Norve\u0161ke. Dobra novica je, da ima <a href=\"https:\/\/talkpal.ai\/norwegian-grammar\/\">norve\u0161ka slovnica<\/a> nekaj podobnosti z angle\u0161\u010dino, zaradi \u010desar je dostopen jezik za u\u010denje. Ta \u010dlanek vas bo vodil skozi bistvene vidike norve\u0161ke slovnice, s \u010dimer boste zagotovili, da boste zgradili trdne temelje in samozavestno razumeli jezik.<\/p>\n\n\n\n<h3 class=\"wp-block-heading\" id=\"h-1-embracing-norwegian-nouns-and-articles\">1. Sprejemanje norve\u0161kih samostalnikov in \u010dlankov<\/h3>\n\n\n\n<p><a href=\"https:\/\/talkpal.ai\/learn-norwegian\/\">Norve\u0161ki<\/a> samostalniki, tako kot njihovi angle\u0161ki kolegi, predstavljajo ljudi, kraje, stvari ali ideje. Razvr\u0161\u010deni so v tri spole: mo\u0161ki, \u017eenski in srednje. Spol je klju\u010dnega pomena pri dolo\u010danju kon\u010dnic samostalnika in \u010dlenov, s katerimi <a href=\"https:\/\/talkpal.ai\/talkpal-new-years-discount\/\">naj<\/a> bi bil samostalnik v paru.<\/p>\n\n\n\n<p>Obstajata dve vrsti \u010dlankov v norve\u0161\u010dini: dolo\u010dni in nedolo\u010deni. Dolo\u010deni \u010dleni se pojavijo kot pripone na koncu samostalnikov, medtem ko so nedolo\u010deni \u010dleni lo\u010dene besede, ki so pred samostalniki. \u010cleni se morajo ujemati z samostalniki po spolu in \u0161tevilu.<\/p>\n\n\n\n<p><strong>&#8211; Dolo\u010dni \u010dleni: -en (mo\u0161ki spol), -a (\u017eenski spol), -et (srednji spol)<\/strong><\/p>\n\n\n\n<p><strong>&#8211; Nedolo\u010dni \u010dleni: en (mo\u0161ki spol), ei (\u017eenski spol), et (srednji spol)<\/strong><\/p>\n\n\n\n<h3 class=\"wp-block-heading\" id=\"h-2-mastering-norwegian-verbs-conjugation-and-tenses\">2. Obvladovanje norve\u0161kih glagolov: konjugacija in \u010dasi<\/h3>\n\n\n\n<p>Norve\u0161ke glagole se je relativno lahko nau\u010diti, saj imajo manj konjugacij kot mnogi drugi <a href=\"https:\/\/talkpal.ai\/what-language-is-spoken-on-the-international-space-station\/\">jeziki<\/a>. Glagoli so konjugirani glede na \u010das in razpolo\u017eenje. Norve\u0161ki glagoli so razdeljeni predvsem v \u0161tiri skupine, vsaka s svojim vzorcem konjugacije. Vendar pa je dobra novica, da za razliko od mnogih drugih jezikov norve\u0161ki glagoli ne spreminjajo svoje oblike glede na temo ali \u0161tevilko.<\/p>\n\n\n\n<p>Norve\u0161\u010dina ima manj \u010dasa kot <a href=\"https:\/\/talkpal.ai\/learn-english-with-ai\/\">angle\u0161\u010dina<\/a>, s samo tremi \u010dasi: sedanji \u010das, pretekli \u010das in pretekli popolni \u010das. Sedanji \u010das se uporablja za izra\u017eanje sedanjih in prihodnjih dogodkov, medtem ko pretekli \u010das ozna\u010duje zaklju\u010dena dejanja, pretekli popolni \u010das pa pomeni izku\u0161nje ali stanja, ki so se zgodila pred dolo\u010deno to\u010dko v preteklosti.<\/p>\n\n\n\n<h3 class=\"wp-block-heading\" id=\"h-3-expressing-yourself-with-norwegian-adjectives-and-adverbs\">3. Izra\u017eanje z norve\u0161kimi pridevniki in prislovi<\/h3>\n\n\n\n<p>Uporaba pridevnikov u\u010dinkovito izbolj\u0161a va\u0161o sposobnost, da se izrazite v norve\u0161\u010dini. Pridevniki opisujejo lastnosti ali zna\u010dilnosti samostalnikov in se morajo ujemati s samostalniki po spolu in \u0161tevilu. V norve\u0161\u010dini pridevniki obi\u010dajno pridejo pred samostalnik, ki ga opisujejo.<\/p>\n\n\n\n<p>Prislovi v norve\u0161\u010dini spreminjajo glagole, pridevnike ali druge prislove. Posredujejo informacije o tem, kako, kdaj, kje in v kolik\u0161ni meri se dejanje zgodi. Za razliko od pridevnikov prislovi ostajajo enaki ne glede na spol ali \u0161tevilo opisanih samostalnikov.<\/p>\n\n\n\n<h3 class=\"wp-block-heading\" id=\"h-4-constructing-sentences-with-norwegian-pronouns-and-word-order\">4. Konstruiranje stavkov z norve\u0161kimi zaimki in vrstnim redom besed<\/h3>\n\n\n\n<p>Norve\u0161ki zaimki nadome\u0161\u010dajo samostalnike in se obi\u010dajno strinjajo s samostalnikom, ki ga predstavljajo po spolu, \u0161tevilu in primeru. V norve\u0161\u010dini obstajajo razli\u010dne vrste zaimkov, vklju\u010dno z osebnimi, posesivnimi, demonstrativnimi, refleksivnimi, relativnimi in zasli\u0161evalnimi zaimki.<\/p>\n\n\n\n<p>Norve\u0161ka struktura stavkov sledi vrstnemu redu predmet-glagol-objekt (SVO), podobno kot angle\u0161\u010dina. Vendar pa uporablja tudi pravilo glagol-sekunda (V2), v katerem glagol obi\u010dajno zavzema drugo mesto v glavnih stavkih. Razumevanje in prakticiranje norve\u0161kega vrstnega <a href=\"https:\/\/talkpal.ai\/locations\/learn-english-in-reda\/\">reda<\/a> besed je bistveno za doseganje teko\u010dega jezika.<\/p>\n\n\n\n<h3 class=\"wp-block-heading\" id=\"h-conclusion\">Zaklju\u010dek<\/h3>\n\n\n\n<p>Teko\u010de znanje norve\u0161ke slovnice zahteva predanost, vajo in odprtost za raziskovanje edinstvenih zna\u010dilnosti jezika. Ne glede na to, ali se \u017eelite poglobiti v norve\u0161ko kulturo ali se \u017eelite nau\u010diti novega jezika, je obvladanje norve\u0161ke slovnice temelj za uspe\u0161no sporazumevanje. Ko se poglabljate v norve\u0161ke samostalnike, glagole, pridevnike in vrstni red besed, ne pozabite u\u017eivati v procesu in ceniti bogate jezikovne izku\u0161nje, ki vas \u010dakajo. <a href=\"https:\/\/talkpal.ai\/culture\/how-do-you-say-good-luck-with-that-in-norwegian\/\">Lykke til<\/a>!<\/p>\n<\/div><\/div>\n\r\n<section class=\"learnNavigationSection\">\r\n            \r\n        <a href=\"https:\/\/talkpal.ai\/sl\/naucite-se-norvescine\/\">\r\n            <div class=\"learnNavigationWrapper\">\r\n                <div class=\"learnNavigationContent\">\r\n                    <img decoding=\"async\" src=\"https:\/\/talkpal.ai\/wp-content\/uploads\/2024\/08\/Norwegian.jpg\" alt=\"Norwegian Flag\">\r\n                    <div>\r\n                        <h4>O norve\u0161kem u\u010denju<\/h4>\r\n                        <p>Izvedite vse o norve\u0161ki slovnici.<\/p>\r\n                    <\/div>\r\n                <\/div>\r\n            <\/div>\r\n        <\/a>\r\n\r\n        \r\n        <a href=\"https:\/\/talkpal.ai\/sl\/norveske-slovnicne-vaje\/\">\r\n            <div class=\"learnNavigationWrapper\">\r\n                <div class=\"learnNavigationContent\">\r\n                    <img decoding=\"async\" src=\"https:\/\/talkpal.ai\/wp-content\/uploads\/2024\/08\/Norwegian.jpg\" alt=\"Norwegian Flag\">\r\n                    <div>\r\n                        <h4>Vaja iz norve\u0161ke slovnice<\/h4>\r\n                        <p>Vadite norve\u0161ko slovnico.<\/p>\r\n                    <\/div>\r\n                <\/div>\r\n            <\/div>\r\n        <\/a>\r\n\r\n        \r\n        <a href=\"https:\/\/talkpal.ai\/vocabulary_language\/norwegian\/\">\r\n            <div class=\"learnNavigationWrapper\">\r\n                <div class=\"learnNavigationContent\">\r\n                    <img decoding=\"async\" src=\"https:\/\/talkpal.ai\/wp-content\/uploads\/2024\/08\/Norwegian.jpg\" alt=\"Norwegian Flag\">\r\n                    <div>\r\n                        <h4>Norve\u0161ki besednjak<\/h4>\r\n                        <p>Raz\u0161irite svoj norve\u0161ki besedni zaklad.<\/p>\r\n                    <\/div>\r\n                <\/div>\r\n            <\/div>\r\n        <\/a>\r\n\r\n            <\/section>","protected":false},"excerpt":{"rendered":"<p>Potopite se v norve\u0161ko slovnico: iz\u010drpen vodnik Norve\u0161\u010dina, fascinanten in izrazit jezik, ponuja edinstveno prilo\u017enost za u\u010dence jezikov, da razi\u0161\u010dejo bogato kulturno in zgodovinsko dedi\u0161\u010dino Norve\u0161ke. Dobra novica je, da ima norve\u0161ka slovnica nekaj podobnosti z angle\u0161\u010dino, zaradi \u010desar je dostopen jezik za u\u010denje. Ta \u010dlanek vas bo vodil skozi bistvene vidike norve\u0161ke slovnice, s [&hellip;]<\/p>\n","protected":false},"author":1,"featured_media":116869,"parent":0,"menu_order":0,"comment_status":"closed","ping_status":"closed","template":"LearningContentPage.php","meta":{"_acf_changed":false,"footnotes":""},"class_list":["post-148363","page","type-page","status-publish","has-post-thumbnail","hentry"],"acf":[],"yoast_head":"<!-- This site is optimized with the Yoast SEO Premium plugin v27.2 (Yoast SEO v27.2) - https:\/\/yoast.com\/product\/yoast-seo-premium-wordpress\/ -->\n<title>Norve\u0161ka slovnica - Talkpal<\/title>\n<meta name=\"description\" content=\"Spoznajte zapletenost norve\u0161ke slovnice in dvignite svoje jezikovno znanje na vi\u0161jo raven.\" \/>\n<meta name=\"robots\" content=\"index, follow, max-snippet:-1, max-image-preview:large, max-video-preview:-1\" \/>\n<link rel=\"canonical\" href=\"https:\/\/talkpal.ai\/sl\/norveska-slovnica\/\" \/>\n<meta property=\"og:locale\" content=\"sl_SI\" \/>\n<meta property=\"og:type\" content=\"article\" \/>\n<meta property=\"og:title\" content=\"Norve\u0161ka slovnica\" \/>\n<meta property=\"og:description\" content=\"Potopite se v norve\u0161ko slovnico: iz\u010drpen vodnik Norve\u0161\u010dina, fascinanten in izrazit jezik, ponuja edinstveno prilo\u017enost za u\u010dence jezikov, da razi\u0161\u010dejo\" \/>\n<meta property=\"og:url\" content=\"https:\/\/talkpal.ai\/sl\/norveska-slovnica\/\" \/>\n<meta property=\"og:site_name\" content=\"Talkpal\" \/>\n<meta property=\"article:publisher\" content=\"https:\/\/www.facebook.com\/profile.php?id=100090733639311\" \/>\n<meta property=\"article:modified_time\" content=\"2025-12-17T17:35:34+00:00\" \/>\n<meta property=\"og:image\" content=\"https:\/\/talkpal.ai\/wp-content\/uploads\/2023\/05\/norway.png\" \/>\n\t<meta property=\"og:image:width\" content=\"512\" \/>\n\t<meta property=\"og:image:height\" content=\"512\" \/>\n\t<meta property=\"og:image:type\" content=\"image\/png\" \/>\n<meta name=\"twitter:card\" content=\"summary_large_image\" \/>\n<meta name=\"twitter:site\" content=\"@talkpalai\" \/>\n<meta name=\"twitter:label1\" content=\"Est. reading time\" \/>\n\t<meta name=\"twitter:data1\" content=\"3 minute\" \/>\n<script type=\"application\/ld+json\" class=\"yoast-schema-graph\">{\"@context\":\"https:\/\/schema.org\",\"@graph\":[{\"@type\":\"WebPage\",\"@id\":\"https:\/\/talkpal.ai\/sl\/norveska-slovnica\/\",\"url\":\"https:\/\/talkpal.ai\/sl\/norveska-slovnica\/\",\"name\":\"Norve\u0161ka slovnica - Talkpal\",\"isPartOf\":{\"@id\":\"https:\/\/talkpal.ai\/sl\/#website\"},\"primaryImageOfPage\":{\"@id\":\"https:\/\/talkpal.ai\/sl\/norveska-slovnica\/#primaryimage\"},\"image\":{\"@id\":\"https:\/\/talkpal.ai\/sl\/norveska-slovnica\/#primaryimage\"},\"thumbnailUrl\":\"https:\/\/talkpal.ai\/wp-content\/uploads\/2023\/05\/norway.png\",\"datePublished\":\"2023-05-14T14:13:06+00:00\",\"dateModified\":\"2025-12-17T17:35:34+00:00\",\"description\":\"Spoznajte zapletenost norve\u0161ke slovnice in dvignite svoje jezikovno znanje na vi\u0161jo raven.\",\"breadcrumb\":{\"@id\":\"https:\/\/talkpal.ai\/sl\/norveska-slovnica\/#breadcrumb\"},\"inLanguage\":\"sl-SI\",\"potentialAction\":[{\"@type\":\"ReadAction\",\"target\":[\"https:\/\/talkpal.ai\/sl\/norveska-slovnica\/\"]}]},{\"@type\":\"ImageObject\",\"inLanguage\":\"sl-SI\",\"@id\":\"https:\/\/talkpal.ai\/sl\/norveska-slovnica\/#primaryimage\",\"url\":\"https:\/\/talkpal.ai\/wp-content\/uploads\/2023\/05\/norway.png\",\"contentUrl\":\"https:\/\/talkpal.ai\/wp-content\/uploads\/2023\/05\/norway.png\",\"width\":512,\"height\":512},{\"@type\":\"BreadcrumbList\",\"@id\":\"https:\/\/talkpal.ai\/sl\/norveska-slovnica\/#breadcrumb\",\"itemListElement\":[{\"@type\":\"ListItem\",\"position\":1,\"name\":\"Homepage\",\"item\":\"https:\/\/talkpal.ai\/sl\/\"},{\"@type\":\"ListItem\",\"position\":2,\"name\":\"Norve\u0161ka slovnica\"}]},{\"@type\":\"WebSite\",\"@id\":\"https:\/\/talkpal.ai\/sl\/#website\",\"url\":\"https:\/\/talkpal.ai\/sl\/\",\"name\":\"Talkpal\",\"description\":\"AI Language Learning\",\"publisher\":{\"@id\":\"https:\/\/talkpal.ai\/sl\/#organization\"},\"alternateName\":\"Talkpal AI\",\"potentialAction\":[{\"@type\":\"SearchAction\",\"target\":{\"@type\":\"EntryPoint\",\"urlTemplate\":\"https:\/\/talkpal.ai\/sl\/?s={search_term_string}\"},\"query-input\":{\"@type\":\"PropertyValueSpecification\",\"valueRequired\":true,\"valueName\":\"search_term_string\"}}],\"inLanguage\":\"sl-SI\"},{\"@type\":\"Organization\",\"@id\":\"https:\/\/talkpal.ai\/sl\/#organization\",\"name\":\"Talkpal, Inc.\",\"alternateName\":\"Talkpal AI\",\"url\":\"https:\/\/talkpal.ai\/sl\/\",\"logo\":{\"@type\":\"ImageObject\",\"inLanguage\":\"sl-SI\",\"@id\":\"https:\/\/talkpal.ai\/sl\/#\/schema\/logo\/image\/\",\"url\":\"https:\/\/talkpal.ai\/wp-content\/uploads\/2024\/03\/Talkpal-Logo-Icon.png\",\"contentUrl\":\"https:\/\/talkpal.ai\/wp-content\/uploads\/2024\/03\/Talkpal-Logo-Icon.png\",\"width\":2880,\"height\":2880,\"caption\":\"Talkpal, Inc.\"},\"image\":{\"@id\":\"https:\/\/talkpal.ai\/sl\/#\/schema\/logo\/image\/\"},\"sameAs\":[\"https:\/\/www.facebook.com\/profile.php?id=100090733639311\",\"https:\/\/x.com\/talkpalai\",\"https:\/\/www.linkedin.com\/company\/talkpal\/\",\"https:\/\/www.youtube.com\/@TalkPal\/\",\"https:\/\/www.tiktok.com\/@talkpal\",\"https:\/\/www.instagram.com\/talkpal_ai\/\",\"https:\/\/www.crunchbase.com\/organization\/talkpal-9cde\",\"https:\/\/www.g2.com\/products\/talkpal-for-business\/\",\"https:\/\/www.trustpilot.com\/review\/talkpal.ai\",\"https:\/\/www.capterra.com\/p\/10006800\/TalkPal\/\"],\"description\":\"Talkpal is a language learning web and mobile education app, powered by the latest AI technologies, that provides engaging experiences to its customers in many different languages to help them improve their language skills. Users can chat about unlimited amount of topics with the app and use other modes to practice their language learning.\",\"email\":\"support@talkpal.ai\",\"legalName\":\"Talkpal, Inc.\",\"foundingDate\":\"2023-04-03\",\"duns\":\"118989042\",\"numberOfEmployees\":{\"@type\":\"QuantitativeValue\",\"minValue\":\"11\",\"maxValue\":\"50\"},\"publishingPrinciples\":\"https:\/\/talkpal.ai\/publishing-principles\/\",\"actionableFeedbackPolicy\":\"https:\/\/talkpal.ai\/actionable-feedback-policy\/\",\"correctionsPolicy\":\"https:\/\/talkpal.ai\/corrections-policy\/\",\"ethicsPolicy\":\"https:\/\/talkpal.ai\/ethics-policy\/\",\"diversityPolicy\":\"https:\/\/talkpal.ai\/diversity-policy\/\",\"diversityStaffingReport\":\"https:\/\/talkpal.ai\/diversity-policy\/\"}]}<\/script>\n<!-- \/ Yoast SEO Premium plugin. -->","yoast_head_json":{"title":"Norve\u0161ka slovnica - Talkpal","description":"Spoznajte zapletenost norve\u0161ke slovnice in dvignite svoje jezikovno znanje na vi\u0161jo raven.","robots":{"index":"index","follow":"follow","max-snippet":"max-snippet:-1","max-image-preview":"max-image-preview:large","max-video-preview":"max-video-preview:-1"},"canonical":"https:\/\/talkpal.ai\/sl\/norveska-slovnica\/","og_locale":"sl_SI","og_type":"article","og_title":"Norve\u0161ka slovnica","og_description":"Potopite se v norve\u0161ko slovnico: iz\u010drpen vodnik Norve\u0161\u010dina, fascinanten in izrazit jezik, ponuja edinstveno prilo\u017enost za u\u010dence jezikov, da razi\u0161\u010dejo","og_url":"https:\/\/talkpal.ai\/sl\/norveska-slovnica\/","og_site_name":"Talkpal","article_publisher":"https:\/\/www.facebook.com\/profile.php?id=100090733639311","article_modified_time":"2025-12-17T17:35:34+00:00","og_image":[{"width":512,"height":512,"url":"https:\/\/talkpal.ai\/wp-content\/uploads\/2023\/05\/norway.png","type":"image\/png"}],"twitter_card":"summary_large_image","twitter_site":"@talkpalai","twitter_misc":{"Est. reading time":"3 minute"},"schema":{"@context":"https:\/\/schema.org","@graph":[{"@type":"WebPage","@id":"https:\/\/talkpal.ai\/sl\/norveska-slovnica\/","url":"https:\/\/talkpal.ai\/sl\/norveska-slovnica\/","name":"Norve\u0161ka slovnica - Talkpal","isPartOf":{"@id":"https:\/\/talkpal.ai\/sl\/#website"},"primaryImageOfPage":{"@id":"https:\/\/talkpal.ai\/sl\/norveska-slovnica\/#primaryimage"},"image":{"@id":"https:\/\/talkpal.ai\/sl\/norveska-slovnica\/#primaryimage"},"thumbnailUrl":"https:\/\/talkpal.ai\/wp-content\/uploads\/2023\/05\/norway.png","datePublished":"2023-05-14T14:13:06+00:00","dateModified":"2025-12-17T17:35:34+00:00","description":"Spoznajte zapletenost norve\u0161ke slovnice in dvignite svoje jezikovno znanje na vi\u0161jo raven.","breadcrumb":{"@id":"https:\/\/talkpal.ai\/sl\/norveska-slovnica\/#breadcrumb"},"inLanguage":"sl-SI","potentialAction":[{"@type":"ReadAction","target":["https:\/\/talkpal.ai\/sl\/norveska-slovnica\/"]}]},{"@type":"ImageObject","inLanguage":"sl-SI","@id":"https:\/\/talkpal.ai\/sl\/norveska-slovnica\/#primaryimage","url":"https:\/\/talkpal.ai\/wp-content\/uploads\/2023\/05\/norway.png","contentUrl":"https:\/\/talkpal.ai\/wp-content\/uploads\/2023\/05\/norway.png","width":512,"height":512},{"@type":"BreadcrumbList","@id":"https:\/\/talkpal.ai\/sl\/norveska-slovnica\/#breadcrumb","itemListElement":[{"@type":"ListItem","position":1,"name":"Homepage","item":"https:\/\/talkpal.ai\/sl\/"},{"@type":"ListItem","position":2,"name":"Norve\u0161ka slovnica"}]},{"@type":"WebSite","@id":"https:\/\/talkpal.ai\/sl\/#website","url":"https:\/\/talkpal.ai\/sl\/","name":"Talkpal","description":"AI Language Learning","publisher":{"@id":"https:\/\/talkpal.ai\/sl\/#organization"},"alternateName":"Talkpal AI","potentialAction":[{"@type":"SearchAction","target":{"@type":"EntryPoint","urlTemplate":"https:\/\/talkpal.ai\/sl\/?s={search_term_string}"},"query-input":{"@type":"PropertyValueSpecification","valueRequired":true,"valueName":"search_term_string"}}],"inLanguage":"sl-SI"},{"@type":"Organization","@id":"https:\/\/talkpal.ai\/sl\/#organization","name":"Talkpal, Inc.","alternateName":"Talkpal AI","url":"https:\/\/talkpal.ai\/sl\/","logo":{"@type":"ImageObject","inLanguage":"sl-SI","@id":"https:\/\/talkpal.ai\/sl\/#\/schema\/logo\/image\/","url":"https:\/\/talkpal.ai\/wp-content\/uploads\/2024\/03\/Talkpal-Logo-Icon.png","contentUrl":"https:\/\/talkpal.ai\/wp-content\/uploads\/2024\/03\/Talkpal-Logo-Icon.png","width":2880,"height":2880,"caption":"Talkpal, Inc."},"image":{"@id":"https:\/\/talkpal.ai\/sl\/#\/schema\/logo\/image\/"},"sameAs":["https:\/\/www.facebook.com\/profile.php?id=100090733639311","https:\/\/x.com\/talkpalai","https:\/\/www.linkedin.com\/company\/talkpal\/","https:\/\/www.youtube.com\/@TalkPal\/","https:\/\/www.tiktok.com\/@talkpal","https:\/\/www.instagram.com\/talkpal_ai\/","https:\/\/www.crunchbase.com\/organization\/talkpal-9cde","https:\/\/www.g2.com\/products\/talkpal-for-business\/","https:\/\/www.trustpilot.com\/review\/talkpal.ai","https:\/\/www.capterra.com\/p\/10006800\/TalkPal\/"],"description":"Talkpal is a language learning web and mobile education app, powered by the latest AI technologies, that provides engaging experiences to its customers in many different languages to help them improve their language skills. Users can chat about unlimited amount of topics with the app and use other modes to practice their language learning.","email":"support@talkpal.ai","legalName":"Talkpal, Inc.","foundingDate":"2023-04-03","duns":"118989042","numberOfEmployees":{"@type":"QuantitativeValue","minValue":"11","maxValue":"50"},"publishingPrinciples":"https:\/\/talkpal.ai\/publishing-principles\/","actionableFeedbackPolicy":"https:\/\/talkpal.ai\/actionable-feedback-policy\/","correctionsPolicy":"https:\/\/talkpal.ai\/corrections-policy\/","ethicsPolicy":"https:\/\/talkpal.ai\/ethics-policy\/","diversityPolicy":"https:\/\/talkpal.ai\/diversity-policy\/","diversityStaffingReport":"https:\/\/talkpal.ai\/diversity-policy\/"}]}},"_links":{"self":[{"href":"https:\/\/talkpal.ai\/sl\/wp-json\/wp\/v2\/pages\/148363","targetHints":{"allow":["GET"]}}],"collection":[{"href":"https:\/\/talkpal.ai\/sl\/wp-json\/wp\/v2\/pages"}],"about":[{"href":"https:\/\/talkpal.ai\/sl\/wp-json\/wp\/v2\/types\/page"}],"author":[{"embeddable":true,"href":"https:\/\/talkpal.ai\/sl\/wp-json\/wp\/v2\/users\/1"}],"replies":[{"embeddable":true,"href":"https:\/\/talkpal.ai\/sl\/wp-json\/wp\/v2\/comments?post=148363"}],"version-history":[{"count":0,"href":"https:\/\/talkpal.ai\/sl\/wp-json\/wp\/v2\/pages\/148363\/revisions"}],"wp:featuredmedia":[{"embeddable":true,"href":"https:\/\/talkpal.ai\/sl\/wp-json\/wp\/v2\/media\/116869"}],"wp:attachment":[{"href":"https:\/\/talkpal.ai\/sl\/wp-json\/wp\/v2\/media?parent=148363"}],"curies":[{"name":"wp","href":"https:\/\/api.w.org\/{rel}","templated":true}]}}