{"id":148014,"date":"2023-05-14T14:12:45","date_gmt":"2023-05-14T14:12:45","guid":{"rendered":"http:\/\/talkpal.ai\/nepalska-slovnica\/"},"modified":"2025-12-17T17:35:34","modified_gmt":"2025-12-17T17:35:34","slug":"nepalska-slovnica","status":"publish","type":"page","link":"https:\/\/talkpal.ai\/sl\/nepalska-slovnica\/","title":{"rendered":"Nepalska slovnica"},"content":{"rendered":"\r\n\r\n\r\n<section class=\"languageChallengeSection\">\r\n    <div class=\"languageInfoWrapper\">\r\n        \r\n        <h1>Nepalska slovnica<\/h1>\r\n        <p>Vas zanima nepal\u0161\u010dina? Spoznajte nepalsko slovnico, ki vsebuje samostalnike po spolu, postpozicije in prilagodljivo stav\u010dno strukturo, zaradi \u010desar je jezik ekspresiven in zanimiv. Za\u010dnite se u\u010diti \u0161e danes &#8211; obvladovanje nepalske slovnice vam bo omogo\u010dilo smiselne pogovore in vas povezalo z razli\u010dnimi kulturami in tradicijami Nepala!<\/p>\r\n\r\n                            <a class=\"getStartedHidden\" href=\"https:\/\/app.talkpal.ai\/sl\/signup?lng=\">Za\u010dni<\/a>\r\n        \r\n    <\/div>\r\n\r\n    <figure>\r\n    <img decoding=\"async\" width=\"768\" height=\"768\" src=\"https:\/\/talkpal.ai\/wp-content\/uploads\/2023\/06\/nepali-768x768.png\" class=\"languageImage no-lazy\" alt=\"Practical language learning for real-life application\" fetchpriority=\"high\" sizes=\"(max-width: 768px) 150px, 768px\" srcset=\"https:\/\/talkpal.ai\/wp-content\/uploads\/2023\/06\/nepali-768x768.png 768w, https:\/\/talkpal.ai\/wp-content\/uploads\/2023\/06\/nepali-300x300.png 300w\" \/>\r\n    \r\n\r\n    <\/figure>\r\n\r\n            <a class=\"getStartedVisible\" href=\"https:\/\/app.talkpal.ai\/sl\/signup?lng=\">Za\u010dni<\/a>\r\n    \r\n<\/section>\r\n<section class=\"promotionalBanner\">\r\n    <p class=\"promotionalText\">Naju\u010dinkovitej\u0161i na\u010din u\u010denja jezika<\/p>\r\n    <a class=\"promotionalLink\" href=\"https:\/\/app.talkpal.ai\/sl\/signup?lng=\">Preizkusite Talkpal brezpla\u010dno<\/a>\r\n<\/section>\n<div class=\"wp-block-group pageContainerStyle\"><div class=\"wp-block-group__inner-container is-layout-constrained wp-block-group-is-layout-constrained\">\n<h2 class=\"wp-block-heading\" id=\"h-delving-into-the-richness-of-nepali-grammar-an-insightful-guide\">Poglobitev v bogastvo nepalske slovnice: pronicljiv vodnik<\/h2>\n\n\n\n<p><a href=\"https:\/\/talkpal.ai\/learn-nepali\/\">Nepali<\/a>, indoarijski jezik, ki ga govori ve\u010d kot 25 milijonov ljudi v Nepalu in sosednjih regijah, je \u010dudovit jezik, ki prikazuje kulturno bogastvo in jezikovno raznolikost ju\u017ene Azije. Da bi u\u010dinkovito komunicirali v nepal\u0161\u010dini in resni\u010dno cenili njegovo lepoto, moramo razumeti njegovo slovnico. V tem \u010dlanku bomo podali pregled bistvenih vidikov nepalske slovnice in ponudili prakti\u010dne nasvete, ki vam bodo pomagali obvladati ta fascinanten jezik.<\/p>\n\n\n\n<h3 class=\"wp-block-heading\" id=\"h-key-aspects-of-nepali-grammar\">Klju\u010dni vidiki nepalske slovnice:<\/h3>\n\n\n\n<p><a href=\"https:\/\/talkpal.ai\/nepali-grammar\/\">Nepalska slovnica<\/a> se na za\u010detku morda zdi zahtevna, <a href=\"https:\/\/talkpal.ai\/locations\/language-courses-in-toda\/\">toda<\/a> s \u010dasom in prakso jo lahko obesite. Tukaj je nekaj temeljnih komponent nepalske slovnice, s katerimi se lahko seznanite:<\/p>\n\n\n\n<p>1. Samostalniki: <a href=\"https:\/\/talkpal.ai\/learn-nepali\/\">Nepalski<\/a> samostalniki nimajo slovni\u010dnega spola, kar u\u010dencem olaj\u0161a, saj si ni treba zapomniti spola vsakega <strong>samostalnika.<\/strong> Vendar pa so samostalniki pregibani glede na \u0161tevilo (ednina in mno\u017eina) in velike \u010drke (nominativni, genitivni, dativni itd.).<\/p>\n\n\n\n<p><strong>2. Zaimki: Osebni zaimki<\/strong> v nepal\u0161\u010dini imajo tri oblike: subjektivno, objektivno in posesivno. Strinjajo se s samostalnikom, na katerega se sklicujejo v smislu \u0161tevila, ne pa spola. Obstajajo tudi razli\u010dni zaimki in oblike glagolske konjugacije, ki temeljijo na stopnji formalnosti (vljudno, znano ali intimno).<\/p>\n\n\n\n<p><strong>3. Glagoli: Nepalski glagoli<\/strong> so pregibani za napeto (sedanjost, preteklost in prihodnost), razpolo\u017eenje (indikativno, nujno ali konjunktivno) in aspekt (neprekinjeno, popolno ali preprosto). Glede na stopnjo formalnosti predmeta obstajajo tudi razli\u010dni glagolski sklanjatveni vzorci.<\/p>\n\n\n\n<p>4. Pridevniki in <strong>prislovi: Pridevniki<\/strong> v nepal\u0161\u010dini obi\u010dajno sledijo samostalniku, ki ga spreminjajo in se strinjajo v \u0161tevilu in primerih. Prislovi se lahko uporabljajo za zagotavljanje dodatnih informacij in na splo\u0161no ne spreminjajo svoje oblike.<\/p>\n\n\n\n<p><strong>5. Struktura stavkov:<\/strong> Tipi\u010dna nepalska stav\u010dna struktura sledi vrstnemu redu <a href=\"https:\/\/talkpal.ai\/culture\/how-do-you-structure-a-sentence-using-subject-object-verb-order-in-uzbek\/\">Subject-Object-Verb<\/a> (SOV). Vendar pa je vrstni red besed lahko prilagodljiv, odvisno od poudarka in konteksta.<\/p>\n\n\n\n<h3 class=\"wp-block-heading\" id=\"h-tips-for-learning-nepali-grammar\">Nasveti za u\u010denje nepalske slovnice:<\/h3>\n\n\n\n<p>Tukaj je nekaj u\u010dinkovitih strategij, s katerimi bo va\u0161e potovanje nepalskega u\u010denja slovnice bolj gladko:<\/p>\n\n\n\n<p><strong>1. Za\u010dnite z osnovami:<\/strong> Osredoto\u010dite se na u\u010denje osnov nepalske slovnice, kot so samostalni\u0161ki primeri, zaimki in glagolska konjugacija. Ko se va\u0161e razumevanje pove\u010duje, postopoma vklju\u010dite bolj zapletene strukture in pravila.<\/p>\n\n\n\n<p><strong>2. Redno vadite:<\/strong> Doslednost je klju\u010dnega pomena pri u\u010denju novega jezika. Vsak dan ali teden dodelite dolo\u010dene \u010dase za vadbo slovni\u010dnih vaj, branja in pisanja v Nepalu.<\/p>\n\n\n\n<p><strong>3. Uporabite izvorne vire:<\/strong> potopite se v pristno nepalsko gradivo, kot so literatura, novica in poddaje. To vam ne bo samo pomagalo razumeti nepalske slovnice v kontekstu, temve\u010d tudi izbolj\u0161ati va\u0161e splo\u0161ne jezikovne spretnosti.<\/p>\n\n\n\n<p><strong>4. Pove\u017eite se z doma\u010dimi<\/strong> govorci: Sodelovanje v pogovorih z doma\u010dimi nepalskimi govorci vam omogo\u010da, da <a href=\"https:\/\/talkpal.ai\/grammar\/\">vadite slovnico<\/a> v resni\u010dnih \u017eivljenjskih situacijah in prejmete dragocene <a href=\"https:\/\/talkpal.ai\/contact\/\">povratne informacije<\/a>. Razmislite o pridru\u017eitvi skupinam za izmenjavo jezikov ali spletnim forumom, da se pove\u017eete z nepalsko govore\u010dimi posamezniki.<\/p>\n\n\n\n<p><strong>5. Bodite potrpe\u017eljivi in vztrajni:<\/strong> Ne pozabite, da u\u010denje novega jezika zahteva \u010das, vztrajnost in potrpljenje. Sprejmite izzive in proslavite svoj napredek na <a href=\"https:\/\/talkpal.ai\/locations\/learn-english-in-poti\/\">poti<\/a>.<\/p>\n\n\n\n<h3 class=\"wp-block-heading\" id=\"h-conclusion\">Sklep:<\/h3>\n\n\n\n<p>Nepalska slovnica s svojimi edinstvenimi zna\u010dilnostmi in povezavami z indoarijsko jezikovno dru\u017eino ponuja fascinantno jezikovno potovanje. Z razumevanjem njegovih klju\u010dnih vidikov in upo\u0161tevanjem na\u0161ih prakti\u010dnih nasvetov si boste utrli pot do jezikovne spretnosti in poglobili svoje znanje nepalskega jezika. Zato se podajte naprej z navdu\u0161enjem in radovednostjo ter sprejmite jezikovne zaklade Nepala!<\/p>\n<\/div><\/div>\n\r\n<section class=\"learnNavigationSection\">\r\n            \r\n        <a href=\"https:\/\/talkpal.ai\/sl\/naucite-se-nepalscine\/\">\r\n            <div class=\"learnNavigationWrapper\">\r\n                <div class=\"learnNavigationContent\">\r\n                    <img decoding=\"async\" src=\"https:\/\/talkpal.ai\/wp-content\/uploads\/2024\/08\/Nepali.jpg\" alt=\"Nepali Flag\">\r\n                    <div>\r\n                        <h4>O u\u010denju nepal\u0161\u010dine<\/h4>\r\n                        <p>Izvedite vse o nepalski slovnici.<\/p>\r\n                    <\/div>\r\n                <\/div>\r\n            <\/div>\r\n        <\/a>\r\n\r\n        \r\n        <a href=\"https:\/\/talkpal.ai\/sl\/nepalske-slovnicne-vaje\/\">\r\n            <div class=\"learnNavigationWrapper\">\r\n                <div class=\"learnNavigationContent\">\r\n                    <img decoding=\"async\" src=\"https:\/\/talkpal.ai\/wp-content\/uploads\/2024\/08\/Nepali.jpg\" alt=\"Nepali Flag\">\r\n                    <div>\r\n                        <h4>Vaja iz gramatike nepalskega jezika<\/h4>\r\n                        <p>Vadite nepalsko slovnico.<\/p>\r\n                    <\/div>\r\n                <\/div>\r\n            <\/div>\r\n        <\/a>\r\n\r\n        \r\n        <a href=\"https:\/\/talkpal.ai\/vocabulary_language\/nepali\/\">\r\n            <div class=\"learnNavigationWrapper\">\r\n                <div class=\"learnNavigationContent\">\r\n                    <img decoding=\"async\" src=\"https:\/\/talkpal.ai\/wp-content\/uploads\/2024\/08\/Nepali.jpg\" alt=\"Nepali Flag\">\r\n                    <div>\r\n                        <h4>Nepalski besednjak<\/h4>\r\n                        <p>Raz\u0161irite svoj nepalski besedni zaklad.<\/p>\r\n                    <\/div>\r\n                <\/div>\r\n            <\/div>\r\n        <\/a>\r\n\r\n            <\/section>","protected":false},"excerpt":{"rendered":"<p>Poglobitev v bogastvo nepalske slovnice: pronicljiv vodnik Nepali, indoarijski jezik, ki ga govori ve\u010d kot 25 milijonov ljudi v Nepalu in sosednjih regijah, je \u010dudovit jezik, ki prikazuje kulturno bogastvo in jezikovno raznolikost ju\u017ene Azije. Da bi u\u010dinkovito komunicirali v nepal\u0161\u010dini in resni\u010dno cenili njegovo lepoto, moramo razumeti njegovo slovnico. V tem \u010dlanku bomo podali [&hellip;]<\/p>\n","protected":false},"author":1,"featured_media":116121,"parent":0,"menu_order":0,"comment_status":"closed","ping_status":"closed","template":"LearningContentPage.php","meta":{"_acf_changed":false,"footnotes":""},"class_list":["post-148014","page","type-page","status-publish","has-post-thumbnail","hentry"],"acf":[],"yoast_head":"<!-- This site is optimized with the Yoast SEO Premium plugin v27.2 (Yoast SEO v27.2) - https:\/\/yoast.com\/product\/yoast-seo-premium-wordpress\/ -->\n<title>Nepalska slovnica - Talkpal<\/title>\n<meta name=\"description\" content=\"Spoznajte nepalsko slovnico in izbolj\u0161ajte svoje razumevanje jezika z jasnimi in jedrnatimi razlagami.\" \/>\n<meta name=\"robots\" content=\"index, follow, max-snippet:-1, max-image-preview:large, max-video-preview:-1\" \/>\n<link rel=\"canonical\" href=\"https:\/\/talkpal.ai\/sl\/nepalska-slovnica\/\" \/>\n<meta property=\"og:locale\" content=\"sl_SI\" \/>\n<meta property=\"og:type\" content=\"article\" \/>\n<meta property=\"og:title\" content=\"Nepalska slovnica\" \/>\n<meta property=\"og:description\" content=\"Poglobitev v bogastvo nepalske slovnice: pronicljiv vodnik Nepali, indoarijski jezik, ki ga govori ve\u010d kot 25 milijonov ljudi v Nepalu in sosednjih\" \/>\n<meta property=\"og:url\" content=\"https:\/\/talkpal.ai\/sl\/nepalska-slovnica\/\" \/>\n<meta property=\"og:site_name\" content=\"Talkpal\" \/>\n<meta property=\"article:publisher\" content=\"https:\/\/www.facebook.com\/profile.php?id=100090733639311\" \/>\n<meta property=\"article:modified_time\" content=\"2025-12-17T17:35:34+00:00\" \/>\n<meta property=\"og:image\" content=\"https:\/\/talkpal.ai\/wp-content\/uploads\/2023\/05\/nepal.png\" \/>\n\t<meta property=\"og:image:width\" content=\"512\" \/>\n\t<meta property=\"og:image:height\" content=\"512\" \/>\n\t<meta property=\"og:image:type\" content=\"image\/png\" \/>\n<meta name=\"twitter:card\" content=\"summary_large_image\" \/>\n<meta name=\"twitter:site\" content=\"@talkpalai\" \/>\n<meta name=\"twitter:label1\" content=\"Est. reading time\" \/>\n\t<meta name=\"twitter:data1\" content=\"3 minute\" \/>\n<script type=\"application\/ld+json\" class=\"yoast-schema-graph\">{\"@context\":\"https:\/\/schema.org\",\"@graph\":[{\"@type\":\"WebPage\",\"@id\":\"https:\/\/talkpal.ai\/sl\/nepalska-slovnica\/\",\"url\":\"https:\/\/talkpal.ai\/sl\/nepalska-slovnica\/\",\"name\":\"Nepalska slovnica - Talkpal\",\"isPartOf\":{\"@id\":\"https:\/\/talkpal.ai\/sl\/#website\"},\"primaryImageOfPage\":{\"@id\":\"https:\/\/talkpal.ai\/sl\/nepalska-slovnica\/#primaryimage\"},\"image\":{\"@id\":\"https:\/\/talkpal.ai\/sl\/nepalska-slovnica\/#primaryimage\"},\"thumbnailUrl\":\"https:\/\/talkpal.ai\/wp-content\/uploads\/2023\/05\/nepal.png\",\"datePublished\":\"2023-05-14T14:12:45+00:00\",\"dateModified\":\"2025-12-17T17:35:34+00:00\",\"description\":\"Spoznajte nepalsko slovnico in izbolj\u0161ajte svoje razumevanje jezika z jasnimi in jedrnatimi razlagami.\",\"breadcrumb\":{\"@id\":\"https:\/\/talkpal.ai\/sl\/nepalska-slovnica\/#breadcrumb\"},\"inLanguage\":\"sl-SI\",\"potentialAction\":[{\"@type\":\"ReadAction\",\"target\":[\"https:\/\/talkpal.ai\/sl\/nepalska-slovnica\/\"]}]},{\"@type\":\"ImageObject\",\"inLanguage\":\"sl-SI\",\"@id\":\"https:\/\/talkpal.ai\/sl\/nepalska-slovnica\/#primaryimage\",\"url\":\"https:\/\/talkpal.ai\/wp-content\/uploads\/2023\/05\/nepal.png\",\"contentUrl\":\"https:\/\/talkpal.ai\/wp-content\/uploads\/2023\/05\/nepal.png\",\"width\":512,\"height\":512},{\"@type\":\"BreadcrumbList\",\"@id\":\"https:\/\/talkpal.ai\/sl\/nepalska-slovnica\/#breadcrumb\",\"itemListElement\":[{\"@type\":\"ListItem\",\"position\":1,\"name\":\"Homepage\",\"item\":\"https:\/\/talkpal.ai\/sl\/\"},{\"@type\":\"ListItem\",\"position\":2,\"name\":\"Nepalska slovnica\"}]},{\"@type\":\"WebSite\",\"@id\":\"https:\/\/talkpal.ai\/sl\/#website\",\"url\":\"https:\/\/talkpal.ai\/sl\/\",\"name\":\"Talkpal\",\"description\":\"AI Language Learning\",\"publisher\":{\"@id\":\"https:\/\/talkpal.ai\/sl\/#organization\"},\"alternateName\":\"Talkpal AI\",\"potentialAction\":[{\"@type\":\"SearchAction\",\"target\":{\"@type\":\"EntryPoint\",\"urlTemplate\":\"https:\/\/talkpal.ai\/sl\/?s={search_term_string}\"},\"query-input\":{\"@type\":\"PropertyValueSpecification\",\"valueRequired\":true,\"valueName\":\"search_term_string\"}}],\"inLanguage\":\"sl-SI\"},{\"@type\":\"Organization\",\"@id\":\"https:\/\/talkpal.ai\/sl\/#organization\",\"name\":\"Talkpal, Inc.\",\"alternateName\":\"Talkpal AI\",\"url\":\"https:\/\/talkpal.ai\/sl\/\",\"logo\":{\"@type\":\"ImageObject\",\"inLanguage\":\"sl-SI\",\"@id\":\"https:\/\/talkpal.ai\/sl\/#\/schema\/logo\/image\/\",\"url\":\"https:\/\/talkpal.ai\/wp-content\/uploads\/2024\/03\/Talkpal-Logo-Icon.png\",\"contentUrl\":\"https:\/\/talkpal.ai\/wp-content\/uploads\/2024\/03\/Talkpal-Logo-Icon.png\",\"width\":2880,\"height\":2880,\"caption\":\"Talkpal, Inc.\"},\"image\":{\"@id\":\"https:\/\/talkpal.ai\/sl\/#\/schema\/logo\/image\/\"},\"sameAs\":[\"https:\/\/www.facebook.com\/profile.php?id=100090733639311\",\"https:\/\/x.com\/talkpalai\",\"https:\/\/www.linkedin.com\/company\/talkpal\/\",\"https:\/\/www.youtube.com\/@TalkPal\/\",\"https:\/\/www.tiktok.com\/@talkpal\",\"https:\/\/www.instagram.com\/talkpal_ai\/\",\"https:\/\/www.crunchbase.com\/organization\/talkpal-9cde\",\"https:\/\/www.g2.com\/products\/talkpal-for-business\/\",\"https:\/\/www.trustpilot.com\/review\/talkpal.ai\",\"https:\/\/www.capterra.com\/p\/10006800\/TalkPal\/\"],\"description\":\"Talkpal is a language learning web and mobile education app, powered by the latest AI technologies, that provides engaging experiences to its customers in many different languages to help them improve their language skills. Users can chat about unlimited amount of topics with the app and use other modes to practice their language learning.\",\"email\":\"support@talkpal.ai\",\"legalName\":\"Talkpal, Inc.\",\"foundingDate\":\"2023-04-03\",\"duns\":\"118989042\",\"numberOfEmployees\":{\"@type\":\"QuantitativeValue\",\"minValue\":\"11\",\"maxValue\":\"50\"},\"publishingPrinciples\":\"https:\/\/talkpal.ai\/publishing-principles\/\",\"actionableFeedbackPolicy\":\"https:\/\/talkpal.ai\/actionable-feedback-policy\/\",\"correctionsPolicy\":\"https:\/\/talkpal.ai\/corrections-policy\/\",\"ethicsPolicy\":\"https:\/\/talkpal.ai\/ethics-policy\/\",\"diversityPolicy\":\"https:\/\/talkpal.ai\/diversity-policy\/\",\"diversityStaffingReport\":\"https:\/\/talkpal.ai\/diversity-policy\/\"}]}<\/script>\n<!-- \/ Yoast SEO Premium plugin. -->","yoast_head_json":{"title":"Nepalska slovnica - Talkpal","description":"Spoznajte nepalsko slovnico in izbolj\u0161ajte svoje razumevanje jezika z jasnimi in jedrnatimi razlagami.","robots":{"index":"index","follow":"follow","max-snippet":"max-snippet:-1","max-image-preview":"max-image-preview:large","max-video-preview":"max-video-preview:-1"},"canonical":"https:\/\/talkpal.ai\/sl\/nepalska-slovnica\/","og_locale":"sl_SI","og_type":"article","og_title":"Nepalska slovnica","og_description":"Poglobitev v bogastvo nepalske slovnice: pronicljiv vodnik Nepali, indoarijski jezik, ki ga govori ve\u010d kot 25 milijonov ljudi v Nepalu in sosednjih","og_url":"https:\/\/talkpal.ai\/sl\/nepalska-slovnica\/","og_site_name":"Talkpal","article_publisher":"https:\/\/www.facebook.com\/profile.php?id=100090733639311","article_modified_time":"2025-12-17T17:35:34+00:00","og_image":[{"width":512,"height":512,"url":"https:\/\/talkpal.ai\/wp-content\/uploads\/2023\/05\/nepal.png","type":"image\/png"}],"twitter_card":"summary_large_image","twitter_site":"@talkpalai","twitter_misc":{"Est. reading time":"3 minute"},"schema":{"@context":"https:\/\/schema.org","@graph":[{"@type":"WebPage","@id":"https:\/\/talkpal.ai\/sl\/nepalska-slovnica\/","url":"https:\/\/talkpal.ai\/sl\/nepalska-slovnica\/","name":"Nepalska slovnica - Talkpal","isPartOf":{"@id":"https:\/\/talkpal.ai\/sl\/#website"},"primaryImageOfPage":{"@id":"https:\/\/talkpal.ai\/sl\/nepalska-slovnica\/#primaryimage"},"image":{"@id":"https:\/\/talkpal.ai\/sl\/nepalska-slovnica\/#primaryimage"},"thumbnailUrl":"https:\/\/talkpal.ai\/wp-content\/uploads\/2023\/05\/nepal.png","datePublished":"2023-05-14T14:12:45+00:00","dateModified":"2025-12-17T17:35:34+00:00","description":"Spoznajte nepalsko slovnico in izbolj\u0161ajte svoje razumevanje jezika z jasnimi in jedrnatimi razlagami.","breadcrumb":{"@id":"https:\/\/talkpal.ai\/sl\/nepalska-slovnica\/#breadcrumb"},"inLanguage":"sl-SI","potentialAction":[{"@type":"ReadAction","target":["https:\/\/talkpal.ai\/sl\/nepalska-slovnica\/"]}]},{"@type":"ImageObject","inLanguage":"sl-SI","@id":"https:\/\/talkpal.ai\/sl\/nepalska-slovnica\/#primaryimage","url":"https:\/\/talkpal.ai\/wp-content\/uploads\/2023\/05\/nepal.png","contentUrl":"https:\/\/talkpal.ai\/wp-content\/uploads\/2023\/05\/nepal.png","width":512,"height":512},{"@type":"BreadcrumbList","@id":"https:\/\/talkpal.ai\/sl\/nepalska-slovnica\/#breadcrumb","itemListElement":[{"@type":"ListItem","position":1,"name":"Homepage","item":"https:\/\/talkpal.ai\/sl\/"},{"@type":"ListItem","position":2,"name":"Nepalska slovnica"}]},{"@type":"WebSite","@id":"https:\/\/talkpal.ai\/sl\/#website","url":"https:\/\/talkpal.ai\/sl\/","name":"Talkpal","description":"AI Language Learning","publisher":{"@id":"https:\/\/talkpal.ai\/sl\/#organization"},"alternateName":"Talkpal AI","potentialAction":[{"@type":"SearchAction","target":{"@type":"EntryPoint","urlTemplate":"https:\/\/talkpal.ai\/sl\/?s={search_term_string}"},"query-input":{"@type":"PropertyValueSpecification","valueRequired":true,"valueName":"search_term_string"}}],"inLanguage":"sl-SI"},{"@type":"Organization","@id":"https:\/\/talkpal.ai\/sl\/#organization","name":"Talkpal, Inc.","alternateName":"Talkpal AI","url":"https:\/\/talkpal.ai\/sl\/","logo":{"@type":"ImageObject","inLanguage":"sl-SI","@id":"https:\/\/talkpal.ai\/sl\/#\/schema\/logo\/image\/","url":"https:\/\/talkpal.ai\/wp-content\/uploads\/2024\/03\/Talkpal-Logo-Icon.png","contentUrl":"https:\/\/talkpal.ai\/wp-content\/uploads\/2024\/03\/Talkpal-Logo-Icon.png","width":2880,"height":2880,"caption":"Talkpal, Inc."},"image":{"@id":"https:\/\/talkpal.ai\/sl\/#\/schema\/logo\/image\/"},"sameAs":["https:\/\/www.facebook.com\/profile.php?id=100090733639311","https:\/\/x.com\/talkpalai","https:\/\/www.linkedin.com\/company\/talkpal\/","https:\/\/www.youtube.com\/@TalkPal\/","https:\/\/www.tiktok.com\/@talkpal","https:\/\/www.instagram.com\/talkpal_ai\/","https:\/\/www.crunchbase.com\/organization\/talkpal-9cde","https:\/\/www.g2.com\/products\/talkpal-for-business\/","https:\/\/www.trustpilot.com\/review\/talkpal.ai","https:\/\/www.capterra.com\/p\/10006800\/TalkPal\/"],"description":"Talkpal is a language learning web and mobile education app, powered by the latest AI technologies, that provides engaging experiences to its customers in many different languages to help them improve their language skills. Users can chat about unlimited amount of topics with the app and use other modes to practice their language learning.","email":"support@talkpal.ai","legalName":"Talkpal, Inc.","foundingDate":"2023-04-03","duns":"118989042","numberOfEmployees":{"@type":"QuantitativeValue","minValue":"11","maxValue":"50"},"publishingPrinciples":"https:\/\/talkpal.ai\/publishing-principles\/","actionableFeedbackPolicy":"https:\/\/talkpal.ai\/actionable-feedback-policy\/","correctionsPolicy":"https:\/\/talkpal.ai\/corrections-policy\/","ethicsPolicy":"https:\/\/talkpal.ai\/ethics-policy\/","diversityPolicy":"https:\/\/talkpal.ai\/diversity-policy\/","diversityStaffingReport":"https:\/\/talkpal.ai\/diversity-policy\/"}]}},"_links":{"self":[{"href":"https:\/\/talkpal.ai\/sl\/wp-json\/wp\/v2\/pages\/148014","targetHints":{"allow":["GET"]}}],"collection":[{"href":"https:\/\/talkpal.ai\/sl\/wp-json\/wp\/v2\/pages"}],"about":[{"href":"https:\/\/talkpal.ai\/sl\/wp-json\/wp\/v2\/types\/page"}],"author":[{"embeddable":true,"href":"https:\/\/talkpal.ai\/sl\/wp-json\/wp\/v2\/users\/1"}],"replies":[{"embeddable":true,"href":"https:\/\/talkpal.ai\/sl\/wp-json\/wp\/v2\/comments?post=148014"}],"version-history":[{"count":0,"href":"https:\/\/talkpal.ai\/sl\/wp-json\/wp\/v2\/pages\/148014\/revisions"}],"wp:featuredmedia":[{"embeddable":true,"href":"https:\/\/talkpal.ai\/sl\/wp-json\/wp\/v2\/media\/116121"}],"wp:attachment":[{"href":"https:\/\/talkpal.ai\/sl\/wp-json\/wp\/v2\/media?parent=148014"}],"curies":[{"name":"wp","href":"https:\/\/api.w.org\/{rel}","templated":true}]}}