{"id":147871,"date":"2023-05-14T14:12:25","date_gmt":"2023-05-14T14:12:25","guid":{"rendered":"http:\/\/talkpal.ai\/maorska-slovnica\/"},"modified":"2025-12-17T16:43:47","modified_gmt":"2025-12-17T16:43:47","slug":"maorska-slovnica","status":"publish","type":"page","link":"https:\/\/talkpal.ai\/sl\/maorska-slovnica\/","title":{"rendered":"Maorska slovnica"},"content":{"rendered":"\r\n\r\n\r\n<section class=\"languageChallengeSection\">\r\n    <div class=\"languageInfoWrapper\">\r\n        \r\n        <h1>Maorska slovnica<\/h1>\r\n        <p>Se \u017eelite nau\u010diti jezik <a href=\"https:\/\/talkpal.ai\/learn-maori\/\">maori<\/a>? Spoznajte maorsko slovnico, ki je znana po svoji preprostosti, uporabi \u010dlenkov in pomembni vlogi delcev pri oblikovanju pomena. Za\u010dnite \u0161e danes &#8211; obvladovanje slovnice maorskega jezika vam bo pomagalo globlje se povezati z bogato dedi\u0161\u010dino tega jezika in \u017eivahno kulturo Aotearoa Nove Zelandije!<\/p>\r\n\r\n                            <a class=\"getStartedHidden\" href=\"https:\/\/app.talkpal.ai\/sl\/signup?lng=\">Za\u010dni<\/a>\r\n        \r\n    <\/div>\r\n\r\n    <figure>\r\n    <img decoding=\"async\" width=\"768\" height=\"768\" src=\"https:\/\/talkpal.ai\/wp-content\/uploads\/2023\/06\/maori-768x768.png\" class=\"languageImage no-lazy\" alt=\"Language learning for social and professional settings\" fetchpriority=\"high\" sizes=\"(max-width: 768px) 150px, 768px\" srcset=\"https:\/\/talkpal.ai\/wp-content\/uploads\/2023\/06\/maori-768x768.png 768w, https:\/\/talkpal.ai\/wp-content\/uploads\/2023\/06\/maori-300x300.png 300w\" \/>\r\n    \r\n\r\n    <\/figure>\r\n\r\n            <a class=\"getStartedVisible\" href=\"https:\/\/app.talkpal.ai\/sl\/signup?lng=\">Za\u010dni<\/a>\r\n    \r\n<\/section>\r\n<section class=\"promotionalBanner\">\r\n    <p class=\"promotionalText\">Naju\u010dinkovitej\u0161i na\u010din u\u010denja jezika<\/p>\r\n    <a class=\"promotionalLink\" href=\"https:\/\/app.talkpal.ai\/sl\/signup?lng=\">Preizkusite Talkpal brezpla\u010dno<\/a>\r\n<\/section>\n<div class=\"wp-block-group pageContainerStyle\"><div class=\"wp-block-group__inner-container is-layout-constrained wp-block-group-is-layout-constrained\">\n<h2 class=\"wp-block-heading\" id=\"h-maori-grammar-your-ticket-to-a-vibrant-bicultural-world\">Maorska slovnica: va\u0161a vstopnica v \u017eivahen bikulturni svet<\/h2>\n\n\n\n<p><a href=\"https:\/\/talkpal.ai\/culture\/how-do-you-say-lets-go-in-maori\/\">Kia ora<\/a>! Dobrodo\u0161li v \u010dudovitem svetu maorskega jezika. <a href=\"https:\/\/talkpal.ai\/learn-maori\/\">Maori<\/a> ali te reo maori kot avtohtoni jezik Nove Zelandije vam ponuja edinstveno prilo\u017enost, da se pove\u017eete s starodavno kulturo in njeno \u017eivahno skupnostjo govorcev. Kot vsak jezik se lahko tudi <a href=\"https:\/\/talkpal.ai\/maori-grammar\/\">maorska slovnica<\/a> zdi zahtevna, vendar ne skrbite! Ta vodnik, prijazen za za\u010detnike, bo poenostavil klju\u010dne komponente maorske slovnice za vizualno privla\u010dno in informativno potovanje.<\/p>\n\n\n\n<h3 class=\"wp-block-heading\" id=\"h-1-starting-with-the-basics-maori-alphabet-and-pronunciation\">1. Za\u010den\u0161i z osnovami: maorska abeceda in izgovorjava<\/h3>\n\n\n\n<p>Maori uporablja spremenjeno latinico, sestavljeno iz samo 15 \u010drk: pet samoglasnikov (a, e, i, o in vi) in deset soglasnikov (h, k, m, n, p, r, t, w, ng in wh). Seznanite se s temi \u010drkami in njihovimi izrazitimi izgovorjavami, saj postavljajo temelje za vse nadaljnje u\u010denje maorske slovnice.<\/p>\n\n\n\n<h3 class=\"wp-block-heading\" id=\"h-2-exploring-maori-sentence-structure\">2. Raziskovanje strukture maorskih stavkov<\/h3>\n\n\n\n<p><a href=\"https:\/\/talkpal.ai\/maori-grammar\/\">Maorska slovnica<\/a> v svojem bistvu sledi preprosti strukturi subjekta-glagola (-objekta), glagol pa je obi\u010dajno pred subjektom. Najjasnej\u0161i na\u010din za razumevanje te strukture je, da jo vidimo v akciji:<\/p>\n\n\n\n<p><strong>Angle\u0161\u010dina: Otrok se igra.<\/strong><\/p>\n\n\n\n<p><strong>Maori: Kei te t\u0101karo te tamaiti.<\/strong><\/p>\n\n\n\n<p>V maor\u0161\u010dini se \u010das glagola ozna\u010duje s kombinacijo delcev ali z dodajanjem \u010dasovnega kazalca v stavek.<\/p>\n\n\n\n<h3 class=\"wp-block-heading\" id=\"h-3-demystifying-particles-building-blocks-of-maori-grammar\">3. Demistifikacijski delci: gradniki maorske slovnice<\/h3>\n\n\n\n<p>Delci igrajo klju\u010dno vlogo v maorski slovnici, saj povezujejo besede in besedne zveze, da ustvarijo skladne in izrazne stavke. Kot za\u010detnik se osredoto\u010dite na razumevanje nekaj bistvenih delcev:<\/p>\n\n\n\n<p><strong>&#8211; Kia: uporablja se za ukaze, \u017eelje in namen dejanja.<\/strong><\/p>\n\n\n\n<p><strong>&#8211; Kei: uporablja se za tvorbo trajnega \u010dasa.<\/strong><\/p>\n\n\n\n<p><strong>&#8211; Ko: uporablja se za ozna\u010devanje predmeta stavka.<\/strong><\/p>\n\n\n\n<h3 class=\"wp-block-heading\" id=\"h-4-getting-to-know-maori-pronouns\">4. Spoznavanje maorskih zaimkov<\/h3>\n\n\n\n<p>Zaimki v Maorih nadome\u0161\u010dajo samostalnike in pomagajo ohranjati va\u0161e pogovore naravne in teko\u010de. Kot za\u010detnik se osredoto\u010dite na razumevanje osebnih in posesivnih zaimkov:<\/p>\n\n\n\n<p>Osebni zaimki: ahau (I), koe (ti, ednina), ia (on\/ona), t\u0101ua (mi, vklju\u010dno z osebo, s katero se govori), m\u0101ua (mi, razen osebe, s katero se pogovarjamo), koutou (ti, mno\u017eina), r\u0101tau (oni)<\/p>\n\n\n\n<p>Posesivni zaimki: taku\/t\u014dku (my), t\u014du (ur, ednina), t\u014dna (njegova\/njena), t\u014d t\u0101ua (na\u0161a, vklju\u010dno z govorcem in poslu\u0161alcem), t\u014d m\u0101ua (na\u0161a, govornica in nekdo drug), t\u014d koutou (ur, mno\u017eina), t\u014d r\u0101tau (njihovi)<\/p>\n\n\n\n<h3 class=\"wp-block-heading\" id=\"h-5-navigating-maori-nouns-and-adjectives\">5. Krmarjenje po maorskih samostalnikih in pridevnikih<\/h3>\n\n\n\n<p>Maorski samostalniki in pridevniki sledijo preprostim slovni\u010dnim pravilom, kar za\u010detnikom olaj\u0161a razumevanje. Pridevniki obi\u010dajno sledijo samostalniku, ki ga opisujejo, pri mno\u017eini samostalnikov pa je treba pred samostalnik dodati del\u010dek &#8220;ng\u0101&#8221;. Na primer:<\/p>\n\n\n\n<p><strong>Te whare nui &#8211; &#8220;velika hi\u0161a&#8221;<\/strong><\/p>\n\n\n\n<p><strong>Ng\u0101 tamariki &#8211; &#8220;otroci&#8221;<\/strong><\/p>\n\n\n\n<p>Tam ga imate! Naredili ste prve korake k obvladovanju maorske slovnice ter obogatili svoje potovanje z maorskim jezikom in kulturo. Ne pozabite, da so vadba, vztrajnost in potopitev bistvenega pomena za uspeh, zato sodelujte z doma\u010dimi govorci, razi\u0161\u010dite maorska besedila in okrepite svoje jezikovne temelje. <a href=\"https:\/\/talkpal.ai\/culture\/how-do-you-say-be-strong-in-maori\/\">Kia kaha<\/a>! (Postanite mo\u010dni!)<\/p>\n<\/div><\/div>\n\r\n<section class=\"learnNavigationSection\">\r\n            \r\n        <a href=\"https:\/\/talkpal.ai\/sl\/naucite-se-maori\/\">\r\n            <div class=\"learnNavigationWrapper\">\r\n                <div class=\"learnNavigationContent\">\r\n                    <img decoding=\"async\" src=\"https:\/\/talkpal.ai\/wp-content\/uploads\/2024\/08\/Maori.jpg\" alt=\"New Zealand Flag\">\r\n                    <div>\r\n                        <h4>Lekcije maorske slovnice<\/h4>\r\n                        <p>Preberite vse o maorski slovnici.<\/p>\r\n                    <\/div>\r\n                <\/div>\r\n            <\/div>\r\n        <\/a>\r\n\r\n        \r\n        <a href=\"https:\/\/talkpal.ai\/sl\/maorske-slovnicne-vaje\/\">\r\n            <div class=\"learnNavigationWrapper\">\r\n                <div class=\"learnNavigationContent\">\r\n                    <img decoding=\"async\" src=\"https:\/\/talkpal.ai\/wp-content\/uploads\/2024\/08\/Maori.jpg\" alt=\"New Zealand Flag\">\r\n                    <div>\r\n                        <h4>Vaja iz maorske slovnice<\/h4>\r\n                        <p>Vadite maorsko slovnico.<\/p>\r\n                    <\/div>\r\n                <\/div>\r\n            <\/div>\r\n        <\/a>\r\n\r\n        \r\n        <a href=\"https:\/\/talkpal.ai\/vocabulary_language\/maori\/\">\r\n            <div class=\"learnNavigationWrapper\">\r\n                <div class=\"learnNavigationContent\">\r\n                    <img decoding=\"async\" src=\"https:\/\/talkpal.ai\/wp-content\/uploads\/2024\/08\/Maori.jpg\" alt=\"New Zealand Flag\">\r\n                    <div>\r\n                        <h4>Maorski besednjak<\/h4>\r\n                        <p>Raz\u0161irite svoj maorski besednjak.<\/p>\r\n                    <\/div>\r\n                <\/div>\r\n            <\/div>\r\n        <\/a>\r\n\r\n            <\/section>","protected":false},"excerpt":{"rendered":"<p>Maorska slovnica: va\u0161a vstopnica v \u017eivahen bikulturni svet Kia ora! Dobrodo\u0161li v \u010dudovitem svetu maorskega jezika. Maori ali te reo maori kot avtohtoni jezik Nove Zelandije vam ponuja edinstveno prilo\u017enost, da se pove\u017eete s starodavno kulturo in njeno \u017eivahno skupnostjo govorcev. Kot vsak jezik se lahko tudi maorska slovnica zdi zahtevna, vendar ne skrbite! Ta [&hellip;]<\/p>\n","protected":false},"author":1,"featured_media":116723,"parent":0,"menu_order":0,"comment_status":"closed","ping_status":"closed","template":"LearningContentPage.php","meta":{"_acf_changed":false,"footnotes":""},"class_list":["post-147871","page","type-page","status-publish","has-post-thumbnail","hentry"],"acf":[],"yoast_head":"<!-- This site is optimized with the Yoast SEO Premium plugin v27.2 (Yoast SEO v27.2) - https:\/\/yoast.com\/product\/yoast-seo-premium-wordpress\/ -->\n<title>Maorska slovnica - Talkpal<\/title>\n<meta name=\"description\" content=\"Spoznajte osnove maorske slovnice z na\u0161im priro\u010dnikom za za\u010detnike. Spoznajte 15 \u010drk in osnovna pravila maorskega jezika te reo.\" \/>\n<meta name=\"robots\" content=\"index, follow, max-snippet:-1, max-image-preview:large, max-video-preview:-1\" \/>\n<link rel=\"canonical\" href=\"https:\/\/talkpal.ai\/sl\/maorska-slovnica\/\" \/>\n<meta property=\"og:locale\" content=\"sl_SI\" \/>\n<meta property=\"og:type\" content=\"article\" \/>\n<meta property=\"og:title\" content=\"Maorska slovnica\" \/>\n<meta property=\"og:description\" content=\"Maorska slovnica: va\u0161a vstopnica v \u017eivahen bikulturni svet Kia ora! Dobrodo\u0161li v \u010dudovitem svetu maorskega jezika. Maori ali te reo maori kot avtohtoni\" \/>\n<meta property=\"og:url\" content=\"https:\/\/talkpal.ai\/sl\/maorska-slovnica\/\" \/>\n<meta property=\"og:site_name\" content=\"Talkpal\" \/>\n<meta property=\"article:publisher\" content=\"https:\/\/www.facebook.com\/profile.php?id=100090733639311\" \/>\n<meta property=\"article:modified_time\" content=\"2025-12-17T16:43:47+00:00\" \/>\n<meta property=\"og:image\" content=\"https:\/\/talkpal.ai\/wp-content\/uploads\/2023\/05\/Maori-new-zealand.png\" \/>\n\t<meta property=\"og:image:width\" content=\"512\" \/>\n\t<meta property=\"og:image:height\" content=\"512\" \/>\n\t<meta property=\"og:image:type\" content=\"image\/png\" \/>\n<meta name=\"twitter:card\" content=\"summary_large_image\" \/>\n<meta name=\"twitter:site\" content=\"@talkpalai\" \/>\n<meta name=\"twitter:label1\" content=\"Est. reading time\" \/>\n\t<meta name=\"twitter:data1\" content=\"2 minuti\" \/>\n<script type=\"application\/ld+json\" class=\"yoast-schema-graph\">{\"@context\":\"https:\/\/schema.org\",\"@graph\":[{\"@type\":\"WebPage\",\"@id\":\"https:\/\/talkpal.ai\/sl\/maorska-slovnica\/\",\"url\":\"https:\/\/talkpal.ai\/sl\/maorska-slovnica\/\",\"name\":\"Maorska slovnica - Talkpal\",\"isPartOf\":{\"@id\":\"https:\/\/talkpal.ai\/sl\/#website\"},\"primaryImageOfPage\":{\"@id\":\"https:\/\/talkpal.ai\/sl\/maorska-slovnica\/#primaryimage\"},\"image\":{\"@id\":\"https:\/\/talkpal.ai\/sl\/maorska-slovnica\/#primaryimage\"},\"thumbnailUrl\":\"https:\/\/talkpal.ai\/wp-content\/uploads\/2023\/05\/Maori-new-zealand.png\",\"datePublished\":\"2023-05-14T14:12:25+00:00\",\"dateModified\":\"2025-12-17T16:43:47+00:00\",\"description\":\"Spoznajte osnove maorske slovnice z na\u0161im priro\u010dnikom za za\u010detnike. Spoznajte 15 \u010drk in osnovna pravila maorskega jezika te reo.\",\"breadcrumb\":{\"@id\":\"https:\/\/talkpal.ai\/sl\/maorska-slovnica\/#breadcrumb\"},\"inLanguage\":\"sl-SI\",\"potentialAction\":[{\"@type\":\"ReadAction\",\"target\":[\"https:\/\/talkpal.ai\/sl\/maorska-slovnica\/\"]}]},{\"@type\":\"ImageObject\",\"inLanguage\":\"sl-SI\",\"@id\":\"https:\/\/talkpal.ai\/sl\/maorska-slovnica\/#primaryimage\",\"url\":\"https:\/\/talkpal.ai\/wp-content\/uploads\/2023\/05\/Maori-new-zealand.png\",\"contentUrl\":\"https:\/\/talkpal.ai\/wp-content\/uploads\/2023\/05\/Maori-new-zealand.png\",\"width\":512,\"height\":512},{\"@type\":\"BreadcrumbList\",\"@id\":\"https:\/\/talkpal.ai\/sl\/maorska-slovnica\/#breadcrumb\",\"itemListElement\":[{\"@type\":\"ListItem\",\"position\":1,\"name\":\"Homepage\",\"item\":\"https:\/\/talkpal.ai\/sl\/\"},{\"@type\":\"ListItem\",\"position\":2,\"name\":\"Maorska slovnica\"}]},{\"@type\":\"WebSite\",\"@id\":\"https:\/\/talkpal.ai\/sl\/#website\",\"url\":\"https:\/\/talkpal.ai\/sl\/\",\"name\":\"Talkpal\",\"description\":\"AI Language Learning\",\"publisher\":{\"@id\":\"https:\/\/talkpal.ai\/sl\/#organization\"},\"alternateName\":\"Talkpal AI\",\"potentialAction\":[{\"@type\":\"SearchAction\",\"target\":{\"@type\":\"EntryPoint\",\"urlTemplate\":\"https:\/\/talkpal.ai\/sl\/?s={search_term_string}\"},\"query-input\":{\"@type\":\"PropertyValueSpecification\",\"valueRequired\":true,\"valueName\":\"search_term_string\"}}],\"inLanguage\":\"sl-SI\"},{\"@type\":\"Organization\",\"@id\":\"https:\/\/talkpal.ai\/sl\/#organization\",\"name\":\"Talkpal, Inc.\",\"alternateName\":\"Talkpal AI\",\"url\":\"https:\/\/talkpal.ai\/sl\/\",\"logo\":{\"@type\":\"ImageObject\",\"inLanguage\":\"sl-SI\",\"@id\":\"https:\/\/talkpal.ai\/sl\/#\/schema\/logo\/image\/\",\"url\":\"https:\/\/talkpal.ai\/wp-content\/uploads\/2024\/03\/Talkpal-Logo-Icon.png\",\"contentUrl\":\"https:\/\/talkpal.ai\/wp-content\/uploads\/2024\/03\/Talkpal-Logo-Icon.png\",\"width\":2880,\"height\":2880,\"caption\":\"Talkpal, Inc.\"},\"image\":{\"@id\":\"https:\/\/talkpal.ai\/sl\/#\/schema\/logo\/image\/\"},\"sameAs\":[\"https:\/\/www.facebook.com\/profile.php?id=100090733639311\",\"https:\/\/x.com\/talkpalai\",\"https:\/\/www.linkedin.com\/company\/talkpal\/\",\"https:\/\/www.youtube.com\/@TalkPal\/\",\"https:\/\/www.tiktok.com\/@talkpal\",\"https:\/\/www.instagram.com\/talkpal_ai\/\",\"https:\/\/www.crunchbase.com\/organization\/talkpal-9cde\",\"https:\/\/www.g2.com\/products\/talkpal-for-business\/\",\"https:\/\/www.trustpilot.com\/review\/talkpal.ai\",\"https:\/\/www.capterra.com\/p\/10006800\/TalkPal\/\"],\"description\":\"Talkpal is a language learning web and mobile education app, powered by the latest AI technologies, that provides engaging experiences to its customers in many different languages to help them improve their language skills. Users can chat about unlimited amount of topics with the app and use other modes to practice their language learning.\",\"email\":\"support@talkpal.ai\",\"legalName\":\"Talkpal, Inc.\",\"foundingDate\":\"2023-04-03\",\"duns\":\"118989042\",\"numberOfEmployees\":{\"@type\":\"QuantitativeValue\",\"minValue\":\"11\",\"maxValue\":\"50\"},\"publishingPrinciples\":\"https:\/\/talkpal.ai\/publishing-principles\/\",\"actionableFeedbackPolicy\":\"https:\/\/talkpal.ai\/actionable-feedback-policy\/\",\"correctionsPolicy\":\"https:\/\/talkpal.ai\/corrections-policy\/\",\"ethicsPolicy\":\"https:\/\/talkpal.ai\/ethics-policy\/\",\"diversityPolicy\":\"https:\/\/talkpal.ai\/diversity-policy\/\",\"diversityStaffingReport\":\"https:\/\/talkpal.ai\/diversity-policy\/\"}]}<\/script>\n<!-- \/ Yoast SEO Premium plugin. -->","yoast_head_json":{"title":"Maorska slovnica - Talkpal","description":"Spoznajte osnove maorske slovnice z na\u0161im priro\u010dnikom za za\u010detnike. Spoznajte 15 \u010drk in osnovna pravila maorskega jezika te reo.","robots":{"index":"index","follow":"follow","max-snippet":"max-snippet:-1","max-image-preview":"max-image-preview:large","max-video-preview":"max-video-preview:-1"},"canonical":"https:\/\/talkpal.ai\/sl\/maorska-slovnica\/","og_locale":"sl_SI","og_type":"article","og_title":"Maorska slovnica","og_description":"Maorska slovnica: va\u0161a vstopnica v \u017eivahen bikulturni svet Kia ora! Dobrodo\u0161li v \u010dudovitem svetu maorskega jezika. Maori ali te reo maori kot avtohtoni","og_url":"https:\/\/talkpal.ai\/sl\/maorska-slovnica\/","og_site_name":"Talkpal","article_publisher":"https:\/\/www.facebook.com\/profile.php?id=100090733639311","article_modified_time":"2025-12-17T16:43:47+00:00","og_image":[{"width":512,"height":512,"url":"https:\/\/talkpal.ai\/wp-content\/uploads\/2023\/05\/Maori-new-zealand.png","type":"image\/png"}],"twitter_card":"summary_large_image","twitter_site":"@talkpalai","twitter_misc":{"Est. reading time":"2 minuti"},"schema":{"@context":"https:\/\/schema.org","@graph":[{"@type":"WebPage","@id":"https:\/\/talkpal.ai\/sl\/maorska-slovnica\/","url":"https:\/\/talkpal.ai\/sl\/maorska-slovnica\/","name":"Maorska slovnica - Talkpal","isPartOf":{"@id":"https:\/\/talkpal.ai\/sl\/#website"},"primaryImageOfPage":{"@id":"https:\/\/talkpal.ai\/sl\/maorska-slovnica\/#primaryimage"},"image":{"@id":"https:\/\/talkpal.ai\/sl\/maorska-slovnica\/#primaryimage"},"thumbnailUrl":"https:\/\/talkpal.ai\/wp-content\/uploads\/2023\/05\/Maori-new-zealand.png","datePublished":"2023-05-14T14:12:25+00:00","dateModified":"2025-12-17T16:43:47+00:00","description":"Spoznajte osnove maorske slovnice z na\u0161im priro\u010dnikom za za\u010detnike. Spoznajte 15 \u010drk in osnovna pravila maorskega jezika te reo.","breadcrumb":{"@id":"https:\/\/talkpal.ai\/sl\/maorska-slovnica\/#breadcrumb"},"inLanguage":"sl-SI","potentialAction":[{"@type":"ReadAction","target":["https:\/\/talkpal.ai\/sl\/maorska-slovnica\/"]}]},{"@type":"ImageObject","inLanguage":"sl-SI","@id":"https:\/\/talkpal.ai\/sl\/maorska-slovnica\/#primaryimage","url":"https:\/\/talkpal.ai\/wp-content\/uploads\/2023\/05\/Maori-new-zealand.png","contentUrl":"https:\/\/talkpal.ai\/wp-content\/uploads\/2023\/05\/Maori-new-zealand.png","width":512,"height":512},{"@type":"BreadcrumbList","@id":"https:\/\/talkpal.ai\/sl\/maorska-slovnica\/#breadcrumb","itemListElement":[{"@type":"ListItem","position":1,"name":"Homepage","item":"https:\/\/talkpal.ai\/sl\/"},{"@type":"ListItem","position":2,"name":"Maorska slovnica"}]},{"@type":"WebSite","@id":"https:\/\/talkpal.ai\/sl\/#website","url":"https:\/\/talkpal.ai\/sl\/","name":"Talkpal","description":"AI Language Learning","publisher":{"@id":"https:\/\/talkpal.ai\/sl\/#organization"},"alternateName":"Talkpal AI","potentialAction":[{"@type":"SearchAction","target":{"@type":"EntryPoint","urlTemplate":"https:\/\/talkpal.ai\/sl\/?s={search_term_string}"},"query-input":{"@type":"PropertyValueSpecification","valueRequired":true,"valueName":"search_term_string"}}],"inLanguage":"sl-SI"},{"@type":"Organization","@id":"https:\/\/talkpal.ai\/sl\/#organization","name":"Talkpal, Inc.","alternateName":"Talkpal AI","url":"https:\/\/talkpal.ai\/sl\/","logo":{"@type":"ImageObject","inLanguage":"sl-SI","@id":"https:\/\/talkpal.ai\/sl\/#\/schema\/logo\/image\/","url":"https:\/\/talkpal.ai\/wp-content\/uploads\/2024\/03\/Talkpal-Logo-Icon.png","contentUrl":"https:\/\/talkpal.ai\/wp-content\/uploads\/2024\/03\/Talkpal-Logo-Icon.png","width":2880,"height":2880,"caption":"Talkpal, Inc."},"image":{"@id":"https:\/\/talkpal.ai\/sl\/#\/schema\/logo\/image\/"},"sameAs":["https:\/\/www.facebook.com\/profile.php?id=100090733639311","https:\/\/x.com\/talkpalai","https:\/\/www.linkedin.com\/company\/talkpal\/","https:\/\/www.youtube.com\/@TalkPal\/","https:\/\/www.tiktok.com\/@talkpal","https:\/\/www.instagram.com\/talkpal_ai\/","https:\/\/www.crunchbase.com\/organization\/talkpal-9cde","https:\/\/www.g2.com\/products\/talkpal-for-business\/","https:\/\/www.trustpilot.com\/review\/talkpal.ai","https:\/\/www.capterra.com\/p\/10006800\/TalkPal\/"],"description":"Talkpal is a language learning web and mobile education app, powered by the latest AI technologies, that provides engaging experiences to its customers in many different languages to help them improve their language skills. Users can chat about unlimited amount of topics with the app and use other modes to practice their language learning.","email":"support@talkpal.ai","legalName":"Talkpal, Inc.","foundingDate":"2023-04-03","duns":"118989042","numberOfEmployees":{"@type":"QuantitativeValue","minValue":"11","maxValue":"50"},"publishingPrinciples":"https:\/\/talkpal.ai\/publishing-principles\/","actionableFeedbackPolicy":"https:\/\/talkpal.ai\/actionable-feedback-policy\/","correctionsPolicy":"https:\/\/talkpal.ai\/corrections-policy\/","ethicsPolicy":"https:\/\/talkpal.ai\/ethics-policy\/","diversityPolicy":"https:\/\/talkpal.ai\/diversity-policy\/","diversityStaffingReport":"https:\/\/talkpal.ai\/diversity-policy\/"}]}},"_links":{"self":[{"href":"https:\/\/talkpal.ai\/sl\/wp-json\/wp\/v2\/pages\/147871","targetHints":{"allow":["GET"]}}],"collection":[{"href":"https:\/\/talkpal.ai\/sl\/wp-json\/wp\/v2\/pages"}],"about":[{"href":"https:\/\/talkpal.ai\/sl\/wp-json\/wp\/v2\/types\/page"}],"author":[{"embeddable":true,"href":"https:\/\/talkpal.ai\/sl\/wp-json\/wp\/v2\/users\/1"}],"replies":[{"embeddable":true,"href":"https:\/\/talkpal.ai\/sl\/wp-json\/wp\/v2\/comments?post=147871"}],"version-history":[{"count":0,"href":"https:\/\/talkpal.ai\/sl\/wp-json\/wp\/v2\/pages\/147871\/revisions"}],"wp:featuredmedia":[{"embeddable":true,"href":"https:\/\/talkpal.ai\/sl\/wp-json\/wp\/v2\/media\/116723"}],"wp:attachment":[{"href":"https:\/\/talkpal.ai\/sl\/wp-json\/wp\/v2\/media?parent=147871"}],"curies":[{"name":"wp","href":"https:\/\/api.w.org\/{rel}","templated":true}]}}