{"id":1478405,"date":"2025-11-11T15:33:17","date_gmt":"2025-11-11T15:33:17","guid":{"rendered":"https:\/\/talkpal.ai\/baskovska-slovnica\/"},"modified":"2025-12-30T15:32:20","modified_gmt":"2025-12-30T15:32:20","slug":"baskovska-slovnica","status":"publish","type":"page","link":"https:\/\/talkpal.ai\/sl\/baskovska-slovnica\/","title":{"rendered":"Baskovska slovnica"},"content":{"rendered":"\r\n\r\n\r\n<section class=\"languageChallengeSection\">\r\n    <div class=\"languageInfoWrapper\">\r\n        \r\n        <h1>Baskovska slovnica<\/h1>\r\n        <p>Baskovska <a href=\"https:\/\/talkpal.ai\/grammar\/\">slovnica<\/a> se sprva morda zdi zahtevna, vendar je zaradi njenih edinstvenih lastnosti u\u010denje jezika koristna izku\u0161nja. Z raziskovanjem abecede, mutacij in slovni\u010dnih pravil boste dobili vpogled v bogato jezikovno tradicijo. Za\u010dnite svoje potovanje in odkrijte lepote Baskije!<\/p>\r\n\r\n                            <a class=\"getStartedHidden\" href=\"https:\/\/app.talkpal.ai\/sl\/signup?lng=\">Za\u010dni<\/a>\r\n        \r\n    <\/div>\r\n\r\n    <figure>\r\n    <img decoding=\"async\" width=\"768\" height=\"768\" src=\"https:\/\/talkpal.ai\/wp-content\/uploads\/2023\/06\/welsh-768x768.png\" class=\"languageImage no-lazy\" alt=\"Language learning for better cognitive abilities\" fetchpriority=\"high\" sizes=\"(max-width: 768px) 150px, 768px\" srcset=\"https:\/\/talkpal.ai\/wp-content\/uploads\/2023\/06\/welsh-768x768.png 768w, https:\/\/talkpal.ai\/wp-content\/uploads\/2023\/06\/welsh-300x300.png 300w\" \/>\r\n    \r\n\r\n    <\/figure>\r\n\r\n            <a class=\"getStartedVisible\" href=\"https:\/\/app.talkpal.ai\/sl\/signup?lng=\">Za\u010dni<\/a>\r\n    \r\n<\/section><section class=\"promotionalBanner\">\r\n    <p class=\"promotionalText\">Naju\u010dinkovitej\u0161i na\u010din u\u010denja jezika<\/p>\r\n    <a class=\"promotionalLink\" href=\"https:\/\/app.talkpal.ai\/sl\/signup?lng=\">Preizkusite Talkpal brezpla\u010dno<\/a>\r\n<\/section>\n<div class=\"wp-block-group pageContainerStyle\"><div class=\"wp-block-group__inner-container is-layout-constrained wp-block-group-is-layout-constrained\">\n<h2 class=\"wp-block-heading\" id=\"h-navigating-the-intricacies-of-basque-grammar\">Krmarjenje po zapletenosti baskovske slovnice<\/h2>\n\n\n\n<p><a href=\"https:\/\/talkpal.ai\/sl\/naucite-se-baskovscine\/\">Baskov\u0161\u010dina<\/a>, jezikovni izolat z bogato zgodovino in kulturnim pomenom, ponuja vznemirljivo jezikovno izku\u0161njo za tiste, ki \u017eelijo raziskati njen edinstven slovni\u010dni sistem. Ko se odpravite v baskovsko kraljestvo, ne boste le obogatili svojega jezikovnega repertoarja, temve\u010d tudi sprejeli fascinantno kulturno potovanje. Medtem ko se baskovska slovnica na prvi pogled zdi zapletena, je u\u010denje jezika bolj dostopno, \u010de jo raz\u010dlenimo na osnovne komponente. V tem \u010dlanku bomo raziskali o\u010darljiv svet baskovske slovnice in podali nasvete, kako obvladati njeno zapletenost.<\/p>\n\n\n\n<h3 class=\"wp-block-heading\" id=\"h-1-basque-alphabet-and-phonetics\">1. Baskovska abeceda in fonetika<\/h3>\n\n\n\n<p>Baskovska abeceda v standardni baskov\u0161\u010dini je sestavljena iz 27 \u010drk. Posebnosti vklju\u010dujejo digrafe &#8220;tx&#8221;, &#8220;tz&#8221; in &#8220;ts&#8221;, ki predstavljajo edinstvene zvoke, \u010drko &#8220;x&#8221;, ki se izgovarja kot angle\u0161ki &#8220;sh&#8221;, in kontrast med enojnim &#8220;r&#8221; in dvojnim &#8220;rr&#8221;. Nekatere \u010drke, kot so \u00bbc\u00ab, \u00bbq\u00ab, \u00bbv\u00ab, \u00bbw\u00ab in \u00bby\u00ab, se pojavljajo predvsem v izposojenicah. \u010ce se \u017eelite nau\u010diti baskovske slovnice, je klju\u010dnega pomena, da se seznanite s tem sistemom pisanja z branjem in pisanjem v baskov\u0161\u010dini.<\/p>\n\n\n\n<h3 class=\"wp-block-heading\" id=\"h-2-case-suffixes-and-ergativity-a-core-basque-feature\">2. Pripone in ergativnost: jedro baskovske zna\u010dilnosti<\/h3>\n\n\n\n<p>Eden najbolj presenetljivih vidikov baskovske slovnice je njena ergativno-absolutna poravnava in bogat sistem pripon primerov. Samostalniki in polni samostalni\u0161ki stavki imajo kon\u010dnice, ki ozna\u010dujejo njihovo vlogo v stavku, kot so absolutiv (pogosto ni\u010d ali -a\/-ak z dolo\u010dnim \u010dlenom), ergativ (-k ali -ek), dativ (-ri ali -ei), genitiv (-ren), inessiv (-n), alativ (-ra), ablativ (-tik), instrumental (-z) in komitativ (-ekin). Razumevanje, kdaj in kako se uporabljajo ti kon\u010dnice in da se ve\u017eejo na zadnjo besedo samostalni\u0161ke fraze, je klju\u010dnega pomena za natan\u010dno komunikacijo v baskov\u0161\u010dini.<\/p>\n\n\n\n<h3 class=\"wp-block-heading\" id=\"h-3-nouns-and-pronouns-gender-and-cases\">3. Samostalniki in zaimki: spol in primeri<\/h3>\n\n\n\n<p>Baskovski samostalniki nimajo slovni\u010dnega spola, kar poenostavlja soglasje, vendar vplivajo na obse\u017een sistem primerov in dolo\u010dnost. \u0160tevilo in dolo\u010dnost sta obi\u010dajno izra\u017eena s priponami \u010dlenov -a (dolo\u010dna ednina) in -ak (dolo\u010dna mno\u017eina ali ergativna ednina). Zaimki v baskov\u0161\u010dini vklju\u010dujejo osebne (ni, hi, zu, zuek, gu, bera, haiek), posesivne (nire, zure, bere, gure, zuen, haien), refleksivne (bere burua), demonstrativne (hau, hori, hura) in vpra\u0161alne (nor, zer, zein) zaimke. Spoznavanje teh zaimkov in njihovih oblik v primerih bo znatno izbolj\u0161alo va\u0161e razumevanje baskovske slovnice.<\/p>\n\n\n\n<h3 class=\"wp-block-heading\" id=\"h-4-verbs-structure-and-conjugation\">4. Glagoli: struktura in konjugacija<\/h3>\n\n\n\n<p>Baskovski glagoli se mo\u010dno zana\u0161ajo na pomo\u017ene glagole in ka\u017eejo strinjanje s subjektom in pogosto z neposrednimi in posrednimi predmeti. \u0160tevilni \u010dasi so perifrasti\u010dni, zgrajeni z <a href=\"https:\/\/talkpal.ai\/sv\/grammar\/participform-i-katalansk-grammatik\/\">participi<\/a> in pomo\u017enima besediloma izan in edun, medtem ko ima omejen nabor glagolov tudi sinteti\u010dne oblike. Bistveni \u010dasi v baskov\u0161\u010dini so sedanjost, preteklost in prihodnost, z dodatnimi elementi, kot so pogojna in imperativna razpolo\u017eenja. U\u010denje, kako deluje pomo\u017ena selekcija, skupaj z osnovnimi vzorci konjugacije, bo izbolj\u0161alo va\u0161o sposobnost u\u010dinkovite komunikacije v baskov\u0161\u010dini.<\/p>\n\n\n\n<h3 class=\"wp-block-heading\" id=\"h-5-adjectives-agreement-and-placement\">5. Pridevniki: dogovor in namestitev<\/h3>\n\n\n\n<p>V baskovski slovnici pridevniki obi\u010dajno sledijo samostalniku, ki ga spreminjajo. Pridevniki se sami po sebi ne spreminjajo za \u0161tevilo ali spol, vendar se dolo\u010dilec in pripona primera za celotno samostalni\u0161ko frazo pojavita na zadnjem elementu, pogosto pridevniku. Primerjalni in prese\u017eni elementi se obi\u010dajno tvorijo z -ago in -en ali -ena, ki so bistvenega pomena za u\u010denje bolj naravnega komuniciranja.<\/p>\n\n\n\n<p><strong>Primeri:<\/strong><\/p>\n\n\n\n<p><strong>\u2013 Ume Txikiak (Majhni otroci)<\/strong><\/p>\n\n\n\n<p><strong>\u2013 Maitasun Handi (Velika ljubezen)<\/strong><\/p>\n\n\n\n<h3 class=\"wp-block-heading\" id=\"h-6-engaging-with-the-language\">6. Sodelovanje z jezikom<\/h3>\n\n\n\n<p>Naju\u010dinkovitej\u0161i na\u010din za popolno razumevanje in internalizacijo baskovske slovnice je dosledno sodelovanje z jezikom. Z branjem baskovske literature, gledanjem baskovskih filmov ali televizijskih serij, poslu\u0161anjem baskovskega radia in aktivnim komuniciranjem z doma\u010dimi govorci boste okrepili svoje razumevanje slovnice in raz\u0161irili svoj besednjak.<\/p>\n\n\n\n<h3 class=\"wp-block-heading\" id=\"h-conclusion\">Zaklju\u010dek<\/h3>\n\n\n\n<p>\u010ceprav se baskovska slovnica morda zdi zapletena, lahko postanete spretni v tem \u010dudovitem jeziku s predanostjo, prakso in navdu\u0161enjem. Z osredoto\u010danjem na temeljna pravila in vklju\u010devanjem v jezik v razli\u010dnih kontekstih boste hitro izbolj\u0161ali <a href=\"https:\/\/talkpal.ai\/sl\/gramatika\/\">svoje baskovske slovni\u010dne spretnosti<\/a>. Zorte na (vso sre\u010do) na svojem baskovskem jezikovnem potovanju in u\u017eivajte v razkrivanju skrivnostnega, a o\u010darljivega sveta baskovske slovnice!<\/p>\n<\/div><\/div>\n\r\n<section class=\"learnNavigationSection\">\r\n            \r\n        <a href=\"https:\/\/talkpal.ai\/sl\/naucite-se-baskovscine\/\">\r\n            <div class=\"learnNavigationWrapper\">\r\n                <div class=\"learnNavigationContent\">\r\n                    <img decoding=\"async\" src=\"https:\/\/talkpal.ai\/wp-content\/uploads\/2025\/11\/Basque.png\" alt=\"Basque Flag\">\r\n                    <div>\r\n                        <h4>O baskovskem u\u010denju<\/h4>\r\n                        <p>Izvedite vse o baskovski slovnici.<\/p>\r\n                    <\/div>\r\n                <\/div>\r\n            <\/div>\r\n        <\/a>\r\n\r\n        \r\n        <a href=\"https:\/\/talkpal.ai\/sl\/baskovske-slovnicne-vaje\/\">\r\n            <div class=\"learnNavigationWrapper\">\r\n                <div class=\"learnNavigationContent\">\r\n                    <img decoding=\"async\" src=\"https:\/\/talkpal.ai\/wp-content\/uploads\/2025\/11\/Basque.png\" alt=\"Basque Flag\">\r\n                    <div>\r\n                        <h4>Baskovska slovni\u010dna vaja<\/h4>\r\n                        <p>Vadite baskovsko slovnico.<\/p>\r\n                    <\/div>\r\n                <\/div>\r\n            <\/div>\r\n        <\/a>\r\n\r\n            <\/section>\n<p><\/p>\n","protected":false},"excerpt":{"rendered":"<p>Krmarjenje po zapletenosti baskovske slovnice Baskov\u0161\u010dina, jezikovni izolat z bogato zgodovino in kulturnim pomenom, ponuja vznemirljivo jezikovno izku\u0161njo za tiste, ki \u017eelijo raziskati njen edinstven slovni\u010dni sistem. Ko se odpravite v baskovsko kraljestvo, ne boste le obogatili svojega jezikovnega repertoarja, temve\u010d tudi sprejeli fascinantno kulturno potovanje. Medtem ko se baskovska slovnica na prvi pogled zdi [&hellip;]<\/p>\n","protected":false},"author":20,"featured_media":0,"parent":0,"menu_order":0,"comment_status":"closed","ping_status":"closed","template":"LearningContentPage.php","meta":{"_acf_changed":false,"footnotes":""},"class_list":["post-1478405","page","type-page","status-publish","hentry"],"acf":[],"yoast_head":"<!-- This site is optimized with the Yoast SEO Premium plugin v27.2 (Yoast SEO v27.2) - https:\/\/yoast.com\/product\/yoast-seo-premium-wordpress\/ -->\n<title>Baskovska slovnica - Talkpal<\/title>\n<meta name=\"description\" content=\"Osvojite baskovsko slovnico s tem priro\u010dnikom, ki zajema abecedo, fonetiko, priponske sklope in pravila glagolske sklanjatve.\" \/>\n<meta name=\"robots\" content=\"index, follow, max-snippet:-1, max-image-preview:large, max-video-preview:-1\" \/>\n<link rel=\"canonical\" href=\"https:\/\/talkpal.ai\/sl\/baskovska-slovnica\/\" \/>\n<meta property=\"og:locale\" content=\"sl_SI\" \/>\n<meta property=\"og:type\" content=\"article\" \/>\n<meta property=\"og:title\" content=\"Baskovska slovnica\" \/>\n<meta property=\"og:description\" content=\"Krmarjenje po zapletenosti baskovske slovnice Baskov\u0161\u010dina, jezikovni izolat z bogato zgodovino in kulturnim pomenom, ponuja vznemirljivo jezikovno\" \/>\n<meta property=\"og:url\" content=\"https:\/\/talkpal.ai\/sl\/baskovska-slovnica\/\" \/>\n<meta property=\"og:site_name\" content=\"Talkpal\" \/>\n<meta property=\"article:publisher\" content=\"https:\/\/www.facebook.com\/profile.php?id=100090733639311\" \/>\n<meta property=\"article:modified_time\" content=\"2025-12-30T15:32:20+00:00\" \/>\n<meta property=\"og:image\" content=\"https:\/\/talkpal.ai\/wp-content\/uploads\/2025\/02\/Progress-tab-16_9.png\" \/>\n\t<meta property=\"og:image:width\" content=\"2880\" \/>\n\t<meta property=\"og:image:height\" content=\"1620\" \/>\n\t<meta property=\"og:image:type\" content=\"image\/png\" \/>\n<meta name=\"twitter:card\" content=\"summary_large_image\" \/>\n<meta name=\"twitter:site\" content=\"@talkpalai\" \/>\n<meta name=\"twitter:label1\" content=\"Est. reading time\" \/>\n\t<meta name=\"twitter:data1\" content=\"3 minute\" \/>\n<script type=\"application\/ld+json\" class=\"yoast-schema-graph\">{\"@context\":\"https:\/\/schema.org\",\"@graph\":[{\"@type\":\"WebPage\",\"@id\":\"https:\/\/talkpal.ai\/sl\/baskovska-slovnica\/\",\"url\":\"https:\/\/talkpal.ai\/sl\/baskovska-slovnica\/\",\"name\":\"Baskovska slovnica - Talkpal\",\"isPartOf\":{\"@id\":\"https:\/\/talkpal.ai\/sl\/#website\"},\"datePublished\":\"2025-11-11T15:33:17+00:00\",\"dateModified\":\"2025-12-30T15:32:20+00:00\",\"description\":\"Osvojite baskovsko slovnico s tem priro\u010dnikom, ki zajema abecedo, fonetiko, priponske sklope in pravila glagolske sklanjatve.\",\"breadcrumb\":{\"@id\":\"https:\/\/talkpal.ai\/sl\/baskovska-slovnica\/#breadcrumb\"},\"inLanguage\":\"sl-SI\",\"potentialAction\":[{\"@type\":\"ReadAction\",\"target\":[\"https:\/\/talkpal.ai\/sl\/baskovska-slovnica\/\"]}]},{\"@type\":\"BreadcrumbList\",\"@id\":\"https:\/\/talkpal.ai\/sl\/baskovska-slovnica\/#breadcrumb\",\"itemListElement\":[{\"@type\":\"ListItem\",\"position\":1,\"name\":\"Homepage\",\"item\":\"https:\/\/talkpal.ai\/sl\/\"},{\"@type\":\"ListItem\",\"position\":2,\"name\":\"Baskovska slovnica\"}]},{\"@type\":\"WebSite\",\"@id\":\"https:\/\/talkpal.ai\/sl\/#website\",\"url\":\"https:\/\/talkpal.ai\/sl\/\",\"name\":\"Talkpal\",\"description\":\"AI Language Learning\",\"publisher\":{\"@id\":\"https:\/\/talkpal.ai\/sl\/#organization\"},\"alternateName\":\"Talkpal AI\",\"potentialAction\":[{\"@type\":\"SearchAction\",\"target\":{\"@type\":\"EntryPoint\",\"urlTemplate\":\"https:\/\/talkpal.ai\/sl\/?s={search_term_string}\"},\"query-input\":{\"@type\":\"PropertyValueSpecification\",\"valueRequired\":true,\"valueName\":\"search_term_string\"}}],\"inLanguage\":\"sl-SI\"},{\"@type\":\"Organization\",\"@id\":\"https:\/\/talkpal.ai\/sl\/#organization\",\"name\":\"Talkpal, Inc.\",\"alternateName\":\"Talkpal AI\",\"url\":\"https:\/\/talkpal.ai\/sl\/\",\"logo\":{\"@type\":\"ImageObject\",\"inLanguage\":\"sl-SI\",\"@id\":\"https:\/\/talkpal.ai\/sl\/#\/schema\/logo\/image\/\",\"url\":\"https:\/\/talkpal.ai\/wp-content\/uploads\/2024\/03\/Talkpal-Logo-Icon.png\",\"contentUrl\":\"https:\/\/talkpal.ai\/wp-content\/uploads\/2024\/03\/Talkpal-Logo-Icon.png\",\"width\":2880,\"height\":2880,\"caption\":\"Talkpal, Inc.\"},\"image\":{\"@id\":\"https:\/\/talkpal.ai\/sl\/#\/schema\/logo\/image\/\"},\"sameAs\":[\"https:\/\/www.facebook.com\/profile.php?id=100090733639311\",\"https:\/\/x.com\/talkpalai\",\"https:\/\/www.linkedin.com\/company\/talkpal\/\",\"https:\/\/www.youtube.com\/@TalkPal\/\",\"https:\/\/www.tiktok.com\/@talkpal\",\"https:\/\/www.instagram.com\/talkpal_ai\/\",\"https:\/\/www.crunchbase.com\/organization\/talkpal-9cde\",\"https:\/\/www.g2.com\/products\/talkpal-for-business\/\",\"https:\/\/www.trustpilot.com\/review\/talkpal.ai\",\"https:\/\/www.capterra.com\/p\/10006800\/TalkPal\/\"],\"description\":\"Talkpal is a language learning web and mobile education app, powered by the latest AI technologies, that provides engaging experiences to its customers in many different languages to help them improve their language skills. Users can chat about unlimited amount of topics with the app and use other modes to practice their language learning.\",\"email\":\"support@talkpal.ai\",\"legalName\":\"Talkpal, Inc.\",\"foundingDate\":\"2023-04-03\",\"duns\":\"118989042\",\"numberOfEmployees\":{\"@type\":\"QuantitativeValue\",\"minValue\":\"11\",\"maxValue\":\"50\"},\"publishingPrinciples\":\"https:\/\/talkpal.ai\/publishing-principles\/\",\"actionableFeedbackPolicy\":\"https:\/\/talkpal.ai\/actionable-feedback-policy\/\",\"correctionsPolicy\":\"https:\/\/talkpal.ai\/corrections-policy\/\",\"ethicsPolicy\":\"https:\/\/talkpal.ai\/ethics-policy\/\",\"diversityPolicy\":\"https:\/\/talkpal.ai\/diversity-policy\/\",\"diversityStaffingReport\":\"https:\/\/talkpal.ai\/diversity-policy\/\"}]}<\/script>\n<!-- \/ Yoast SEO Premium plugin. -->","yoast_head_json":{"title":"Baskovska slovnica - Talkpal","description":"Osvojite baskovsko slovnico s tem priro\u010dnikom, ki zajema abecedo, fonetiko, priponske sklope in pravila glagolske sklanjatve.","robots":{"index":"index","follow":"follow","max-snippet":"max-snippet:-1","max-image-preview":"max-image-preview:large","max-video-preview":"max-video-preview:-1"},"canonical":"https:\/\/talkpal.ai\/sl\/baskovska-slovnica\/","og_locale":"sl_SI","og_type":"article","og_title":"Baskovska slovnica","og_description":"Krmarjenje po zapletenosti baskovske slovnice Baskov\u0161\u010dina, jezikovni izolat z bogato zgodovino in kulturnim pomenom, ponuja vznemirljivo jezikovno","og_url":"https:\/\/talkpal.ai\/sl\/baskovska-slovnica\/","og_site_name":"Talkpal","article_publisher":"https:\/\/www.facebook.com\/profile.php?id=100090733639311","article_modified_time":"2025-12-30T15:32:20+00:00","og_image":[{"width":2880,"height":1620,"url":"https:\/\/talkpal.ai\/wp-content\/uploads\/2025\/02\/Progress-tab-16_9.png","type":"image\/png"}],"twitter_card":"summary_large_image","twitter_site":"@talkpalai","twitter_misc":{"Est. reading time":"3 minute"},"schema":{"@context":"https:\/\/schema.org","@graph":[{"@type":"WebPage","@id":"https:\/\/talkpal.ai\/sl\/baskovska-slovnica\/","url":"https:\/\/talkpal.ai\/sl\/baskovska-slovnica\/","name":"Baskovska slovnica - Talkpal","isPartOf":{"@id":"https:\/\/talkpal.ai\/sl\/#website"},"datePublished":"2025-11-11T15:33:17+00:00","dateModified":"2025-12-30T15:32:20+00:00","description":"Osvojite baskovsko slovnico s tem priro\u010dnikom, ki zajema abecedo, fonetiko, priponske sklope in pravila glagolske sklanjatve.","breadcrumb":{"@id":"https:\/\/talkpal.ai\/sl\/baskovska-slovnica\/#breadcrumb"},"inLanguage":"sl-SI","potentialAction":[{"@type":"ReadAction","target":["https:\/\/talkpal.ai\/sl\/baskovska-slovnica\/"]}]},{"@type":"BreadcrumbList","@id":"https:\/\/talkpal.ai\/sl\/baskovska-slovnica\/#breadcrumb","itemListElement":[{"@type":"ListItem","position":1,"name":"Homepage","item":"https:\/\/talkpal.ai\/sl\/"},{"@type":"ListItem","position":2,"name":"Baskovska slovnica"}]},{"@type":"WebSite","@id":"https:\/\/talkpal.ai\/sl\/#website","url":"https:\/\/talkpal.ai\/sl\/","name":"Talkpal","description":"AI Language Learning","publisher":{"@id":"https:\/\/talkpal.ai\/sl\/#organization"},"alternateName":"Talkpal AI","potentialAction":[{"@type":"SearchAction","target":{"@type":"EntryPoint","urlTemplate":"https:\/\/talkpal.ai\/sl\/?s={search_term_string}"},"query-input":{"@type":"PropertyValueSpecification","valueRequired":true,"valueName":"search_term_string"}}],"inLanguage":"sl-SI"},{"@type":"Organization","@id":"https:\/\/talkpal.ai\/sl\/#organization","name":"Talkpal, Inc.","alternateName":"Talkpal AI","url":"https:\/\/talkpal.ai\/sl\/","logo":{"@type":"ImageObject","inLanguage":"sl-SI","@id":"https:\/\/talkpal.ai\/sl\/#\/schema\/logo\/image\/","url":"https:\/\/talkpal.ai\/wp-content\/uploads\/2024\/03\/Talkpal-Logo-Icon.png","contentUrl":"https:\/\/talkpal.ai\/wp-content\/uploads\/2024\/03\/Talkpal-Logo-Icon.png","width":2880,"height":2880,"caption":"Talkpal, Inc."},"image":{"@id":"https:\/\/talkpal.ai\/sl\/#\/schema\/logo\/image\/"},"sameAs":["https:\/\/www.facebook.com\/profile.php?id=100090733639311","https:\/\/x.com\/talkpalai","https:\/\/www.linkedin.com\/company\/talkpal\/","https:\/\/www.youtube.com\/@TalkPal\/","https:\/\/www.tiktok.com\/@talkpal","https:\/\/www.instagram.com\/talkpal_ai\/","https:\/\/www.crunchbase.com\/organization\/talkpal-9cde","https:\/\/www.g2.com\/products\/talkpal-for-business\/","https:\/\/www.trustpilot.com\/review\/talkpal.ai","https:\/\/www.capterra.com\/p\/10006800\/TalkPal\/"],"description":"Talkpal is a language learning web and mobile education app, powered by the latest AI technologies, that provides engaging experiences to its customers in many different languages to help them improve their language skills. Users can chat about unlimited amount of topics with the app and use other modes to practice their language learning.","email":"support@talkpal.ai","legalName":"Talkpal, Inc.","foundingDate":"2023-04-03","duns":"118989042","numberOfEmployees":{"@type":"QuantitativeValue","minValue":"11","maxValue":"50"},"publishingPrinciples":"https:\/\/talkpal.ai\/publishing-principles\/","actionableFeedbackPolicy":"https:\/\/talkpal.ai\/actionable-feedback-policy\/","correctionsPolicy":"https:\/\/talkpal.ai\/corrections-policy\/","ethicsPolicy":"https:\/\/talkpal.ai\/ethics-policy\/","diversityPolicy":"https:\/\/talkpal.ai\/diversity-policy\/","diversityStaffingReport":"https:\/\/talkpal.ai\/diversity-policy\/"}]}},"_links":{"self":[{"href":"https:\/\/talkpal.ai\/sl\/wp-json\/wp\/v2\/pages\/1478405","targetHints":{"allow":["GET"]}}],"collection":[{"href":"https:\/\/talkpal.ai\/sl\/wp-json\/wp\/v2\/pages"}],"about":[{"href":"https:\/\/talkpal.ai\/sl\/wp-json\/wp\/v2\/types\/page"}],"author":[{"embeddable":true,"href":"https:\/\/talkpal.ai\/sl\/wp-json\/wp\/v2\/users\/20"}],"replies":[{"embeddable":true,"href":"https:\/\/talkpal.ai\/sl\/wp-json\/wp\/v2\/comments?post=1478405"}],"version-history":[{"count":0,"href":"https:\/\/talkpal.ai\/sl\/wp-json\/wp\/v2\/pages\/1478405\/revisions"}],"wp:attachment":[{"href":"https:\/\/talkpal.ai\/sl\/wp-json\/wp\/v2\/media?parent=1478405"}],"curies":[{"name":"wp","href":"https:\/\/api.w.org\/{rel}","templated":true}]}}