{"id":1478337,"date":"2025-11-11T15:06:39","date_gmt":"2025-11-11T15:06:39","guid":{"rendered":"https:\/\/talkpal.ai\/asamska-slovnica\/"},"modified":"2025-12-30T15:41:12","modified_gmt":"2025-12-30T15:41:12","slug":"asamska-slovnica","status":"publish","type":"page","link":"https:\/\/talkpal.ai\/sl\/asamska-slovnica\/","title":{"rendered":"Asamska slovnica"},"content":{"rendered":"\r\n\r\n\r\n<section class=\"languageChallengeSection\">\r\n    <div class=\"languageInfoWrapper\">\r\n        \r\n        <h1>Asamska slovnica<\/h1>\r\n        <p><a href=\"https:\/\/talkpal.ai\/assamese-grammar\/\">Asamska slovnica<\/a> se sprva morda zdi zahtevna, vendar je zaradi njenih edinstvenih lastnosti u\u010denje jezika koristna izku\u0161nja. Z raziskovanjem abecede, mutacij in slovni\u010dnih pravil boste dobili vpogled v bogato jezikovno tradicijo. Za\u010dnite svoje potovanje in odkrijte lepote Asam\u0161\u010dine!<\/p>\r\n\r\n                            <a class=\"getStartedHidden\" href=\"https:\/\/app.talkpal.ai\/sl\/signup?lng=\">Za\u010dni<\/a>\r\n        \r\n    <\/div>\r\n\r\n    <figure>\r\n    <img decoding=\"async\" width=\"768\" height=\"768\" src=\"https:\/\/talkpal.ai\/wp-content\/uploads\/2023\/06\/welsh-768x768.png\" class=\"languageImage no-lazy\" alt=\"Language learning for better cognitive abilities\" fetchpriority=\"high\" sizes=\"(max-width: 768px) 150px, 768px\" srcset=\"https:\/\/talkpal.ai\/wp-content\/uploads\/2023\/06\/welsh-768x768.png 768w, https:\/\/talkpal.ai\/wp-content\/uploads\/2023\/06\/welsh-300x300.png 300w\" \/>\r\n    \r\n\r\n    <\/figure>\r\n\r\n            <a class=\"getStartedVisible\" href=\"https:\/\/app.talkpal.ai\/sl\/signup?lng=\">Za\u010dni<\/a>\r\n    \r\n<\/section><section class=\"promotionalBanner\">\r\n    <p class=\"promotionalText\">Naju\u010dinkovitej\u0161i na\u010din u\u010denja jezika<\/p>\r\n    <a class=\"promotionalLink\" href=\"https:\/\/app.talkpal.ai\/sl\/signup?lng=\">Preizkusite Talkpal brezpla\u010dno<\/a>\r\n<\/section>\n<div class=\"wp-block-group pageContainerStyle\"><div class=\"wp-block-group__inner-container is-layout-constrained wp-block-group-is-layout-constrained\">\n<h2 class=\"wp-block-heading\" id=\"h-navigating-the-intricacies-of-assamese-grammar\">Krmarjenje po zapletenosti asamske slovnice<\/h2>\n\n\n\n<p><a href=\"https:\/\/talkpal.ai\/sl\/naucite-se-asamski\/\">Asamski<\/a>, indoarijevski jezik z bogato zgodovino in kulturnim pomenom, ponuja vznemirljivo jezikovno izku\u0161njo za tiste, ki \u017eelijo raziskati njegov edinstven slovni\u010dni sistem. Ko se odpravite v kraljestvo asam\u0161\u010dine, ne boste le obogatili svojega jezikovnega repertoarja, temve\u010d boste sprejeli tudi fascinantno kulturno potovanje. Medtem ko se <a href=\"https:\/\/talkpal.ai\/assamese-grammar\/\">asamska slovnica<\/a> na prvi pogled zdi zapletena, je raz\u010dlenitev na osnovne komponente bolj dostopna pri u\u010denju jezika. V tem \u010dlanku bomo raziskali o\u010darljiv svet asamske slovnice in podali nasvete, kako obvladati njeno zapletenost.<\/p>\n\n\n\n<h3 class=\"wp-block-heading\" id=\"h-1-assamese-alphabet-and-phonetics\">1. Asamska abeceda in fonetika<\/h3>\n\n\n\n<p><a href=\"https:\/\/talkpal.ai\/learn-assamese\/\">Asamski<\/a> sistem pisave uporablja vzhodno pisavo Nagari in vklju\u010duje zna\u010dilne znake in zvo\u010dne vrednosti, kot sta \u09f0 ra in \u09f1 wa, pa tudi soglasni\u0161ke grozde in diakriti\u010dne znake samoglasnikov. \u010ce se \u017eelite nau\u010diti asamske slovnice, je klju\u010dnega pomena, da se seznanite s to pisavo in njeno fonetiko z vadbo branja in pisanja v asamskem jeziku.<\/p>\n\n\n\n<h3 class=\"wp-block-heading\" id=\"h-2-sandhi-and-sound-changes-a-peculiar-assamese-feature\">2. Sandhi in zvo\u010dne spremembe: nenavadna asamska zna\u010dilnost<\/h3>\n\n\n\n<p>Presenetljiv vidik asam\u0161\u010dine je vloga sandhi in fonolo\u0161kih sprememb, ki se pojavijo, ko se besede zdru\u017eijo ali ko se pritrdijo pripone. Naleteli boste na procese, kot so brisanje schwa v pogovornem govoru, drsenje med samoglasniki in izmeni\u010dne oblike ozna\u010devalcev in pripon, na primer -or ali -ar za genitiv in -ok ali -ak za akuzativ ali dativ. Razumevanje, kdaj in kako se te spremembe pojavijo, je klju\u010dnega pomena za natan\u010dno in naravno komunikacijo v asam\u0161\u010dini.<\/p>\n\n\n\n<h3 class=\"wp-block-heading\" id=\"h-3-nouns-and-pronouns-number-classifiers-and-cases\">3. Samostalniki in zaimki: \u0161tevilo, klasifikatorji in primeri<\/h3>\n\n\n\n<p>Asamski samostalniki nimajo slovni\u010dnega spola, vendar sta \u0161tevilo in dolo\u010dnost izra\u017eena z mno\u017einskimi ozna\u010devalci in klasifikatorji. Skupni ozna\u010devalci mno\u017eine vklju\u010dujejo -bor in -bilak, medtem ko so klasifikatorji, kot so -ta, -khon in -zoni, pogosti v samostalni\u0161kih stavkih s \u0161tevilkami ali dolo\u010dnostjo. Asam\u0161\u010dina uporablja postpozicije in ozna\u010devalce primerov, vklju\u010dno z genitiv -or ali -ar, akuzativom ali dativom -ok ali -ak, lokativom -at ali -ot, instrumentalom ali agentivom -e, ablativom -pora in komitativom logot. Zaimki vklju\u010dujejo osebne oblike, kot so moi I, toi ali tumi ali apuni u z razli\u010dnimi stopnjami doma\u010dnosti in vljudnosti, in se he ali ona, s mno\u017eino, kot sta <a href=\"https:\/\/talkpal.ai\/locations\/language-courses-in-ami\/\">ami<\/a> we in teolok they. Posesivne oblike so narejene z genitivom, kot so mur my, tomar ur, apunar your civile, tar his ali ona. Refleksivni nij in nijeke, demonstrativni eita to in seita <a href=\"https:\/\/talkpal.ai\/locations\/language-courses-in-ono\/\">ono<\/a>, in vpra\u0161anja, kot so kune who, ki what, kot where in ketiya, when so bistvenega pomena za u\u010denje.<\/p>\n\n\n\n<h3 class=\"wp-block-heading\" id=\"h-4-verbs-structure-and-conjugation\">4. Glagoli: struktura in konjugacija<\/h3>\n\n\n\n<p>Asamski glagoli so ozna\u010deni po \u010dasu, vidiku, razpolo\u017eenju in polarnosti, pogosto s pomo\u017enimi glagoli in ka\u017eejo omejeno soglasje. Bistveni \u010dasi so sedanji, pretekli in prihodnji, poleg vidikov, kot sta progresivni in popolni. Negacija obi\u010dajno uporablja na pred glagolom ali pomo\u017enim, negativna eksistencialna pa je nai. Imperativi se razlikujejo glede na stopnjo vljudnosti, na primer kor do, kora ali korun polite. U\u010denje osnovnih vzorcev konjugacije in kako pomo\u017eni izrazi bodo mo\u010dno izbolj\u0161ali va\u0161o sposobnost u\u010dinkovitega komuniciranja v asamskem jeziku.<\/p>\n\n\n\n<h3 class=\"wp-block-heading\" id=\"h-5-adjectives-agreement-and-placement\">5. Pridevniki: dogovor in namestitev<\/h3>\n\n\n\n<p>n Asamska <a href=\"https:\/\/talkpal.ai\/grammar\/\">slovnica<\/a>, pridevniki so obi\u010dajno pred samostalnikom, ki ga spreminjajo, in se ne ujemajo v spolu ali \u0161tevilu s samostalnikom. Stopnje primerjave se obi\u010dajno oblikujejo s prislovi in perifrasti\u010dnimi konstrukcijami, na primer z uporabo besi za ve\u010d in zelo ozna\u010devalcev za poudarek. U\u010denje skupnih vzorcev vam bo pomagalo zveneti naravno v vsakdanjem govoru.  <\/p>\n\n\n\n<p><strong>Primeri:<\/strong><\/p>\n\n\n\n<p><strong>&#8211; Dangor Morom (Velika ljubezen)<\/strong><\/p>\n\n\n\n<p><strong>\u2013 Xoru Sishu-Bilak (majhni otroci)<\/strong><\/p>\n\n\n\n<h3 class=\"wp-block-heading\" id=\"h-6-engaging-with-the-language\">6. Sodelovanje z jezikom<\/h3>\n\n\n\n<p>Naju\u010dinkovitej\u0161i na\u010din za popolno razumevanje in internalizacijo asamske slovnice je dosledno sodelovanje z jezikom. Z branjem asamske literature, gledanjem asamskih filmov ali televizijskih serij, poslu\u0161anjem asamskih novic ali radia in aktivnim komuniciranjem z doma\u010dimi govorci boste okrepili svoje razumevanje slovnice, hkrati pa raz\u0161irili svoj besednjak.<\/p>\n\n\n\n<h3 class=\"wp-block-heading\" id=\"h-conclusion\">Zaklju\u010dek<\/h3>\n\n\n\n<p>\u010ceprav se asamska slovnica morda zdi zapletena, lahko postanete spretni v tem \u010dudovitem jeziku s predanostjo, prakso in navdu\u0161enjem. Z osredoto\u010danjem na temeljna pravila in vklju\u010devanjem v jezik v razli\u010dnih kontekstih boste hitro izbolj\u0161ali <a href=\"https:\/\/talkpal.ai\/sl\/gramatika\/\">svoje slovni\u010dne spretnosti<\/a>. Xubheccha (vso sre\u010do) s svojim potovanjem v asamskem jeziku in u\u017eivajte v razkrivanju bogatega in o\u010darljivega sveta asamske slovnice!<\/p>\n<\/div><\/div>\n\r\n<section class=\"learnNavigationSection\">\r\n            \r\n        <a href=\"https:\/\/talkpal.ai\/sl\/naucite-se-asamski\/\">\r\n            <div class=\"learnNavigationWrapper\">\r\n                <div class=\"learnNavigationContent\">\r\n                    <img decoding=\"async\" src=\"https:\/\/talkpal.ai\/wp-content\/uploads\/2025\/11\/Assamese.png\" alt=\"Indian Simplified Flag\">\r\n                    <div>\r\n                        <h4>O u\u010denju asam\u0161\u010dine<\/h4>\r\n                        <p>Izvedite vse o asamski slovnici.<\/p>\r\n                    <\/div>\r\n                <\/div>\r\n            <\/div>\r\n        <\/a>\r\n\r\n        \r\n        <a href=\"https:\/\/talkpal.ai\/sl\/asamske-slovnicne-vaje\/\">\r\n            <div class=\"learnNavigationWrapper\">\r\n                <div class=\"learnNavigationContent\">\r\n                    <img decoding=\"async\" src=\"https:\/\/talkpal.ai\/wp-content\/uploads\/2025\/11\/Assamese.png\" alt=\"Indian Simplified Flag\">\r\n                    <div>\r\n                        <h4>Vaja iz asamske slovnice<\/h4>\r\n                        <p>Vadite asamsko slovnico.<\/p>\r\n                    <\/div>\r\n                <\/div>\r\n            <\/div>\r\n        <\/a>\r\n\r\n            <\/section>","protected":false},"excerpt":{"rendered":"<p>Krmarjenje po zapletenosti asamske slovnice Asamski, indoarijevski jezik z bogato zgodovino in kulturnim pomenom, ponuja vznemirljivo jezikovno izku\u0161njo za tiste, ki \u017eelijo raziskati njegov edinstven slovni\u010dni sistem. Ko se odpravite v kraljestvo asam\u0161\u010dine, ne boste le obogatili svojega jezikovnega repertoarja, temve\u010d boste sprejeli tudi fascinantno kulturno potovanje. Medtem ko se asamska slovnica na prvi pogled [&hellip;]<\/p>\n","protected":false},"author":20,"featured_media":0,"parent":0,"menu_order":0,"comment_status":"closed","ping_status":"closed","template":"LearningContentPage.php","meta":{"_acf_changed":false,"footnotes":""},"class_list":["post-1478337","page","type-page","status-publish","hentry"],"acf":[],"yoast_head":"<!-- This site is optimized with the Yoast SEO Premium plugin v27.2 (Yoast SEO v27.2) - https:\/\/yoast.com\/product\/yoast-seo-premium-wordpress\/ -->\n<title>Asamska slovnica - Talkpal<\/title>\n<meta name=\"description\" content=\"Osvojite zapletenost asamske slovnice s Talkpalovo umetno inteligenco, da pove\u010date svoje znanje in govorite popolnoma samozavestno \u0161e danes.\" \/>\n<meta name=\"robots\" content=\"index, follow, max-snippet:-1, max-image-preview:large, max-video-preview:-1\" \/>\n<link rel=\"canonical\" href=\"https:\/\/talkpal.ai\/sl\/asamska-slovnica\/\" \/>\n<meta property=\"og:locale\" content=\"sl_SI\" \/>\n<meta property=\"og:type\" content=\"article\" \/>\n<meta property=\"og:title\" content=\"Asamska slovnica\" \/>\n<meta property=\"og:description\" content=\"Krmarjenje po zapletenosti asamske slovnice Asamski, indoarijevski jezik z bogato zgodovino in kulturnim pomenom, ponuja vznemirljivo jezikovno izku\u0161njo\" \/>\n<meta property=\"og:url\" content=\"https:\/\/talkpal.ai\/sl\/asamska-slovnica\/\" \/>\n<meta property=\"og:site_name\" content=\"Talkpal\" \/>\n<meta property=\"article:publisher\" content=\"https:\/\/www.facebook.com\/profile.php?id=100090733639311\" \/>\n<meta property=\"article:modified_time\" content=\"2025-12-30T15:41:12+00:00\" \/>\n<meta property=\"og:image\" content=\"https:\/\/talkpal.ai\/wp-content\/uploads\/2025\/02\/Progress-tab-16_9.png\" \/>\n\t<meta property=\"og:image:width\" content=\"2880\" \/>\n\t<meta property=\"og:image:height\" content=\"1620\" \/>\n\t<meta property=\"og:image:type\" content=\"image\/png\" \/>\n<meta name=\"twitter:card\" content=\"summary_large_image\" \/>\n<meta name=\"twitter:site\" content=\"@talkpalai\" \/>\n<meta name=\"twitter:label1\" content=\"Est. reading time\" \/>\n\t<meta name=\"twitter:data1\" content=\"4 minute\" \/>\n<script type=\"application\/ld+json\" class=\"yoast-schema-graph\">{\"@context\":\"https:\/\/schema.org\",\"@graph\":[{\"@type\":\"WebPage\",\"@id\":\"https:\/\/talkpal.ai\/sl\/asamska-slovnica\/\",\"url\":\"https:\/\/talkpal.ai\/sl\/asamska-slovnica\/\",\"name\":\"Asamska slovnica - Talkpal\",\"isPartOf\":{\"@id\":\"https:\/\/talkpal.ai\/sl\/#website\"},\"datePublished\":\"2025-11-11T15:06:39+00:00\",\"dateModified\":\"2025-12-30T15:41:12+00:00\",\"description\":\"Osvojite zapletenost asamske slovnice s Talkpalovo umetno inteligenco, da pove\u010date svoje znanje in govorite popolnoma samozavestno \u0161e danes.\",\"breadcrumb\":{\"@id\":\"https:\/\/talkpal.ai\/sl\/asamska-slovnica\/#breadcrumb\"},\"inLanguage\":\"sl-SI\",\"potentialAction\":[{\"@type\":\"ReadAction\",\"target\":[\"https:\/\/talkpal.ai\/sl\/asamska-slovnica\/\"]}]},{\"@type\":\"BreadcrumbList\",\"@id\":\"https:\/\/talkpal.ai\/sl\/asamska-slovnica\/#breadcrumb\",\"itemListElement\":[{\"@type\":\"ListItem\",\"position\":1,\"name\":\"Homepage\",\"item\":\"https:\/\/talkpal.ai\/sl\/\"},{\"@type\":\"ListItem\",\"position\":2,\"name\":\"Asamska slovnica\"}]},{\"@type\":\"WebSite\",\"@id\":\"https:\/\/talkpal.ai\/sl\/#website\",\"url\":\"https:\/\/talkpal.ai\/sl\/\",\"name\":\"Talkpal\",\"description\":\"AI Language Learning\",\"publisher\":{\"@id\":\"https:\/\/talkpal.ai\/sl\/#organization\"},\"alternateName\":\"Talkpal AI\",\"potentialAction\":[{\"@type\":\"SearchAction\",\"target\":{\"@type\":\"EntryPoint\",\"urlTemplate\":\"https:\/\/talkpal.ai\/sl\/?s={search_term_string}\"},\"query-input\":{\"@type\":\"PropertyValueSpecification\",\"valueRequired\":true,\"valueName\":\"search_term_string\"}}],\"inLanguage\":\"sl-SI\"},{\"@type\":\"Organization\",\"@id\":\"https:\/\/talkpal.ai\/sl\/#organization\",\"name\":\"Talkpal, Inc.\",\"alternateName\":\"Talkpal AI\",\"url\":\"https:\/\/talkpal.ai\/sl\/\",\"logo\":{\"@type\":\"ImageObject\",\"inLanguage\":\"sl-SI\",\"@id\":\"https:\/\/talkpal.ai\/sl\/#\/schema\/logo\/image\/\",\"url\":\"https:\/\/talkpal.ai\/wp-content\/uploads\/2024\/03\/Talkpal-Logo-Icon.png\",\"contentUrl\":\"https:\/\/talkpal.ai\/wp-content\/uploads\/2024\/03\/Talkpal-Logo-Icon.png\",\"width\":2880,\"height\":2880,\"caption\":\"Talkpal, Inc.\"},\"image\":{\"@id\":\"https:\/\/talkpal.ai\/sl\/#\/schema\/logo\/image\/\"},\"sameAs\":[\"https:\/\/www.facebook.com\/profile.php?id=100090733639311\",\"https:\/\/x.com\/talkpalai\",\"https:\/\/www.linkedin.com\/company\/talkpal\/\",\"https:\/\/www.youtube.com\/@TalkPal\/\",\"https:\/\/www.tiktok.com\/@talkpal\",\"https:\/\/www.instagram.com\/talkpal_ai\/\",\"https:\/\/www.crunchbase.com\/organization\/talkpal-9cde\",\"https:\/\/www.g2.com\/products\/talkpal-for-business\/\",\"https:\/\/www.trustpilot.com\/review\/talkpal.ai\",\"https:\/\/www.capterra.com\/p\/10006800\/TalkPal\/\"],\"description\":\"Talkpal is a language learning web and mobile education app, powered by the latest AI technologies, that provides engaging experiences to its customers in many different languages to help them improve their language skills. Users can chat about unlimited amount of topics with the app and use other modes to practice their language learning.\",\"email\":\"support@talkpal.ai\",\"legalName\":\"Talkpal, Inc.\",\"foundingDate\":\"2023-04-03\",\"duns\":\"118989042\",\"numberOfEmployees\":{\"@type\":\"QuantitativeValue\",\"minValue\":\"11\",\"maxValue\":\"50\"},\"publishingPrinciples\":\"https:\/\/talkpal.ai\/publishing-principles\/\",\"actionableFeedbackPolicy\":\"https:\/\/talkpal.ai\/actionable-feedback-policy\/\",\"correctionsPolicy\":\"https:\/\/talkpal.ai\/corrections-policy\/\",\"ethicsPolicy\":\"https:\/\/talkpal.ai\/ethics-policy\/\",\"diversityPolicy\":\"https:\/\/talkpal.ai\/diversity-policy\/\",\"diversityStaffingReport\":\"https:\/\/talkpal.ai\/diversity-policy\/\"}]}<\/script>\n<!-- \/ Yoast SEO Premium plugin. -->","yoast_head_json":{"title":"Asamska slovnica - Talkpal","description":"Osvojite zapletenost asamske slovnice s Talkpalovo umetno inteligenco, da pove\u010date svoje znanje in govorite popolnoma samozavestno \u0161e danes.","robots":{"index":"index","follow":"follow","max-snippet":"max-snippet:-1","max-image-preview":"max-image-preview:large","max-video-preview":"max-video-preview:-1"},"canonical":"https:\/\/talkpal.ai\/sl\/asamska-slovnica\/","og_locale":"sl_SI","og_type":"article","og_title":"Asamska slovnica","og_description":"Krmarjenje po zapletenosti asamske slovnice Asamski, indoarijevski jezik z bogato zgodovino in kulturnim pomenom, ponuja vznemirljivo jezikovno izku\u0161njo","og_url":"https:\/\/talkpal.ai\/sl\/asamska-slovnica\/","og_site_name":"Talkpal","article_publisher":"https:\/\/www.facebook.com\/profile.php?id=100090733639311","article_modified_time":"2025-12-30T15:41:12+00:00","og_image":[{"width":2880,"height":1620,"url":"https:\/\/talkpal.ai\/wp-content\/uploads\/2025\/02\/Progress-tab-16_9.png","type":"image\/png"}],"twitter_card":"summary_large_image","twitter_site":"@talkpalai","twitter_misc":{"Est. reading time":"4 minute"},"schema":{"@context":"https:\/\/schema.org","@graph":[{"@type":"WebPage","@id":"https:\/\/talkpal.ai\/sl\/asamska-slovnica\/","url":"https:\/\/talkpal.ai\/sl\/asamska-slovnica\/","name":"Asamska slovnica - Talkpal","isPartOf":{"@id":"https:\/\/talkpal.ai\/sl\/#website"},"datePublished":"2025-11-11T15:06:39+00:00","dateModified":"2025-12-30T15:41:12+00:00","description":"Osvojite zapletenost asamske slovnice s Talkpalovo umetno inteligenco, da pove\u010date svoje znanje in govorite popolnoma samozavestno \u0161e danes.","breadcrumb":{"@id":"https:\/\/talkpal.ai\/sl\/asamska-slovnica\/#breadcrumb"},"inLanguage":"sl-SI","potentialAction":[{"@type":"ReadAction","target":["https:\/\/talkpal.ai\/sl\/asamska-slovnica\/"]}]},{"@type":"BreadcrumbList","@id":"https:\/\/talkpal.ai\/sl\/asamska-slovnica\/#breadcrumb","itemListElement":[{"@type":"ListItem","position":1,"name":"Homepage","item":"https:\/\/talkpal.ai\/sl\/"},{"@type":"ListItem","position":2,"name":"Asamska slovnica"}]},{"@type":"WebSite","@id":"https:\/\/talkpal.ai\/sl\/#website","url":"https:\/\/talkpal.ai\/sl\/","name":"Talkpal","description":"AI Language Learning","publisher":{"@id":"https:\/\/talkpal.ai\/sl\/#organization"},"alternateName":"Talkpal AI","potentialAction":[{"@type":"SearchAction","target":{"@type":"EntryPoint","urlTemplate":"https:\/\/talkpal.ai\/sl\/?s={search_term_string}"},"query-input":{"@type":"PropertyValueSpecification","valueRequired":true,"valueName":"search_term_string"}}],"inLanguage":"sl-SI"},{"@type":"Organization","@id":"https:\/\/talkpal.ai\/sl\/#organization","name":"Talkpal, Inc.","alternateName":"Talkpal AI","url":"https:\/\/talkpal.ai\/sl\/","logo":{"@type":"ImageObject","inLanguage":"sl-SI","@id":"https:\/\/talkpal.ai\/sl\/#\/schema\/logo\/image\/","url":"https:\/\/talkpal.ai\/wp-content\/uploads\/2024\/03\/Talkpal-Logo-Icon.png","contentUrl":"https:\/\/talkpal.ai\/wp-content\/uploads\/2024\/03\/Talkpal-Logo-Icon.png","width":2880,"height":2880,"caption":"Talkpal, Inc."},"image":{"@id":"https:\/\/talkpal.ai\/sl\/#\/schema\/logo\/image\/"},"sameAs":["https:\/\/www.facebook.com\/profile.php?id=100090733639311","https:\/\/x.com\/talkpalai","https:\/\/www.linkedin.com\/company\/talkpal\/","https:\/\/www.youtube.com\/@TalkPal\/","https:\/\/www.tiktok.com\/@talkpal","https:\/\/www.instagram.com\/talkpal_ai\/","https:\/\/www.crunchbase.com\/organization\/talkpal-9cde","https:\/\/www.g2.com\/products\/talkpal-for-business\/","https:\/\/www.trustpilot.com\/review\/talkpal.ai","https:\/\/www.capterra.com\/p\/10006800\/TalkPal\/"],"description":"Talkpal is a language learning web and mobile education app, powered by the latest AI technologies, that provides engaging experiences to its customers in many different languages to help them improve their language skills. Users can chat about unlimited amount of topics with the app and use other modes to practice their language learning.","email":"support@talkpal.ai","legalName":"Talkpal, Inc.","foundingDate":"2023-04-03","duns":"118989042","numberOfEmployees":{"@type":"QuantitativeValue","minValue":"11","maxValue":"50"},"publishingPrinciples":"https:\/\/talkpal.ai\/publishing-principles\/","actionableFeedbackPolicy":"https:\/\/talkpal.ai\/actionable-feedback-policy\/","correctionsPolicy":"https:\/\/talkpal.ai\/corrections-policy\/","ethicsPolicy":"https:\/\/talkpal.ai\/ethics-policy\/","diversityPolicy":"https:\/\/talkpal.ai\/diversity-policy\/","diversityStaffingReport":"https:\/\/talkpal.ai\/diversity-policy\/"}]}},"_links":{"self":[{"href":"https:\/\/talkpal.ai\/sl\/wp-json\/wp\/v2\/pages\/1478337","targetHints":{"allow":["GET"]}}],"collection":[{"href":"https:\/\/talkpal.ai\/sl\/wp-json\/wp\/v2\/pages"}],"about":[{"href":"https:\/\/talkpal.ai\/sl\/wp-json\/wp\/v2\/types\/page"}],"author":[{"embeddable":true,"href":"https:\/\/talkpal.ai\/sl\/wp-json\/wp\/v2\/users\/20"}],"replies":[{"embeddable":true,"href":"https:\/\/talkpal.ai\/sl\/wp-json\/wp\/v2\/comments?post=1478337"}],"version-history":[{"count":0,"href":"https:\/\/talkpal.ai\/sl\/wp-json\/wp\/v2\/pages\/1478337\/revisions"}],"wp:attachment":[{"href":"https:\/\/talkpal.ai\/sl\/wp-json\/wp\/v2\/media?parent=1478337"}],"curies":[{"name":"wp","href":"https:\/\/api.w.org\/{rel}","templated":true}]}}