{"id":1478281,"date":"2025-11-12T17:36:06","date_gmt":"2025-11-12T17:36:06","guid":{"rendered":"https:\/\/talkpal.ai\/slovnicne-vaje-zulu\/"},"modified":"2025-12-30T13:23:49","modified_gmt":"2025-12-30T13:23:49","slug":"slovnicne-vaje-zulu","status":"publish","type":"page","link":"https:\/\/talkpal.ai\/sl\/slovnicne-vaje-zulu\/","title":{"rendered":"Slovni\u010dne vaje Zulu"},"content":{"rendered":"\r\n\r\n\r\n<section class=\"languageChallengeSection\">\r\n    <div class=\"languageInfoWrapper\">\r\n        \r\n        <h1>Slovni\u010dne vaje Zulu<\/h1>\r\n        <p>Ste se pripravljeni potopiti v slovnico <a href=\"https:\/\/talkpal.ai\/learn-zulu\/\">Zulu<\/a>? \u010ce boste vadili nekaj osnov, se boste la\u017eje spoprijeli s tem edinstvenim in \u010dudovitim jezikom. Preizkusite te vaje, da okrepite svojo samozavest in se ob tem zabavate!<\/p>\r\n\r\n                            <a class=\"getStartedHidden\" href=\"https:\/\/app.talkpal.ai\/sl\/signup?lng=\">Za\u010dni<\/a>\r\n        \r\n    <\/div>\r\n\r\n    <figure>\r\n    <img decoding=\"async\" width=\"768\" height=\"768\" src=\"https:\/\/talkpal.ai\/wp-content\/uploads\/2023\/06\/welsh-768x768.png\" class=\"languageImage no-lazy\" alt=\"Language learning for better cognitive abilities\" fetchpriority=\"high\" sizes=\"(max-width: 768px) 150px, 768px\" srcset=\"https:\/\/talkpal.ai\/wp-content\/uploads\/2023\/06\/welsh-768x768.png 768w, https:\/\/talkpal.ai\/wp-content\/uploads\/2023\/06\/welsh-300x300.png 300w\" \/>\r\n    \r\n\r\n    <\/figure>\r\n\r\n            <a class=\"getStartedVisible\" href=\"https:\/\/app.talkpal.ai\/sl\/signup?lng=\">Za\u010dni<\/a>\r\n    \r\n<\/section><section class=\"promotionalBanner\">\r\n    <p class=\"promotionalText\">Naju\u010dinkovitej\u0161i na\u010din u\u010denja jezika<\/p>\r\n    <a class=\"promotionalLink\" href=\"https:\/\/app.talkpal.ai\/sl\/signup?lng=\">Preizkusite Talkpal brezpla\u010dno<\/a>\r\n<\/section>\n<div class=\"wp-block-group pageContainerStyle\"><div class=\"wp-block-group__inner-container is-layout-constrained wp-block-group-is-layout-constrained\">\n<h2 class=\"wp-block-heading\" id=\"h-zulu-grammar-topics\">Teme slovnice Zulu<\/h2>\n\n\n\n<p><a href=\"https:\/\/talkpal.ai\/sl\/najvecje-napake-ki-se-jim-je-treba-izogniti-pri-ucenju-novega-jezika\/\">U\u010denje novega jezika<\/a> je lahko zahtevno, a koristno prizadevanje. Zulu, bantujski jezik, ki se govori predvsem v Ju\u017eni Afriki, ni izjema. S svojimi edinstvenimi zna\u010dilnostmi in strukturami <a href=\"https:\/\/talkpal.ai\/sl\/talkpal-za-izobrazevanje\/\">u\u010denje<\/a> Zulu zahteva sistemati\u010den pristop k razumevanju njegove bogate, aglutinativne slovnice. Ta vodnik opisuje klju\u010dna podro\u010dja <a href=\"https:\/\/talkpal.ai\/sl\/zulu-slovnica\/\">slovnice Zulu<\/a> v logi\u010dnem zaporedju <a href=\"https:\/\/talkpal.ai\/sl\/talkpal-za-izobrazevanje\/\">za u\u010denje jezikov<\/a>, za\u010den\u0161i z osnovami, kot so samostalniki in \u010dleni, in napreduje do bolj zapletenih podro\u010dij, kot so \u010dasi in konstrukcija stavkov.<\/p>\n\n\n\n<h3 class=\"wp-block-heading\" id=\"h-1-nouns\">1. Samostalniki:<\/h3>\n\n\n\n<p>Za\u010dnite svoje jezikovno potovanje Zulu z u\u010denjem samostalnikov. To vklju\u010duje razumevanje sistema samostalni\u0161kih razredov z njegovimi predponami, kako sporazum deluje v stavku in kako so oblike mno\u017eine narejene s spreminjanjem predpone samostalni\u0161kega razreda.<\/p>\n\n\n\n<h3 class=\"wp-block-heading\" id=\"h-2-articles\">2. \u010clanki:<\/h3>\n\n\n\n<p>Zulu ne uporablja dolo\u010denih ali nedolo\u010dnih \u010dlenov kot <a href=\"https:\/\/talkpal.ai\/ai-english-speaking-practice\/\">angle\u0161\u010dina<\/a> . Dolo\u010dnost je obi\u010dajno dolo\u010dena s kontekstom, vrstnim redom besed ali dokazi. U\u010denje pravilne uporabe dokazov je klju\u010dnega pomena pri gradnji stavkov.<\/p>\n\n\n\n<h3 class=\"wp-block-heading\" id=\"h-3-adjectives\">3. Pridevniki:<\/h3>\n\n\n\n<p>Pridevniki v Zulu obi\u010dajno sledijo svojim samostalnikom in se morajo strinjati s samostalni\u0161kim razredom s pridevni\u0161kimi soglasjemi. Prav tako se boste morali nau\u010diti, kako oblikovati primerjalne in prese\u017eni\u0161ke elemente, pogosto z uporabo konstrukcij z glagolskim pomenom prese\u010di ali delcem za than in oja\u010devalcev, kot je kakhulu.<\/p>\n\n\n\n<h3 class=\"wp-block-heading\" id=\"h-4-pronouns-determiners\">4. Zaimki\/dolo\u010devalci:<\/h3>\n\n\n\n<p>Zaimki in dolo\u010ditve so bistvenega pomena v Zulu; vklju\u010dujejo neodvisne zaimke, subjektne in predmetne skladje na glagolu, svojilne zaimke, zgrajene z razrednimi svojilnimi skladnostmi, demonstrativi in kvantifikatorji. Njihovo pravilno, razredno soglasje je potrebno za u\u010dinkovito komunikacijo.<\/p>\n\n\n\n<h3 class=\"wp-block-heading\" id=\"h-5-verbs\">5. Glagoli:<\/h3>\n\n\n\n<p>Zulu glagoli spreminjajo obliko s predponami in priponami, ki ozna\u010dujejo subjekt, predmet, \u010das, vidik in razpolo\u017eenje. Za\u010dnite s sedanjimi oblikami, nato razi\u0161\u010dite preteklost in prihodnost, skupaj s skupnimi raz\u0161iritvami, kot so vzro\u010dna, aplikativna in pasivna.<\/p>\n\n\n\n<h3 class=\"wp-block-heading\" id=\"h-6-tenses\">6. \u010casi:<\/h3>\n\n\n\n<p>Po obvladovanju glagolske strukture se poglobite v zulujske \u010dase. To vklju\u010duje razumevanje sedanjosti, nedavne preteklosti, oddaljene preteklosti in prihodnosti, pa tudi dovr\u0161enih oblik in kako aspekt vpliva na \u010das v razli\u010dnih kontekstih.<\/p>\n\n\n\n<h3 class=\"wp-block-heading\" id=\"h-7-tense-comparison\">7. Primerjava \u010dasov:<\/h3>\n\n\n\n<p>Primerjava \u010dasov v Zulu pomaga pri razumevanju zaporedja in odtenkov. Primerjajte sedanje, dovr\u0161eno, nedavno preteklost, oddaljeno preteklost in prihodnje oblike istega glagola, da pridobite jasnej\u0161i ob\u010dutek \u010dasa in vidika.<\/p>\n\n\n\n<h3 class=\"wp-block-heading\" id=\"h-8-progressive\">8. Progresivno:<\/h3>\n\n\n\n<p>Progresivno v Zulu se izra\u017ea s sedanjim \u010dasom z uporabo ozna\u010devalca -ya- za subjektom <a href=\"https:\/\/talkpal.ai\/locations\/language-courses-in-concord\/\">concord<\/a> in z ozna\u010devalci aspektov, kot sta -sa \u0161e vedno in se \u017ee. Zulu ne uporablja pomo\u017enega glagola za ta namen.<\/p>\n\n\n\n<h3 class=\"wp-block-heading\" id=\"h-9-perfect-progressive\">9. Perfect Progressive:<\/h3>\n\n\n\n<p>Ta pomen je izra\u017een s pomo\u017enim biti v kombinaciji s progresivnim, kar pogosto ozna\u010duje dejanje, ki poteka do dolo\u010dene to\u010dke. Zulu obi\u010dajno uporablja s aspektnimi ozna\u010devalci ali prislovi kontinuitete za posredovanje.<\/p>\n\n\n\n<h3 class=\"wp-block-heading\" id=\"h-10-conditionals\">10. Pogoji:<\/h3>\n\n\n\n<p>Pogoji izra\u017eajo hipoteti\u010dne situacije in njihove mo\u017ene izide. V zuluj\u0161\u010dini se oblikujejo s pogojnimi ozna\u010devalci razpolo\u017eenja in vezniki, kot je uma if, z ustreznimi glagolskimi oblikami za realne in nasprotne pogoje.<\/p>\n\n\n\n<h3 class=\"wp-block-heading\" id=\"h-11-adverbs\">11. Prislovi:<\/h3>\n\n\n\n<p>Prislovi v Zulu spreminjajo glagole, pridevnike ali druge prislove. Vklju\u010dujejo prislovske delce, ideofone in besede \u010dasa ali na\u010dina, \u0161tevilni prislovni pomeni pa so izra\u017eeni tudi z lokativnimi oblikami in besednimi zvezami.<\/p>\n\n\n\n<h3 class=\"wp-block-heading\" id=\"h-12-prepositions\">12. Predlo\u017eki:<\/h3>\n\n\n\n<p>Razmerja \u010dasa, kraja in na\u010dina so pogosto izra\u017eena s samostalni\u0161kimi oblikami lokativov in predponami predlogov, kot so ku, e, na in nga, skupaj z njihovimi vzorci dogovora.<\/p>\n\n\n\n<h3 class=\"wp-block-heading\" id=\"h-13-sentences\">13. Stavki:<\/h3>\n\n\n\n<p>Kon\u010dno vadite konstruiranje stavkov. To bo vklju\u010devalo uporabo vseh predhodno nau\u010denih slovni\u010dnih to\u010dk v kontekstu, vklju\u010dno z vrstnim redom predmetov predmetov subjekta, dogovorom med samostalni\u0161kimi razredi, vzorci negacije in oblikovanjem vpra\u0161anj, s \u010dimer se zagotovi celovito razumevanje jezika Zulu.<\/p>\n<\/div><\/div>\n\r\n<section class=\"learnNavigationSection\">\r\n            \r\n        <a href=\"https:\/\/talkpal.ai\/sl\/naucite-se-zulu\/\">\r\n            <div class=\"learnNavigationWrapper\">\r\n                <div class=\"learnNavigationContent\">\r\n                    <img decoding=\"async\" src=\"https:\/\/talkpal.ai\/wp-content\/uploads\/2025\/11\/Zulu.png\" alt=\"South African Flag\">\r\n                    <div>\r\n                        <h4>O u\u010denju Zulu<\/h4>\r\n                        <p>Izvedite vse o slovnici Zulu.<\/p>\r\n                    <\/div>\r\n                <\/div>\r\n            <\/div>\r\n        <\/a>\r\n\r\n        \r\n        <a href=\"https:\/\/talkpal.ai\/sl\/zulu-slovnica\/\">\r\n            <div class=\"learnNavigationWrapper\">\r\n                <div class=\"learnNavigationContent\">\r\n                    <img decoding=\"async\" src=\"https:\/\/talkpal.ai\/wp-content\/uploads\/2025\/11\/Zulu.png\" alt=\"South African Flag\">\r\n                    <div>\r\n                        <h4>Lekcije slovnice Zulu<\/h4>\r\n                        <p>Vadite slovnico Zulu.<\/p>\r\n                    <\/div>\r\n                <\/div>\r\n            <\/div>\r\n        <\/a>\r\n\r\n            <\/section>","protected":false},"excerpt":{"rendered":"<p>Teme slovnice Zulu U\u010denje novega jezika je lahko zahtevno, a koristno prizadevanje. Zulu, bantujski jezik, ki se govori predvsem v Ju\u017eni Afriki, ni izjema. S svojimi edinstvenimi zna\u010dilnostmi in strukturami u\u010denje Zulu zahteva sistemati\u010den pristop k razumevanju njegove bogate, aglutinativne slovnice. Ta vodnik opisuje klju\u010dna podro\u010dja slovnice Zulu v logi\u010dnem zaporedju za u\u010denje jezikov, za\u010den\u0161i [&hellip;]<\/p>\n","protected":false},"author":20,"featured_media":0,"parent":0,"menu_order":0,"comment_status":"closed","ping_status":"closed","template":"LearningContentPage.php","meta":{"_acf_changed":false,"footnotes":""},"class_list":["post-1478281","page","type-page","status-publish","hentry"],"acf":[],"yoast_head":"<!-- This site is optimized with the Yoast SEO Premium plugin v27.2 (Yoast SEO v27.2) - https:\/\/yoast.com\/product\/yoast-seo-premium-wordpress\/ -->\n<title>Slovni\u010dne vaje Zulu - Talkpal<\/title>\n<meta name=\"description\" content=\"Osvojite zulujsko slovnico z interaktivnimi vajami za samostalnike, glagole in \u010dase, s katerimi boste izbolj\u0161ali svoje znanje in samozavest.\" \/>\n<meta name=\"robots\" content=\"index, follow, max-snippet:-1, max-image-preview:large, max-video-preview:-1\" \/>\n<link rel=\"canonical\" href=\"https:\/\/talkpal.ai\/sl\/slovnicne-vaje-zulu\/\" \/>\n<meta property=\"og:locale\" content=\"sl_SI\" \/>\n<meta property=\"og:type\" content=\"article\" \/>\n<meta property=\"og:title\" content=\"Slovni\u010dne vaje Zulu\" \/>\n<meta property=\"og:description\" content=\"Teme slovnice Zulu U\u010denje novega jezika je lahko zahtevno, a koristno prizadevanje. Zulu, bantujski jezik, ki se govori predvsem v Ju\u017eni Afriki, ni\" \/>\n<meta property=\"og:url\" content=\"https:\/\/talkpal.ai\/sl\/slovnicne-vaje-zulu\/\" \/>\n<meta property=\"og:site_name\" content=\"Talkpal\" \/>\n<meta property=\"article:publisher\" content=\"https:\/\/www.facebook.com\/profile.php?id=100090733639311\" \/>\n<meta property=\"article:modified_time\" content=\"2025-12-30T13:23:49+00:00\" \/>\n<meta property=\"og:image\" content=\"https:\/\/talkpal.ai\/wp-content\/uploads\/2025\/02\/Progress-tab-16_9.png\" \/>\n\t<meta property=\"og:image:width\" content=\"2880\" \/>\n\t<meta property=\"og:image:height\" content=\"1620\" \/>\n\t<meta property=\"og:image:type\" content=\"image\/png\" \/>\n<meta name=\"twitter:card\" content=\"summary_large_image\" \/>\n<meta name=\"twitter:site\" content=\"@talkpalai\" \/>\n<meta name=\"twitter:label1\" content=\"Est. reading time\" \/>\n\t<meta name=\"twitter:data1\" content=\"3 minute\" \/>\n<script type=\"application\/ld+json\" class=\"yoast-schema-graph\">{\"@context\":\"https:\/\/schema.org\",\"@graph\":[{\"@type\":\"WebPage\",\"@id\":\"https:\/\/talkpal.ai\/sl\/slovnicne-vaje-zulu\/\",\"url\":\"https:\/\/talkpal.ai\/sl\/slovnicne-vaje-zulu\/\",\"name\":\"Slovni\u010dne vaje Zulu - Talkpal\",\"isPartOf\":{\"@id\":\"https:\/\/talkpal.ai\/sl\/#website\"},\"datePublished\":\"2025-11-12T17:36:06+00:00\",\"dateModified\":\"2025-12-30T13:23:49+00:00\",\"description\":\"Osvojite zulujsko slovnico z interaktivnimi vajami za samostalnike, glagole in \u010dase, s katerimi boste izbolj\u0161ali svoje znanje in samozavest.\",\"breadcrumb\":{\"@id\":\"https:\/\/talkpal.ai\/sl\/slovnicne-vaje-zulu\/#breadcrumb\"},\"inLanguage\":\"sl-SI\",\"potentialAction\":[{\"@type\":\"ReadAction\",\"target\":[\"https:\/\/talkpal.ai\/sl\/slovnicne-vaje-zulu\/\"]}]},{\"@type\":\"BreadcrumbList\",\"@id\":\"https:\/\/talkpal.ai\/sl\/slovnicne-vaje-zulu\/#breadcrumb\",\"itemListElement\":[{\"@type\":\"ListItem\",\"position\":1,\"name\":\"Homepage\",\"item\":\"https:\/\/talkpal.ai\/sl\/\"},{\"@type\":\"ListItem\",\"position\":2,\"name\":\"Slovni\u010dne vaje Zulu\"}]},{\"@type\":\"WebSite\",\"@id\":\"https:\/\/talkpal.ai\/sl\/#website\",\"url\":\"https:\/\/talkpal.ai\/sl\/\",\"name\":\"Talkpal\",\"description\":\"AI Language Learning\",\"publisher\":{\"@id\":\"https:\/\/talkpal.ai\/sl\/#organization\"},\"alternateName\":\"Talkpal AI\",\"potentialAction\":[{\"@type\":\"SearchAction\",\"target\":{\"@type\":\"EntryPoint\",\"urlTemplate\":\"https:\/\/talkpal.ai\/sl\/?s={search_term_string}\"},\"query-input\":{\"@type\":\"PropertyValueSpecification\",\"valueRequired\":true,\"valueName\":\"search_term_string\"}}],\"inLanguage\":\"sl-SI\"},{\"@type\":\"Organization\",\"@id\":\"https:\/\/talkpal.ai\/sl\/#organization\",\"name\":\"Talkpal, Inc.\",\"alternateName\":\"Talkpal AI\",\"url\":\"https:\/\/talkpal.ai\/sl\/\",\"logo\":{\"@type\":\"ImageObject\",\"inLanguage\":\"sl-SI\",\"@id\":\"https:\/\/talkpal.ai\/sl\/#\/schema\/logo\/image\/\",\"url\":\"https:\/\/talkpal.ai\/wp-content\/uploads\/2024\/03\/Talkpal-Logo-Icon.png\",\"contentUrl\":\"https:\/\/talkpal.ai\/wp-content\/uploads\/2024\/03\/Talkpal-Logo-Icon.png\",\"width\":2880,\"height\":2880,\"caption\":\"Talkpal, Inc.\"},\"image\":{\"@id\":\"https:\/\/talkpal.ai\/sl\/#\/schema\/logo\/image\/\"},\"sameAs\":[\"https:\/\/www.facebook.com\/profile.php?id=100090733639311\",\"https:\/\/x.com\/talkpalai\",\"https:\/\/www.linkedin.com\/company\/talkpal\/\",\"https:\/\/www.youtube.com\/@TalkPal\/\",\"https:\/\/www.tiktok.com\/@talkpal\",\"https:\/\/www.instagram.com\/talkpal_ai\/\",\"https:\/\/www.crunchbase.com\/organization\/talkpal-9cde\",\"https:\/\/www.g2.com\/products\/talkpal-for-business\/\",\"https:\/\/www.trustpilot.com\/review\/talkpal.ai\",\"https:\/\/www.capterra.com\/p\/10006800\/TalkPal\/\"],\"description\":\"Talkpal is a language learning web and mobile education app, powered by the latest AI technologies, that provides engaging experiences to its customers in many different languages to help them improve their language skills. Users can chat about unlimited amount of topics with the app and use other modes to practice their language learning.\",\"email\":\"support@talkpal.ai\",\"legalName\":\"Talkpal, Inc.\",\"foundingDate\":\"2023-04-03\",\"duns\":\"118989042\",\"numberOfEmployees\":{\"@type\":\"QuantitativeValue\",\"minValue\":\"11\",\"maxValue\":\"50\"},\"publishingPrinciples\":\"https:\/\/talkpal.ai\/publishing-principles\/\",\"actionableFeedbackPolicy\":\"https:\/\/talkpal.ai\/actionable-feedback-policy\/\",\"correctionsPolicy\":\"https:\/\/talkpal.ai\/corrections-policy\/\",\"ethicsPolicy\":\"https:\/\/talkpal.ai\/ethics-policy\/\",\"diversityPolicy\":\"https:\/\/talkpal.ai\/diversity-policy\/\",\"diversityStaffingReport\":\"https:\/\/talkpal.ai\/diversity-policy\/\"}]}<\/script>\n<!-- \/ Yoast SEO Premium plugin. -->","yoast_head_json":{"title":"Slovni\u010dne vaje Zulu - Talkpal","description":"Osvojite zulujsko slovnico z interaktivnimi vajami za samostalnike, glagole in \u010dase, s katerimi boste izbolj\u0161ali svoje znanje in samozavest.","robots":{"index":"index","follow":"follow","max-snippet":"max-snippet:-1","max-image-preview":"max-image-preview:large","max-video-preview":"max-video-preview:-1"},"canonical":"https:\/\/talkpal.ai\/sl\/slovnicne-vaje-zulu\/","og_locale":"sl_SI","og_type":"article","og_title":"Slovni\u010dne vaje Zulu","og_description":"Teme slovnice Zulu U\u010denje novega jezika je lahko zahtevno, a koristno prizadevanje. Zulu, bantujski jezik, ki se govori predvsem v Ju\u017eni Afriki, ni","og_url":"https:\/\/talkpal.ai\/sl\/slovnicne-vaje-zulu\/","og_site_name":"Talkpal","article_publisher":"https:\/\/www.facebook.com\/profile.php?id=100090733639311","article_modified_time":"2025-12-30T13:23:49+00:00","og_image":[{"width":2880,"height":1620,"url":"https:\/\/talkpal.ai\/wp-content\/uploads\/2025\/02\/Progress-tab-16_9.png","type":"image\/png"}],"twitter_card":"summary_large_image","twitter_site":"@talkpalai","twitter_misc":{"Est. reading time":"3 minute"},"schema":{"@context":"https:\/\/schema.org","@graph":[{"@type":"WebPage","@id":"https:\/\/talkpal.ai\/sl\/slovnicne-vaje-zulu\/","url":"https:\/\/talkpal.ai\/sl\/slovnicne-vaje-zulu\/","name":"Slovni\u010dne vaje Zulu - Talkpal","isPartOf":{"@id":"https:\/\/talkpal.ai\/sl\/#website"},"datePublished":"2025-11-12T17:36:06+00:00","dateModified":"2025-12-30T13:23:49+00:00","description":"Osvojite zulujsko slovnico z interaktivnimi vajami za samostalnike, glagole in \u010dase, s katerimi boste izbolj\u0161ali svoje znanje in samozavest.","breadcrumb":{"@id":"https:\/\/talkpal.ai\/sl\/slovnicne-vaje-zulu\/#breadcrumb"},"inLanguage":"sl-SI","potentialAction":[{"@type":"ReadAction","target":["https:\/\/talkpal.ai\/sl\/slovnicne-vaje-zulu\/"]}]},{"@type":"BreadcrumbList","@id":"https:\/\/talkpal.ai\/sl\/slovnicne-vaje-zulu\/#breadcrumb","itemListElement":[{"@type":"ListItem","position":1,"name":"Homepage","item":"https:\/\/talkpal.ai\/sl\/"},{"@type":"ListItem","position":2,"name":"Slovni\u010dne vaje Zulu"}]},{"@type":"WebSite","@id":"https:\/\/talkpal.ai\/sl\/#website","url":"https:\/\/talkpal.ai\/sl\/","name":"Talkpal","description":"AI Language Learning","publisher":{"@id":"https:\/\/talkpal.ai\/sl\/#organization"},"alternateName":"Talkpal AI","potentialAction":[{"@type":"SearchAction","target":{"@type":"EntryPoint","urlTemplate":"https:\/\/talkpal.ai\/sl\/?s={search_term_string}"},"query-input":{"@type":"PropertyValueSpecification","valueRequired":true,"valueName":"search_term_string"}}],"inLanguage":"sl-SI"},{"@type":"Organization","@id":"https:\/\/talkpal.ai\/sl\/#organization","name":"Talkpal, Inc.","alternateName":"Talkpal AI","url":"https:\/\/talkpal.ai\/sl\/","logo":{"@type":"ImageObject","inLanguage":"sl-SI","@id":"https:\/\/talkpal.ai\/sl\/#\/schema\/logo\/image\/","url":"https:\/\/talkpal.ai\/wp-content\/uploads\/2024\/03\/Talkpal-Logo-Icon.png","contentUrl":"https:\/\/talkpal.ai\/wp-content\/uploads\/2024\/03\/Talkpal-Logo-Icon.png","width":2880,"height":2880,"caption":"Talkpal, Inc."},"image":{"@id":"https:\/\/talkpal.ai\/sl\/#\/schema\/logo\/image\/"},"sameAs":["https:\/\/www.facebook.com\/profile.php?id=100090733639311","https:\/\/x.com\/talkpalai","https:\/\/www.linkedin.com\/company\/talkpal\/","https:\/\/www.youtube.com\/@TalkPal\/","https:\/\/www.tiktok.com\/@talkpal","https:\/\/www.instagram.com\/talkpal_ai\/","https:\/\/www.crunchbase.com\/organization\/talkpal-9cde","https:\/\/www.g2.com\/products\/talkpal-for-business\/","https:\/\/www.trustpilot.com\/review\/talkpal.ai","https:\/\/www.capterra.com\/p\/10006800\/TalkPal\/"],"description":"Talkpal is a language learning web and mobile education app, powered by the latest AI technologies, that provides engaging experiences to its customers in many different languages to help them improve their language skills. Users can chat about unlimited amount of topics with the app and use other modes to practice their language learning.","email":"support@talkpal.ai","legalName":"Talkpal, Inc.","foundingDate":"2023-04-03","duns":"118989042","numberOfEmployees":{"@type":"QuantitativeValue","minValue":"11","maxValue":"50"},"publishingPrinciples":"https:\/\/talkpal.ai\/publishing-principles\/","actionableFeedbackPolicy":"https:\/\/talkpal.ai\/actionable-feedback-policy\/","correctionsPolicy":"https:\/\/talkpal.ai\/corrections-policy\/","ethicsPolicy":"https:\/\/talkpal.ai\/ethics-policy\/","diversityPolicy":"https:\/\/talkpal.ai\/diversity-policy\/","diversityStaffingReport":"https:\/\/talkpal.ai\/diversity-policy\/"}]}},"_links":{"self":[{"href":"https:\/\/talkpal.ai\/sl\/wp-json\/wp\/v2\/pages\/1478281","targetHints":{"allow":["GET"]}}],"collection":[{"href":"https:\/\/talkpal.ai\/sl\/wp-json\/wp\/v2\/pages"}],"about":[{"href":"https:\/\/talkpal.ai\/sl\/wp-json\/wp\/v2\/types\/page"}],"author":[{"embeddable":true,"href":"https:\/\/talkpal.ai\/sl\/wp-json\/wp\/v2\/users\/20"}],"replies":[{"embeddable":true,"href":"https:\/\/talkpal.ai\/sl\/wp-json\/wp\/v2\/comments?post=1478281"}],"version-history":[{"count":0,"href":"https:\/\/talkpal.ai\/sl\/wp-json\/wp\/v2\/pages\/1478281\/revisions"}],"wp:attachment":[{"href":"https:\/\/talkpal.ai\/sl\/wp-json\/wp\/v2\/media?parent=1478281"}],"curies":[{"name":"wp","href":"https:\/\/api.w.org\/{rel}","templated":true}]}}