{"id":1478200,"date":"2025-11-12T17:11:45","date_gmt":"2025-11-12T17:11:45","guid":{"rendered":"https:\/\/talkpal.ai\/telugu-slovnica\/"},"modified":"2025-12-30T11:55:41","modified_gmt":"2025-12-30T11:55:41","slug":"telugu-slovnica","status":"publish","type":"page","link":"https:\/\/talkpal.ai\/sl\/telugu-slovnica\/","title":{"rendered":"Telugu slovnica"},"content":{"rendered":"\r\n\r\n\r\n<section class=\"languageChallengeSection\">\r\n    <div class=\"languageInfoWrapper\">\r\n        \r\n        <h1>Telugu slovnica<\/h1>\r\n        <p><a href=\"https:\/\/talkpal.ai\/grammar\/\">Slovnica<\/a> <a href=\"https:\/\/talkpal.ai\/learn-telugu\/\">Telugu<\/a> se sprva zdi zahtevna, vendar je zaradi njenih edinstvenih lastnosti u\u010denje jezika koristna izku\u0161nja. Z raziskovanjem abecede, mutacij in slovni\u010dnih pravil boste dobili vpogled v bogato jezikovno tradicijo. Za\u010dnite svoje potovanje in odkrijte lepoto <a href=\"https:\/\/talkpal.ai\/learn-telugu\/\">Telugu<\/a>!<\/p>\r\n\r\n                            <a class=\"getStartedHidden\" href=\"https:\/\/app.talkpal.ai\/sl\/signup?lng=\">Za\u010dni<\/a>\r\n        \r\n    <\/div>\r\n\r\n    <figure>\r\n    <img decoding=\"async\" width=\"768\" height=\"768\" src=\"https:\/\/talkpal.ai\/wp-content\/uploads\/2023\/06\/welsh-768x768.png\" class=\"languageImage no-lazy\" alt=\"Language learning for better cognitive abilities\" fetchpriority=\"high\" sizes=\"(max-width: 768px) 150px, 768px\" srcset=\"https:\/\/talkpal.ai\/wp-content\/uploads\/2023\/06\/welsh-768x768.png 768w, https:\/\/talkpal.ai\/wp-content\/uploads\/2023\/06\/welsh-300x300.png 300w\" \/>\r\n    \r\n\r\n    <\/figure>\r\n\r\n            <a class=\"getStartedVisible\" href=\"https:\/\/app.talkpal.ai\/sl\/signup?lng=\">Za\u010dni<\/a>\r\n    \r\n<\/section><section class=\"promotionalBanner\">\r\n    <p class=\"promotionalText\">Naju\u010dinkovitej\u0161i na\u010din u\u010denja jezika<\/p>\r\n    <a class=\"promotionalLink\" href=\"https:\/\/app.talkpal.ai\/sl\/signup?lng=\">Preizkusite Talkpal brezpla\u010dno<\/a>\r\n<\/section>\n<div class=\"wp-block-group pageContainerStyle\"><div class=\"wp-block-group__inner-container is-layout-constrained wp-block-group-is-layout-constrained\">\n<h2 class=\"wp-block-heading\" id=\"h-navigating-the-intricacies-of-telugu-grammar\">Krmarjenje po zapletenosti slovnice Telugu<\/h2>\n\n\n\n<p><a href=\"https:\/\/talkpal.ai\/sl\/naucite-se-telugu\/\">Telugu<\/a>, dravidski jezik z \u017eivahno literarno tradicijo in kulturnim pomenom v Andhra Pradeshu in Telangani, ponuja vznemirljivo jezikovno izku\u0161njo za tiste, ki \u017eelijo raziskati njegov edinstven slovni\u010dni sistem. Ko se odpravite v kraljestvo telugu, ne boste le obogatili svojega jezikovnega repertoarja, temve\u010d tudi sprejeli fascinantno kulturno potovanje. Medtem ko se slovnica Telugu sprva zdi zapletena, je raz\u010dlenitev na osnovne komponente bolj dostopna. V tem \u010dlanku bomo raziskali o\u010darljiv svet slovnice Telugu in podali nasvete, kako obvladati njegovo zapletenost.<\/p>\n\n\n\n<h3 class=\"wp-block-heading\" id=\"h-1-telugu-alphabet-and-phonetics\">1. Telu\u0161ka abeceda in fonetika<\/h3>\n\n\n\n<p>Telu\u0161ka pisava vsebuje 16 samoglasnikov in 36 soglasnikov, skupaj z znaki, kot sta anusvara in visarga. To je abugida, kjer soglasni\u0161ki simboli nosijo inherentni samoglasnik, ki ga je mogo\u010de spremeniti z diakriti\u010dnimi znaki samoglasnikov, imenovanimi gunintalu. Telu\u0161ka fonetika vklju\u010duje jasne dolgo-kratke samoglasni\u0161ke kontraste in niz retrofleksnih soglasnikov. \u010ce se \u017eelite nau\u010diti slovnice Telugu, je klju\u010dnega pomena, da se seznanite s tem zna\u010dilnim sistemom pisanja z branjem in pisanjem v telugu.<\/p>\n\n\n\n<h3 class=\"wp-block-heading\" id=\"h-2-sandhi-and-assimilation-a-notable-telugu-feature\">2. Sandhi in asimilacija: pomembna zna\u010dilnost telugu<\/h3>\n\n\n\n<p>Eden najbolj presenetljivih vidikov telu\u0161ke slovnice je uporaba sandhija in fonolo\u0161ke asimilacije, ki povzro\u010data, da se zvoki spreminjajo na mejah besed in morfemov. Samoglasniki se lahko zdru\u017eijo ali podalj\u0161ajo, soglasniki pa se lahko asimilirajo ali geminirajo. Razumevanje, kdaj in kako se te spremembe pojavijo, tako v govoru kot v pravopisu, je klju\u010dnega pomena za natan\u010dno komunikacijo v telugiju.<\/p>\n\n\n\n<h3 class=\"wp-block-heading\" id=\"h-3-nouns-and-pronouns-gender-and-cases\">3. Samostalniki in zaimki: spol in primeri<\/h3>\n\n\n\n<p>Telugu samostalniki niso ozna\u010deni za slovni\u010dni spol na enak na\u010din kot nekateri indoevropski <a href=\"https:\/\/talkpal.ai\/what-language-is-spoken-on-the-international-space-station\/\">jeziki<\/a>, vendar se ujemanje odra\u017ea v glagolih in zaimkih, ki razlikujejo mo\u0161ki, \u017eenski in srednji spol v tretji osebi. Mno\u017eine se obi\u010dajno oblikujejo s pripono -lu, \u010deprav se vzorci razlikujejo glede na samostalni\u0161ki razred. Telugu uporablja pripone primerov za ozna\u010devanje relacij, kot so akuzativ -ni, dativ -ki ali -ku, genitiv -di ali -yokka, instrumental -to, lokativ -lo in ablativ -nundi. Zaimki vklju\u010dujejo osebni (nenu, nuvvu, meeru, atanu, ame, adi), posesivni (naa, nee, maa, me), refleksivni (tanu v razli\u010dnih funkcijah), demonstrativni (idi, adi, ivvi, avi) in spra\u0161evalni (emi, evaru, \u0113di). Spoznavanje teh obrazcev bo bistveno izbolj\u0161alo va\u0161e razumevanje slovnice Telugu.<\/p>\n\n\n\n<h3 class=\"wp-block-heading\" id=\"h-4-verbs-structure-and-conjugation\">4. Glagoli: struktura in konjugacija<\/h3>\n\n\n\n<p>Telu\u0161ki glagoli so aglutinativni in konjugirani za osebo, \u0161tevilo in pogosto spol, z dodatnim ozna\u010devanjem za \u010das, vidik, razpolo\u017eenje in vljudnost. Skupni \u010dasi in vidiki vklju\u010dujejo preteklost, prihodnost in \u0161iroko uporabljeno sedanjost progresivno v -tunn- oblikah. Razpolo\u017eenje je izra\u017eeno z imperativnimi in pogojnimi oblikami, ravni vljudnosti pa so ozna\u010dene s spo\u0161tljivimi zaklju\u010dki, kot je -andi. U\u010denje glagolskih stebel in vzorcev konjugacije bo izbolj\u0161alo va\u0161o sposobnost u\u010dinkovitega komuniciranja v telugiju.<\/p>\n\n\n\n<h3 class=\"wp-block-heading\" id=\"h-5-adjectives-agreement-and-placement\">5. Pridevniki: dogovor in namestitev<\/h3>\n\n\n\n<p>V telugu slovnici pridevniki obi\u010dajno potekajo pred samostalnikom, ki ga spreminjajo, in na splo\u0161no ne spreminjajo oblike za \u0161tevilko ali spol. Participialni pridevniki in nekatere izposojene oblike lahko ka\u017eejo dodatno morfologijo, primerjava pa je pogosto izra\u017eena analiti\u010dno z besedami, kot so inka za ve\u010d in atyantha ali ch\u0101la za ve\u010dino, s primerjavo kanna ozna\u010devanja. Ti vzorci so bistvenega pomena za u\u010denje bolj naravne komunikacije.<\/p>\n\n\n\n<p><strong>Primeri:<\/strong><\/p>\n\n\n\n<p><strong>\u2013 pedda prema (velika ljubezen)<\/strong><\/p>\n\n\n\n<p><strong>\u2013 Chinna Pillalu (majhni otroci)<\/strong><\/p>\n\n\n\n<h3 class=\"wp-block-heading\" id=\"h-6-engaging-with-the-language\">6. Sodelovanje z jezikom<\/h3>\n\n\n\n<p>Naju\u010dinkovitej\u0161i na\u010din za popolno razumevanje in internalizacijo slovnice Telugu je dosledno sodelovanje z jezikom. Z branjem telu\u0161ke literature, gledanjem telugujskih filmov ali televizijskih serij in aktivnim komuniciranjem z doma\u010dimi govorci boste okrepili svoje razumevanje slovnice, hkrati pa raz\u0161irili svoj besednjak.<\/p>\n\n\n\n<h3 class=\"wp-block-heading\" id=\"h-conclusion\">Zaklju\u010dek<\/h3>\n\n\n\n<p>\u010ceprav se telu\u0161ka slovnica morda zdi zapletena, lahko postanete usposobljeni v tem \u010dudovitem jeziku s predanostjo, prakso in navdu\u0161enjem. Z osredoto\u010danjem na temeljna pravila in sodelovanjem z jezikom v razli\u010dnih kontekstih boste hitro izbolj\u0161ali <a href=\"https:\/\/talkpal.ai\/sl\/gramatika\/\">svoje slovni\u010dne spretnosti<\/a> telugu. Shubhakankshalu (vse najbolj\u0161e) s svojim jezikovnim potovanjem v telugu in u\u017eivajte v razkrivanju bogatega in o\u010darljivega sveta telu\u0161ke slovnice!<\/p>\n<\/div><\/div>\n\r\n<section class=\"learnNavigationSection\">\r\n            \r\n        <a href=\"https:\/\/talkpal.ai\/sl\/naucite-se-telugu\/\">\r\n            <div class=\"learnNavigationWrapper\">\r\n                <div class=\"learnNavigationContent\">\r\n                    <img decoding=\"async\" src=\"https:\/\/talkpal.ai\/wp-content\/uploads\/2025\/11\/Telugu.png\" alt=\"Indian Simplified Flag\">\r\n                    <div>\r\n                        <h4>O u\u010denju telugu<\/h4>\r\n                        <p>Izvedite vse o slovnici Telugu.<\/p>\r\n                    <\/div>\r\n                <\/div>\r\n            <\/div>\r\n        <\/a>\r\n\r\n        \r\n        <a href=\"https:\/\/talkpal.ai\/sl\/telugu-slovnicne-vaje\/\">\r\n            <div class=\"learnNavigationWrapper\">\r\n                <div class=\"learnNavigationContent\">\r\n                    <img decoding=\"async\" src=\"https:\/\/talkpal.ai\/wp-content\/uploads\/2025\/11\/Telugu.png\" alt=\"Indian Simplified Flag\">\r\n                    <div>\r\n                        <h4>Telugu slovni\u010dna vaja<\/h4>\r\n                        <p>Vadite slovnico Telugu.<\/p>\r\n                    <\/div>\r\n                <\/div>\r\n            <\/div>\r\n        <\/a>\r\n\r\n            <\/section>","protected":false},"excerpt":{"rendered":"<p>Krmarjenje po zapletenosti slovnice Telugu Telugu, dravidski jezik z \u017eivahno literarno tradicijo in kulturnim pomenom v Andhra Pradeshu in Telangani, ponuja vznemirljivo jezikovno izku\u0161njo za tiste, ki \u017eelijo raziskati njegov edinstven slovni\u010dni sistem. Ko se odpravite v kraljestvo telugu, ne boste le obogatili svojega jezikovnega repertoarja, temve\u010d tudi sprejeli fascinantno kulturno potovanje. Medtem ko se [&hellip;]<\/p>\n","protected":false},"author":20,"featured_media":0,"parent":0,"menu_order":0,"comment_status":"closed","ping_status":"closed","template":"LearningContentPage.php","meta":{"_acf_changed":false,"footnotes":""},"class_list":["post-1478200","page","type-page","status-publish","hentry"],"acf":[],"yoast_head":"<!-- This site is optimized with the Yoast SEO Premium plugin v27.2 (Yoast SEO v27.2) - https:\/\/yoast.com\/product\/yoast-seo-premium-wordpress\/ -->\n<title>Telugu slovnica - Talkpal<\/title>\n<meta name=\"description\" content=\"Osvojite slovni\u010dna pravila telug\u0161\u010dine, vklju\u010dno s sandhi, primeri in glagolsko konjugacijo, z na\u0161im iz\u010drpnim vodnikom in interaktivnimi vajami.\" \/>\n<meta name=\"robots\" content=\"index, follow, max-snippet:-1, max-image-preview:large, max-video-preview:-1\" \/>\n<link rel=\"canonical\" href=\"https:\/\/talkpal.ai\/sl\/telugu-slovnica\/\" \/>\n<meta property=\"og:locale\" content=\"sl_SI\" \/>\n<meta property=\"og:type\" content=\"article\" \/>\n<meta property=\"og:title\" content=\"Telugu slovnica\" \/>\n<meta property=\"og:description\" content=\"Krmarjenje po zapletenosti slovnice Telugu Telugu, dravidski jezik z \u017eivahno literarno tradicijo in kulturnim pomenom v Andhra Pradeshu in Telangani,\" \/>\n<meta property=\"og:url\" content=\"https:\/\/talkpal.ai\/sl\/telugu-slovnica\/\" \/>\n<meta property=\"og:site_name\" content=\"Talkpal\" \/>\n<meta property=\"article:publisher\" content=\"https:\/\/www.facebook.com\/profile.php?id=100090733639311\" \/>\n<meta property=\"article:modified_time\" content=\"2025-12-30T11:55:41+00:00\" \/>\n<meta property=\"og:image\" content=\"https:\/\/talkpal.ai\/wp-content\/uploads\/2025\/02\/Progress-tab-16_9.png\" \/>\n\t<meta property=\"og:image:width\" content=\"2880\" \/>\n\t<meta property=\"og:image:height\" content=\"1620\" \/>\n\t<meta property=\"og:image:type\" content=\"image\/png\" \/>\n<meta name=\"twitter:card\" content=\"summary_large_image\" \/>\n<meta name=\"twitter:site\" content=\"@talkpalai\" \/>\n<meta name=\"twitter:label1\" content=\"Est. reading time\" \/>\n\t<meta name=\"twitter:data1\" content=\"3 minute\" \/>\n<script type=\"application\/ld+json\" class=\"yoast-schema-graph\">{\"@context\":\"https:\/\/schema.org\",\"@graph\":[{\"@type\":\"WebPage\",\"@id\":\"https:\/\/talkpal.ai\/sl\/telugu-slovnica\/\",\"url\":\"https:\/\/talkpal.ai\/sl\/telugu-slovnica\/\",\"name\":\"Telugu slovnica - Talkpal\",\"isPartOf\":{\"@id\":\"https:\/\/talkpal.ai\/sl\/#website\"},\"datePublished\":\"2025-11-12T17:11:45+00:00\",\"dateModified\":\"2025-12-30T11:55:41+00:00\",\"description\":\"Osvojite slovni\u010dna pravila telug\u0161\u010dine, vklju\u010dno s sandhi, primeri in glagolsko konjugacijo, z na\u0161im iz\u010drpnim vodnikom in interaktivnimi vajami.\",\"breadcrumb\":{\"@id\":\"https:\/\/talkpal.ai\/sl\/telugu-slovnica\/#breadcrumb\"},\"inLanguage\":\"sl-SI\",\"potentialAction\":[{\"@type\":\"ReadAction\",\"target\":[\"https:\/\/talkpal.ai\/sl\/telugu-slovnica\/\"]}]},{\"@type\":\"BreadcrumbList\",\"@id\":\"https:\/\/talkpal.ai\/sl\/telugu-slovnica\/#breadcrumb\",\"itemListElement\":[{\"@type\":\"ListItem\",\"position\":1,\"name\":\"Homepage\",\"item\":\"https:\/\/talkpal.ai\/sl\/\"},{\"@type\":\"ListItem\",\"position\":2,\"name\":\"Telugu slovnica\"}]},{\"@type\":\"WebSite\",\"@id\":\"https:\/\/talkpal.ai\/sl\/#website\",\"url\":\"https:\/\/talkpal.ai\/sl\/\",\"name\":\"Talkpal\",\"description\":\"AI Language Learning\",\"publisher\":{\"@id\":\"https:\/\/talkpal.ai\/sl\/#organization\"},\"alternateName\":\"Talkpal AI\",\"potentialAction\":[{\"@type\":\"SearchAction\",\"target\":{\"@type\":\"EntryPoint\",\"urlTemplate\":\"https:\/\/talkpal.ai\/sl\/?s={search_term_string}\"},\"query-input\":{\"@type\":\"PropertyValueSpecification\",\"valueRequired\":true,\"valueName\":\"search_term_string\"}}],\"inLanguage\":\"sl-SI\"},{\"@type\":\"Organization\",\"@id\":\"https:\/\/talkpal.ai\/sl\/#organization\",\"name\":\"Talkpal, Inc.\",\"alternateName\":\"Talkpal AI\",\"url\":\"https:\/\/talkpal.ai\/sl\/\",\"logo\":{\"@type\":\"ImageObject\",\"inLanguage\":\"sl-SI\",\"@id\":\"https:\/\/talkpal.ai\/sl\/#\/schema\/logo\/image\/\",\"url\":\"https:\/\/talkpal.ai\/wp-content\/uploads\/2024\/03\/Talkpal-Logo-Icon.png\",\"contentUrl\":\"https:\/\/talkpal.ai\/wp-content\/uploads\/2024\/03\/Talkpal-Logo-Icon.png\",\"width\":2880,\"height\":2880,\"caption\":\"Talkpal, Inc.\"},\"image\":{\"@id\":\"https:\/\/talkpal.ai\/sl\/#\/schema\/logo\/image\/\"},\"sameAs\":[\"https:\/\/www.facebook.com\/profile.php?id=100090733639311\",\"https:\/\/x.com\/talkpalai\",\"https:\/\/www.linkedin.com\/company\/talkpal\/\",\"https:\/\/www.youtube.com\/@TalkPal\/\",\"https:\/\/www.tiktok.com\/@talkpal\",\"https:\/\/www.instagram.com\/talkpal_ai\/\",\"https:\/\/www.crunchbase.com\/organization\/talkpal-9cde\",\"https:\/\/www.g2.com\/products\/talkpal-for-business\/\",\"https:\/\/www.trustpilot.com\/review\/talkpal.ai\",\"https:\/\/www.capterra.com\/p\/10006800\/TalkPal\/\"],\"description\":\"Talkpal is a language learning web and mobile education app, powered by the latest AI technologies, that provides engaging experiences to its customers in many different languages to help them improve their language skills. Users can chat about unlimited amount of topics with the app and use other modes to practice their language learning.\",\"email\":\"support@talkpal.ai\",\"legalName\":\"Talkpal, Inc.\",\"foundingDate\":\"2023-04-03\",\"duns\":\"118989042\",\"numberOfEmployees\":{\"@type\":\"QuantitativeValue\",\"minValue\":\"11\",\"maxValue\":\"50\"},\"publishingPrinciples\":\"https:\/\/talkpal.ai\/publishing-principles\/\",\"actionableFeedbackPolicy\":\"https:\/\/talkpal.ai\/actionable-feedback-policy\/\",\"correctionsPolicy\":\"https:\/\/talkpal.ai\/corrections-policy\/\",\"ethicsPolicy\":\"https:\/\/talkpal.ai\/ethics-policy\/\",\"diversityPolicy\":\"https:\/\/talkpal.ai\/diversity-policy\/\",\"diversityStaffingReport\":\"https:\/\/talkpal.ai\/diversity-policy\/\"}]}<\/script>\n<!-- \/ Yoast SEO Premium plugin. -->","yoast_head_json":{"title":"Telugu slovnica - Talkpal","description":"Osvojite slovni\u010dna pravila telug\u0161\u010dine, vklju\u010dno s sandhi, primeri in glagolsko konjugacijo, z na\u0161im iz\u010drpnim vodnikom in interaktivnimi vajami.","robots":{"index":"index","follow":"follow","max-snippet":"max-snippet:-1","max-image-preview":"max-image-preview:large","max-video-preview":"max-video-preview:-1"},"canonical":"https:\/\/talkpal.ai\/sl\/telugu-slovnica\/","og_locale":"sl_SI","og_type":"article","og_title":"Telugu slovnica","og_description":"Krmarjenje po zapletenosti slovnice Telugu Telugu, dravidski jezik z \u017eivahno literarno tradicijo in kulturnim pomenom v Andhra Pradeshu in Telangani,","og_url":"https:\/\/talkpal.ai\/sl\/telugu-slovnica\/","og_site_name":"Talkpal","article_publisher":"https:\/\/www.facebook.com\/profile.php?id=100090733639311","article_modified_time":"2025-12-30T11:55:41+00:00","og_image":[{"width":2880,"height":1620,"url":"https:\/\/talkpal.ai\/wp-content\/uploads\/2025\/02\/Progress-tab-16_9.png","type":"image\/png"}],"twitter_card":"summary_large_image","twitter_site":"@talkpalai","twitter_misc":{"Est. reading time":"3 minute"},"schema":{"@context":"https:\/\/schema.org","@graph":[{"@type":"WebPage","@id":"https:\/\/talkpal.ai\/sl\/telugu-slovnica\/","url":"https:\/\/talkpal.ai\/sl\/telugu-slovnica\/","name":"Telugu slovnica - Talkpal","isPartOf":{"@id":"https:\/\/talkpal.ai\/sl\/#website"},"datePublished":"2025-11-12T17:11:45+00:00","dateModified":"2025-12-30T11:55:41+00:00","description":"Osvojite slovni\u010dna pravila telug\u0161\u010dine, vklju\u010dno s sandhi, primeri in glagolsko konjugacijo, z na\u0161im iz\u010drpnim vodnikom in interaktivnimi vajami.","breadcrumb":{"@id":"https:\/\/talkpal.ai\/sl\/telugu-slovnica\/#breadcrumb"},"inLanguage":"sl-SI","potentialAction":[{"@type":"ReadAction","target":["https:\/\/talkpal.ai\/sl\/telugu-slovnica\/"]}]},{"@type":"BreadcrumbList","@id":"https:\/\/talkpal.ai\/sl\/telugu-slovnica\/#breadcrumb","itemListElement":[{"@type":"ListItem","position":1,"name":"Homepage","item":"https:\/\/talkpal.ai\/sl\/"},{"@type":"ListItem","position":2,"name":"Telugu slovnica"}]},{"@type":"WebSite","@id":"https:\/\/talkpal.ai\/sl\/#website","url":"https:\/\/talkpal.ai\/sl\/","name":"Talkpal","description":"AI Language Learning","publisher":{"@id":"https:\/\/talkpal.ai\/sl\/#organization"},"alternateName":"Talkpal AI","potentialAction":[{"@type":"SearchAction","target":{"@type":"EntryPoint","urlTemplate":"https:\/\/talkpal.ai\/sl\/?s={search_term_string}"},"query-input":{"@type":"PropertyValueSpecification","valueRequired":true,"valueName":"search_term_string"}}],"inLanguage":"sl-SI"},{"@type":"Organization","@id":"https:\/\/talkpal.ai\/sl\/#organization","name":"Talkpal, Inc.","alternateName":"Talkpal AI","url":"https:\/\/talkpal.ai\/sl\/","logo":{"@type":"ImageObject","inLanguage":"sl-SI","@id":"https:\/\/talkpal.ai\/sl\/#\/schema\/logo\/image\/","url":"https:\/\/talkpal.ai\/wp-content\/uploads\/2024\/03\/Talkpal-Logo-Icon.png","contentUrl":"https:\/\/talkpal.ai\/wp-content\/uploads\/2024\/03\/Talkpal-Logo-Icon.png","width":2880,"height":2880,"caption":"Talkpal, Inc."},"image":{"@id":"https:\/\/talkpal.ai\/sl\/#\/schema\/logo\/image\/"},"sameAs":["https:\/\/www.facebook.com\/profile.php?id=100090733639311","https:\/\/x.com\/talkpalai","https:\/\/www.linkedin.com\/company\/talkpal\/","https:\/\/www.youtube.com\/@TalkPal\/","https:\/\/www.tiktok.com\/@talkpal","https:\/\/www.instagram.com\/talkpal_ai\/","https:\/\/www.crunchbase.com\/organization\/talkpal-9cde","https:\/\/www.g2.com\/products\/talkpal-for-business\/","https:\/\/www.trustpilot.com\/review\/talkpal.ai","https:\/\/www.capterra.com\/p\/10006800\/TalkPal\/"],"description":"Talkpal is a language learning web and mobile education app, powered by the latest AI technologies, that provides engaging experiences to its customers in many different languages to help them improve their language skills. Users can chat about unlimited amount of topics with the app and use other modes to practice their language learning.","email":"support@talkpal.ai","legalName":"Talkpal, Inc.","foundingDate":"2023-04-03","duns":"118989042","numberOfEmployees":{"@type":"QuantitativeValue","minValue":"11","maxValue":"50"},"publishingPrinciples":"https:\/\/talkpal.ai\/publishing-principles\/","actionableFeedbackPolicy":"https:\/\/talkpal.ai\/actionable-feedback-policy\/","correctionsPolicy":"https:\/\/talkpal.ai\/corrections-policy\/","ethicsPolicy":"https:\/\/talkpal.ai\/ethics-policy\/","diversityPolicy":"https:\/\/talkpal.ai\/diversity-policy\/","diversityStaffingReport":"https:\/\/talkpal.ai\/diversity-policy\/"}]}},"_links":{"self":[{"href":"https:\/\/talkpal.ai\/sl\/wp-json\/wp\/v2\/pages\/1478200","targetHints":{"allow":["GET"]}}],"collection":[{"href":"https:\/\/talkpal.ai\/sl\/wp-json\/wp\/v2\/pages"}],"about":[{"href":"https:\/\/talkpal.ai\/sl\/wp-json\/wp\/v2\/types\/page"}],"author":[{"embeddable":true,"href":"https:\/\/talkpal.ai\/sl\/wp-json\/wp\/v2\/users\/20"}],"replies":[{"embeddable":true,"href":"https:\/\/talkpal.ai\/sl\/wp-json\/wp\/v2\/comments?post=1478200"}],"version-history":[{"count":0,"href":"https:\/\/talkpal.ai\/sl\/wp-json\/wp\/v2\/pages\/1478200\/revisions"}],"wp:attachment":[{"href":"https:\/\/talkpal.ai\/sl\/wp-json\/wp\/v2\/media?parent=1478200"}],"curies":[{"name":"wp","href":"https:\/\/api.w.org\/{rel}","templated":true}]}}