{"id":1478117,"date":"2025-11-12T16:33:49","date_gmt":"2025-11-12T16:33:49","guid":{"rendered":"https:\/\/talkpal.ai\/pandzabske-slovnicne-vaje\/"},"modified":"2025-12-30T11:19:58","modified_gmt":"2025-12-30T11:19:58","slug":"pandzabske-slovnicne-vaje","status":"publish","type":"page","link":"https:\/\/talkpal.ai\/sl\/pandzabske-slovnicne-vaje\/","title":{"rendered":"Pand\u017eabske slovni\u010dne vaje"},"content":{"rendered":"\r\n\r\n\r\n<section class=\"languageChallengeSection\">\r\n    <div class=\"languageInfoWrapper\">\r\n        \r\n        <h1>Pand\u017eabske slovni\u010dne vaje<\/h1>\r\n        <p>Ste se pripravljeni potopiti v pand\u017eabsko slovnico? \u010ce boste vadili nekaj osnov, se boste la\u017eje spoprijeli s tem edinstvenim in \u010dudovitim jezikom. Preizkusite te vaje, da okrepite svojo samozavest in se ob tem zabavate!<\/p>\r\n\r\n                            <a class=\"getStartedHidden\" href=\"https:\/\/app.talkpal.ai\/sl\/signup?lng=\">Za\u010dni<\/a>\r\n        \r\n    <\/div>\r\n\r\n    <figure>\r\n    <img decoding=\"async\" width=\"768\" height=\"768\" src=\"https:\/\/talkpal.ai\/wp-content\/uploads\/2023\/06\/welsh-768x768.png\" class=\"languageImage no-lazy\" alt=\"Language learning for better cognitive abilities\" fetchpriority=\"high\" sizes=\"(max-width: 768px) 150px, 768px\" srcset=\"https:\/\/talkpal.ai\/wp-content\/uploads\/2023\/06\/welsh-768x768.png 768w, https:\/\/talkpal.ai\/wp-content\/uploads\/2023\/06\/welsh-300x300.png 300w\" \/>\r\n    \r\n\r\n    <\/figure>\r\n\r\n            <a class=\"getStartedVisible\" href=\"https:\/\/app.talkpal.ai\/sl\/signup?lng=\">Za\u010dni<\/a>\r\n    \r\n<\/section><section class=\"promotionalBanner\">\r\n    <p class=\"promotionalText\">Naju\u010dinkovitej\u0161i na\u010din u\u010denja jezika<\/p>\r\n    <a class=\"promotionalLink\" href=\"https:\/\/app.talkpal.ai\/sl\/signup?lng=\">Preizkusite Talkpal brezpla\u010dno<\/a>\r\n<\/section>\n<div class=\"wp-block-group pageContainerStyle\"><div class=\"wp-block-group__inner-container is-layout-constrained wp-block-group-is-layout-constrained\">\n<h2 class=\"wp-block-heading\" id=\"h-punjabi-grammar-topics\">Teme pand\u017eabske slovnice<\/h2>\n\n\n\n<p><a href=\"https:\/\/talkpal.ai\/sl\/najvecje-napake-ki-se-jim-je-treba-izogniti-pri-ucenju-novega-jezika\/\">U\u010denje novega jezika<\/a> je lahko zahtevno, a koristno prizadevanje. <a href=\"https:\/\/talkpal.ai\/learn-punjabi\/\">Pand\u017eab\u0161\u010dina<\/a>, indoarijski jezik, ki se govori predvsem v regiji Pand\u017eab in v skupnostih diaspore, ni izjema. <a href=\"https:\/\/talkpal.ai\/sl\/talkpal-za-izobrazevanje\/\">U\u010denje<\/a> pand\u017eab\u0161\u010dine s svojimi edinstvenimi zna\u010dilnostmi in strukturami zahteva sistemati\u010den pristop k razumevanju njegove slovnice. Ta vodnik opisuje klju\u010dna podro\u010dja <a href=\"https:\/\/talkpal.ai\/sl\/pandzabska-slovnica\/\">pand\u017eabske slovnice <\/a>v logi\u010dnem zaporedju <a href=\"https:\/\/talkpal.ai\/sl\/talkpal-za-izobrazevanje\/\">za u\u010denje jezikov<\/a>, za\u010den\u0161i z osnovami, kot so samostalniki in \u010dleni, in napreduje do bolj zapletenih podro\u010dij, kot so \u010dasi in konstrukcija stavkov.<\/p>\n\n\n\n<h3 class=\"wp-block-heading\" id=\"h-1-nouns\">1. Samostalniki:<\/h3>\n\n\n\n<p>Za\u010dnite svoje pand\u017eabsko jezikovno potovanje z u\u010denjem samostalnikov. To vklju\u010duje razumevanje razli\u010dnih kategorij samostalnikov, kot so splo\u0161ni in lastni samostalniki, njihov spol (mo\u0161ki in \u017eenski) in njihove mno\u017einske oblike.<\/p>\n\n\n\n<h3 class=\"wp-block-heading\" id=\"h-2-articles\">2. \u010clanki:<\/h3>\n\n\n\n<p>\u010clanki v pand\u017eabskem jeziku se ne uporabljajo tako, kot so v <a href=\"https:\/\/talkpal.ai\/ai-english-speaking-practice\/\">angle\u0161\u010dini<\/a>. Pand\u017eab\u0161\u010dina nima dolo\u010denih ali nedolo\u010denih \u010dlenov; Dolo\u010dnost je izra\u017eena s kontekstom ali dokazi, \u0161tevilska IK pa lahko v nekaterih kontekstih deluje kot nedolo\u010den \u010dlen.<\/p>\n\n\n\n<h3 class=\"wp-block-heading\" id=\"h-3-adjectives\">3. Pridevniki:<\/h3>\n\n\n\n<p>Pridevniki v pand\u017eab\u0161\u010dini obi\u010dajno potekajo pred samostalniki in se ujemajo s samostalnikom v spolu, \u0161tevilu in primeru. Prav tako se boste morali nau\u010diti, kako se spreminjajo njihovi konci in kako oblikovati primerjalne in prese\u017ene vrednosti z besedami, kot sta hor in sabh ton.<\/p>\n\n\n\n<h3 class=\"wp-block-heading\" id=\"h-4-pronouns-determiners\">4. Zaimki\/dolo\u010devalci:<\/h3>\n\n\n\n<p>Zaimki in dolo\u010ditve so bistvenega pomena v pand\u017eab\u0161\u010dini; Nadome\u0161\u010dajo samostalnike in zagotavljajo informacije o koli\u010dini, posedovanju in \u0161e ve\u010d. Nau\u010dite se neposrednih in po\u0161evnih oblik, ki se uporabljajo pri postpozicijah, pa tudi demonstrativov, kot sta eh in oh, ter posesivnih, kot sta mera in tera, za u\u010dinkovito komunikacijo.<\/p>\n\n\n\n<h3 class=\"wp-block-heading\" id=\"h-5-verbs\">5. Glagoli:<\/h3>\n\n\n\n<p>Pand\u017eabski glagoli imajo razli\u010dne oblike, odvisno od \u010dasa, vidika, razpolo\u017eenja in glasu, in tesno sodelujejo s pomo\u017enim glagolom hona. Za\u010dnite s sedanjimi navadnimi oblikami in postopoma raziskujte dovr\u0161ene in prihodnje oblike.<\/p>\n\n\n\n<h3 class=\"wp-block-heading\" id=\"h-6-tenses\">6. \u010casi:<\/h3>\n\n\n\n<p>Po obvladovanju glagolskih oblik se poglobite v pand\u017eabske \u010dase. To vklju\u010duje razumevanje, kako se sedanji, pretekli in prihodnji \u010das izra\u017eajo s aspektnimi <a href=\"https:\/\/talkpal.ai\/sv\/grammar\/participform-i-katalansk-grammatik\/\">participi<\/a> s pomo\u017enimi ali s sinteti\u010dnimi prihodnjimi oblikami in kako se uporabljajo v razli\u010dnih kontekstih.<\/p>\n\n\n\n<h3 class=\"wp-block-heading\" id=\"h-7-tense-comparison\">7. Primerjava \u010dasov:<\/h3>\n\n\n\n<p>Primerjava \u010dasov v pand\u017eab\u0161\u010dini pomaga pri razumevanju zaporedja dogodkov. Primerjava istega glagola v razli\u010dnih \u010dasih in vidikih bo omogo\u010dila bolj\u0161e razumevanje vzorcev in uporabe dogovorov.<\/p>\n\n\n\n<h3 class=\"wp-block-heading\" id=\"h-8-progressive\">8. Progresivno:<\/h3>\n\n\n\n<p>Progresivni v pand\u017eab\u0161\u010dini se uporablja za izra\u017eanje teko\u010dih dejanj. Oblikuje se z uporabo progresivnega participa reha, rahi ali rahe z ustrezno obliko glagola biti.<\/p>\n\n\n\n<h3 class=\"wp-block-heading\" id=\"h-9-perfect-progressive\">9. Perfect Progressive:<\/h3>\n\n\n\n<p>Uporablja se za izra\u017eanje dejanj, ki so potekala do dolo\u010dene to\u010dke. V pand\u017eab\u0161\u010dini se oblikuje s progresivnim participom reha, rahi ali rahe skupaj s popolno ali preteklo obliko glagola biti.<\/p>\n\n\n\n<h3 class=\"wp-block-heading\" id=\"h-10-conditionals\">10. Pogoji:<\/h3>\n\n\n\n<p>Pogoji izra\u017eajo hipoteti\u010dne situacije in njihove mo\u017ene izide. So pomemben del pand\u017eabske slovnice in pogosto uporabljajo strukture z je in nato stavki, skupaj z ustreznimi glagolskimi oblikami ali modali, da dodajo nianse svojim jezikovnim znanjem.<\/p>\n\n\n\n<h3 class=\"wp-block-heading\" id=\"h-11-adverbs\">11. Prislovi:<\/h3>\n\n\n\n<p>Prislovi v pand\u017eab\u0161\u010dini spreminjajo glagole, pridevnike ali druge prislove. Zagotavljajo informacije o na\u010dinu, kraju, \u010dasu, stopnji in \u0161e ve\u010d ter so bistvenega pomena za natan\u010dno izra\u017eanje.<\/p>\n\n\n\n<h3 class=\"wp-block-heading\" id=\"h-12-prepositions\">12. Predlo\u017eki:<\/h3>\n\n\n\n<p>Pand\u017eab\u0161\u010dina uporablja postpozicije namesto predlogov; sledijo samostalniku in pogosto zahtevajo samostalnik v po\u0161evnem primeru. Izra\u017eajo odnose \u010dasa, kraja, smeri in \u0161e ve\u010d.<\/p>\n\n\n\n<h3 class=\"wp-block-heading\" id=\"h-13-sentences\">13. Stavki:<\/h3>\n\n\n\n<p>Kon\u010dno vadite konstruiranje stavkov. To bo vklju\u010devalo uporabo vseh predhodno nau\u010denih slovni\u010dnih to\u010dk v kontekstu, obi\u010dajno s predmetnim predmetom, glagolskim vrstnim redom besed in postpozicijami, s \u010dimer se zagotovi celovito razumevanje pand\u017eabskega jezika.<\/p>\n<\/div><\/div>\n\r\n<section class=\"learnNavigationSection\">\r\n            \r\n        <a href=\"https:\/\/talkpal.ai\/sl\/naucite-se-pandzabscine\/\">\r\n            <div class=\"learnNavigationWrapper\">\r\n                <div class=\"learnNavigationContent\">\r\n                    <img decoding=\"async\" src=\"https:\/\/talkpal.ai\/wp-content\/uploads\/2025\/11\/Punjabi.png\" alt=\"Indian Simplified Flag\">\r\n                    <div>\r\n                        <h4>O u\u010denju pand\u017eab\u0161\u010dine<\/h4>\r\n                        <p>Izvedite vse o pand\u017eabski slovnici.<\/p>\r\n                    <\/div>\r\n                <\/div>\r\n            <\/div>\r\n        <\/a>\r\n\r\n        \r\n        <a href=\"https:\/\/talkpal.ai\/sl\/pandzabska-slovnica\/\">\r\n            <div class=\"learnNavigationWrapper\">\r\n                <div class=\"learnNavigationContent\">\r\n                    <img decoding=\"async\" src=\"https:\/\/talkpal.ai\/wp-content\/uploads\/2025\/11\/Punjabi.png\" alt=\"Indian Simplified Flag\">\r\n                    <div>\r\n                        <h4>Lekcije pand\u017eabske slovnice<\/h4>\r\n                        <p>Vadite pand\u017eabsko slovnico.<\/p>\r\n                    <\/div>\r\n                <\/div>\r\n            <\/div>\r\n        <\/a>\r\n\r\n            <\/section>","protected":false},"excerpt":{"rendered":"<p>Teme pand\u017eabske slovnice U\u010denje novega jezika je lahko zahtevno, a koristno prizadevanje. Pand\u017eab\u0161\u010dina, indoarijski jezik, ki se govori predvsem v regiji Pand\u017eab in v skupnostih diaspore, ni izjema. U\u010denje pand\u017eab\u0161\u010dine s svojimi edinstvenimi zna\u010dilnostmi in strukturami zahteva sistemati\u010den pristop k razumevanju njegove slovnice. Ta vodnik opisuje klju\u010dna podro\u010dja pand\u017eabske slovnice v logi\u010dnem zaporedju za u\u010denje [&hellip;]<\/p>\n","protected":false},"author":20,"featured_media":0,"parent":0,"menu_order":0,"comment_status":"closed","ping_status":"closed","template":"LearningContentPage.php","meta":{"_acf_changed":false,"footnotes":""},"class_list":["post-1478117","page","type-page","status-publish","hentry"],"acf":[],"yoast_head":"<!-- This site is optimized with the Yoast SEO Premium plugin v27.2 (Yoast SEO v27.2) - https:\/\/yoast.com\/product\/yoast-seo-premium-wordpress\/ -->\n<title>Pand\u017eabske slovni\u010dne vaje - Talkpal<\/title>\n<meta name=\"description\" content=\"Osvojite pand\u017eabsko slovnico z interaktivnimi vajami, namenjenimi izbolj\u0161anju teko\u010dnosti in samozavesti v jeziku.\" \/>\n<meta name=\"robots\" content=\"index, follow, max-snippet:-1, max-image-preview:large, max-video-preview:-1\" \/>\n<link rel=\"canonical\" href=\"https:\/\/talkpal.ai\/sl\/pandzabske-slovnicne-vaje\/\" \/>\n<meta property=\"og:locale\" content=\"sl_SI\" \/>\n<meta property=\"og:type\" content=\"article\" \/>\n<meta property=\"og:title\" content=\"Pand\u017eabske slovni\u010dne vaje\" \/>\n<meta property=\"og:description\" content=\"Teme pand\u017eabske slovnice U\u010denje novega jezika je lahko zahtevno, a koristno prizadevanje. Pand\u017eab\u0161\u010dina, indoarijski jezik, ki se govori predvsem v regiji\" \/>\n<meta property=\"og:url\" content=\"https:\/\/talkpal.ai\/sl\/pandzabske-slovnicne-vaje\/\" \/>\n<meta property=\"og:site_name\" content=\"Talkpal\" \/>\n<meta property=\"article:publisher\" content=\"https:\/\/www.facebook.com\/profile.php?id=100090733639311\" \/>\n<meta property=\"article:modified_time\" content=\"2025-12-30T11:19:58+00:00\" \/>\n<meta property=\"og:image\" content=\"https:\/\/talkpal.ai\/wp-content\/uploads\/2025\/02\/Progress-tab-16_9.png\" \/>\n\t<meta property=\"og:image:width\" content=\"2880\" \/>\n\t<meta property=\"og:image:height\" content=\"1620\" \/>\n\t<meta property=\"og:image:type\" content=\"image\/png\" \/>\n<meta name=\"twitter:card\" content=\"summary_large_image\" \/>\n<meta name=\"twitter:site\" content=\"@talkpalai\" \/>\n<meta name=\"twitter:label1\" content=\"Est. reading time\" \/>\n\t<meta name=\"twitter:data1\" content=\"3 minute\" \/>\n<script type=\"application\/ld+json\" class=\"yoast-schema-graph\">{\"@context\":\"https:\/\/schema.org\",\"@graph\":[{\"@type\":\"WebPage\",\"@id\":\"https:\/\/talkpal.ai\/sl\/pandzabske-slovnicne-vaje\/\",\"url\":\"https:\/\/talkpal.ai\/sl\/pandzabske-slovnicne-vaje\/\",\"name\":\"Pand\u017eabske slovni\u010dne vaje - Talkpal\",\"isPartOf\":{\"@id\":\"https:\/\/talkpal.ai\/sl\/#website\"},\"datePublished\":\"2025-11-12T16:33:49+00:00\",\"dateModified\":\"2025-12-30T11:19:58+00:00\",\"description\":\"Osvojite pand\u017eabsko slovnico z interaktivnimi vajami, namenjenimi izbolj\u0161anju teko\u010dnosti in samozavesti v jeziku.\",\"breadcrumb\":{\"@id\":\"https:\/\/talkpal.ai\/sl\/pandzabske-slovnicne-vaje\/#breadcrumb\"},\"inLanguage\":\"sl-SI\",\"potentialAction\":[{\"@type\":\"ReadAction\",\"target\":[\"https:\/\/talkpal.ai\/sl\/pandzabske-slovnicne-vaje\/\"]}]},{\"@type\":\"BreadcrumbList\",\"@id\":\"https:\/\/talkpal.ai\/sl\/pandzabske-slovnicne-vaje\/#breadcrumb\",\"itemListElement\":[{\"@type\":\"ListItem\",\"position\":1,\"name\":\"Homepage\",\"item\":\"https:\/\/talkpal.ai\/sl\/\"},{\"@type\":\"ListItem\",\"position\":2,\"name\":\"Pand\u017eabske slovni\u010dne vaje\"}]},{\"@type\":\"WebSite\",\"@id\":\"https:\/\/talkpal.ai\/sl\/#website\",\"url\":\"https:\/\/talkpal.ai\/sl\/\",\"name\":\"Talkpal\",\"description\":\"AI Language Learning\",\"publisher\":{\"@id\":\"https:\/\/talkpal.ai\/sl\/#organization\"},\"alternateName\":\"Talkpal AI\",\"potentialAction\":[{\"@type\":\"SearchAction\",\"target\":{\"@type\":\"EntryPoint\",\"urlTemplate\":\"https:\/\/talkpal.ai\/sl\/?s={search_term_string}\"},\"query-input\":{\"@type\":\"PropertyValueSpecification\",\"valueRequired\":true,\"valueName\":\"search_term_string\"}}],\"inLanguage\":\"sl-SI\"},{\"@type\":\"Organization\",\"@id\":\"https:\/\/talkpal.ai\/sl\/#organization\",\"name\":\"Talkpal, Inc.\",\"alternateName\":\"Talkpal AI\",\"url\":\"https:\/\/talkpal.ai\/sl\/\",\"logo\":{\"@type\":\"ImageObject\",\"inLanguage\":\"sl-SI\",\"@id\":\"https:\/\/talkpal.ai\/sl\/#\/schema\/logo\/image\/\",\"url\":\"https:\/\/talkpal.ai\/wp-content\/uploads\/2024\/03\/Talkpal-Logo-Icon.png\",\"contentUrl\":\"https:\/\/talkpal.ai\/wp-content\/uploads\/2024\/03\/Talkpal-Logo-Icon.png\",\"width\":2880,\"height\":2880,\"caption\":\"Talkpal, Inc.\"},\"image\":{\"@id\":\"https:\/\/talkpal.ai\/sl\/#\/schema\/logo\/image\/\"},\"sameAs\":[\"https:\/\/www.facebook.com\/profile.php?id=100090733639311\",\"https:\/\/x.com\/talkpalai\",\"https:\/\/www.linkedin.com\/company\/talkpal\/\",\"https:\/\/www.youtube.com\/@TalkPal\/\",\"https:\/\/www.tiktok.com\/@talkpal\",\"https:\/\/www.instagram.com\/talkpal_ai\/\",\"https:\/\/www.crunchbase.com\/organization\/talkpal-9cde\",\"https:\/\/www.g2.com\/products\/talkpal-for-business\/\",\"https:\/\/www.trustpilot.com\/review\/talkpal.ai\",\"https:\/\/www.capterra.com\/p\/10006800\/TalkPal\/\"],\"description\":\"Talkpal is a language learning web and mobile education app, powered by the latest AI technologies, that provides engaging experiences to its customers in many different languages to help them improve their language skills. Users can chat about unlimited amount of topics with the app and use other modes to practice their language learning.\",\"email\":\"support@talkpal.ai\",\"legalName\":\"Talkpal, Inc.\",\"foundingDate\":\"2023-04-03\",\"duns\":\"118989042\",\"numberOfEmployees\":{\"@type\":\"QuantitativeValue\",\"minValue\":\"11\",\"maxValue\":\"50\"},\"publishingPrinciples\":\"https:\/\/talkpal.ai\/publishing-principles\/\",\"actionableFeedbackPolicy\":\"https:\/\/talkpal.ai\/actionable-feedback-policy\/\",\"correctionsPolicy\":\"https:\/\/talkpal.ai\/corrections-policy\/\",\"ethicsPolicy\":\"https:\/\/talkpal.ai\/ethics-policy\/\",\"diversityPolicy\":\"https:\/\/talkpal.ai\/diversity-policy\/\",\"diversityStaffingReport\":\"https:\/\/talkpal.ai\/diversity-policy\/\"}]}<\/script>\n<!-- \/ Yoast SEO Premium plugin. -->","yoast_head_json":{"title":"Pand\u017eabske slovni\u010dne vaje - Talkpal","description":"Osvojite pand\u017eabsko slovnico z interaktivnimi vajami, namenjenimi izbolj\u0161anju teko\u010dnosti in samozavesti v jeziku.","robots":{"index":"index","follow":"follow","max-snippet":"max-snippet:-1","max-image-preview":"max-image-preview:large","max-video-preview":"max-video-preview:-1"},"canonical":"https:\/\/talkpal.ai\/sl\/pandzabske-slovnicne-vaje\/","og_locale":"sl_SI","og_type":"article","og_title":"Pand\u017eabske slovni\u010dne vaje","og_description":"Teme pand\u017eabske slovnice U\u010denje novega jezika je lahko zahtevno, a koristno prizadevanje. Pand\u017eab\u0161\u010dina, indoarijski jezik, ki se govori predvsem v regiji","og_url":"https:\/\/talkpal.ai\/sl\/pandzabske-slovnicne-vaje\/","og_site_name":"Talkpal","article_publisher":"https:\/\/www.facebook.com\/profile.php?id=100090733639311","article_modified_time":"2025-12-30T11:19:58+00:00","og_image":[{"width":2880,"height":1620,"url":"https:\/\/talkpal.ai\/wp-content\/uploads\/2025\/02\/Progress-tab-16_9.png","type":"image\/png"}],"twitter_card":"summary_large_image","twitter_site":"@talkpalai","twitter_misc":{"Est. reading time":"3 minute"},"schema":{"@context":"https:\/\/schema.org","@graph":[{"@type":"WebPage","@id":"https:\/\/talkpal.ai\/sl\/pandzabske-slovnicne-vaje\/","url":"https:\/\/talkpal.ai\/sl\/pandzabske-slovnicne-vaje\/","name":"Pand\u017eabske slovni\u010dne vaje - Talkpal","isPartOf":{"@id":"https:\/\/talkpal.ai\/sl\/#website"},"datePublished":"2025-11-12T16:33:49+00:00","dateModified":"2025-12-30T11:19:58+00:00","description":"Osvojite pand\u017eabsko slovnico z interaktivnimi vajami, namenjenimi izbolj\u0161anju teko\u010dnosti in samozavesti v jeziku.","breadcrumb":{"@id":"https:\/\/talkpal.ai\/sl\/pandzabske-slovnicne-vaje\/#breadcrumb"},"inLanguage":"sl-SI","potentialAction":[{"@type":"ReadAction","target":["https:\/\/talkpal.ai\/sl\/pandzabske-slovnicne-vaje\/"]}]},{"@type":"BreadcrumbList","@id":"https:\/\/talkpal.ai\/sl\/pandzabske-slovnicne-vaje\/#breadcrumb","itemListElement":[{"@type":"ListItem","position":1,"name":"Homepage","item":"https:\/\/talkpal.ai\/sl\/"},{"@type":"ListItem","position":2,"name":"Pand\u017eabske slovni\u010dne vaje"}]},{"@type":"WebSite","@id":"https:\/\/talkpal.ai\/sl\/#website","url":"https:\/\/talkpal.ai\/sl\/","name":"Talkpal","description":"AI Language Learning","publisher":{"@id":"https:\/\/talkpal.ai\/sl\/#organization"},"alternateName":"Talkpal AI","potentialAction":[{"@type":"SearchAction","target":{"@type":"EntryPoint","urlTemplate":"https:\/\/talkpal.ai\/sl\/?s={search_term_string}"},"query-input":{"@type":"PropertyValueSpecification","valueRequired":true,"valueName":"search_term_string"}}],"inLanguage":"sl-SI"},{"@type":"Organization","@id":"https:\/\/talkpal.ai\/sl\/#organization","name":"Talkpal, Inc.","alternateName":"Talkpal AI","url":"https:\/\/talkpal.ai\/sl\/","logo":{"@type":"ImageObject","inLanguage":"sl-SI","@id":"https:\/\/talkpal.ai\/sl\/#\/schema\/logo\/image\/","url":"https:\/\/talkpal.ai\/wp-content\/uploads\/2024\/03\/Talkpal-Logo-Icon.png","contentUrl":"https:\/\/talkpal.ai\/wp-content\/uploads\/2024\/03\/Talkpal-Logo-Icon.png","width":2880,"height":2880,"caption":"Talkpal, Inc."},"image":{"@id":"https:\/\/talkpal.ai\/sl\/#\/schema\/logo\/image\/"},"sameAs":["https:\/\/www.facebook.com\/profile.php?id=100090733639311","https:\/\/x.com\/talkpalai","https:\/\/www.linkedin.com\/company\/talkpal\/","https:\/\/www.youtube.com\/@TalkPal\/","https:\/\/www.tiktok.com\/@talkpal","https:\/\/www.instagram.com\/talkpal_ai\/","https:\/\/www.crunchbase.com\/organization\/talkpal-9cde","https:\/\/www.g2.com\/products\/talkpal-for-business\/","https:\/\/www.trustpilot.com\/review\/talkpal.ai","https:\/\/www.capterra.com\/p\/10006800\/TalkPal\/"],"description":"Talkpal is a language learning web and mobile education app, powered by the latest AI technologies, that provides engaging experiences to its customers in many different languages to help them improve their language skills. Users can chat about unlimited amount of topics with the app and use other modes to practice their language learning.","email":"support@talkpal.ai","legalName":"Talkpal, Inc.","foundingDate":"2023-04-03","duns":"118989042","numberOfEmployees":{"@type":"QuantitativeValue","minValue":"11","maxValue":"50"},"publishingPrinciples":"https:\/\/talkpal.ai\/publishing-principles\/","actionableFeedbackPolicy":"https:\/\/talkpal.ai\/actionable-feedback-policy\/","correctionsPolicy":"https:\/\/talkpal.ai\/corrections-policy\/","ethicsPolicy":"https:\/\/talkpal.ai\/ethics-policy\/","diversityPolicy":"https:\/\/talkpal.ai\/diversity-policy\/","diversityStaffingReport":"https:\/\/talkpal.ai\/diversity-policy\/"}]}},"_links":{"self":[{"href":"https:\/\/talkpal.ai\/sl\/wp-json\/wp\/v2\/pages\/1478117","targetHints":{"allow":["GET"]}}],"collection":[{"href":"https:\/\/talkpal.ai\/sl\/wp-json\/wp\/v2\/pages"}],"about":[{"href":"https:\/\/talkpal.ai\/sl\/wp-json\/wp\/v2\/types\/page"}],"author":[{"embeddable":true,"href":"https:\/\/talkpal.ai\/sl\/wp-json\/wp\/v2\/users\/20"}],"replies":[{"embeddable":true,"href":"https:\/\/talkpal.ai\/sl\/wp-json\/wp\/v2\/comments?post=1478117"}],"version-history":[{"count":0,"href":"https:\/\/talkpal.ai\/sl\/wp-json\/wp\/v2\/pages\/1478117\/revisions"}],"wp:attachment":[{"href":"https:\/\/talkpal.ai\/sl\/wp-json\/wp\/v2\/media?parent=1478117"}],"curies":[{"name":"wp","href":"https:\/\/api.w.org\/{rel}","templated":true}]}}