{"id":1478028,"date":"2025-11-12T16:07:26","date_gmt":"2025-11-12T16:07:26","guid":{"rendered":"https:\/\/talkpal.ai\/oriya-slovnica\/"},"modified":"2025-12-30T12:44:20","modified_gmt":"2025-12-30T12:44:20","slug":"oriya-slovnica","status":"publish","type":"page","link":"https:\/\/talkpal.ai\/sl\/oriya-slovnica\/","title":{"rendered":"Odijska slovnica"},"content":{"rendered":"\r\n\r\n\r\n<section class=\"languageChallengeSection\">\r\n    <div class=\"languageInfoWrapper\">\r\n        \r\n        <h1>Odijska slovnica<\/h1>\r\n        <p>Odijska <a href=\"https:\/\/talkpal.ai\/grammar\/\">slovnica<\/a> se sprva morda zdi zahtevna, a njene edinstvene zna\u010dilnosti naredijo u\u010denje jezika nagrajujo\u010do izku\u0161njo. Z raziskovanjem abecede, mutacij in slovni\u010dnih pravil boste dobili vpogled v bogato jezikovno tradicijo. Za\u010dnite svojo pot in odkrijte lepoto Odie!<\/p>\r\n\r\n                            <a class=\"getStartedHidden\" href=\"https:\/\/app.talkpal.ai\/sl\/signup?lng=\">Za\u010dni<\/a>\r\n        \r\n    <\/div>\r\n\r\n    <figure>\r\n    <img decoding=\"async\" width=\"768\" height=\"768\" src=\"https:\/\/talkpal.ai\/wp-content\/uploads\/2023\/06\/welsh-768x768.png\" class=\"languageImage no-lazy\" alt=\"Language learning for better cognitive abilities\" fetchpriority=\"high\" sizes=\"(max-width: 768px) 150px, 768px\" srcset=\"https:\/\/talkpal.ai\/wp-content\/uploads\/2023\/06\/welsh-768x768.png 768w, https:\/\/talkpal.ai\/wp-content\/uploads\/2023\/06\/welsh-300x300.png 300w\" \/>\r\n    \r\n\r\n    <\/figure>\r\n\r\n            <a class=\"getStartedVisible\" href=\"https:\/\/app.talkpal.ai\/sl\/signup?lng=\">Za\u010dni<\/a>\r\n    \r\n<\/section><section class=\"promotionalBanner\">\r\n    <p class=\"promotionalText\">Naju\u010dinkovitej\u0161i na\u010din u\u010denja jezika<\/p>\r\n    <a class=\"promotionalLink\" href=\"https:\/\/app.talkpal.ai\/sl\/signup?lng=\">Preizkusite Talkpal brezpla\u010dno<\/a>\r\n<\/section>\n<div class=\"wp-block-group pageContainerStyle\"><div class=\"wp-block-group__inner-container is-layout-constrained wp-block-group-is-layout-constrained\">\n<h2 class=\"wp-block-heading\" id=\"h-navigating-the-intricacies-of-odia-grammar\">Navigacija po zapletenostih odijske slovnice<\/h2>\n\n\n\n<p><a href=\"https:\/\/talkpal.ai\/learn-oriya\/\">Odia<\/a>, znan tudi kot <a href=\"https:\/\/talkpal.ai\/learn-odia\/\">Odia<\/a>, je indoarijski jezik z bogato literarno tradicijo in globokimi kulturnimi koreninami v vzhodni Indiji. Ponuja vznemirljivo jezikovno izku\u0161njo za u\u010dence, ki \u017eelijo raziskati njegov zna\u010dilen slovni\u010dni sistem. Ko se podate v svet Odije, ne boste le obogatili svojega jezikovnega repertoarja, temve\u010d boste sprejeli tudi fascinantno kulturno potovanje. \u010ceprav se odijska slovnica na prvi pogled zdi zapletena, razdelitev na osnovne sestavine naredi u\u010denje jezika bolj dostopno. V tem \u010dlanku bomo raziskali o\u010darljiv svet slovnice <a href=\"https:\/\/talkpal.ai\/sl\/naucite-se-oriya\/\">odijskega jezika<\/a> in podali nasvete, kako obvladati njene zapletenosti.<\/p>\n\n\n\n<h3 class=\"wp-block-heading\" id=\"h-1-odia-alphabet-and-phonetics\">1. Odijska abeceda in fonetika<\/h3>\n\n\n\n<p>Odijska pisava je abugida z 11 samoglasniki in pribli\u017eno 35 soglasniki, skupaj z diakriti\u010dnimi znaki in konjunktivnimi soglasniki. Vklju\u010duje retrofleksne in aspirirane zvoke, ki so zna\u010dilni za indoarijske jezike. Poznavanje pisave, samoglasni\u0161kih znakov in konjunkcijskih grozdov je klju\u010dnega pomena za obvladovanje izgovorjave in branja. Vadite z branjem in pisanjem v odij\u0161\u010dini, da ponotranjite povezavo med zvokom in simbolom.<\/p>\n\n\n\n<h3 class=\"wp-block-heading\" id=\"h-2-case-markers-and-postpositions-a-distinctive-odia-feature\">2. Ozna\u010devalci primerov in postpozicije: zna\u010dilna zna\u010dilnost odijskega jezika<\/h3>\n\n\n\n<p>Izstopajo\u010d vidik odijske slovnice je uporaba sklonskih ozna\u010devalcev in postpozicij namesto predlogov. Skupni ozna\u010devalci vklju\u010dujejo ku za akuzativne in dativne vloge, ra za genitiv, re za lokativ, ru za ablativ, saha za komitativno, dwara za instrumentalno ali agentivno in bole\u010dino za namen. Razumevanje, kako se ti ozna\u010devalci pritrdijo na samostalnike in zaimke, je klju\u010dno za natan\u010dno komunikacijo v odiji.<\/p>\n\n\n\n<h3 class=\"wp-block-heading\" id=\"h-3-nouns-and-pronouns-gender-and-cases\">3. Samostalniki in zaimki: spol in primeri<\/h3>\n\n\n\n<p>Odijski samostalniki nimajo slovni\u010dnega spola, mno\u017eina pa se razlikuje glede na vrsto samostalnika in kontekst. \u010clove\u0161ki in \u017eivi samostalniki pogosto prevzamejo mno\u017einsko pripono -mane, medtem ko lahko ne\u017eivi samostalniki uporabljajo -gudika ali ostanejo neozna\u010deni, \u010de je mno\u017eina jasna iz konteksta. Zaimki vklju\u010dujejo osebne, posesivne, refleksivne, demonstrativne in spra\u0161evalne sklope, s \u010dastnimi razlikami: mu I, tume you informal, apana you civile, se he ali ona, semane they. Posesivni vklju\u010dujejo <a href=\"https:\/\/talkpal.ai\/locations\/language-courses-in-mora\/\">mora<\/a> my, tora ur, apanangkara va\u0161 vljuden, tara njegov ali ona. Spoznavanje teh oblik in njihovih razli\u010dic z velikimi \u010drkami bo bistveno izbolj\u0161alo va\u0161e razumevanje slovnice odij\u0161\u010dine.<\/p>\n\n\n\n<h3 class=\"wp-block-heading\" id=\"h-4-verbs-structure-and-conjugation\">4. Glagoli: struktura in konjugacija<\/h3>\n\n\n\n<p>Odijski glagoli se spreminjajo za \u010das, vidik, na\u010din in soglasje, pri \u010demer \u010dastne ravni vplivajo na glagolske oblike. Jedrne formacije s \u010dasovnim vidikom vklju\u010dujejo sedanjo progresivno v -uchi, preprosto preteklost v -ila in prihodnost v -iba, skupaj s sestavljenimi konstrukcijami in pomo\u017enimi elementi. Aktivno se uporabljajo pogojna in imperativna razpolo\u017eenja. U\u010denje vzorcev spregajanja in kako vplivajo na osebo ter vljudnost bo izbolj\u0161alo tvojo sposobnost u\u010dinkovite komunikacije v odij\u0161\u010dini.<\/p>\n\n\n\n<h3 class=\"wp-block-heading\" id=\"h-5-adjectives-agreement-and-placement\">5. Pridevniki: dogovor in namestitev<\/h3>\n\n\n\n<p>V odijski slovnici pridevniki obi\u010dajno predhajajo samostalniku, ki ga spreminjajo, in se obi\u010dajno ne spreminjajo zaradi \u0161tevila ali spola. Primerjalni in prese\u017eniki se obi\u010dajno tvorijo s prislovi, kot sta adhika more in sabutharu most, \u010deprav lahko oblike tatsama uporabljajo tudi pripone v formalnih registrih. Obvladovanje teh vzorcev pomaga, da govor zveni naravno in idiomati\u010dno.<\/p>\n\n\n\n<p><strong>Primeri:<\/strong><\/p>\n\n\n\n<p><strong>\u2013 Bada Prema (Velika ljubezen)  <\/strong><\/p>\n\n\n\n<p><strong>\u2013 Chhota pilamane (majhni otroci)<\/strong><\/p>\n\n\n\n<h3 class=\"wp-block-heading\" id=\"h-6-engaging-with-the-language\">6. Sodelovanje z jezikom<\/h3>\n\n\n\n<p>Naju\u010dinkovitej\u0161i na\u010din za popolno razumevanje in ponotranjenje <a href=\"https:\/\/talkpal.ai\/sl\/slovnicne-vaje-oriya\/\">odijskega slovnice<\/a> je, da se dosledno ukvarjate z jezikom. Z branjem literature v odijskem jeziku, gledanjem odijskih filmov ali televizijskih serij, spremljanjem novic v odij\u0161\u010dini in aktivnim komuniciranjem z naravnimi govorci boste utrdili svoje razumevanje slovnice in hkrati raz\u0161irili svoj besedni zaklad.<\/p>\n\n\n\n<h3 class=\"wp-block-heading\" id=\"h-conclusion\">Zaklju\u010dek<\/h3>\n\n\n\n<p>\u010ceprav se odijska slovnica morda zdi zapletena, lahko z predanostjo, vajo in navdu\u0161enjem postanete ve\u0161\u010di tega \u010dudovitega jezika. S poudarkom na temeljnih pravilih in vklju\u010devanjem v jezik v razli\u010dnih kontekstih boste hitro izbolj\u0161ali <a href=\"https:\/\/talkpal.ai\/sl\/gramatika\/\">svoje slovni\u010dne spretnosti<\/a> odijske jezike. Subha kamana (sre\u010dno) na va\u0161i jezikovni <a href=\"https:\/\/talkpal.ai\/locations\/learn-english-in-poti\/\">poti<\/a> v odijskem jeziku in u\u017eivajte v razkrivanju elegantnega, a o\u010darljivega sveta odijskega slovnice!<\/p>\n<\/div><\/div>\n\r\n<section class=\"learnNavigationSection\">\r\n            \r\n        <a href=\"https:\/\/talkpal.ai\/sl\/naucite-se-oriya\/\">\r\n            <div class=\"learnNavigationWrapper\">\r\n                <div class=\"learnNavigationContent\">\r\n                    <img decoding=\"async\" src=\"https:\/\/talkpal.ai\/wp-content\/uploads\/2025\/11\/Oriya.png\" alt=\"Indian Simplified Flag\">\r\n                    <div>\r\n                        <h4>O u\u010denju odijskega jezika<\/h4>\r\n                        <p>Izvedite vse o slovnici v odijskem jeziku.<\/p>\r\n                    <\/div>\r\n                <\/div>\r\n            <\/div>\r\n        <\/a>\r\n\r\n        \r\n        <a href=\"https:\/\/talkpal.ai\/sl\/slovnicne-vaje-oriya\/\">\r\n            <div class=\"learnNavigationWrapper\">\r\n                <div class=\"learnNavigationContent\">\r\n                    <img decoding=\"async\" src=\"https:\/\/talkpal.ai\/wp-content\/uploads\/2025\/11\/Oriya.png\" alt=\"Indian Simplified Flag\">\r\n                    <div>\r\n                        <h4>Vaja slovnice odijskega jezika<\/h4>\r\n                        <p>Vadite slovnico odijskega jezika.<\/p>\r\n                    <\/div>\r\n                <\/div>\r\n            <\/div>\r\n        <\/a>\r\n\r\n            <\/section>","protected":false},"excerpt":{"rendered":"<p>Navigacija po zapletenostih odijske slovnice Odia, znan tudi kot Odia, je indoarijski jezik z bogato literarno tradicijo in globokimi kulturnimi koreninami v vzhodni Indiji. Ponuja vznemirljivo jezikovno izku\u0161njo za u\u010dence, ki \u017eelijo raziskati njegov zna\u010dilen slovni\u010dni sistem. Ko se podate v svet Odije, ne boste le obogatili svojega jezikovnega repertoarja, temve\u010d boste sprejeli tudi fascinantno [&hellip;]<\/p>\n","protected":false},"author":20,"featured_media":0,"parent":0,"menu_order":0,"comment_status":"closed","ping_status":"closed","template":"LearningContentPage.php","meta":{"_acf_changed":false,"footnotes":""},"class_list":["post-1478028","page","type-page","status-publish","hentry"],"acf":[],"yoast_head":"<!-- This site is optimized with the Yoast SEO Premium plugin v27.2 (Yoast SEO v27.2) - https:\/\/yoast.com\/product\/yoast-seo-premium-wordpress\/ -->\n<title>Odijska slovnica - Talkpal<\/title>\n<meta name=\"description\" content=\"Osvojite osnove odijske slovnice, vklju\u010dno z abecedo, ozna\u010devalniki primerov in glagoli, z na\u0161im iz\u010drpnim jezikovnim u\u010dnim priro\u010dnikom.\" \/>\n<meta name=\"robots\" content=\"index, follow, max-snippet:-1, max-image-preview:large, max-video-preview:-1\" \/>\n<link rel=\"canonical\" href=\"https:\/\/talkpal.ai\/sl\/oriya-slovnica\/\" \/>\n<meta property=\"og:locale\" content=\"sl_SI\" \/>\n<meta property=\"og:type\" content=\"article\" \/>\n<meta property=\"og:title\" content=\"Odijska slovnica\" \/>\n<meta property=\"og:description\" content=\"Navigacija po zapletenostih odijske slovnice Odia, znan tudi kot Odia, je indoarijski jezik z bogato literarno tradicijo in globokimi kulturnimi\" \/>\n<meta property=\"og:url\" content=\"https:\/\/talkpal.ai\/sl\/oriya-slovnica\/\" \/>\n<meta property=\"og:site_name\" content=\"Talkpal\" \/>\n<meta property=\"article:publisher\" content=\"https:\/\/www.facebook.com\/profile.php?id=100090733639311\" \/>\n<meta property=\"article:modified_time\" content=\"2025-12-30T12:44:20+00:00\" \/>\n<meta property=\"og:image\" content=\"https:\/\/talkpal.ai\/wp-content\/uploads\/2025\/02\/Progress-tab-16_9.png\" \/>\n\t<meta property=\"og:image:width\" content=\"2880\" \/>\n\t<meta property=\"og:image:height\" content=\"1620\" \/>\n\t<meta property=\"og:image:type\" content=\"image\/png\" \/>\n<meta name=\"twitter:card\" content=\"summary_large_image\" \/>\n<meta name=\"twitter:site\" content=\"@talkpalai\" \/>\n<meta name=\"twitter:label1\" content=\"Est. reading time\" \/>\n\t<meta name=\"twitter:data1\" content=\"3 minute\" \/>\n<script type=\"application\/ld+json\" class=\"yoast-schema-graph\">{\"@context\":\"https:\/\/schema.org\",\"@graph\":[{\"@type\":\"WebPage\",\"@id\":\"https:\/\/talkpal.ai\/sl\/oriya-slovnica\/\",\"url\":\"https:\/\/talkpal.ai\/sl\/oriya-slovnica\/\",\"name\":\"Odijska slovnica - Talkpal\",\"isPartOf\":{\"@id\":\"https:\/\/talkpal.ai\/sl\/#website\"},\"datePublished\":\"2025-11-12T16:07:26+00:00\",\"dateModified\":\"2025-12-30T12:44:20+00:00\",\"description\":\"Osvojite osnove odijske slovnice, vklju\u010dno z abecedo, ozna\u010devalniki primerov in glagoli, z na\u0161im iz\u010drpnim jezikovnim u\u010dnim priro\u010dnikom.\",\"breadcrumb\":{\"@id\":\"https:\/\/talkpal.ai\/sl\/oriya-slovnica\/#breadcrumb\"},\"inLanguage\":\"sl-SI\",\"potentialAction\":[{\"@type\":\"ReadAction\",\"target\":[\"https:\/\/talkpal.ai\/sl\/oriya-slovnica\/\"]}]},{\"@type\":\"BreadcrumbList\",\"@id\":\"https:\/\/talkpal.ai\/sl\/oriya-slovnica\/#breadcrumb\",\"itemListElement\":[{\"@type\":\"ListItem\",\"position\":1,\"name\":\"Homepage\",\"item\":\"https:\/\/talkpal.ai\/sl\/\"},{\"@type\":\"ListItem\",\"position\":2,\"name\":\"Odijska slovnica\"}]},{\"@type\":\"WebSite\",\"@id\":\"https:\/\/talkpal.ai\/sl\/#website\",\"url\":\"https:\/\/talkpal.ai\/sl\/\",\"name\":\"Talkpal\",\"description\":\"AI Language Learning\",\"publisher\":{\"@id\":\"https:\/\/talkpal.ai\/sl\/#organization\"},\"alternateName\":\"Talkpal AI\",\"potentialAction\":[{\"@type\":\"SearchAction\",\"target\":{\"@type\":\"EntryPoint\",\"urlTemplate\":\"https:\/\/talkpal.ai\/sl\/?s={search_term_string}\"},\"query-input\":{\"@type\":\"PropertyValueSpecification\",\"valueRequired\":true,\"valueName\":\"search_term_string\"}}],\"inLanguage\":\"sl-SI\"},{\"@type\":\"Organization\",\"@id\":\"https:\/\/talkpal.ai\/sl\/#organization\",\"name\":\"Talkpal, Inc.\",\"alternateName\":\"Talkpal AI\",\"url\":\"https:\/\/talkpal.ai\/sl\/\",\"logo\":{\"@type\":\"ImageObject\",\"inLanguage\":\"sl-SI\",\"@id\":\"https:\/\/talkpal.ai\/sl\/#\/schema\/logo\/image\/\",\"url\":\"https:\/\/talkpal.ai\/wp-content\/uploads\/2024\/03\/Talkpal-Logo-Icon.png\",\"contentUrl\":\"https:\/\/talkpal.ai\/wp-content\/uploads\/2024\/03\/Talkpal-Logo-Icon.png\",\"width\":2880,\"height\":2880,\"caption\":\"Talkpal, Inc.\"},\"image\":{\"@id\":\"https:\/\/talkpal.ai\/sl\/#\/schema\/logo\/image\/\"},\"sameAs\":[\"https:\/\/www.facebook.com\/profile.php?id=100090733639311\",\"https:\/\/x.com\/talkpalai\",\"https:\/\/www.linkedin.com\/company\/talkpal\/\",\"https:\/\/www.youtube.com\/@TalkPal\/\",\"https:\/\/www.tiktok.com\/@talkpal\",\"https:\/\/www.instagram.com\/talkpal_ai\/\",\"https:\/\/www.crunchbase.com\/organization\/talkpal-9cde\",\"https:\/\/www.g2.com\/products\/talkpal-for-business\/\",\"https:\/\/www.trustpilot.com\/review\/talkpal.ai\",\"https:\/\/www.capterra.com\/p\/10006800\/TalkPal\/\"],\"description\":\"Talkpal is a language learning web and mobile education app, powered by the latest AI technologies, that provides engaging experiences to its customers in many different languages to help them improve their language skills. Users can chat about unlimited amount of topics with the app and use other modes to practice their language learning.\",\"email\":\"support@talkpal.ai\",\"legalName\":\"Talkpal, Inc.\",\"foundingDate\":\"2023-04-03\",\"duns\":\"118989042\",\"numberOfEmployees\":{\"@type\":\"QuantitativeValue\",\"minValue\":\"11\",\"maxValue\":\"50\"},\"publishingPrinciples\":\"https:\/\/talkpal.ai\/publishing-principles\/\",\"actionableFeedbackPolicy\":\"https:\/\/talkpal.ai\/actionable-feedback-policy\/\",\"correctionsPolicy\":\"https:\/\/talkpal.ai\/corrections-policy\/\",\"ethicsPolicy\":\"https:\/\/talkpal.ai\/ethics-policy\/\",\"diversityPolicy\":\"https:\/\/talkpal.ai\/diversity-policy\/\",\"diversityStaffingReport\":\"https:\/\/talkpal.ai\/diversity-policy\/\"}]}<\/script>\n<!-- \/ Yoast SEO Premium plugin. -->","yoast_head_json":{"title":"Odijska slovnica - Talkpal","description":"Osvojite osnove odijske slovnice, vklju\u010dno z abecedo, ozna\u010devalniki primerov in glagoli, z na\u0161im iz\u010drpnim jezikovnim u\u010dnim priro\u010dnikom.","robots":{"index":"index","follow":"follow","max-snippet":"max-snippet:-1","max-image-preview":"max-image-preview:large","max-video-preview":"max-video-preview:-1"},"canonical":"https:\/\/talkpal.ai\/sl\/oriya-slovnica\/","og_locale":"sl_SI","og_type":"article","og_title":"Odijska slovnica","og_description":"Navigacija po zapletenostih odijske slovnice Odia, znan tudi kot Odia, je indoarijski jezik z bogato literarno tradicijo in globokimi kulturnimi","og_url":"https:\/\/talkpal.ai\/sl\/oriya-slovnica\/","og_site_name":"Talkpal","article_publisher":"https:\/\/www.facebook.com\/profile.php?id=100090733639311","article_modified_time":"2025-12-30T12:44:20+00:00","og_image":[{"width":2880,"height":1620,"url":"https:\/\/talkpal.ai\/wp-content\/uploads\/2025\/02\/Progress-tab-16_9.png","type":"image\/png"}],"twitter_card":"summary_large_image","twitter_site":"@talkpalai","twitter_misc":{"Est. reading time":"3 minute"},"schema":{"@context":"https:\/\/schema.org","@graph":[{"@type":"WebPage","@id":"https:\/\/talkpal.ai\/sl\/oriya-slovnica\/","url":"https:\/\/talkpal.ai\/sl\/oriya-slovnica\/","name":"Odijska slovnica - Talkpal","isPartOf":{"@id":"https:\/\/talkpal.ai\/sl\/#website"},"datePublished":"2025-11-12T16:07:26+00:00","dateModified":"2025-12-30T12:44:20+00:00","description":"Osvojite osnove odijske slovnice, vklju\u010dno z abecedo, ozna\u010devalniki primerov in glagoli, z na\u0161im iz\u010drpnim jezikovnim u\u010dnim priro\u010dnikom.","breadcrumb":{"@id":"https:\/\/talkpal.ai\/sl\/oriya-slovnica\/#breadcrumb"},"inLanguage":"sl-SI","potentialAction":[{"@type":"ReadAction","target":["https:\/\/talkpal.ai\/sl\/oriya-slovnica\/"]}]},{"@type":"BreadcrumbList","@id":"https:\/\/talkpal.ai\/sl\/oriya-slovnica\/#breadcrumb","itemListElement":[{"@type":"ListItem","position":1,"name":"Homepage","item":"https:\/\/talkpal.ai\/sl\/"},{"@type":"ListItem","position":2,"name":"Odijska slovnica"}]},{"@type":"WebSite","@id":"https:\/\/talkpal.ai\/sl\/#website","url":"https:\/\/talkpal.ai\/sl\/","name":"Talkpal","description":"AI Language Learning","publisher":{"@id":"https:\/\/talkpal.ai\/sl\/#organization"},"alternateName":"Talkpal AI","potentialAction":[{"@type":"SearchAction","target":{"@type":"EntryPoint","urlTemplate":"https:\/\/talkpal.ai\/sl\/?s={search_term_string}"},"query-input":{"@type":"PropertyValueSpecification","valueRequired":true,"valueName":"search_term_string"}}],"inLanguage":"sl-SI"},{"@type":"Organization","@id":"https:\/\/talkpal.ai\/sl\/#organization","name":"Talkpal, Inc.","alternateName":"Talkpal AI","url":"https:\/\/talkpal.ai\/sl\/","logo":{"@type":"ImageObject","inLanguage":"sl-SI","@id":"https:\/\/talkpal.ai\/sl\/#\/schema\/logo\/image\/","url":"https:\/\/talkpal.ai\/wp-content\/uploads\/2024\/03\/Talkpal-Logo-Icon.png","contentUrl":"https:\/\/talkpal.ai\/wp-content\/uploads\/2024\/03\/Talkpal-Logo-Icon.png","width":2880,"height":2880,"caption":"Talkpal, Inc."},"image":{"@id":"https:\/\/talkpal.ai\/sl\/#\/schema\/logo\/image\/"},"sameAs":["https:\/\/www.facebook.com\/profile.php?id=100090733639311","https:\/\/x.com\/talkpalai","https:\/\/www.linkedin.com\/company\/talkpal\/","https:\/\/www.youtube.com\/@TalkPal\/","https:\/\/www.tiktok.com\/@talkpal","https:\/\/www.instagram.com\/talkpal_ai\/","https:\/\/www.crunchbase.com\/organization\/talkpal-9cde","https:\/\/www.g2.com\/products\/talkpal-for-business\/","https:\/\/www.trustpilot.com\/review\/talkpal.ai","https:\/\/www.capterra.com\/p\/10006800\/TalkPal\/"],"description":"Talkpal is a language learning web and mobile education app, powered by the latest AI technologies, that provides engaging experiences to its customers in many different languages to help them improve their language skills. Users can chat about unlimited amount of topics with the app and use other modes to practice their language learning.","email":"support@talkpal.ai","legalName":"Talkpal, Inc.","foundingDate":"2023-04-03","duns":"118989042","numberOfEmployees":{"@type":"QuantitativeValue","minValue":"11","maxValue":"50"},"publishingPrinciples":"https:\/\/talkpal.ai\/publishing-principles\/","actionableFeedbackPolicy":"https:\/\/talkpal.ai\/actionable-feedback-policy\/","correctionsPolicy":"https:\/\/talkpal.ai\/corrections-policy\/","ethicsPolicy":"https:\/\/talkpal.ai\/ethics-policy\/","diversityPolicy":"https:\/\/talkpal.ai\/diversity-policy\/","diversityStaffingReport":"https:\/\/talkpal.ai\/diversity-policy\/"}]}},"_links":{"self":[{"href":"https:\/\/talkpal.ai\/sl\/wp-json\/wp\/v2\/pages\/1478028","targetHints":{"allow":["GET"]}}],"collection":[{"href":"https:\/\/talkpal.ai\/sl\/wp-json\/wp\/v2\/pages"}],"about":[{"href":"https:\/\/talkpal.ai\/sl\/wp-json\/wp\/v2\/types\/page"}],"author":[{"embeddable":true,"href":"https:\/\/talkpal.ai\/sl\/wp-json\/wp\/v2\/users\/20"}],"replies":[{"embeddable":true,"href":"https:\/\/talkpal.ai\/sl\/wp-json\/wp\/v2\/comments?post=1478028"}],"version-history":[{"count":0,"href":"https:\/\/talkpal.ai\/sl\/wp-json\/wp\/v2\/pages\/1478028\/revisions"}],"wp:attachment":[{"href":"https:\/\/talkpal.ai\/sl\/wp-json\/wp\/v2\/media?parent=1478028"}],"curies":[{"name":"wp","href":"https:\/\/api.w.org\/{rel}","templated":true}]}}