{"id":1477909,"date":"2025-11-12T11:25:18","date_gmt":"2025-11-12T11:25:18","guid":{"rendered":"https:\/\/talkpal.ai\/kmerske-slovnicne-vaje\/"},"modified":"2025-12-30T14:43:19","modified_gmt":"2025-12-30T14:43:19","slug":"kmerske-slovnicne-vaje","status":"publish","type":"page","link":"https:\/\/talkpal.ai\/sl\/kmerske-slovnicne-vaje\/","title":{"rendered":"Kmerske slovni\u010dne vaje"},"content":{"rendered":"\r\n\r\n\r\n<section class=\"languageChallengeSection\">\r\n    <div class=\"languageInfoWrapper\">\r\n        \r\n        <h1>Kmerske slovni\u010dne vaje<\/h1>\r\n        <p>Ste se pripravljeni potopiti v kmersko slovnico? \u010ce boste vadili nekaj osnov, se boste la\u017eje spoprijeli s tem edinstvenim in \u010dudovitim jezikom. Preizkusite te vaje, da okrepite svojo samozavest in se ob tem zabavate!<\/p>\r\n\r\n                            <a class=\"getStartedHidden\" href=\"https:\/\/app.talkpal.ai\/sl\/signup?lng=\">Za\u010dni<\/a>\r\n        \r\n    <\/div>\r\n\r\n    <figure>\r\n    <img decoding=\"async\" width=\"768\" height=\"768\" src=\"https:\/\/talkpal.ai\/wp-content\/uploads\/2023\/06\/welsh-768x768.png\" class=\"languageImage no-lazy\" alt=\"Language learning for better cognitive abilities\" fetchpriority=\"high\" sizes=\"(max-width: 768px) 150px, 768px\" srcset=\"https:\/\/talkpal.ai\/wp-content\/uploads\/2023\/06\/welsh-768x768.png 768w, https:\/\/talkpal.ai\/wp-content\/uploads\/2023\/06\/welsh-300x300.png 300w\" \/>\r\n    \r\n\r\n    <\/figure>\r\n\r\n            <a class=\"getStartedVisible\" href=\"https:\/\/app.talkpal.ai\/sl\/signup?lng=\">Za\u010dni<\/a>\r\n    \r\n<\/section><section class=\"promotionalBanner\">\r\n    <p class=\"promotionalText\">Naju\u010dinkovitej\u0161i na\u010din u\u010denja jezika<\/p>\r\n    <a class=\"promotionalLink\" href=\"https:\/\/app.talkpal.ai\/sl\/signup?lng=\">Preizkusite Talkpal brezpla\u010dno<\/a>\r\n<\/section>\n<div class=\"wp-block-group pageContainerStyle\"><div class=\"wp-block-group__inner-container is-layout-constrained wp-block-group-is-layout-constrained\">\n<h2 class=\"wp-block-heading\" id=\"h-khmer-grammar-topics\">Kmerske slovni\u010dne teme<\/h2>\n\n\n\n<p><a href=\"https:\/\/talkpal.ai\/sl\/najvecje-napake-ki-se-jim-je-treba-izogniti-pri-ucenju-novega-jezika\/\">U\u010denje novega jezika<\/a> je lahko zahtevno, a koristno prizadevanje. <a href=\"https:\/\/talkpal.ai\/learn-khmer\/\">Kmer\u0161\u010dina<\/a>, avstroazijski jezik, ki se govori predvsem v Kambod\u017ei, ni izjema. <a href=\"https:\/\/talkpal.ai\/sl\/talkpal-za-izobrazevanje\/\">U\u010denje<\/a> kmer\u0161\u010dine s svojo analiti\u010dno strukturo in zna\u010dilnimi delci zahteva sistemati\u010den pristop k razumevanju, kako se pomen gradi brez pregiba. Ta vodnik opisuje klju\u010dna podro\u010dja <a href=\"https:\/\/talkpal.ai\/sl\/kmerska-slovnica\/\">kmerske slovnice<\/a> v logi\u010dnem zaporedju <a href=\"https:\/\/talkpal.ai\/sl\/klepetalni-robot-z-umetno-inteligenco-za-ucenje-jezikov\/\">za u\u010denje jezikov<\/a>, za\u010den\u0161i z osnovami, kot so samostalniki in \u010dleni, in napreduje do bolj zapletenih podro\u010dij, kot so \u010dasi in stav\u010dna konstrukcija.<\/p>\n\n\n\n<h3 class=\"wp-block-heading\" id=\"h-1-nouns\">1. Samostalniki:<\/h3>\n\n\n\n<p>Za\u010dnite svoje kmersko jezikovno potovanje z u\u010denjem samostalnikov. To vklju\u010duje razumevanje skupnih in lastnih samostalnikov, kako je pluralnost pogosto prikazana s kvantifikatorji, klasifikatorji ali reduplikacijo namesto pregiba in odsotnost slovni\u010dnega spola ali primera.<\/p>\n\n\n\n<h3 class=\"wp-block-heading\" id=\"h-2-articles\">2. \u010clanki:<\/h3>\n\n\n\n<p>Kmer\u0161\u010dina ne uporablja dolo\u010denih ali nedolo\u010dnih \u010dlenov kot v <a href=\"https:\/\/talkpal.ai\/ai-english-speaking-practice\/\">angle\u0161\u010dini<\/a>. Dolo\u010dnost je izra\u017eena s kontekstom ali kazalci, kot sta \u1793\u17c1\u17c7 to in \u1793\u17c4\u17c7 <a href=\"https:\/\/talkpal.ai\/locations\/language-courses-in-ono\/\">ono<\/a>, medtem ko je nedolo\u010dnost mogo\u010de prikazati s \u0161tevilom \u1798\u17bd\u1799 <a href=\"https:\/\/talkpal.ai\/locations\/language-courses-in-ena\/\">ena<\/a> ali besedami, kot je \u1798\u17bd\u1799\u1785\u17c6\u1793\u17bd\u1793 nekateri.<\/p>\n\n\n\n<h3 class=\"wp-block-heading\" id=\"h-3-adjectives\">3. Pridevniki:<\/h3>\n\n\n\n<p>Pridevniki v kmer\u0161\u010dini obi\u010dajno sledijo njihovim samostalnikom in lahko delujejo kot stativni glagoli v predikatih. Nau\u010dite se ozna\u010devalcev stopenj in primerjave, kot so \u178e\u17b6\u179f\u17cb zelo, \u1787\u17b6\u1784 za primerjalno in \u1787\u17b6\u1784\u1782\u17c1 za prese\u017enik, pa tudi reduplikacijo za poudarek.<\/p>\n\n\n\n<h3 class=\"wp-block-heading\" id=\"h-4-pronouns-determiners\">4. Zaimki\/dolo\u010devalci:<\/h3>\n\n\n\n<p>Zaimki in dolo\u010ditve so bistvenega pomena v kmer\u0161\u010dini in odra\u017eajo raven formalnosti in dru\u017ebenih odnosov. Obvladajte osebne zaimke, kazalce, kvantifikatorje, \u0161tevilke s klasifikatorji in posedovanje z uporabo \u179a\u1794\u179f\u17cb ali samostalni\u0161kih samostalni\u0161kih zaporedij za jasno in ustrezno komunikacijo.<\/p>\n\n\n\n<h3 class=\"wp-block-heading\" id=\"h-5-verbs\">5. Glagoli:<\/h3>\n\n\n\n<p>Kmerski glagoli se ne konjugirajo za osebo ali \u010das. Vidik, \u010das in razpolo\u017eenje so prikazani z delci in prislovi, kot so \u1780\u17c6\u1796\u17bb\u1784 progresivno, \u1794\u17b6\u1793 dokon\u010dano ali preteklo, \u1793\u17b9\u1784 prihodnost ali namen, \u1791\u17be\u1794 pravi\u010dno in \u178f\u17c2\u1784 obi\u010dajno, skupaj z zaporednimi glagolskimi konstrukcijami in omejeno uporabo kopul, kot so \u1787\u17b6 za klasifikacijo in \u1793\u17c5 za lokacijo.<\/p>\n\n\n\n<h3 class=\"wp-block-heading\" id=\"h-6-tenses\">6. \u010casi:<\/h3>\n\n\n\n<p>Po obvladovanju uporabe glagolov razi\u0161\u010dite, kako kmer\u0161\u010dina izra\u017ea \u010das brez pregibnih \u010dasov. Sedanjost je pogosto neozna\u010dena, preteklost je obi\u010dajno ozna\u010dena z \u1794\u17b6\u1793 ali \u010dasovnimi izrazi, prihodnost ali namen pa je prikazan z \u1793\u17b9\u1784 ali kontekstom, pri \u010demer je popoln odtenek pogosto ozna\u010den z \u17a0\u17be\u1799 \u017ee<\/p>\n\n\n\n<h3 class=\"wp-block-heading\" id=\"h-7-tense-comparison\">7. Primerjava \u010dasov:<\/h3>\n\n\n\n<p>Primerjava \u010dasa in vidika v kmer\u0161\u010dini se osredoto\u010da na delce in prislove in ne na glagolske spremembe. Uporaba istega glagola z delci, kot so \u1794\u17b6\u1793, \u1793\u17b9\u1784 in \u1780\u17c6\u1796\u17bb\u1784 v razli\u010dnih kontekstih, bo pojasnila, kako se izra\u017eajo zaporedja dogodkov.<\/p>\n\n\n\n<h3 class=\"wp-block-heading\" id=\"h-8-progressive\">8. Progresivno:<\/h3>\n\n\n\n<p>Progresivni v kmer\u0161\u010dini se uporablja za izra\u017eanje teko\u010dih dejanj. Oblikuje se tako, da se \u1780\u17c6\u1796\u17bb\u1784 postavi pred glavni glagol, z neobveznim \u178f\u17c2 za poudarek, in se lahko kombinira s \u010dasovnimi izrazi za jasnost.<\/p>\n\n\n\n<h3 class=\"wp-block-heading\" id=\"h-9-perfect-progressive\">9. Perfect Progressive:<\/h3>\n\n\n\n<p>Uporablja se za izra\u017eanje dejanj, ki so potekala do dolo\u010dene to\u010dke. V kmer\u0161\u010dini lahko kontinuiteto do sedaj prika\u017eemo z \u1780\u17c6\u1796\u17bb\u1784 &#8230; \u1798\u1780 ali \u1794\u17b6\u1793 + glagol + \u1798\u1780 skupaj s trajnimi besednimi zvezami, odvisno od konteksta in poudarka.<\/p>\n\n\n\n<h3 class=\"wp-block-heading\" id=\"h-10-conditionals\">10. Pogoji:<\/h3>\n\n\n\n<p>Kondicionali izra\u017eajo hipoteti\u010dne situacije in rezultate. Kmer\u0161\u010dina obi\u010dajno uporablja \u1794\u17be ali \u1794\u17d2\u179a\u179f\u17b7\u1793\u1794\u17be za if v pogojnem stavku, rezultat pa je pogosto ozna\u010den z delci, kot je \u1793\u17c4\u17c7 ali ustreznimi modali za nianse.<\/p>\n\n\n\n<h3 class=\"wp-block-heading\" id=\"h-11-adverbs\">11. Prislovi:<\/h3>\n\n\n\n<p>Prislovi v kmer\u0161\u010dini spreminjajo glagole, pridevnike ali druge prislove in vklju\u010dujejo na\u010din, kraj, \u010das in stopnjo. Polo\u017eaj je prilagodljiv, s \u010dasovnimi prislovi pogosto na za\u010detku, pogosto po glagolu in stopenjskimi besedami, kot sta \u178e\u17b6\u179f\u17cb in \u1794\u1793\u17d2\u178f\u17b7\u1785, ki oblikujejo intenzivnost.<\/p>\n\n\n\n<h3 class=\"wp-block-heading\" id=\"h-12-prepositions\">12. Predlo\u017eki:<\/h3>\n\n\n\n<p>Predlogi povezujejo besede in besedne zveze, da poka\u017eejo razmerja med \u010dasom, krajem in smerjo. Kmer\u0161\u010dina uporablja predmete, kot so \u1793\u17c5 at ali in, \u1791\u17c5 to, \u1796\u17b8 from in relacijske oblike, kot so \u1781\u17b6\u1784\u1780\u17d2\u179a\u17c4\u1799 za in \u179b\u17be on, pogosto v kombinaciji s samostalniki lokacije.<\/p>\n\n\n\n<h3 class=\"wp-block-heading\" id=\"h-13-sentences\">13. Stavki:<\/h3>\n\n\n\n<p>Kon\u010dno vadite konstruiranje stavkov. Kmer\u0161\u010dina se nagiba k redu SVO s pogostimi strukturami tematskih komentarjev. Mojstrska negacija z \u1798\u17b7\u1793 &#8230; \u1791\u17c1 v standardni rabi in obi\u010dajnih pogovornih oblikah, imperativi z delci, kot je \u179f\u17bc\u1798, in integracija vseh predhodno nau\u010denih slovni\u010dnih to\u010dk v kontekst.<\/p>\n<\/div><\/div>\n\r\n<section class=\"learnNavigationSection\">\r\n            \r\n        <a href=\"https:\/\/talkpal.ai\/sl\/naucite-se-valizanscine\/\">\r\n            <div class=\"learnNavigationWrapper\">\r\n                <div class=\"learnNavigationContent\">\r\n                    <img decoding=\"async\" src=\"https:\/\/talkpal.ai\/wp-content\/uploads\/2025\/11\/Khmer.png\" alt=\"Cambodian Flag\">\r\n                    <div>\r\n                        <h4>O kmerskem u\u010denju<\/h4>\r\n                        <p>Izvedite vse o kmerski slovnici.<\/p>\r\n                    <\/div>\r\n                <\/div>\r\n            <\/div>\r\n        <\/a>\r\n\r\n        \r\n        <a href=\"https:\/\/talkpal.ai\/sl\/kmerska-slovnica\/\">\r\n            <div class=\"learnNavigationWrapper\">\r\n                <div class=\"learnNavigationContent\">\r\n                    <img decoding=\"async\" src=\"https:\/\/talkpal.ai\/wp-content\/uploads\/2025\/11\/Khmer.png\" alt=\"Cambodian Flag\">\r\n                    <div>\r\n                        <h4>Lekcije kmerske slovnice<\/h4>\r\n                        <p>Vadite kmersko slovnico.<\/p>\r\n                    <\/div>\r\n                <\/div>\r\n            <\/div>\r\n        <\/a>\r\n\r\n            <\/section>","protected":false},"excerpt":{"rendered":"<p>Kmerske slovni\u010dne teme U\u010denje novega jezika je lahko zahtevno, a koristno prizadevanje. Kmer\u0161\u010dina, avstroazijski jezik, ki se govori predvsem v Kambod\u017ei, ni izjema. U\u010denje kmer\u0161\u010dine s svojo analiti\u010dno strukturo in zna\u010dilnimi delci zahteva sistemati\u010den pristop k razumevanju, kako se pomen gradi brez pregiba. Ta vodnik opisuje klju\u010dna podro\u010dja kmerske slovnice v logi\u010dnem zaporedju za u\u010denje [&hellip;]<\/p>\n","protected":false},"author":20,"featured_media":0,"parent":0,"menu_order":0,"comment_status":"closed","ping_status":"closed","template":"LearningContentPage.php","meta":{"_acf_changed":false,"footnotes":""},"class_list":["post-1477909","page","type-page","status-publish","hentry"],"acf":[],"yoast_head":"<!-- This site is optimized with the Yoast SEO Premium plugin v27.2 (Yoast SEO v27.2) - https:\/\/yoast.com\/product\/yoast-seo-premium-wordpress\/ -->\n<title>Kmerske slovni\u010dne vaje - Talkpal<\/title>\n<meta name=\"description\" content=\"Izbolj\u0161ajte svoje znanje z interaktivnimi kmerskimi slovni\u010dnimi vajami, ki vam bodo pomagale samozavestno govoriti in pisati.\" \/>\n<meta name=\"robots\" content=\"index, follow, max-snippet:-1, max-image-preview:large, max-video-preview:-1\" \/>\n<link rel=\"canonical\" href=\"https:\/\/talkpal.ai\/sl\/kmerske-slovnicne-vaje\/\" \/>\n<meta property=\"og:locale\" content=\"sl_SI\" \/>\n<meta property=\"og:type\" content=\"article\" \/>\n<meta property=\"og:title\" content=\"Kmerske slovni\u010dne vaje\" \/>\n<meta property=\"og:description\" content=\"Kmerske slovni\u010dne teme U\u010denje novega jezika je lahko zahtevno, a koristno prizadevanje. Kmer\u0161\u010dina, avstroazijski jezik, ki se govori predvsem v Kambod\u017ei,\" \/>\n<meta property=\"og:url\" content=\"https:\/\/talkpal.ai\/sl\/kmerske-slovnicne-vaje\/\" \/>\n<meta property=\"og:site_name\" content=\"Talkpal\" \/>\n<meta property=\"article:publisher\" content=\"https:\/\/www.facebook.com\/profile.php?id=100090733639311\" \/>\n<meta property=\"article:modified_time\" content=\"2025-12-30T14:43:19+00:00\" \/>\n<meta property=\"og:image\" content=\"https:\/\/talkpal.ai\/wp-content\/uploads\/2025\/02\/Progress-tab-16_9.png\" \/>\n\t<meta property=\"og:image:width\" content=\"2880\" \/>\n\t<meta property=\"og:image:height\" content=\"1620\" \/>\n\t<meta property=\"og:image:type\" content=\"image\/png\" \/>\n<meta name=\"twitter:card\" content=\"summary_large_image\" \/>\n<meta name=\"twitter:site\" content=\"@talkpalai\" \/>\n<meta name=\"twitter:label1\" content=\"Est. reading time\" \/>\n\t<meta name=\"twitter:data1\" content=\"3 minute\" \/>\n<script type=\"application\/ld+json\" class=\"yoast-schema-graph\">{\"@context\":\"https:\/\/schema.org\",\"@graph\":[{\"@type\":\"WebPage\",\"@id\":\"https:\/\/talkpal.ai\/sl\/kmerske-slovnicne-vaje\/\",\"url\":\"https:\/\/talkpal.ai\/sl\/kmerske-slovnicne-vaje\/\",\"name\":\"Kmerske slovni\u010dne vaje - Talkpal\",\"isPartOf\":{\"@id\":\"https:\/\/talkpal.ai\/sl\/#website\"},\"datePublished\":\"2025-11-12T11:25:18+00:00\",\"dateModified\":\"2025-12-30T14:43:19+00:00\",\"description\":\"Izbolj\u0161ajte svoje znanje z interaktivnimi kmerskimi slovni\u010dnimi vajami, ki vam bodo pomagale samozavestno govoriti in pisati.\",\"breadcrumb\":{\"@id\":\"https:\/\/talkpal.ai\/sl\/kmerske-slovnicne-vaje\/#breadcrumb\"},\"inLanguage\":\"sl-SI\",\"potentialAction\":[{\"@type\":\"ReadAction\",\"target\":[\"https:\/\/talkpal.ai\/sl\/kmerske-slovnicne-vaje\/\"]}]},{\"@type\":\"BreadcrumbList\",\"@id\":\"https:\/\/talkpal.ai\/sl\/kmerske-slovnicne-vaje\/#breadcrumb\",\"itemListElement\":[{\"@type\":\"ListItem\",\"position\":1,\"name\":\"Homepage\",\"item\":\"https:\/\/talkpal.ai\/sl\/\"},{\"@type\":\"ListItem\",\"position\":2,\"name\":\"Kmerske slovni\u010dne vaje\"}]},{\"@type\":\"WebSite\",\"@id\":\"https:\/\/talkpal.ai\/sl\/#website\",\"url\":\"https:\/\/talkpal.ai\/sl\/\",\"name\":\"Talkpal\",\"description\":\"AI Language Learning\",\"publisher\":{\"@id\":\"https:\/\/talkpal.ai\/sl\/#organization\"},\"alternateName\":\"Talkpal AI\",\"potentialAction\":[{\"@type\":\"SearchAction\",\"target\":{\"@type\":\"EntryPoint\",\"urlTemplate\":\"https:\/\/talkpal.ai\/sl\/?s={search_term_string}\"},\"query-input\":{\"@type\":\"PropertyValueSpecification\",\"valueRequired\":true,\"valueName\":\"search_term_string\"}}],\"inLanguage\":\"sl-SI\"},{\"@type\":\"Organization\",\"@id\":\"https:\/\/talkpal.ai\/sl\/#organization\",\"name\":\"Talkpal, Inc.\",\"alternateName\":\"Talkpal AI\",\"url\":\"https:\/\/talkpal.ai\/sl\/\",\"logo\":{\"@type\":\"ImageObject\",\"inLanguage\":\"sl-SI\",\"@id\":\"https:\/\/talkpal.ai\/sl\/#\/schema\/logo\/image\/\",\"url\":\"https:\/\/talkpal.ai\/wp-content\/uploads\/2024\/03\/Talkpal-Logo-Icon.png\",\"contentUrl\":\"https:\/\/talkpal.ai\/wp-content\/uploads\/2024\/03\/Talkpal-Logo-Icon.png\",\"width\":2880,\"height\":2880,\"caption\":\"Talkpal, Inc.\"},\"image\":{\"@id\":\"https:\/\/talkpal.ai\/sl\/#\/schema\/logo\/image\/\"},\"sameAs\":[\"https:\/\/www.facebook.com\/profile.php?id=100090733639311\",\"https:\/\/x.com\/talkpalai\",\"https:\/\/www.linkedin.com\/company\/talkpal\/\",\"https:\/\/www.youtube.com\/@TalkPal\/\",\"https:\/\/www.tiktok.com\/@talkpal\",\"https:\/\/www.instagram.com\/talkpal_ai\/\",\"https:\/\/www.crunchbase.com\/organization\/talkpal-9cde\",\"https:\/\/www.g2.com\/products\/talkpal-for-business\/\",\"https:\/\/www.trustpilot.com\/review\/talkpal.ai\",\"https:\/\/www.capterra.com\/p\/10006800\/TalkPal\/\"],\"description\":\"Talkpal is a language learning web and mobile education app, powered by the latest AI technologies, that provides engaging experiences to its customers in many different languages to help them improve their language skills. Users can chat about unlimited amount of topics with the app and use other modes to practice their language learning.\",\"email\":\"support@talkpal.ai\",\"legalName\":\"Talkpal, Inc.\",\"foundingDate\":\"2023-04-03\",\"duns\":\"118989042\",\"numberOfEmployees\":{\"@type\":\"QuantitativeValue\",\"minValue\":\"11\",\"maxValue\":\"50\"},\"publishingPrinciples\":\"https:\/\/talkpal.ai\/publishing-principles\/\",\"actionableFeedbackPolicy\":\"https:\/\/talkpal.ai\/actionable-feedback-policy\/\",\"correctionsPolicy\":\"https:\/\/talkpal.ai\/corrections-policy\/\",\"ethicsPolicy\":\"https:\/\/talkpal.ai\/ethics-policy\/\",\"diversityPolicy\":\"https:\/\/talkpal.ai\/diversity-policy\/\",\"diversityStaffingReport\":\"https:\/\/talkpal.ai\/diversity-policy\/\"}]}<\/script>\n<!-- \/ Yoast SEO Premium plugin. -->","yoast_head_json":{"title":"Kmerske slovni\u010dne vaje - Talkpal","description":"Izbolj\u0161ajte svoje znanje z interaktivnimi kmerskimi slovni\u010dnimi vajami, ki vam bodo pomagale samozavestno govoriti in pisati.","robots":{"index":"index","follow":"follow","max-snippet":"max-snippet:-1","max-image-preview":"max-image-preview:large","max-video-preview":"max-video-preview:-1"},"canonical":"https:\/\/talkpal.ai\/sl\/kmerske-slovnicne-vaje\/","og_locale":"sl_SI","og_type":"article","og_title":"Kmerske slovni\u010dne vaje","og_description":"Kmerske slovni\u010dne teme U\u010denje novega jezika je lahko zahtevno, a koristno prizadevanje. Kmer\u0161\u010dina, avstroazijski jezik, ki se govori predvsem v Kambod\u017ei,","og_url":"https:\/\/talkpal.ai\/sl\/kmerske-slovnicne-vaje\/","og_site_name":"Talkpal","article_publisher":"https:\/\/www.facebook.com\/profile.php?id=100090733639311","article_modified_time":"2025-12-30T14:43:19+00:00","og_image":[{"width":2880,"height":1620,"url":"https:\/\/talkpal.ai\/wp-content\/uploads\/2025\/02\/Progress-tab-16_9.png","type":"image\/png"}],"twitter_card":"summary_large_image","twitter_site":"@talkpalai","twitter_misc":{"Est. reading time":"3 minute"},"schema":{"@context":"https:\/\/schema.org","@graph":[{"@type":"WebPage","@id":"https:\/\/talkpal.ai\/sl\/kmerske-slovnicne-vaje\/","url":"https:\/\/talkpal.ai\/sl\/kmerske-slovnicne-vaje\/","name":"Kmerske slovni\u010dne vaje - Talkpal","isPartOf":{"@id":"https:\/\/talkpal.ai\/sl\/#website"},"datePublished":"2025-11-12T11:25:18+00:00","dateModified":"2025-12-30T14:43:19+00:00","description":"Izbolj\u0161ajte svoje znanje z interaktivnimi kmerskimi slovni\u010dnimi vajami, ki vam bodo pomagale samozavestno govoriti in pisati.","breadcrumb":{"@id":"https:\/\/talkpal.ai\/sl\/kmerske-slovnicne-vaje\/#breadcrumb"},"inLanguage":"sl-SI","potentialAction":[{"@type":"ReadAction","target":["https:\/\/talkpal.ai\/sl\/kmerske-slovnicne-vaje\/"]}]},{"@type":"BreadcrumbList","@id":"https:\/\/talkpal.ai\/sl\/kmerske-slovnicne-vaje\/#breadcrumb","itemListElement":[{"@type":"ListItem","position":1,"name":"Homepage","item":"https:\/\/talkpal.ai\/sl\/"},{"@type":"ListItem","position":2,"name":"Kmerske slovni\u010dne vaje"}]},{"@type":"WebSite","@id":"https:\/\/talkpal.ai\/sl\/#website","url":"https:\/\/talkpal.ai\/sl\/","name":"Talkpal","description":"AI Language Learning","publisher":{"@id":"https:\/\/talkpal.ai\/sl\/#organization"},"alternateName":"Talkpal AI","potentialAction":[{"@type":"SearchAction","target":{"@type":"EntryPoint","urlTemplate":"https:\/\/talkpal.ai\/sl\/?s={search_term_string}"},"query-input":{"@type":"PropertyValueSpecification","valueRequired":true,"valueName":"search_term_string"}}],"inLanguage":"sl-SI"},{"@type":"Organization","@id":"https:\/\/talkpal.ai\/sl\/#organization","name":"Talkpal, Inc.","alternateName":"Talkpal AI","url":"https:\/\/talkpal.ai\/sl\/","logo":{"@type":"ImageObject","inLanguage":"sl-SI","@id":"https:\/\/talkpal.ai\/sl\/#\/schema\/logo\/image\/","url":"https:\/\/talkpal.ai\/wp-content\/uploads\/2024\/03\/Talkpal-Logo-Icon.png","contentUrl":"https:\/\/talkpal.ai\/wp-content\/uploads\/2024\/03\/Talkpal-Logo-Icon.png","width":2880,"height":2880,"caption":"Talkpal, Inc."},"image":{"@id":"https:\/\/talkpal.ai\/sl\/#\/schema\/logo\/image\/"},"sameAs":["https:\/\/www.facebook.com\/profile.php?id=100090733639311","https:\/\/x.com\/talkpalai","https:\/\/www.linkedin.com\/company\/talkpal\/","https:\/\/www.youtube.com\/@TalkPal\/","https:\/\/www.tiktok.com\/@talkpal","https:\/\/www.instagram.com\/talkpal_ai\/","https:\/\/www.crunchbase.com\/organization\/talkpal-9cde","https:\/\/www.g2.com\/products\/talkpal-for-business\/","https:\/\/www.trustpilot.com\/review\/talkpal.ai","https:\/\/www.capterra.com\/p\/10006800\/TalkPal\/"],"description":"Talkpal is a language learning web and mobile education app, powered by the latest AI technologies, that provides engaging experiences to its customers in many different languages to help them improve their language skills. Users can chat about unlimited amount of topics with the app and use other modes to practice their language learning.","email":"support@talkpal.ai","legalName":"Talkpal, Inc.","foundingDate":"2023-04-03","duns":"118989042","numberOfEmployees":{"@type":"QuantitativeValue","minValue":"11","maxValue":"50"},"publishingPrinciples":"https:\/\/talkpal.ai\/publishing-principles\/","actionableFeedbackPolicy":"https:\/\/talkpal.ai\/actionable-feedback-policy\/","correctionsPolicy":"https:\/\/talkpal.ai\/corrections-policy\/","ethicsPolicy":"https:\/\/talkpal.ai\/ethics-policy\/","diversityPolicy":"https:\/\/talkpal.ai\/diversity-policy\/","diversityStaffingReport":"https:\/\/talkpal.ai\/diversity-policy\/"}]}},"_links":{"self":[{"href":"https:\/\/talkpal.ai\/sl\/wp-json\/wp\/v2\/pages\/1477909","targetHints":{"allow":["GET"]}}],"collection":[{"href":"https:\/\/talkpal.ai\/sl\/wp-json\/wp\/v2\/pages"}],"about":[{"href":"https:\/\/talkpal.ai\/sl\/wp-json\/wp\/v2\/types\/page"}],"author":[{"embeddable":true,"href":"https:\/\/talkpal.ai\/sl\/wp-json\/wp\/v2\/users\/20"}],"replies":[{"embeddable":true,"href":"https:\/\/talkpal.ai\/sl\/wp-json\/wp\/v2\/comments?post=1477909"}],"version-history":[{"count":0,"href":"https:\/\/talkpal.ai\/sl\/wp-json\/wp\/v2\/pages\/1477909\/revisions"}],"wp:attachment":[{"href":"https:\/\/talkpal.ai\/sl\/wp-json\/wp\/v2\/media?parent=1477909"}],"curies":[{"name":"wp","href":"https:\/\/api.w.org\/{rel}","templated":true}]}}