{"id":1477780,"date":"2025-11-11T17:01:24","date_gmt":"2025-11-11T17:01:24","guid":{"rendered":"https:\/\/talkpal.ai\/gruzijske-slovnicne-vaje\/"},"modified":"2025-12-30T14:54:22","modified_gmt":"2025-12-30T14:54:22","slug":"gruzijske-slovnicne-vaje","status":"publish","type":"page","link":"https:\/\/talkpal.ai\/sl\/gruzijske-slovnicne-vaje\/","title":{"rendered":"Gruzijske slovni\u010dne vaje"},"content":{"rendered":"\r\n\r\n\r\n<section class=\"languageChallengeSection\">\r\n    <div class=\"languageInfoWrapper\">\r\n        \r\n        <h1>Gruzijske slovni\u010dne vaje<\/h1>\r\n        <p>Ste se pripravljeni potopiti v gruzijsko slovnico? \u010ce boste vadili nekaj osnov, se boste la\u017eje spoprijeli s tem edinstvenim in \u010dudovitim jezikom. Preizkusite te vaje, da okrepite svojo samozavest in se ob tem zabavate!<\/p>\r\n\r\n                            <a class=\"getStartedHidden\" href=\"https:\/\/app.talkpal.ai\/sl\/signup?lng=\">Za\u010dni<\/a>\r\n        \r\n    <\/div>\r\n\r\n    <figure>\r\n    <img decoding=\"async\" width=\"768\" height=\"768\" src=\"https:\/\/talkpal.ai\/wp-content\/uploads\/2023\/06\/welsh-768x768.png\" class=\"languageImage no-lazy\" alt=\"Language learning for better cognitive abilities\" fetchpriority=\"high\" sizes=\"(max-width: 768px) 150px, 768px\" srcset=\"https:\/\/talkpal.ai\/wp-content\/uploads\/2023\/06\/welsh-768x768.png 768w, https:\/\/talkpal.ai\/wp-content\/uploads\/2023\/06\/welsh-300x300.png 300w\" \/>\r\n    \r\n\r\n    <\/figure>\r\n\r\n            <a class=\"getStartedVisible\" href=\"https:\/\/app.talkpal.ai\/sl\/signup?lng=\">Za\u010dni<\/a>\r\n    \r\n<\/section><section class=\"promotionalBanner\">\r\n    <p class=\"promotionalText\">Naju\u010dinkovitej\u0161i na\u010din u\u010denja jezika<\/p>\r\n    <a class=\"promotionalLink\" href=\"https:\/\/app.talkpal.ai\/sl\/signup?lng=\">Preizkusite Talkpal brezpla\u010dno<\/a>\r\n<\/section>\n<div class=\"wp-block-group pageContainerStyle\"><div class=\"wp-block-group__inner-container is-layout-constrained wp-block-group-is-layout-constrained\">\n<h2 class=\"wp-block-heading\" id=\"h-georgian-grammar-topics\">Gruzijske slovni\u010dne teme<\/h2>\n\n\n\n<p><a href=\"https:\/\/talkpal.ai\/sl\/najvecje-napake-ki-se-jim-je-treba-izogniti-pri-ucenju-novega-jezika\/\">U\u010denje novega jezika<\/a> je lahko zahtevno, a koristno prizadevanje. Gruzij\u0161\u010dina, kartvelski jezik, ki se govori predvsem v Gruziji, ni izjema. <a href=\"https:\/\/talkpal.ai\/sl\/talkpal-za-izobrazevanje\/\">U\u010denje<\/a> gruzij\u0161\u010dine s svojimi edinstvenimi zna\u010dilnostmi in strukturami zahteva sistemati\u010den pristop k razumevanju njegove zapletene slovnice. Ta vodnik opisuje klju\u010dna podro\u010dja <a href=\"https:\/\/talkpal.ai\/sl\/gruzijska-slovnica\/\">gruzijske slovnice<\/a> v logi\u010dnem zaporedju <a href=\"https:\/\/talkpal.ai\/sl\/klepetalni-robot-z-umetno-inteligenco-za-ucenje-jezikov\/\">za u\u010denje jezikov<\/a>, za\u010den\u0161i z osnovami, kot so samostalniki in \u010dleni, in napreduje do bolj zapletenih podro\u010dij, kot so \u010dasi in konstrukcija stavkov.<\/p>\n\n\n\n<h3 class=\"wp-block-heading\" id=\"h-1-nouns\">1. Samostalniki:<\/h3>\n\n\n\n<p>Za\u010dnite svojo gruzijsko jezikovno pot z u\u010denjem samostalnikov. To vklju\u010duje razumevanje razli\u010dnih kategorij samostalnikov, kot so splo\u0161ni in lastni samostalniki, njihove mno\u017einske oblike in sistem primerov, ki se uporablja za ozna\u010devanje slovni\u010dnih odnosov.<\/p>\n\n\n\n<h3 class=\"wp-block-heading\" id=\"h-2-articles\">2. \u010clanki:<\/h3>\n\n\n\n<p>Gruzij\u0161\u010dina nima dolo\u010denih ali nedolo\u010denih \u010dlenov. Razumevanje, kako se dolo\u010dnost in nedolo\u010dnost izra\u017eata s kontekstom ali demonstrativi, je klju\u010dnega pomena pri gradnji stavkov.<\/p>\n\n\n\n<h3 class=\"wp-block-heading\" id=\"h-3-adjectives\">3. Pridevniki:<\/h3>\n\n\n\n<p>Pridevniki v gruzijskem jeziku obi\u010dajno potekajo pred samostalniki in se z njimi strinjajo v primeru. Nau\u010dite se oblikovati primerjalne in prese\u017ene besede z besedami, kot so &#8220;upro&#8221; za ve\u010d in &#8220;qvelaze&#8221; za ve\u010dino.<\/p>\n\n\n\n<h3 class=\"wp-block-heading\" id=\"h-4-pronouns-determiners\">4. Zaimki\/dolo\u010devalci:<\/h3>\n\n\n\n<p>Zaimki in dolo\u010ditve so bistvenega pomena v gruzij\u0161\u010dini; Zaimki se pogosto opustijo, ko je kontekst jasen, posesivne oblike, kot so &#8216;chemi&#8217;, &#8216;sheni&#8217; in &#8216;misi&#8217;, pa spremenijo samostalnike. Demonstrativi, kot so &#8216;es&#8217;, &#8216;je&#8217; in &#8216;igi&#8217;, \u0161tevilke in kvantifikatorji delujejo kot determinatorji.<\/p>\n\n\n\n<h3 class=\"wp-block-heading\" id=\"h-5-verbs\">5. Glagoli:<\/h3>\n\n\n\n<p><a href=\"https:\/\/talkpal.ai\/learn-georgian\/\">Gruzijski<\/a> glagoli so bogati z morfologijo, kar ka\u017ee na strinjanje s subjekti in v\u010dasih predmeti. Za\u010dnite s sedanjo serijo, nato razi\u0161\u010dite, kako se prihodnosti oblikujejo s pregovori, in nadaljujte s preteklimi oblikami, kot sta aorist in imperfekto.<\/p>\n\n\n\n<h3 class=\"wp-block-heading\" id=\"h-6-tenses\">6. \u010casi:<\/h3>\n\n\n\n<p>Po obvladovanju osnovnih glagolskih oblik se poglobite v <a href=\"https:\/\/talkpal.ai\/learn-georgian\/\">gruzijski<\/a> \u010das in vidik. Nau\u010dite se, kako so sedanji, pretekli in prihodnji \u010das izra\u017eeni v treh glavnih serijah in kdaj uporabiti nepopolne, aoristi\u010dne in popolne oblike v razli\u010dnih kontekstih.<\/p>\n\n\n\n<h3 class=\"wp-block-heading\" id=\"h-7-tense-comparison\">7. Primerjava \u010dasov:<\/h3>\n\n\n\n<p>Primerjava obrazcev med nizi pomaga pri razumevanju \u010dasa, vidika in poravnave. Gledanje istega glagola v razli\u010dnih razdelkih pojasnjuje zaporedje dogodkov in vzorce ozna\u010devanja velikih in malih \u010drk.<\/p>\n\n\n\n<h3 class=\"wp-block-heading\" id=\"h-8-progressive\">8. Progresivno:<\/h3>\n\n\n\n<p>Gruzij\u0161\u010dina nima posebnega progresivnega \u010dasa. Teko\u010da dejanja so izra\u017eena s sedanjostjo ali nepopolnostjo, pogosto podprta s \u010dasovnimi izrazi, kot je &#8216;akhla&#8217; za zdaj ali kontekst.<\/p>\n\n\n\n<h3 class=\"wp-block-heading\" id=\"h-9-perfect-progressive\">9. Perfect Progressive:<\/h3>\n\n\n\n<p>Ni izrazitega popolnega progresivnega. Teko\u010da dejanja do dolo\u010dene to\u010dke se prena\u0161ajo skozi popolno serijo za rezultatni pomen ali z nepopolnimi in kontekstualnimi namigi.<\/p>\n\n\n\n<h3 class=\"wp-block-heading\" id=\"h-10-conditionals\">10. Pogoji:<\/h3>\n\n\n\n<p>Pogoji izra\u017eajo hipoteti\u010dne situacije in njihove mo\u017ene izide. V gruzij\u0161\u010dini se obi\u010dajno oblikujejo s konjunktivnimi in optativnimi oblikami, ki se pogosto uvajajo z &#8216;tu&#8217;, kar pomeni \u010de, in lahko uporabljajo modalne izraze, kot je &#8216;sheidzleba&#8217;, je to mogo\u010de.<\/p>\n\n\n\n<h3 class=\"wp-block-heading\" id=\"h-11-adverbs\">11. Prislovi:<\/h3>\n\n\n\n<p>Prislovi v gruzijskem jeziku spreminjajo glagole, pridevnike ali druge prislove. \u0160tevilni prislovi so oblikovani s pripono &#8216;-ad&#8217;, besede splo\u0161ne stopnje pa vklju\u010dujejo &#8216;dzalian&#8217; za zelo in &#8216;upro&#8217; za ve\u010d.<\/p>\n\n\n\n<h3 class=\"wp-block-heading\" id=\"h-12-prepositions\">12. Predlo\u017eki:<\/h3>\n\n\n\n<p>Gruzij\u0161\u010dina uporablja postpozicije namesto predlogov. Ti sledijo samostalniku in vplivajo na dolo\u010dene primere, \u0161tevilni relacijski pomeni pa so izra\u017eeni neposredno s kon\u010dnicami primerov.<\/p>\n\n\n\n<h3 class=\"wp-block-heading\" id=\"h-13-sentences\">13. Stavki:<\/h3>\n\n\n\n<p>Kon\u010dno vadite konstruiranje stavkov. To bo vklju\u010devalo uporabo vseh predhodno nau\u010denih slovni\u010dnih to\u010dk v kontekstu, upravljanje prilagodljivega vrstnega <a href=\"https:\/\/talkpal.ai\/locations\/learn-english-in-reda\/\">reda<\/a> besed s te\u017enjo SV, ozna\u010devanje velikih in malih \u010drk in ustrezne glagolske oblike.<\/p>\n<\/div><\/div>\n\r\n<section class=\"learnNavigationSection\">\r\n            \r\n        <a href=\"https:\/\/talkpal.ai\/sl\/naucite-se-valizanscine\/\">\r\n            <div class=\"learnNavigationWrapper\">\r\n                <div class=\"learnNavigationContent\">\r\n                    <img decoding=\"async\" src=\"https:\/\/talkpal.ai\/wp-content\/uploads\/2025\/11\/Georgian.png\" alt=\"Georgian Flag\">\r\n                    <div>\r\n                        <h4>O u\u010denju gruzij\u0161\u010dine<\/h4>\r\n                        <p>Izvedite vse o gruzijski slovnici.<\/p>\r\n                    <\/div>\r\n                <\/div>\r\n            <\/div>\r\n        <\/a>\r\n\r\n        \r\n        <a href=\"https:\/\/talkpal.ai\/sl\/valizanska-slovnica\/\">\r\n            <div class=\"learnNavigationWrapper\">\r\n                <div class=\"learnNavigationContent\">\r\n                    <img decoding=\"async\" src=\"https:\/\/talkpal.ai\/wp-content\/uploads\/2025\/11\/Georgian.png\" alt=\"Georgian Flag\">\r\n                    <div>\r\n                        <h4>Lekcije gruzijske slovnice<\/h4>\r\n                        <p>Vadite gruzijsko slovnico.<\/p>\r\n                    <\/div>\r\n                <\/div>\r\n            <\/div>\r\n        <\/a>\r\n\r\n            <\/section>","protected":false},"excerpt":{"rendered":"<p>Gruzijske slovni\u010dne teme U\u010denje novega jezika je lahko zahtevno, a koristno prizadevanje. Gruzij\u0161\u010dina, kartvelski jezik, ki se govori predvsem v Gruziji, ni izjema. U\u010denje gruzij\u0161\u010dine s svojimi edinstvenimi zna\u010dilnostmi in strukturami zahteva sistemati\u010den pristop k razumevanju njegove zapletene slovnice. Ta vodnik opisuje klju\u010dna podro\u010dja gruzijske slovnice v logi\u010dnem zaporedju za u\u010denje jezikov, za\u010den\u0161i z osnovami, [&hellip;]<\/p>\n","protected":false},"author":20,"featured_media":0,"parent":0,"menu_order":0,"comment_status":"closed","ping_status":"closed","template":"LearningContentPage.php","meta":{"_acf_changed":false,"footnotes":""},"class_list":["post-1477780","page","type-page","status-publish","hentry"],"acf":[],"yoast_head":"<!-- This site is optimized with the Yoast SEO Premium plugin v27.2 (Yoast SEO v27.2) - https:\/\/yoast.com\/product\/yoast-seo-premium-wordpress\/ -->\n<title>Gruzijske slovni\u010dne vaje - Talkpal<\/title>\n<meta name=\"description\" content=\"Osvojite gruzijsko slovnico z interaktivnimi vajami, ki vam bodo pomagale izbolj\u0161ati teko\u010dnost in samozavest v jeziku.\" \/>\n<meta name=\"robots\" content=\"index, follow, max-snippet:-1, max-image-preview:large, max-video-preview:-1\" \/>\n<link rel=\"canonical\" href=\"https:\/\/talkpal.ai\/sl\/gruzijske-slovnicne-vaje\/\" \/>\n<meta property=\"og:locale\" content=\"sl_SI\" \/>\n<meta property=\"og:type\" content=\"article\" \/>\n<meta property=\"og:title\" content=\"Gruzijske slovni\u010dne vaje\" \/>\n<meta property=\"og:description\" content=\"Gruzijske slovni\u010dne teme U\u010denje novega jezika je lahko zahtevno, a koristno prizadevanje. Gruzij\u0161\u010dina, kartvelski jezik, ki se govori predvsem v Gruziji,\" \/>\n<meta property=\"og:url\" content=\"https:\/\/talkpal.ai\/sl\/gruzijske-slovnicne-vaje\/\" \/>\n<meta property=\"og:site_name\" content=\"Talkpal\" \/>\n<meta property=\"article:publisher\" content=\"https:\/\/www.facebook.com\/profile.php?id=100090733639311\" \/>\n<meta property=\"article:modified_time\" content=\"2025-12-30T14:54:22+00:00\" \/>\n<meta property=\"og:image\" content=\"https:\/\/talkpal.ai\/wp-content\/uploads\/2025\/02\/Progress-tab-16_9.png\" \/>\n\t<meta property=\"og:image:width\" content=\"2880\" \/>\n\t<meta property=\"og:image:height\" content=\"1620\" \/>\n\t<meta property=\"og:image:type\" content=\"image\/png\" \/>\n<meta name=\"twitter:card\" content=\"summary_large_image\" \/>\n<meta name=\"twitter:site\" content=\"@talkpalai\" \/>\n<meta name=\"twitter:label1\" content=\"Est. reading time\" \/>\n\t<meta name=\"twitter:data1\" content=\"3 minute\" \/>\n<script type=\"application\/ld+json\" class=\"yoast-schema-graph\">{\"@context\":\"https:\/\/schema.org\",\"@graph\":[{\"@type\":\"WebPage\",\"@id\":\"https:\/\/talkpal.ai\/sl\/gruzijske-slovnicne-vaje\/\",\"url\":\"https:\/\/talkpal.ai\/sl\/gruzijske-slovnicne-vaje\/\",\"name\":\"Gruzijske slovni\u010dne vaje - Talkpal\",\"isPartOf\":{\"@id\":\"https:\/\/talkpal.ai\/sl\/#website\"},\"datePublished\":\"2025-11-11T17:01:24+00:00\",\"dateModified\":\"2025-12-30T14:54:22+00:00\",\"description\":\"Osvojite gruzijsko slovnico z interaktivnimi vajami, ki vam bodo pomagale izbolj\u0161ati teko\u010dnost in samozavest v jeziku.\",\"breadcrumb\":{\"@id\":\"https:\/\/talkpal.ai\/sl\/gruzijske-slovnicne-vaje\/#breadcrumb\"},\"inLanguage\":\"sl-SI\",\"potentialAction\":[{\"@type\":\"ReadAction\",\"target\":[\"https:\/\/talkpal.ai\/sl\/gruzijske-slovnicne-vaje\/\"]}]},{\"@type\":\"BreadcrumbList\",\"@id\":\"https:\/\/talkpal.ai\/sl\/gruzijske-slovnicne-vaje\/#breadcrumb\",\"itemListElement\":[{\"@type\":\"ListItem\",\"position\":1,\"name\":\"Homepage\",\"item\":\"https:\/\/talkpal.ai\/sl\/\"},{\"@type\":\"ListItem\",\"position\":2,\"name\":\"Gruzijske slovni\u010dne vaje\"}]},{\"@type\":\"WebSite\",\"@id\":\"https:\/\/talkpal.ai\/sl\/#website\",\"url\":\"https:\/\/talkpal.ai\/sl\/\",\"name\":\"Talkpal\",\"description\":\"AI Language Learning\",\"publisher\":{\"@id\":\"https:\/\/talkpal.ai\/sl\/#organization\"},\"alternateName\":\"Talkpal AI\",\"potentialAction\":[{\"@type\":\"SearchAction\",\"target\":{\"@type\":\"EntryPoint\",\"urlTemplate\":\"https:\/\/talkpal.ai\/sl\/?s={search_term_string}\"},\"query-input\":{\"@type\":\"PropertyValueSpecification\",\"valueRequired\":true,\"valueName\":\"search_term_string\"}}],\"inLanguage\":\"sl-SI\"},{\"@type\":\"Organization\",\"@id\":\"https:\/\/talkpal.ai\/sl\/#organization\",\"name\":\"Talkpal, Inc.\",\"alternateName\":\"Talkpal AI\",\"url\":\"https:\/\/talkpal.ai\/sl\/\",\"logo\":{\"@type\":\"ImageObject\",\"inLanguage\":\"sl-SI\",\"@id\":\"https:\/\/talkpal.ai\/sl\/#\/schema\/logo\/image\/\",\"url\":\"https:\/\/talkpal.ai\/wp-content\/uploads\/2024\/03\/Talkpal-Logo-Icon.png\",\"contentUrl\":\"https:\/\/talkpal.ai\/wp-content\/uploads\/2024\/03\/Talkpal-Logo-Icon.png\",\"width\":2880,\"height\":2880,\"caption\":\"Talkpal, Inc.\"},\"image\":{\"@id\":\"https:\/\/talkpal.ai\/sl\/#\/schema\/logo\/image\/\"},\"sameAs\":[\"https:\/\/www.facebook.com\/profile.php?id=100090733639311\",\"https:\/\/x.com\/talkpalai\",\"https:\/\/www.linkedin.com\/company\/talkpal\/\",\"https:\/\/www.youtube.com\/@TalkPal\/\",\"https:\/\/www.tiktok.com\/@talkpal\",\"https:\/\/www.instagram.com\/talkpal_ai\/\",\"https:\/\/www.crunchbase.com\/organization\/talkpal-9cde\",\"https:\/\/www.g2.com\/products\/talkpal-for-business\/\",\"https:\/\/www.trustpilot.com\/review\/talkpal.ai\",\"https:\/\/www.capterra.com\/p\/10006800\/TalkPal\/\"],\"description\":\"Talkpal is a language learning web and mobile education app, powered by the latest AI technologies, that provides engaging experiences to its customers in many different languages to help them improve their language skills. Users can chat about unlimited amount of topics with the app and use other modes to practice their language learning.\",\"email\":\"support@talkpal.ai\",\"legalName\":\"Talkpal, Inc.\",\"foundingDate\":\"2023-04-03\",\"duns\":\"118989042\",\"numberOfEmployees\":{\"@type\":\"QuantitativeValue\",\"minValue\":\"11\",\"maxValue\":\"50\"},\"publishingPrinciples\":\"https:\/\/talkpal.ai\/publishing-principles\/\",\"actionableFeedbackPolicy\":\"https:\/\/talkpal.ai\/actionable-feedback-policy\/\",\"correctionsPolicy\":\"https:\/\/talkpal.ai\/corrections-policy\/\",\"ethicsPolicy\":\"https:\/\/talkpal.ai\/ethics-policy\/\",\"diversityPolicy\":\"https:\/\/talkpal.ai\/diversity-policy\/\",\"diversityStaffingReport\":\"https:\/\/talkpal.ai\/diversity-policy\/\"}]}<\/script>\n<!-- \/ Yoast SEO Premium plugin. -->","yoast_head_json":{"title":"Gruzijske slovni\u010dne vaje - Talkpal","description":"Osvojite gruzijsko slovnico z interaktivnimi vajami, ki vam bodo pomagale izbolj\u0161ati teko\u010dnost in samozavest v jeziku.","robots":{"index":"index","follow":"follow","max-snippet":"max-snippet:-1","max-image-preview":"max-image-preview:large","max-video-preview":"max-video-preview:-1"},"canonical":"https:\/\/talkpal.ai\/sl\/gruzijske-slovnicne-vaje\/","og_locale":"sl_SI","og_type":"article","og_title":"Gruzijske slovni\u010dne vaje","og_description":"Gruzijske slovni\u010dne teme U\u010denje novega jezika je lahko zahtevno, a koristno prizadevanje. Gruzij\u0161\u010dina, kartvelski jezik, ki se govori predvsem v Gruziji,","og_url":"https:\/\/talkpal.ai\/sl\/gruzijske-slovnicne-vaje\/","og_site_name":"Talkpal","article_publisher":"https:\/\/www.facebook.com\/profile.php?id=100090733639311","article_modified_time":"2025-12-30T14:54:22+00:00","og_image":[{"width":2880,"height":1620,"url":"https:\/\/talkpal.ai\/wp-content\/uploads\/2025\/02\/Progress-tab-16_9.png","type":"image\/png"}],"twitter_card":"summary_large_image","twitter_site":"@talkpalai","twitter_misc":{"Est. reading time":"3 minute"},"schema":{"@context":"https:\/\/schema.org","@graph":[{"@type":"WebPage","@id":"https:\/\/talkpal.ai\/sl\/gruzijske-slovnicne-vaje\/","url":"https:\/\/talkpal.ai\/sl\/gruzijske-slovnicne-vaje\/","name":"Gruzijske slovni\u010dne vaje - Talkpal","isPartOf":{"@id":"https:\/\/talkpal.ai\/sl\/#website"},"datePublished":"2025-11-11T17:01:24+00:00","dateModified":"2025-12-30T14:54:22+00:00","description":"Osvojite gruzijsko slovnico z interaktivnimi vajami, ki vam bodo pomagale izbolj\u0161ati teko\u010dnost in samozavest v jeziku.","breadcrumb":{"@id":"https:\/\/talkpal.ai\/sl\/gruzijske-slovnicne-vaje\/#breadcrumb"},"inLanguage":"sl-SI","potentialAction":[{"@type":"ReadAction","target":["https:\/\/talkpal.ai\/sl\/gruzijske-slovnicne-vaje\/"]}]},{"@type":"BreadcrumbList","@id":"https:\/\/talkpal.ai\/sl\/gruzijske-slovnicne-vaje\/#breadcrumb","itemListElement":[{"@type":"ListItem","position":1,"name":"Homepage","item":"https:\/\/talkpal.ai\/sl\/"},{"@type":"ListItem","position":2,"name":"Gruzijske slovni\u010dne vaje"}]},{"@type":"WebSite","@id":"https:\/\/talkpal.ai\/sl\/#website","url":"https:\/\/talkpal.ai\/sl\/","name":"Talkpal","description":"AI Language Learning","publisher":{"@id":"https:\/\/talkpal.ai\/sl\/#organization"},"alternateName":"Talkpal AI","potentialAction":[{"@type":"SearchAction","target":{"@type":"EntryPoint","urlTemplate":"https:\/\/talkpal.ai\/sl\/?s={search_term_string}"},"query-input":{"@type":"PropertyValueSpecification","valueRequired":true,"valueName":"search_term_string"}}],"inLanguage":"sl-SI"},{"@type":"Organization","@id":"https:\/\/talkpal.ai\/sl\/#organization","name":"Talkpal, Inc.","alternateName":"Talkpal AI","url":"https:\/\/talkpal.ai\/sl\/","logo":{"@type":"ImageObject","inLanguage":"sl-SI","@id":"https:\/\/talkpal.ai\/sl\/#\/schema\/logo\/image\/","url":"https:\/\/talkpal.ai\/wp-content\/uploads\/2024\/03\/Talkpal-Logo-Icon.png","contentUrl":"https:\/\/talkpal.ai\/wp-content\/uploads\/2024\/03\/Talkpal-Logo-Icon.png","width":2880,"height":2880,"caption":"Talkpal, Inc."},"image":{"@id":"https:\/\/talkpal.ai\/sl\/#\/schema\/logo\/image\/"},"sameAs":["https:\/\/www.facebook.com\/profile.php?id=100090733639311","https:\/\/x.com\/talkpalai","https:\/\/www.linkedin.com\/company\/talkpal\/","https:\/\/www.youtube.com\/@TalkPal\/","https:\/\/www.tiktok.com\/@talkpal","https:\/\/www.instagram.com\/talkpal_ai\/","https:\/\/www.crunchbase.com\/organization\/talkpal-9cde","https:\/\/www.g2.com\/products\/talkpal-for-business\/","https:\/\/www.trustpilot.com\/review\/talkpal.ai","https:\/\/www.capterra.com\/p\/10006800\/TalkPal\/"],"description":"Talkpal is a language learning web and mobile education app, powered by the latest AI technologies, that provides engaging experiences to its customers in many different languages to help them improve their language skills. Users can chat about unlimited amount of topics with the app and use other modes to practice their language learning.","email":"support@talkpal.ai","legalName":"Talkpal, Inc.","foundingDate":"2023-04-03","duns":"118989042","numberOfEmployees":{"@type":"QuantitativeValue","minValue":"11","maxValue":"50"},"publishingPrinciples":"https:\/\/talkpal.ai\/publishing-principles\/","actionableFeedbackPolicy":"https:\/\/talkpal.ai\/actionable-feedback-policy\/","correctionsPolicy":"https:\/\/talkpal.ai\/corrections-policy\/","ethicsPolicy":"https:\/\/talkpal.ai\/ethics-policy\/","diversityPolicy":"https:\/\/talkpal.ai\/diversity-policy\/","diversityStaffingReport":"https:\/\/talkpal.ai\/diversity-policy\/"}]}},"_links":{"self":[{"href":"https:\/\/talkpal.ai\/sl\/wp-json\/wp\/v2\/pages\/1477780","targetHints":{"allow":["GET"]}}],"collection":[{"href":"https:\/\/talkpal.ai\/sl\/wp-json\/wp\/v2\/pages"}],"about":[{"href":"https:\/\/talkpal.ai\/sl\/wp-json\/wp\/v2\/types\/page"}],"author":[{"embeddable":true,"href":"https:\/\/talkpal.ai\/sl\/wp-json\/wp\/v2\/users\/20"}],"replies":[{"embeddable":true,"href":"https:\/\/talkpal.ai\/sl\/wp-json\/wp\/v2\/comments?post=1477780"}],"version-history":[{"count":0,"href":"https:\/\/talkpal.ai\/sl\/wp-json\/wp\/v2\/pages\/1477780\/revisions"}],"wp:attachment":[{"href":"https:\/\/talkpal.ai\/sl\/wp-json\/wp\/v2\/media?parent=1477780"}],"curies":[{"name":"wp","href":"https:\/\/api.w.org\/{rel}","templated":true}]}}