{"id":1477774,"date":"2025-11-11T17:01:21","date_gmt":"2025-11-11T17:01:21","guid":{"rendered":"https:\/\/talkpal.ai\/gruzijska-slovnica\/"},"modified":"2025-12-30T14:52:19","modified_gmt":"2025-12-30T14:52:19","slug":"gruzijska-slovnica","status":"publish","type":"page","link":"https:\/\/talkpal.ai\/sl\/gruzijska-slovnica\/","title":{"rendered":"Gruzijska slovnica"},"content":{"rendered":"\r\n\r\n\r\n<section class=\"languageChallengeSection\">\r\n    <div class=\"languageInfoWrapper\">\r\n        \r\n        <h1>Gruzijska slovnica<\/h1>\r\n        <p><a href=\"https:\/\/talkpal.ai\/learn-georgian\/\">Gruzijska<\/a> <a href=\"https:\/\/talkpal.ai\/grammar\/\">slovnica<\/a> se sprva morda zdi zahtevna, vendar je zaradi njenih edinstvenih lastnosti u\u010denje jezika koristna izku\u0161nja. Z raziskovanjem abecede, mutacij in slovni\u010dnih pravil boste dobili vpogled v bogato jezikovno tradicijo. Za\u010dnite svoje potovanje in odkrijte lepoto gruzijskega!<\/p>\r\n\r\n                            <a class=\"getStartedHidden\" href=\"https:\/\/app.talkpal.ai\/sl\/signup?lng=\">Za\u010dni<\/a>\r\n        \r\n    <\/div>\r\n\r\n    <figure>\r\n    <img decoding=\"async\" width=\"768\" height=\"768\" src=\"https:\/\/talkpal.ai\/wp-content\/uploads\/2023\/06\/welsh-768x768.png\" class=\"languageImage no-lazy\" alt=\"Language learning for better cognitive abilities\" fetchpriority=\"high\" sizes=\"(max-width: 768px) 150px, 768px\" srcset=\"https:\/\/talkpal.ai\/wp-content\/uploads\/2023\/06\/welsh-768x768.png 768w, https:\/\/talkpal.ai\/wp-content\/uploads\/2023\/06\/welsh-300x300.png 300w\" \/>\r\n    \r\n\r\n    <\/figure>\r\n\r\n            <a class=\"getStartedVisible\" href=\"https:\/\/app.talkpal.ai\/sl\/signup?lng=\">Za\u010dni<\/a>\r\n    \r\n<\/section><section class=\"promotionalBanner\">\r\n    <p class=\"promotionalText\">Naju\u010dinkovitej\u0161i na\u010din u\u010denja jezika<\/p>\r\n    <a class=\"promotionalLink\" href=\"https:\/\/app.talkpal.ai\/sl\/signup?lng=\">Preizkusite Talkpal brezpla\u010dno<\/a>\r\n<\/section>\n<div class=\"wp-block-group pageContainerStyle\"><div class=\"wp-block-group__inner-container is-layout-constrained wp-block-group-is-layout-constrained\">\n<h2 class=\"wp-block-heading\" id=\"h-navigating-the-intricacies-of-georgian-grammar\">Krmarjenje po zapletenosti gruzijske slovnice<\/h2>\n\n\n\n<p><a href=\"https:\/\/talkpal.ai\/sl\/naucite-se-gruzijscine\/\">Gruzij\u0161\u010dina<\/a>, kartvelski jezik z bogato zgodovino in kulturnim pomenom, ponuja vznemirljivo jezikovno izku\u0161njo za tiste, ki \u017eelijo raziskati njegov edinstven slovni\u010dni sistem. Ko se odpravite v gruzijsko kraljestvo, ne boste le obogatili svojega jezikovnega repertoarja, temve\u010d boste sprejeli tudi fascinantno kulturno potovanje. Medtem ko se <a href=\"https:\/\/talkpal.ai\/learn-georgian\/\">gruzijska<\/a> slovnica na prvi pogled zdi zapletena, jo raz\u010dlenitev na temeljne komponente naredi u\u010denje jezika bolj dostopno. V tem \u010dlanku bomo raziskali o\u010darljiv svet gruzijske slovnice in podali nasvete, kako obvladati njegovo zapletenost.<\/p>\n\n\n\n<h3 class=\"wp-block-heading\" id=\"h-1-georgian-alphabet-and-phonetics\">1. Gruzijska abeceda in fonetika<\/h3>\n\n\n\n<p>Gruzijska abeceda, znana kot Mkhedruli, je sestavljena iz 33 \u010drk in je edinstvena za jezik. Uporablja razlikovalne znake, kot so \u10e7, \u10ed in \u10e6. \u010ce se \u017eelite nau\u010diti gruzijske slovnice, je klju\u010dnega pomena, da se seznanite s tem sistemom pisanja z branjem in pisanjem v gruzij\u0161\u010dini.<\/p>\n\n\n\n<h3 class=\"wp-block-heading\" id=\"h-2-ejective-consonants-and-consonant-clusters-a-peculiar-georgian-feature\">2. Ejektivni soglasniki in soglasni\u0161ki grozdi: nenavadna gruzijska zna\u010dilnost<\/h3>\n\n\n\n<p>Eden najbolj presenetljivih vidikov gruzijskega jezika so njegovi izmetni soglasniki in kompleksni soglasni\u0161ki grozdi. Ejektivi, kot so p&#8217;, t&#8217;, k&#8217;, ts&#8217;, ch&#8217; in q&#8217;, so pogosti, gruzijski pa dovoljuje dolge soglasni\u0161ke grozde, ki so lahko izziv za novince. Razumevanje, kako ti zvoki delujejo, in vadba njihove izgovorjave je klju\u010dnega pomena za natan\u010dno komunikacijo v gruzij\u0161\u010dini.<\/p>\n\n\n\n<h3 class=\"wp-block-heading\" id=\"h-3-nouns-and-pronouns-gender-and-cases\">3. Samostalniki in zaimki: spol in primeri<\/h3>\n\n\n\n<p>Gruzijski samostalniki nimajo slovni\u010dnega spola, kar poenostavlja soglasje, vendar se pregibajo za primere. Pogosti primeri vklju\u010dujejo nominativ, ergativ, dativ, genitiv, instrumental, prislov in vokativ. Mno\u017eine se pogosto oblikujejo s pripono -eb- in dodatnimi kon\u010dnicami, odvisno od velikih in malih \u010drk. Zaimki v gruzij\u0161\u010dini vklju\u010dujejo osebne, posesivne, refleksivne, demonstrativne in vpra\u0161alne zaimke in ne ozna\u010dujejo spola. Spoznavanje teh zaimkov in njihovih oblik bo bistveno izbolj\u0161alo va\u0161e razumevanje gruzijske slovnice.<\/p>\n\n\n\n<h3 class=\"wp-block-heading\" id=\"h-4-verbs-structure-and-conjugation\">4. Glagoli: struktura in konjugacija<\/h3>\n\n\n\n<p>Gruzijski glagoli sledijo zna\u010dilni strukturi s kompleksnim soglasjem in morfologijo. Besedni sistemi so organizirani v screeve, ki zdru\u017eujejo \u010das, aspekt in razpolo\u017eenje, zlasti sedanjost, aorist in popolno serijo. Zna\u010dilnosti, kot so pregovori, ozna\u010devalci razli\u010dic in polipersonalno soglasje, so osrednjega pomena za konjugacijo. U\u010denje teh vzorcev, skupaj s pogojnimi, imperativnimi in konjunktivnimi razpolo\u017eenji, bo izbolj\u0161alo va\u0161o sposobnost u\u010dinkovitega komuniciranja v gruzij\u0161\u010dini.<\/p>\n\n\n\n<h3 class=\"wp-block-heading\" id=\"h-5-adjectives-agreement-and-placement\">5. Pridevniki: dogovor in namestitev<\/h3>\n\n\n\n<p>n Gruzijska slovnica, pridevniki obi\u010dajno pred samostalnikom, ki ga spreminjajo, in ne ozna\u010dujejo spola. Mnogi pridevniki ne prevzamejo mno\u017einske pripone, \u010deprav lahko ka\u017eejo obna\u0161anje velikih in malih \u010drk, odvisno od vrste. Primerjalni in prese\u017eniki se obi\u010dajno oblikujejo analiti\u010dno z besedami, kot sta upro (ve\u010d) in qvelaze (ve\u010dina), ki so bistvenega pomena za u\u010denje bolj naravne komunikacije.<\/p>\n\n\n\n<p><strong>Primeri:<\/strong><\/p>\n\n\n\n<p><strong>&#8211; Didi Siqvaruli (Velika ljubezen)<\/strong><\/p>\n\n\n\n<p><strong>\u2013 Patara Bavshvebi (Majhni otroci)<\/strong><\/p>\n\n\n\n<h3 class=\"wp-block-heading\" id=\"h-6-engaging-with-the-language\">6. Sodelovanje z jezikom<\/h3>\n\n\n\n<p>Naju\u010dinkovitej\u0161i na\u010din za popolno razumevanje in internalizacijo gruzijske slovnice je dosledno sodelovanje z jezikom. Z branjem gruzijske literature, gledanjem gruzijskih filmov ali televizijskih serij in aktivnim komuniciranjem z doma\u010dimi govorci boste okrepili svoje razumevanje slovnice in raz\u0161irili svoj besednjak.  <\/p>\n\n\n\n<h3 class=\"wp-block-heading\" id=\"h-conclusion\">Zaklju\u010dek<\/h3>\n\n\n\n<p>\u010ceprav se gruzijska slovnica morda zdi zapletena, lahko postanete usposobljeni v tem \u010dudovitem jeziku s predanostjo, prakso in navdu\u0161enjem. Z osredoto\u010danjem na temeljna pravila in vklju\u010devanjem v jezik v razli\u010dnih kontekstih boste hitro izbolj\u0161ali <a href=\"https:\/\/talkpal.ai\/sl\/gramatika\/\">svoje gruzijsko slovni\u010dno znanje<\/a>. \u10ec\u10d0\u10e0\u10db\u10d0\u10e2\u10d4\u10d1\u10d4\u10d1\u10d8 (vso sre\u010do) s svojim gruzijskim jezikovnim potovanjem in u\u017eivajte v razkrivanju skrivnostnega, a o\u010darljivega sveta gruzijske slovnice!<\/p>\n<\/div><\/div>\n\r\n<section class=\"learnNavigationSection\">\r\n            \r\n        <a href=\"https:\/\/talkpal.ai\/sl\/naucite-se-valizanscine\/\">\r\n            <div class=\"learnNavigationWrapper\">\r\n                <div class=\"learnNavigationContent\">\r\n                    <img decoding=\"async\" src=\"https:\/\/talkpal.ai\/wp-content\/uploads\/2025\/11\/Georgian.png\" alt=\"Georgian Flag\">\r\n                    <div>\r\n                        <h4>O u\u010denju gruzij\u0161\u010dine<\/h4>\r\n                        <p>Izvedite vse o gruzijski slovnici.<\/p>\r\n                    <\/div>\r\n                <\/div>\r\n            <\/div>\r\n        <\/a>\r\n\r\n        \r\n        <a href=\"https:\/\/talkpal.ai\/sl\/valizanske-slovnicne-vaje\/\">\r\n            <div class=\"learnNavigationWrapper\">\r\n                <div class=\"learnNavigationContent\">\r\n                    <img decoding=\"async\" src=\"https:\/\/talkpal.ai\/wp-content\/uploads\/2025\/11\/Georgian.png\" alt=\"Georgian Flag\">\r\n                    <div>\r\n                        <h4>Gruzijska slovni\u010dna vaja<\/h4>\r\n                        <p>Vadite gruzijsko slovnico.<\/p>\r\n                    <\/div>\r\n                <\/div>\r\n            <\/div>\r\n        <\/a>\r\n\r\n            <\/section>","protected":false},"excerpt":{"rendered":"<p>Krmarjenje po zapletenosti gruzijske slovnice Gruzij\u0161\u010dina, kartvelski jezik z bogato zgodovino in kulturnim pomenom, ponuja vznemirljivo jezikovno izku\u0161njo za tiste, ki \u017eelijo raziskati njegov edinstven slovni\u010dni sistem. Ko se odpravite v gruzijsko kraljestvo, ne boste le obogatili svojega jezikovnega repertoarja, temve\u010d boste sprejeli tudi fascinantno kulturno potovanje. Medtem ko se gruzijska slovnica na prvi pogled [&hellip;]<\/p>\n","protected":false},"author":20,"featured_media":0,"parent":0,"menu_order":0,"comment_status":"closed","ping_status":"closed","template":"LearningContentPage.php","meta":{"_acf_changed":false,"footnotes":""},"class_list":["post-1477774","page","type-page","status-publish","hentry"],"acf":[],"yoast_head":"<!-- This site is optimized with the Yoast SEO Premium plugin v27.2 (Yoast SEO v27.2) - https:\/\/yoast.com\/product\/yoast-seo-premium-wordpress\/ -->\n<title>Gruzijska slovnica - Talkpal<\/title>\n<meta name=\"description\" content=\"Hitro osvojite gruzijska slovni\u010dna pravila in abecedo z na\u0161im iz\u010drpnim vodnikom in jezikovnim u\u010diteljem z umetno inteligenco.\" \/>\n<meta name=\"robots\" content=\"index, follow, max-snippet:-1, max-image-preview:large, max-video-preview:-1\" \/>\n<link rel=\"canonical\" href=\"https:\/\/talkpal.ai\/sl\/gruzijska-slovnica\/\" \/>\n<meta property=\"og:locale\" content=\"sl_SI\" \/>\n<meta property=\"og:type\" content=\"article\" \/>\n<meta property=\"og:title\" content=\"Gruzijska slovnica\" \/>\n<meta property=\"og:description\" content=\"Krmarjenje po zapletenosti gruzijske slovnice Gruzij\u0161\u010dina, kartvelski jezik z bogato zgodovino in kulturnim pomenom, ponuja vznemirljivo jezikovno\" \/>\n<meta property=\"og:url\" content=\"https:\/\/talkpal.ai\/sl\/gruzijska-slovnica\/\" \/>\n<meta property=\"og:site_name\" content=\"Talkpal\" \/>\n<meta property=\"article:publisher\" content=\"https:\/\/www.facebook.com\/profile.php?id=100090733639311\" \/>\n<meta property=\"article:modified_time\" content=\"2025-12-30T14:52:19+00:00\" \/>\n<meta property=\"og:image\" content=\"https:\/\/talkpal.ai\/wp-content\/uploads\/2025\/02\/Progress-tab-16_9.png\" \/>\n\t<meta property=\"og:image:width\" content=\"2880\" \/>\n\t<meta property=\"og:image:height\" content=\"1620\" \/>\n\t<meta property=\"og:image:type\" content=\"image\/png\" \/>\n<meta name=\"twitter:card\" content=\"summary_large_image\" \/>\n<meta name=\"twitter:site\" content=\"@talkpalai\" \/>\n<meta name=\"twitter:label1\" content=\"Est. reading time\" \/>\n\t<meta name=\"twitter:data1\" content=\"3 minute\" \/>\n<script type=\"application\/ld+json\" class=\"yoast-schema-graph\">{\"@context\":\"https:\/\/schema.org\",\"@graph\":[{\"@type\":\"WebPage\",\"@id\":\"https:\/\/talkpal.ai\/sl\/gruzijska-slovnica\/\",\"url\":\"https:\/\/talkpal.ai\/sl\/gruzijska-slovnica\/\",\"name\":\"Gruzijska slovnica - Talkpal\",\"isPartOf\":{\"@id\":\"https:\/\/talkpal.ai\/sl\/#website\"},\"datePublished\":\"2025-11-11T17:01:21+00:00\",\"dateModified\":\"2025-12-30T14:52:19+00:00\",\"description\":\"Hitro osvojite gruzijska slovni\u010dna pravila in abecedo z na\u0161im iz\u010drpnim vodnikom in jezikovnim u\u010diteljem z umetno inteligenco.\",\"breadcrumb\":{\"@id\":\"https:\/\/talkpal.ai\/sl\/gruzijska-slovnica\/#breadcrumb\"},\"inLanguage\":\"sl-SI\",\"potentialAction\":[{\"@type\":\"ReadAction\",\"target\":[\"https:\/\/talkpal.ai\/sl\/gruzijska-slovnica\/\"]}]},{\"@type\":\"BreadcrumbList\",\"@id\":\"https:\/\/talkpal.ai\/sl\/gruzijska-slovnica\/#breadcrumb\",\"itemListElement\":[{\"@type\":\"ListItem\",\"position\":1,\"name\":\"Homepage\",\"item\":\"https:\/\/talkpal.ai\/sl\/\"},{\"@type\":\"ListItem\",\"position\":2,\"name\":\"Gruzijska slovnica\"}]},{\"@type\":\"WebSite\",\"@id\":\"https:\/\/talkpal.ai\/sl\/#website\",\"url\":\"https:\/\/talkpal.ai\/sl\/\",\"name\":\"Talkpal\",\"description\":\"AI Language Learning\",\"publisher\":{\"@id\":\"https:\/\/talkpal.ai\/sl\/#organization\"},\"alternateName\":\"Talkpal AI\",\"potentialAction\":[{\"@type\":\"SearchAction\",\"target\":{\"@type\":\"EntryPoint\",\"urlTemplate\":\"https:\/\/talkpal.ai\/sl\/?s={search_term_string}\"},\"query-input\":{\"@type\":\"PropertyValueSpecification\",\"valueRequired\":true,\"valueName\":\"search_term_string\"}}],\"inLanguage\":\"sl-SI\"},{\"@type\":\"Organization\",\"@id\":\"https:\/\/talkpal.ai\/sl\/#organization\",\"name\":\"Talkpal, Inc.\",\"alternateName\":\"Talkpal AI\",\"url\":\"https:\/\/talkpal.ai\/sl\/\",\"logo\":{\"@type\":\"ImageObject\",\"inLanguage\":\"sl-SI\",\"@id\":\"https:\/\/talkpal.ai\/sl\/#\/schema\/logo\/image\/\",\"url\":\"https:\/\/talkpal.ai\/wp-content\/uploads\/2024\/03\/Talkpal-Logo-Icon.png\",\"contentUrl\":\"https:\/\/talkpal.ai\/wp-content\/uploads\/2024\/03\/Talkpal-Logo-Icon.png\",\"width\":2880,\"height\":2880,\"caption\":\"Talkpal, Inc.\"},\"image\":{\"@id\":\"https:\/\/talkpal.ai\/sl\/#\/schema\/logo\/image\/\"},\"sameAs\":[\"https:\/\/www.facebook.com\/profile.php?id=100090733639311\",\"https:\/\/x.com\/talkpalai\",\"https:\/\/www.linkedin.com\/company\/talkpal\/\",\"https:\/\/www.youtube.com\/@TalkPal\/\",\"https:\/\/www.tiktok.com\/@talkpal\",\"https:\/\/www.instagram.com\/talkpal_ai\/\",\"https:\/\/www.crunchbase.com\/organization\/talkpal-9cde\",\"https:\/\/www.g2.com\/products\/talkpal-for-business\/\",\"https:\/\/www.trustpilot.com\/review\/talkpal.ai\",\"https:\/\/www.capterra.com\/p\/10006800\/TalkPal\/\"],\"description\":\"Talkpal is a language learning web and mobile education app, powered by the latest AI technologies, that provides engaging experiences to its customers in many different languages to help them improve their language skills. Users can chat about unlimited amount of topics with the app and use other modes to practice their language learning.\",\"email\":\"support@talkpal.ai\",\"legalName\":\"Talkpal, Inc.\",\"foundingDate\":\"2023-04-03\",\"duns\":\"118989042\",\"numberOfEmployees\":{\"@type\":\"QuantitativeValue\",\"minValue\":\"11\",\"maxValue\":\"50\"},\"publishingPrinciples\":\"https:\/\/talkpal.ai\/publishing-principles\/\",\"actionableFeedbackPolicy\":\"https:\/\/talkpal.ai\/actionable-feedback-policy\/\",\"correctionsPolicy\":\"https:\/\/talkpal.ai\/corrections-policy\/\",\"ethicsPolicy\":\"https:\/\/talkpal.ai\/ethics-policy\/\",\"diversityPolicy\":\"https:\/\/talkpal.ai\/diversity-policy\/\",\"diversityStaffingReport\":\"https:\/\/talkpal.ai\/diversity-policy\/\"}]}<\/script>\n<!-- \/ Yoast SEO Premium plugin. -->","yoast_head_json":{"title":"Gruzijska slovnica - Talkpal","description":"Hitro osvojite gruzijska slovni\u010dna pravila in abecedo z na\u0161im iz\u010drpnim vodnikom in jezikovnim u\u010diteljem z umetno inteligenco.","robots":{"index":"index","follow":"follow","max-snippet":"max-snippet:-1","max-image-preview":"max-image-preview:large","max-video-preview":"max-video-preview:-1"},"canonical":"https:\/\/talkpal.ai\/sl\/gruzijska-slovnica\/","og_locale":"sl_SI","og_type":"article","og_title":"Gruzijska slovnica","og_description":"Krmarjenje po zapletenosti gruzijske slovnice Gruzij\u0161\u010dina, kartvelski jezik z bogato zgodovino in kulturnim pomenom, ponuja vznemirljivo jezikovno","og_url":"https:\/\/talkpal.ai\/sl\/gruzijska-slovnica\/","og_site_name":"Talkpal","article_publisher":"https:\/\/www.facebook.com\/profile.php?id=100090733639311","article_modified_time":"2025-12-30T14:52:19+00:00","og_image":[{"width":2880,"height":1620,"url":"https:\/\/talkpal.ai\/wp-content\/uploads\/2025\/02\/Progress-tab-16_9.png","type":"image\/png"}],"twitter_card":"summary_large_image","twitter_site":"@talkpalai","twitter_misc":{"Est. reading time":"3 minute"},"schema":{"@context":"https:\/\/schema.org","@graph":[{"@type":"WebPage","@id":"https:\/\/talkpal.ai\/sl\/gruzijska-slovnica\/","url":"https:\/\/talkpal.ai\/sl\/gruzijska-slovnica\/","name":"Gruzijska slovnica - Talkpal","isPartOf":{"@id":"https:\/\/talkpal.ai\/sl\/#website"},"datePublished":"2025-11-11T17:01:21+00:00","dateModified":"2025-12-30T14:52:19+00:00","description":"Hitro osvojite gruzijska slovni\u010dna pravila in abecedo z na\u0161im iz\u010drpnim vodnikom in jezikovnim u\u010diteljem z umetno inteligenco.","breadcrumb":{"@id":"https:\/\/talkpal.ai\/sl\/gruzijska-slovnica\/#breadcrumb"},"inLanguage":"sl-SI","potentialAction":[{"@type":"ReadAction","target":["https:\/\/talkpal.ai\/sl\/gruzijska-slovnica\/"]}]},{"@type":"BreadcrumbList","@id":"https:\/\/talkpal.ai\/sl\/gruzijska-slovnica\/#breadcrumb","itemListElement":[{"@type":"ListItem","position":1,"name":"Homepage","item":"https:\/\/talkpal.ai\/sl\/"},{"@type":"ListItem","position":2,"name":"Gruzijska slovnica"}]},{"@type":"WebSite","@id":"https:\/\/talkpal.ai\/sl\/#website","url":"https:\/\/talkpal.ai\/sl\/","name":"Talkpal","description":"AI Language Learning","publisher":{"@id":"https:\/\/talkpal.ai\/sl\/#organization"},"alternateName":"Talkpal AI","potentialAction":[{"@type":"SearchAction","target":{"@type":"EntryPoint","urlTemplate":"https:\/\/talkpal.ai\/sl\/?s={search_term_string}"},"query-input":{"@type":"PropertyValueSpecification","valueRequired":true,"valueName":"search_term_string"}}],"inLanguage":"sl-SI"},{"@type":"Organization","@id":"https:\/\/talkpal.ai\/sl\/#organization","name":"Talkpal, Inc.","alternateName":"Talkpal AI","url":"https:\/\/talkpal.ai\/sl\/","logo":{"@type":"ImageObject","inLanguage":"sl-SI","@id":"https:\/\/talkpal.ai\/sl\/#\/schema\/logo\/image\/","url":"https:\/\/talkpal.ai\/wp-content\/uploads\/2024\/03\/Talkpal-Logo-Icon.png","contentUrl":"https:\/\/talkpal.ai\/wp-content\/uploads\/2024\/03\/Talkpal-Logo-Icon.png","width":2880,"height":2880,"caption":"Talkpal, Inc."},"image":{"@id":"https:\/\/talkpal.ai\/sl\/#\/schema\/logo\/image\/"},"sameAs":["https:\/\/www.facebook.com\/profile.php?id=100090733639311","https:\/\/x.com\/talkpalai","https:\/\/www.linkedin.com\/company\/talkpal\/","https:\/\/www.youtube.com\/@TalkPal\/","https:\/\/www.tiktok.com\/@talkpal","https:\/\/www.instagram.com\/talkpal_ai\/","https:\/\/www.crunchbase.com\/organization\/talkpal-9cde","https:\/\/www.g2.com\/products\/talkpal-for-business\/","https:\/\/www.trustpilot.com\/review\/talkpal.ai","https:\/\/www.capterra.com\/p\/10006800\/TalkPal\/"],"description":"Talkpal is a language learning web and mobile education app, powered by the latest AI technologies, that provides engaging experiences to its customers in many different languages to help them improve their language skills. Users can chat about unlimited amount of topics with the app and use other modes to practice their language learning.","email":"support@talkpal.ai","legalName":"Talkpal, Inc.","foundingDate":"2023-04-03","duns":"118989042","numberOfEmployees":{"@type":"QuantitativeValue","minValue":"11","maxValue":"50"},"publishingPrinciples":"https:\/\/talkpal.ai\/publishing-principles\/","actionableFeedbackPolicy":"https:\/\/talkpal.ai\/actionable-feedback-policy\/","correctionsPolicy":"https:\/\/talkpal.ai\/corrections-policy\/","ethicsPolicy":"https:\/\/talkpal.ai\/ethics-policy\/","diversityPolicy":"https:\/\/talkpal.ai\/diversity-policy\/","diversityStaffingReport":"https:\/\/talkpal.ai\/diversity-policy\/"}]}},"_links":{"self":[{"href":"https:\/\/talkpal.ai\/sl\/wp-json\/wp\/v2\/pages\/1477774","targetHints":{"allow":["GET"]}}],"collection":[{"href":"https:\/\/talkpal.ai\/sl\/wp-json\/wp\/v2\/pages"}],"about":[{"href":"https:\/\/talkpal.ai\/sl\/wp-json\/wp\/v2\/types\/page"}],"author":[{"embeddable":true,"href":"https:\/\/talkpal.ai\/sl\/wp-json\/wp\/v2\/users\/20"}],"replies":[{"embeddable":true,"href":"https:\/\/talkpal.ai\/sl\/wp-json\/wp\/v2\/comments?post=1477774"}],"version-history":[{"count":0,"href":"https:\/\/talkpal.ai\/sl\/wp-json\/wp\/v2\/pages\/1477774\/revisions"}],"wp:attachment":[{"href":"https:\/\/talkpal.ai\/sl\/wp-json\/wp\/v2\/media?parent=1477774"}],"curies":[{"name":"wp","href":"https:\/\/api.w.org\/{rel}","templated":true}]}}