{"id":1477762,"date":"2025-11-11T16:21:06","date_gmt":"2025-11-11T16:21:06","guid":{"rendered":"https:\/\/talkpal.ai\/burmanske-slovnicne-vaje\/"},"modified":"2025-12-30T15:23:58","modified_gmt":"2025-12-30T15:23:58","slug":"burmanske-slovnicne-vaje","status":"publish","type":"page","link":"https:\/\/talkpal.ai\/sl\/burmanske-slovnicne-vaje\/","title":{"rendered":"Burmanske slovni\u010dne vaje"},"content":{"rendered":"\r\n\r\n\r\n<section class=\"languageChallengeSection\">\r\n    <div class=\"languageInfoWrapper\">\r\n        \r\n        <h1>Burmanske slovni\u010dne vaje<\/h1>\r\n        <p>Ste pripravljeni, da se potopite v burmansko slovnico? \u010ce boste vadili nekaj osnov, se boste la\u017eje spoprijeli s tem edinstvenim in \u010dudovitim jezikom. Preizkusite te vaje, da okrepite svojo samozavest in se ob tem zabavate!<\/p>\r\n\r\n                            <a class=\"getStartedHidden\" href=\"https:\/\/app.talkpal.ai\/sl\/signup?lng=\">Za\u010dni<\/a>\r\n        \r\n    <\/div>\r\n\r\n    <figure>\r\n    <img decoding=\"async\" width=\"768\" height=\"768\" src=\"https:\/\/talkpal.ai\/wp-content\/uploads\/2023\/06\/welsh-768x768.png\" class=\"languageImage no-lazy\" alt=\"Language learning for better cognitive abilities\" fetchpriority=\"high\" sizes=\"(max-width: 768px) 150px, 768px\" srcset=\"https:\/\/talkpal.ai\/wp-content\/uploads\/2023\/06\/welsh-768x768.png 768w, https:\/\/talkpal.ai\/wp-content\/uploads\/2023\/06\/welsh-300x300.png 300w\" \/>\r\n    \r\n\r\n    <\/figure>\r\n\r\n            <a class=\"getStartedVisible\" href=\"https:\/\/app.talkpal.ai\/sl\/signup?lng=\">Za\u010dni<\/a>\r\n    \r\n<\/section><section class=\"promotionalBanner\">\r\n    <p class=\"promotionalText\">Naju\u010dinkovitej\u0161i na\u010din u\u010denja jezika<\/p>\r\n    <a class=\"promotionalLink\" href=\"https:\/\/app.talkpal.ai\/sl\/signup?lng=\">Preizkusite Talkpal brezpla\u010dno<\/a>\r\n<\/section>\n<div class=\"wp-block-group pageContainerStyle\"><div class=\"wp-block-group__inner-container is-layout-constrained wp-block-group-is-layout-constrained\">\n<h2 class=\"wp-block-heading\" id=\"h-burmese-grammar-topics\">Burmanske slovni\u010dne teme<\/h2>\n\n\n\n<p><a href=\"https:\/\/talkpal.ai\/sl\/najvecje-napake-ki-se-jim-je-treba-izogniti-pri-ucenju-novega-jezika\/\">U\u010denje novega jezika<\/a> je lahko zahtevno, a koristno prizadevanje. Burman\u0161\u010dina, kitajsko-tibetanski jezik, ki se govori predvsem v Mjanmaru, ni izjema. <a href=\"https:\/\/talkpal.ai\/sl\/talkpal-za-izobrazevanje\/\">U\u010denje<\/a> burman\u0161\u010dine s svojimi edinstvenimi zna\u010dilnostmi in strukturami zahteva sistemati\u010den pristop k razumevanju njegove slovnice. Ta vodnik opisuje klju\u010dna podro\u010dja <a href=\"https:\/\/talkpal.ai\/sl\/burmanska-slovnica\/\">burmanske slovnice<\/a> v logi\u010dnem zaporedju <a href=\"https:\/\/talkpal.ai\/sl\/klepetalni-robot-z-umetno-inteligenco-za-ucenje-jezikov\/\">za u\u010denje jezikov<\/a>, za\u010den\u0161i z osnovami, kot so samostalniki in \u010dleni, in napreduje do bolj zapletenih podro\u010dij, kot so \u010dasi in stav\u010dna konstrukcija.<\/p>\n\n\n\n<h3 class=\"wp-block-heading\" id=\"h-1-nouns\">1. Samostalniki:<\/h3>\n\n\n\n<p>Za\u010dnite svoje burmansko jezikovno potovanje z u\u010denjem samostalnikov. To vklju\u010duje razumevanje skupnih in lastnih samostalnikov, kako je mno\u017eina ozna\u010dena z ozna\u010devalci namesto obveznega pregiba in kako se klasifikatorji povezujejo s \u0161tevilkami.<\/p>\n\n\n\n<h3 class=\"wp-block-heading\" id=\"h-2-articles\">2. \u010clanki:<\/h3>\n\n\n\n<p>\u010clanki v burmanskem jeziku se uporabljajo druga\u010de kot v <a href=\"https:\/\/talkpal.ai\/ai-english-speaking-practice\/\">angle\u0161\u010dini<\/a>. Burman\u0161\u010dina nima dolo\u010denih in nedolo\u010dnih \u010dlenov, zato se dolo\u010dnost ka\u017ee s kontekstom ali kazalci, nedolo\u010den pomen pa se pogosto izra\u017ea s \u0161tevilko <a href=\"https:\/\/talkpal.ai\/locations\/language-courses-in-ena\/\">ena<\/a> ali drugimi delci.<\/p>\n\n\n\n<h3 class=\"wp-block-heading\" id=\"h-3-adjectives\">3. Pridevniki:<\/h3>\n\n\n\n<p>Pridevniki v burman\u0161\u010dini vplivajo na samostalnike druga\u010de kot v angle\u0161\u010dini. Pogosto delujejo kot stativni glagoli in se obi\u010dajno pojavljajo za samostalnikom v pogovornem govoru ali pred samostalnikom z atributivnim ozna\u010devalcem v bolj formalnih slogih, prav tako pa se boste nau\u010dili, kako oblikovati primerjave z besedami stopnje in ozna\u010devalcem za than ter prese\u017eniki z namenskimi oblikami.<\/p>\n\n\n\n<h3 class=\"wp-block-heading\" id=\"h-4-pronouns-determiners\">4. Zaimki\/dolo\u010devalci:<\/h3>\n\n\n\n<p>rouni in determinerji so bistvenega pomena v burman\u0161\u010dini; Odra\u017eajo stopnjo vljudnosti in formalnosti in lahko nadomestijo samostalnike ali jih dolo\u010dijo s kazalci, kot je ta in <a href=\"https:\/\/talkpal.ai\/locations\/language-courses-in-ono\/\">ono<\/a>, koli\u010dina s \u0161tevilkami in klasifikatorji ter posedovanje s svojilnimi delci.<\/p>\n\n\n\n<h3 class=\"wp-block-heading\" id=\"h-5-verbs\">5. Glagoli:<\/h3>\n\n\n\n<p><a href=\"https:\/\/talkpal.ai\/learn-burmese\/\">Burmanski<\/a> glagoli se ne konjugirajo za osebo ali \u0161tevilo. Namesto tega se \u010das, vidik, razpolo\u017eenje, polarnost in vljudnost izra\u017eajo z ozna\u010devalci in kon\u010dnimi delci stavkov, zato za\u010dnite z osnovnimi glagolskimi osnovami in jedrnimi delci, ki se uporabljajo v vsakdanjem govoru.<\/p>\n\n\n\n<h3 class=\"wp-block-heading\" id=\"h-6-tenses\">6. \u010casi:<\/h3>\n\n\n\n<p>Po obvladovanju glagolskih vzorcev se poglobite v to, kako burman\u0161\u010dina ravna s \u010dasom in vidikom. Burman\u0161\u010dina se zana\u0161a na aspektne ozna\u010devalce in kon\u010dne delce stavkov za razlikovanje sedanjosti, preteklosti, prihodnosti, dokon\u010danja in namena, pogosto v kombinaciji s \u010dasovnimi izrazi.<\/p>\n\n\n\n<h3 class=\"wp-block-heading\" id=\"h-7-tense-comparison\">7. Primerjava \u010dasov:<\/h3>\n\n\n\n<p>Primerjava \u010dasa in vidika v burman\u0161\u010dini pomaga pri razumevanju zaporedja in narave dogodkov. Primerjajte isti glagol z razli\u010dnimi delci in \u010dasovnimi besednimi zvezami, da vidite, kako so izra\u017eena teko\u010da, dokon\u010dana, obi\u010dajna in nameravana dejanja.<\/p>\n\n\n\n<h3 class=\"wp-block-heading\" id=\"h-8-progressive\">8. Progresivno:<\/h3>\n\n\n\n<p>Progresivno v burman\u0161\u010dini se uporablja za izra\u017eanje teko\u010dih dejanj. Oblikuje se s progresivnim ozna\u010devalcem, ki je pritrjen na glagol in dopolnjen z ustreznim stav\u010dno-kon\u010dnim delcem.<\/p>\n\n\n\n<h3 class=\"wp-block-heading\" id=\"h-9-perfect-progressive\">9. Perfect Progressive:<\/h3>\n\n\n\n<p>Ta pomen se uporablja za izra\u017eanje dejanj, ki so potekala do dolo\u010dene to\u010dke. V burman\u0161\u010dini se izra\u017ea z zdru\u017eevanjem progresivnega s kontinuativnimi ali dopolnilnimi ozna\u010devalci in trajnimi stavki, ne pa z eno samo namensko obliko.<\/p>\n\n\n\n<h3 class=\"wp-block-heading\" id=\"h-10-conditionals\">10. Pogoji:<\/h3>\n\n\n\n<p>Pogoji izra\u017eajo hipoteti\u010dne situacije in njihove mo\u017ene izide. V burman\u0161\u010dini se oblikujejo s pogojnim ozna\u010devalcem v protazi in ustreznimi kon\u010dnimi delci stavka v stavku in so pomemben del slovnice, ki bo dodal nianse va\u0161im jezikovnim znanjem.<\/p>\n\n\n\n<h3 class=\"wp-block-heading\" id=\"h-11-adverbs\">11. Prislovi:<\/h3>\n\n\n\n<p>Prislovi v burman\u0161\u010dini spreminjajo glagole, pridevnike ali druge prislove. Obi\u010dajno se pojavijo pred glagolsko besedno zvezo in zagotavljajo informacije o na\u010dinu, kraju, \u010dasu, stopnji in \u0161e ve\u010d, pogosto z namenskimi delci ali fiksnimi prislovi.<\/p>\n\n\n\n<h3 class=\"wp-block-heading\" id=\"h-12-prepositions\">12. Predlo\u017eki:<\/h3>\n\n\n\n<p>Predlogi povezujejo besede in besedne zveze. Burman\u0161\u010dina uporablja postpozicije namesto predlogov, ki sledijo samostalniku, da izrazijo razmerja \u010dasa, kraja, smeri, spremljave in \u0161e ve\u010d.<\/p>\n\n\n\n<h3 class=\"wp-block-heading\" id=\"h-13-sentences\">13. Stavki:<\/h3>\n\n\n\n<p>Kon\u010dno vadite konstruiranje stavkov. Burman\u0161\u010dina <a href=\"https:\/\/talkpal.ai\/culture\/what-is-the-difference-between-je-and-na-for-i\/\">je na<\/a> splo\u0161no predmetni glagol in se opira na kon\u010dne delce stavkov in strukturo teme-komentarja, zato ta korak vklju\u010duje uporabo vseh predhodno nau\u010denih slovni\u010dnih to\u010dk v kontekstu za izdelavo natan\u010dne in naravne burman\u0161\u010dine.<\/p>\n<\/div><\/div>\n\r\n<section class=\"learnNavigationSection\">\r\n            \r\n        <a href=\"https:\/\/talkpal.ai\/sl\/naucite-se-burmanscine\/\">\r\n            <div class=\"learnNavigationWrapper\">\r\n                <div class=\"learnNavigationContent\">\r\n                    <img decoding=\"async\" src=\"https:\/\/talkpal.ai\/wp-content\/uploads\/2025\/11\/Myanmar.png\" alt=\"Myanmar Flag\">\r\n                    <div>\r\n                        <h4>O burmanskem u\u010denju<\/h4>\r\n                        <p>Izvedite vse o burmanski slovnici.<\/p>\r\n                    <\/div>\r\n                <\/div>\r\n            <\/div>\r\n        <\/a>\r\n\r\n        \r\n        <a href=\"https:\/\/talkpal.ai\/sl\/burmanska-slovnica\/\">\r\n            <div class=\"learnNavigationWrapper\">\r\n                <div class=\"learnNavigationContent\">\r\n                    <img decoding=\"async\" src=\"https:\/\/talkpal.ai\/wp-content\/uploads\/2025\/11\/Myanmar.png\" alt=\"Myanmar Flag\">\r\n                    <div>\r\n                        <h4>Burmanske slovnice<\/h4>\r\n                        <p>Vadite burmansko slovnico.<\/p>\r\n                    <\/div>\r\n                <\/div>\r\n            <\/div>\r\n        <\/a>\r\n\r\n            <\/section>","protected":false},"excerpt":{"rendered":"<p>Burmanske slovni\u010dne teme U\u010denje novega jezika je lahko zahtevno, a koristno prizadevanje. Burman\u0161\u010dina, kitajsko-tibetanski jezik, ki se govori predvsem v Mjanmaru, ni izjema. U\u010denje burman\u0161\u010dine s svojimi edinstvenimi zna\u010dilnostmi in strukturami zahteva sistemati\u010den pristop k razumevanju njegove slovnice. Ta vodnik opisuje klju\u010dna podro\u010dja burmanske slovnice v logi\u010dnem zaporedju za u\u010denje jezikov, za\u010den\u0161i z osnovami, kot [&hellip;]<\/p>\n","protected":false},"author":20,"featured_media":0,"parent":0,"menu_order":0,"comment_status":"closed","ping_status":"closed","template":"LearningContentPage.php","meta":{"_acf_changed":false,"footnotes":""},"class_list":["post-1477762","page","type-page","status-publish","hentry"],"acf":[],"yoast_head":"<!-- This site is optimized with the Yoast SEO Premium plugin v27.2 (Yoast SEO v27.2) - https:\/\/yoast.com\/product\/yoast-seo-premium-wordpress\/ -->\n<title>Burmanske slovni\u010dne vaje - Talkpal<\/title>\n<meta name=\"description\" content=\"Osvojite burman\u0161\u010dino s celovitimi slovni\u010dnimi vajami, ki zajemajo samostalnike, glagole in \u010dase, da izbolj\u0161ate svoje znanje jezika.\" \/>\n<meta name=\"robots\" content=\"index, follow, max-snippet:-1, max-image-preview:large, max-video-preview:-1\" \/>\n<link rel=\"canonical\" href=\"https:\/\/talkpal.ai\/sl\/burmanske-slovnicne-vaje\/\" \/>\n<meta property=\"og:locale\" content=\"sl_SI\" \/>\n<meta property=\"og:type\" content=\"article\" \/>\n<meta property=\"og:title\" content=\"Burmanske slovni\u010dne vaje\" \/>\n<meta property=\"og:description\" content=\"Burmanske slovni\u010dne teme U\u010denje novega jezika je lahko zahtevno, a koristno prizadevanje. Burman\u0161\u010dina, kitajsko-tibetanski jezik, ki se govori predvsem v\" \/>\n<meta property=\"og:url\" content=\"https:\/\/talkpal.ai\/sl\/burmanske-slovnicne-vaje\/\" \/>\n<meta property=\"og:site_name\" content=\"Talkpal\" \/>\n<meta property=\"article:publisher\" content=\"https:\/\/www.facebook.com\/profile.php?id=100090733639311\" \/>\n<meta property=\"article:modified_time\" content=\"2025-12-30T15:23:58+00:00\" \/>\n<meta property=\"og:image\" content=\"https:\/\/talkpal.ai\/wp-content\/uploads\/2025\/02\/Progress-tab-16_9.png\" \/>\n\t<meta property=\"og:image:width\" content=\"2880\" \/>\n\t<meta property=\"og:image:height\" content=\"1620\" \/>\n\t<meta property=\"og:image:type\" content=\"image\/png\" \/>\n<meta name=\"twitter:card\" content=\"summary_large_image\" \/>\n<meta name=\"twitter:site\" content=\"@talkpalai\" \/>\n<meta name=\"twitter:label1\" content=\"Est. reading time\" \/>\n\t<meta name=\"twitter:data1\" content=\"3 minute\" \/>\n<script type=\"application\/ld+json\" class=\"yoast-schema-graph\">{\"@context\":\"https:\/\/schema.org\",\"@graph\":[{\"@type\":\"WebPage\",\"@id\":\"https:\/\/talkpal.ai\/sl\/burmanske-slovnicne-vaje\/\",\"url\":\"https:\/\/talkpal.ai\/sl\/burmanske-slovnicne-vaje\/\",\"name\":\"Burmanske slovni\u010dne vaje - Talkpal\",\"isPartOf\":{\"@id\":\"https:\/\/talkpal.ai\/sl\/#website\"},\"datePublished\":\"2025-11-11T16:21:06+00:00\",\"dateModified\":\"2025-12-30T15:23:58+00:00\",\"description\":\"Osvojite burman\u0161\u010dino s celovitimi slovni\u010dnimi vajami, ki zajemajo samostalnike, glagole in \u010dase, da izbolj\u0161ate svoje znanje jezika.\",\"breadcrumb\":{\"@id\":\"https:\/\/talkpal.ai\/sl\/burmanske-slovnicne-vaje\/#breadcrumb\"},\"inLanguage\":\"sl-SI\",\"potentialAction\":[{\"@type\":\"ReadAction\",\"target\":[\"https:\/\/talkpal.ai\/sl\/burmanske-slovnicne-vaje\/\"]}]},{\"@type\":\"BreadcrumbList\",\"@id\":\"https:\/\/talkpal.ai\/sl\/burmanske-slovnicne-vaje\/#breadcrumb\",\"itemListElement\":[{\"@type\":\"ListItem\",\"position\":1,\"name\":\"Homepage\",\"item\":\"https:\/\/talkpal.ai\/sl\/\"},{\"@type\":\"ListItem\",\"position\":2,\"name\":\"Burmanske slovni\u010dne vaje\"}]},{\"@type\":\"WebSite\",\"@id\":\"https:\/\/talkpal.ai\/sl\/#website\",\"url\":\"https:\/\/talkpal.ai\/sl\/\",\"name\":\"Talkpal\",\"description\":\"AI Language Learning\",\"publisher\":{\"@id\":\"https:\/\/talkpal.ai\/sl\/#organization\"},\"alternateName\":\"Talkpal AI\",\"potentialAction\":[{\"@type\":\"SearchAction\",\"target\":{\"@type\":\"EntryPoint\",\"urlTemplate\":\"https:\/\/talkpal.ai\/sl\/?s={search_term_string}\"},\"query-input\":{\"@type\":\"PropertyValueSpecification\",\"valueRequired\":true,\"valueName\":\"search_term_string\"}}],\"inLanguage\":\"sl-SI\"},{\"@type\":\"Organization\",\"@id\":\"https:\/\/talkpal.ai\/sl\/#organization\",\"name\":\"Talkpal, Inc.\",\"alternateName\":\"Talkpal AI\",\"url\":\"https:\/\/talkpal.ai\/sl\/\",\"logo\":{\"@type\":\"ImageObject\",\"inLanguage\":\"sl-SI\",\"@id\":\"https:\/\/talkpal.ai\/sl\/#\/schema\/logo\/image\/\",\"url\":\"https:\/\/talkpal.ai\/wp-content\/uploads\/2024\/03\/Talkpal-Logo-Icon.png\",\"contentUrl\":\"https:\/\/talkpal.ai\/wp-content\/uploads\/2024\/03\/Talkpal-Logo-Icon.png\",\"width\":2880,\"height\":2880,\"caption\":\"Talkpal, Inc.\"},\"image\":{\"@id\":\"https:\/\/talkpal.ai\/sl\/#\/schema\/logo\/image\/\"},\"sameAs\":[\"https:\/\/www.facebook.com\/profile.php?id=100090733639311\",\"https:\/\/x.com\/talkpalai\",\"https:\/\/www.linkedin.com\/company\/talkpal\/\",\"https:\/\/www.youtube.com\/@TalkPal\/\",\"https:\/\/www.tiktok.com\/@talkpal\",\"https:\/\/www.instagram.com\/talkpal_ai\/\",\"https:\/\/www.crunchbase.com\/organization\/talkpal-9cde\",\"https:\/\/www.g2.com\/products\/talkpal-for-business\/\",\"https:\/\/www.trustpilot.com\/review\/talkpal.ai\",\"https:\/\/www.capterra.com\/p\/10006800\/TalkPal\/\"],\"description\":\"Talkpal is a language learning web and mobile education app, powered by the latest AI technologies, that provides engaging experiences to its customers in many different languages to help them improve their language skills. Users can chat about unlimited amount of topics with the app and use other modes to practice their language learning.\",\"email\":\"support@talkpal.ai\",\"legalName\":\"Talkpal, Inc.\",\"foundingDate\":\"2023-04-03\",\"duns\":\"118989042\",\"numberOfEmployees\":{\"@type\":\"QuantitativeValue\",\"minValue\":\"11\",\"maxValue\":\"50\"},\"publishingPrinciples\":\"https:\/\/talkpal.ai\/publishing-principles\/\",\"actionableFeedbackPolicy\":\"https:\/\/talkpal.ai\/actionable-feedback-policy\/\",\"correctionsPolicy\":\"https:\/\/talkpal.ai\/corrections-policy\/\",\"ethicsPolicy\":\"https:\/\/talkpal.ai\/ethics-policy\/\",\"diversityPolicy\":\"https:\/\/talkpal.ai\/diversity-policy\/\",\"diversityStaffingReport\":\"https:\/\/talkpal.ai\/diversity-policy\/\"}]}<\/script>\n<!-- \/ Yoast SEO Premium plugin. -->","yoast_head_json":{"title":"Burmanske slovni\u010dne vaje - Talkpal","description":"Osvojite burman\u0161\u010dino s celovitimi slovni\u010dnimi vajami, ki zajemajo samostalnike, glagole in \u010dase, da izbolj\u0161ate svoje znanje jezika.","robots":{"index":"index","follow":"follow","max-snippet":"max-snippet:-1","max-image-preview":"max-image-preview:large","max-video-preview":"max-video-preview:-1"},"canonical":"https:\/\/talkpal.ai\/sl\/burmanske-slovnicne-vaje\/","og_locale":"sl_SI","og_type":"article","og_title":"Burmanske slovni\u010dne vaje","og_description":"Burmanske slovni\u010dne teme U\u010denje novega jezika je lahko zahtevno, a koristno prizadevanje. Burman\u0161\u010dina, kitajsko-tibetanski jezik, ki se govori predvsem v","og_url":"https:\/\/talkpal.ai\/sl\/burmanske-slovnicne-vaje\/","og_site_name":"Talkpal","article_publisher":"https:\/\/www.facebook.com\/profile.php?id=100090733639311","article_modified_time":"2025-12-30T15:23:58+00:00","og_image":[{"width":2880,"height":1620,"url":"https:\/\/talkpal.ai\/wp-content\/uploads\/2025\/02\/Progress-tab-16_9.png","type":"image\/png"}],"twitter_card":"summary_large_image","twitter_site":"@talkpalai","twitter_misc":{"Est. reading time":"3 minute"},"schema":{"@context":"https:\/\/schema.org","@graph":[{"@type":"WebPage","@id":"https:\/\/talkpal.ai\/sl\/burmanske-slovnicne-vaje\/","url":"https:\/\/talkpal.ai\/sl\/burmanske-slovnicne-vaje\/","name":"Burmanske slovni\u010dne vaje - Talkpal","isPartOf":{"@id":"https:\/\/talkpal.ai\/sl\/#website"},"datePublished":"2025-11-11T16:21:06+00:00","dateModified":"2025-12-30T15:23:58+00:00","description":"Osvojite burman\u0161\u010dino s celovitimi slovni\u010dnimi vajami, ki zajemajo samostalnike, glagole in \u010dase, da izbolj\u0161ate svoje znanje jezika.","breadcrumb":{"@id":"https:\/\/talkpal.ai\/sl\/burmanske-slovnicne-vaje\/#breadcrumb"},"inLanguage":"sl-SI","potentialAction":[{"@type":"ReadAction","target":["https:\/\/talkpal.ai\/sl\/burmanske-slovnicne-vaje\/"]}]},{"@type":"BreadcrumbList","@id":"https:\/\/talkpal.ai\/sl\/burmanske-slovnicne-vaje\/#breadcrumb","itemListElement":[{"@type":"ListItem","position":1,"name":"Homepage","item":"https:\/\/talkpal.ai\/sl\/"},{"@type":"ListItem","position":2,"name":"Burmanske slovni\u010dne vaje"}]},{"@type":"WebSite","@id":"https:\/\/talkpal.ai\/sl\/#website","url":"https:\/\/talkpal.ai\/sl\/","name":"Talkpal","description":"AI Language Learning","publisher":{"@id":"https:\/\/talkpal.ai\/sl\/#organization"},"alternateName":"Talkpal AI","potentialAction":[{"@type":"SearchAction","target":{"@type":"EntryPoint","urlTemplate":"https:\/\/talkpal.ai\/sl\/?s={search_term_string}"},"query-input":{"@type":"PropertyValueSpecification","valueRequired":true,"valueName":"search_term_string"}}],"inLanguage":"sl-SI"},{"@type":"Organization","@id":"https:\/\/talkpal.ai\/sl\/#organization","name":"Talkpal, Inc.","alternateName":"Talkpal AI","url":"https:\/\/talkpal.ai\/sl\/","logo":{"@type":"ImageObject","inLanguage":"sl-SI","@id":"https:\/\/talkpal.ai\/sl\/#\/schema\/logo\/image\/","url":"https:\/\/talkpal.ai\/wp-content\/uploads\/2024\/03\/Talkpal-Logo-Icon.png","contentUrl":"https:\/\/talkpal.ai\/wp-content\/uploads\/2024\/03\/Talkpal-Logo-Icon.png","width":2880,"height":2880,"caption":"Talkpal, Inc."},"image":{"@id":"https:\/\/talkpal.ai\/sl\/#\/schema\/logo\/image\/"},"sameAs":["https:\/\/www.facebook.com\/profile.php?id=100090733639311","https:\/\/x.com\/talkpalai","https:\/\/www.linkedin.com\/company\/talkpal\/","https:\/\/www.youtube.com\/@TalkPal\/","https:\/\/www.tiktok.com\/@talkpal","https:\/\/www.instagram.com\/talkpal_ai\/","https:\/\/www.crunchbase.com\/organization\/talkpal-9cde","https:\/\/www.g2.com\/products\/talkpal-for-business\/","https:\/\/www.trustpilot.com\/review\/talkpal.ai","https:\/\/www.capterra.com\/p\/10006800\/TalkPal\/"],"description":"Talkpal is a language learning web and mobile education app, powered by the latest AI technologies, that provides engaging experiences to its customers in many different languages to help them improve their language skills. Users can chat about unlimited amount of topics with the app and use other modes to practice their language learning.","email":"support@talkpal.ai","legalName":"Talkpal, Inc.","foundingDate":"2023-04-03","duns":"118989042","numberOfEmployees":{"@type":"QuantitativeValue","minValue":"11","maxValue":"50"},"publishingPrinciples":"https:\/\/talkpal.ai\/publishing-principles\/","actionableFeedbackPolicy":"https:\/\/talkpal.ai\/actionable-feedback-policy\/","correctionsPolicy":"https:\/\/talkpal.ai\/corrections-policy\/","ethicsPolicy":"https:\/\/talkpal.ai\/ethics-policy\/","diversityPolicy":"https:\/\/talkpal.ai\/diversity-policy\/","diversityStaffingReport":"https:\/\/talkpal.ai\/diversity-policy\/"}]}},"_links":{"self":[{"href":"https:\/\/talkpal.ai\/sl\/wp-json\/wp\/v2\/pages\/1477762","targetHints":{"allow":["GET"]}}],"collection":[{"href":"https:\/\/talkpal.ai\/sl\/wp-json\/wp\/v2\/pages"}],"about":[{"href":"https:\/\/talkpal.ai\/sl\/wp-json\/wp\/v2\/types\/page"}],"author":[{"embeddable":true,"href":"https:\/\/talkpal.ai\/sl\/wp-json\/wp\/v2\/users\/20"}],"replies":[{"embeddable":true,"href":"https:\/\/talkpal.ai\/sl\/wp-json\/wp\/v2\/comments?post=1477762"}],"version-history":[{"count":0,"href":"https:\/\/talkpal.ai\/sl\/wp-json\/wp\/v2\/pages\/1477762\/revisions"}],"wp:attachment":[{"href":"https:\/\/talkpal.ai\/sl\/wp-json\/wp\/v2\/media?parent=1477762"}],"curies":[{"name":"wp","href":"https:\/\/api.w.org\/{rel}","templated":true}]}}