{"id":1477736,"date":"2025-11-11T16:16:27","date_gmt":"2025-11-11T16:16:27","guid":{"rendered":"https:\/\/talkpal.ai\/burmanska-slovnica\/"},"modified":"2025-12-30T15:17:17","modified_gmt":"2025-12-30T15:17:17","slug":"burmanska-slovnica","status":"publish","type":"page","link":"https:\/\/talkpal.ai\/sl\/burmanska-slovnica\/","title":{"rendered":"Burmanska slovnica"},"content":{"rendered":"\r\n\r\n\r\n<section class=\"languageChallengeSection\">\r\n    <div class=\"languageInfoWrapper\">\r\n        \r\n        <h1>Burmanska slovnica<\/h1>\r\n        <p><a href=\"https:\/\/talkpal.ai\/burmese-grammar\/\">Burmanska slovnica<\/a> se sprva morda zdi zahtevna, vendar je zaradi njenih edinstvenih lastnosti u\u010denje jezika koristna izku\u0161nja. Z raziskovanjem abecede, mutacij in slovni\u010dnih pravil boste dobili vpogled v bogato jezikovno tradicijo. Za\u010dnite svoje potovanje in odkrijte lepote burman\u0161\u010dine!<\/p>\r\n\r\n                            <a class=\"getStartedHidden\" href=\"https:\/\/app.talkpal.ai\/sl\/signup?lng=\">Za\u010dni<\/a>\r\n        \r\n    <\/div>\r\n\r\n    <figure>\r\n    <img decoding=\"async\" width=\"768\" height=\"768\" src=\"https:\/\/talkpal.ai\/wp-content\/uploads\/2023\/06\/welsh-768x768.png\" class=\"languageImage no-lazy\" alt=\"Language learning for better cognitive abilities\" fetchpriority=\"high\" sizes=\"(max-width: 768px) 150px, 768px\" srcset=\"https:\/\/talkpal.ai\/wp-content\/uploads\/2023\/06\/welsh-768x768.png 768w, https:\/\/talkpal.ai\/wp-content\/uploads\/2023\/06\/welsh-300x300.png 300w\" \/>\r\n    \r\n\r\n    <\/figure>\r\n\r\n            <a class=\"getStartedVisible\" href=\"https:\/\/app.talkpal.ai\/sl\/signup?lng=\">Za\u010dni<\/a>\r\n    \r\n<\/section><section class=\"promotionalBanner\">\r\n    <p class=\"promotionalText\">Naju\u010dinkovitej\u0161i na\u010din u\u010denja jezika<\/p>\r\n    <a class=\"promotionalLink\" href=\"https:\/\/app.talkpal.ai\/sl\/signup?lng=\">Preizkusite Talkpal brezpla\u010dno<\/a>\r\n<\/section>\n<div class=\"wp-block-group pageContainerStyle\"><div class=\"wp-block-group__inner-container is-layout-constrained wp-block-group-is-layout-constrained\">\n<h2 class=\"wp-block-heading\" id=\"h-navigating-the-intricacies-of-burmese-grammar\">Krmarjenje po zapletenosti burmanske slovnice<\/h2>\n\n\n\n<p><a href=\"https:\/\/talkpal.ai\/sl\/naucite-se-burmanscine\/\">Burman\u0161\u010dina<\/a>, tibetansko-burmanski jezik z bogato zgodovino in kulturnim pomenom, ponuja vznemirljivo jezikovno izku\u0161njo za tiste, ki \u017eelijo raziskati njegov edinstven slovni\u010dni sistem. Ko se odpravite v kraljestvo burman\u0161\u010dine, ne boste le obogatili svojega jezikovnega repertoarja, temve\u010d boste tudi sprejeli fascinantno kulturno potovanje. Medtem ko se burmanska slovnica na prvi pogled zdi neznana, je u\u010denje jezika bolj dostopno, zaradi \u010desar je u\u010denje jezika bolj dostopno. V tem \u010dlanku bomo raziskali o\u010darljiv svet burmanske slovnice in podali nasvete, kako obvladati njeno zapletenost.<\/p>\n\n\n\n<h3 class=\"wp-block-heading\" id=\"h-1-welsh-alphabet-and-phonetics\">1. Vali\u017eanska abeceda in fonetika<\/h3>\n\n\n\n<p><a href=\"https:\/\/talkpal.ai\/learn-burmese\/\">Burmanski<\/a> sistem pisave je abugida, ki uporablja 33 soglasni\u0161kih \u010drk in diakriti\u010dnih znakov samoglasnikov, skupaj z zna\u010dilnimi mediji, kot so \u103b, \u103c, \u103d, \u103e. Ton in vrsta zloga sta ozna\u010dena z znaki, kot so \u1037, \u1038 in \u103a. \u010ce se \u017eelite nau\u010diti burmanske slovnice, je klju\u010dnega pomena, da se seznanite s to pisavo tako, da vadite branje in pisanje v burman\u0161\u010dini ter posvetite veliko pozornosti tonu in ritmu.<\/p>\n\n\n\n<h3 class=\"wp-block-heading\" id=\"h-2-particles-a-distinctive-burmese-feature\">2. Delci: zna\u010dilna burmanska zna\u010dilnost<\/h3>\n\n\n\n<p>Eden najbolj presenetljivih vidikov burmanske slovnice je obse\u017ena uporaba delcev, ki ozna\u010dujejo \u010das, vidik, razpolo\u017eenje, vljudnost in razmerja med primeri. Pogosti delci, ki kon\u010dajo stavke, vklju\u010dujejo \u1010\u101a\u103a, \u1015\u102b, \u1019\u101a\u103a in \u101b\u1032\u1037, medtem ko slovni\u010dni delci, kot so \u1000\u102d\u102f, \u1000, \u1019\u103e\u102c, \u1006\u102e, \u1014\u1032\u1037, ozna\u010dujejo vloge, kot so predmet, agent, lokacija, cilj in instrument. Razumevanje, kdaj in kako se ti delci uporabljajo, je klju\u010dnega pomena za natan\u010dno komunikacijo v burman\u0161\u010dini.<\/p>\n\n\n\n<h3 class=\"wp-block-heading\" id=\"h-3-nouns-and-pronouns-gender-and-cases\">3. Samostalniki in zaimki: spol in primeri<\/h3>\n\n\n\n<p><a href=\"https:\/\/talkpal.ai\/learn-burmese\/\">Burmanski<\/a> samostalniki nimajo slovni\u010dnega spola, mno\u017eina pa je pogosto ozna\u010dena z \u1010\u103d\u1031, kadar je to potrebno. Primerna razmerja so izra\u017eena s postpozicijskimi delci in ne s pregibom, na primer \u1000\u102d\u102f za neposredne objekte, \u1000 ali \u1019\u103e za agente ali vire, \u1019\u103e\u102c ali \u1010\u103d\u1004\u103a za lokacije in \u1006\u102e za prejemnike. Zaimki v burman\u0161\u010dini se razlikujejo glede na osebo, \u0161tevilo in stopnjo vljudnosti, vklju\u010dno z oblikami, kot so \u1000\u103b\u103d\u1014\u103a\u1010\u1031\u102c\u103a ali \u1000\u103b\u103d\u1014\u103a\u1019 za jaz, \u101e\u1004\u103a ali \u101b\u103e\u1004\u103a za vas in \u101e\u1030 za njega ali njo. Spoznavanje teh zaimkov, njihovih vljudnih razli\u010dic in kombinacij delcev bo znatno izbolj\u0161alo va\u0161e razumevanje burmanske slovnice.<\/p>\n\n\n\n<h3 class=\"wp-block-heading\" id=\"h-4-verbs-structure-and-conjugation\">4. Glagoli: struktura in konjugacija<\/h3>\n\n\n\n<p>Burmanski glagoli se ne konjugirajo za osebo ali \u0161tevilo. Namesto tega se \u010das, vidik in razpolo\u017eenje izra\u017eajo z delci in pomo\u017enimi elementi. Osnovni vzorci vklju\u010dujejo nepretekle trditve z \u1010\u101a\u103a, dovr\u0161eno ali spremembo stanja z \u1015\u103c\u102e, prihodnost ali namen z \u1019\u101a\u103a ali \u101c\u102d\u1019\u1037\u103a\u1019\u101a\u103a in izkustveni vidik z \u1016\u1030\u1038. Negacija obi\u010dajno uporablja \u1019 + glagol + \u1018\u1030\u1038 ali \u1019 + glagol + \u101e\u1031\u1038, imperativne ali zahtevne oblike pa pogosto uporabljajo delce, kot sta \u1015\u102b ali \u1014\u1031\u102c\u103a. U\u010denje teh vzorcev, ki jih poganjajo delci, bo izbolj\u0161alo va\u0161o sposobnost u\u010dinkovite komunikacije v burman\u0161\u010dini.<\/p>\n\n\n\n<h3 class=\"wp-block-heading\" id=\"h-5-adjectives-agreement-and-placement\">5. Pridevniki: dogovor in namestitev<\/h3>\n\n\n\n<p>Dogovor in umestitev V burmanski slovnici pridevniki obi\u010dajno sledijo samostalniku v preprostih samostalnik-pridevni\u0161kih spojinah in ni soglasja glede \u0161tevila ali spola. Pridevni\u0161ki stavki so pogosto pred samostalnikom z uporabo ozna\u010devalcev, kot so \u1010\u1032\u1037 v pogovorni burman\u0161\u010dini ali \u1021 &#8230; \u101e\u1031\u102c v formalnem slogu. Primerjalni in prese\u017eni pomeni se obi\u010dajno oblikujejo z \u1015\u102d\u102f in \u1011\u1000\u103a za primerjave in \u1021 &#8230; \u1006\u102f\u1036\u1038 za prese\u017eke.<\/p>\n\n\n\n<p><strong>Primeri:<\/strong><\/p>\n\n\n\n<p><strong>&#8211; \u1021\u1001\u103b\u1005\u103a\u1000\u103c\u102e\u1038 (velika ljubezen)<\/strong><\/p>\n\n\n\n<p><strong>\u2013 \u1000\u101c\u1031\u1038\u1004\u101a\u103a\u1010\u103d\u1031 (majhni otroci)<\/strong><\/p>\n\n\n\n<h3 class=\"wp-block-heading\" id=\"h-6-engaging-with-the-language\">6. Sodelovanje z jezikom<\/h3>\n\n\n\n<p>Naju\u010dinkovitej\u0161i na\u010din za popolno razumevanje in ponotranjenje burmanske slovnice je dosledno sodelovanje z jezikom. Z branjem burmanske literature, gledanjem burmanskih filmov ali televizijskih serij in aktivnim komuniciranjem z doma\u010dimi govorci boste okrepili svoje razumevanje slovnice in raz\u0161irili svoj besednjak.<\/p>\n\n\n\n<h3 class=\"wp-block-heading\" id=\"h-conclusion\">Zaklju\u010dek<\/h3>\n\n\n\n<p>\u010ceprav se burmanska slovnica morda zdi zapletena, lahko postanete spretni v tem \u010dudovitem jeziku s predanostjo, prakso in navdu\u0161enjem. Z osredoto\u010danjem na temeljna pravila in vklju\u010devanjem v jezik v razli\u010dnih kontekstih boste hitro izbolj\u0161ali <a href=\"https:\/\/talkpal.ai\/sl\/gramatika\/\">svoje burmanske slovni\u010dne spretnosti<\/a>. \u1000\u1036\u1000\u1031\u102c\u1004\u103a\u1038\u1015\u102b\u1005\u1031 (vso sre\u010do) na va\u0161em burmanskem jezikovnem potovanju in u\u017eivajte v razkrivanju skrivnostnega, a o\u010darljivega sveta burmanske slovnice!<\/p>\n<\/div><\/div>\n\r\n<section class=\"learnNavigationSection\">\r\n            \r\n        <a href=\"https:\/\/talkpal.ai\/sl\/naucite-se-burmanscine\/\">\r\n            <div class=\"learnNavigationWrapper\">\r\n                <div class=\"learnNavigationContent\">\r\n                    <img decoding=\"async\" src=\"https:\/\/talkpal.ai\/wp-content\/uploads\/2025\/11\/Myanmar.png\" alt=\"Myanmar Flag\">\r\n                    <div>\r\n                        <h4>O burmanskem u\u010denju<\/h4>\r\n                        <p>Izvedite vse o burmanski slovnici.<\/p>\r\n                    <\/div>\r\n                <\/div>\r\n            <\/div>\r\n        <\/a>\r\n\r\n        \r\n        <a href=\"https:\/\/talkpal.ai\/sl\/burmanske-slovnicne-vaje\/\">\r\n            <div class=\"learnNavigationWrapper\">\r\n                <div class=\"learnNavigationContent\">\r\n                    <img decoding=\"async\" src=\"https:\/\/talkpal.ai\/wp-content\/uploads\/2025\/11\/Myanmar.png\" alt=\"Myanmar Flag\">\r\n                    <div>\r\n                        <h4>Burmanska slovni\u010dna vaja<\/h4>\r\n                        <p>Vadite burmansko slovnico.<\/p>\r\n                    <\/div>\r\n                <\/div>\r\n            <\/div>\r\n        <\/a>\r\n\r\n            <\/section>","protected":false},"excerpt":{"rendered":"<p>Krmarjenje po zapletenosti burmanske slovnice Burman\u0161\u010dina, tibetansko-burmanski jezik z bogato zgodovino in kulturnim pomenom, ponuja vznemirljivo jezikovno izku\u0161njo za tiste, ki \u017eelijo raziskati njegov edinstven slovni\u010dni sistem. Ko se odpravite v kraljestvo burman\u0161\u010dine, ne boste le obogatili svojega jezikovnega repertoarja, temve\u010d boste tudi sprejeli fascinantno kulturno potovanje. Medtem ko se burmanska slovnica na prvi pogled [&hellip;]<\/p>\n","protected":false},"author":20,"featured_media":0,"parent":0,"menu_order":0,"comment_status":"closed","ping_status":"closed","template":"LearningContentPage.php","meta":{"_acf_changed":false,"footnotes":""},"class_list":["post-1477736","page","type-page","status-publish","hentry"],"acf":[],"yoast_head":"<!-- This site is optimized with the Yoast SEO Premium plugin v27.2 (Yoast SEO v27.2) - https:\/\/yoast.com\/product\/yoast-seo-premium-wordpress\/ -->\n<title>Burmanska slovnica - Talkpal<\/title>\n<meta name=\"description\" content=\"Osvojite burmanska slovni\u010dna pravila in stav\u010dne strukture ter izbolj\u0161ajte svojo teko\u010dnost z na\u0161im iz\u010drpnim jezikovnim u\u010dnim priro\u010dnikom.\" \/>\n<meta name=\"robots\" content=\"index, follow, max-snippet:-1, max-image-preview:large, max-video-preview:-1\" \/>\n<link rel=\"canonical\" href=\"https:\/\/talkpal.ai\/sl\/burmanska-slovnica\/\" \/>\n<meta property=\"og:locale\" content=\"sl_SI\" \/>\n<meta property=\"og:type\" content=\"article\" \/>\n<meta property=\"og:title\" content=\"Burmanska slovnica\" \/>\n<meta property=\"og:description\" content=\"Krmarjenje po zapletenosti burmanske slovnice Burman\u0161\u010dina, tibetansko-burmanski jezik z bogato zgodovino in kulturnim pomenom, ponuja vznemirljivo\" \/>\n<meta property=\"og:url\" content=\"https:\/\/talkpal.ai\/sl\/burmanska-slovnica\/\" \/>\n<meta property=\"og:site_name\" content=\"Talkpal\" \/>\n<meta property=\"article:publisher\" content=\"https:\/\/www.facebook.com\/profile.php?id=100090733639311\" \/>\n<meta property=\"article:modified_time\" content=\"2025-12-30T15:17:17+00:00\" \/>\n<meta property=\"og:image\" content=\"https:\/\/talkpal.ai\/wp-content\/uploads\/2025\/02\/Progress-tab-16_9.png\" \/>\n\t<meta property=\"og:image:width\" content=\"2880\" \/>\n\t<meta property=\"og:image:height\" content=\"1620\" \/>\n\t<meta property=\"og:image:type\" content=\"image\/png\" \/>\n<meta name=\"twitter:card\" content=\"summary_large_image\" \/>\n<meta name=\"twitter:site\" content=\"@talkpalai\" \/>\n<meta name=\"twitter:label1\" content=\"Est. reading time\" \/>\n\t<meta name=\"twitter:data1\" content=\"3 minute\" \/>\n<script type=\"application\/ld+json\" class=\"yoast-schema-graph\">{\"@context\":\"https:\/\/schema.org\",\"@graph\":[{\"@type\":\"WebPage\",\"@id\":\"https:\/\/talkpal.ai\/sl\/burmanska-slovnica\/\",\"url\":\"https:\/\/talkpal.ai\/sl\/burmanska-slovnica\/\",\"name\":\"Burmanska slovnica - Talkpal\",\"isPartOf\":{\"@id\":\"https:\/\/talkpal.ai\/sl\/#website\"},\"datePublished\":\"2025-11-11T16:16:27+00:00\",\"dateModified\":\"2025-12-30T15:17:17+00:00\",\"description\":\"Osvojite burmanska slovni\u010dna pravila in stav\u010dne strukture ter izbolj\u0161ajte svojo teko\u010dnost z na\u0161im iz\u010drpnim jezikovnim u\u010dnim priro\u010dnikom.\",\"breadcrumb\":{\"@id\":\"https:\/\/talkpal.ai\/sl\/burmanska-slovnica\/#breadcrumb\"},\"inLanguage\":\"sl-SI\",\"potentialAction\":[{\"@type\":\"ReadAction\",\"target\":[\"https:\/\/talkpal.ai\/sl\/burmanska-slovnica\/\"]}]},{\"@type\":\"BreadcrumbList\",\"@id\":\"https:\/\/talkpal.ai\/sl\/burmanska-slovnica\/#breadcrumb\",\"itemListElement\":[{\"@type\":\"ListItem\",\"position\":1,\"name\":\"Homepage\",\"item\":\"https:\/\/talkpal.ai\/sl\/\"},{\"@type\":\"ListItem\",\"position\":2,\"name\":\"Burmanska slovnica\"}]},{\"@type\":\"WebSite\",\"@id\":\"https:\/\/talkpal.ai\/sl\/#website\",\"url\":\"https:\/\/talkpal.ai\/sl\/\",\"name\":\"Talkpal\",\"description\":\"AI Language Learning\",\"publisher\":{\"@id\":\"https:\/\/talkpal.ai\/sl\/#organization\"},\"alternateName\":\"Talkpal AI\",\"potentialAction\":[{\"@type\":\"SearchAction\",\"target\":{\"@type\":\"EntryPoint\",\"urlTemplate\":\"https:\/\/talkpal.ai\/sl\/?s={search_term_string}\"},\"query-input\":{\"@type\":\"PropertyValueSpecification\",\"valueRequired\":true,\"valueName\":\"search_term_string\"}}],\"inLanguage\":\"sl-SI\"},{\"@type\":\"Organization\",\"@id\":\"https:\/\/talkpal.ai\/sl\/#organization\",\"name\":\"Talkpal, Inc.\",\"alternateName\":\"Talkpal AI\",\"url\":\"https:\/\/talkpal.ai\/sl\/\",\"logo\":{\"@type\":\"ImageObject\",\"inLanguage\":\"sl-SI\",\"@id\":\"https:\/\/talkpal.ai\/sl\/#\/schema\/logo\/image\/\",\"url\":\"https:\/\/talkpal.ai\/wp-content\/uploads\/2024\/03\/Talkpal-Logo-Icon.png\",\"contentUrl\":\"https:\/\/talkpal.ai\/wp-content\/uploads\/2024\/03\/Talkpal-Logo-Icon.png\",\"width\":2880,\"height\":2880,\"caption\":\"Talkpal, Inc.\"},\"image\":{\"@id\":\"https:\/\/talkpal.ai\/sl\/#\/schema\/logo\/image\/\"},\"sameAs\":[\"https:\/\/www.facebook.com\/profile.php?id=100090733639311\",\"https:\/\/x.com\/talkpalai\",\"https:\/\/www.linkedin.com\/company\/talkpal\/\",\"https:\/\/www.youtube.com\/@TalkPal\/\",\"https:\/\/www.tiktok.com\/@talkpal\",\"https:\/\/www.instagram.com\/talkpal_ai\/\",\"https:\/\/www.crunchbase.com\/organization\/talkpal-9cde\",\"https:\/\/www.g2.com\/products\/talkpal-for-business\/\",\"https:\/\/www.trustpilot.com\/review\/talkpal.ai\",\"https:\/\/www.capterra.com\/p\/10006800\/TalkPal\/\"],\"description\":\"Talkpal is a language learning web and mobile education app, powered by the latest AI technologies, that provides engaging experiences to its customers in many different languages to help them improve their language skills. Users can chat about unlimited amount of topics with the app and use other modes to practice their language learning.\",\"email\":\"support@talkpal.ai\",\"legalName\":\"Talkpal, Inc.\",\"foundingDate\":\"2023-04-03\",\"duns\":\"118989042\",\"numberOfEmployees\":{\"@type\":\"QuantitativeValue\",\"minValue\":\"11\",\"maxValue\":\"50\"},\"publishingPrinciples\":\"https:\/\/talkpal.ai\/publishing-principles\/\",\"actionableFeedbackPolicy\":\"https:\/\/talkpal.ai\/actionable-feedback-policy\/\",\"correctionsPolicy\":\"https:\/\/talkpal.ai\/corrections-policy\/\",\"ethicsPolicy\":\"https:\/\/talkpal.ai\/ethics-policy\/\",\"diversityPolicy\":\"https:\/\/talkpal.ai\/diversity-policy\/\",\"diversityStaffingReport\":\"https:\/\/talkpal.ai\/diversity-policy\/\"}]}<\/script>\n<!-- \/ Yoast SEO Premium plugin. -->","yoast_head_json":{"title":"Burmanska slovnica - Talkpal","description":"Osvojite burmanska slovni\u010dna pravila in stav\u010dne strukture ter izbolj\u0161ajte svojo teko\u010dnost z na\u0161im iz\u010drpnim jezikovnim u\u010dnim priro\u010dnikom.","robots":{"index":"index","follow":"follow","max-snippet":"max-snippet:-1","max-image-preview":"max-image-preview:large","max-video-preview":"max-video-preview:-1"},"canonical":"https:\/\/talkpal.ai\/sl\/burmanska-slovnica\/","og_locale":"sl_SI","og_type":"article","og_title":"Burmanska slovnica","og_description":"Krmarjenje po zapletenosti burmanske slovnice Burman\u0161\u010dina, tibetansko-burmanski jezik z bogato zgodovino in kulturnim pomenom, ponuja vznemirljivo","og_url":"https:\/\/talkpal.ai\/sl\/burmanska-slovnica\/","og_site_name":"Talkpal","article_publisher":"https:\/\/www.facebook.com\/profile.php?id=100090733639311","article_modified_time":"2025-12-30T15:17:17+00:00","og_image":[{"width":2880,"height":1620,"url":"https:\/\/talkpal.ai\/wp-content\/uploads\/2025\/02\/Progress-tab-16_9.png","type":"image\/png"}],"twitter_card":"summary_large_image","twitter_site":"@talkpalai","twitter_misc":{"Est. reading time":"3 minute"},"schema":{"@context":"https:\/\/schema.org","@graph":[{"@type":"WebPage","@id":"https:\/\/talkpal.ai\/sl\/burmanska-slovnica\/","url":"https:\/\/talkpal.ai\/sl\/burmanska-slovnica\/","name":"Burmanska slovnica - Talkpal","isPartOf":{"@id":"https:\/\/talkpal.ai\/sl\/#website"},"datePublished":"2025-11-11T16:16:27+00:00","dateModified":"2025-12-30T15:17:17+00:00","description":"Osvojite burmanska slovni\u010dna pravila in stav\u010dne strukture ter izbolj\u0161ajte svojo teko\u010dnost z na\u0161im iz\u010drpnim jezikovnim u\u010dnim priro\u010dnikom.","breadcrumb":{"@id":"https:\/\/talkpal.ai\/sl\/burmanska-slovnica\/#breadcrumb"},"inLanguage":"sl-SI","potentialAction":[{"@type":"ReadAction","target":["https:\/\/talkpal.ai\/sl\/burmanska-slovnica\/"]}]},{"@type":"BreadcrumbList","@id":"https:\/\/talkpal.ai\/sl\/burmanska-slovnica\/#breadcrumb","itemListElement":[{"@type":"ListItem","position":1,"name":"Homepage","item":"https:\/\/talkpal.ai\/sl\/"},{"@type":"ListItem","position":2,"name":"Burmanska slovnica"}]},{"@type":"WebSite","@id":"https:\/\/talkpal.ai\/sl\/#website","url":"https:\/\/talkpal.ai\/sl\/","name":"Talkpal","description":"AI Language Learning","publisher":{"@id":"https:\/\/talkpal.ai\/sl\/#organization"},"alternateName":"Talkpal AI","potentialAction":[{"@type":"SearchAction","target":{"@type":"EntryPoint","urlTemplate":"https:\/\/talkpal.ai\/sl\/?s={search_term_string}"},"query-input":{"@type":"PropertyValueSpecification","valueRequired":true,"valueName":"search_term_string"}}],"inLanguage":"sl-SI"},{"@type":"Organization","@id":"https:\/\/talkpal.ai\/sl\/#organization","name":"Talkpal, Inc.","alternateName":"Talkpal AI","url":"https:\/\/talkpal.ai\/sl\/","logo":{"@type":"ImageObject","inLanguage":"sl-SI","@id":"https:\/\/talkpal.ai\/sl\/#\/schema\/logo\/image\/","url":"https:\/\/talkpal.ai\/wp-content\/uploads\/2024\/03\/Talkpal-Logo-Icon.png","contentUrl":"https:\/\/talkpal.ai\/wp-content\/uploads\/2024\/03\/Talkpal-Logo-Icon.png","width":2880,"height":2880,"caption":"Talkpal, Inc."},"image":{"@id":"https:\/\/talkpal.ai\/sl\/#\/schema\/logo\/image\/"},"sameAs":["https:\/\/www.facebook.com\/profile.php?id=100090733639311","https:\/\/x.com\/talkpalai","https:\/\/www.linkedin.com\/company\/talkpal\/","https:\/\/www.youtube.com\/@TalkPal\/","https:\/\/www.tiktok.com\/@talkpal","https:\/\/www.instagram.com\/talkpal_ai\/","https:\/\/www.crunchbase.com\/organization\/talkpal-9cde","https:\/\/www.g2.com\/products\/talkpal-for-business\/","https:\/\/www.trustpilot.com\/review\/talkpal.ai","https:\/\/www.capterra.com\/p\/10006800\/TalkPal\/"],"description":"Talkpal is a language learning web and mobile education app, powered by the latest AI technologies, that provides engaging experiences to its customers in many different languages to help them improve their language skills. Users can chat about unlimited amount of topics with the app and use other modes to practice their language learning.","email":"support@talkpal.ai","legalName":"Talkpal, Inc.","foundingDate":"2023-04-03","duns":"118989042","numberOfEmployees":{"@type":"QuantitativeValue","minValue":"11","maxValue":"50"},"publishingPrinciples":"https:\/\/talkpal.ai\/publishing-principles\/","actionableFeedbackPolicy":"https:\/\/talkpal.ai\/actionable-feedback-policy\/","correctionsPolicy":"https:\/\/talkpal.ai\/corrections-policy\/","ethicsPolicy":"https:\/\/talkpal.ai\/ethics-policy\/","diversityPolicy":"https:\/\/talkpal.ai\/diversity-policy\/","diversityStaffingReport":"https:\/\/talkpal.ai\/diversity-policy\/"}]}},"_links":{"self":[{"href":"https:\/\/talkpal.ai\/sl\/wp-json\/wp\/v2\/pages\/1477736","targetHints":{"allow":["GET"]}}],"collection":[{"href":"https:\/\/talkpal.ai\/sl\/wp-json\/wp\/v2\/pages"}],"about":[{"href":"https:\/\/talkpal.ai\/sl\/wp-json\/wp\/v2\/types\/page"}],"author":[{"embeddable":true,"href":"https:\/\/talkpal.ai\/sl\/wp-json\/wp\/v2\/users\/20"}],"replies":[{"embeddable":true,"href":"https:\/\/talkpal.ai\/sl\/wp-json\/wp\/v2\/comments?post=1477736"}],"version-history":[{"count":0,"href":"https:\/\/talkpal.ai\/sl\/wp-json\/wp\/v2\/pages\/1477736\/revisions"}],"wp:attachment":[{"href":"https:\/\/talkpal.ai\/sl\/wp-json\/wp\/v2\/media?parent=1477736"}],"curies":[{"name":"wp","href":"https:\/\/api.w.org\/{rel}","templated":true}]}}