{"id":1477514,"date":"2025-11-12T09:53:34","date_gmt":"2025-11-12T09:53:34","guid":{"rendered":"https:\/\/talkpal.ai\/irske-slovnicne-vaje\/"},"modified":"2025-12-30T14:31:32","modified_gmt":"2025-12-30T14:31:32","slug":"irske-slovnicne-vaje","status":"publish","type":"page","link":"https:\/\/talkpal.ai\/sl\/irske-slovnicne-vaje\/","title":{"rendered":"Irske slovni\u010dne vaje"},"content":{"rendered":"\r\n\r\n\r\n<section class=\"languageChallengeSection\">\r\n    <div class=\"languageInfoWrapper\">\r\n        \r\n        <h1>Irske slovni\u010dne vaje<\/h1>\r\n        <p>Ste pripravljeni, da se potopite v irsko slovnico? \u010ce boste vadili nekaj osnov, se boste la\u017eje spoprijeli s tem edinstvenim in \u010dudovitim jezikom. Preizkusite te vaje, da okrepite svojo samozavest in se ob tem zabavate!<\/p>\r\n\r\n                            <a class=\"getStartedHidden\" href=\"https:\/\/app.talkpal.ai\/sl\/signup?lng=\">Za\u010dni<\/a>\r\n        \r\n    <\/div>\r\n\r\n    <figure>\r\n    <img decoding=\"async\" width=\"768\" height=\"768\" src=\"https:\/\/talkpal.ai\/wp-content\/uploads\/2023\/06\/welsh-768x768.png\" class=\"languageImage no-lazy\" alt=\"Language learning for better cognitive abilities\" fetchpriority=\"high\" sizes=\"(max-width: 768px) 150px, 768px\" srcset=\"https:\/\/talkpal.ai\/wp-content\/uploads\/2023\/06\/welsh-768x768.png 768w, https:\/\/talkpal.ai\/wp-content\/uploads\/2023\/06\/welsh-300x300.png 300w\" \/>\r\n    \r\n\r\n    <\/figure>\r\n\r\n            <a class=\"getStartedVisible\" href=\"https:\/\/app.talkpal.ai\/sl\/signup?lng=\">Za\u010dni<\/a>\r\n    \r\n<\/section><section class=\"promotionalBanner\">\r\n    <p class=\"promotionalText\">Naju\u010dinkovitej\u0161i na\u010din u\u010denja jezika<\/p>\r\n    <a class=\"promotionalLink\" href=\"https:\/\/app.talkpal.ai\/sl\/signup?lng=\">Preizkusite Talkpal brezpla\u010dno<\/a>\r\n<\/section>\n<div class=\"wp-block-group pageContainerStyle\"><div class=\"wp-block-group__inner-container is-layout-constrained wp-block-group-is-layout-constrained\">\n<h2 class=\"wp-block-heading\" id=\"h-irish-grammar-topics\">Irske slovni\u010dne teme<\/h2>\n\n\n\n<p><a href=\"https:\/\/talkpal.ai\/sl\/najvecje-napake-ki-se-jim-je-treba-izogniti-pri-ucenju-novega-jezika\/\">U\u010denje novega jezika<\/a> je lahko zahtevno, a koristno prizadevanje. Ir\u0161\u010dina, keltski jezik, ki se govori predvsem na Irskem, ni izjema. <a href=\"https:\/\/talkpal.ai\/sl\/talkpal-za-izobrazevanje\/\">U\u010denje<\/a> ir\u0161\u010dine s svojimi edinstvenimi zna\u010dilnostmi in strukturami zahteva sistemati\u010den pristop k razumevanju njegove zapletene slovnice. Ta vodnik opisuje klju\u010dna podro\u010dja <a href=\"https:\/\/talkpal.ai\/sl\/irska-slovnica\/\">irske slovnice<\/a> v logi\u010dnem zaporedju <a href=\"https:\/\/talkpal.ai\/sl\/klepetalni-robot-z-umetno-inteligenco-za-ucenje-jezikov\/\">za u\u010denje jezikov<\/a>, za\u010den\u0161i z osnovami, kot so samostalniki in \u010dleni, in napreduje do bolj zapletenih podro\u010dij, kot so \u010dasi in stav\u010dna konstrukcija.<\/p>\n\n\n\n<h3 class=\"wp-block-heading\" id=\"h-1-nouns\">1. Samostalniki:<\/h3>\n\n\n\n<p>Za\u010dnite svojo pot irskega jezika z u\u010denjem samostalnikov. To vklju\u010duje razumevanje samostalni\u0161kega spola, skupnih in lastnih samostalnikov, njihovih mno\u017einskih oblik in kako primeri vplivajo na oblike in mutacije.<\/p>\n\n\n\n<h3 class=\"wp-block-heading\" id=\"h-2-articles\">2. \u010clanki:<\/h3>\n\n\n\n<p>\u010clanki v irskem jeziku se uporabljajo druga\u010de kot v <a href=\"https:\/\/talkpal.ai\/ai-english-speaking-practice\/\">angle\u0161\u010dini<\/a>. Ir\u0161\u010dina ima dolo\u010den \u010dlen an in na, vendar ne nedolo\u010dnega \u010dlena, zato je obvladovanje njihovih oblik in u\u010dinkov na mutacije klju\u010dnega pomena.<\/p>\n\n\n\n<h3 class=\"wp-block-heading\" id=\"h-3-adjectives\">3. Pridevniki:<\/h3>\n\n\n\n<p>Pridevniki v ir\u0161\u010dini obi\u010dajno sledijo njihovim samostalnikom, kar se razlikuje od angle\u0161\u010dine. Prav tako se boste morali nau\u010diti o za\u010detnih mutacijah, kot so prizanesljivost in mrk, ter o tem, kako oblikovati primerjalne in prese\u017ene vrednosti z n\u00edos in is.<\/p>\n\n\n\n<h3 class=\"wp-block-heading\" id=\"h-4-pronouns-determiners\">4. Zaimki\/dolo\u010devalci:<\/h3>\n\n\n\n<p>Zaimki in dolo\u010ditve so bistvenega pomena v ir\u0161\u010dini; Nadome\u0161\u010dajo samostalnike in zagotavljajo informacije o koli\u010dini, posedovanju in \u0161e ve\u010d. Nau\u010dite se osebnih zaimkov, posesivnih determinatorjev, kot je mo do a \u00e1r bhur a, ki spro\u017eijo mutacije, in demonstrativov, kot sta seo in sin.<\/p>\n\n\n\n<h3 class=\"wp-block-heading\" id=\"h-5-verbs\">5. Glagoli:<\/h3>\n\n\n\n<p><a href=\"https:\/\/talkpal.ai\/learn-irish\/\">Irski<\/a> glagoli imajo razli\u010dne oblike, odvisno od \u010dasa, razpolo\u017eenja in osebe. Za\u010dnite s sedanjostjo in glagolom bi, nato pa postopoma razi\u0161\u010dite pretekli in prihodnji \u010das skupaj s klju\u010dnimi nepravilnimi glagoli in kopula je.<\/p>\n\n\n\n<h3 class=\"wp-block-heading\" id=\"h-6-tenses\">6. \u010casi:<\/h3>\n\n\n\n<p>Po obvladovanju glagolskih oblik se poglobite v irske \u010dase. To vklju\u010duje razumevanje razlik med sedanjim obi\u010dajnim, preteklim, prihodnjim in pogojnim ter kako se uporabljajo v razli\u010dnih kontekstih z b\u00ed in kopulo.<\/p>\n\n\n\n<h3 class=\"wp-block-heading\" id=\"h-7-tense-comparison\">7. Primerjava \u010dasov:<\/h3>\n\n\n\n<p>Primerjava \u010dasov v ir\u0161\u010dini pomaga pri razumevanju zaporedja dogodkov. Primerjava istega glagola v razli\u010dnih \u010dasih bo omogo\u010dila bolj\u0161e razumevanje irske rabe in vidika.<\/p>\n\n\n\n<h3 class=\"wp-block-heading\" id=\"h-8-progressive\">8. Progresivno:<\/h3>\n\n\n\n<p>Progresivno v ir\u0161\u010dini se uporablja za izra\u017eanje teko\u010dih dejanj. Oblikuje se z glagolom bi, ki mu sledita ag in glagolski samostalnik, na primer T\u00e1 m\u00e9 ag l\u00e9amh.<\/p>\n\n\n\n<h3 class=\"wp-block-heading\" id=\"h-9-perfect-progressive\">9. Perfect Progressive:<\/h3>\n\n\n\n<p>Uporablja se za izra\u017eanje dejanj, ki so potekala do dolo\u010dene to\u010dke. V ir\u0161\u010dini se obi\u010dajno izra\u017ea z b\u00ed plus tar \u00e9is a bheith ag in glagolskim samostalnikom ali s \u010dasovnimi izrazi za trajanje.<\/p>\n\n\n\n<h3 class=\"wp-block-heading\" id=\"h-10-conditionals\">10. Pogoji:<\/h3>\n\n\n\n<p>Pogoji izra\u017eajo hipoteti\u010dne situacije in njihove mo\u017ene izide. So pomemben del irske slovnice in uporabljajo vzorce z m\u00e1 za realne pogoje in d\u00e1 s pogojem za hipoteti\u010dne.<\/p>\n\n\n\n<h3 class=\"wp-block-heading\" id=\"h-11-adverbs\">11. Prislovi:<\/h3>\n\n\n\n<p>Prislovi v ir\u0161\u010dini spreminjajo glagole, pridevnike ali druge prislove. Vklju\u010dujejo oblike, narejene s pridevniki pred go, pa tudi \u0161tevilne dolo\u010dene prislove na\u010dina, kraja, \u010dasa in stopnje.<\/p>\n\n\n\n<h3 class=\"wp-block-heading\" id=\"h-12-prepositions\">12. Predlo\u017eki:<\/h3>\n\n\n\n<p>Predlogi povezujejo besede in besedne zveze. Ir\u0161\u010dina uporablja predlogske zaimke, kot je agam agat aige, za izra\u017eanje odnosov med posestjo, \u010dasom, krajem in \u0161e ve\u010d.<\/p>\n\n\n\n<h3 class=\"wp-block-heading\" id=\"h-13-sentences\">13. Stavki:<\/h3>\n\n\n\n<p>Kon\u010dno vadite konstruiranje stavkov. To bo vklju\u010devalo uporabo irskega <a href=\"https:\/\/talkpal.ai\/locations\/learn-english-in-reda\/\">reda<\/a> besed VSO, spro\u017eilcev mutacij in b\u00ed in kopule v kontekstu, s \u010dimer se bo zagotovilo celovito razumevanje irskega jezika.<\/p>\n<\/div><\/div>\n\r\n<section class=\"learnNavigationSection\">\r\n            \r\n        <a href=\"https:\/\/talkpal.ai\/sl\/naucite-se-irscine\/\">\r\n            <div class=\"learnNavigationWrapper\">\r\n                <div class=\"learnNavigationContent\">\r\n                    <img decoding=\"async\" src=\"https:\/\/talkpal.ai\/wp-content\/uploads\/2025\/11\/Irish.png\" alt=\"Irish Flag\">\r\n                    <div>\r\n                        <h4>O u\u010denju ir\u0161\u010dine<\/h4>\r\n                        <p>Izvedite vse o irski slovnici.<\/p>\r\n                    <\/div>\r\n                <\/div>\r\n            <\/div>\r\n        <\/a>\r\n\r\n        \r\n        <a href=\"https:\/\/talkpal.ai\/sl\/irska-slovnica\/\">\r\n            <div class=\"learnNavigationWrapper\">\r\n                <div class=\"learnNavigationContent\">\r\n                    <img decoding=\"async\" src=\"https:\/\/talkpal.ai\/wp-content\/uploads\/2025\/11\/Irish.png\" alt=\"Irish Flag\">\r\n                    <div>\r\n                        <h4>Lekcije irske slovnice<\/h4>\r\n                        <p>Vadite irsko slovnico.<\/p>\r\n                    <\/div>\r\n                <\/div>\r\n            <\/div>\r\n        <\/a>\r\n\r\n            <\/section>","protected":false},"excerpt":{"rendered":"<p>Irske slovni\u010dne teme U\u010denje novega jezika je lahko zahtevno, a koristno prizadevanje. Ir\u0161\u010dina, keltski jezik, ki se govori predvsem na Irskem, ni izjema. U\u010denje ir\u0161\u010dine s svojimi edinstvenimi zna\u010dilnostmi in strukturami zahteva sistemati\u010den pristop k razumevanju njegove zapletene slovnice. Ta vodnik opisuje klju\u010dna podro\u010dja irske slovnice v logi\u010dnem zaporedju za u\u010denje jezikov, za\u010den\u0161i z osnovami, [&hellip;]<\/p>\n","protected":false},"author":20,"featured_media":0,"parent":0,"menu_order":0,"comment_status":"closed","ping_status":"closed","template":"LearningContentPage.php","meta":{"_acf_changed":false,"footnotes":""},"class_list":["post-1477514","page","type-page","status-publish","hentry"],"acf":[],"yoast_head":"<!-- This site is optimized with the Yoast SEO Premium plugin v27.2 (Yoast SEO v27.2) - https:\/\/yoast.com\/product\/yoast-seo-premium-wordpress\/ -->\n<title>Irske slovni\u010dne vaje - Talkpal<\/title>\n<meta name=\"description\" content=\"Osvojite irsko slovnico z interaktivnimi vajami, ki vam bodo pomagale okrepiti samozavest in se hitreje nau\u010diti jezika.\" \/>\n<meta name=\"robots\" content=\"index, follow, max-snippet:-1, max-image-preview:large, max-video-preview:-1\" \/>\n<link rel=\"canonical\" href=\"https:\/\/talkpal.ai\/sl\/irske-slovnicne-vaje\/\" \/>\n<meta property=\"og:locale\" content=\"sl_SI\" \/>\n<meta property=\"og:type\" content=\"article\" \/>\n<meta property=\"og:title\" content=\"Irske slovni\u010dne vaje\" \/>\n<meta property=\"og:description\" content=\"Irske slovni\u010dne teme U\u010denje novega jezika je lahko zahtevno, a koristno prizadevanje. Ir\u0161\u010dina, keltski jezik, ki se govori predvsem na Irskem, ni izjema.\" \/>\n<meta property=\"og:url\" content=\"https:\/\/talkpal.ai\/sl\/irske-slovnicne-vaje\/\" \/>\n<meta property=\"og:site_name\" content=\"Talkpal\" \/>\n<meta property=\"article:publisher\" content=\"https:\/\/www.facebook.com\/profile.php?id=100090733639311\" \/>\n<meta property=\"article:modified_time\" content=\"2025-12-30T14:31:32+00:00\" \/>\n<meta property=\"og:image\" content=\"https:\/\/talkpal.ai\/wp-content\/uploads\/2025\/02\/Progress-tab-16_9.png\" \/>\n\t<meta property=\"og:image:width\" content=\"2880\" \/>\n\t<meta property=\"og:image:height\" content=\"1620\" \/>\n\t<meta property=\"og:image:type\" content=\"image\/png\" \/>\n<meta name=\"twitter:card\" content=\"summary_large_image\" \/>\n<meta name=\"twitter:site\" content=\"@talkpalai\" \/>\n<meta name=\"twitter:label1\" content=\"Est. reading time\" \/>\n\t<meta name=\"twitter:data1\" content=\"3 minute\" \/>\n<script type=\"application\/ld+json\" class=\"yoast-schema-graph\">{\"@context\":\"https:\/\/schema.org\",\"@graph\":[{\"@type\":\"WebPage\",\"@id\":\"https:\/\/talkpal.ai\/sl\/irske-slovnicne-vaje\/\",\"url\":\"https:\/\/talkpal.ai\/sl\/irske-slovnicne-vaje\/\",\"name\":\"Irske slovni\u010dne vaje - Talkpal\",\"isPartOf\":{\"@id\":\"https:\/\/talkpal.ai\/sl\/#website\"},\"datePublished\":\"2025-11-12T09:53:34+00:00\",\"dateModified\":\"2025-12-30T14:31:32+00:00\",\"description\":\"Osvojite irsko slovnico z interaktivnimi vajami, ki vam bodo pomagale okrepiti samozavest in se hitreje nau\u010diti jezika.\",\"breadcrumb\":{\"@id\":\"https:\/\/talkpal.ai\/sl\/irske-slovnicne-vaje\/#breadcrumb\"},\"inLanguage\":\"sl-SI\",\"potentialAction\":[{\"@type\":\"ReadAction\",\"target\":[\"https:\/\/talkpal.ai\/sl\/irske-slovnicne-vaje\/\"]}]},{\"@type\":\"BreadcrumbList\",\"@id\":\"https:\/\/talkpal.ai\/sl\/irske-slovnicne-vaje\/#breadcrumb\",\"itemListElement\":[{\"@type\":\"ListItem\",\"position\":1,\"name\":\"Homepage\",\"item\":\"https:\/\/talkpal.ai\/sl\/\"},{\"@type\":\"ListItem\",\"position\":2,\"name\":\"Irske slovni\u010dne vaje\"}]},{\"@type\":\"WebSite\",\"@id\":\"https:\/\/talkpal.ai\/sl\/#website\",\"url\":\"https:\/\/talkpal.ai\/sl\/\",\"name\":\"Talkpal\",\"description\":\"AI Language Learning\",\"publisher\":{\"@id\":\"https:\/\/talkpal.ai\/sl\/#organization\"},\"alternateName\":\"Talkpal AI\",\"potentialAction\":[{\"@type\":\"SearchAction\",\"target\":{\"@type\":\"EntryPoint\",\"urlTemplate\":\"https:\/\/talkpal.ai\/sl\/?s={search_term_string}\"},\"query-input\":{\"@type\":\"PropertyValueSpecification\",\"valueRequired\":true,\"valueName\":\"search_term_string\"}}],\"inLanguage\":\"sl-SI\"},{\"@type\":\"Organization\",\"@id\":\"https:\/\/talkpal.ai\/sl\/#organization\",\"name\":\"Talkpal, Inc.\",\"alternateName\":\"Talkpal AI\",\"url\":\"https:\/\/talkpal.ai\/sl\/\",\"logo\":{\"@type\":\"ImageObject\",\"inLanguage\":\"sl-SI\",\"@id\":\"https:\/\/talkpal.ai\/sl\/#\/schema\/logo\/image\/\",\"url\":\"https:\/\/talkpal.ai\/wp-content\/uploads\/2024\/03\/Talkpal-Logo-Icon.png\",\"contentUrl\":\"https:\/\/talkpal.ai\/wp-content\/uploads\/2024\/03\/Talkpal-Logo-Icon.png\",\"width\":2880,\"height\":2880,\"caption\":\"Talkpal, Inc.\"},\"image\":{\"@id\":\"https:\/\/talkpal.ai\/sl\/#\/schema\/logo\/image\/\"},\"sameAs\":[\"https:\/\/www.facebook.com\/profile.php?id=100090733639311\",\"https:\/\/x.com\/talkpalai\",\"https:\/\/www.linkedin.com\/company\/talkpal\/\",\"https:\/\/www.youtube.com\/@TalkPal\/\",\"https:\/\/www.tiktok.com\/@talkpal\",\"https:\/\/www.instagram.com\/talkpal_ai\/\",\"https:\/\/www.crunchbase.com\/organization\/talkpal-9cde\",\"https:\/\/www.g2.com\/products\/talkpal-for-business\/\",\"https:\/\/www.trustpilot.com\/review\/talkpal.ai\",\"https:\/\/www.capterra.com\/p\/10006800\/TalkPal\/\"],\"description\":\"Talkpal is a language learning web and mobile education app, powered by the latest AI technologies, that provides engaging experiences to its customers in many different languages to help them improve their language skills. Users can chat about unlimited amount of topics with the app and use other modes to practice their language learning.\",\"email\":\"support@talkpal.ai\",\"legalName\":\"Talkpal, Inc.\",\"foundingDate\":\"2023-04-03\",\"duns\":\"118989042\",\"numberOfEmployees\":{\"@type\":\"QuantitativeValue\",\"minValue\":\"11\",\"maxValue\":\"50\"},\"publishingPrinciples\":\"https:\/\/talkpal.ai\/publishing-principles\/\",\"actionableFeedbackPolicy\":\"https:\/\/talkpal.ai\/actionable-feedback-policy\/\",\"correctionsPolicy\":\"https:\/\/talkpal.ai\/corrections-policy\/\",\"ethicsPolicy\":\"https:\/\/talkpal.ai\/ethics-policy\/\",\"diversityPolicy\":\"https:\/\/talkpal.ai\/diversity-policy\/\",\"diversityStaffingReport\":\"https:\/\/talkpal.ai\/diversity-policy\/\"}]}<\/script>\n<!-- \/ Yoast SEO Premium plugin. -->","yoast_head_json":{"title":"Irske slovni\u010dne vaje - Talkpal","description":"Osvojite irsko slovnico z interaktivnimi vajami, ki vam bodo pomagale okrepiti samozavest in se hitreje nau\u010diti jezika.","robots":{"index":"index","follow":"follow","max-snippet":"max-snippet:-1","max-image-preview":"max-image-preview:large","max-video-preview":"max-video-preview:-1"},"canonical":"https:\/\/talkpal.ai\/sl\/irske-slovnicne-vaje\/","og_locale":"sl_SI","og_type":"article","og_title":"Irske slovni\u010dne vaje","og_description":"Irske slovni\u010dne teme U\u010denje novega jezika je lahko zahtevno, a koristno prizadevanje. Ir\u0161\u010dina, keltski jezik, ki se govori predvsem na Irskem, ni izjema.","og_url":"https:\/\/talkpal.ai\/sl\/irske-slovnicne-vaje\/","og_site_name":"Talkpal","article_publisher":"https:\/\/www.facebook.com\/profile.php?id=100090733639311","article_modified_time":"2025-12-30T14:31:32+00:00","og_image":[{"width":2880,"height":1620,"url":"https:\/\/talkpal.ai\/wp-content\/uploads\/2025\/02\/Progress-tab-16_9.png","type":"image\/png"}],"twitter_card":"summary_large_image","twitter_site":"@talkpalai","twitter_misc":{"Est. reading time":"3 minute"},"schema":{"@context":"https:\/\/schema.org","@graph":[{"@type":"WebPage","@id":"https:\/\/talkpal.ai\/sl\/irske-slovnicne-vaje\/","url":"https:\/\/talkpal.ai\/sl\/irske-slovnicne-vaje\/","name":"Irske slovni\u010dne vaje - Talkpal","isPartOf":{"@id":"https:\/\/talkpal.ai\/sl\/#website"},"datePublished":"2025-11-12T09:53:34+00:00","dateModified":"2025-12-30T14:31:32+00:00","description":"Osvojite irsko slovnico z interaktivnimi vajami, ki vam bodo pomagale okrepiti samozavest in se hitreje nau\u010diti jezika.","breadcrumb":{"@id":"https:\/\/talkpal.ai\/sl\/irske-slovnicne-vaje\/#breadcrumb"},"inLanguage":"sl-SI","potentialAction":[{"@type":"ReadAction","target":["https:\/\/talkpal.ai\/sl\/irske-slovnicne-vaje\/"]}]},{"@type":"BreadcrumbList","@id":"https:\/\/talkpal.ai\/sl\/irske-slovnicne-vaje\/#breadcrumb","itemListElement":[{"@type":"ListItem","position":1,"name":"Homepage","item":"https:\/\/talkpal.ai\/sl\/"},{"@type":"ListItem","position":2,"name":"Irske slovni\u010dne vaje"}]},{"@type":"WebSite","@id":"https:\/\/talkpal.ai\/sl\/#website","url":"https:\/\/talkpal.ai\/sl\/","name":"Talkpal","description":"AI Language Learning","publisher":{"@id":"https:\/\/talkpal.ai\/sl\/#organization"},"alternateName":"Talkpal AI","potentialAction":[{"@type":"SearchAction","target":{"@type":"EntryPoint","urlTemplate":"https:\/\/talkpal.ai\/sl\/?s={search_term_string}"},"query-input":{"@type":"PropertyValueSpecification","valueRequired":true,"valueName":"search_term_string"}}],"inLanguage":"sl-SI"},{"@type":"Organization","@id":"https:\/\/talkpal.ai\/sl\/#organization","name":"Talkpal, Inc.","alternateName":"Talkpal AI","url":"https:\/\/talkpal.ai\/sl\/","logo":{"@type":"ImageObject","inLanguage":"sl-SI","@id":"https:\/\/talkpal.ai\/sl\/#\/schema\/logo\/image\/","url":"https:\/\/talkpal.ai\/wp-content\/uploads\/2024\/03\/Talkpal-Logo-Icon.png","contentUrl":"https:\/\/talkpal.ai\/wp-content\/uploads\/2024\/03\/Talkpal-Logo-Icon.png","width":2880,"height":2880,"caption":"Talkpal, Inc."},"image":{"@id":"https:\/\/talkpal.ai\/sl\/#\/schema\/logo\/image\/"},"sameAs":["https:\/\/www.facebook.com\/profile.php?id=100090733639311","https:\/\/x.com\/talkpalai","https:\/\/www.linkedin.com\/company\/talkpal\/","https:\/\/www.youtube.com\/@TalkPal\/","https:\/\/www.tiktok.com\/@talkpal","https:\/\/www.instagram.com\/talkpal_ai\/","https:\/\/www.crunchbase.com\/organization\/talkpal-9cde","https:\/\/www.g2.com\/products\/talkpal-for-business\/","https:\/\/www.trustpilot.com\/review\/talkpal.ai","https:\/\/www.capterra.com\/p\/10006800\/TalkPal\/"],"description":"Talkpal is a language learning web and mobile education app, powered by the latest AI technologies, that provides engaging experiences to its customers in many different languages to help them improve their language skills. Users can chat about unlimited amount of topics with the app and use other modes to practice their language learning.","email":"support@talkpal.ai","legalName":"Talkpal, Inc.","foundingDate":"2023-04-03","duns":"118989042","numberOfEmployees":{"@type":"QuantitativeValue","minValue":"11","maxValue":"50"},"publishingPrinciples":"https:\/\/talkpal.ai\/publishing-principles\/","actionableFeedbackPolicy":"https:\/\/talkpal.ai\/actionable-feedback-policy\/","correctionsPolicy":"https:\/\/talkpal.ai\/corrections-policy\/","ethicsPolicy":"https:\/\/talkpal.ai\/ethics-policy\/","diversityPolicy":"https:\/\/talkpal.ai\/diversity-policy\/","diversityStaffingReport":"https:\/\/talkpal.ai\/diversity-policy\/"}]}},"_links":{"self":[{"href":"https:\/\/talkpal.ai\/sl\/wp-json\/wp\/v2\/pages\/1477514","targetHints":{"allow":["GET"]}}],"collection":[{"href":"https:\/\/talkpal.ai\/sl\/wp-json\/wp\/v2\/pages"}],"about":[{"href":"https:\/\/talkpal.ai\/sl\/wp-json\/wp\/v2\/types\/page"}],"author":[{"embeddable":true,"href":"https:\/\/talkpal.ai\/sl\/wp-json\/wp\/v2\/users\/20"}],"replies":[{"embeddable":true,"href":"https:\/\/talkpal.ai\/sl\/wp-json\/wp\/v2\/comments?post=1477514"}],"version-history":[{"count":0,"href":"https:\/\/talkpal.ai\/sl\/wp-json\/wp\/v2\/pages\/1477514\/revisions"}],"wp:attachment":[{"href":"https:\/\/talkpal.ai\/sl\/wp-json\/wp\/v2\/media?parent=1477514"}],"curies":[{"name":"wp","href":"https:\/\/api.w.org\/{rel}","templated":true}]}}