{"id":1477490,"date":"2025-11-12T11:25:16","date_gmt":"2025-11-12T11:25:16","guid":{"rendered":"https:\/\/talkpal.ai\/kmerska-slovnica\/"},"modified":"2025-12-30T14:40:54","modified_gmt":"2025-12-30T14:40:54","slug":"kmerska-slovnica","status":"publish","type":"page","link":"https:\/\/talkpal.ai\/sl\/kmerska-slovnica\/","title":{"rendered":"Kmerska slovnica"},"content":{"rendered":"\r\n\r\n\r\n<section class=\"languageChallengeSection\">\r\n    <div class=\"languageInfoWrapper\">\r\n        \r\n        <h1>Kmerska slovnica<\/h1>\r\n        <p>Kmerska <a href=\"https:\/\/talkpal.ai\/grammar\/\">slovnica<\/a> se sprva zdi zahtevna, vendar je zaradi njenih edinstvenih lastnosti u\u010denje jezika koristna izku\u0161nja. Z raziskovanjem abecede, mutacij in slovni\u010dnih pravil boste dobili vpogled v bogato jezikovno tradicijo. Za\u010dnite svoje potovanje in odkrijte lepoto kmer\u0161\u010dine!<\/p>\r\n\r\n                            <a class=\"getStartedHidden\" href=\"https:\/\/app.talkpal.ai\/sl\/signup?lng=\">Za\u010dni<\/a>\r\n        \r\n    <\/div>\r\n\r\n    <figure>\r\n    <img decoding=\"async\" width=\"768\" height=\"768\" src=\"https:\/\/talkpal.ai\/wp-content\/uploads\/2023\/06\/welsh-768x768.png\" class=\"languageImage no-lazy\" alt=\"Language learning for better cognitive abilities\" fetchpriority=\"high\" sizes=\"(max-width: 768px) 150px, 768px\" srcset=\"https:\/\/talkpal.ai\/wp-content\/uploads\/2023\/06\/welsh-768x768.png 768w, https:\/\/talkpal.ai\/wp-content\/uploads\/2023\/06\/welsh-300x300.png 300w\" \/>\r\n    \r\n\r\n    <\/figure>\r\n\r\n            <a class=\"getStartedVisible\" href=\"https:\/\/app.talkpal.ai\/sl\/signup?lng=\">Za\u010dni<\/a>\r\n    \r\n<\/section><section class=\"promotionalBanner\">\r\n    <p class=\"promotionalText\">Naju\u010dinkovitej\u0161i na\u010din u\u010denja jezika<\/p>\r\n    <a class=\"promotionalLink\" href=\"https:\/\/app.talkpal.ai\/sl\/signup?lng=\">Preizkusite Talkpal brezpla\u010dno<\/a>\r\n<\/section>\n<div class=\"wp-block-group pageContainerStyle\"><div class=\"wp-block-group__inner-container is-layout-constrained wp-block-group-is-layout-constrained\">\n<h2 class=\"wp-block-heading\" id=\"h-navigating-the-intricacies-of-khmer-grammar\">Krmarjenje po zapletenosti kmerske slovnice<\/h2>\n\n\n\n<p><a href=\"https:\/\/talkpal.ai\/sl\/naucite-se-kmerscine\/\">Kmer\u0161\u010dina<\/a>, nacionalni jezik Kambod\u017ee in glavni avstroazijski jezik z globoko literarno tradicijo, ponuja vznemirljivo jezikovno izku\u0161njo za tiste, ki \u017eelijo raziskati njegov edinstven slovni\u010dni sistem. Ko se odpravite v kraljestvo kmer\u0161\u010dine, ne boste le obogatili svojega jezikovnega repertoarja, temve\u010d boste tudi sprejeli fascinantno kulturno potovanje. Medtem ko se kmerska slovnica sprva zdi neznana, je raz\u010dlenitev na klju\u010dne komponente bolj dostopna. V tem \u010dlanku bomo raziskali o\u010darljiv svet kmerske slovnice in podali nasvete, kako obvladati njegovo zapletenost.<\/p>\n\n\n\n<h3 class=\"wp-block-heading\" id=\"h-1-khmer-alphabet-and-phonetics\">1. Kmerska abeceda in fonetika<\/h3>\n\n\n\n<p><a href=\"https:\/\/talkpal.ai\/learn-khmer\/\">Kmerski<\/a> sistem pisave je abugida, ki obsega 33 soglasnikov, 23 odvisnih samoglasnikov in 12 neodvisnih samoglasnikov. Soglasniki so na voljo v dveh serijah, ki vplivajo na kakovost samoglasnikov, samoglasni\u0161ki simboli pa spreminjajo svojo izgovorjavo glede na soglasni\u0161ko serijo. \u010ce se \u017eelite nau\u010diti kmerske slovnice, je klju\u010dnega pomena, da se seznanite s to zna\u010dilno pisavo z vadbo branja in pisanja v kmer\u0161\u010dini.<\/p>\n\n\n\n<h3 class=\"wp-block-heading\" id=\"h-2-consonant-series-a-peculiar-khmer-feature\">2. Soglasni\u0161ka serija: Nenavadna kmerska zna\u010dilnost<\/h3>\n\n\n\n<p>Eden najbolj presenetljivih vidikov kmer\u0161\u010dine sta dve soglasni\u0161ki seriji, pogosto imenovani registri, ki vplivata na to, kako se izgovarjajo odvisni samoglasniki. Soglasniki serije A in serije O povzro\u010dajo, da se isti simbol samoglasnika bere druga\u010de. Razumevanje, kako te serije delujejo, skupaj s skupnimi diakriti\u010dnimi znaki, je klju\u010dnega pomena za natan\u010dno izgovorjavo in pisanje v kmer\u0161\u010dini.<\/p>\n\n\n\n<h3 class=\"wp-block-heading\" id=\"h-3-nouns-and-pronouns-gender-and-cases\">3. Samostalniki in zaimki: spol in primeri<\/h3>\n\n\n\n<p>Kmerski samostalniki nimajo slovni\u010dnega spola in se ne pregibajo za primere. Pluralnost je pogosto ozna\u010dena s kontekstom, reduplikacijo ali besedami, kot je \u1785\u17d2\u179a\u17be\u1793. Zaimki v kmer\u0161\u010dini vklju\u010dujejo osebne, posesivne, refleksivne, demonstrativne in spra\u0161evalne oblike, razlikujejo pa se glede na vljudnost in dru\u017ebeni kontekst. Spoznavanje teh zaimkov in delcev, kot je \u179a\u1794\u179f\u17cb za posedovanje, bo znatno izbolj\u0161alo va\u0161e razumevanje kmerske slovnice.<\/p>\n\n\n\n<h3 class=\"wp-block-heading\" id=\"h-4-verbs-structure-and-conjugation\">4. Glagoli: struktura in konjugacija<\/h3>\n\n\n\n<p>Kmerski glagoli se ne konjugirajo za \u010das, osebo ali \u0161tevilo. Namesto tega sta \u010das in aspekt izra\u017eena z delci in prislovi, kot so \u1780\u17c6\u1796\u17bb\u1784 za progresivno, \u1794\u17b6\u1793 za dokon\u010dano preteklost in \u1793\u17b9\u1784 za prihodnost. Razpolo\u017eenje lahko ozna\u010dimo z besedami, kot so \u179f\u17bc\u1798 ali \u1785\u17bc\u179a za vljudne imperative in \u1780\u17bb\u17c6 za prepovedi. U\u010denje teh delcev in skupnih zaporednih glagolskih konstrukcij bo izbolj\u0161alo va\u0161o sposobnost u\u010dinkovite komunikacije v kmer\u0161\u010dini.<\/p>\n\n\n\n<h3 class=\"wp-block-heading\" id=\"h-5-adjectives-agreement-and-placement\">5. Pridevniki: dogovor in namestitev<\/h3>\n\n\n\n<p>V kmerski slovnici pridevniki obi\u010dajno sledijo samostalniku, ki ga spreminjajo, in se ne ujemajo s \u0161tevilom ali spolom. Primerjalni in prese\u017eniki se oblikujejo analiti\u010dno, pogosto uporabljajo \u1787\u17b6\u1784 za primerjavo in \u1787\u17b6\u1784\u1782\u17c1 ali \u1794\u17c6\u1795\u17bb\u178f za prese\u017eke.<\/p>\n\n\n\n<p><strong>Primeri:<\/strong><\/p>\n\n\n\n<p><strong>\u2013 \u179f\u17c1\u1785\u1780\u17d2\u178f\u17b8\u179f\u17d2\u179a\u17a1\u17b6\u1789\u17cb \u1792\u17c6 (velika ljubezen)<\/strong><\/p>\n\n\n\n<p><strong>\u2013 \u1780\u17bc\u1793\u1780\u17d2\u1798\u17c1\u1784 \u178f\u17bc\u1785 (majhni otroci)<\/strong><\/p>\n\n\n\n<h3 class=\"wp-block-heading\" id=\"h-6-engaging-with-the-language\">6. Sodelovanje z jezikom<\/h3>\n\n\n\n<p>Naju\u010dinkovitej\u0161i na\u010din za popolno razumevanje in internalizacijo kmerske slovnice je dosledno sodelovanje z jezikom. Z branjem kmerske literature, gledanjem kmerskih filmov ali televizijskih serij, poslu\u0161anjem kmerske glasbe in aktivnim komuniciranjem z doma\u010dimi govorci boste okrepili svoje razumevanje slovnice, hkrati pa raz\u0161irili svoj besednjak.<\/p>\n\n\n\n<h3 class=\"wp-block-heading\" id=\"h-conclusion\">Zaklju\u010dek<\/h3>\n\n\n\n<p>\u010ceprav se kmerska slovnica morda zdi zapletena, lahko postanete spretni v tem \u010dudovitem jeziku s predanostjo, prakso in navdu\u0161enjem. Z osredoto\u010danjem na temeljna pravila in sodelovanjem z jezikom v razli\u010dnih kontekstih boste hitro izbolj\u0161ali <a href=\"https:\/\/talkpal.ai\/sl\/gramatika\/\">svoje kmerske slovni\u010dne sposobnosti<\/a>. Somnang laor (vso sre\u010do) s svojim kmerskim jezikovnim potovanjem in u\u017eivajte v razkrivanju skrivnostnega, a o\u010darljivega sveta kmerske slovnice!<\/p>\n<\/div><\/div>\n\r\n<section class=\"learnNavigationSection\">\r\n            \r\n        <a href=\"https:\/\/talkpal.ai\/sl\/naucite-se-kmerscine\/\">\r\n            <div class=\"learnNavigationWrapper\">\r\n                <div class=\"learnNavigationContent\">\r\n                    <img decoding=\"async\" src=\"https:\/\/talkpal.ai\/wp-content\/uploads\/2025\/11\/Khmer.png\" alt=\"Cambodian Flag\">\r\n                    <div>\r\n                        <h4>O kmerskem u\u010denju<\/h4>\r\n                        <p>Izvedite vse o kmerski slovnici.<\/p>\r\n                    <\/div>\r\n                <\/div>\r\n            <\/div>\r\n        <\/a>\r\n\r\n        \r\n        <a href=\"https:\/\/talkpal.ai\/sl\/kmerske-slovnicne-vaje\/\">\r\n            <div class=\"learnNavigationWrapper\">\r\n                <div class=\"learnNavigationContent\">\r\n                    <img decoding=\"async\" src=\"https:\/\/talkpal.ai\/wp-content\/uploads\/2025\/11\/Khmer.png\" alt=\"Cambodian Flag\">\r\n                    <div>\r\n                        <h4>Kmerska slovni\u010dna vaja<\/h4>\r\n                        <p>Vadite kmersko slovnico.<\/p>\r\n                    <\/div>\r\n                <\/div>\r\n            <\/div>\r\n        <\/a>\r\n\r\n            <\/section>","protected":false},"excerpt":{"rendered":"<p>Krmarjenje po zapletenosti kmerske slovnice Kmer\u0161\u010dina, nacionalni jezik Kambod\u017ee in glavni avstroazijski jezik z globoko literarno tradicijo, ponuja vznemirljivo jezikovno izku\u0161njo za tiste, ki \u017eelijo raziskati njegov edinstven slovni\u010dni sistem. Ko se odpravite v kraljestvo kmer\u0161\u010dine, ne boste le obogatili svojega jezikovnega repertoarja, temve\u010d boste tudi sprejeli fascinantno kulturno potovanje. Medtem ko se kmerska slovnica [&hellip;]<\/p>\n","protected":false},"author":20,"featured_media":0,"parent":0,"menu_order":0,"comment_status":"closed","ping_status":"closed","template":"LearningContentPage.php","meta":{"_acf_changed":false,"footnotes":""},"class_list":["post-1477490","page","type-page","status-publish","hentry"],"acf":[],"yoast_head":"<!-- This site is optimized with the Yoast SEO Premium plugin v27.2 (Yoast SEO v27.2) - https:\/\/yoast.com\/product\/yoast-seo-premium-wordpress\/ -->\n<title>Kmerska slovnica - Talkpal<\/title>\n<meta name=\"description\" content=\"Osvojite osnove kmerske slovnice, vklju\u010dno z abecedo, fonetiko in stav\u010dno strukturo, z na\u0161im iz\u010drpnim jezikovnim u\u010dnim priro\u010dnikom.\" \/>\n<meta name=\"robots\" content=\"index, follow, max-snippet:-1, max-image-preview:large, max-video-preview:-1\" \/>\n<link rel=\"canonical\" href=\"https:\/\/talkpal.ai\/sl\/kmerska-slovnica\/\" \/>\n<meta property=\"og:locale\" content=\"sl_SI\" \/>\n<meta property=\"og:type\" content=\"article\" \/>\n<meta property=\"og:title\" content=\"Kmerska slovnica\" \/>\n<meta property=\"og:description\" content=\"Krmarjenje po zapletenosti kmerske slovnice Kmer\u0161\u010dina, nacionalni jezik Kambod\u017ee in glavni avstroazijski jezik z globoko literarno tradicijo, ponuja\" \/>\n<meta property=\"og:url\" content=\"https:\/\/talkpal.ai\/sl\/kmerska-slovnica\/\" \/>\n<meta property=\"og:site_name\" content=\"Talkpal\" \/>\n<meta property=\"article:publisher\" content=\"https:\/\/www.facebook.com\/profile.php?id=100090733639311\" \/>\n<meta property=\"article:modified_time\" content=\"2025-12-30T14:40:54+00:00\" \/>\n<meta property=\"og:image\" content=\"https:\/\/talkpal.ai\/wp-content\/uploads\/2025\/02\/Progress-tab-16_9.png\" \/>\n\t<meta property=\"og:image:width\" content=\"2880\" \/>\n\t<meta property=\"og:image:height\" content=\"1620\" \/>\n\t<meta property=\"og:image:type\" content=\"image\/png\" \/>\n<meta name=\"twitter:card\" content=\"summary_large_image\" \/>\n<meta name=\"twitter:site\" content=\"@talkpalai\" \/>\n<meta name=\"twitter:label1\" content=\"Est. reading time\" \/>\n\t<meta name=\"twitter:data1\" content=\"3 minute\" \/>\n<script type=\"application\/ld+json\" class=\"yoast-schema-graph\">{\"@context\":\"https:\/\/schema.org\",\"@graph\":[{\"@type\":\"WebPage\",\"@id\":\"https:\/\/talkpal.ai\/sl\/kmerska-slovnica\/\",\"url\":\"https:\/\/talkpal.ai\/sl\/kmerska-slovnica\/\",\"name\":\"Kmerska slovnica - Talkpal\",\"isPartOf\":{\"@id\":\"https:\/\/talkpal.ai\/sl\/#website\"},\"datePublished\":\"2025-11-12T11:25:16+00:00\",\"dateModified\":\"2025-12-30T14:40:54+00:00\",\"description\":\"Osvojite osnove kmerske slovnice, vklju\u010dno z abecedo, fonetiko in stav\u010dno strukturo, z na\u0161im iz\u010drpnim jezikovnim u\u010dnim priro\u010dnikom.\",\"breadcrumb\":{\"@id\":\"https:\/\/talkpal.ai\/sl\/kmerska-slovnica\/#breadcrumb\"},\"inLanguage\":\"sl-SI\",\"potentialAction\":[{\"@type\":\"ReadAction\",\"target\":[\"https:\/\/talkpal.ai\/sl\/kmerska-slovnica\/\"]}]},{\"@type\":\"BreadcrumbList\",\"@id\":\"https:\/\/talkpal.ai\/sl\/kmerska-slovnica\/#breadcrumb\",\"itemListElement\":[{\"@type\":\"ListItem\",\"position\":1,\"name\":\"Homepage\",\"item\":\"https:\/\/talkpal.ai\/sl\/\"},{\"@type\":\"ListItem\",\"position\":2,\"name\":\"Kmerska slovnica\"}]},{\"@type\":\"WebSite\",\"@id\":\"https:\/\/talkpal.ai\/sl\/#website\",\"url\":\"https:\/\/talkpal.ai\/sl\/\",\"name\":\"Talkpal\",\"description\":\"AI Language Learning\",\"publisher\":{\"@id\":\"https:\/\/talkpal.ai\/sl\/#organization\"},\"alternateName\":\"Talkpal AI\",\"potentialAction\":[{\"@type\":\"SearchAction\",\"target\":{\"@type\":\"EntryPoint\",\"urlTemplate\":\"https:\/\/talkpal.ai\/sl\/?s={search_term_string}\"},\"query-input\":{\"@type\":\"PropertyValueSpecification\",\"valueRequired\":true,\"valueName\":\"search_term_string\"}}],\"inLanguage\":\"sl-SI\"},{\"@type\":\"Organization\",\"@id\":\"https:\/\/talkpal.ai\/sl\/#organization\",\"name\":\"Talkpal, Inc.\",\"alternateName\":\"Talkpal AI\",\"url\":\"https:\/\/talkpal.ai\/sl\/\",\"logo\":{\"@type\":\"ImageObject\",\"inLanguage\":\"sl-SI\",\"@id\":\"https:\/\/talkpal.ai\/sl\/#\/schema\/logo\/image\/\",\"url\":\"https:\/\/talkpal.ai\/wp-content\/uploads\/2024\/03\/Talkpal-Logo-Icon.png\",\"contentUrl\":\"https:\/\/talkpal.ai\/wp-content\/uploads\/2024\/03\/Talkpal-Logo-Icon.png\",\"width\":2880,\"height\":2880,\"caption\":\"Talkpal, Inc.\"},\"image\":{\"@id\":\"https:\/\/talkpal.ai\/sl\/#\/schema\/logo\/image\/\"},\"sameAs\":[\"https:\/\/www.facebook.com\/profile.php?id=100090733639311\",\"https:\/\/x.com\/talkpalai\",\"https:\/\/www.linkedin.com\/company\/talkpal\/\",\"https:\/\/www.youtube.com\/@TalkPal\/\",\"https:\/\/www.tiktok.com\/@talkpal\",\"https:\/\/www.instagram.com\/talkpal_ai\/\",\"https:\/\/www.crunchbase.com\/organization\/talkpal-9cde\",\"https:\/\/www.g2.com\/products\/talkpal-for-business\/\",\"https:\/\/www.trustpilot.com\/review\/talkpal.ai\",\"https:\/\/www.capterra.com\/p\/10006800\/TalkPal\/\"],\"description\":\"Talkpal is a language learning web and mobile education app, powered by the latest AI technologies, that provides engaging experiences to its customers in many different languages to help them improve their language skills. Users can chat about unlimited amount of topics with the app and use other modes to practice their language learning.\",\"email\":\"support@talkpal.ai\",\"legalName\":\"Talkpal, Inc.\",\"foundingDate\":\"2023-04-03\",\"duns\":\"118989042\",\"numberOfEmployees\":{\"@type\":\"QuantitativeValue\",\"minValue\":\"11\",\"maxValue\":\"50\"},\"publishingPrinciples\":\"https:\/\/talkpal.ai\/publishing-principles\/\",\"actionableFeedbackPolicy\":\"https:\/\/talkpal.ai\/actionable-feedback-policy\/\",\"correctionsPolicy\":\"https:\/\/talkpal.ai\/corrections-policy\/\",\"ethicsPolicy\":\"https:\/\/talkpal.ai\/ethics-policy\/\",\"diversityPolicy\":\"https:\/\/talkpal.ai\/diversity-policy\/\",\"diversityStaffingReport\":\"https:\/\/talkpal.ai\/diversity-policy\/\"}]}<\/script>\n<!-- \/ Yoast SEO Premium plugin. -->","yoast_head_json":{"title":"Kmerska slovnica - Talkpal","description":"Osvojite osnove kmerske slovnice, vklju\u010dno z abecedo, fonetiko in stav\u010dno strukturo, z na\u0161im iz\u010drpnim jezikovnim u\u010dnim priro\u010dnikom.","robots":{"index":"index","follow":"follow","max-snippet":"max-snippet:-1","max-image-preview":"max-image-preview:large","max-video-preview":"max-video-preview:-1"},"canonical":"https:\/\/talkpal.ai\/sl\/kmerska-slovnica\/","og_locale":"sl_SI","og_type":"article","og_title":"Kmerska slovnica","og_description":"Krmarjenje po zapletenosti kmerske slovnice Kmer\u0161\u010dina, nacionalni jezik Kambod\u017ee in glavni avstroazijski jezik z globoko literarno tradicijo, ponuja","og_url":"https:\/\/talkpal.ai\/sl\/kmerska-slovnica\/","og_site_name":"Talkpal","article_publisher":"https:\/\/www.facebook.com\/profile.php?id=100090733639311","article_modified_time":"2025-12-30T14:40:54+00:00","og_image":[{"width":2880,"height":1620,"url":"https:\/\/talkpal.ai\/wp-content\/uploads\/2025\/02\/Progress-tab-16_9.png","type":"image\/png"}],"twitter_card":"summary_large_image","twitter_site":"@talkpalai","twitter_misc":{"Est. reading time":"3 minute"},"schema":{"@context":"https:\/\/schema.org","@graph":[{"@type":"WebPage","@id":"https:\/\/talkpal.ai\/sl\/kmerska-slovnica\/","url":"https:\/\/talkpal.ai\/sl\/kmerska-slovnica\/","name":"Kmerska slovnica - Talkpal","isPartOf":{"@id":"https:\/\/talkpal.ai\/sl\/#website"},"datePublished":"2025-11-12T11:25:16+00:00","dateModified":"2025-12-30T14:40:54+00:00","description":"Osvojite osnove kmerske slovnice, vklju\u010dno z abecedo, fonetiko in stav\u010dno strukturo, z na\u0161im iz\u010drpnim jezikovnim u\u010dnim priro\u010dnikom.","breadcrumb":{"@id":"https:\/\/talkpal.ai\/sl\/kmerska-slovnica\/#breadcrumb"},"inLanguage":"sl-SI","potentialAction":[{"@type":"ReadAction","target":["https:\/\/talkpal.ai\/sl\/kmerska-slovnica\/"]}]},{"@type":"BreadcrumbList","@id":"https:\/\/talkpal.ai\/sl\/kmerska-slovnica\/#breadcrumb","itemListElement":[{"@type":"ListItem","position":1,"name":"Homepage","item":"https:\/\/talkpal.ai\/sl\/"},{"@type":"ListItem","position":2,"name":"Kmerska slovnica"}]},{"@type":"WebSite","@id":"https:\/\/talkpal.ai\/sl\/#website","url":"https:\/\/talkpal.ai\/sl\/","name":"Talkpal","description":"AI Language Learning","publisher":{"@id":"https:\/\/talkpal.ai\/sl\/#organization"},"alternateName":"Talkpal AI","potentialAction":[{"@type":"SearchAction","target":{"@type":"EntryPoint","urlTemplate":"https:\/\/talkpal.ai\/sl\/?s={search_term_string}"},"query-input":{"@type":"PropertyValueSpecification","valueRequired":true,"valueName":"search_term_string"}}],"inLanguage":"sl-SI"},{"@type":"Organization","@id":"https:\/\/talkpal.ai\/sl\/#organization","name":"Talkpal, Inc.","alternateName":"Talkpal AI","url":"https:\/\/talkpal.ai\/sl\/","logo":{"@type":"ImageObject","inLanguage":"sl-SI","@id":"https:\/\/talkpal.ai\/sl\/#\/schema\/logo\/image\/","url":"https:\/\/talkpal.ai\/wp-content\/uploads\/2024\/03\/Talkpal-Logo-Icon.png","contentUrl":"https:\/\/talkpal.ai\/wp-content\/uploads\/2024\/03\/Talkpal-Logo-Icon.png","width":2880,"height":2880,"caption":"Talkpal, Inc."},"image":{"@id":"https:\/\/talkpal.ai\/sl\/#\/schema\/logo\/image\/"},"sameAs":["https:\/\/www.facebook.com\/profile.php?id=100090733639311","https:\/\/x.com\/talkpalai","https:\/\/www.linkedin.com\/company\/talkpal\/","https:\/\/www.youtube.com\/@TalkPal\/","https:\/\/www.tiktok.com\/@talkpal","https:\/\/www.instagram.com\/talkpal_ai\/","https:\/\/www.crunchbase.com\/organization\/talkpal-9cde","https:\/\/www.g2.com\/products\/talkpal-for-business\/","https:\/\/www.trustpilot.com\/review\/talkpal.ai","https:\/\/www.capterra.com\/p\/10006800\/TalkPal\/"],"description":"Talkpal is a language learning web and mobile education app, powered by the latest AI technologies, that provides engaging experiences to its customers in many different languages to help them improve their language skills. Users can chat about unlimited amount of topics with the app and use other modes to practice their language learning.","email":"support@talkpal.ai","legalName":"Talkpal, Inc.","foundingDate":"2023-04-03","duns":"118989042","numberOfEmployees":{"@type":"QuantitativeValue","minValue":"11","maxValue":"50"},"publishingPrinciples":"https:\/\/talkpal.ai\/publishing-principles\/","actionableFeedbackPolicy":"https:\/\/talkpal.ai\/actionable-feedback-policy\/","correctionsPolicy":"https:\/\/talkpal.ai\/corrections-policy\/","ethicsPolicy":"https:\/\/talkpal.ai\/ethics-policy\/","diversityPolicy":"https:\/\/talkpal.ai\/diversity-policy\/","diversityStaffingReport":"https:\/\/talkpal.ai\/diversity-policy\/"}]}},"_links":{"self":[{"href":"https:\/\/talkpal.ai\/sl\/wp-json\/wp\/v2\/pages\/1477490","targetHints":{"allow":["GET"]}}],"collection":[{"href":"https:\/\/talkpal.ai\/sl\/wp-json\/wp\/v2\/pages"}],"about":[{"href":"https:\/\/talkpal.ai\/sl\/wp-json\/wp\/v2\/types\/page"}],"author":[{"embeddable":true,"href":"https:\/\/talkpal.ai\/sl\/wp-json\/wp\/v2\/users\/20"}],"replies":[{"embeddable":true,"href":"https:\/\/talkpal.ai\/sl\/wp-json\/wp\/v2\/comments?post=1477490"}],"version-history":[{"count":0,"href":"https:\/\/talkpal.ai\/sl\/wp-json\/wp\/v2\/pages\/1477490\/revisions"}],"wp:attachment":[{"href":"https:\/\/talkpal.ai\/sl\/wp-json\/wp\/v2\/media?parent=1477490"}],"curies":[{"name":"wp","href":"https:\/\/api.w.org\/{rel}","templated":true}]}}