{"id":1477380,"date":"2025-11-12T16:09:11","date_gmt":"2025-11-12T16:09:11","guid":{"rendered":"https:\/\/talkpal.ai\/slovnicne-vaje-oriya\/"},"modified":"2025-12-30T11:51:57","modified_gmt":"2025-12-30T11:51:57","slug":"slovnicne-vaje-oriya","status":"publish","type":"page","link":"https:\/\/talkpal.ai\/sl\/slovnicne-vaje-oriya\/","title":{"rendered":"Vaje slovnice odijskega jezika"},"content":{"rendered":"\r\n\r\n\r\n<section class=\"languageChallengeSection\">\r\n    <div class=\"languageInfoWrapper\">\r\n        \r\n        <h1>Vaje slovnice odijskega jezika<\/h1>\r\n        <p>Ste pripravljeni, da se poglobite v slovnico <a href=\"https:\/\/talkpal.ai\/sl\/naucite-se-oriya\/\">odijskega jezika<\/a>? \u010ce boste vadili nekaj osnov, se boste la\u017eje spoprijeli s tem edinstvenim in \u010dudovitim jezikom. Preizkusite te vaje, da okrepite svojo samozavest in se ob tem zabavate!<\/p>\r\n\r\n                            <a class=\"getStartedHidden\" href=\"https:\/\/app.talkpal.ai\/sl\/signup?lng=\">Za\u010dni<\/a>\r\n        \r\n    <\/div>\r\n\r\n    <figure>\r\n    <img decoding=\"async\" width=\"768\" height=\"768\" src=\"https:\/\/talkpal.ai\/wp-content\/uploads\/2023\/06\/welsh-768x768.png\" class=\"languageImage no-lazy\" alt=\"Language learning for better cognitive abilities\" fetchpriority=\"high\" sizes=\"(max-width: 768px) 150px, 768px\" srcset=\"https:\/\/talkpal.ai\/wp-content\/uploads\/2023\/06\/welsh-768x768.png 768w, https:\/\/talkpal.ai\/wp-content\/uploads\/2023\/06\/welsh-300x300.png 300w\" \/>\r\n    \r\n\r\n    <\/figure>\r\n\r\n            <a class=\"getStartedVisible\" href=\"https:\/\/app.talkpal.ai\/sl\/signup?lng=\">Za\u010dni<\/a>\r\n    \r\n<\/section><section class=\"promotionalBanner\">\r\n    <p class=\"promotionalText\">Naju\u010dinkovitej\u0161i na\u010din u\u010denja jezika<\/p>\r\n    <a class=\"promotionalLink\" href=\"https:\/\/app.talkpal.ai\/sl\/signup?lng=\">Preizkusite Talkpal brezpla\u010dno<\/a>\r\n<\/section>\n<div class=\"wp-block-group pageContainerStyle\"><div class=\"wp-block-group__inner-container is-layout-constrained wp-block-group-is-layout-constrained\">\n<h2 class=\"wp-block-heading\" id=\"h-odia-grammar-topics\">Teme slovnice odijskega jezika<\/h2>\n\n\n\n<p><a href=\"https:\/\/talkpal.ai\/sl\/najvecje-napake-ki-se-jim-je-treba-izogniti-pri-ucenju-novega-jezika\/\">U\u010denje novega jezika<\/a> je lahko zahtevno, a koristno prizadevanje. <a href=\"https:\/\/talkpal.ai\/learn-odia\/\">Odia<\/a>, indoarijski jezik, ki se ve\u010dinoma govori v indijski zvezni dr\u017eavi Odisha, ni izjema. S svojimi lastnimi zna\u010dilnostmi in strukturami <a href=\"https:\/\/talkpal.ai\/sl\/talkpal-za-izobrazevanje\/\">u\u010denje<\/a> odijskega jezika zahteva sistemati\u010den pristop k razumevanju njegove slovnice. Ta vodi\u010d v logi\u010dni zaporedju <a href=\"https:\/\/talkpal.ai\/sl\/talkpal-za-izobrazevanje\/\">za u\u010denje jezika<\/a> opredeljuje klju\u010dna podro\u010dja <a href=\"https:\/\/talkpal.ai\/oriya-grammar\/\">odijske slovnice<\/a>, pri \u010demer se za\u010dne z osnovami, kot so samostalniki in \u010dleni, ter napreduje do bolj zapletenih podro\u010dij, kot so \u010dasi in stav\u010dna gradnja.<\/p>\n\n\n\n<h3 class=\"wp-block-heading\" id=\"h-1-nouns\">1. Samostalniki:<\/h3>\n\n\n\n<p>Za\u010dnite svojo jezikovno pot z u\u010denjem samostalnikov. To vklju\u010duje razumevanje razli\u010dnih kategorij samostalnikov, kot so splo\u0161ni in lastni samostalniki, pa tudi njihove mno\u017einske oblike. Upo\u0161tevajte, da <a href=\"https:\/\/talkpal.ai\/learn-odia\/\">odija<\/a> na splo\u0161no nima slovni\u010dnega spola in uporablja mno\u017einske ozna\u010devalce, kot so -mane za ljudi in -gudika za predmete.<\/p>\n\n\n\n<h3 class=\"wp-block-heading\" id=\"h-2-articles\">2. \u010clanki:<\/h3>\n\n\n\n<p>Odija ne uporablja dolo\u010denih ali nedolo\u010denih \u010dlenov, kot <a href=\"https:\/\/talkpal.ai\/ai-english-speaking-practice\/\">to po\u010dne angle\u0161\u010dina<\/a> . Dolo\u010dnost se obi\u010dajno izra\u017ea s kontekstom ali dokazi, kot je ta in <a href=\"https:\/\/talkpal.ai\/locations\/language-courses-in-ono\/\">ono<\/a>, nedolo\u010dnost pa se lahko po potrebi prenese s \u0161tevilko <a href=\"https:\/\/talkpal.ai\/locations\/language-courses-in-ena\/\">ena<\/a>.<\/p>\n\n\n\n<h3 class=\"wp-block-heading\" id=\"h-3-adjectives\">3. Pridevniki:<\/h3>\n\n\n\n<p>Pridevniki v odijskem jeziku obi\u010dajno predhajajo samostalnikom, ki jih spreminjajo. Obi\u010dajno ne spremenijo oblike za \u0161tevilko ali spol. Nau\u010dite se oblikovati primerjalne in prese\u017ene vrednosti, pogosto uporabljajte besede, kot so adhika za ve\u010d, sabuthu za ve\u010dino in ozna\u010devalec tharu za than.<\/p>\n\n\n\n<h3 class=\"wp-block-heading\" id=\"h-4-pronouns-determiners\">4. Zaimki\/dolo\u010devalci:<\/h3>\n\n\n\n<p>Zaimki in determinatorji so bistveni v odiji; Nadome\u0161\u010dajo samostalnike in zagotavljajo informacije o koli\u010dini, posesti in \u0161e ve\u010d. Odija ima stopnjo vljudnosti v zaimkih druge osebe, posedovanje pa je obi\u010dajno ozna\u010deno z genitivom -ra. Pogosto se uporabljajo demonstrativi in kvantifikatorji.<\/p>\n\n\n\n<h3 class=\"wp-block-heading\" id=\"h-5-verbs\">5. Glagoli:<\/h3>\n\n\n\n<p>Odijski glagoli imajo razli\u010dne oblike glede na \u010das, vidik, na\u010din in v\u010dasih tudi \u010dastni\u0161ko raven. Za\u010dnite s sedanjimi oblikami, vklju\u010dno z obi\u010dajnimi in naprednimi, nato pa razi\u0161\u010dite preteklost in prihodnost. Nau\u010dite se infinitivnih ali glagolskih samostalni\u0161kih oblik v -iba ali -ba.<\/p>\n\n\n\n<h3 class=\"wp-block-heading\" id=\"h-6-tenses\">6. \u010casi:<\/h3>\n\n\n\n<p>Ko obvladate glagolske oblike, se poglobite v odijske \u010dase in aspekte. Razumeti razlike med sedanjim obi\u010dajnim, sedanjim progresivnim, preteklim dovr\u0161enim, preteklim progresivnim in prihodnjim ter kako se uporabljajo v razli\u010dnih kontekstih.<\/p>\n\n\n\n<h3 class=\"wp-block-heading\" id=\"h-7-tense-comparison\">7. Primerjava \u010dasov:<\/h3>\n\n\n\n<p>Primerjava \u010dasov v odijskem jeziku pomaga razumeti zaporedje in vidik dogodkov. Primerjava istega glagola v obi\u010dajnih, progresivnih, dovr\u0161enih in prihodnjih uporabah bo zagotovila bolj\u0161e razumevanje jezika.<\/p>\n\n\n\n<h3 class=\"wp-block-heading\" id=\"h-8-progressive\">8. Progresivno:<\/h3>\n\n\n\n<p>Progresivni vidik v odiji se uporablja za izra\u017eanje teko\u010dih dejanj. Obi\u010dajno je ozna\u010dena s pripono -uchhi za sedanjost, -uthila za preteklost in -uthiba za prihodnost, zgrajena na glagolskem osnovalu in pripadajo\u010dih pomo\u017enih oblikah.<\/p>\n\n\n\n<h3 class=\"wp-block-heading\" id=\"h-9-perfect-progressive\">9. Perfect Progressive:<\/h3>\n\n\n\n<p>Uporablja se za izra\u017eanje dejanj, ki so potekala do dolo\u010dene to\u010dke. V odijskem jeziku se obi\u010dajno izra\u017ea s progresivno konstrukcijo skupaj s \u010dasovnimi izrazi, kot sta dhari ali tharu, za ozna\u010devanje trajnosti, namesto z namensko popolno-progresivno pomo\u017eno kombinacijo.<\/p>\n\n\n\n<h3 class=\"wp-block-heading\" id=\"h-10-conditionals\">10. Pogoji:<\/h3>\n\n\n\n<p>Pogoji izra\u017eajo hipoteti\u010dne situacije in njihove mo\u017ene izide. Odija uporablja pogojne ozna\u010devalce in besede, kot sta <a href=\"https:\/\/talkpal.ai\/will-ai-kill-traditional-language-learning\/\">jadi<\/a> ali yadi za \u010de, ter glagolske pogojne oblike v -le za izra\u017eanje teh odnosov.<\/p>\n\n\n\n<h3 class=\"wp-block-heading\" id=\"h-11-adverbs\">11. Prislovi:<\/h3>\n\n\n\n<p>Prislovi v odijskem jeziku spreminjajo glagole, pridevnike ali druge prislove. Zagotavljajo informacije o na\u010dinu, kraju, \u010dasu, stopnji in \u0161e ve\u010d ter so postavljeni glede na poudarek in tok stavkov.<\/p>\n\n\n\n<h3 class=\"wp-block-heading\" id=\"h-12-prepositions\">12. Predlo\u017eki:<\/h3>\n\n\n\n<p>Odija predvsem uporablja postpozicije, ki sledijo samostalnikom, na katere se nana\u0161ajo. Povezujejo besede in besedne zveze skupaj in izra\u017eajo razmerja \u010dasa, kraja, smeri, vira in namena, kot so -re in ali at, -ku to, -ru from in pain for.<\/p>\n\n\n\n<h3 class=\"wp-block-heading\" id=\"h-13-sentences\">13. Stavki:<\/h3>\n\n\n\n<p>Kon\u010dno vadite konstruiranje stavkov. Odija obi\u010dajno sledi vrstnemu redu glagolov s subjektom in objektom. To bo vklju\u010devalo uporabo vseh prej nau\u010denih slovni\u010dnih to\u010dk v kontekstu, vklju\u010dno z vzorci soglasja in pogostimi oblikami zanikanja, s \u010dimer se zagotavlja celovito razumevanje jezika odia.<\/p>\n<\/div><\/div>\n\r\n<section class=\"learnNavigationSection\">\r\n            \r\n        <a href=\"https:\/\/talkpal.ai\/sl\/naucite-se-oriya\/\">\r\n            <div class=\"learnNavigationWrapper\">\r\n                <div class=\"learnNavigationContent\">\r\n                    <img decoding=\"async\" src=\"https:\/\/talkpal.ai\/wp-content\/uploads\/2025\/11\/Oriya.png\" alt=\"Indian Simplified Flag\">\r\n                    <div>\r\n                        <h4>O u\u010denju odijskega jezika<\/h4>\r\n                        <p>Izvedite vse o slovnici v odijskem jeziku.<\/p>\r\n                    <\/div>\r\n                <\/div>\r\n            <\/div>\r\n        <\/a>\r\n\r\n        \r\n        <a href=\"https:\/\/talkpal.ai\/sl\/oriya-slovnica\/\">\r\n            <div class=\"learnNavigationWrapper\">\r\n                <div class=\"learnNavigationContent\">\r\n                    <img decoding=\"async\" src=\"https:\/\/talkpal.ai\/wp-content\/uploads\/2025\/11\/Oriya.png\" alt=\"Indian Simplified Flag\">\r\n                    <div>\r\n                        <h4>Lekcije slovnice odijskega jezika<\/h4>\r\n                        <p>Vadite slovnico odijskega jezika.<\/p>\r\n                    <\/div>\r\n                <\/div>\r\n            <\/div>\r\n        <\/a>\r\n\r\n            <\/section>","protected":false},"excerpt":{"rendered":"<p>Teme slovnice odijskega jezika U\u010denje novega jezika je lahko zahtevno, a koristno prizadevanje. Odia, indoarijski jezik, ki se ve\u010dinoma govori v indijski zvezni dr\u017eavi Odisha, ni izjema. S svojimi lastnimi zna\u010dilnostmi in strukturami u\u010denje odijskega jezika zahteva sistemati\u010den pristop k razumevanju njegove slovnice. Ta vodi\u010d v logi\u010dni zaporedju za u\u010denje jezika opredeljuje klju\u010dna podro\u010dja odijske [&hellip;]<\/p>\n","protected":false},"author":20,"featured_media":0,"parent":0,"menu_order":0,"comment_status":"closed","ping_status":"closed","template":"LearningContentPage.php","meta":{"_acf_changed":false,"footnotes":""},"class_list":["post-1477380","page","type-page","status-publish","hentry"],"acf":[],"yoast_head":"<!-- This site is optimized with the Yoast SEO Premium plugin v27.2 (Yoast SEO v27.2) - https:\/\/yoast.com\/product\/yoast-seo-premium-wordpress\/ -->\n<title>Vaje slovnice odijskega jezika - Talkpal<\/title>\n<meta name=\"description\" content=\"Osvojite odijsko slovnico z interaktivnimi vajami, namenjenimi u\u010dinkovitemu izbolj\u0161anju jezikovnega znanja in teko\u010dnosti.\" \/>\n<meta name=\"robots\" content=\"index, follow, max-snippet:-1, max-image-preview:large, max-video-preview:-1\" \/>\n<link rel=\"canonical\" href=\"https:\/\/talkpal.ai\/sl\/slovnicne-vaje-oriya\/\" \/>\n<meta property=\"og:locale\" content=\"sl_SI\" \/>\n<meta property=\"og:type\" content=\"article\" \/>\n<meta property=\"og:title\" content=\"Vaje slovnice odijskega jezika\" \/>\n<meta property=\"og:description\" content=\"Teme slovnice odijskega jezika U\u010denje novega jezika je lahko zahtevno, a koristno prizadevanje. Odia, indoarijski jezik, ki se ve\u010dinoma govori v indijski\" \/>\n<meta property=\"og:url\" content=\"https:\/\/talkpal.ai\/sl\/slovnicne-vaje-oriya\/\" \/>\n<meta property=\"og:site_name\" content=\"Talkpal\" \/>\n<meta property=\"article:publisher\" content=\"https:\/\/www.facebook.com\/profile.php?id=100090733639311\" \/>\n<meta property=\"article:modified_time\" content=\"2025-12-30T11:51:57+00:00\" \/>\n<meta property=\"og:image\" content=\"https:\/\/talkpal.ai\/wp-content\/uploads\/2025\/02\/Progress-tab-16_9.png\" \/>\n\t<meta property=\"og:image:width\" content=\"2880\" \/>\n\t<meta property=\"og:image:height\" content=\"1620\" \/>\n\t<meta property=\"og:image:type\" content=\"image\/png\" \/>\n<meta name=\"twitter:card\" content=\"summary_large_image\" \/>\n<meta name=\"twitter:site\" content=\"@talkpalai\" \/>\n<meta name=\"twitter:label1\" content=\"Est. reading time\" \/>\n\t<meta name=\"twitter:data1\" content=\"3 minute\" \/>\n<script type=\"application\/ld+json\" class=\"yoast-schema-graph\">{\"@context\":\"https:\/\/schema.org\",\"@graph\":[{\"@type\":\"WebPage\",\"@id\":\"https:\/\/talkpal.ai\/sl\/slovnicne-vaje-oriya\/\",\"url\":\"https:\/\/talkpal.ai\/sl\/slovnicne-vaje-oriya\/\",\"name\":\"Vaje slovnice odijskega jezika - Talkpal\",\"isPartOf\":{\"@id\":\"https:\/\/talkpal.ai\/sl\/#website\"},\"datePublished\":\"2025-11-12T16:09:11+00:00\",\"dateModified\":\"2025-12-30T11:51:57+00:00\",\"description\":\"Osvojite odijsko slovnico z interaktivnimi vajami, namenjenimi u\u010dinkovitemu izbolj\u0161anju jezikovnega znanja in teko\u010dnosti.\",\"breadcrumb\":{\"@id\":\"https:\/\/talkpal.ai\/sl\/slovnicne-vaje-oriya\/#breadcrumb\"},\"inLanguage\":\"sl-SI\",\"potentialAction\":[{\"@type\":\"ReadAction\",\"target\":[\"https:\/\/talkpal.ai\/sl\/slovnicne-vaje-oriya\/\"]}]},{\"@type\":\"BreadcrumbList\",\"@id\":\"https:\/\/talkpal.ai\/sl\/slovnicne-vaje-oriya\/#breadcrumb\",\"itemListElement\":[{\"@type\":\"ListItem\",\"position\":1,\"name\":\"Homepage\",\"item\":\"https:\/\/talkpal.ai\/sl\/\"},{\"@type\":\"ListItem\",\"position\":2,\"name\":\"Vaje slovnice odijskega jezika\"}]},{\"@type\":\"WebSite\",\"@id\":\"https:\/\/talkpal.ai\/sl\/#website\",\"url\":\"https:\/\/talkpal.ai\/sl\/\",\"name\":\"Talkpal\",\"description\":\"AI Language Learning\",\"publisher\":{\"@id\":\"https:\/\/talkpal.ai\/sl\/#organization\"},\"alternateName\":\"Talkpal AI\",\"potentialAction\":[{\"@type\":\"SearchAction\",\"target\":{\"@type\":\"EntryPoint\",\"urlTemplate\":\"https:\/\/talkpal.ai\/sl\/?s={search_term_string}\"},\"query-input\":{\"@type\":\"PropertyValueSpecification\",\"valueRequired\":true,\"valueName\":\"search_term_string\"}}],\"inLanguage\":\"sl-SI\"},{\"@type\":\"Organization\",\"@id\":\"https:\/\/talkpal.ai\/sl\/#organization\",\"name\":\"Talkpal, Inc.\",\"alternateName\":\"Talkpal AI\",\"url\":\"https:\/\/talkpal.ai\/sl\/\",\"logo\":{\"@type\":\"ImageObject\",\"inLanguage\":\"sl-SI\",\"@id\":\"https:\/\/talkpal.ai\/sl\/#\/schema\/logo\/image\/\",\"url\":\"https:\/\/talkpal.ai\/wp-content\/uploads\/2024\/03\/Talkpal-Logo-Icon.png\",\"contentUrl\":\"https:\/\/talkpal.ai\/wp-content\/uploads\/2024\/03\/Talkpal-Logo-Icon.png\",\"width\":2880,\"height\":2880,\"caption\":\"Talkpal, Inc.\"},\"image\":{\"@id\":\"https:\/\/talkpal.ai\/sl\/#\/schema\/logo\/image\/\"},\"sameAs\":[\"https:\/\/www.facebook.com\/profile.php?id=100090733639311\",\"https:\/\/x.com\/talkpalai\",\"https:\/\/www.linkedin.com\/company\/talkpal\/\",\"https:\/\/www.youtube.com\/@TalkPal\/\",\"https:\/\/www.tiktok.com\/@talkpal\",\"https:\/\/www.instagram.com\/talkpal_ai\/\",\"https:\/\/www.crunchbase.com\/organization\/talkpal-9cde\",\"https:\/\/www.g2.com\/products\/talkpal-for-business\/\",\"https:\/\/www.trustpilot.com\/review\/talkpal.ai\",\"https:\/\/www.capterra.com\/p\/10006800\/TalkPal\/\"],\"description\":\"Talkpal is a language learning web and mobile education app, powered by the latest AI technologies, that provides engaging experiences to its customers in many different languages to help them improve their language skills. Users can chat about unlimited amount of topics with the app and use other modes to practice their language learning.\",\"email\":\"support@talkpal.ai\",\"legalName\":\"Talkpal, Inc.\",\"foundingDate\":\"2023-04-03\",\"duns\":\"118989042\",\"numberOfEmployees\":{\"@type\":\"QuantitativeValue\",\"minValue\":\"11\",\"maxValue\":\"50\"},\"publishingPrinciples\":\"https:\/\/talkpal.ai\/publishing-principles\/\",\"actionableFeedbackPolicy\":\"https:\/\/talkpal.ai\/actionable-feedback-policy\/\",\"correctionsPolicy\":\"https:\/\/talkpal.ai\/corrections-policy\/\",\"ethicsPolicy\":\"https:\/\/talkpal.ai\/ethics-policy\/\",\"diversityPolicy\":\"https:\/\/talkpal.ai\/diversity-policy\/\",\"diversityStaffingReport\":\"https:\/\/talkpal.ai\/diversity-policy\/\"}]}<\/script>\n<!-- \/ Yoast SEO Premium plugin. -->","yoast_head_json":{"title":"Vaje slovnice odijskega jezika - Talkpal","description":"Osvojite odijsko slovnico z interaktivnimi vajami, namenjenimi u\u010dinkovitemu izbolj\u0161anju jezikovnega znanja in teko\u010dnosti.","robots":{"index":"index","follow":"follow","max-snippet":"max-snippet:-1","max-image-preview":"max-image-preview:large","max-video-preview":"max-video-preview:-1"},"canonical":"https:\/\/talkpal.ai\/sl\/slovnicne-vaje-oriya\/","og_locale":"sl_SI","og_type":"article","og_title":"Vaje slovnice odijskega jezika","og_description":"Teme slovnice odijskega jezika U\u010denje novega jezika je lahko zahtevno, a koristno prizadevanje. Odia, indoarijski jezik, ki se ve\u010dinoma govori v indijski","og_url":"https:\/\/talkpal.ai\/sl\/slovnicne-vaje-oriya\/","og_site_name":"Talkpal","article_publisher":"https:\/\/www.facebook.com\/profile.php?id=100090733639311","article_modified_time":"2025-12-30T11:51:57+00:00","og_image":[{"width":2880,"height":1620,"url":"https:\/\/talkpal.ai\/wp-content\/uploads\/2025\/02\/Progress-tab-16_9.png","type":"image\/png"}],"twitter_card":"summary_large_image","twitter_site":"@talkpalai","twitter_misc":{"Est. reading time":"3 minute"},"schema":{"@context":"https:\/\/schema.org","@graph":[{"@type":"WebPage","@id":"https:\/\/talkpal.ai\/sl\/slovnicne-vaje-oriya\/","url":"https:\/\/talkpal.ai\/sl\/slovnicne-vaje-oriya\/","name":"Vaje slovnice odijskega jezika - Talkpal","isPartOf":{"@id":"https:\/\/talkpal.ai\/sl\/#website"},"datePublished":"2025-11-12T16:09:11+00:00","dateModified":"2025-12-30T11:51:57+00:00","description":"Osvojite odijsko slovnico z interaktivnimi vajami, namenjenimi u\u010dinkovitemu izbolj\u0161anju jezikovnega znanja in teko\u010dnosti.","breadcrumb":{"@id":"https:\/\/talkpal.ai\/sl\/slovnicne-vaje-oriya\/#breadcrumb"},"inLanguage":"sl-SI","potentialAction":[{"@type":"ReadAction","target":["https:\/\/talkpal.ai\/sl\/slovnicne-vaje-oriya\/"]}]},{"@type":"BreadcrumbList","@id":"https:\/\/talkpal.ai\/sl\/slovnicne-vaje-oriya\/#breadcrumb","itemListElement":[{"@type":"ListItem","position":1,"name":"Homepage","item":"https:\/\/talkpal.ai\/sl\/"},{"@type":"ListItem","position":2,"name":"Vaje slovnice odijskega jezika"}]},{"@type":"WebSite","@id":"https:\/\/talkpal.ai\/sl\/#website","url":"https:\/\/talkpal.ai\/sl\/","name":"Talkpal","description":"AI Language Learning","publisher":{"@id":"https:\/\/talkpal.ai\/sl\/#organization"},"alternateName":"Talkpal AI","potentialAction":[{"@type":"SearchAction","target":{"@type":"EntryPoint","urlTemplate":"https:\/\/talkpal.ai\/sl\/?s={search_term_string}"},"query-input":{"@type":"PropertyValueSpecification","valueRequired":true,"valueName":"search_term_string"}}],"inLanguage":"sl-SI"},{"@type":"Organization","@id":"https:\/\/talkpal.ai\/sl\/#organization","name":"Talkpal, Inc.","alternateName":"Talkpal AI","url":"https:\/\/talkpal.ai\/sl\/","logo":{"@type":"ImageObject","inLanguage":"sl-SI","@id":"https:\/\/talkpal.ai\/sl\/#\/schema\/logo\/image\/","url":"https:\/\/talkpal.ai\/wp-content\/uploads\/2024\/03\/Talkpal-Logo-Icon.png","contentUrl":"https:\/\/talkpal.ai\/wp-content\/uploads\/2024\/03\/Talkpal-Logo-Icon.png","width":2880,"height":2880,"caption":"Talkpal, Inc."},"image":{"@id":"https:\/\/talkpal.ai\/sl\/#\/schema\/logo\/image\/"},"sameAs":["https:\/\/www.facebook.com\/profile.php?id=100090733639311","https:\/\/x.com\/talkpalai","https:\/\/www.linkedin.com\/company\/talkpal\/","https:\/\/www.youtube.com\/@TalkPal\/","https:\/\/www.tiktok.com\/@talkpal","https:\/\/www.instagram.com\/talkpal_ai\/","https:\/\/www.crunchbase.com\/organization\/talkpal-9cde","https:\/\/www.g2.com\/products\/talkpal-for-business\/","https:\/\/www.trustpilot.com\/review\/talkpal.ai","https:\/\/www.capterra.com\/p\/10006800\/TalkPal\/"],"description":"Talkpal is a language learning web and mobile education app, powered by the latest AI technologies, that provides engaging experiences to its customers in many different languages to help them improve their language skills. Users can chat about unlimited amount of topics with the app and use other modes to practice their language learning.","email":"support@talkpal.ai","legalName":"Talkpal, Inc.","foundingDate":"2023-04-03","duns":"118989042","numberOfEmployees":{"@type":"QuantitativeValue","minValue":"11","maxValue":"50"},"publishingPrinciples":"https:\/\/talkpal.ai\/publishing-principles\/","actionableFeedbackPolicy":"https:\/\/talkpal.ai\/actionable-feedback-policy\/","correctionsPolicy":"https:\/\/talkpal.ai\/corrections-policy\/","ethicsPolicy":"https:\/\/talkpal.ai\/ethics-policy\/","diversityPolicy":"https:\/\/talkpal.ai\/diversity-policy\/","diversityStaffingReport":"https:\/\/talkpal.ai\/diversity-policy\/"}]}},"_links":{"self":[{"href":"https:\/\/talkpal.ai\/sl\/wp-json\/wp\/v2\/pages\/1477380","targetHints":{"allow":["GET"]}}],"collection":[{"href":"https:\/\/talkpal.ai\/sl\/wp-json\/wp\/v2\/pages"}],"about":[{"href":"https:\/\/talkpal.ai\/sl\/wp-json\/wp\/v2\/types\/page"}],"author":[{"embeddable":true,"href":"https:\/\/talkpal.ai\/sl\/wp-json\/wp\/v2\/users\/20"}],"replies":[{"embeddable":true,"href":"https:\/\/talkpal.ai\/sl\/wp-json\/wp\/v2\/comments?post=1477380"}],"version-history":[{"count":0,"href":"https:\/\/talkpal.ai\/sl\/wp-json\/wp\/v2\/pages\/1477380\/revisions"}],"wp:attachment":[{"href":"https:\/\/talkpal.ai\/sl\/wp-json\/wp\/v2\/media?parent=1477380"}],"curies":[{"name":"wp","href":"https:\/\/api.w.org\/{rel}","templated":true}]}}