{"id":1477261,"date":"2025-11-12T16:58:05","date_gmt":"2025-11-12T16:58:05","guid":{"rendered":"https:\/\/talkpal.ai\/somalska-slovnica\/"},"modified":"2025-12-30T11:08:51","modified_gmt":"2025-12-30T11:08:51","slug":"somalska-slovnica","status":"publish","type":"page","link":"https:\/\/talkpal.ai\/sl\/somalska-slovnica\/","title":{"rendered":"Somalska slovnica"},"content":{"rendered":"\r\n\r\n\r\n<section class=\"languageChallengeSection\">\r\n    <div class=\"languageInfoWrapper\">\r\n        \r\n        <h1>Somalska slovnica<\/h1>\r\n        <p>Somalska <a href=\"https:\/\/talkpal.ai\/grammar\/\">slovnica<\/a> se sprva morda zdi zahtevna, vendar je zaradi njenih edinstvenih zna\u010dilnosti u\u010denje jezika koristna izku\u0161nja. Z raziskovanjem abecede, mutacij in slovni\u010dnih pravil boste dobili vpogled v bogato jezikovno tradicijo. Za\u010dnite svoje potovanje in odkrijte lepote Somalije!<\/p>\r\n\r\n                            <a class=\"getStartedHidden\" href=\"https:\/\/app.talkpal.ai\/sl\/signup?lng=\">Za\u010dni<\/a>\r\n        \r\n    <\/div>\r\n\r\n    <figure>\r\n    <img decoding=\"async\" width=\"768\" height=\"768\" src=\"https:\/\/talkpal.ai\/wp-content\/uploads\/2023\/06\/welsh-768x768.png\" class=\"languageImage no-lazy\" alt=\"Language learning for better cognitive abilities\" fetchpriority=\"high\" sizes=\"(max-width: 768px) 150px, 768px\" srcset=\"https:\/\/talkpal.ai\/wp-content\/uploads\/2023\/06\/welsh-768x768.png 768w, https:\/\/talkpal.ai\/wp-content\/uploads\/2023\/06\/welsh-300x300.png 300w\" \/>\r\n    \r\n\r\n    <\/figure>\r\n\r\n            <a class=\"getStartedVisible\" href=\"https:\/\/app.talkpal.ai\/sl\/signup?lng=\">Za\u010dni<\/a>\r\n    \r\n<\/section><section class=\"promotionalBanner\">\r\n    <p class=\"promotionalText\">Naju\u010dinkovitej\u0161i na\u010din u\u010denja jezika<\/p>\r\n    <a class=\"promotionalLink\" href=\"https:\/\/app.talkpal.ai\/sl\/signup?lng=\">Preizkusite Talkpal brezpla\u010dno<\/a>\r\n<\/section>\n<div class=\"wp-block-group pageContainerStyle\"><div class=\"wp-block-group__inner-container is-layout-constrained wp-block-group-is-layout-constrained\">\n<h2 class=\"wp-block-heading\" id=\"h-navigating-the-intricacies-of-somali-grammar\">Krmarjenje po zapletenosti somalske slovnice<\/h2>\n\n\n\n<p><a href=\"https:\/\/talkpal.ai\/sl\/naucite-se-somalscine\/\">Somalij\u0161\u010dina<\/a>, ku\u0161itski jezik afroazijske dru\u017eine z bogato zgodovino in kulturnim pomenom, ponuja vznemirljivo jezikovno izku\u0161njo za tiste, ki \u017eelijo raziskati njegov edinstven slovni\u010dni sistem. Ko se odpravite v kraljestvo Somalije, ne boste le obogatili svojega jezikovnega repertoarja, temve\u010d boste sprejeli tudi fascinantno kulturno potovanje. Medtem ko se somalska slovnica na prvi pogled zdi zapletena, je raz\u010dlenitev na temeljne komponente bolj dostopna pri u\u010denju jezika. V tem \u010dlanku bomo raziskali o\u010darljiv svet somalske slovnice in podali nasvete, kako obvladati njegovo zapletenost.<\/p>\n\n\n\n<h3 class=\"wp-block-heading\" id=\"h-1-somali-alphabet-and-phonetics\">1. Somalska abeceda in fonetika<\/h3>\n\n\n\n<p>Somalski sistem pisave uporablja latini\u010dno abecedo s petimi samoglasniki in nizom soglasnikov, ki vklju\u010duje zvoke, ki so edinstveni za Somalijo, kot so c, x in q. Naleteli boste tudi na digrafe, kot so dh, kh in sh, pa tudi na kontrastivno dol\u017eino samoglasnika in soglasnika, ki lahko spremenijo pomen. \u010ce se \u017eelite nau\u010diti somalske slovnice, je klju\u010dnega pomena, da se seznanite s tem zna\u010dilnim sistemom pisanja z branjem in pisanjem v somal\u0161\u010dini.<\/p>\n\n\n\n<h3 class=\"wp-block-heading\" id=\"h-2-phonology-and-prosody-distinctive-somali-features\">2. Fonologija in prozodija: zna\u010dilne somalske zna\u010dilnosti<\/h3>\n\n\n\n<p>Eden najbolj presenetljivih vidikov somalije je pomen dol\u017eine samoglasnika, dol\u017eine soglasnika in naglasa, ki skupaj razlikujejo pomene med sicer podobnimi besedami. <a href=\"https:\/\/talkpal.ai\/learn-somali\/\">Somal\u0161\u010dina<\/a> ima tudi faringealne in uvularne soglasnike, ki so v mnogih jezikih redki. Razumevanje, kako dol\u017eina, naglas in ti soglasniki delujejo, je klju\u010dnega pomena za natan\u010dno izgovorjavo in komunikacijo v somal\u0161\u010dini.<\/p>\n\n\n\n<h3 class=\"wp-block-heading\" id=\"h-3-nouns-and-pronouns-gender-and-cases\">3. Samostalniki in zaimki: spol in primeri<\/h3>\n\n\n\n<p>Somalski samostalniki imajo slovni\u010dni spol (mo\u0161ki ali \u017eenski), mno\u017eina pa se tvori na ve\u010d na\u010dinov, pogosto s spremembami kon\u010dnic in v\u010dasih s spolno polarnostjo med ednino in mno\u017eino. Dolo\u010dnost je ozna\u010dena s priponami, kot so -ka, -ta, -ga in -da, ki se razlikujejo glede na zvo\u010dne vzorce in spol. Somal\u0161\u010dina uporablja sistem primerov za ozna\u010devanje vlog, kot so odnosi med subjektom in genitivom. Zaimki v somal\u0161\u010dini vklju\u010dujejo osebne, posesivne, refleksivne, demonstrativne in spra\u0161evalne oblike. Spoznavanje teh zaimkov in njihovih oblik bo znatno izbolj\u0161alo va\u0161e razumevanje somalske slovnice.<\/p>\n\n\n\n<h3 class=\"wp-block-heading\" id=\"h-4-verbs-structure-and-conjugation\">4. Glagoli: struktura in konjugacija<\/h3>\n\n\n\n<p>Somalijski glagoli sledijo vzorcem, ki odra\u017eajo \u010das, vidik, razpolo\u017eenje in osebo. Pogosto uporabljeni \u010dasi in vidiki vklju\u010dujejo sedanjost, preteklost in prihodnost, skupaj z razpolo\u017eenji, kot so pogoj, <a href=\"https:\/\/talkpal.ai\/ja\/grammar_exercises\/imperatif-%e3%83%95%e3%83%a9%e3%83%b3%e3%82%b9%e3%81%ae%e6%96%87%e6%b3%95%e3%81%ae%e3%81%9f%e3%82%81%e3%81%ae%e6%bc%94%e7%bf%92\/\">imperativ<\/a> in <a href=\"https:\/\/talkpal.ai\/ja\/grammar_exercises\/konjunktiv-%e3%83%89%e3%82%a4%e3%83%84%e6%96%87%e6%b3%95%e3%81%ae%e6%bc%94%e7%bf%92\/\">konjunktiv<\/a>. Negacija se obi\u010dajno oblikuje z delci, ki so postavljeni pred glagolom, osebno soglasje pa je prikazano z afiksami in delci. U\u010denje pravil konjugacije glagolov in stav\u010dnih delcev bo izbolj\u0161alo va\u0161o sposobnost u\u010dinkovite komunikacije v somal\u0161\u010dini.<\/p>\n\n\n\n<h3 class=\"wp-block-heading\" id=\"h-5-adjectives-agreement-and-placement\">5. Pridevniki: dogovor in namestitev<\/h3>\n\n\n\n<p>V somalski slovnici pridevniki obi\u010dajno sledijo samostalniku, ki ga spreminjajo, in se morajo po potrebi strinjati v spolu in \u0161tevilu s samostalnikom. Primerjalni in prese\u017eniki se pogosto oblikujejo z ozna\u010devalci, kot sta ka za primerjavo in ugu za prese\u017enik, nekateri pridevniki pa imajo nepravilne vzorce, ki so bistveni za u\u010denje bolj naravne komunikacije.<\/p>\n\n\n\n<p><strong>Primeri:<\/strong><\/p>\n\n\n\n<p><strong>&#8211; Jacayl Weyn (Velika ljubezen)<\/strong><\/p>\n\n\n\n<p><strong>\u2013 Caruur Yar (majhni otroci)<\/strong><\/p>\n\n\n\n<h3 class=\"wp-block-heading\" id=\"h-6-engaging-with-the-language\">6. Sodelovanje z jezikom<\/h3>\n\n\n\n<p>Naju\u010dinkovitej\u0161i na\u010din za popolno razumevanje in internalizacijo somalske slovnice je dosledno sodelovanje z jezikom. Z branjem somalske literature, poslu\u0161anjem somalskega radia, gledanjem somalskih filmov ali televizijskih serij in aktivno komuniciranjem z doma\u010dimi govorci boste okrepili svoje razumevanje slovnice, hkrati pa raz\u0161irili svoj besednjak.<\/p>\n\n\n\n<h3 class=\"wp-block-heading\" id=\"h-conclusion\">Zaklju\u010dek<\/h3>\n\n\n\n<p>\u010ceprav se somalska slovnica morda zdi zapletena, lahko postanete spretni v tem \u010dudovitem jeziku s predanostjo, prakso in navdu\u0161enjem. Z osredoto\u010danjem na temeljna pravila in ukvarjanjem z jezikom v razli\u010dnih kontekstih boste hitro izbolj\u0161ali <a href=\"https:\/\/talkpal.ai\/sl\/gramatika\/\">svoje somalske slovni\u010dne spretnosti<\/a>. Nasiib wacan (vso sre\u010do) na svojem somalskem jezikovnem potovanju in u\u017eivajte v razkrivanju skrivnostnega, a o\u010darljivega sveta somalijske slovnice!<\/p>\n<\/div><\/div>\n\r\n<section class=\"learnNavigationSection\">\r\n            \r\n        <a href=\"https:\/\/talkpal.ai\/sl\/naucite-se-somalscine\/\">\r\n            <div class=\"learnNavigationWrapper\">\r\n                <div class=\"learnNavigationContent\">\r\n                    <img decoding=\"async\" src=\"https:\/\/talkpal.ai\/wp-content\/uploads\/2025\/11\/Somali.png\" alt=\"Somalian Flag\">\r\n                    <div>\r\n                        <h4>O somalskem u\u010denju<\/h4>\r\n                        <p>Izvedite vse o somalski slovnici.<\/p>\r\n                    <\/div>\r\n                <\/div>\r\n            <\/div>\r\n        <\/a>\r\n\r\n        \r\n        <a href=\"https:\/\/talkpal.ai\/sl\/somalske-slovnicne-vaje\/\">\r\n            <div class=\"learnNavigationWrapper\">\r\n                <div class=\"learnNavigationContent\">\r\n                    <img decoding=\"async\" src=\"https:\/\/talkpal.ai\/wp-content\/uploads\/2025\/11\/Somali.png\" alt=\"Somalian Flag\">\r\n                    <div>\r\n                        <h4>Somalska slovni\u010dna vaja<\/h4>\r\n                        <p>Vadite somalsko slovnico.<\/p>\r\n                    <\/div>\r\n                <\/div>\r\n            <\/div>\r\n        <\/a>\r\n\r\n            <\/section>","protected":false},"excerpt":{"rendered":"<p>Krmarjenje po zapletenosti somalske slovnice Somalij\u0161\u010dina, ku\u0161itski jezik afroazijske dru\u017eine z bogato zgodovino in kulturnim pomenom, ponuja vznemirljivo jezikovno izku\u0161njo za tiste, ki \u017eelijo raziskati njegov edinstven slovni\u010dni sistem. Ko se odpravite v kraljestvo Somalije, ne boste le obogatili svojega jezikovnega repertoarja, temve\u010d boste sprejeli tudi fascinantno kulturno potovanje. Medtem ko se somalska slovnica na [&hellip;]<\/p>\n","protected":false},"author":20,"featured_media":0,"parent":0,"menu_order":0,"comment_status":"closed","ping_status":"closed","template":"LearningContentPage.php","meta":{"_acf_changed":false,"footnotes":""},"class_list":["post-1477261","page","type-page","status-publish","hentry"],"acf":[],"yoast_head":"<!-- This site is optimized with the Yoast SEO Premium plugin v27.2 (Yoast SEO v27.2) - https:\/\/yoast.com\/product\/yoast-seo-premium-wordpress\/ -->\n<title>Somalska slovnica - Talkpal<\/title>\n<meta name=\"description\" content=\"Z na\u0161im iz\u010drpnim u\u010dnim priro\u010dnikom osvojite zapleteno somalsko slovnico, od abecede do glagolske konjugacije.\" \/>\n<meta name=\"robots\" content=\"index, follow, max-snippet:-1, max-image-preview:large, max-video-preview:-1\" \/>\n<link rel=\"canonical\" href=\"https:\/\/talkpal.ai\/sl\/somalska-slovnica\/\" \/>\n<meta property=\"og:locale\" content=\"sl_SI\" \/>\n<meta property=\"og:type\" content=\"article\" \/>\n<meta property=\"og:title\" content=\"Somalska slovnica\" \/>\n<meta property=\"og:description\" content=\"Krmarjenje po zapletenosti somalske slovnice Somalij\u0161\u010dina, ku\u0161itski jezik afroazijske dru\u017eine z bogato zgodovino in kulturnim pomenom, ponuja vznemirljivo\" \/>\n<meta property=\"og:url\" content=\"https:\/\/talkpal.ai\/sl\/somalska-slovnica\/\" \/>\n<meta property=\"og:site_name\" content=\"Talkpal\" \/>\n<meta property=\"article:publisher\" content=\"https:\/\/www.facebook.com\/profile.php?id=100090733639311\" \/>\n<meta property=\"article:modified_time\" content=\"2025-12-30T11:08:51+00:00\" \/>\n<meta property=\"og:image\" content=\"https:\/\/talkpal.ai\/wp-content\/uploads\/2025\/02\/Progress-tab-16_9.png\" \/>\n\t<meta property=\"og:image:width\" content=\"2880\" \/>\n\t<meta property=\"og:image:height\" content=\"1620\" \/>\n\t<meta property=\"og:image:type\" content=\"image\/png\" \/>\n<meta name=\"twitter:card\" content=\"summary_large_image\" \/>\n<meta name=\"twitter:site\" content=\"@talkpalai\" \/>\n<meta name=\"twitter:label1\" content=\"Est. reading time\" \/>\n\t<meta name=\"twitter:data1\" content=\"3 minute\" \/>\n<script type=\"application\/ld+json\" class=\"yoast-schema-graph\">{\"@context\":\"https:\/\/schema.org\",\"@graph\":[{\"@type\":\"WebPage\",\"@id\":\"https:\/\/talkpal.ai\/sl\/somalska-slovnica\/\",\"url\":\"https:\/\/talkpal.ai\/sl\/somalska-slovnica\/\",\"name\":\"Somalska slovnica - Talkpal\",\"isPartOf\":{\"@id\":\"https:\/\/talkpal.ai\/sl\/#website\"},\"datePublished\":\"2025-11-12T16:58:05+00:00\",\"dateModified\":\"2025-12-30T11:08:51+00:00\",\"description\":\"Z na\u0161im iz\u010drpnim u\u010dnim priro\u010dnikom osvojite zapleteno somalsko slovnico, od abecede do glagolske konjugacije.\",\"breadcrumb\":{\"@id\":\"https:\/\/talkpal.ai\/sl\/somalska-slovnica\/#breadcrumb\"},\"inLanguage\":\"sl-SI\",\"potentialAction\":[{\"@type\":\"ReadAction\",\"target\":[\"https:\/\/talkpal.ai\/sl\/somalska-slovnica\/\"]}]},{\"@type\":\"BreadcrumbList\",\"@id\":\"https:\/\/talkpal.ai\/sl\/somalska-slovnica\/#breadcrumb\",\"itemListElement\":[{\"@type\":\"ListItem\",\"position\":1,\"name\":\"Homepage\",\"item\":\"https:\/\/talkpal.ai\/sl\/\"},{\"@type\":\"ListItem\",\"position\":2,\"name\":\"Somalska slovnica\"}]},{\"@type\":\"WebSite\",\"@id\":\"https:\/\/talkpal.ai\/sl\/#website\",\"url\":\"https:\/\/talkpal.ai\/sl\/\",\"name\":\"Talkpal\",\"description\":\"AI Language Learning\",\"publisher\":{\"@id\":\"https:\/\/talkpal.ai\/sl\/#organization\"},\"alternateName\":\"Talkpal AI\",\"potentialAction\":[{\"@type\":\"SearchAction\",\"target\":{\"@type\":\"EntryPoint\",\"urlTemplate\":\"https:\/\/talkpal.ai\/sl\/?s={search_term_string}\"},\"query-input\":{\"@type\":\"PropertyValueSpecification\",\"valueRequired\":true,\"valueName\":\"search_term_string\"}}],\"inLanguage\":\"sl-SI\"},{\"@type\":\"Organization\",\"@id\":\"https:\/\/talkpal.ai\/sl\/#organization\",\"name\":\"Talkpal, Inc.\",\"alternateName\":\"Talkpal AI\",\"url\":\"https:\/\/talkpal.ai\/sl\/\",\"logo\":{\"@type\":\"ImageObject\",\"inLanguage\":\"sl-SI\",\"@id\":\"https:\/\/talkpal.ai\/sl\/#\/schema\/logo\/image\/\",\"url\":\"https:\/\/talkpal.ai\/wp-content\/uploads\/2024\/03\/Talkpal-Logo-Icon.png\",\"contentUrl\":\"https:\/\/talkpal.ai\/wp-content\/uploads\/2024\/03\/Talkpal-Logo-Icon.png\",\"width\":2880,\"height\":2880,\"caption\":\"Talkpal, Inc.\"},\"image\":{\"@id\":\"https:\/\/talkpal.ai\/sl\/#\/schema\/logo\/image\/\"},\"sameAs\":[\"https:\/\/www.facebook.com\/profile.php?id=100090733639311\",\"https:\/\/x.com\/talkpalai\",\"https:\/\/www.linkedin.com\/company\/talkpal\/\",\"https:\/\/www.youtube.com\/@TalkPal\/\",\"https:\/\/www.tiktok.com\/@talkpal\",\"https:\/\/www.instagram.com\/talkpal_ai\/\",\"https:\/\/www.crunchbase.com\/organization\/talkpal-9cde\",\"https:\/\/www.g2.com\/products\/talkpal-for-business\/\",\"https:\/\/www.trustpilot.com\/review\/talkpal.ai\",\"https:\/\/www.capterra.com\/p\/10006800\/TalkPal\/\"],\"description\":\"Talkpal is a language learning web and mobile education app, powered by the latest AI technologies, that provides engaging experiences to its customers in many different languages to help them improve their language skills. Users can chat about unlimited amount of topics with the app and use other modes to practice their language learning.\",\"email\":\"support@talkpal.ai\",\"legalName\":\"Talkpal, Inc.\",\"foundingDate\":\"2023-04-03\",\"duns\":\"118989042\",\"numberOfEmployees\":{\"@type\":\"QuantitativeValue\",\"minValue\":\"11\",\"maxValue\":\"50\"},\"publishingPrinciples\":\"https:\/\/talkpal.ai\/publishing-principles\/\",\"actionableFeedbackPolicy\":\"https:\/\/talkpal.ai\/actionable-feedback-policy\/\",\"correctionsPolicy\":\"https:\/\/talkpal.ai\/corrections-policy\/\",\"ethicsPolicy\":\"https:\/\/talkpal.ai\/ethics-policy\/\",\"diversityPolicy\":\"https:\/\/talkpal.ai\/diversity-policy\/\",\"diversityStaffingReport\":\"https:\/\/talkpal.ai\/diversity-policy\/\"}]}<\/script>\n<!-- \/ Yoast SEO Premium plugin. -->","yoast_head_json":{"title":"Somalska slovnica - Talkpal","description":"Z na\u0161im iz\u010drpnim u\u010dnim priro\u010dnikom osvojite zapleteno somalsko slovnico, od abecede do glagolske konjugacije.","robots":{"index":"index","follow":"follow","max-snippet":"max-snippet:-1","max-image-preview":"max-image-preview:large","max-video-preview":"max-video-preview:-1"},"canonical":"https:\/\/talkpal.ai\/sl\/somalska-slovnica\/","og_locale":"sl_SI","og_type":"article","og_title":"Somalska slovnica","og_description":"Krmarjenje po zapletenosti somalske slovnice Somalij\u0161\u010dina, ku\u0161itski jezik afroazijske dru\u017eine z bogato zgodovino in kulturnim pomenom, ponuja vznemirljivo","og_url":"https:\/\/talkpal.ai\/sl\/somalska-slovnica\/","og_site_name":"Talkpal","article_publisher":"https:\/\/www.facebook.com\/profile.php?id=100090733639311","article_modified_time":"2025-12-30T11:08:51+00:00","og_image":[{"width":2880,"height":1620,"url":"https:\/\/talkpal.ai\/wp-content\/uploads\/2025\/02\/Progress-tab-16_9.png","type":"image\/png"}],"twitter_card":"summary_large_image","twitter_site":"@talkpalai","twitter_misc":{"Est. reading time":"3 minute"},"schema":{"@context":"https:\/\/schema.org","@graph":[{"@type":"WebPage","@id":"https:\/\/talkpal.ai\/sl\/somalska-slovnica\/","url":"https:\/\/talkpal.ai\/sl\/somalska-slovnica\/","name":"Somalska slovnica - Talkpal","isPartOf":{"@id":"https:\/\/talkpal.ai\/sl\/#website"},"datePublished":"2025-11-12T16:58:05+00:00","dateModified":"2025-12-30T11:08:51+00:00","description":"Z na\u0161im iz\u010drpnim u\u010dnim priro\u010dnikom osvojite zapleteno somalsko slovnico, od abecede do glagolske konjugacije.","breadcrumb":{"@id":"https:\/\/talkpal.ai\/sl\/somalska-slovnica\/#breadcrumb"},"inLanguage":"sl-SI","potentialAction":[{"@type":"ReadAction","target":["https:\/\/talkpal.ai\/sl\/somalska-slovnica\/"]}]},{"@type":"BreadcrumbList","@id":"https:\/\/talkpal.ai\/sl\/somalska-slovnica\/#breadcrumb","itemListElement":[{"@type":"ListItem","position":1,"name":"Homepage","item":"https:\/\/talkpal.ai\/sl\/"},{"@type":"ListItem","position":2,"name":"Somalska slovnica"}]},{"@type":"WebSite","@id":"https:\/\/talkpal.ai\/sl\/#website","url":"https:\/\/talkpal.ai\/sl\/","name":"Talkpal","description":"AI Language Learning","publisher":{"@id":"https:\/\/talkpal.ai\/sl\/#organization"},"alternateName":"Talkpal AI","potentialAction":[{"@type":"SearchAction","target":{"@type":"EntryPoint","urlTemplate":"https:\/\/talkpal.ai\/sl\/?s={search_term_string}"},"query-input":{"@type":"PropertyValueSpecification","valueRequired":true,"valueName":"search_term_string"}}],"inLanguage":"sl-SI"},{"@type":"Organization","@id":"https:\/\/talkpal.ai\/sl\/#organization","name":"Talkpal, Inc.","alternateName":"Talkpal AI","url":"https:\/\/talkpal.ai\/sl\/","logo":{"@type":"ImageObject","inLanguage":"sl-SI","@id":"https:\/\/talkpal.ai\/sl\/#\/schema\/logo\/image\/","url":"https:\/\/talkpal.ai\/wp-content\/uploads\/2024\/03\/Talkpal-Logo-Icon.png","contentUrl":"https:\/\/talkpal.ai\/wp-content\/uploads\/2024\/03\/Talkpal-Logo-Icon.png","width":2880,"height":2880,"caption":"Talkpal, Inc."},"image":{"@id":"https:\/\/talkpal.ai\/sl\/#\/schema\/logo\/image\/"},"sameAs":["https:\/\/www.facebook.com\/profile.php?id=100090733639311","https:\/\/x.com\/talkpalai","https:\/\/www.linkedin.com\/company\/talkpal\/","https:\/\/www.youtube.com\/@TalkPal\/","https:\/\/www.tiktok.com\/@talkpal","https:\/\/www.instagram.com\/talkpal_ai\/","https:\/\/www.crunchbase.com\/organization\/talkpal-9cde","https:\/\/www.g2.com\/products\/talkpal-for-business\/","https:\/\/www.trustpilot.com\/review\/talkpal.ai","https:\/\/www.capterra.com\/p\/10006800\/TalkPal\/"],"description":"Talkpal is a language learning web and mobile education app, powered by the latest AI technologies, that provides engaging experiences to its customers in many different languages to help them improve their language skills. Users can chat about unlimited amount of topics with the app and use other modes to practice their language learning.","email":"support@talkpal.ai","legalName":"Talkpal, Inc.","foundingDate":"2023-04-03","duns":"118989042","numberOfEmployees":{"@type":"QuantitativeValue","minValue":"11","maxValue":"50"},"publishingPrinciples":"https:\/\/talkpal.ai\/publishing-principles\/","actionableFeedbackPolicy":"https:\/\/talkpal.ai\/actionable-feedback-policy\/","correctionsPolicy":"https:\/\/talkpal.ai\/corrections-policy\/","ethicsPolicy":"https:\/\/talkpal.ai\/ethics-policy\/","diversityPolicy":"https:\/\/talkpal.ai\/diversity-policy\/","diversityStaffingReport":"https:\/\/talkpal.ai\/diversity-policy\/"}]}},"_links":{"self":[{"href":"https:\/\/talkpal.ai\/sl\/wp-json\/wp\/v2\/pages\/1477261","targetHints":{"allow":["GET"]}}],"collection":[{"href":"https:\/\/talkpal.ai\/sl\/wp-json\/wp\/v2\/pages"}],"about":[{"href":"https:\/\/talkpal.ai\/sl\/wp-json\/wp\/v2\/types\/page"}],"author":[{"embeddable":true,"href":"https:\/\/talkpal.ai\/sl\/wp-json\/wp\/v2\/users\/20"}],"replies":[{"embeddable":true,"href":"https:\/\/talkpal.ai\/sl\/wp-json\/wp\/v2\/comments?post=1477261"}],"version-history":[{"count":0,"href":"https:\/\/talkpal.ai\/sl\/wp-json\/wp\/v2\/pages\/1477261\/revisions"}],"wp:attachment":[{"href":"https:\/\/talkpal.ai\/sl\/wp-json\/wp\/v2\/media?parent=1477261"}],"curies":[{"name":"wp","href":"https:\/\/api.w.org\/{rel}","templated":true}]}}