{"id":147477,"date":"2023-05-14T14:12:07","date_gmt":"2023-05-14T14:12:07","guid":{"rendered":"http:\/\/talkpal.ai\/maratska-slovnica\/"},"modified":"2025-12-12T10:37:23","modified_gmt":"2025-12-12T10:37:23","slug":"maratska-slovnica","status":"publish","type":"page","link":"https:\/\/talkpal.ai\/sl\/maratska-slovnica\/","title":{"rendered":"Maratska slovnica"},"content":{"rendered":"\r\n\r\n\r\n<section class=\"languageChallengeSection\">\r\n    <div class=\"languageInfoWrapper\">\r\n        \r\n        <h1>Maratska slovnica<\/h1>\r\n        <p>Vas zanima <a href=\"https:\/\/talkpal.ai\/learn-marathi\/\">marat\u0161\u010dina<\/a>? Spoznajte slovnico maratskega jezika, v katerem so samostalniki, pro\u017ena stav\u010dna struktura in ekspresivne glagolske sklanjatve \u017eivahen in dinami\u010den jezik. Za\u010dnite svojo u\u010dno pot \u0161e danes &#8211; obvladovanje maratijske slovnice vam bo pomagalo samozavestno komunicirati in se povezati z bogato tradicijo in kulturo Mahara\u0161tre!<\/p>\r\n\r\n                            <a class=\"getStartedHidden\" href=\"https:\/\/app.talkpal.ai\/sl\/signup?lng=\">Za\u010dni<\/a>\r\n        \r\n    <\/div>\r\n\r\n    <figure>\r\n    <img decoding=\"async\" width=\"768\" height=\"768\" src=\"https:\/\/talkpal.ai\/wp-content\/uploads\/2023\/06\/marathi-768x768.png\" class=\"languageImage no-lazy\" alt=\"Fun ways to make language learning interesting\" fetchpriority=\"high\" sizes=\"(max-width: 768px) 150px, 768px\" srcset=\"https:\/\/talkpal.ai\/wp-content\/uploads\/2023\/06\/marathi-768x768.png 768w, https:\/\/talkpal.ai\/wp-content\/uploads\/2023\/06\/marathi-300x300.png 300w\" \/>\r\n    \r\n\r\n    <\/figure>\r\n\r\n            <a class=\"getStartedVisible\" href=\"https:\/\/app.talkpal.ai\/sl\/signup?lng=\">Za\u010dni<\/a>\r\n    \r\n<\/section>\r\n<section class=\"promotionalBanner\">\r\n    <p class=\"promotionalText\">Naju\u010dinkovitej\u0161i na\u010din u\u010denja jezika<\/p>\r\n    <a class=\"promotionalLink\" href=\"https:\/\/app.talkpal.ai\/sl\/signup?lng=\">Preizkusite Talkpal brezpla\u010dno<\/a>\r\n<\/section>\n<div class=\"wp-block-group pageContainerStyle\"><div class=\"wp-block-group__inner-container is-layout-constrained wp-block-group-is-layout-constrained\">\n<h2 class=\"wp-block-heading\" id=\"h-the-allure-of-marathi-grammar-unfolding-its-mysteries-and-intricacies\">Privla\u010dnost maratske slovnice: razkrivanje njenih skrivnosti in zapletenosti<\/h2>\n\n\n\n<p>Se spomnite osupljivega potovanja u\u010denja angle\u0161ke slovnice, polnega zapletenih pravil, izjem in zapletene terminologije? \u010ce zdaj razmi\u0161ljate o u\u010denju maratskega jezika, se pripravite na enako zanimivo raziskovanje maratske slovnice.<\/p>\n\n\n\n<p>Marat\u0161\u010dina, indoarijski jezik, ki se prete\u017eno govori v indijski dr\u017eavi Maharashtra, se pona\u0161a z bogato tradicijo in edinstvenimi jezikovnimi zna\u010dilnostmi. Ko se potopite v mistiko maratske slovnice, boste odkrili fascinantno prepletanje njenih abeced, zapletena pravila in o\u010darljivo fonetiko. Zato skupaj razvozlajmo \u010darobnost maratijske slovnice, po eno majhno pravilo naenkrat.<\/p>\n\n\n\n<p><a href=\"https:\/\/talkpal.ai\/locations\/language-courses-in-ena\/\">Ena<\/a> najbolj presenetljivih zna\u010dilnosti <strong>maratske slovnice<\/strong> je obse\u017ena uporaba samostalni\u0161kih pregibov. Ti pregibi pogosto pomagajo prenesti klju\u010dne slovni\u010dne elemente, kot so \u0161tevilo, spol in primer. <a href=\"https:\/\/talkpal.ai\/learn-marathi\/\">Marathi<\/a> ima tri spole &#8211; mo\u0161kega, \u017eenskega in srednjega &#8211; in vsak spol ima svoj zna\u010dilen nabor vzorcev pregibov. Poleg tega ima jezik dve \u0161tevilki \u2013 ednino in mno\u017eino \u2013 ki pomagata izraziti koli\u010dino samostalnika.<\/p>\n\n\n\n<p>Druga <strong>edinstvena lastnost maratske slovnice<\/strong> je na\u010din, kako glagoli konjugirajo, odvisno od \u010dasa. Pri sklanjanju glagolov v marat\u0161\u010dini morate poleg \u010dasa glagola upo\u0161tevati tudi spol in \u0161tevilo predmeta. Maratske glagolske oblike vklju\u010dujejo sedanji \u010das, pretekli \u010das in prihodnji \u010das, poleg imperativov in konjunktivov. Te obse\u017ene konjugacije dodajo globino in dinamiko Marathiju, zaradi \u010desar je resni\u010dno privla\u010den jezik za raziskovanje.<\/p>\n\n\n\n<p>Maratski jezik je znan tudi po <strong>svoji raznolikosti zaimkov<\/strong>. Marathi ima \u0161tevilne osebne, demonstrativne, zasli\u0161evalne in refleksivne zaimke, od katerih vsak prihaja s svojimi vzorci deklinacije. To se sprva morda zdi zastra\u0161ujo\u010de, <a href=\"https:\/\/talkpal.ai\/locations\/language-courses-in-toda\/\">toda<\/a> ko se poglobite v jezik, boste cenili neprimerljivo natan\u010dnost, ki jo ponuja <a href=\"https:\/\/talkpal.ai\/grammar\/\">slovnica<\/a> Marathi.<\/p>\n\n\n\n<p>\u0160e en zanimiv vidik maratske slovnice je v njeni <strong>razporeditvi besed v stavku<\/strong>. Besedni red v marat\u0161\u010dini na splo\u0161no sledi strukturi subjekt-objekt-glagol (SOV), podobno kot drugi indoarijski <a href=\"https:\/\/talkpal.ai\/what-language-is-spoken-on-the-international-space-station\/\">jeziki<\/a>. Ta struktura glagol obi\u010dajno postavi na konec stavka, kar se lahko na za\u010detku izka\u017ee za izziv za angle\u0161ko govore\u010de.<\/p>\n\n\n\n<p>Ko se potopite v <strong>maratsko fonetiko<\/strong>, boste naleteli na o\u010darljiv razpon zvokov, izgovorjenih skozi 16 samoglasnikov (swar) in 36 soglasnikov (vyanjan). Pisava devanagari, ki jo uporablja marathi, dodaja temu \u017ee tako o\u010darljivemu jeziku \u0161e ve\u010d \u010dara.  <\/p>\n\n\n\n<p>U\u010denje maratske slovnice s svojimi ne\u0161tetimi pravili in zapletenostjo je lahko sprva nedvomno zastra\u0161ujo\u010da naloga. Vendar pa je ta izziv tudi tisto, zaradi \u010desar je izjemno spodbuden in zadovoljujo\u010d. Ko se potopite v o\u010darljiv svet maratske slovnice, boste odkrili ne le delovanje jezika, temve\u010d tudi globlje razumevanje kulture, zgodovine in modrosti, ki jo utele\u0161a.<\/p>\n\n\n\n<p>Zakaj se torej ne bi podali na to jezikovno pustolov\u0161\u010dino, da bi raziskali privla\u010dne globine maratske slovnice in odkrili njene ne\u0161tete skrivnosti in nianse, ki \u010dakajo, da jih obvladamo? Veselje do u\u010denja in veselje do razumevanja razlik v maratski slovnici sta le nekaj trenutkov stran!<\/p>\n<\/div><\/div>\n\r\n<section class=\"learnNavigationSection\">\r\n            \r\n        <a href=\"https:\/\/talkpal.ai\/sl\/naucite-se-marathi\/\">\r\n            <div class=\"learnNavigationWrapper\">\r\n                <div class=\"learnNavigationContent\">\r\n                    <img decoding=\"async\" src=\"https:\/\/talkpal.ai\/wp-content\/uploads\/2023\/05\/Marathi-india.png\" alt=\"TalkPal Marathi Flag\">\r\n                    <div>\r\n                        <h4>O u\u010denju marat\u0161\u010dine<\/h4>\r\n                        <p>Izvedite vse o slovnici Marathi .<\/p>\r\n                    <\/div>\r\n                <\/div>\r\n            <\/div>\r\n        <\/a>\r\n\r\n        \r\n        <a href=\"https:\/\/talkpal.ai\/sl\/maratske-slovnicne-vaje\/\">\r\n            <div class=\"learnNavigationWrapper\">\r\n                <div class=\"learnNavigationContent\">\r\n                    <img decoding=\"async\" src=\"https:\/\/talkpal.ai\/wp-content\/uploads\/2023\/05\/Marathi-india.png\" alt=\"TalkPal Marathi Flag\">\r\n                    <div>\r\n                        <h4>Marathi gramatika Vaja<\/h4>\r\n                        <p>Vadite maratsko slovnico.<\/p>\r\n                    <\/div>\r\n                <\/div>\r\n            <\/div>\r\n        <\/a>\r\n\r\n        \r\n        <a href=\"https:\/\/talkpal.ai\/vocabulary_language\/marathi\/\">\r\n            <div class=\"learnNavigationWrapper\">\r\n                <div class=\"learnNavigationContent\">\r\n                    <img decoding=\"async\" src=\"https:\/\/talkpal.ai\/wp-content\/uploads\/2023\/05\/Marathi-india.png\" alt=\"TalkPal Marathi Flag\">\r\n                    <div>\r\n                        <h4>Marathijski besednjak<\/h4>\r\n                        <p>Raz\u0161irite svoj besedni zaklad v marat\u0161\u010dini.<\/p>\r\n                    <\/div>\r\n                <\/div>\r\n            <\/div>\r\n        <\/a>\r\n\r\n            <\/section>","protected":false},"excerpt":{"rendered":"<p>Privla\u010dnost maratske slovnice: razkrivanje njenih skrivnosti in zapletenosti Se spomnite osupljivega potovanja u\u010denja angle\u0161ke slovnice, polnega zapletenih pravil, izjem in zapletene terminologije? \u010ce zdaj razmi\u0161ljate o u\u010denju maratskega jezika, se pripravite na enako zanimivo raziskovanje maratske slovnice. Marat\u0161\u010dina, indoarijski jezik, ki se prete\u017eno govori v indijski dr\u017eavi Maharashtra, se pona\u0161a z bogato tradicijo in edinstvenimi [&hellip;]<\/p>\n","protected":false},"author":1,"featured_media":116412,"parent":0,"menu_order":0,"comment_status":"closed","ping_status":"closed","template":"LearningContentPage.php","meta":{"_acf_changed":false,"footnotes":""},"class_list":["post-147477","page","type-page","status-publish","has-post-thumbnail","hentry"],"acf":[],"yoast_head":"<!-- This site is optimized with the Yoast SEO Premium plugin v27.2 (Yoast SEO v27.2) - https:\/\/yoast.com\/product\/yoast-seo-premium-wordpress\/ -->\n<title>Maratska slovnica - Talkpal<\/title>\n<meta name=\"description\" content=\"Razi\u0161\u010dite fascinanten svet maratijske slovnice in odkrijte njena edinstvena pravila, fonetiko in pregibe pri u\u010denju jezika.\" \/>\n<meta name=\"robots\" content=\"index, follow, max-snippet:-1, max-image-preview:large, max-video-preview:-1\" \/>\n<link rel=\"canonical\" href=\"https:\/\/talkpal.ai\/sl\/maratska-slovnica\/\" \/>\n<meta property=\"og:locale\" content=\"sl_SI\" \/>\n<meta property=\"og:type\" content=\"article\" \/>\n<meta property=\"og:title\" content=\"Maratska slovnica\" \/>\n<meta property=\"og:description\" content=\"Privla\u010dnost maratske slovnice: razkrivanje njenih skrivnosti in zapletenosti Se spomnite osupljivega potovanja u\u010denja angle\u0161ke slovnice, polnega\" \/>\n<meta property=\"og:url\" content=\"https:\/\/talkpal.ai\/sl\/maratska-slovnica\/\" \/>\n<meta property=\"og:site_name\" content=\"Talkpal\" \/>\n<meta property=\"article:publisher\" content=\"https:\/\/www.facebook.com\/profile.php?id=100090733639311\" \/>\n<meta property=\"article:modified_time\" content=\"2025-12-12T10:37:23+00:00\" \/>\n<meta property=\"og:image\" content=\"https:\/\/talkpal.ai\/wp-content\/uploads\/2023\/05\/Marathi-india.png\" \/>\n\t<meta property=\"og:image:width\" content=\"512\" \/>\n\t<meta property=\"og:image:height\" content=\"512\" \/>\n\t<meta property=\"og:image:type\" content=\"image\/png\" \/>\n<meta name=\"twitter:card\" content=\"summary_large_image\" \/>\n<meta name=\"twitter:site\" content=\"@talkpalai\" \/>\n<meta name=\"twitter:label1\" content=\"Est. reading time\" \/>\n\t<meta name=\"twitter:data1\" content=\"2 minuti\" \/>\n<script type=\"application\/ld+json\" class=\"yoast-schema-graph\">{\"@context\":\"https:\/\/schema.org\",\"@graph\":[{\"@type\":\"WebPage\",\"@id\":\"https:\/\/talkpal.ai\/sl\/maratska-slovnica\/\",\"url\":\"https:\/\/talkpal.ai\/sl\/maratska-slovnica\/\",\"name\":\"Maratska slovnica - Talkpal\",\"isPartOf\":{\"@id\":\"https:\/\/talkpal.ai\/sl\/#website\"},\"primaryImageOfPage\":{\"@id\":\"https:\/\/talkpal.ai\/sl\/maratska-slovnica\/#primaryimage\"},\"image\":{\"@id\":\"https:\/\/talkpal.ai\/sl\/maratska-slovnica\/#primaryimage\"},\"thumbnailUrl\":\"https:\/\/talkpal.ai\/wp-content\/uploads\/2023\/05\/Marathi-india.png\",\"datePublished\":\"2023-05-14T14:12:07+00:00\",\"dateModified\":\"2025-12-12T10:37:23+00:00\",\"description\":\"Razi\u0161\u010dite fascinanten svet maratijske slovnice in odkrijte njena edinstvena pravila, fonetiko in pregibe pri u\u010denju jezika.\",\"breadcrumb\":{\"@id\":\"https:\/\/talkpal.ai\/sl\/maratska-slovnica\/#breadcrumb\"},\"inLanguage\":\"sl-SI\",\"potentialAction\":[{\"@type\":\"ReadAction\",\"target\":[\"https:\/\/talkpal.ai\/sl\/maratska-slovnica\/\"]}]},{\"@type\":\"ImageObject\",\"inLanguage\":\"sl-SI\",\"@id\":\"https:\/\/talkpal.ai\/sl\/maratska-slovnica\/#primaryimage\",\"url\":\"https:\/\/talkpal.ai\/wp-content\/uploads\/2023\/05\/Marathi-india.png\",\"contentUrl\":\"https:\/\/talkpal.ai\/wp-content\/uploads\/2023\/05\/Marathi-india.png\",\"width\":512,\"height\":512},{\"@type\":\"BreadcrumbList\",\"@id\":\"https:\/\/talkpal.ai\/sl\/maratska-slovnica\/#breadcrumb\",\"itemListElement\":[{\"@type\":\"ListItem\",\"position\":1,\"name\":\"Homepage\",\"item\":\"https:\/\/talkpal.ai\/sl\/\"},{\"@type\":\"ListItem\",\"position\":2,\"name\":\"Maratska slovnica\"}]},{\"@type\":\"WebSite\",\"@id\":\"https:\/\/talkpal.ai\/sl\/#website\",\"url\":\"https:\/\/talkpal.ai\/sl\/\",\"name\":\"Talkpal\",\"description\":\"AI Language Learning\",\"publisher\":{\"@id\":\"https:\/\/talkpal.ai\/sl\/#organization\"},\"alternateName\":\"Talkpal AI\",\"potentialAction\":[{\"@type\":\"SearchAction\",\"target\":{\"@type\":\"EntryPoint\",\"urlTemplate\":\"https:\/\/talkpal.ai\/sl\/?s={search_term_string}\"},\"query-input\":{\"@type\":\"PropertyValueSpecification\",\"valueRequired\":true,\"valueName\":\"search_term_string\"}}],\"inLanguage\":\"sl-SI\"},{\"@type\":\"Organization\",\"@id\":\"https:\/\/talkpal.ai\/sl\/#organization\",\"name\":\"Talkpal, Inc.\",\"alternateName\":\"Talkpal AI\",\"url\":\"https:\/\/talkpal.ai\/sl\/\",\"logo\":{\"@type\":\"ImageObject\",\"inLanguage\":\"sl-SI\",\"@id\":\"https:\/\/talkpal.ai\/sl\/#\/schema\/logo\/image\/\",\"url\":\"https:\/\/talkpal.ai\/wp-content\/uploads\/2024\/03\/Talkpal-Logo-Icon.png\",\"contentUrl\":\"https:\/\/talkpal.ai\/wp-content\/uploads\/2024\/03\/Talkpal-Logo-Icon.png\",\"width\":2880,\"height\":2880,\"caption\":\"Talkpal, Inc.\"},\"image\":{\"@id\":\"https:\/\/talkpal.ai\/sl\/#\/schema\/logo\/image\/\"},\"sameAs\":[\"https:\/\/www.facebook.com\/profile.php?id=100090733639311\",\"https:\/\/x.com\/talkpalai\",\"https:\/\/www.linkedin.com\/company\/talkpal\/\",\"https:\/\/www.youtube.com\/@TalkPal\/\",\"https:\/\/www.tiktok.com\/@talkpal\",\"https:\/\/www.instagram.com\/talkpal_ai\/\",\"https:\/\/www.crunchbase.com\/organization\/talkpal-9cde\",\"https:\/\/www.g2.com\/products\/talkpal-for-business\/\",\"https:\/\/www.trustpilot.com\/review\/talkpal.ai\",\"https:\/\/www.capterra.com\/p\/10006800\/TalkPal\/\"],\"description\":\"Talkpal is a language learning web and mobile education app, powered by the latest AI technologies, that provides engaging experiences to its customers in many different languages to help them improve their language skills. Users can chat about unlimited amount of topics with the app and use other modes to practice their language learning.\",\"email\":\"support@talkpal.ai\",\"legalName\":\"Talkpal, Inc.\",\"foundingDate\":\"2023-04-03\",\"duns\":\"118989042\",\"numberOfEmployees\":{\"@type\":\"QuantitativeValue\",\"minValue\":\"11\",\"maxValue\":\"50\"},\"publishingPrinciples\":\"https:\/\/talkpal.ai\/publishing-principles\/\",\"actionableFeedbackPolicy\":\"https:\/\/talkpal.ai\/actionable-feedback-policy\/\",\"correctionsPolicy\":\"https:\/\/talkpal.ai\/corrections-policy\/\",\"ethicsPolicy\":\"https:\/\/talkpal.ai\/ethics-policy\/\",\"diversityPolicy\":\"https:\/\/talkpal.ai\/diversity-policy\/\",\"diversityStaffingReport\":\"https:\/\/talkpal.ai\/diversity-policy\/\"}]}<\/script>\n<!-- \/ Yoast SEO Premium plugin. -->","yoast_head_json":{"title":"Maratska slovnica - Talkpal","description":"Razi\u0161\u010dite fascinanten svet maratijske slovnice in odkrijte njena edinstvena pravila, fonetiko in pregibe pri u\u010denju jezika.","robots":{"index":"index","follow":"follow","max-snippet":"max-snippet:-1","max-image-preview":"max-image-preview:large","max-video-preview":"max-video-preview:-1"},"canonical":"https:\/\/talkpal.ai\/sl\/maratska-slovnica\/","og_locale":"sl_SI","og_type":"article","og_title":"Maratska slovnica","og_description":"Privla\u010dnost maratske slovnice: razkrivanje njenih skrivnosti in zapletenosti Se spomnite osupljivega potovanja u\u010denja angle\u0161ke slovnice, polnega","og_url":"https:\/\/talkpal.ai\/sl\/maratska-slovnica\/","og_site_name":"Talkpal","article_publisher":"https:\/\/www.facebook.com\/profile.php?id=100090733639311","article_modified_time":"2025-12-12T10:37:23+00:00","og_image":[{"width":512,"height":512,"url":"https:\/\/talkpal.ai\/wp-content\/uploads\/2023\/05\/Marathi-india.png","type":"image\/png"}],"twitter_card":"summary_large_image","twitter_site":"@talkpalai","twitter_misc":{"Est. reading time":"2 minuti"},"schema":{"@context":"https:\/\/schema.org","@graph":[{"@type":"WebPage","@id":"https:\/\/talkpal.ai\/sl\/maratska-slovnica\/","url":"https:\/\/talkpal.ai\/sl\/maratska-slovnica\/","name":"Maratska slovnica - Talkpal","isPartOf":{"@id":"https:\/\/talkpal.ai\/sl\/#website"},"primaryImageOfPage":{"@id":"https:\/\/talkpal.ai\/sl\/maratska-slovnica\/#primaryimage"},"image":{"@id":"https:\/\/talkpal.ai\/sl\/maratska-slovnica\/#primaryimage"},"thumbnailUrl":"https:\/\/talkpal.ai\/wp-content\/uploads\/2023\/05\/Marathi-india.png","datePublished":"2023-05-14T14:12:07+00:00","dateModified":"2025-12-12T10:37:23+00:00","description":"Razi\u0161\u010dite fascinanten svet maratijske slovnice in odkrijte njena edinstvena pravila, fonetiko in pregibe pri u\u010denju jezika.","breadcrumb":{"@id":"https:\/\/talkpal.ai\/sl\/maratska-slovnica\/#breadcrumb"},"inLanguage":"sl-SI","potentialAction":[{"@type":"ReadAction","target":["https:\/\/talkpal.ai\/sl\/maratska-slovnica\/"]}]},{"@type":"ImageObject","inLanguage":"sl-SI","@id":"https:\/\/talkpal.ai\/sl\/maratska-slovnica\/#primaryimage","url":"https:\/\/talkpal.ai\/wp-content\/uploads\/2023\/05\/Marathi-india.png","contentUrl":"https:\/\/talkpal.ai\/wp-content\/uploads\/2023\/05\/Marathi-india.png","width":512,"height":512},{"@type":"BreadcrumbList","@id":"https:\/\/talkpal.ai\/sl\/maratska-slovnica\/#breadcrumb","itemListElement":[{"@type":"ListItem","position":1,"name":"Homepage","item":"https:\/\/talkpal.ai\/sl\/"},{"@type":"ListItem","position":2,"name":"Maratska slovnica"}]},{"@type":"WebSite","@id":"https:\/\/talkpal.ai\/sl\/#website","url":"https:\/\/talkpal.ai\/sl\/","name":"Talkpal","description":"AI Language Learning","publisher":{"@id":"https:\/\/talkpal.ai\/sl\/#organization"},"alternateName":"Talkpal AI","potentialAction":[{"@type":"SearchAction","target":{"@type":"EntryPoint","urlTemplate":"https:\/\/talkpal.ai\/sl\/?s={search_term_string}"},"query-input":{"@type":"PropertyValueSpecification","valueRequired":true,"valueName":"search_term_string"}}],"inLanguage":"sl-SI"},{"@type":"Organization","@id":"https:\/\/talkpal.ai\/sl\/#organization","name":"Talkpal, Inc.","alternateName":"Talkpal AI","url":"https:\/\/talkpal.ai\/sl\/","logo":{"@type":"ImageObject","inLanguage":"sl-SI","@id":"https:\/\/talkpal.ai\/sl\/#\/schema\/logo\/image\/","url":"https:\/\/talkpal.ai\/wp-content\/uploads\/2024\/03\/Talkpal-Logo-Icon.png","contentUrl":"https:\/\/talkpal.ai\/wp-content\/uploads\/2024\/03\/Talkpal-Logo-Icon.png","width":2880,"height":2880,"caption":"Talkpal, Inc."},"image":{"@id":"https:\/\/talkpal.ai\/sl\/#\/schema\/logo\/image\/"},"sameAs":["https:\/\/www.facebook.com\/profile.php?id=100090733639311","https:\/\/x.com\/talkpalai","https:\/\/www.linkedin.com\/company\/talkpal\/","https:\/\/www.youtube.com\/@TalkPal\/","https:\/\/www.tiktok.com\/@talkpal","https:\/\/www.instagram.com\/talkpal_ai\/","https:\/\/www.crunchbase.com\/organization\/talkpal-9cde","https:\/\/www.g2.com\/products\/talkpal-for-business\/","https:\/\/www.trustpilot.com\/review\/talkpal.ai","https:\/\/www.capterra.com\/p\/10006800\/TalkPal\/"],"description":"Talkpal is a language learning web and mobile education app, powered by the latest AI technologies, that provides engaging experiences to its customers in many different languages to help them improve their language skills. Users can chat about unlimited amount of topics with the app and use other modes to practice their language learning.","email":"support@talkpal.ai","legalName":"Talkpal, Inc.","foundingDate":"2023-04-03","duns":"118989042","numberOfEmployees":{"@type":"QuantitativeValue","minValue":"11","maxValue":"50"},"publishingPrinciples":"https:\/\/talkpal.ai\/publishing-principles\/","actionableFeedbackPolicy":"https:\/\/talkpal.ai\/actionable-feedback-policy\/","correctionsPolicy":"https:\/\/talkpal.ai\/corrections-policy\/","ethicsPolicy":"https:\/\/talkpal.ai\/ethics-policy\/","diversityPolicy":"https:\/\/talkpal.ai\/diversity-policy\/","diversityStaffingReport":"https:\/\/talkpal.ai\/diversity-policy\/"}]}},"_links":{"self":[{"href":"https:\/\/talkpal.ai\/sl\/wp-json\/wp\/v2\/pages\/147477","targetHints":{"allow":["GET"]}}],"collection":[{"href":"https:\/\/talkpal.ai\/sl\/wp-json\/wp\/v2\/pages"}],"about":[{"href":"https:\/\/talkpal.ai\/sl\/wp-json\/wp\/v2\/types\/page"}],"author":[{"embeddable":true,"href":"https:\/\/talkpal.ai\/sl\/wp-json\/wp\/v2\/users\/1"}],"replies":[{"embeddable":true,"href":"https:\/\/talkpal.ai\/sl\/wp-json\/wp\/v2\/comments?post=147477"}],"version-history":[{"count":0,"href":"https:\/\/talkpal.ai\/sl\/wp-json\/wp\/v2\/pages\/147477\/revisions"}],"wp:featuredmedia":[{"embeddable":true,"href":"https:\/\/talkpal.ai\/sl\/wp-json\/wp\/v2\/media\/116412"}],"wp:attachment":[{"href":"https:\/\/talkpal.ai\/sl\/wp-json\/wp\/v2\/media?parent=147477"}],"curies":[{"name":"wp","href":"https:\/\/api.w.org\/{rel}","templated":true}]}}