{"id":147102,"date":"2023-05-14T14:11:47","date_gmt":"2023-05-14T14:11:47","guid":{"rendered":"http:\/\/talkpal.ai\/malajska-slovnica\/"},"modified":"2025-12-17T16:40:30","modified_gmt":"2025-12-17T16:40:30","slug":"malajska-slovnica","status":"publish","type":"page","link":"https:\/\/talkpal.ai\/sl\/malajska-slovnica\/","title":{"rendered":"Malajska slovnica"},"content":{"rendered":"\r\n\r\n\r\n<section class=\"languageChallengeSection\">\r\n    <div class=\"languageInfoWrapper\">\r\n        \r\n        <h1>Malajska slovnica<\/h1>\r\n        <p>Vas zanima u\u010denje malaj\u0161\u010dine? Spoznajte malajsko slovnico, ki je znana po preprostih pravilih, pomanjkanju glagolske konjugacije in uporabi afiksov za ustvarjanje pomena. Za\u010dnite danes &#8211; obvladovanje malajske slovnice vam bo dalo samozavest za la\u017eje sporazumevanje in odprlo vrata v raznolike in dinami\u010dne kulture jugovzhodne Azije!<\/p>\r\n\r\n                            <a class=\"getStartedHidden\" href=\"https:\/\/app.talkpal.ai\/sl\/signup?lng=\">Za\u010dni<\/a>\r\n        \r\n    <\/div>\r\n\r\n    <figure>\r\n    <img decoding=\"async\" width=\"768\" height=\"768\" src=\"https:\/\/talkpal.ai\/wp-content\/uploads\/2023\/06\/malay-768x768.png\" class=\"languageImage no-lazy\" alt=\"Language learning for personal accomplishments\" fetchpriority=\"high\" sizes=\"(max-width: 768px) 150px, 768px\" srcset=\"https:\/\/talkpal.ai\/wp-content\/uploads\/2023\/06\/malay-768x768.png 768w, https:\/\/talkpal.ai\/wp-content\/uploads\/2023\/06\/malay-300x300.png 300w\" \/>\r\n    \r\n\r\n    <\/figure>\r\n\r\n            <a class=\"getStartedVisible\" href=\"https:\/\/app.talkpal.ai\/sl\/signup?lng=\">Za\u010dni<\/a>\r\n    \r\n<\/section>\r\n<section class=\"promotionalBanner\">\r\n    <p class=\"promotionalText\">Naju\u010dinkovitej\u0161i na\u010din u\u010denja jezika<\/p>\r\n    <a class=\"promotionalLink\" href=\"https:\/\/app.talkpal.ai\/sl\/signup?lng=\">Preizkusite Talkpal brezpla\u010dno<\/a>\r\n<\/section>\n<div class=\"wp-block-group pageContainerStyle\"><div class=\"wp-block-group__inner-container is-layout-constrained wp-block-group-is-layout-constrained\">\n<h2 class=\"wp-block-heading\" id=\"h-malay-grammar-exploring-the-richness-of-bahasa-melayu\">Malajska slovnica: raziskovanje bogastva Bahasa Melayu<\/h2>\n\n\n\n<p><a href=\"https:\/\/talkpal.ai\/hr\/naucite-malajski\/\">Malajski jezik<\/a> ali <a href=\"https:\/\/talkpal.ai\/ms\/belajar-bahasa-melayu\/\">Bahasa Melayu<\/a> je eden najbolj raz\u0161irjenih jezikov na svetu, ki zdru\u017euje razli\u010dne narode Malezije, Indonezije, Bruneja in Singapurja. Ko se boste za\u010deli u\u010diti malaj\u0161\u010dine, boste hitro odkrili lepoto njene slovnice in razvijajo\u010dega se jezikovnega prostora. Namen tega \u010dlanka je, da vas seznani s temeljnimi na\u010deli malajske slovnice in vas vodi k bolj\u0161emu razumevanju in spo\u0161tovanju tega vsestranskega jezika.<\/p>\n\n\n\n<h3 class=\"wp-block-heading\" id=\"h-1-nouns-simplicity-rules\">1. Samostalniki \u2013 pravila preprostosti<\/h3>\n\n\n\n<p>V nasprotju z drugimi <a href=\"https:\/\/talkpal.ai\/what-language-is-spoken-on-the-international-space-station\/\">jeziki<\/a> <a href=\"https:\/\/talkpal.ai\/malay-grammar\/\">malajska slovnica<\/a> ne pozna sklanjatev ali spolov za samostalnike. Namesto tega uporaba samostalnika mo\u010dno poudarja preprostost. Mno\u017einske oblike samostalnikov se ustvarijo s preprostim podvajanjem. Sli\u0161i se enostavno, kajne? Na primer &#8220;jabolko&#8221; je &#8220;buah epal&#8221;, zato &#8220;jabolka&#8221; postanejo &#8220;buah-buah epal&#8221;. Podvajanje lahko opustite v neformalnem govoru.<\/p>\n\n\n\n<h3 class=\"wp-block-heading\" id=\"h-2-adjectives-straightforward-descriptions\">2. Pridevniki \u2013 preprosti opisi<\/h3>\n\n\n\n<p><a href=\"https:\/\/talkpal.ai\/learn-malay\/\">Malajski<\/a> pridevniki ostanejo nespremenjeni ne glede na samostalnik, ki ga opisujejo, zato je njihova uporaba izjemno preprosta &#8211; \u0161e en dokaz preprostosti jezika. Pridevni\u0161ka postavitev prihaja za samostalnikom, kar ustvarja prijeten tok v stavkih. Na primer &#8220;velika hi\u0161a&#8221; je &#8220;rumah besar&#8221;, pri \u010demer &#8220;rumah&#8221; pomeni &#8220;hi\u0161a&#8221;, &#8220;besar&#8221; pa &#8220;velika&#8221;.<\/p>\n\n\n\n<h3 class=\"wp-block-heading\" id=\"h-3-verbs-the-magic-of-prefixes-and-suffixes\">3. Glagoli &#8211; \u010darobnost predpon in pripon<\/h3>\n\n\n\n<p>Malajski glagoli se pona\u0161ajo z raznovrstnostjo, ki je hkrati zanimiva in preprosta. V bahasa melayu \u010dasi niso izrecno izra\u017eeni z glagolskimi oblikami, temve\u010d so ozna\u010deni s kontekstom ali \u010dasovnimi ozna\u010devalci. Poleg tega malaj\u0161\u010dina obse\u017eno uporablja predpone in pripone za izra\u017eanje razli\u010dnih vidikov glagolov.<\/p>\n\n\n\n<p>Obstajajo tri osnovne predpone: &#8220;meN-&#8220;, &#8220;ber-&#8221; in &#8220;ter-&#8220;. Predpona &#8220;meN-&#8221; se uporablja v \u0161tevilnih primerih, med drugim za tvorjenje aktivnih glagolov in ozna\u010devanje vzro\u010dnih dejanj. Medtem ko &#8220;ber-&#8221; ozna\u010duje intranzitivna dejanja, &#8220;ter-&#8221; pa naklju\u010dne dogodke ali pasivna dejanja. Pomembno je opozoriti, da lahko vsaka predpona povzro\u010di manj\u0161e pravopisne spremembe osnovnega glagola.<\/p>\n\n\n\n<p>Sfiksi, kot sta &#8220;-kan&#8221; in &#8220;-i&#8221;, pripomorejo k dodatni specifi\u010dnosti, medtem ko infiks &#8220;-el-&#8221; dodaja osnovnemu glagolu intenzivnost.<\/p>\n\n\n\n<h3 class=\"wp-block-heading\" id=\"h-4-prepositions-amp-particles-adding-flavor-to-sentences\">4. Predlogi in delci &#8211; dodajanje okusa stavkom<\/h3>\n\n\n\n<p>Predlogi in delci igrajo klju\u010dno vlogo v malajski slovnici, saj delujejo kot jezikovno lepilo in zagotavljajo bistven kontekst. Predlo\u017eki, kot so &#8220;di&#8221; (ob), &#8220;ke&#8221; (do) in &#8220;dari&#8221; (od), pomagajo vzpostaviti odnos med besedami. Po drugi strani se delci, kot so &#8220;lah&#8221;, &#8220;kah&#8221; in &#8220;pun&#8221;, uporabljajo za dodajanje poudarka, \u010dustev in vpra\u0161alnic v stavke.<\/p>\n\n\n\n<p>Na primer, stavek &#8220;Kamu pergi sana&#8221;, ki pomeni &#8220;Gre\u0161 tja&#8221;, postane bolj poudarjen, \u010de na koncu dodate &#8220;lah&#8221;: &#8220;Kamu pergi sana lah.&#8221; Zdaj pomeni &#8220;Pojdi tja (zdaj)&#8221;.<\/p>\n\n\n\n<h3 class=\"wp-block-heading\" id=\"h-5-embracing-the-journey\">5. Sprejmite potovanje<\/h3>\n\n\n\n<p>\u010ceprav se <a href=\"https:\/\/talkpal.ai\/malay-grammar\/\">malajska slovnica<\/a> morda zdi preprosta v primerjavi z drugimi jeziki, je njena lepota v bogastvu in raznolikosti izrazov, dose\u017eenih s preprostimi pravili. Enostavnost u\u010denja malajske slovnice vam bo omogo\u010dila, da se u\u010dinkoviteje vklju\u010dite v raznolik malajsko govore\u010di svet in se potopite v njegovo edinstveno kulturo.<\/p>\n\n\n\n<p>Preden se potopite v svet Bahasa Melayu, ne pozabite, da potovanje morda ni vedno gladko jadranje. Bodite odprtega uma, sodelujte z doma\u010dimi govorci in, kar je najpomembneje, u\u017eivajte v izku\u0161nji odkrivanja odtenkov v tem \u010dudovitem jeziku. Selamat belajar \u2013 sre\u010dno u\u010denje!<\/p>\n<\/div><\/div>\n\r\n<section class=\"learnNavigationSection\">\r\n            \r\n        <a href=\"https:\/\/talkpal.ai\/sl\/naucite-se-malajscine\/\">\r\n            <div class=\"learnNavigationWrapper\">\r\n                <div class=\"learnNavigationContent\">\r\n                    <img decoding=\"async\" src=\"https:\/\/talkpal.ai\/wp-content\/uploads\/2024\/08\/Malay.jpg\" alt=\"Malaysian Flag\">\r\n                    <div>\r\n                        <h4>O malajskem u\u010denju<\/h4>\r\n                        <p>Izvedite vse o malajski slovnici.<\/p>\r\n                    <\/div>\r\n                <\/div>\r\n            <\/div>\r\n        <\/a>\r\n\r\n        \r\n        <a href=\"https:\/\/talkpal.ai\/sl\/malajske-slovnicne-vaje\/\">\r\n            <div class=\"learnNavigationWrapper\">\r\n                <div class=\"learnNavigationContent\">\r\n                    <img decoding=\"async\" src=\"https:\/\/talkpal.ai\/wp-content\/uploads\/2024\/08\/Malay.jpg\" alt=\"Malaysian Flag\">\r\n                    <div>\r\n                        <h4>Malay Grammar Vaja<\/h4>\r\n                        <p>Praksa malajske slovnice<\/p>\r\n                    <\/div>\r\n                <\/div>\r\n            <\/div>\r\n        <\/a>\r\n\r\n        \r\n        <a href=\"https:\/\/talkpal.ai\/vocabulary_language\/malay\/\">\r\n            <div class=\"learnNavigationWrapper\">\r\n                <div class=\"learnNavigationContent\">\r\n                    <img decoding=\"async\" src=\"https:\/\/talkpal.ai\/wp-content\/uploads\/2024\/08\/Malay.jpg\" alt=\"Malaysian Flag\">\r\n                    <div>\r\n                        <h4>Malajski besednjak<\/h4>\r\n                        <p>Raz\u0161irite svoj malajski besedni zaklad.<\/p>\r\n                    <\/div>\r\n                <\/div>\r\n            <\/div>\r\n        <\/a>\r\n\r\n            <\/section>","protected":false},"excerpt":{"rendered":"<p>Malajska slovnica: raziskovanje bogastva Bahasa Melayu Malajski jezik ali Bahasa Melayu je eden najbolj raz\u0161irjenih jezikov na svetu, ki zdru\u017euje razli\u010dne narode Malezije, Indonezije, Bruneja in Singapurja. Ko se boste za\u010deli u\u010diti malaj\u0161\u010dine, boste hitro odkrili lepoto njene slovnice in razvijajo\u010dega se jezikovnega prostora. Namen tega \u010dlanka je, da vas seznani s temeljnimi na\u010deli malajske [&hellip;]<\/p>\n","protected":false},"author":1,"featured_media":115850,"parent":0,"menu_order":0,"comment_status":"closed","ping_status":"closed","template":"LearningContentPage.php","meta":{"_acf_changed":false,"footnotes":""},"class_list":["post-147102","page","type-page","status-publish","has-post-thumbnail","hentry"],"acf":[],"yoast_head":"<!-- This site is optimized with the Yoast SEO Premium plugin v27.2 (Yoast SEO v27.2) - https:\/\/yoast.com\/product\/yoast-seo-premium-wordpress\/ -->\n<title>Malajska slovnica - Talkpal<\/title>\n<meta name=\"description\" content=\"Spoznajte malajsko slovnico in se nau\u010dite, kako lahko njena preprostost izbolj\u0161a va\u0161e razumevanje malajskega jezika.\" \/>\n<meta name=\"robots\" content=\"index, follow, max-snippet:-1, max-image-preview:large, max-video-preview:-1\" \/>\n<link rel=\"canonical\" href=\"https:\/\/talkpal.ai\/sl\/malajska-slovnica\/\" \/>\n<meta property=\"og:locale\" content=\"sl_SI\" \/>\n<meta property=\"og:type\" content=\"article\" \/>\n<meta property=\"og:title\" content=\"Malajska slovnica\" \/>\n<meta property=\"og:description\" content=\"Malajska slovnica: raziskovanje bogastva Bahasa Melayu Malajski jezik ali Bahasa Melayu je eden najbolj raz\u0161irjenih jezikov na svetu, ki zdru\u017euje razli\u010dne\" \/>\n<meta property=\"og:url\" content=\"https:\/\/talkpal.ai\/sl\/malajska-slovnica\/\" \/>\n<meta property=\"og:site_name\" content=\"Talkpal\" \/>\n<meta property=\"article:publisher\" content=\"https:\/\/www.facebook.com\/profile.php?id=100090733639311\" \/>\n<meta property=\"article:modified_time\" content=\"2025-12-17T16:40:30+00:00\" \/>\n<meta property=\"og:image\" content=\"https:\/\/talkpal.ai\/wp-content\/uploads\/2023\/05\/malaysia.png\" \/>\n\t<meta property=\"og:image:width\" content=\"512\" \/>\n\t<meta property=\"og:image:height\" content=\"512\" \/>\n\t<meta property=\"og:image:type\" content=\"image\/png\" \/>\n<meta name=\"twitter:card\" content=\"summary_large_image\" \/>\n<meta name=\"twitter:site\" content=\"@talkpalai\" \/>\n<meta name=\"twitter:label1\" content=\"Est. reading time\" \/>\n\t<meta name=\"twitter:data1\" content=\"3 minute\" \/>\n<script type=\"application\/ld+json\" class=\"yoast-schema-graph\">{\"@context\":\"https:\/\/schema.org\",\"@graph\":[{\"@type\":\"WebPage\",\"@id\":\"https:\/\/talkpal.ai\/sl\/malajska-slovnica\/\",\"url\":\"https:\/\/talkpal.ai\/sl\/malajska-slovnica\/\",\"name\":\"Malajska slovnica - Talkpal\",\"isPartOf\":{\"@id\":\"https:\/\/talkpal.ai\/sl\/#website\"},\"primaryImageOfPage\":{\"@id\":\"https:\/\/talkpal.ai\/sl\/malajska-slovnica\/#primaryimage\"},\"image\":{\"@id\":\"https:\/\/talkpal.ai\/sl\/malajska-slovnica\/#primaryimage\"},\"thumbnailUrl\":\"https:\/\/talkpal.ai\/wp-content\/uploads\/2023\/05\/malaysia.png\",\"datePublished\":\"2023-05-14T14:11:47+00:00\",\"dateModified\":\"2025-12-17T16:40:30+00:00\",\"description\":\"Spoznajte malajsko slovnico in se nau\u010dite, kako lahko njena preprostost izbolj\u0161a va\u0161e razumevanje malajskega jezika.\",\"breadcrumb\":{\"@id\":\"https:\/\/talkpal.ai\/sl\/malajska-slovnica\/#breadcrumb\"},\"inLanguage\":\"sl-SI\",\"potentialAction\":[{\"@type\":\"ReadAction\",\"target\":[\"https:\/\/talkpal.ai\/sl\/malajska-slovnica\/\"]}]},{\"@type\":\"ImageObject\",\"inLanguage\":\"sl-SI\",\"@id\":\"https:\/\/talkpal.ai\/sl\/malajska-slovnica\/#primaryimage\",\"url\":\"https:\/\/talkpal.ai\/wp-content\/uploads\/2023\/05\/malaysia.png\",\"contentUrl\":\"https:\/\/talkpal.ai\/wp-content\/uploads\/2023\/05\/malaysia.png\",\"width\":512,\"height\":512},{\"@type\":\"BreadcrumbList\",\"@id\":\"https:\/\/talkpal.ai\/sl\/malajska-slovnica\/#breadcrumb\",\"itemListElement\":[{\"@type\":\"ListItem\",\"position\":1,\"name\":\"Homepage\",\"item\":\"https:\/\/talkpal.ai\/sl\/\"},{\"@type\":\"ListItem\",\"position\":2,\"name\":\"Malajska slovnica\"}]},{\"@type\":\"WebSite\",\"@id\":\"https:\/\/talkpal.ai\/sl\/#website\",\"url\":\"https:\/\/talkpal.ai\/sl\/\",\"name\":\"Talkpal\",\"description\":\"AI Language Learning\",\"publisher\":{\"@id\":\"https:\/\/talkpal.ai\/sl\/#organization\"},\"alternateName\":\"Talkpal AI\",\"potentialAction\":[{\"@type\":\"SearchAction\",\"target\":{\"@type\":\"EntryPoint\",\"urlTemplate\":\"https:\/\/talkpal.ai\/sl\/?s={search_term_string}\"},\"query-input\":{\"@type\":\"PropertyValueSpecification\",\"valueRequired\":true,\"valueName\":\"search_term_string\"}}],\"inLanguage\":\"sl-SI\"},{\"@type\":\"Organization\",\"@id\":\"https:\/\/talkpal.ai\/sl\/#organization\",\"name\":\"Talkpal, Inc.\",\"alternateName\":\"Talkpal AI\",\"url\":\"https:\/\/talkpal.ai\/sl\/\",\"logo\":{\"@type\":\"ImageObject\",\"inLanguage\":\"sl-SI\",\"@id\":\"https:\/\/talkpal.ai\/sl\/#\/schema\/logo\/image\/\",\"url\":\"https:\/\/talkpal.ai\/wp-content\/uploads\/2024\/03\/Talkpal-Logo-Icon.png\",\"contentUrl\":\"https:\/\/talkpal.ai\/wp-content\/uploads\/2024\/03\/Talkpal-Logo-Icon.png\",\"width\":2880,\"height\":2880,\"caption\":\"Talkpal, Inc.\"},\"image\":{\"@id\":\"https:\/\/talkpal.ai\/sl\/#\/schema\/logo\/image\/\"},\"sameAs\":[\"https:\/\/www.facebook.com\/profile.php?id=100090733639311\",\"https:\/\/x.com\/talkpalai\",\"https:\/\/www.linkedin.com\/company\/talkpal\/\",\"https:\/\/www.youtube.com\/@TalkPal\/\",\"https:\/\/www.tiktok.com\/@talkpal\",\"https:\/\/www.instagram.com\/talkpal_ai\/\",\"https:\/\/www.crunchbase.com\/organization\/talkpal-9cde\",\"https:\/\/www.g2.com\/products\/talkpal-for-business\/\",\"https:\/\/www.trustpilot.com\/review\/talkpal.ai\",\"https:\/\/www.capterra.com\/p\/10006800\/TalkPal\/\"],\"description\":\"Talkpal is a language learning web and mobile education app, powered by the latest AI technologies, that provides engaging experiences to its customers in many different languages to help them improve their language skills. Users can chat about unlimited amount of topics with the app and use other modes to practice their language learning.\",\"email\":\"support@talkpal.ai\",\"legalName\":\"Talkpal, Inc.\",\"foundingDate\":\"2023-04-03\",\"duns\":\"118989042\",\"numberOfEmployees\":{\"@type\":\"QuantitativeValue\",\"minValue\":\"11\",\"maxValue\":\"50\"},\"publishingPrinciples\":\"https:\/\/talkpal.ai\/publishing-principles\/\",\"actionableFeedbackPolicy\":\"https:\/\/talkpal.ai\/actionable-feedback-policy\/\",\"correctionsPolicy\":\"https:\/\/talkpal.ai\/corrections-policy\/\",\"ethicsPolicy\":\"https:\/\/talkpal.ai\/ethics-policy\/\",\"diversityPolicy\":\"https:\/\/talkpal.ai\/diversity-policy\/\",\"diversityStaffingReport\":\"https:\/\/talkpal.ai\/diversity-policy\/\"}]}<\/script>\n<!-- \/ Yoast SEO Premium plugin. -->","yoast_head_json":{"title":"Malajska slovnica - Talkpal","description":"Spoznajte malajsko slovnico in se nau\u010dite, kako lahko njena preprostost izbolj\u0161a va\u0161e razumevanje malajskega jezika.","robots":{"index":"index","follow":"follow","max-snippet":"max-snippet:-1","max-image-preview":"max-image-preview:large","max-video-preview":"max-video-preview:-1"},"canonical":"https:\/\/talkpal.ai\/sl\/malajska-slovnica\/","og_locale":"sl_SI","og_type":"article","og_title":"Malajska slovnica","og_description":"Malajska slovnica: raziskovanje bogastva Bahasa Melayu Malajski jezik ali Bahasa Melayu je eden najbolj raz\u0161irjenih jezikov na svetu, ki zdru\u017euje razli\u010dne","og_url":"https:\/\/talkpal.ai\/sl\/malajska-slovnica\/","og_site_name":"Talkpal","article_publisher":"https:\/\/www.facebook.com\/profile.php?id=100090733639311","article_modified_time":"2025-12-17T16:40:30+00:00","og_image":[{"width":512,"height":512,"url":"https:\/\/talkpal.ai\/wp-content\/uploads\/2023\/05\/malaysia.png","type":"image\/png"}],"twitter_card":"summary_large_image","twitter_site":"@talkpalai","twitter_misc":{"Est. reading time":"3 minute"},"schema":{"@context":"https:\/\/schema.org","@graph":[{"@type":"WebPage","@id":"https:\/\/talkpal.ai\/sl\/malajska-slovnica\/","url":"https:\/\/talkpal.ai\/sl\/malajska-slovnica\/","name":"Malajska slovnica - Talkpal","isPartOf":{"@id":"https:\/\/talkpal.ai\/sl\/#website"},"primaryImageOfPage":{"@id":"https:\/\/talkpal.ai\/sl\/malajska-slovnica\/#primaryimage"},"image":{"@id":"https:\/\/talkpal.ai\/sl\/malajska-slovnica\/#primaryimage"},"thumbnailUrl":"https:\/\/talkpal.ai\/wp-content\/uploads\/2023\/05\/malaysia.png","datePublished":"2023-05-14T14:11:47+00:00","dateModified":"2025-12-17T16:40:30+00:00","description":"Spoznajte malajsko slovnico in se nau\u010dite, kako lahko njena preprostost izbolj\u0161a va\u0161e razumevanje malajskega jezika.","breadcrumb":{"@id":"https:\/\/talkpal.ai\/sl\/malajska-slovnica\/#breadcrumb"},"inLanguage":"sl-SI","potentialAction":[{"@type":"ReadAction","target":["https:\/\/talkpal.ai\/sl\/malajska-slovnica\/"]}]},{"@type":"ImageObject","inLanguage":"sl-SI","@id":"https:\/\/talkpal.ai\/sl\/malajska-slovnica\/#primaryimage","url":"https:\/\/talkpal.ai\/wp-content\/uploads\/2023\/05\/malaysia.png","contentUrl":"https:\/\/talkpal.ai\/wp-content\/uploads\/2023\/05\/malaysia.png","width":512,"height":512},{"@type":"BreadcrumbList","@id":"https:\/\/talkpal.ai\/sl\/malajska-slovnica\/#breadcrumb","itemListElement":[{"@type":"ListItem","position":1,"name":"Homepage","item":"https:\/\/talkpal.ai\/sl\/"},{"@type":"ListItem","position":2,"name":"Malajska slovnica"}]},{"@type":"WebSite","@id":"https:\/\/talkpal.ai\/sl\/#website","url":"https:\/\/talkpal.ai\/sl\/","name":"Talkpal","description":"AI Language Learning","publisher":{"@id":"https:\/\/talkpal.ai\/sl\/#organization"},"alternateName":"Talkpal AI","potentialAction":[{"@type":"SearchAction","target":{"@type":"EntryPoint","urlTemplate":"https:\/\/talkpal.ai\/sl\/?s={search_term_string}"},"query-input":{"@type":"PropertyValueSpecification","valueRequired":true,"valueName":"search_term_string"}}],"inLanguage":"sl-SI"},{"@type":"Organization","@id":"https:\/\/talkpal.ai\/sl\/#organization","name":"Talkpal, Inc.","alternateName":"Talkpal AI","url":"https:\/\/talkpal.ai\/sl\/","logo":{"@type":"ImageObject","inLanguage":"sl-SI","@id":"https:\/\/talkpal.ai\/sl\/#\/schema\/logo\/image\/","url":"https:\/\/talkpal.ai\/wp-content\/uploads\/2024\/03\/Talkpal-Logo-Icon.png","contentUrl":"https:\/\/talkpal.ai\/wp-content\/uploads\/2024\/03\/Talkpal-Logo-Icon.png","width":2880,"height":2880,"caption":"Talkpal, Inc."},"image":{"@id":"https:\/\/talkpal.ai\/sl\/#\/schema\/logo\/image\/"},"sameAs":["https:\/\/www.facebook.com\/profile.php?id=100090733639311","https:\/\/x.com\/talkpalai","https:\/\/www.linkedin.com\/company\/talkpal\/","https:\/\/www.youtube.com\/@TalkPal\/","https:\/\/www.tiktok.com\/@talkpal","https:\/\/www.instagram.com\/talkpal_ai\/","https:\/\/www.crunchbase.com\/organization\/talkpal-9cde","https:\/\/www.g2.com\/products\/talkpal-for-business\/","https:\/\/www.trustpilot.com\/review\/talkpal.ai","https:\/\/www.capterra.com\/p\/10006800\/TalkPal\/"],"description":"Talkpal is a language learning web and mobile education app, powered by the latest AI technologies, that provides engaging experiences to its customers in many different languages to help them improve their language skills. Users can chat about unlimited amount of topics with the app and use other modes to practice their language learning.","email":"support@talkpal.ai","legalName":"Talkpal, Inc.","foundingDate":"2023-04-03","duns":"118989042","numberOfEmployees":{"@type":"QuantitativeValue","minValue":"11","maxValue":"50"},"publishingPrinciples":"https:\/\/talkpal.ai\/publishing-principles\/","actionableFeedbackPolicy":"https:\/\/talkpal.ai\/actionable-feedback-policy\/","correctionsPolicy":"https:\/\/talkpal.ai\/corrections-policy\/","ethicsPolicy":"https:\/\/talkpal.ai\/ethics-policy\/","diversityPolicy":"https:\/\/talkpal.ai\/diversity-policy\/","diversityStaffingReport":"https:\/\/talkpal.ai\/diversity-policy\/"}]}},"_links":{"self":[{"href":"https:\/\/talkpal.ai\/sl\/wp-json\/wp\/v2\/pages\/147102","targetHints":{"allow":["GET"]}}],"collection":[{"href":"https:\/\/talkpal.ai\/sl\/wp-json\/wp\/v2\/pages"}],"about":[{"href":"https:\/\/talkpal.ai\/sl\/wp-json\/wp\/v2\/types\/page"}],"author":[{"embeddable":true,"href":"https:\/\/talkpal.ai\/sl\/wp-json\/wp\/v2\/users\/1"}],"replies":[{"embeddable":true,"href":"https:\/\/talkpal.ai\/sl\/wp-json\/wp\/v2\/comments?post=147102"}],"version-history":[{"count":0,"href":"https:\/\/talkpal.ai\/sl\/wp-json\/wp\/v2\/pages\/147102\/revisions"}],"wp:featuredmedia":[{"embeddable":true,"href":"https:\/\/talkpal.ai\/sl\/wp-json\/wp\/v2\/media\/115850"}],"wp:attachment":[{"href":"https:\/\/talkpal.ai\/sl\/wp-json\/wp\/v2\/media?parent=147102"}],"curies":[{"name":"wp","href":"https:\/\/api.w.org\/{rel}","templated":true}]}}