{"id":146765,"date":"2023-05-14T14:11:28","date_gmt":"2023-05-14T14:11:28","guid":{"rendered":"http:\/\/talkpal.ai\/makedonska-slovnica\/"},"modified":"2025-12-17T16:35:35","modified_gmt":"2025-12-17T16:35:35","slug":"makedonska-slovnica","status":"publish","type":"page","link":"https:\/\/talkpal.ai\/sl\/makedonska-slovnica\/","title":{"rendered":"Makedonska slovnica"},"content":{"rendered":"\r\n\r\n\r\n<section class=\"languageChallengeSection\">\r\n    <div class=\"languageInfoWrapper\">\r\n        \r\n        <h1>Makedonska slovnica<\/h1>\r\n        <p>Potopite se v fascinantni svet makedonske slovnice in odkrijte strukturo tega edinstvenega ju\u017enoslovanskega jezika. U\u010denje osnov makedonske slovnice vam bo omogo\u010dilo bolj samozavestno sporazumevanje in raziskovanje bogate kulture Severne Makedonije. Za\u010dnite \u0161e danes in naredite prvi korak k obvladovanju makedon\u0161\u010dine!<\/p>\r\n\r\n                            <a class=\"getStartedHidden\" href=\"https:\/\/app.talkpal.ai\/sl\/signup?lng=\">Za\u010dni<\/a>\r\n        \r\n    <\/div>\r\n\r\n    <figure>\r\n    <img decoding=\"async\" width=\"768\" height=\"768\" src=\"https:\/\/talkpal.ai\/wp-content\/uploads\/2023\/06\/macedonian-768x768.png\" class=\"languageImage no-lazy\" alt=\"Language learning through conversational practice\" fetchpriority=\"high\" sizes=\"(max-width: 768px) 150px, 768px\" srcset=\"https:\/\/talkpal.ai\/wp-content\/uploads\/2023\/06\/macedonian-768x768.png 768w, https:\/\/talkpal.ai\/wp-content\/uploads\/2023\/06\/macedonian-300x300.png 300w\" \/>\r\n    \r\n\r\n    <\/figure>\r\n\r\n            <a class=\"getStartedVisible\" href=\"https:\/\/app.talkpal.ai\/sl\/signup?lng=\">Za\u010dni<\/a>\r\n    \r\n<\/section>\r\n<section class=\"promotionalBanner\">\r\n    <p class=\"promotionalText\">Naju\u010dinkovitej\u0161i na\u010din u\u010denja jezika<\/p>\r\n    <a class=\"promotionalLink\" href=\"https:\/\/app.talkpal.ai\/sl\/signup?lng=\">Preizkusite Talkpal brezpla\u010dno<\/a>\r\n<\/section>\n<div class=\"wp-block-group pageContainerStyle\"><div class=\"wp-block-group__inner-container is-layout-constrained wp-block-group-is-layout-constrained\">\n<h2 class=\"wp-block-heading\" id=\"h-unraveling-the-mysteries-of-macedonian-grammar\">Razkrivanje skrivnosti makedonske slovnice<\/h2>\n\n\n\n<p><a href=\"https:\/\/talkpal.ai\/macedonian-grammar\/\">Makedonska slovnica<\/a> &#8211; zapletena, a dostopna, fascinantna, a graciozna, zapletena, a intrigantna. Ko za\u010dnete svoje potovanje v svet makedonskega jezika, boste morda za\u010dutili me\u0161anico navdu\u0161enja in zastra\u0161evanja, ko gre za de\u0161ifriranje njegovih slovni\u010dnih ugank. Ne bojte se, gore\u010d jezikovni navdu\u0161enec! Na tej jezikovni pustolov\u0161\u010dini vas bomo podprli!<\/p>\n\n\n\n<p>V tem zanimivem \u010dlanku bomo osvetlili bistvene vidike makedonske slovnice ter vam ponudili vpogled, razlage in prakti\u010dne primere. Razkrili vam bomo, da je ta fascinantni balkanski jezik dostopnej\u0161i, kot si morda mislite! Zato se pripnite in nam dovolite, da vam poenostavimo in demistificiramo makedonsko slovnico.<\/p>\n\n\n\n<h3 class=\"wp-block-heading\" id=\"h-1-delightful-declensions-noun-cases-made-easy\">1. \u010cudovite sklanjatve: samostalni\u0161ki primeri so enostavni<\/h3>\n\n\n\n<p>Tako kot drugi slovanski <a href=\"https:\/\/talkpal.ai\/what-language-is-spoken-on-the-international-space-station\/\">jeziki<\/a> ima tudi <a href=\"https:\/\/talkpal.ai\/learn-macedonian\/\">makedon\u0161\u010dina<\/a> zapleten samostalni\u0161ki sistem primerov, sestavljen iz treh primerov: nominativni, akuzativni in dativni. \u010ceprav je manj zastra\u0161ujo\u010de kot jeziki z ve\u010d primeri, je obvladovanje teh odtenkov bistveno za doseganje teko\u010dega. Ti primeri pripisujejo razli\u010dne vloge samostalnikom, zaimkom in pridevnikom v stavku. Tu je kratek pregled:<\/p>\n\n\n\n<p><strong>&#8211; Nominativ: Predmet stavka<\/strong><\/p>\n\n\n\n<p><strong>&#8211; Akuzativ: Neposredni predmet ali cilj dejanja<\/strong><\/p>\n\n\n\n<p><strong>&#8211; Dativ: Posredni predmet ali kazalec, ki ka\u017ee smer dejanja<\/strong><\/p>\n\n\n\n<p>Da bi se seznanili s temi primeri, je klju\u010dna praksa. S \u010dasom in izpostavljenostjo jeziku bodo te razlike postale povsem naravne.<\/p>\n\n\n\n<h3 class=\"wp-block-heading\" id=\"h-2-amiable-adjectives-agreement-is-everything\">2. Prijazni pridevniki: dogovor je vse<\/h3>\n\n\n\n<p>Pridevniki v <a href=\"https:\/\/talkpal.ai\/learn-macedonian\/\">makedonski<\/a> slovnici so prirojeni konformisti. Strinjajo se s spolom, \u0161tevilom in primerom samostalnikov, ki jih opisujejo. To pomeni, da boste morali obliko pridevnika prilagoditi zna\u010dilnostim samostalnika.<\/p>\n\n\n\n<p>Da bo ta proces bolj gladek, se osredoto\u010dite na u\u010denje temeljnih pridevni\u0161kih oblik &#8211; mo\u0161ke, \u017eenske in srednje. Z redno prakso bo proces pridevni\u0161kega dogovora kmalu postal intuitiven.<\/p>\n\n\n\n<h3 class=\"wp-block-heading\" id=\"h-3-vigorous-verbs-conjugation-and-aspect-mastery\">3. \u017divahni glagoli: konjugacija in obvladovanje vidikov<\/h3>\n\n\n\n<p>Kot pri drugih slovanskih jezikih tudi makedonski glagoli do\u017eivljajo znatne razlike. Konjugacija je odvisna od napetosti, razpolo\u017eenja, osebe, \u0161tevila in, kar je najpomembneje, vidika.<\/p>\n\n\n\n<p>Makedonski glagoli imajo dva vidika: popoln in nepopoln. Perfektivni glagoli izra\u017eajo popolno delovanje, medtem ko nepopolni izra\u017eajo stalno ali ponavljajo\u010de se delovanje. Razumevanje tega koncepta je klju\u010dnega pomena pri izpopolnjevanju va\u0161ega slovni\u010dnega znanja.<\/p>\n\n\n\n<h3 class=\"wp-block-heading\" id=\"h-4-pitch-perfect-particles-mastering-stress-and-intonation\">4. Delci, popolni za smolo: obvladovanje stresa in intonacije<\/h3>\n\n\n\n<p>Edinstven makedonski izziv za u\u010dence jezikov je obvladovanje zna\u010dilnega sistema naglasov, ki zlogom pripisuje stres in intonacijo. Ta sistem lahko neposredno vpliva na pomen in razumevanje.<\/p>\n\n\n\n<p>Da bi dosegli natan\u010dnost pri izgovarjavi in jasnost v komunikaciji, bodite pozorni na intonacijske vzorce v govoru maternih makedonskih govorcev. Kot za\u010detnik se lahko borite, vendar ne pozabite, da praksa vzbuja zaupanje in mojstrstvo.<\/p>\n\n\n\n<h3 class=\"wp-block-heading\" id=\"h-5-embrace-the-intricacies-persevere-and-prosper\">5. Sprejmite zapletenosti: vztrajno in uspe\u0161no<\/h3>\n\n\n\n<p>Makedonska slovnica se na prvi pogled morda zdi zapletena, vendar ne pozabite, da so potrpe\u017eljivost, praksa in vztrajnost skrivnosti uspeha. Sodelujte z jezikom z branjem, pisanjem, poslu\u0161anjem in govorjenjem. Sprejmite izzive in se nagradite z zadovoljstvom napredka.<\/p>\n\n\n\n<p>Torej, ste se pripravljeni potopiti v o\u010darljivo kraljestvo makedonske slovnice? Sprejmite njegove domiselnosti in kompleksnosti, u\u017eivajte v razlikah in ne pozabite, da lahko s predanostjo in navdu\u0161enjem odklenete pravo lepoto makedonskega jezika. \u0421\u043e \u0441\u0440\u0435\u045c\u0430! (Sre\u010dno!)<\/p>\n<\/div><\/div>\n\r\n<section class=\"learnNavigationSection\">\r\n            \r\n        <a href=\"https:\/\/talkpal.ai\/sl\/naucite-se-makedonscine\/\">\r\n            <div class=\"learnNavigationWrapper\">\r\n                <div class=\"learnNavigationContent\">\r\n                    <img decoding=\"async\" src=\"https:\/\/talkpal.ai\/wp-content\/uploads\/2024\/08\/Macedonian.jpg\" alt=\"Macedonian Flag\">\r\n                    <div>\r\n                        <h4>O makedonskem u\u010denju<\/h4>\r\n                        <p>Izvedite vse o makedonski slovnici.<\/p>\r\n                    <\/div>\r\n                <\/div>\r\n            <\/div>\r\n        <\/a>\r\n\r\n        \r\n        <a href=\"https:\/\/talkpal.ai\/sl\/makedonske-slovnicne-vaje\/\">\r\n            <div class=\"learnNavigationWrapper\">\r\n                <div class=\"learnNavigationContent\">\r\n                    <img decoding=\"async\" src=\"https:\/\/talkpal.ai\/wp-content\/uploads\/2024\/08\/Macedonian.jpg\" alt=\"Macedonian Flag\">\r\n                    <div>\r\n                        <h4>Vaja iz makedonske slovnice<\/h4>\r\n                        <p>Vadite makedonsko slovnico.<\/p>\r\n                    <\/div>\r\n                <\/div>\r\n            <\/div>\r\n        <\/a>\r\n\r\n        \r\n        <a href=\"https:\/\/talkpal.ai\/vocabulary_language\/macedonian\/\">\r\n            <div class=\"learnNavigationWrapper\">\r\n                <div class=\"learnNavigationContent\">\r\n                    <img decoding=\"async\" src=\"https:\/\/talkpal.ai\/wp-content\/uploads\/2024\/08\/Macedonian.jpg\" alt=\"Macedonian Flag\">\r\n                    <div>\r\n                        <h4>Makedonski besednjak<\/h4>\r\n                        <p>Raz\u0161irite svoj makedonski besedni zaklad.<\/p>\r\n                    <\/div>\r\n                <\/div>\r\n            <\/div>\r\n        <\/a>\r\n\r\n            <\/section>","protected":false},"excerpt":{"rendered":"<p>Razkrivanje skrivnosti makedonske slovnice Makedonska slovnica &#8211; zapletena, a dostopna, fascinantna, a graciozna, zapletena, a intrigantna. Ko za\u010dnete svoje potovanje v svet makedonskega jezika, boste morda za\u010dutili me\u0161anico navdu\u0161enja in zastra\u0161evanja, ko gre za de\u0161ifriranje njegovih slovni\u010dnih ugank. Ne bojte se, gore\u010d jezikovni navdu\u0161enec! Na tej jezikovni pustolov\u0161\u010dini vas bomo podprli! V tem zanimivem \u010dlanku [&hellip;]<\/p>\n","protected":false},"author":1,"featured_media":115340,"parent":0,"menu_order":0,"comment_status":"closed","ping_status":"closed","template":"LearningContentPage.php","meta":{"_acf_changed":false,"footnotes":""},"class_list":["post-146765","page","type-page","status-publish","has-post-thumbnail","hentry"],"acf":[],"yoast_head":"<!-- This site is optimized with the Yoast SEO Premium plugin v27.2 (Yoast SEO v27.2) - https:\/\/yoast.com\/product\/yoast-seo-premium-wordpress\/ -->\n<title>Makedonska slovnica - Talkpal<\/title>\n<meta name=\"description\" content=\"Obvladajte makedonsko slovnico brez te\u017eav z Talkpal, ki ga poganja umetna inteligenca. Izbolj\u0161ajte svoje znanje makedonske slovnice!\" \/>\n<meta name=\"robots\" content=\"index, follow, max-snippet:-1, max-image-preview:large, max-video-preview:-1\" \/>\n<link rel=\"canonical\" href=\"https:\/\/talkpal.ai\/sl\/makedonska-slovnica\/\" \/>\n<meta property=\"og:locale\" content=\"sl_SI\" \/>\n<meta property=\"og:type\" content=\"article\" \/>\n<meta property=\"og:title\" content=\"Makedonska slovnica\" \/>\n<meta property=\"og:description\" content=\"Razkrivanje skrivnosti makedonske slovnice Makedonska slovnica - zapletena, a dostopna, fascinantna, a graciozna, zapletena, a intrigantna. Ko za\u010dnete\" \/>\n<meta property=\"og:url\" content=\"https:\/\/talkpal.ai\/sl\/makedonska-slovnica\/\" \/>\n<meta property=\"og:site_name\" content=\"Talkpal\" \/>\n<meta property=\"article:publisher\" content=\"https:\/\/www.facebook.com\/profile.php?id=100090733639311\" \/>\n<meta property=\"article:modified_time\" content=\"2025-12-17T16:35:35+00:00\" \/>\n<meta property=\"og:image\" content=\"https:\/\/talkpal.ai\/wp-content\/uploads\/2023\/05\/republic-of-macedonia.png\" \/>\n\t<meta property=\"og:image:width\" content=\"512\" \/>\n\t<meta property=\"og:image:height\" content=\"512\" \/>\n\t<meta property=\"og:image:type\" content=\"image\/png\" \/>\n<meta name=\"twitter:card\" content=\"summary_large_image\" \/>\n<meta name=\"twitter:site\" content=\"@talkpalai\" \/>\n<meta name=\"twitter:label1\" content=\"Est. reading time\" \/>\n\t<meta name=\"twitter:data1\" content=\"3 minute\" \/>\n<script type=\"application\/ld+json\" class=\"yoast-schema-graph\">{\"@context\":\"https:\/\/schema.org\",\"@graph\":[{\"@type\":\"WebPage\",\"@id\":\"https:\/\/talkpal.ai\/sl\/makedonska-slovnica\/\",\"url\":\"https:\/\/talkpal.ai\/sl\/makedonska-slovnica\/\",\"name\":\"Makedonska slovnica - Talkpal\",\"isPartOf\":{\"@id\":\"https:\/\/talkpal.ai\/sl\/#website\"},\"primaryImageOfPage\":{\"@id\":\"https:\/\/talkpal.ai\/sl\/makedonska-slovnica\/#primaryimage\"},\"image\":{\"@id\":\"https:\/\/talkpal.ai\/sl\/makedonska-slovnica\/#primaryimage\"},\"thumbnailUrl\":\"https:\/\/talkpal.ai\/wp-content\/uploads\/2023\/05\/republic-of-macedonia.png\",\"datePublished\":\"2023-05-14T14:11:28+00:00\",\"dateModified\":\"2025-12-17T16:35:35+00:00\",\"description\":\"Obvladajte makedonsko slovnico brez te\u017eav z Talkpal, ki ga poganja umetna inteligenca. Izbolj\u0161ajte svoje znanje makedonske slovnice!\",\"breadcrumb\":{\"@id\":\"https:\/\/talkpal.ai\/sl\/makedonska-slovnica\/#breadcrumb\"},\"inLanguage\":\"sl-SI\",\"potentialAction\":[{\"@type\":\"ReadAction\",\"target\":[\"https:\/\/talkpal.ai\/sl\/makedonska-slovnica\/\"]}]},{\"@type\":\"ImageObject\",\"inLanguage\":\"sl-SI\",\"@id\":\"https:\/\/talkpal.ai\/sl\/makedonska-slovnica\/#primaryimage\",\"url\":\"https:\/\/talkpal.ai\/wp-content\/uploads\/2023\/05\/republic-of-macedonia.png\",\"contentUrl\":\"https:\/\/talkpal.ai\/wp-content\/uploads\/2023\/05\/republic-of-macedonia.png\",\"width\":512,\"height\":512},{\"@type\":\"BreadcrumbList\",\"@id\":\"https:\/\/talkpal.ai\/sl\/makedonska-slovnica\/#breadcrumb\",\"itemListElement\":[{\"@type\":\"ListItem\",\"position\":1,\"name\":\"Homepage\",\"item\":\"https:\/\/talkpal.ai\/sl\/\"},{\"@type\":\"ListItem\",\"position\":2,\"name\":\"Makedonska slovnica\"}]},{\"@type\":\"WebSite\",\"@id\":\"https:\/\/talkpal.ai\/sl\/#website\",\"url\":\"https:\/\/talkpal.ai\/sl\/\",\"name\":\"Talkpal\",\"description\":\"AI Language Learning\",\"publisher\":{\"@id\":\"https:\/\/talkpal.ai\/sl\/#organization\"},\"alternateName\":\"Talkpal AI\",\"potentialAction\":[{\"@type\":\"SearchAction\",\"target\":{\"@type\":\"EntryPoint\",\"urlTemplate\":\"https:\/\/talkpal.ai\/sl\/?s={search_term_string}\"},\"query-input\":{\"@type\":\"PropertyValueSpecification\",\"valueRequired\":true,\"valueName\":\"search_term_string\"}}],\"inLanguage\":\"sl-SI\"},{\"@type\":\"Organization\",\"@id\":\"https:\/\/talkpal.ai\/sl\/#organization\",\"name\":\"Talkpal, Inc.\",\"alternateName\":\"Talkpal AI\",\"url\":\"https:\/\/talkpal.ai\/sl\/\",\"logo\":{\"@type\":\"ImageObject\",\"inLanguage\":\"sl-SI\",\"@id\":\"https:\/\/talkpal.ai\/sl\/#\/schema\/logo\/image\/\",\"url\":\"https:\/\/talkpal.ai\/wp-content\/uploads\/2024\/03\/Talkpal-Logo-Icon.png\",\"contentUrl\":\"https:\/\/talkpal.ai\/wp-content\/uploads\/2024\/03\/Talkpal-Logo-Icon.png\",\"width\":2880,\"height\":2880,\"caption\":\"Talkpal, Inc.\"},\"image\":{\"@id\":\"https:\/\/talkpal.ai\/sl\/#\/schema\/logo\/image\/\"},\"sameAs\":[\"https:\/\/www.facebook.com\/profile.php?id=100090733639311\",\"https:\/\/x.com\/talkpalai\",\"https:\/\/www.linkedin.com\/company\/talkpal\/\",\"https:\/\/www.youtube.com\/@TalkPal\/\",\"https:\/\/www.tiktok.com\/@talkpal\",\"https:\/\/www.instagram.com\/talkpal_ai\/\",\"https:\/\/www.crunchbase.com\/organization\/talkpal-9cde\",\"https:\/\/www.g2.com\/products\/talkpal-for-business\/\",\"https:\/\/www.trustpilot.com\/review\/talkpal.ai\",\"https:\/\/www.capterra.com\/p\/10006800\/TalkPal\/\"],\"description\":\"Talkpal is a language learning web and mobile education app, powered by the latest AI technologies, that provides engaging experiences to its customers in many different languages to help them improve their language skills. Users can chat about unlimited amount of topics with the app and use other modes to practice their language learning.\",\"email\":\"support@talkpal.ai\",\"legalName\":\"Talkpal, Inc.\",\"foundingDate\":\"2023-04-03\",\"duns\":\"118989042\",\"numberOfEmployees\":{\"@type\":\"QuantitativeValue\",\"minValue\":\"11\",\"maxValue\":\"50\"},\"publishingPrinciples\":\"https:\/\/talkpal.ai\/publishing-principles\/\",\"actionableFeedbackPolicy\":\"https:\/\/talkpal.ai\/actionable-feedback-policy\/\",\"correctionsPolicy\":\"https:\/\/talkpal.ai\/corrections-policy\/\",\"ethicsPolicy\":\"https:\/\/talkpal.ai\/ethics-policy\/\",\"diversityPolicy\":\"https:\/\/talkpal.ai\/diversity-policy\/\",\"diversityStaffingReport\":\"https:\/\/talkpal.ai\/diversity-policy\/\"}]}<\/script>\n<!-- \/ Yoast SEO Premium plugin. -->","yoast_head_json":{"title":"Makedonska slovnica - Talkpal","description":"Obvladajte makedonsko slovnico brez te\u017eav z Talkpal, ki ga poganja umetna inteligenca. Izbolj\u0161ajte svoje znanje makedonske slovnice!","robots":{"index":"index","follow":"follow","max-snippet":"max-snippet:-1","max-image-preview":"max-image-preview:large","max-video-preview":"max-video-preview:-1"},"canonical":"https:\/\/talkpal.ai\/sl\/makedonska-slovnica\/","og_locale":"sl_SI","og_type":"article","og_title":"Makedonska slovnica","og_description":"Razkrivanje skrivnosti makedonske slovnice Makedonska slovnica - zapletena, a dostopna, fascinantna, a graciozna, zapletena, a intrigantna. Ko za\u010dnete","og_url":"https:\/\/talkpal.ai\/sl\/makedonska-slovnica\/","og_site_name":"Talkpal","article_publisher":"https:\/\/www.facebook.com\/profile.php?id=100090733639311","article_modified_time":"2025-12-17T16:35:35+00:00","og_image":[{"width":512,"height":512,"url":"https:\/\/talkpal.ai\/wp-content\/uploads\/2023\/05\/republic-of-macedonia.png","type":"image\/png"}],"twitter_card":"summary_large_image","twitter_site":"@talkpalai","twitter_misc":{"Est. reading time":"3 minute"},"schema":{"@context":"https:\/\/schema.org","@graph":[{"@type":"WebPage","@id":"https:\/\/talkpal.ai\/sl\/makedonska-slovnica\/","url":"https:\/\/talkpal.ai\/sl\/makedonska-slovnica\/","name":"Makedonska slovnica - Talkpal","isPartOf":{"@id":"https:\/\/talkpal.ai\/sl\/#website"},"primaryImageOfPage":{"@id":"https:\/\/talkpal.ai\/sl\/makedonska-slovnica\/#primaryimage"},"image":{"@id":"https:\/\/talkpal.ai\/sl\/makedonska-slovnica\/#primaryimage"},"thumbnailUrl":"https:\/\/talkpal.ai\/wp-content\/uploads\/2023\/05\/republic-of-macedonia.png","datePublished":"2023-05-14T14:11:28+00:00","dateModified":"2025-12-17T16:35:35+00:00","description":"Obvladajte makedonsko slovnico brez te\u017eav z Talkpal, ki ga poganja umetna inteligenca. Izbolj\u0161ajte svoje znanje makedonske slovnice!","breadcrumb":{"@id":"https:\/\/talkpal.ai\/sl\/makedonska-slovnica\/#breadcrumb"},"inLanguage":"sl-SI","potentialAction":[{"@type":"ReadAction","target":["https:\/\/talkpal.ai\/sl\/makedonska-slovnica\/"]}]},{"@type":"ImageObject","inLanguage":"sl-SI","@id":"https:\/\/talkpal.ai\/sl\/makedonska-slovnica\/#primaryimage","url":"https:\/\/talkpal.ai\/wp-content\/uploads\/2023\/05\/republic-of-macedonia.png","contentUrl":"https:\/\/talkpal.ai\/wp-content\/uploads\/2023\/05\/republic-of-macedonia.png","width":512,"height":512},{"@type":"BreadcrumbList","@id":"https:\/\/talkpal.ai\/sl\/makedonska-slovnica\/#breadcrumb","itemListElement":[{"@type":"ListItem","position":1,"name":"Homepage","item":"https:\/\/talkpal.ai\/sl\/"},{"@type":"ListItem","position":2,"name":"Makedonska slovnica"}]},{"@type":"WebSite","@id":"https:\/\/talkpal.ai\/sl\/#website","url":"https:\/\/talkpal.ai\/sl\/","name":"Talkpal","description":"AI Language Learning","publisher":{"@id":"https:\/\/talkpal.ai\/sl\/#organization"},"alternateName":"Talkpal AI","potentialAction":[{"@type":"SearchAction","target":{"@type":"EntryPoint","urlTemplate":"https:\/\/talkpal.ai\/sl\/?s={search_term_string}"},"query-input":{"@type":"PropertyValueSpecification","valueRequired":true,"valueName":"search_term_string"}}],"inLanguage":"sl-SI"},{"@type":"Organization","@id":"https:\/\/talkpal.ai\/sl\/#organization","name":"Talkpal, Inc.","alternateName":"Talkpal AI","url":"https:\/\/talkpal.ai\/sl\/","logo":{"@type":"ImageObject","inLanguage":"sl-SI","@id":"https:\/\/talkpal.ai\/sl\/#\/schema\/logo\/image\/","url":"https:\/\/talkpal.ai\/wp-content\/uploads\/2024\/03\/Talkpal-Logo-Icon.png","contentUrl":"https:\/\/talkpal.ai\/wp-content\/uploads\/2024\/03\/Talkpal-Logo-Icon.png","width":2880,"height":2880,"caption":"Talkpal, Inc."},"image":{"@id":"https:\/\/talkpal.ai\/sl\/#\/schema\/logo\/image\/"},"sameAs":["https:\/\/www.facebook.com\/profile.php?id=100090733639311","https:\/\/x.com\/talkpalai","https:\/\/www.linkedin.com\/company\/talkpal\/","https:\/\/www.youtube.com\/@TalkPal\/","https:\/\/www.tiktok.com\/@talkpal","https:\/\/www.instagram.com\/talkpal_ai\/","https:\/\/www.crunchbase.com\/organization\/talkpal-9cde","https:\/\/www.g2.com\/products\/talkpal-for-business\/","https:\/\/www.trustpilot.com\/review\/talkpal.ai","https:\/\/www.capterra.com\/p\/10006800\/TalkPal\/"],"description":"Talkpal is a language learning web and mobile education app, powered by the latest AI technologies, that provides engaging experiences to its customers in many different languages to help them improve their language skills. Users can chat about unlimited amount of topics with the app and use other modes to practice their language learning.","email":"support@talkpal.ai","legalName":"Talkpal, Inc.","foundingDate":"2023-04-03","duns":"118989042","numberOfEmployees":{"@type":"QuantitativeValue","minValue":"11","maxValue":"50"},"publishingPrinciples":"https:\/\/talkpal.ai\/publishing-principles\/","actionableFeedbackPolicy":"https:\/\/talkpal.ai\/actionable-feedback-policy\/","correctionsPolicy":"https:\/\/talkpal.ai\/corrections-policy\/","ethicsPolicy":"https:\/\/talkpal.ai\/ethics-policy\/","diversityPolicy":"https:\/\/talkpal.ai\/diversity-policy\/","diversityStaffingReport":"https:\/\/talkpal.ai\/diversity-policy\/"}]}},"_links":{"self":[{"href":"https:\/\/talkpal.ai\/sl\/wp-json\/wp\/v2\/pages\/146765","targetHints":{"allow":["GET"]}}],"collection":[{"href":"https:\/\/talkpal.ai\/sl\/wp-json\/wp\/v2\/pages"}],"about":[{"href":"https:\/\/talkpal.ai\/sl\/wp-json\/wp\/v2\/types\/page"}],"author":[{"embeddable":true,"href":"https:\/\/talkpal.ai\/sl\/wp-json\/wp\/v2\/users\/1"}],"replies":[{"embeddable":true,"href":"https:\/\/talkpal.ai\/sl\/wp-json\/wp\/v2\/comments?post=146765"}],"version-history":[{"count":0,"href":"https:\/\/talkpal.ai\/sl\/wp-json\/wp\/v2\/pages\/146765\/revisions"}],"wp:featuredmedia":[{"embeddable":true,"href":"https:\/\/talkpal.ai\/sl\/wp-json\/wp\/v2\/media\/115340"}],"wp:attachment":[{"href":"https:\/\/talkpal.ai\/sl\/wp-json\/wp\/v2\/media?parent=146765"}],"curies":[{"name":"wp","href":"https:\/\/api.w.org\/{rel}","templated":true}]}}