{"id":146504,"date":"2023-05-14T14:11:00","date_gmt":"2023-05-14T14:11:00","guid":{"rendered":"http:\/\/talkpal.ai\/kazahstanska-slovnica\/"},"modified":"2025-12-17T17:18:13","modified_gmt":"2025-12-17T17:18:13","slug":"kazahstanska-slovnica","status":"publish","type":"page","link":"https:\/\/talkpal.ai\/sl\/kazahstanska-slovnica\/","title":{"rendered":"Kazahstanska slovnica"},"content":{"rendered":"\r\n\r\n\r\n<section class=\"languageChallengeSection\">\r\n    <div class=\"languageInfoWrapper\">\r\n        \r\n        <h1>Kazahstanska slovnica<\/h1>\r\n        <p>U\u010denje kazahstancev odpira vrata v jezik z bogato zgodovino in kulturo, v njegovem jedru pa se skriva zanimiv slovni\u010dni sistem. \u010ceprav se kazahstanska <a href=\"https:\/\/talkpal.ai\/grammar\/\">slovnica<\/a> sprva zdi zapletena, je z razumevanjem njenih osnovnih zna\u010dilnosti, kot so harmonija samoglasnikov, samostalni\u0161ki primeri in glagolski \u010dasi, obvladovanje jezika dosegljivo in koristno. Potopite se in odkrijte, v \u010dem je kazahstan\u0161\u010dina edinstvena!<\/p>\r\n\r\n                            <a class=\"getStartedHidden\" href=\"https:\/\/app.talkpal.ai\/sl\/signup?lng=\">Za\u010dni<\/a>\r\n        \r\n    <\/div>\r\n\r\n    <figure>\r\n    <img decoding=\"async\" width=\"768\" height=\"768\" src=\"https:\/\/talkpal.ai\/wp-content\/uploads\/2023\/06\/Khazak-768x768.png\" class=\"languageImage no-lazy\" alt=\"Language learning for increased negotiation skills\" fetchpriority=\"high\" sizes=\"(max-width: 768px) 150px, 768px\" srcset=\"https:\/\/talkpal.ai\/wp-content\/uploads\/2023\/06\/Khazak-768x768.png 768w, https:\/\/talkpal.ai\/wp-content\/uploads\/2023\/06\/Khazak-300x300.png 300w\" \/>\r\n    \r\n\r\n    <\/figure>\r\n\r\n            <a class=\"getStartedVisible\" href=\"https:\/\/app.talkpal.ai\/sl\/signup?lng=\">Za\u010dni<\/a>\r\n    \r\n<\/section>\r\n<section class=\"promotionalBanner\">\r\n    <p class=\"promotionalText\">Naju\u010dinkovitej\u0161i na\u010din u\u010denja jezika<\/p>\r\n    <a class=\"promotionalLink\" href=\"https:\/\/app.talkpal.ai\/sl\/signup?lng=\">Preizkusite Talkpal brezpla\u010dno<\/a>\r\n<\/section>\n<div class=\"wp-block-group pageContainerStyle\"><div class=\"wp-block-group__inner-container is-layout-constrained wp-block-group-is-layout-constrained\">\n<h2 class=\"wp-block-heading\" id=\"h-kazakh-grammar-unlocking-the-secrets-of-the-kazakh-language\">Kazahstanska slovnica: odklepanje skrivnosti kazahstanskega jezika<\/h2>\n\n\n\n<p>Ko gre za u\u010denje kazahstanskega jezika, je razumevanje osnov kazahstanske slovnice bistveno za odkrivanje njenih skrivnosti. \u010ceprav se sprva morda zdi zastra\u0161ujo\u010de, se slovni\u010dni sistem pona\u0161a z edinstvenimi lastnostmi, zaradi katerih je jezik fascinanten. Ta \u010dlanek posku\u0161a osvetliti klju\u010dne vidike kazahstanske slovnice in v pogovorni in neformalni obliki predstaviti bogato strukturo jezika.<\/p>\n\n\n\n<h3 class=\"wp-block-heading\" id=\"h-1-nouns-harmony-in-cases-and-declensions\">1. Samostalniki \u2013 harmonija v primerih in deklinacijah<\/h3>\n\n\n\n<p><a href=\"https:\/\/talkpal.ai\/locations\/language-courses-in-ena\/\">Ena<\/a> od prvih stvari, ki jih je treba upo\u0161tevati v kazahstanski slovnici, je struktura samostalnika. Jezik uporablja sistem samoglasni\u0161ke harmonije, kjer so samoglasniki spredaj ali zadaj, prednost pa imajo harmoni\u010dne kombinacije. Ta sistem se povezuje s samostalni\u0161kimi mno\u017einami, ki se oblikujejo skozi razli\u010dne pripone, ki se ujemajo s harmoni\u010dno skupino za\u010detnega samostalnika.<\/p>\n\n\n\n<p>Kazahstanski samostalniki se dr\u017eijo sedmih primerov: nominativni, genitivni, dativni, akuzativni, lokativni, ablativni in instrumentalni. \u010ceprav je sprva zastra\u0161ujo\u010de, je obvladovanje teh primerov klju\u010dnega pomena pri oblikovanju natan\u010dnih stav\u010dnih struktur. Primeri dolo\u010dajo razmerja med besedami, kar omogo\u010da fleksibilnost vrstnega <a href=\"https:\/\/talkpal.ai\/locations\/learn-english-in-reda\/\">reda<\/a> besed, ne da bi pri tem izgubili pomen.<\/p>\n\n\n\n<h3 class=\"wp-block-heading\" id=\"h-2-adjectives-agreement-and-comparison\">2. Pridevniki \u2013 dogovor in primerjava<\/h3>\n\n\n\n<p>Kazahstanski pridevniki se uporabljajo za opis in zagotavljanje ve\u010d informacij o samostalnikih. Strinjati se morajo s samostalnikom, ki ga spreminjajo glede na primer in \u0161tevilo. Poleg tega je mogo\u010de pridevnike primerjati s primerjalnimi in prese\u017enimi stopnjami, dose\u017eenimi z dodajanjem ustreznih pripon, da se izrazijo razli\u010dne ravni poudarka.<\/p>\n\n\n\n<p>Na primer, beseda &#8220;lep&#8221; v kazahstan\u0161\u010dini je &#8220;\u0441\u044b\u04a3\u0448\u044b&#8221;. Ko opisujemo \u010dudovit vrt (\u0431\u0430\u049b), bi se stavek glasil &#8220;\u0441\u044b\u04a3\u0448\u044b \u0431\u0430\u049b&#8221;. \u010ce bi rekli &#8220;lep\u0161i&#8221;, bi uporabili &#8220;\u0441\u044b\u04a3\u0448\u044b\u0440\u0430\u049b&#8221;, &#8220;najlep\u0161i&#8221; pa bi tvorili z &#8220;\u0441\u044b\u04a3\u0448\u044b&#8221;. \u010ce bi rekli &#8220;najlep\u0161i vrt&#8221;, bi uporabili &#8220;\u0441\u044b\u04a3\u0448\u044b \u0431\u0430\u049b&#8221;.<\/p>\n\n\n\n<h3 class=\"wp-block-heading\" id=\"h-3-verbs-tense-mood-and-aspect\">3. Glagoli &#8211; napet, razpolo\u017eenje in vidik<\/h3>\n\n\n\n<p>Glagoli v kazahstan\u0161\u010dini prikazujejo \u010das, razpolo\u017eenje in vidik. Jezik vsebuje tri glavne \u010dase: preteklost, sedanjost in prihodnost. Vsak \u010das ima razli\u010dne oblike, ki temeljijo na zaimku subjekta, razpolo\u017eenju (na primer nujnem ali pogojnem) in vidiku (ali je dejanje popolno, odra\u017ea zaklju\u010deno dejanje ali nepopolno, kar ka\u017ee na teko\u010de ali obi\u010dajno dejanje).<\/p>\n\n\n\n<h3 class=\"wp-block-heading\" id=\"h-4-pronouns-personal-and-demonstrative\">4. Zaimki &#8211; osebni in demonstrativni<\/h3>\n\n\n\n<p>Zaimki v kazahstanski slovnici vklju\u010dujejo osebne, posesivne, predstavitvene, zasli\u0161evalne in relativne sorte. V primeru in \u0161tevilki se morajo strinjati s samostalnikom, na katerega se sklicujejo ali ga nadome\u0161\u010dajo. Demonstrativni zaimki imajo na primer tri oblike: proksimalno (\u0431\u04b1\u043b), medialno (\u043e\u0441\u044b) in distalno (\u0430\u043d\u0430\u0443), odvisno od razdalje do zvo\u010dnika.<\/p>\n\n\n\n<h3 class=\"wp-block-heading\" id=\"h-5-embracing-the-uniqueness-of-kazakh-grammar\">5. Sprejemanje edinstvenosti kazahstanske slovnice<\/h3>\n\n\n\n<p>Ko se odpravljate na pot kazahstanskega jezika, ne pozabite, da ne gre za to, da bi naenkrat obvladali vse odtenke. U\u017eivajte v odkrivanju edinstvenega slovni\u010dnega sistema, ki lo\u010duje kazahstan\u0161\u010dino in si vzame \u010das, da ga razume, ne da bi se po\u010dutili preobremenjeni.<\/p>\n\n\n\n<p>Z razumevanjem in raziskovanjem posebnosti kazahstanske slovnice lahko resni\u010dno odkrijete lepoto tega jezika in pridobite bolj\u0161i dostop do bogate kulturne dedi\u0161\u010dine, ki jo utele\u0161a. \u0421\u04d9\u0442\u0442\u0456 \u043e\u049b\u0443 \u2013 Sre\u010dno u\u010denje!<\/p>\n<\/div><\/div>\n\r\n<section class=\"learnNavigationSection\">\r\n            \r\n        <a href=\"https:\/\/talkpal.ai\/sl\/naucite-se-kazahstanskega-jezika\/\">\r\n            <div class=\"learnNavigationWrapper\">\r\n                <div class=\"learnNavigationContent\">\r\n                    <img decoding=\"async\" src=\"https:\/\/talkpal.ai\/wp-content\/uploads\/2024\/08\/Kazakh.jpg\" alt=\"Kazakh Flag\">\r\n                    <div>\r\n                        <h4>O kazahstanskem u\u010denju<\/h4>\r\n                        <p>Izvedite vse o kazahstanski slovnici.<\/p>\r\n                    <\/div>\r\n                <\/div>\r\n            <\/div>\r\n        <\/a>\r\n\r\n        \r\n        <a href=\"https:\/\/talkpal.ai\/sl\/kazahstanske-slovnicne-vaje\/\">\r\n            <div class=\"learnNavigationWrapper\">\r\n                <div class=\"learnNavigationContent\">\r\n                    <img decoding=\"async\" src=\"https:\/\/talkpal.ai\/wp-content\/uploads\/2024\/08\/Kazakh.jpg\" alt=\"Kazakh Flag\">\r\n                    <div>\r\n                        <h4>Kazahstanska slovni\u010dna vaja<\/h4>\r\n                        <p>Vadite kazahstansko slovnico.<\/p>\r\n                    <\/div>\r\n                <\/div>\r\n            <\/div>\r\n        <\/a>\r\n\r\n        \r\n        <a href=\"https:\/\/talkpal.ai\/vocabulary_language\/kazakh\/\">\r\n            <div class=\"learnNavigationWrapper\">\r\n                <div class=\"learnNavigationContent\">\r\n                    <img decoding=\"async\" src=\"https:\/\/talkpal.ai\/wp-content\/uploads\/2024\/08\/Kazakh.jpg\" alt=\"Kazakh Flag\">\r\n                    <div>\r\n                        <h4>Kazahstanski besednjak<\/h4>\r\n                        <p>Raz\u0161irite svoj kazahstanski besedni zaklad.<\/p>\r\n                    <\/div>\r\n                <\/div>\r\n            <\/div>\r\n        <\/a>\r\n\r\n            <\/section>","protected":false},"excerpt":{"rendered":"<p>Kazahstanska slovnica: odklepanje skrivnosti kazahstanskega jezika Ko gre za u\u010denje kazahstanskega jezika, je razumevanje osnov kazahstanske slovnice bistveno za odkrivanje njenih skrivnosti. \u010ceprav se sprva morda zdi zastra\u0161ujo\u010de, se slovni\u010dni sistem pona\u0161a z edinstvenimi lastnostmi, zaradi katerih je jezik fascinanten. Ta \u010dlanek posku\u0161a osvetliti klju\u010dne vidike kazahstanske slovnice in v pogovorni in neformalni obliki predstaviti [&hellip;]<\/p>\n","protected":false},"author":1,"featured_media":114329,"parent":0,"menu_order":0,"comment_status":"closed","ping_status":"closed","template":"LearningContentPage.php","meta":{"_acf_changed":false,"footnotes":""},"class_list":["post-146504","page","type-page","status-publish","has-post-thumbnail","hentry"],"acf":[],"yoast_head":"<!-- This site is optimized with the Yoast SEO Premium plugin v27.2 (Yoast SEO v27.2) - https:\/\/yoast.com\/product\/yoast-seo-premium-wordpress\/ -->\n<title>Kazahstanska slovnica - Talkpal<\/title>\n<meta name=\"description\" content=\"Brez te\u017eav osvojite kazahstansko slovnico - nau\u010dite se bistvenih pravil, vadite stav\u010dno strukturo in hitro izbolj\u0161ajte svojo teko\u010dnost\" \/>\n<meta name=\"robots\" content=\"index, follow, max-snippet:-1, max-image-preview:large, max-video-preview:-1\" \/>\n<link rel=\"canonical\" href=\"https:\/\/talkpal.ai\/sl\/kazahstanska-slovnica\/\" \/>\n<meta property=\"og:locale\" content=\"sl_SI\" \/>\n<meta property=\"og:type\" content=\"article\" \/>\n<meta property=\"og:title\" content=\"Kazahstanska slovnica\" \/>\n<meta property=\"og:description\" content=\"Kazahstanska slovnica: odklepanje skrivnosti kazahstanskega jezika Ko gre za u\u010denje kazahstanskega jezika, je razumevanje osnov kazahstanske slovnice\" \/>\n<meta property=\"og:url\" content=\"https:\/\/talkpal.ai\/sl\/kazahstanska-slovnica\/\" \/>\n<meta property=\"og:site_name\" content=\"Talkpal\" \/>\n<meta property=\"article:publisher\" content=\"https:\/\/www.facebook.com\/profile.php?id=100090733639311\" \/>\n<meta property=\"article:modified_time\" content=\"2025-12-17T17:18:13+00:00\" \/>\n<meta property=\"og:image\" content=\"https:\/\/talkpal.ai\/wp-content\/uploads\/2023\/05\/kazakhstan.png\" \/>\n\t<meta property=\"og:image:width\" content=\"512\" \/>\n\t<meta property=\"og:image:height\" content=\"512\" \/>\n\t<meta property=\"og:image:type\" content=\"image\/png\" \/>\n<meta name=\"twitter:card\" content=\"summary_large_image\" \/>\n<meta name=\"twitter:site\" content=\"@talkpalai\" \/>\n<meta name=\"twitter:label1\" content=\"Est. reading time\" \/>\n\t<meta name=\"twitter:data1\" content=\"2 minuti\" \/>\n<script type=\"application\/ld+json\" class=\"yoast-schema-graph\">{\"@context\":\"https:\/\/schema.org\",\"@graph\":[{\"@type\":\"WebPage\",\"@id\":\"https:\/\/talkpal.ai\/sl\/kazahstanska-slovnica\/\",\"url\":\"https:\/\/talkpal.ai\/sl\/kazahstanska-slovnica\/\",\"name\":\"Kazahstanska slovnica - Talkpal\",\"isPartOf\":{\"@id\":\"https:\/\/talkpal.ai\/sl\/#website\"},\"primaryImageOfPage\":{\"@id\":\"https:\/\/talkpal.ai\/sl\/kazahstanska-slovnica\/#primaryimage\"},\"image\":{\"@id\":\"https:\/\/talkpal.ai\/sl\/kazahstanska-slovnica\/#primaryimage\"},\"thumbnailUrl\":\"https:\/\/talkpal.ai\/wp-content\/uploads\/2023\/05\/kazakhstan.png\",\"datePublished\":\"2023-05-14T14:11:00+00:00\",\"dateModified\":\"2025-12-17T17:18:13+00:00\",\"description\":\"Brez te\u017eav osvojite kazahstansko slovnico - nau\u010dite se bistvenih pravil, vadite stav\u010dno strukturo in hitro izbolj\u0161ajte svojo teko\u010dnost\",\"breadcrumb\":{\"@id\":\"https:\/\/talkpal.ai\/sl\/kazahstanska-slovnica\/#breadcrumb\"},\"inLanguage\":\"sl-SI\",\"potentialAction\":[{\"@type\":\"ReadAction\",\"target\":[\"https:\/\/talkpal.ai\/sl\/kazahstanska-slovnica\/\"]}]},{\"@type\":\"ImageObject\",\"inLanguage\":\"sl-SI\",\"@id\":\"https:\/\/talkpal.ai\/sl\/kazahstanska-slovnica\/#primaryimage\",\"url\":\"https:\/\/talkpal.ai\/wp-content\/uploads\/2023\/05\/kazakhstan.png\",\"contentUrl\":\"https:\/\/talkpal.ai\/wp-content\/uploads\/2023\/05\/kazakhstan.png\",\"width\":512,\"height\":512},{\"@type\":\"BreadcrumbList\",\"@id\":\"https:\/\/talkpal.ai\/sl\/kazahstanska-slovnica\/#breadcrumb\",\"itemListElement\":[{\"@type\":\"ListItem\",\"position\":1,\"name\":\"Homepage\",\"item\":\"https:\/\/talkpal.ai\/sl\/\"},{\"@type\":\"ListItem\",\"position\":2,\"name\":\"Kazahstanska slovnica\"}]},{\"@type\":\"WebSite\",\"@id\":\"https:\/\/talkpal.ai\/sl\/#website\",\"url\":\"https:\/\/talkpal.ai\/sl\/\",\"name\":\"Talkpal\",\"description\":\"AI Language Learning\",\"publisher\":{\"@id\":\"https:\/\/talkpal.ai\/sl\/#organization\"},\"alternateName\":\"Talkpal AI\",\"potentialAction\":[{\"@type\":\"SearchAction\",\"target\":{\"@type\":\"EntryPoint\",\"urlTemplate\":\"https:\/\/talkpal.ai\/sl\/?s={search_term_string}\"},\"query-input\":{\"@type\":\"PropertyValueSpecification\",\"valueRequired\":true,\"valueName\":\"search_term_string\"}}],\"inLanguage\":\"sl-SI\"},{\"@type\":\"Organization\",\"@id\":\"https:\/\/talkpal.ai\/sl\/#organization\",\"name\":\"Talkpal, Inc.\",\"alternateName\":\"Talkpal AI\",\"url\":\"https:\/\/talkpal.ai\/sl\/\",\"logo\":{\"@type\":\"ImageObject\",\"inLanguage\":\"sl-SI\",\"@id\":\"https:\/\/talkpal.ai\/sl\/#\/schema\/logo\/image\/\",\"url\":\"https:\/\/talkpal.ai\/wp-content\/uploads\/2024\/03\/Talkpal-Logo-Icon.png\",\"contentUrl\":\"https:\/\/talkpal.ai\/wp-content\/uploads\/2024\/03\/Talkpal-Logo-Icon.png\",\"width\":2880,\"height\":2880,\"caption\":\"Talkpal, Inc.\"},\"image\":{\"@id\":\"https:\/\/talkpal.ai\/sl\/#\/schema\/logo\/image\/\"},\"sameAs\":[\"https:\/\/www.facebook.com\/profile.php?id=100090733639311\",\"https:\/\/x.com\/talkpalai\",\"https:\/\/www.linkedin.com\/company\/talkpal\/\",\"https:\/\/www.youtube.com\/@TalkPal\/\",\"https:\/\/www.tiktok.com\/@talkpal\",\"https:\/\/www.instagram.com\/talkpal_ai\/\",\"https:\/\/www.crunchbase.com\/organization\/talkpal-9cde\",\"https:\/\/www.g2.com\/products\/talkpal-for-business\/\",\"https:\/\/www.trustpilot.com\/review\/talkpal.ai\",\"https:\/\/www.capterra.com\/p\/10006800\/TalkPal\/\"],\"description\":\"Talkpal is a language learning web and mobile education app, powered by the latest AI technologies, that provides engaging experiences to its customers in many different languages to help them improve their language skills. Users can chat about unlimited amount of topics with the app and use other modes to practice their language learning.\",\"email\":\"support@talkpal.ai\",\"legalName\":\"Talkpal, Inc.\",\"foundingDate\":\"2023-04-03\",\"duns\":\"118989042\",\"numberOfEmployees\":{\"@type\":\"QuantitativeValue\",\"minValue\":\"11\",\"maxValue\":\"50\"},\"publishingPrinciples\":\"https:\/\/talkpal.ai\/publishing-principles\/\",\"actionableFeedbackPolicy\":\"https:\/\/talkpal.ai\/actionable-feedback-policy\/\",\"correctionsPolicy\":\"https:\/\/talkpal.ai\/corrections-policy\/\",\"ethicsPolicy\":\"https:\/\/talkpal.ai\/ethics-policy\/\",\"diversityPolicy\":\"https:\/\/talkpal.ai\/diversity-policy\/\",\"diversityStaffingReport\":\"https:\/\/talkpal.ai\/diversity-policy\/\"}]}<\/script>\n<!-- \/ Yoast SEO Premium plugin. -->","yoast_head_json":{"title":"Kazahstanska slovnica - Talkpal","description":"Brez te\u017eav osvojite kazahstansko slovnico - nau\u010dite se bistvenih pravil, vadite stav\u010dno strukturo in hitro izbolj\u0161ajte svojo teko\u010dnost","robots":{"index":"index","follow":"follow","max-snippet":"max-snippet:-1","max-image-preview":"max-image-preview:large","max-video-preview":"max-video-preview:-1"},"canonical":"https:\/\/talkpal.ai\/sl\/kazahstanska-slovnica\/","og_locale":"sl_SI","og_type":"article","og_title":"Kazahstanska slovnica","og_description":"Kazahstanska slovnica: odklepanje skrivnosti kazahstanskega jezika Ko gre za u\u010denje kazahstanskega jezika, je razumevanje osnov kazahstanske slovnice","og_url":"https:\/\/talkpal.ai\/sl\/kazahstanska-slovnica\/","og_site_name":"Talkpal","article_publisher":"https:\/\/www.facebook.com\/profile.php?id=100090733639311","article_modified_time":"2025-12-17T17:18:13+00:00","og_image":[{"width":512,"height":512,"url":"https:\/\/talkpal.ai\/wp-content\/uploads\/2023\/05\/kazakhstan.png","type":"image\/png"}],"twitter_card":"summary_large_image","twitter_site":"@talkpalai","twitter_misc":{"Est. reading time":"2 minuti"},"schema":{"@context":"https:\/\/schema.org","@graph":[{"@type":"WebPage","@id":"https:\/\/talkpal.ai\/sl\/kazahstanska-slovnica\/","url":"https:\/\/talkpal.ai\/sl\/kazahstanska-slovnica\/","name":"Kazahstanska slovnica - Talkpal","isPartOf":{"@id":"https:\/\/talkpal.ai\/sl\/#website"},"primaryImageOfPage":{"@id":"https:\/\/talkpal.ai\/sl\/kazahstanska-slovnica\/#primaryimage"},"image":{"@id":"https:\/\/talkpal.ai\/sl\/kazahstanska-slovnica\/#primaryimage"},"thumbnailUrl":"https:\/\/talkpal.ai\/wp-content\/uploads\/2023\/05\/kazakhstan.png","datePublished":"2023-05-14T14:11:00+00:00","dateModified":"2025-12-17T17:18:13+00:00","description":"Brez te\u017eav osvojite kazahstansko slovnico - nau\u010dite se bistvenih pravil, vadite stav\u010dno strukturo in hitro izbolj\u0161ajte svojo teko\u010dnost","breadcrumb":{"@id":"https:\/\/talkpal.ai\/sl\/kazahstanska-slovnica\/#breadcrumb"},"inLanguage":"sl-SI","potentialAction":[{"@type":"ReadAction","target":["https:\/\/talkpal.ai\/sl\/kazahstanska-slovnica\/"]}]},{"@type":"ImageObject","inLanguage":"sl-SI","@id":"https:\/\/talkpal.ai\/sl\/kazahstanska-slovnica\/#primaryimage","url":"https:\/\/talkpal.ai\/wp-content\/uploads\/2023\/05\/kazakhstan.png","contentUrl":"https:\/\/talkpal.ai\/wp-content\/uploads\/2023\/05\/kazakhstan.png","width":512,"height":512},{"@type":"BreadcrumbList","@id":"https:\/\/talkpal.ai\/sl\/kazahstanska-slovnica\/#breadcrumb","itemListElement":[{"@type":"ListItem","position":1,"name":"Homepage","item":"https:\/\/talkpal.ai\/sl\/"},{"@type":"ListItem","position":2,"name":"Kazahstanska slovnica"}]},{"@type":"WebSite","@id":"https:\/\/talkpal.ai\/sl\/#website","url":"https:\/\/talkpal.ai\/sl\/","name":"Talkpal","description":"AI Language Learning","publisher":{"@id":"https:\/\/talkpal.ai\/sl\/#organization"},"alternateName":"Talkpal AI","potentialAction":[{"@type":"SearchAction","target":{"@type":"EntryPoint","urlTemplate":"https:\/\/talkpal.ai\/sl\/?s={search_term_string}"},"query-input":{"@type":"PropertyValueSpecification","valueRequired":true,"valueName":"search_term_string"}}],"inLanguage":"sl-SI"},{"@type":"Organization","@id":"https:\/\/talkpal.ai\/sl\/#organization","name":"Talkpal, Inc.","alternateName":"Talkpal AI","url":"https:\/\/talkpal.ai\/sl\/","logo":{"@type":"ImageObject","inLanguage":"sl-SI","@id":"https:\/\/talkpal.ai\/sl\/#\/schema\/logo\/image\/","url":"https:\/\/talkpal.ai\/wp-content\/uploads\/2024\/03\/Talkpal-Logo-Icon.png","contentUrl":"https:\/\/talkpal.ai\/wp-content\/uploads\/2024\/03\/Talkpal-Logo-Icon.png","width":2880,"height":2880,"caption":"Talkpal, Inc."},"image":{"@id":"https:\/\/talkpal.ai\/sl\/#\/schema\/logo\/image\/"},"sameAs":["https:\/\/www.facebook.com\/profile.php?id=100090733639311","https:\/\/x.com\/talkpalai","https:\/\/www.linkedin.com\/company\/talkpal\/","https:\/\/www.youtube.com\/@TalkPal\/","https:\/\/www.tiktok.com\/@talkpal","https:\/\/www.instagram.com\/talkpal_ai\/","https:\/\/www.crunchbase.com\/organization\/talkpal-9cde","https:\/\/www.g2.com\/products\/talkpal-for-business\/","https:\/\/www.trustpilot.com\/review\/talkpal.ai","https:\/\/www.capterra.com\/p\/10006800\/TalkPal\/"],"description":"Talkpal is a language learning web and mobile education app, powered by the latest AI technologies, that provides engaging experiences to its customers in many different languages to help them improve their language skills. Users can chat about unlimited amount of topics with the app and use other modes to practice their language learning.","email":"support@talkpal.ai","legalName":"Talkpal, Inc.","foundingDate":"2023-04-03","duns":"118989042","numberOfEmployees":{"@type":"QuantitativeValue","minValue":"11","maxValue":"50"},"publishingPrinciples":"https:\/\/talkpal.ai\/publishing-principles\/","actionableFeedbackPolicy":"https:\/\/talkpal.ai\/actionable-feedback-policy\/","correctionsPolicy":"https:\/\/talkpal.ai\/corrections-policy\/","ethicsPolicy":"https:\/\/talkpal.ai\/ethics-policy\/","diversityPolicy":"https:\/\/talkpal.ai\/diversity-policy\/","diversityStaffingReport":"https:\/\/talkpal.ai\/diversity-policy\/"}]}},"_links":{"self":[{"href":"https:\/\/talkpal.ai\/sl\/wp-json\/wp\/v2\/pages\/146504","targetHints":{"allow":["GET"]}}],"collection":[{"href":"https:\/\/talkpal.ai\/sl\/wp-json\/wp\/v2\/pages"}],"about":[{"href":"https:\/\/talkpal.ai\/sl\/wp-json\/wp\/v2\/types\/page"}],"author":[{"embeddable":true,"href":"https:\/\/talkpal.ai\/sl\/wp-json\/wp\/v2\/users\/1"}],"replies":[{"embeddable":true,"href":"https:\/\/talkpal.ai\/sl\/wp-json\/wp\/v2\/comments?post=146504"}],"version-history":[{"count":0,"href":"https:\/\/talkpal.ai\/sl\/wp-json\/wp\/v2\/pages\/146504\/revisions"}],"wp:featuredmedia":[{"embeddable":true,"href":"https:\/\/talkpal.ai\/sl\/wp-json\/wp\/v2\/media\/114329"}],"wp:attachment":[{"href":"https:\/\/talkpal.ai\/sl\/wp-json\/wp\/v2\/media?parent=146504"}],"curies":[{"name":"wp","href":"https:\/\/api.w.org\/{rel}","templated":true}]}}