{"id":146112,"date":"2023-05-14T14:10:42","date_gmt":"2023-05-14T14:10:42","guid":{"rendered":"http:\/\/talkpal.ai\/litovska-slovnica\/"},"modified":"2025-12-12T10:42:06","modified_gmt":"2025-12-12T10:42:06","slug":"litovska-slovnica","status":"publish","type":"page","link":"https:\/\/talkpal.ai\/sl\/litovska-slovnica\/","title":{"rendered":"Litovska slovnica"},"content":{"rendered":"\r\n\r\n\r\n<section class=\"languageChallengeSection\">\r\n    <div class=\"languageInfoWrapper\">\r\n        \r\n        <h1>Litovska slovnica<\/h1>\r\n        <p>Spoznajte litovsko slovnico in odkrijte enega najstarej\u0161ih in najzanimivej\u0161ih jezikov v Evropi. Spoznajte bistvena pravila in vzorce za gradnjo trdnih jezikovnih temeljev. Potopite se zdaj in za\u010dnite obvladati litov\u0161\u010dino \u0161e danes!<\/p>\r\n\r\n                            <a class=\"getStartedHidden\" href=\"https:\/\/app.talkpal.ai\/sl\/signup?lng=\">Za\u010dni<\/a>\r\n        \r\n    <\/div>\r\n\r\n    <figure>\r\n    <img decoding=\"async\" width=\"768\" height=\"768\" src=\"https:\/\/talkpal.ai\/wp-content\/uploads\/2023\/06\/lithuenian-768x768.png\" class=\"languageImage no-lazy\" alt=\"Language learning for boosting creativity\" fetchpriority=\"high\" sizes=\"(max-width: 768px) 150px, 768px\" srcset=\"https:\/\/talkpal.ai\/wp-content\/uploads\/2023\/06\/lithuenian-768x768.png 768w, https:\/\/talkpal.ai\/wp-content\/uploads\/2023\/06\/lithuenian-300x300.png 300w\" \/>\r\n    \r\n\r\n    <\/figure>\r\n\r\n            <a class=\"getStartedVisible\" href=\"https:\/\/app.talkpal.ai\/sl\/signup?lng=\">Za\u010dni<\/a>\r\n    \r\n<\/section>\r\n<section class=\"promotionalBanner\">\r\n    <p class=\"promotionalText\">Naju\u010dinkovitej\u0161i na\u010din u\u010denja jezika<\/p>\r\n    <a class=\"promotionalLink\" href=\"https:\/\/app.talkpal.ai\/sl\/signup?lng=\">Preizkusite Talkpal brezpla\u010dno<\/a>\r\n<\/section>\n<div class=\"wp-block-group pageContainerStyle\"><div class=\"wp-block-group__inner-container is-layout-constrained wp-block-group-is-layout-constrained\">\n<h2 class=\"wp-block-heading\" id=\"h-lithuanian-grammar-a-fascinating-journey-through-language\">Litovska slovnica: fascinantno potovanje skozi jezik<\/h2>\n\n\n\n<p>Ste \u017ee kdaj razmi\u0161ljali o u\u010denju litov\u0161\u010dine ali pa vas je preprosto pritegnila njena edinstvena <a href=\"https:\/\/talkpal.ai\/grammar\/\">slovnica<\/a>? No, \u010daka vas prava poslastica! <a href=\"https:\/\/talkpal.ai\/lithuanian-grammar\/\">Litovska slovnica<\/a> se sprva morda zdi nenavadna, vendar se ne zmotite \u2013 prikazuje izvrstno jezikovno logiko. V tem \u010dlanku bomo predstavili razli\u010dne vidike litovske slovnice in vam omogo\u010dili, da cenite njen \u010dar.<\/p>\n\n\n\n<p>Prvi\u010d, kratko ozadje: litov\u0161\u010dina je baltski jezik, ki se govori predvsem v Litvi, pojavlja pa se tudi v sosednjih dr\u017eavah. Kot eden najstarej\u0161ih \u017eive\u010dih indoevropskih jezikov ohranja arhai\u010dne zna\u010dilnosti in daje vpogled v razvoj drugih jezikov v jezikovni dru\u017eini. Zaradi tega zgodovinskega pomena je litov\u0161\u010dina \u0161e posebej privla\u010dna za ljubitelje jezikov.<\/p>\n\n\n\n<p>Zdaj se poglobimo v nekatere klju\u010dne vidike litovske slovnice.<\/p>\n\n\n\n<h3 class=\"wp-block-heading\" id=\"h-1-nouns-cases-and-declensions\">1. Samostalniki, primeri in deklinacije<\/h3>\n\n\n\n<p><a href=\"https:\/\/talkpal.ai\/locations\/language-courses-in-ena\/\">Ena<\/a> najpomembnej\u0161ih zna\u010dilnosti litovske slovnice je njen zapleten sistem primerov. Samostalniki imajo razli\u010dne oblike, odvisno od njihove funkcije v stavku in od tega, ali odra\u017eajo predmet, predmet ali prejemnika dejanja. Litov\u0161\u010dina ima sedem primerov: nominativni, genitivni, dativni, akuzativni, instrumentalni, locativni in vokativni.<\/p>\n\n\n\n<p>Vzemimo za primer samostalnik &#8220;vaikas&#8221; (otrok). Glede na vlogo, ki jo ima v stavku, se lahko spremeni v &#8220;vaiko&#8221;, &#8220;vaikui&#8221;, &#8220;vaik\u0105&#8221; itd. Poleg tega na kon\u010dnice vpliva tudi spol samostalnika (mo\u0161ki ali \u017eenski), poleg tega pa se delijo na sklanjatve, zaradi \u010desar je jezik \u0161e bolj vsestranski.<\/p>\n\n\n\n<h3 class=\"wp-block-heading\" id=\"h-2-verb-conjugation-and-tenses\">2. Konjugacija glagolov in \u010dasi<\/h3>\n\n\n\n<p>Litovski glagoli spreminjajo svoje kon\u010dnice glede na osebo in \u0161tevilo (ednino ali mno\u017eino) subjekta. Na primer glagol &#8220;eiti&#8221; (iti) lahko med drugim postane &#8220;einu&#8221; (grem), &#8220;einate&#8221; (gre\u0161), &#8220;eina&#8221; (gredo) in druge oblike.<\/p>\n\n\n\n<p>Litov\u0161\u010dina ima \u0161tiri glavne \u010dase: sedanjost, preteklost, preteklo iterativnost in prihodnost. Zanimivo je, da ima jezik tudi oznake vidikov: popolne in nepopolne. Ti ozna\u010devalci zagotavljajo dodatne informacije o tem, ali je dejanje dokon\u010dano ali v teku. Na primer &#8220;ne\u0161ti&#8221; (nositi &#8211; imperfektiv) v primerjavi z &#8220;nat&#8221; (nositi &#8211; perfektiv).<\/p>\n\n\n\n<h3 class=\"wp-block-heading\" id=\"h-3-sentence-structure-and-word-order\">3. Struktura stavkov in vrstni red besed<\/h3>\n\n\n\n<p>\u010ceprav litov\u0161\u010dina na splo\u0161no sledi vrstnemu redu besed SVO (subjekt-glagol-predmet), njen sistem primerov omogo\u010da precej\u0161njo prilagodljivost. V nasprotju z angle\u0161\u010dino, kjer besedni red obi\u010dajno dolo\u010da pomen stavka, premikanje besed v litov\u0161\u010dini ne spreminja pomena. Na primer, &#8220;kat\u0117 valgo \u017euv\u012f&#8221; (ma\u010dka poje ribo) je lahko tudi &#8220;\u017euv\u012f valgo kat\u0117&#8221;, ne da bi izgubil ali spremenil svoj pomen.<\/p>\n\n\n\n<p>Ta prilagodljivost vam omogo\u010da, da se igrate s strukturo stavkov, poudarite dolo\u010dene elemente ali ustvarite nianse, ko postanete bolj usposobljeni za jezik.<\/p>\n\n\n\n<h3 class=\"wp-block-heading\" id=\"h-4-adjectives-adverbs-and-agreement-rules\">4. Pridevniki, prislovi in pravila dogovora<\/h3>\n\n\n\n<p>Tako kot mnogi drugi <a href=\"https:\/\/talkpal.ai\/what-language-is-spoken-on-the-international-space-station\/\">jeziki<\/a> tudi pridevniki in prislovi v litov\u0161\u010dini opisujejo samostalnike in glagole, vendar upo\u0161tevajo tudi posebna pravila sporazuma. Zlasti se morajo pridevniki ujemati s samostalnikom, ki ga spreminjajo v primeru, spolu in \u0161tevilu. Ko boste razumeli samostalni\u0161ke primere in glagolske konjugacije, bodo ta pravila bolj naravna.<\/p>\n\n\n\n<p>Ste se torej pripravljeni potopiti v litovsko slovnico? Z vztrajnostjo, predanostjo in ustreznimi viri je u\u010denje litov\u0161\u010dine \u2013 bogate z zgodovino in kulturno dedi\u0161\u010dino \u2013 izjemno koristna izku\u0161nja. Lotite se jezika korak za korakom, vadite dosledno in ostanite odprti za u\u010denje iz svojih napak. S\u0117km\u0117s! (Sre\u010dno!)<\/p>\n<\/div><\/div>\n\r\n<section class=\"learnNavigationSection\">\r\n            \r\n        <a href=\"https:\/\/talkpal.ai\/sl\/naucite-se-litovscine\/\">\r\n            <div class=\"learnNavigationWrapper\">\r\n                <div class=\"learnNavigationContent\">\r\n                    <img decoding=\"async\" src=\"https:\/\/talkpal.ai\/wp-content\/uploads\/2024\/08\/Lithuanian.jpg\" alt=\"Lithuanian Flag\">\r\n                    <div>\r\n                        <h4>O u\u010denju litov\u0161\u010dine<\/h4>\r\n                        <p>Izvedite vse o litovski slovnici.<\/p>\r\n                    <\/div>\r\n                <\/div>\r\n            <\/div>\r\n        <\/a>\r\n\r\n        \r\n        <a href=\"https:\/\/talkpal.ai\/sl\/litovske-slovnicne-vaje\/\">\r\n            <div class=\"learnNavigationWrapper\">\r\n                <div class=\"learnNavigationContent\">\r\n                    <img decoding=\"async\" src=\"https:\/\/talkpal.ai\/wp-content\/uploads\/2024\/08\/Lithuanian.jpg\" alt=\"Lithuanian Flag\">\r\n                    <div>\r\n                        <h4>Vaja iz litovske slovnice<\/h4>\r\n                        <p>Vadite litovsko slovnico.<\/p>\r\n                    <\/div>\r\n                <\/div>\r\n            <\/div>\r\n        <\/a>\r\n\r\n        \r\n        <a href=\"https:\/\/talkpal.ai\/vocabulary_language\/lithuanian\/\">\r\n            <div class=\"learnNavigationWrapper\">\r\n                <div class=\"learnNavigationContent\">\r\n                    <img decoding=\"async\" src=\"https:\/\/talkpal.ai\/wp-content\/uploads\/2024\/08\/Lithuanian.jpg\" alt=\"Lithuanian Flag\">\r\n                    <div>\r\n                        <h4>Litvanski besednjak<\/h4>\r\n                        <p>Raz\u0161irite svoj litovski besedni zaklad.<\/p>\r\n                    <\/div>\r\n                <\/div>\r\n            <\/div>\r\n        <\/a>\r\n\r\n            <\/section>","protected":false},"excerpt":{"rendered":"<p>Litovska slovnica: fascinantno potovanje skozi jezik Ste \u017ee kdaj razmi\u0161ljali o u\u010denju litov\u0161\u010dine ali pa vas je preprosto pritegnila njena edinstvena slovnica? No, \u010daka vas prava poslastica! Litovska slovnica se sprva morda zdi nenavadna, vendar se ne zmotite \u2013 prikazuje izvrstno jezikovno logiko. V tem \u010dlanku bomo predstavili razli\u010dne vidike litovske slovnice in vam omogo\u010dili, [&hellip;]<\/p>\n","protected":false},"author":1,"featured_media":114829,"parent":0,"menu_order":0,"comment_status":"closed","ping_status":"closed","template":"LearningContentPage.php","meta":{"_acf_changed":false,"footnotes":""},"class_list":["post-146112","page","type-page","status-publish","has-post-thumbnail","hentry"],"acf":[],"yoast_head":"<!-- This site is optimized with the Yoast SEO Premium plugin v27.2 (Yoast SEO v27.2) - https:\/\/yoast.com\/product\/yoast-seo-premium-wordpress\/ -->\n<title>Litovska slovnica - Talkpal<\/title>\n<meta name=\"description\" content=\"Odkrijte, kako litovska slovnica odra\u017ea zgodovinsko bogastvo in logiko, zaradi \u010desar je odli\u010dna \u0161tudija za ljubitelje jezikov.\" \/>\n<meta name=\"robots\" content=\"index, follow, max-snippet:-1, max-image-preview:large, max-video-preview:-1\" \/>\n<link rel=\"canonical\" href=\"https:\/\/talkpal.ai\/sl\/litovska-slovnica\/\" \/>\n<meta property=\"og:locale\" content=\"sl_SI\" \/>\n<meta property=\"og:type\" content=\"article\" \/>\n<meta property=\"og:title\" content=\"Litovska slovnica\" \/>\n<meta property=\"og:description\" content=\"Litovska slovnica: fascinantno potovanje skozi jezik Ste \u017ee kdaj razmi\u0161ljali o u\u010denju litov\u0161\u010dine ali pa vas je preprosto pritegnila njena edinstvena\" \/>\n<meta property=\"og:url\" content=\"https:\/\/talkpal.ai\/sl\/litovska-slovnica\/\" \/>\n<meta property=\"og:site_name\" content=\"Talkpal\" \/>\n<meta property=\"article:publisher\" content=\"https:\/\/www.facebook.com\/profile.php?id=100090733639311\" \/>\n<meta property=\"article:modified_time\" content=\"2025-12-12T10:42:06+00:00\" \/>\n<meta property=\"og:image\" content=\"https:\/\/talkpal.ai\/wp-content\/uploads\/2023\/05\/Lithuanian.png\" \/>\n\t<meta property=\"og:image:width\" content=\"512\" \/>\n\t<meta property=\"og:image:height\" content=\"512\" \/>\n\t<meta property=\"og:image:type\" content=\"image\/png\" \/>\n<meta name=\"twitter:card\" content=\"summary_large_image\" \/>\n<meta name=\"twitter:site\" content=\"@talkpalai\" \/>\n<meta name=\"twitter:label1\" content=\"Est. reading time\" \/>\n\t<meta name=\"twitter:data1\" content=\"3 minute\" \/>\n<script type=\"application\/ld+json\" class=\"yoast-schema-graph\">{\"@context\":\"https:\/\/schema.org\",\"@graph\":[{\"@type\":\"WebPage\",\"@id\":\"https:\/\/talkpal.ai\/sl\/litovska-slovnica\/\",\"url\":\"https:\/\/talkpal.ai\/sl\/litovska-slovnica\/\",\"name\":\"Litovska slovnica - Talkpal\",\"isPartOf\":{\"@id\":\"https:\/\/talkpal.ai\/sl\/#website\"},\"primaryImageOfPage\":{\"@id\":\"https:\/\/talkpal.ai\/sl\/litovska-slovnica\/#primaryimage\"},\"image\":{\"@id\":\"https:\/\/talkpal.ai\/sl\/litovska-slovnica\/#primaryimage\"},\"thumbnailUrl\":\"https:\/\/talkpal.ai\/wp-content\/uploads\/2023\/05\/Lithuanian.png\",\"datePublished\":\"2023-05-14T14:10:42+00:00\",\"dateModified\":\"2025-12-12T10:42:06+00:00\",\"description\":\"Odkrijte, kako litovska slovnica odra\u017ea zgodovinsko bogastvo in logiko, zaradi \u010desar je odli\u010dna \u0161tudija za ljubitelje jezikov.\",\"breadcrumb\":{\"@id\":\"https:\/\/talkpal.ai\/sl\/litovska-slovnica\/#breadcrumb\"},\"inLanguage\":\"sl-SI\",\"potentialAction\":[{\"@type\":\"ReadAction\",\"target\":[\"https:\/\/talkpal.ai\/sl\/litovska-slovnica\/\"]}]},{\"@type\":\"ImageObject\",\"inLanguage\":\"sl-SI\",\"@id\":\"https:\/\/talkpal.ai\/sl\/litovska-slovnica\/#primaryimage\",\"url\":\"https:\/\/talkpal.ai\/wp-content\/uploads\/2023\/05\/Lithuanian.png\",\"contentUrl\":\"https:\/\/talkpal.ai\/wp-content\/uploads\/2023\/05\/Lithuanian.png\",\"width\":512,\"height\":512},{\"@type\":\"BreadcrumbList\",\"@id\":\"https:\/\/talkpal.ai\/sl\/litovska-slovnica\/#breadcrumb\",\"itemListElement\":[{\"@type\":\"ListItem\",\"position\":1,\"name\":\"Homepage\",\"item\":\"https:\/\/talkpal.ai\/sl\/\"},{\"@type\":\"ListItem\",\"position\":2,\"name\":\"Litovska slovnica\"}]},{\"@type\":\"WebSite\",\"@id\":\"https:\/\/talkpal.ai\/sl\/#website\",\"url\":\"https:\/\/talkpal.ai\/sl\/\",\"name\":\"Talkpal\",\"description\":\"AI Language Learning\",\"publisher\":{\"@id\":\"https:\/\/talkpal.ai\/sl\/#organization\"},\"alternateName\":\"Talkpal AI\",\"potentialAction\":[{\"@type\":\"SearchAction\",\"target\":{\"@type\":\"EntryPoint\",\"urlTemplate\":\"https:\/\/talkpal.ai\/sl\/?s={search_term_string}\"},\"query-input\":{\"@type\":\"PropertyValueSpecification\",\"valueRequired\":true,\"valueName\":\"search_term_string\"}}],\"inLanguage\":\"sl-SI\"},{\"@type\":\"Organization\",\"@id\":\"https:\/\/talkpal.ai\/sl\/#organization\",\"name\":\"Talkpal, Inc.\",\"alternateName\":\"Talkpal AI\",\"url\":\"https:\/\/talkpal.ai\/sl\/\",\"logo\":{\"@type\":\"ImageObject\",\"inLanguage\":\"sl-SI\",\"@id\":\"https:\/\/talkpal.ai\/sl\/#\/schema\/logo\/image\/\",\"url\":\"https:\/\/talkpal.ai\/wp-content\/uploads\/2024\/03\/Talkpal-Logo-Icon.png\",\"contentUrl\":\"https:\/\/talkpal.ai\/wp-content\/uploads\/2024\/03\/Talkpal-Logo-Icon.png\",\"width\":2880,\"height\":2880,\"caption\":\"Talkpal, Inc.\"},\"image\":{\"@id\":\"https:\/\/talkpal.ai\/sl\/#\/schema\/logo\/image\/\"},\"sameAs\":[\"https:\/\/www.facebook.com\/profile.php?id=100090733639311\",\"https:\/\/x.com\/talkpalai\",\"https:\/\/www.linkedin.com\/company\/talkpal\/\",\"https:\/\/www.youtube.com\/@TalkPal\/\",\"https:\/\/www.tiktok.com\/@talkpal\",\"https:\/\/www.instagram.com\/talkpal_ai\/\",\"https:\/\/www.crunchbase.com\/organization\/talkpal-9cde\",\"https:\/\/www.g2.com\/products\/talkpal-for-business\/\",\"https:\/\/www.trustpilot.com\/review\/talkpal.ai\",\"https:\/\/www.capterra.com\/p\/10006800\/TalkPal\/\"],\"description\":\"Talkpal is a language learning web and mobile education app, powered by the latest AI technologies, that provides engaging experiences to its customers in many different languages to help them improve their language skills. Users can chat about unlimited amount of topics with the app and use other modes to practice their language learning.\",\"email\":\"support@talkpal.ai\",\"legalName\":\"Talkpal, Inc.\",\"foundingDate\":\"2023-04-03\",\"duns\":\"118989042\",\"numberOfEmployees\":{\"@type\":\"QuantitativeValue\",\"minValue\":\"11\",\"maxValue\":\"50\"},\"publishingPrinciples\":\"https:\/\/talkpal.ai\/publishing-principles\/\",\"actionableFeedbackPolicy\":\"https:\/\/talkpal.ai\/actionable-feedback-policy\/\",\"correctionsPolicy\":\"https:\/\/talkpal.ai\/corrections-policy\/\",\"ethicsPolicy\":\"https:\/\/talkpal.ai\/ethics-policy\/\",\"diversityPolicy\":\"https:\/\/talkpal.ai\/diversity-policy\/\",\"diversityStaffingReport\":\"https:\/\/talkpal.ai\/diversity-policy\/\"}]}<\/script>\n<!-- \/ Yoast SEO Premium plugin. -->","yoast_head_json":{"title":"Litovska slovnica - Talkpal","description":"Odkrijte, kako litovska slovnica odra\u017ea zgodovinsko bogastvo in logiko, zaradi \u010desar je odli\u010dna \u0161tudija za ljubitelje jezikov.","robots":{"index":"index","follow":"follow","max-snippet":"max-snippet:-1","max-image-preview":"max-image-preview:large","max-video-preview":"max-video-preview:-1"},"canonical":"https:\/\/talkpal.ai\/sl\/litovska-slovnica\/","og_locale":"sl_SI","og_type":"article","og_title":"Litovska slovnica","og_description":"Litovska slovnica: fascinantno potovanje skozi jezik Ste \u017ee kdaj razmi\u0161ljali o u\u010denju litov\u0161\u010dine ali pa vas je preprosto pritegnila njena edinstvena","og_url":"https:\/\/talkpal.ai\/sl\/litovska-slovnica\/","og_site_name":"Talkpal","article_publisher":"https:\/\/www.facebook.com\/profile.php?id=100090733639311","article_modified_time":"2025-12-12T10:42:06+00:00","og_image":[{"width":512,"height":512,"url":"https:\/\/talkpal.ai\/wp-content\/uploads\/2023\/05\/Lithuanian.png","type":"image\/png"}],"twitter_card":"summary_large_image","twitter_site":"@talkpalai","twitter_misc":{"Est. reading time":"3 minute"},"schema":{"@context":"https:\/\/schema.org","@graph":[{"@type":"WebPage","@id":"https:\/\/talkpal.ai\/sl\/litovska-slovnica\/","url":"https:\/\/talkpal.ai\/sl\/litovska-slovnica\/","name":"Litovska slovnica - Talkpal","isPartOf":{"@id":"https:\/\/talkpal.ai\/sl\/#website"},"primaryImageOfPage":{"@id":"https:\/\/talkpal.ai\/sl\/litovska-slovnica\/#primaryimage"},"image":{"@id":"https:\/\/talkpal.ai\/sl\/litovska-slovnica\/#primaryimage"},"thumbnailUrl":"https:\/\/talkpal.ai\/wp-content\/uploads\/2023\/05\/Lithuanian.png","datePublished":"2023-05-14T14:10:42+00:00","dateModified":"2025-12-12T10:42:06+00:00","description":"Odkrijte, kako litovska slovnica odra\u017ea zgodovinsko bogastvo in logiko, zaradi \u010desar je odli\u010dna \u0161tudija za ljubitelje jezikov.","breadcrumb":{"@id":"https:\/\/talkpal.ai\/sl\/litovska-slovnica\/#breadcrumb"},"inLanguage":"sl-SI","potentialAction":[{"@type":"ReadAction","target":["https:\/\/talkpal.ai\/sl\/litovska-slovnica\/"]}]},{"@type":"ImageObject","inLanguage":"sl-SI","@id":"https:\/\/talkpal.ai\/sl\/litovska-slovnica\/#primaryimage","url":"https:\/\/talkpal.ai\/wp-content\/uploads\/2023\/05\/Lithuanian.png","contentUrl":"https:\/\/talkpal.ai\/wp-content\/uploads\/2023\/05\/Lithuanian.png","width":512,"height":512},{"@type":"BreadcrumbList","@id":"https:\/\/talkpal.ai\/sl\/litovska-slovnica\/#breadcrumb","itemListElement":[{"@type":"ListItem","position":1,"name":"Homepage","item":"https:\/\/talkpal.ai\/sl\/"},{"@type":"ListItem","position":2,"name":"Litovska slovnica"}]},{"@type":"WebSite","@id":"https:\/\/talkpal.ai\/sl\/#website","url":"https:\/\/talkpal.ai\/sl\/","name":"Talkpal","description":"AI Language Learning","publisher":{"@id":"https:\/\/talkpal.ai\/sl\/#organization"},"alternateName":"Talkpal AI","potentialAction":[{"@type":"SearchAction","target":{"@type":"EntryPoint","urlTemplate":"https:\/\/talkpal.ai\/sl\/?s={search_term_string}"},"query-input":{"@type":"PropertyValueSpecification","valueRequired":true,"valueName":"search_term_string"}}],"inLanguage":"sl-SI"},{"@type":"Organization","@id":"https:\/\/talkpal.ai\/sl\/#organization","name":"Talkpal, Inc.","alternateName":"Talkpal AI","url":"https:\/\/talkpal.ai\/sl\/","logo":{"@type":"ImageObject","inLanguage":"sl-SI","@id":"https:\/\/talkpal.ai\/sl\/#\/schema\/logo\/image\/","url":"https:\/\/talkpal.ai\/wp-content\/uploads\/2024\/03\/Talkpal-Logo-Icon.png","contentUrl":"https:\/\/talkpal.ai\/wp-content\/uploads\/2024\/03\/Talkpal-Logo-Icon.png","width":2880,"height":2880,"caption":"Talkpal, Inc."},"image":{"@id":"https:\/\/talkpal.ai\/sl\/#\/schema\/logo\/image\/"},"sameAs":["https:\/\/www.facebook.com\/profile.php?id=100090733639311","https:\/\/x.com\/talkpalai","https:\/\/www.linkedin.com\/company\/talkpal\/","https:\/\/www.youtube.com\/@TalkPal\/","https:\/\/www.tiktok.com\/@talkpal","https:\/\/www.instagram.com\/talkpal_ai\/","https:\/\/www.crunchbase.com\/organization\/talkpal-9cde","https:\/\/www.g2.com\/products\/talkpal-for-business\/","https:\/\/www.trustpilot.com\/review\/talkpal.ai","https:\/\/www.capterra.com\/p\/10006800\/TalkPal\/"],"description":"Talkpal is a language learning web and mobile education app, powered by the latest AI technologies, that provides engaging experiences to its customers in many different languages to help them improve their language skills. Users can chat about unlimited amount of topics with the app and use other modes to practice their language learning.","email":"support@talkpal.ai","legalName":"Talkpal, Inc.","foundingDate":"2023-04-03","duns":"118989042","numberOfEmployees":{"@type":"QuantitativeValue","minValue":"11","maxValue":"50"},"publishingPrinciples":"https:\/\/talkpal.ai\/publishing-principles\/","actionableFeedbackPolicy":"https:\/\/talkpal.ai\/actionable-feedback-policy\/","correctionsPolicy":"https:\/\/talkpal.ai\/corrections-policy\/","ethicsPolicy":"https:\/\/talkpal.ai\/ethics-policy\/","diversityPolicy":"https:\/\/talkpal.ai\/diversity-policy\/","diversityStaffingReport":"https:\/\/talkpal.ai\/diversity-policy\/"}]}},"_links":{"self":[{"href":"https:\/\/talkpal.ai\/sl\/wp-json\/wp\/v2\/pages\/146112","targetHints":{"allow":["GET"]}}],"collection":[{"href":"https:\/\/talkpal.ai\/sl\/wp-json\/wp\/v2\/pages"}],"about":[{"href":"https:\/\/talkpal.ai\/sl\/wp-json\/wp\/v2\/types\/page"}],"author":[{"embeddable":true,"href":"https:\/\/talkpal.ai\/sl\/wp-json\/wp\/v2\/users\/1"}],"replies":[{"embeddable":true,"href":"https:\/\/talkpal.ai\/sl\/wp-json\/wp\/v2\/comments?post=146112"}],"version-history":[{"count":0,"href":"https:\/\/talkpal.ai\/sl\/wp-json\/wp\/v2\/pages\/146112\/revisions"}],"wp:featuredmedia":[{"embeddable":true,"href":"https:\/\/talkpal.ai\/sl\/wp-json\/wp\/v2\/media\/114829"}],"wp:attachment":[{"href":"https:\/\/talkpal.ai\/sl\/wp-json\/wp\/v2\/media?parent=146112"}],"curies":[{"name":"wp","href":"https:\/\/api.w.org\/{rel}","templated":true}]}}