{"id":145868,"date":"2023-05-14T14:10:24","date_gmt":"2023-05-14T14:10:24","guid":{"rendered":"http:\/\/talkpal.ai\/latvijska-slovnica\/"},"modified":"2025-12-17T17:10:51","modified_gmt":"2025-12-17T17:10:51","slug":"latvijska-slovnica","status":"publish","type":"page","link":"https:\/\/talkpal.ai\/sl\/latvijska-slovnica\/","title":{"rendered":"Latvijska slovnica"},"content":{"rendered":"\r\n\r\n\r\n<section class=\"languageChallengeSection\">\r\n    <div class=\"languageInfoWrapper\">\r\n        \r\n        <h1>Latvijska slovnica<\/h1>\r\n        <p>Spoznajte edinstven svet latvijske slovnice in odkrijte lepoto enega najbolj \u017eivahnih jezikov baltske regije. \u010ce boste razumeli njegovo strukturo in pravila, boste pove\u010dali svojo samozavest in komunikacijske spretnosti. Za\u010dnite se u\u010diti latvijske slovnice \u0161e danes in naredite prvi korak k teko\u010demu jeziku!\n\n<\/p>\r\n\r\n                            <a class=\"getStartedHidden\" href=\"https:\/\/app.talkpal.ai\/sl\/signup?lng=\">Za\u010dni<\/a>\r\n        \r\n    <\/div>\r\n\r\n    <figure>\r\n    <img decoding=\"async\" width=\"768\" height=\"768\" src=\"https:\/\/talkpal.ai\/wp-content\/uploads\/2023\/06\/latvian-768x768.png\" class=\"languageImage no-lazy\" alt=\"Language learning to access more cultures\" fetchpriority=\"high\" sizes=\"(max-width: 768px) 150px, 768px\" srcset=\"https:\/\/talkpal.ai\/wp-content\/uploads\/2023\/06\/latvian-768x768.png 768w, https:\/\/talkpal.ai\/wp-content\/uploads\/2023\/06\/latvian-300x300.png 300w\" \/>\r\n    \r\n\r\n    <\/figure>\r\n\r\n            <a class=\"getStartedVisible\" href=\"https:\/\/app.talkpal.ai\/sl\/signup?lng=\">Za\u010dni<\/a>\r\n    \r\n<\/section>\r\n<section class=\"promotionalBanner\">\r\n    <p class=\"promotionalText\">Naju\u010dinkovitej\u0161i na\u010din u\u010denja jezika<\/p>\r\n    <a class=\"promotionalLink\" href=\"https:\/\/app.talkpal.ai\/sl\/signup?lng=\">Preizkusite Talkpal brezpla\u010dno<\/a>\r\n<\/section>\n<div class=\"wp-block-group pageContainerStyle\"><div class=\"wp-block-group__inner-container is-layout-constrained wp-block-group-is-layout-constrained\">\n<h2 class=\"wp-block-heading\" id=\"h-the-ultimate-guide-to-latvian-grammar-navigating-the-intricacies-of-a-unique-language\">Kon\u010dni vodnik po latvijski slovnici: krmarjenje po zapletenosti edinstvenega jezika<\/h2>\n\n\n\n<p><a href=\"https:\/\/talkpal.ai\/latvian-grammar\/\">Latvijska slovnica<\/a>, tako kot jezik sam, predstavlja bogato in fascinantno tapiserijo jezikovnih elementov. <a href=\"https:\/\/talkpal.ai\/learn-latvian\/\">Latvij\u0161\u010dina<\/a> kot baltski jezik navdu\u0161uje u\u010dence s svojimi raznolikimi lastnostmi in izzivi tudi najbolj usposobljene govorce. V tem priro\u010dniku bomo raziskali klju\u010dna na\u010dela latvijske slovnice, razlo\u017eili njene zaplete in vam pomagali na <a href=\"https:\/\/talkpal.ai\/locations\/learn-english-in-poti\/\">poti<\/a> do teko\u010dega znanja tega o\u010darljivega jezika. Za\u010dnimo!<\/p>\n\n\n\n<h3 class=\"wp-block-heading\" id=\"h-the-nuts-and-bolts-latvian-sentence-structure\">Matice in vijaki: latvijska stav\u010dna struktura<\/h3>\n\n\n\n<p>V svojem bistvu je <a href=\"https:\/\/talkpal.ai\/latvian-grammar\/\">latvijska slovnica<\/a> dokaj enostavna. Jezik obi\u010dajno sledi strukturi stavkov Subject-Verb-Object (SVO), podobno kot <a href=\"https:\/\/talkpal.ai\/learn-english-with-ai\/\">angle\u0161\u010dina<\/a> in \u0161tevilni drugi <a href=\"https:\/\/talkpal.ai\/what-language-is-spoken-on-the-international-space-station\/\">jeziki<\/a>. Na primer stavek &#8220;Jem jabolko&#8221; se prevede v &#8220;Es \u0113du \u0101bolu&#8221; (Es \u0113du \u0101bolu). Preprosto, kajne? Vendar pa boste ob poglabljanju spoznali nekaj zanimivih in zna\u010dilnih lastnosti latvijske slovnice.<\/p>\n\n\n\n<h3 class=\"wp-block-heading\" id=\"h-meet-the-family-latvian-nouns-and-their-cases\">Spoznajte dru\u017eino: latvijski samostalniki in njihovi primeri<\/h3>\n\n\n\n<p><a href=\"https:\/\/talkpal.ai\/locations\/language-courses-in-ena\/\">Ena<\/a> najbolj zmedenih zna\u010dilnosti latvijske slovnice za angle\u0161ko govore\u010de je pojem slovni\u010dnih primerov. V latvij\u0161\u010dini je sedem primerov: nominativni, genitivni, dativni, akuzativni, lokativni, instrumentalni in vokativni. Vsak primer ima svojo funkcijo in vpliva na obliko samostalnikov, pridevnikov, zaimkov in v\u010dasih celo glagolov.<\/p>\n\n\n\n<p>Vzemimo na primer besedo &#8220;\u0101bols&#8221; (\u0101bols), ki pomeni &#8220;jabolko&#8221;:<\/p>\n\n\n\n<p><strong>&#8211; Nominativ (uporablja se za predmete): \u0101bols<\/strong><\/p>\n\n\n\n<p><strong>&#8211; Rodilnik (uporablja se za lastnino): \u0101bola .<\/strong><\/p>\n\n\n\n<p><strong>&#8211; Dativ (uporablja se za posredne predmete): \u0101bolam<\/strong><\/p>\n\n\n\n<p><strong>&#8211; Akuzativ (uporablja se za neposredne predmete): \u0101bolu<\/strong><\/p>\n\n\n\n<p><strong>&#8211; Lokativni dele\u017e (uporablja se za lokacijo): \u0101bol\u0101<\/strong><\/p>\n\n\n\n<p><strong>&#8211; Instrumental (uporablja se za sredstvo, s katerim se dejanje izvede): \u0101bolu\/-iem<\/strong><\/p>\n\n\n\n<p><strong>&#8211; Vokativ (uporablja se za naslavljanje nekoga ali ne\u010desa): \u0101bol<\/strong><\/p>\n\n\n\n<p>Te primere je treba poznati, saj lahko bistveno spremenijo pomen stavkov.<\/p>\n\n\n\n<h3 class=\"wp-block-heading\" id=\"h-playing-with-numbers-latvian-plurals-and-genders\">Igranje s \u0161tevilkami: latvijska mno\u017eina in spol<\/h3>\n\n\n\n<p>Pri tvorjenju mno\u017eine v latvijskem jeziku je treba upo\u0161tevati spol samostalnika. V latvij\u0161\u010dini imajo samostalniki dva spola \u2013 mo\u0161kega in \u017eenskega. Spol vpliva na kon\u010dnice samostalnikov, pridevnikov, \u0161tevilk in dolo\u010denih oblik glagolov.<\/p>\n\n\n\n<p>Na splo\u0161no se mo\u0161ki samostalniki v mno\u017einskem nominativnem primeru kon\u010dajo z -i, medtem ko se \u017eenski samostalniki kon\u010dajo z -as. Na primer, &#8220;zirgs&#8221; (zirgs, samostalnik mo\u0161kega spola, ki pomeni &#8220;konj&#8221;) postane &#8220;zirgi&#8221; (zirgi, konji), &#8220;sieviete&#8221; (sieviete, samostalnik \u017eenskega spola, ki pomeni &#8220;\u017eenska&#8221;) pa postane &#8220;\u017eenske&#8221; (\u017eenske, \u017eenske).<\/p>\n\n\n\n<p>Seveda obstajajo tudi izjeme, zato se je treba nau\u010diti samostalnike in njihov spol ter se zavedati nepravilnih mno\u017einskih oblik.<\/p>\n\n\n\n<h3 class=\"wp-block-heading\" id=\"h-the-art-of-conjugation-latvian-verbs\">Umetnost konjugacije: latvijski glagoli<\/h3>\n\n\n\n<p><a href=\"https:\/\/talkpal.ai\/learn-latvian\/\">Latvijski<\/a> glagoli se lahko sprva zdijo zastra\u0161ujo\u010di zaradi \u0161tevilnih \u010dasov, razpolo\u017eenj in spregatev. Vendar pa je klju\u010d do njihovega razumevanja prepoznavanje skupnih vzorcev in redno vadbo.<\/p>\n\n\n\n<p>V latvij\u0161\u010dini so glagoli razdeljeni v tri skupine glede na njihove neskon\u010dne kon\u010dnice, -t, -vezi in -vezi\/-t. Vsaka skupina ima posebna pravila konjugacije. Za primer vzemimo glagol las\u012bt (las\u012bt, &#8220;brati&#8221;):<\/p>\n\n\n\n<p><strong>Sedanji \u010das: Es lasu (Es lasu, &#8220;berem&#8221;)<\/strong><\/p>\n\n\n\n<p><strong>Pretekli \u010das: Es las\u012bju (Es las\u012bju, &#8220;prebral sem&#8221;)<\/strong><\/p>\n\n\n\n<p><strong>Prihodnji \u010das: Es las\u012b\u0161u (Es las\u012b\u0161u, &#8220;Bral bom&#8221;)<\/strong><\/p>\n\n\n\n<p>Kot lahko vidite, se kon\u010dnice spreminjajo glede na \u010das. S tem pa \u0161e nismo niti pribli\u017eno spoznali latvijske glagolske sklanjatve! Vendar <a href=\"https:\/\/talkpal.ai\/talkpal-new-years-discount\/\">naj<\/a> vas to ne odvrne od tega. Z vajo in potrpe\u017eljivostjo boste za\u010deli prepoznavati vzorce in premagali ta izziv.<\/p>\n\n\n\n<h3 class=\"wp-block-heading\" id=\"h-the-finishing-touches-latvian-adjectives-adverbs-and-more\">Zaklju\u010dni dotiki: latvijski pridevniki, prislovi in \u0161e ve\u010d<\/h3>\n\n\n\n<p>Ko gre za latvijske pridevnike in prislove, igrajo klju\u010dno vlogo pri dodajanju globine in kompleksnosti va\u0161emu govoru. Pridevniki se morajo strinjati s samostalniki, ki jih spreminjajo glede na spol in primer, s kon\u010dnicami, ki se ustrezno razlikujejo.<\/p>\n\n\n\n<p>Na primer, &#8220;gar\u0161\u012bgs&#8221; (gar\u0161\u012bgs) pomeni &#8220;okusen&#8221; in ga lahko vidite kot &#8220;gar\u0161\u012bgs \u0101bols&#8221; (gar\u0161\u012bgs \u0101bols, &#8220;okusno jabolko&#8221;) ali &#8220;gar\u0161\u012bga zupa&#8221; (gar\u0161\u012bga zupa, &#8220;okusna juha&#8221;), z razli\u010dnimi kon\u010dnicami za samostalnike mo\u0161kega in \u017eenskega spola.<\/p>\n\n\n\n<p>Prislovi obi\u010dajno sledijo podobnim vzorcem, ki pogosto izhajajo iz pridevnikov. V latvij\u0161\u010dini se ve\u010dina prislovov kon\u010da z -i, kar je enaka obliki mo\u0161kega edninega akuzativa za pridevnike.<\/p>\n\n\n\n<p>Skratka, zapletenost in posebnosti latvijske slovnice so sicer zahtevne, vendar dajejo jeziku o\u010darljivo lepoto in zna\u010daj. S kombinacijo vztrajnosti, radovednosti in prakti\u010dne uporabe boste kmalu z lahkoto in samozavestjo obvladali latvijsko slovnico. Sre\u010dno u\u010denje!<\/p>\n<\/div><\/div>\n\r\n<section class=\"learnNavigationSection\">\r\n            \r\n        <a href=\"https:\/\/talkpal.ai\/sl\/naucite-se-latvijskega-jezika\/\">\r\n            <div class=\"learnNavigationWrapper\">\r\n                <div class=\"learnNavigationContent\">\r\n                    <img decoding=\"async\" src=\"https:\/\/talkpal.ai\/wp-content\/uploads\/2024\/08\/Latvian.jpg\" alt=\"Latvian Flag\">\r\n                    <div>\r\n                        <h4>O u\u010denju latvij\u0161\u010dine<\/h4>\r\n                        <p>Izvedite vse o latvijski slovnici.<\/p>\r\n                    <\/div>\r\n                <\/div>\r\n            <\/div>\r\n        <\/a>\r\n\r\n        \r\n        <a href=\"https:\/\/talkpal.ai\/sl\/latvijske-slovnicne-vaje\/\">\r\n            <div class=\"learnNavigationWrapper\">\r\n                <div class=\"learnNavigationContent\">\r\n                    <img decoding=\"async\" src=\"https:\/\/talkpal.ai\/wp-content\/uploads\/2024\/08\/Latvian.jpg\" alt=\"Latvian Flag\">\r\n                    <div>\r\n                        <h4>Vaja iz latvijske slovnice<\/h4>\r\n                        <p>Vadite latvijsko slovnico.<\/p>\r\n                    <\/div>\r\n                <\/div>\r\n            <\/div>\r\n        <\/a>\r\n\r\n        \r\n        <a href=\"https:\/\/talkpal.ai\/vocabulary_language\/latvian\/\">\r\n            <div class=\"learnNavigationWrapper\">\r\n                <div class=\"learnNavigationContent\">\r\n                    <img decoding=\"async\" src=\"https:\/\/talkpal.ai\/wp-content\/uploads\/2024\/08\/Latvian.jpg\" alt=\"Latvian Flag\">\r\n                    <div>\r\n                        <h4>Latvijski besednjak<\/h4>\r\n                        <p>Raz\u0161irite svoj latvijski besedni zaklad.<\/p>\r\n                    <\/div>\r\n                <\/div>\r\n            <\/div>\r\n        <\/a>\r\n\r\n            <\/section>","protected":false},"excerpt":{"rendered":"<p>Kon\u010dni vodnik po latvijski slovnici: krmarjenje po zapletenosti edinstvenega jezika Latvijska slovnica, tako kot jezik sam, predstavlja bogato in fascinantno tapiserijo jezikovnih elementov. Latvij\u0161\u010dina kot baltski jezik navdu\u0161uje u\u010dence s svojimi raznolikimi lastnostmi in izzivi tudi najbolj usposobljene govorce. V tem priro\u010dniku bomo raziskali klju\u010dna na\u010dela latvijske slovnice, razlo\u017eili njene zaplete in vam pomagali na [&hellip;]<\/p>\n","protected":false},"author":1,"featured_media":114660,"parent":0,"menu_order":0,"comment_status":"closed","ping_status":"closed","template":"LearningContentPage.php","meta":{"_acf_changed":false,"footnotes":""},"class_list":["post-145868","page","type-page","status-publish","has-post-thumbnail","hentry"],"acf":[],"yoast_head":"<!-- This site is optimized with the Yoast SEO Premium plugin v27.2 (Yoast SEO v27.2) - https:\/\/yoast.com\/product\/yoast-seo-premium-wordpress\/ -->\n<title>Latvijska slovnica - Talkpal<\/title>\n<meta name=\"description\" content=\"Samozavestno obvladajte latvijsko slovnico - nau\u010dite se pravil, vadite uporabo in zlahka pove\u010dajte jezikovno natan\u010dnost z Talkpalprilagojenim vodenjem umetne inteligence.\" \/>\n<meta name=\"robots\" content=\"index, follow, max-snippet:-1, max-image-preview:large, max-video-preview:-1\" \/>\n<link rel=\"canonical\" href=\"https:\/\/talkpal.ai\/sl\/latvijska-slovnica\/\" \/>\n<meta property=\"og:locale\" content=\"sl_SI\" \/>\n<meta property=\"og:type\" content=\"article\" \/>\n<meta property=\"og:title\" content=\"Latvijska slovnica\" \/>\n<meta property=\"og:description\" content=\"Kon\u010dni vodnik po latvijski slovnici: krmarjenje po zapletenosti edinstvenega jezika Latvijska slovnica, tako kot jezik sam, predstavlja bogato in\" \/>\n<meta property=\"og:url\" content=\"https:\/\/talkpal.ai\/sl\/latvijska-slovnica\/\" \/>\n<meta property=\"og:site_name\" content=\"Talkpal\" \/>\n<meta property=\"article:publisher\" content=\"https:\/\/www.facebook.com\/profile.php?id=100090733639311\" \/>\n<meta property=\"article:modified_time\" content=\"2025-12-17T17:10:51+00:00\" \/>\n<meta property=\"og:image\" content=\"https:\/\/talkpal.ai\/wp-content\/uploads\/2023\/05\/latvia.png\" \/>\n\t<meta property=\"og:image:width\" content=\"512\" \/>\n\t<meta property=\"og:image:height\" content=\"512\" \/>\n\t<meta property=\"og:image:type\" content=\"image\/png\" \/>\n<meta name=\"twitter:card\" content=\"summary_large_image\" \/>\n<meta name=\"twitter:site\" content=\"@talkpalai\" \/>\n<meta name=\"twitter:label1\" content=\"Est. reading time\" \/>\n\t<meta name=\"twitter:data1\" content=\"3 minute\" \/>\n<script type=\"application\/ld+json\" class=\"yoast-schema-graph\">{\"@context\":\"https:\/\/schema.org\",\"@graph\":[{\"@type\":\"WebPage\",\"@id\":\"https:\/\/talkpal.ai\/sl\/latvijska-slovnica\/\",\"url\":\"https:\/\/talkpal.ai\/sl\/latvijska-slovnica\/\",\"name\":\"Latvijska slovnica - Talkpal\",\"isPartOf\":{\"@id\":\"https:\/\/talkpal.ai\/sl\/#website\"},\"primaryImageOfPage\":{\"@id\":\"https:\/\/talkpal.ai\/sl\/latvijska-slovnica\/#primaryimage\"},\"image\":{\"@id\":\"https:\/\/talkpal.ai\/sl\/latvijska-slovnica\/#primaryimage\"},\"thumbnailUrl\":\"https:\/\/talkpal.ai\/wp-content\/uploads\/2023\/05\/latvia.png\",\"datePublished\":\"2023-05-14T14:10:24+00:00\",\"dateModified\":\"2025-12-17T17:10:51+00:00\",\"description\":\"Samozavestno obvladajte latvijsko slovnico - nau\u010dite se pravil, vadite uporabo in zlahka pove\u010dajte jezikovno natan\u010dnost z Talkpalprilagojenim vodenjem umetne inteligence.\",\"breadcrumb\":{\"@id\":\"https:\/\/talkpal.ai\/sl\/latvijska-slovnica\/#breadcrumb\"},\"inLanguage\":\"sl-SI\",\"potentialAction\":[{\"@type\":\"ReadAction\",\"target\":[\"https:\/\/talkpal.ai\/sl\/latvijska-slovnica\/\"]}]},{\"@type\":\"ImageObject\",\"inLanguage\":\"sl-SI\",\"@id\":\"https:\/\/talkpal.ai\/sl\/latvijska-slovnica\/#primaryimage\",\"url\":\"https:\/\/talkpal.ai\/wp-content\/uploads\/2023\/05\/latvia.png\",\"contentUrl\":\"https:\/\/talkpal.ai\/wp-content\/uploads\/2023\/05\/latvia.png\",\"width\":512,\"height\":512},{\"@type\":\"BreadcrumbList\",\"@id\":\"https:\/\/talkpal.ai\/sl\/latvijska-slovnica\/#breadcrumb\",\"itemListElement\":[{\"@type\":\"ListItem\",\"position\":1,\"name\":\"Homepage\",\"item\":\"https:\/\/talkpal.ai\/sl\/\"},{\"@type\":\"ListItem\",\"position\":2,\"name\":\"Latvijska slovnica\"}]},{\"@type\":\"WebSite\",\"@id\":\"https:\/\/talkpal.ai\/sl\/#website\",\"url\":\"https:\/\/talkpal.ai\/sl\/\",\"name\":\"Talkpal\",\"description\":\"AI Language Learning\",\"publisher\":{\"@id\":\"https:\/\/talkpal.ai\/sl\/#organization\"},\"alternateName\":\"Talkpal AI\",\"potentialAction\":[{\"@type\":\"SearchAction\",\"target\":{\"@type\":\"EntryPoint\",\"urlTemplate\":\"https:\/\/talkpal.ai\/sl\/?s={search_term_string}\"},\"query-input\":{\"@type\":\"PropertyValueSpecification\",\"valueRequired\":true,\"valueName\":\"search_term_string\"}}],\"inLanguage\":\"sl-SI\"},{\"@type\":\"Organization\",\"@id\":\"https:\/\/talkpal.ai\/sl\/#organization\",\"name\":\"Talkpal, Inc.\",\"alternateName\":\"Talkpal AI\",\"url\":\"https:\/\/talkpal.ai\/sl\/\",\"logo\":{\"@type\":\"ImageObject\",\"inLanguage\":\"sl-SI\",\"@id\":\"https:\/\/talkpal.ai\/sl\/#\/schema\/logo\/image\/\",\"url\":\"https:\/\/talkpal.ai\/wp-content\/uploads\/2024\/03\/Talkpal-Logo-Icon.png\",\"contentUrl\":\"https:\/\/talkpal.ai\/wp-content\/uploads\/2024\/03\/Talkpal-Logo-Icon.png\",\"width\":2880,\"height\":2880,\"caption\":\"Talkpal, Inc.\"},\"image\":{\"@id\":\"https:\/\/talkpal.ai\/sl\/#\/schema\/logo\/image\/\"},\"sameAs\":[\"https:\/\/www.facebook.com\/profile.php?id=100090733639311\",\"https:\/\/x.com\/talkpalai\",\"https:\/\/www.linkedin.com\/company\/talkpal\/\",\"https:\/\/www.youtube.com\/@TalkPal\/\",\"https:\/\/www.tiktok.com\/@talkpal\",\"https:\/\/www.instagram.com\/talkpal_ai\/\",\"https:\/\/www.crunchbase.com\/organization\/talkpal-9cde\",\"https:\/\/www.g2.com\/products\/talkpal-for-business\/\",\"https:\/\/www.trustpilot.com\/review\/talkpal.ai\",\"https:\/\/www.capterra.com\/p\/10006800\/TalkPal\/\"],\"description\":\"Talkpal is a language learning web and mobile education app, powered by the latest AI technologies, that provides engaging experiences to its customers in many different languages to help them improve their language skills. Users can chat about unlimited amount of topics with the app and use other modes to practice their language learning.\",\"email\":\"support@talkpal.ai\",\"legalName\":\"Talkpal, Inc.\",\"foundingDate\":\"2023-04-03\",\"duns\":\"118989042\",\"numberOfEmployees\":{\"@type\":\"QuantitativeValue\",\"minValue\":\"11\",\"maxValue\":\"50\"},\"publishingPrinciples\":\"https:\/\/talkpal.ai\/publishing-principles\/\",\"actionableFeedbackPolicy\":\"https:\/\/talkpal.ai\/actionable-feedback-policy\/\",\"correctionsPolicy\":\"https:\/\/talkpal.ai\/corrections-policy\/\",\"ethicsPolicy\":\"https:\/\/talkpal.ai\/ethics-policy\/\",\"diversityPolicy\":\"https:\/\/talkpal.ai\/diversity-policy\/\",\"diversityStaffingReport\":\"https:\/\/talkpal.ai\/diversity-policy\/\"}]}<\/script>\n<!-- \/ Yoast SEO Premium plugin. -->","yoast_head_json":{"title":"Latvijska slovnica - Talkpal","description":"Samozavestno obvladajte latvijsko slovnico - nau\u010dite se pravil, vadite uporabo in zlahka pove\u010dajte jezikovno natan\u010dnost z Talkpalprilagojenim vodenjem umetne inteligence.","robots":{"index":"index","follow":"follow","max-snippet":"max-snippet:-1","max-image-preview":"max-image-preview:large","max-video-preview":"max-video-preview:-1"},"canonical":"https:\/\/talkpal.ai\/sl\/latvijska-slovnica\/","og_locale":"sl_SI","og_type":"article","og_title":"Latvijska slovnica","og_description":"Kon\u010dni vodnik po latvijski slovnici: krmarjenje po zapletenosti edinstvenega jezika Latvijska slovnica, tako kot jezik sam, predstavlja bogato in","og_url":"https:\/\/talkpal.ai\/sl\/latvijska-slovnica\/","og_site_name":"Talkpal","article_publisher":"https:\/\/www.facebook.com\/profile.php?id=100090733639311","article_modified_time":"2025-12-17T17:10:51+00:00","og_image":[{"width":512,"height":512,"url":"https:\/\/talkpal.ai\/wp-content\/uploads\/2023\/05\/latvia.png","type":"image\/png"}],"twitter_card":"summary_large_image","twitter_site":"@talkpalai","twitter_misc":{"Est. reading time":"3 minute"},"schema":{"@context":"https:\/\/schema.org","@graph":[{"@type":"WebPage","@id":"https:\/\/talkpal.ai\/sl\/latvijska-slovnica\/","url":"https:\/\/talkpal.ai\/sl\/latvijska-slovnica\/","name":"Latvijska slovnica - Talkpal","isPartOf":{"@id":"https:\/\/talkpal.ai\/sl\/#website"},"primaryImageOfPage":{"@id":"https:\/\/talkpal.ai\/sl\/latvijska-slovnica\/#primaryimage"},"image":{"@id":"https:\/\/talkpal.ai\/sl\/latvijska-slovnica\/#primaryimage"},"thumbnailUrl":"https:\/\/talkpal.ai\/wp-content\/uploads\/2023\/05\/latvia.png","datePublished":"2023-05-14T14:10:24+00:00","dateModified":"2025-12-17T17:10:51+00:00","description":"Samozavestno obvladajte latvijsko slovnico - nau\u010dite se pravil, vadite uporabo in zlahka pove\u010dajte jezikovno natan\u010dnost z Talkpalprilagojenim vodenjem umetne inteligence.","breadcrumb":{"@id":"https:\/\/talkpal.ai\/sl\/latvijska-slovnica\/#breadcrumb"},"inLanguage":"sl-SI","potentialAction":[{"@type":"ReadAction","target":["https:\/\/talkpal.ai\/sl\/latvijska-slovnica\/"]}]},{"@type":"ImageObject","inLanguage":"sl-SI","@id":"https:\/\/talkpal.ai\/sl\/latvijska-slovnica\/#primaryimage","url":"https:\/\/talkpal.ai\/wp-content\/uploads\/2023\/05\/latvia.png","contentUrl":"https:\/\/talkpal.ai\/wp-content\/uploads\/2023\/05\/latvia.png","width":512,"height":512},{"@type":"BreadcrumbList","@id":"https:\/\/talkpal.ai\/sl\/latvijska-slovnica\/#breadcrumb","itemListElement":[{"@type":"ListItem","position":1,"name":"Homepage","item":"https:\/\/talkpal.ai\/sl\/"},{"@type":"ListItem","position":2,"name":"Latvijska slovnica"}]},{"@type":"WebSite","@id":"https:\/\/talkpal.ai\/sl\/#website","url":"https:\/\/talkpal.ai\/sl\/","name":"Talkpal","description":"AI Language Learning","publisher":{"@id":"https:\/\/talkpal.ai\/sl\/#organization"},"alternateName":"Talkpal AI","potentialAction":[{"@type":"SearchAction","target":{"@type":"EntryPoint","urlTemplate":"https:\/\/talkpal.ai\/sl\/?s={search_term_string}"},"query-input":{"@type":"PropertyValueSpecification","valueRequired":true,"valueName":"search_term_string"}}],"inLanguage":"sl-SI"},{"@type":"Organization","@id":"https:\/\/talkpal.ai\/sl\/#organization","name":"Talkpal, Inc.","alternateName":"Talkpal AI","url":"https:\/\/talkpal.ai\/sl\/","logo":{"@type":"ImageObject","inLanguage":"sl-SI","@id":"https:\/\/talkpal.ai\/sl\/#\/schema\/logo\/image\/","url":"https:\/\/talkpal.ai\/wp-content\/uploads\/2024\/03\/Talkpal-Logo-Icon.png","contentUrl":"https:\/\/talkpal.ai\/wp-content\/uploads\/2024\/03\/Talkpal-Logo-Icon.png","width":2880,"height":2880,"caption":"Talkpal, Inc."},"image":{"@id":"https:\/\/talkpal.ai\/sl\/#\/schema\/logo\/image\/"},"sameAs":["https:\/\/www.facebook.com\/profile.php?id=100090733639311","https:\/\/x.com\/talkpalai","https:\/\/www.linkedin.com\/company\/talkpal\/","https:\/\/www.youtube.com\/@TalkPal\/","https:\/\/www.tiktok.com\/@talkpal","https:\/\/www.instagram.com\/talkpal_ai\/","https:\/\/www.crunchbase.com\/organization\/talkpal-9cde","https:\/\/www.g2.com\/products\/talkpal-for-business\/","https:\/\/www.trustpilot.com\/review\/talkpal.ai","https:\/\/www.capterra.com\/p\/10006800\/TalkPal\/"],"description":"Talkpal is a language learning web and mobile education app, powered by the latest AI technologies, that provides engaging experiences to its customers in many different languages to help them improve their language skills. Users can chat about unlimited amount of topics with the app and use other modes to practice their language learning.","email":"support@talkpal.ai","legalName":"Talkpal, Inc.","foundingDate":"2023-04-03","duns":"118989042","numberOfEmployees":{"@type":"QuantitativeValue","minValue":"11","maxValue":"50"},"publishingPrinciples":"https:\/\/talkpal.ai\/publishing-principles\/","actionableFeedbackPolicy":"https:\/\/talkpal.ai\/actionable-feedback-policy\/","correctionsPolicy":"https:\/\/talkpal.ai\/corrections-policy\/","ethicsPolicy":"https:\/\/talkpal.ai\/ethics-policy\/","diversityPolicy":"https:\/\/talkpal.ai\/diversity-policy\/","diversityStaffingReport":"https:\/\/talkpal.ai\/diversity-policy\/"}]}},"_links":{"self":[{"href":"https:\/\/talkpal.ai\/sl\/wp-json\/wp\/v2\/pages\/145868","targetHints":{"allow":["GET"]}}],"collection":[{"href":"https:\/\/talkpal.ai\/sl\/wp-json\/wp\/v2\/pages"}],"about":[{"href":"https:\/\/talkpal.ai\/sl\/wp-json\/wp\/v2\/types\/page"}],"author":[{"embeddable":true,"href":"https:\/\/talkpal.ai\/sl\/wp-json\/wp\/v2\/users\/1"}],"replies":[{"embeddable":true,"href":"https:\/\/talkpal.ai\/sl\/wp-json\/wp\/v2\/comments?post=145868"}],"version-history":[{"count":0,"href":"https:\/\/talkpal.ai\/sl\/wp-json\/wp\/v2\/pages\/145868\/revisions"}],"wp:featuredmedia":[{"embeddable":true,"href":"https:\/\/talkpal.ai\/sl\/wp-json\/wp\/v2\/media\/114660"}],"wp:attachment":[{"href":"https:\/\/talkpal.ai\/sl\/wp-json\/wp\/v2\/media?parent=145868"}],"curies":[{"name":"wp","href":"https:\/\/api.w.org\/{rel}","templated":true}]}}